{"id":41784,"date":"2018-09-06T13:33:42","date_gmt":"2022-02-09T05:39:26","guid":{"rendered":"https:\/\/old.holyland-olivewood.com\/product\/kuolleenmeren-vartalon-kuorinta-kiivi-400g-d123\/"},"modified":"2022-02-09T05:39:26","modified_gmt":"2022-02-09T05:39:26","slug":"kuollut-meri-ruumis-kuorinta-kiivi-400g-d123","status":"publish","type":"product","link":"https:\/\/old.holyland-olivewood.com\/fi\/tuote\/kuollut-meri-ruumis-kuorinta-kiivi-400g-d123\/","title":{"rendered":"Kuolleenmeren vartalon kuorinta &#8211; Kiivi (400g) #D123"},"content":{"rendered":"<p>Kuolleen meren ruumiiden kuorinta<\/p>\n","protected":false},"excerpt":{"rendered":"<p><strong>Kuolleenmeren vartalon kuorinta &#8211; Kiivi (400g)<\/strong><\/p>\n<p>T\u00e4m\u00e4 luonnollinen vartalokuorinta on valmistettu mineraalipitoisesta Kuolleenmeren suolasta, joka on rikastettu vehn\u00e4nalkio\u00f6ljyll\u00e4, jojoba\u00f6ljyll\u00e4, oliivi\u00f6ljyll\u00e4, avokado\u00f6ljyll\u00e4, parafiini\u00f6ljyll\u00e4, orgaanisella auringonkukka\u00f6ljyll\u00e4, ryp\u00e4leensiemen\u00f6ljyll\u00e4, E-vitamiinilla ja ruusuuutteella.<\/p>\n<p>T\u00e4m\u00e4 vitamiinien, kivenn\u00e4isaineiden ja antioksidanttien regeneratiivinen yhdistelm\u00e4 parantaa verenkiertoa, v\u00e4hent\u00e4\u00e4 selluliittia, kosteuttaa ja lievitt\u00e4\u00e4 iho-olosuhteita, kuten psoriaasia, ekseemaa ja ihottumaa.<\/p>\n<p><strong>Ohjeet:<\/strong> Hiero kuorintaa ihoon py\u00f6re\u00e4ll\u00e4 liikkeell\u00e4, kunnes iho on kyll\u00e4stetty \u00f6ljyill\u00e4\u00e4n. Erityisen kuivat ja\/tai vaurioituneet hieronta-alueet pest\u00e4\u00e4n vedell\u00e4 ilman saippuaa. Optimaalisten tulosten saavuttamiseksi toista t\u00e4m\u00e4 prosessi 2-3 kertaa viikossa.<\/p>\n<p><strong>M\u00e4\u00e4r\u00e4 :<\/strong> 400 grammaa<\/p>\n","protected":false},"featured_media":51890,"template":"","meta":[],"product_brand":[],"product_cat":[1678,2656],"product_tag":[2664,2666,2660,2658,2668,2662],"class_list":{"0":"post-41784","1":"product","2":"type-product","3":"status-publish","4":"has-post-thumbnail","6":"product_cat-sekalainen","7":"product_cat-kuolleenmeren-tuotteet","8":"product_tag-kerma","9":"product_tag-kuolleen-meren-ruumiiden-kuorinta","10":"product_tag-kuolleenmeren-mineraalisuola","11":"product_tag-kuolleenmeren-muta","12":"product_tag-mineraalisuola","13":"product_tag-musta-muta-soab","15":"first","16":"outofstock","17":"shipping-taxable","18":"purchasable","19":"product-type-simple"},"yoast_head":"<!-- This site is optimized with the Yoast SEO plugin v24.8.1 - https:\/\/yoast.com\/wordpress\/plugins\/seo\/ -->\n<title>Kuolleenmeren vartalon kuorinta - Kiivi (400g) #D123 - Holy Land Olive Wood - Bethlehem Olive Wood Factory<\/title>\n<meta name=\"description\" content=\"Kuolleen meren ruumiskuorinta ( kuollut meri muta, kuolleenmeren mineraalisuola ) Musta muta soab , kerma, kuolleen meren vartalon kuorinta, muta, mineraalisuola, Holy Land Olive Woodista.\" \/>\n<meta name=\"robots\" content=\"index, follow, max-snippet:-1, max-image-preview:large, max-video-preview:-1\" \/>\n<link rel=\"canonical\" href=\"https:\/\/old.holyland-olivewood.com\/fi\/tuote\/kuollut-meri-ruumis-kuorinta-kiivi-400g-d123\/\" \/>\n<meta property=\"og:locale\" content=\"fi_FI\" \/>\n<meta property=\"og:type\" content=\"article\" \/>\n<meta property=\"og:title\" content=\"Kuolleenmeren vartalon kuorinta - Kiivi (400g) #D123 - Holy Land Olive Wood - Bethlehem Olive Wood Factory\" \/>\n<meta property=\"og:description\" content=\"Kuolleen meren ruumiskuorinta ( kuollut meri muta, kuolleenmeren mineraalisuola ) Musta muta soab , kerma, kuolleen meren vartalon kuorinta, muta, mineraalisuola, Holy Land Olive Woodista.\" \/>\n<meta property=\"og:url\" content=\"https:\/\/old.holyland-olivewood.com\/fi\/tuote\/kuollut-meri-ruumis-kuorinta-kiivi-400g-d123\/\" \/>\n<meta property=\"og:site_name\" content=\"Holy Land Olive Wood - Bethlehem Olive Wood Factory\" \/>\n<meta property=\"article:publisher\" content=\"https:\/\/www.facebook.com\/holylandolivewood.bethlehem\/\" \/>\n<meta property=\"og:image\" content=\"https:\/\/old.holyland-olivewood.com\/wp-content\/uploads\/2018\/09\/dead_sea_product_d123.jpg\" \/>\n\t<meta property=\"og:image:width\" content=\"1550\" \/>\n\t<meta property=\"og:image:height\" content=\"1200\" \/>\n\t<meta property=\"og:image:type\" content=\"image\/jpeg\" \/>\n<meta name=\"twitter:card\" content=\"summary_large_image\" \/>\n<script type=\"application\/ld+json\" class=\"yoast-schema-graph\">{\"@context\":\"https:\/\/schema.org\",\"@graph\":[{\"@type\":\"WebPage\",\"@id\":\"https:\/\/old.holyland-olivewood.com\/fi\/tuote\/kuollut-meri-ruumis-kuorinta-kiivi-400g-d123\/\",\"url\":\"https:\/\/old.holyland-olivewood.com\/fi\/tuote\/kuollut-meri-ruumis-kuorinta-kiivi-400g-d123\/\",\"name\":\"Kuolleenmeren vartalon kuorinta - Kiivi (400g) #D123 - Holy Land Olive Wood - Bethlehem Olive Wood Factory\",\"isPartOf\":{\"@id\":\"https:\/\/old.holyland-olivewood.com\/fi\/#website\"},\"primaryImageOfPage\":{\"@id\":\"https:\/\/old.holyland-olivewood.com\/fi\/tuote\/kuollut-meri-ruumis-kuorinta-kiivi-400g-d123\/#primaryimage\"},\"image\":{\"@id\":\"https:\/\/old.holyland-olivewood.com\/fi\/tuote\/kuollut-meri-ruumis-kuorinta-kiivi-400g-d123\/#primaryimage\"},\"thumbnailUrl\":\"https:\/\/old.holyland-olivewood.com\/wp-content\/uploads\/2018\/09\/dead_sea_product_d123.jpg\",\"datePublished\":\"2022-02-09T05:39:26+00:00\",\"description\":\"Kuolleen meren ruumiskuorinta ( kuollut meri muta, kuolleenmeren mineraalisuola ) Musta muta soab , kerma, kuolleen meren vartalon kuorinta, muta, mineraalisuola, Holy Land Olive Woodista.\",\"breadcrumb\":{\"@id\":\"https:\/\/old.holyland-olivewood.com\/fi\/tuote\/kuollut-meri-ruumis-kuorinta-kiivi-400g-d123\/#breadcrumb\"},\"inLanguage\":\"fi\",\"potentialAction\":[{\"@type\":\"ReadAction\",\"target\":[\"https:\/\/old.holyland-olivewood.com\/fi\/tuote\/kuollut-meri-ruumis-kuorinta-kiivi-400g-d123\/\"]}]},{\"@type\":\"ImageObject\",\"inLanguage\":\"fi\",\"@id\":\"https:\/\/old.holyland-olivewood.com\/fi\/tuote\/kuollut-meri-ruumis-kuorinta-kiivi-400g-d123\/#primaryimage\",\"url\":\"https:\/\/old.holyland-olivewood.com\/wp-content\/uploads\/2018\/09\/dead_sea_product_d123.jpg\",\"contentUrl\":\"https:\/\/old.holyland-olivewood.com\/wp-content\/uploads\/2018\/09\/dead_sea_product_d123.jpg\",\"width\":1550,\"height\":1200},{\"@type\":\"BreadcrumbList\",\"@id\":\"https:\/\/old.holyland-olivewood.com\/fi\/tuote\/kuollut-meri-ruumis-kuorinta-kiivi-400g-d123\/#breadcrumb\",\"itemListElement\":[{\"@type\":\"ListItem\",\"position\":1,\"name\":\"Home\",\"item\":\"https:\/\/old.holyland-olivewood.com\/fi\/\"},{\"@type\":\"ListItem\",\"position\":2,\"name\":\"Shop\",\"item\":\"https:\/\/old.holyland-olivewood.com\/fi\/shop\/\"},{\"@type\":\"ListItem\",\"position\":3,\"name\":\"Kuolleenmeren vartalon kuorinta &#8211; Kiivi (400g) #D123\"}]},{\"@type\":\"WebSite\",\"@id\":\"https:\/\/old.holyland-olivewood.com\/fi\/#website\",\"url\":\"https:\/\/old.holyland-olivewood.com\/fi\/\",\"name\":\"Holy Land Olive Wood - Bethlehem Olive Wood Factory\",\"description\":\"Holy Land Olivewood Bethlehem\",\"publisher\":{\"@id\":\"https:\/\/old.holyland-olivewood.com\/fi\/#organization\"},\"potentialAction\":[{\"@type\":\"SearchAction\",\"target\":{\"@type\":\"EntryPoint\",\"urlTemplate\":\"https:\/\/old.holyland-olivewood.com\/fi\/?s={search_term_string}\"},\"query-input\":{\"@type\":\"PropertyValueSpecification\",\"valueRequired\":true,\"valueName\":\"search_term_string\"}}],\"inLanguage\":\"fi\"},{\"@type\":\"Organization\",\"@id\":\"https:\/\/old.holyland-olivewood.com\/fi\/#organization\",\"name\":\"Holy Land Olivewood\",\"url\":\"https:\/\/old.holyland-olivewood.com\/fi\/\",\"logo\":{\"@type\":\"ImageObject\",\"inLanguage\":\"fi\",\"@id\":\"https:\/\/old.holyland-olivewood.com\/fi\/#\/schema\/logo\/image\/\",\"url\":\"\",\"contentUrl\":\"\",\"caption\":\"Holy Land Olivewood\"},\"image\":{\"@id\":\"https:\/\/old.holyland-olivewood.com\/fi\/#\/schema\/logo\/image\/\"},\"sameAs\":[\"https:\/\/www.facebook.com\/holylandolivewood.bethlehem\/\",\"http:\/\/instagram.com\/holy.land.olive.wood\"]}]}<\/script>\n<!-- \/ Yoast SEO plugin. -->","yoast_head_json":{"title":"Kuolleenmeren vartalon kuorinta - Kiivi (400g) #D123 - Holy Land Olive Wood - Bethlehem Olive Wood Factory","description":"Kuolleen meren ruumiskuorinta ( kuollut meri muta, kuolleenmeren mineraalisuola ) Musta muta soab , kerma, kuolleen meren vartalon kuorinta, muta, mineraalisuola, Holy Land Olive Woodista.","robots":{"index":"index","follow":"follow","max-snippet":"max-snippet:-1","max-image-preview":"max-image-preview:large","max-video-preview":"max-video-preview:-1"},"canonical":"https:\/\/old.holyland-olivewood.com\/fi\/tuote\/kuollut-meri-ruumis-kuorinta-kiivi-400g-d123\/","og_locale":"fi_FI","og_type":"article","og_title":"Kuolleenmeren vartalon kuorinta - Kiivi (400g) #D123 - Holy Land Olive Wood - Bethlehem Olive Wood Factory","og_description":"Kuolleen meren ruumiskuorinta ( kuollut meri muta, kuolleenmeren mineraalisuola ) Musta muta soab , kerma, kuolleen meren vartalon kuorinta, muta, mineraalisuola, Holy Land Olive Woodista.","og_url":"https:\/\/old.holyland-olivewood.com\/fi\/tuote\/kuollut-meri-ruumis-kuorinta-kiivi-400g-d123\/","og_site_name":"Holy Land Olive Wood - Bethlehem Olive Wood Factory","article_publisher":"https:\/\/www.facebook.com\/holylandolivewood.bethlehem\/","og_image":[{"width":1550,"height":1200,"url":"https:\/\/old.holyland-olivewood.com\/wp-content\/uploads\/2018\/09\/dead_sea_product_d123.jpg","type":"image\/jpeg"}],"twitter_card":"summary_large_image","schema":{"@context":"https:\/\/schema.org","@graph":[{"@type":"WebPage","@id":"https:\/\/old.holyland-olivewood.com\/fi\/tuote\/kuollut-meri-ruumis-kuorinta-kiivi-400g-d123\/","url":"https:\/\/old.holyland-olivewood.com\/fi\/tuote\/kuollut-meri-ruumis-kuorinta-kiivi-400g-d123\/","name":"Kuolleenmeren vartalon kuorinta - Kiivi (400g) #D123 - Holy Land Olive Wood - Bethlehem Olive Wood Factory","isPartOf":{"@id":"https:\/\/old.holyland-olivewood.com\/fi\/#website"},"primaryImageOfPage":{"@id":"https:\/\/old.holyland-olivewood.com\/fi\/tuote\/kuollut-meri-ruumis-kuorinta-kiivi-400g-d123\/#primaryimage"},"image":{"@id":"https:\/\/old.holyland-olivewood.com\/fi\/tuote\/kuollut-meri-ruumis-kuorinta-kiivi-400g-d123\/#primaryimage"},"thumbnailUrl":"https:\/\/old.holyland-olivewood.com\/wp-content\/uploads\/2018\/09\/dead_sea_product_d123.jpg","datePublished":"2022-02-09T05:39:26+00:00","description":"Kuolleen meren ruumiskuorinta ( kuollut meri muta, kuolleenmeren mineraalisuola ) Musta muta soab , kerma, kuolleen meren vartalon kuorinta, muta, mineraalisuola, Holy Land Olive Woodista.","breadcrumb":{"@id":"https:\/\/old.holyland-olivewood.com\/fi\/tuote\/kuollut-meri-ruumis-kuorinta-kiivi-400g-d123\/#breadcrumb"},"inLanguage":"fi","potentialAction":[{"@type":"ReadAction","target":["https:\/\/old.holyland-olivewood.com\/fi\/tuote\/kuollut-meri-ruumis-kuorinta-kiivi-400g-d123\/"]}]},{"@type":"ImageObject","inLanguage":"fi","@id":"https:\/\/old.holyland-olivewood.com\/fi\/tuote\/kuollut-meri-ruumis-kuorinta-kiivi-400g-d123\/#primaryimage","url":"https:\/\/old.holyland-olivewood.com\/wp-content\/uploads\/2018\/09\/dead_sea_product_d123.jpg","contentUrl":"https:\/\/old.holyland-olivewood.com\/wp-content\/uploads\/2018\/09\/dead_sea_product_d123.jpg","width":1550,"height":1200},{"@type":"BreadcrumbList","@id":"https:\/\/old.holyland-olivewood.com\/fi\/tuote\/kuollut-meri-ruumis-kuorinta-kiivi-400g-d123\/#breadcrumb","itemListElement":[{"@type":"ListItem","position":1,"name":"Home","item":"https:\/\/old.holyland-olivewood.com\/fi\/"},{"@type":"ListItem","position":2,"name":"Shop","item":"https:\/\/old.holyland-olivewood.com\/fi\/shop\/"},{"@type":"ListItem","position":3,"name":"Kuolleenmeren vartalon kuorinta &#8211; Kiivi (400g) #D123"}]},{"@type":"WebSite","@id":"https:\/\/old.holyland-olivewood.com\/fi\/#website","url":"https:\/\/old.holyland-olivewood.com\/fi\/","name":"Holy Land Olive Wood - Bethlehem Olive Wood Factory","description":"Holy Land Olivewood Bethlehem","publisher":{"@id":"https:\/\/old.holyland-olivewood.com\/fi\/#organization"},"potentialAction":[{"@type":"SearchAction","target":{"@type":"EntryPoint","urlTemplate":"https:\/\/old.holyland-olivewood.com\/fi\/?s={search_term_string}"},"query-input":{"@type":"PropertyValueSpecification","valueRequired":true,"valueName":"search_term_string"}}],"inLanguage":"fi"},{"@type":"Organization","@id":"https:\/\/old.holyland-olivewood.com\/fi\/#organization","name":"Holy Land Olivewood","url":"https:\/\/old.holyland-olivewood.com\/fi\/","logo":{"@type":"ImageObject","inLanguage":"fi","@id":"https:\/\/old.holyland-olivewood.com\/fi\/#\/schema\/logo\/image\/","url":"","contentUrl":"","caption":"Holy Land Olivewood"},"image":{"@id":"https:\/\/old.holyland-olivewood.com\/fi\/#\/schema\/logo\/image\/"},"sameAs":["https:\/\/www.facebook.com\/holylandolivewood.bethlehem\/","http:\/\/instagram.com\/holy.land.olive.wood"]}]}},"_links":{"self":[{"href":"https:\/\/old.holyland-olivewood.com\/fi\/wp-json\/wp\/v2\/product\/41784","targetHints":{"allow":["GET"]}}],"collection":[{"href":"https:\/\/old.holyland-olivewood.com\/fi\/wp-json\/wp\/v2\/product"}],"about":[{"href":"https:\/\/old.holyland-olivewood.com\/fi\/wp-json\/wp\/v2\/types\/product"}],"wp:featuredmedia":[{"embeddable":true,"href":"https:\/\/old.holyland-olivewood.com\/fi\/wp-json\/wp\/v2\/media\/51890"}],"wp:attachment":[{"href":"https:\/\/old.holyland-olivewood.com\/fi\/wp-json\/wp\/v2\/media?parent=41784"}],"wp:term":[{"taxonomy":"product_brand","embeddable":true,"href":"https:\/\/old.holyland-olivewood.com\/fi\/wp-json\/wp\/v2\/product_brand?post=41784"},{"taxonomy":"product_cat","embeddable":true,"href":"https:\/\/old.holyland-olivewood.com\/fi\/wp-json\/wp\/v2\/product_cat?post=41784"},{"taxonomy":"product_tag","embeddable":true,"href":"https:\/\/old.holyland-olivewood.com\/fi\/wp-json\/wp\/v2\/product_tag?post=41784"}],"curies":[{"name":"wp","href":"https:\/\/api.w.org\/{rel}","templated":true}]}}