{"id":41377,"date":"2019-05-20T11:28:12","date_gmt":"2022-02-08T19:40:49","guid":{"rendered":"https:\/\/old.holyland-olivewood.com\/product\/oliivipuu-jerusalem-cross-avaimenpera-4-cm-15-ke112\/"},"modified":"2022-02-08T19:40:49","modified_gmt":"2022-02-08T19:40:49","slug":"oliivi-puu-maa-risti-avaimenpera-4-cm-1-5-ke112","status":"publish","type":"product","link":"https:\/\/old.holyland-olivewood.com\/fi\/tuote\/oliivi-puu-maa-risti-avaimenpera-4-cm-1-5-ke112\/","title":{"rendered":"Oliivipuu Jerusalem Cross Avaimenper\u00e4 (4 cm \/ 1,5&#8243;) #KE112"},"content":{"rendered":"","protected":false},"excerpt":{"rendered":"<p>T\u00e4m\u00e4 kaunis Jerusalem Cross -avaimenper\u00e4 on k\u00e4sintehty Pyh\u00e4ss\u00e4 maassa kest\u00e4v\u00e4sti korjatuista, aidoista Betlehem Olivewoodista. T\u00e4m\u00e4 ainutlaatuinen tyylik\u00e4s k\u00e4sin veistetty ja k\u00e4sintehty oliivipuun avaimenper\u00e4 on valmistettu Holy Land -oliivipuiden parhaista oliivipuun karsinoista. T\u00e4m\u00e4 risti on suunniteltu sopimaan mukavasti k\u00e4mmenellesi ja auttamaan rukouksessa tai meditaatiossa.<\/p>\n<p>T\u00e4m\u00e4 tuote sis\u00e4lt\u00e4\u00e4 aitoustodistuksen, jossa tarkistetaan t\u00e4m\u00e4n tuotteen valmistuksessa k\u00e4ytetyt materiaalit ja tekniikat.<\/p>\n<p>Koko: 4 cm<\/p>\n","protected":false},"featured_media":36350,"template":"","meta":[],"product_brand":[],"product_cat":[1678,2524],"product_tag":[904,791,2188,963,878,913,892,854,2160,848,867,861,997,2183,955,934,929,921,1328,2181,2178,969,2175,819,834,1000,2172,2166,884,797,2163,825,842,2168,1687],"class_list":{"0":"post-41377","1":"product","2":"type-product","3":"status-publish","4":"has-post-thumbnail","6":"product_cat-sekalainen","7":"product_cat-avainnippuja","8":"product_tag-antoi","9":"product_tag-betlehem-fi","10":"product_tag-centerpieces-fi","11":"product_tag-foedselskirken-fi","12":"product_tag-haandlavet-fi","13":"product_tag-haandvaerk-fi","14":"product_tag-heinaekuu","15":"product_tag-hellig-fi","16":"product_tag-helmia","17":"product_tag-jeesus","18":"product_tag-jerusalem-fi","19":"product_tag-jord-fi","20":"product_tag-katolsk-fi","21":"product_tag-keskipiste","22":"product_tag-kirke-fi","23":"product_tag-kors-fi","24":"product_tag-kristen-fi","25":"product_tag-kunsthaandvaerk-fi","26":"product_tag-lahjaa","27":"product_tag-laitteisto","28":"product_tag-lapsi","29":"product_tag-mor-fi","30":"product_tag-nyori","31":"product_tag-oliivi","32":"product_tag-oliventrae-fi","33":"product_tag-ortodoks-fi","34":"product_tag-punoa","35":"product_tag-pyorea","36":"product_tag-rosenkranit","37":"product_tag-rosenkranse-fi","38":"product_tag-soikea","39":"product_tag-trae-fi","40":"product_tag-udskaering-fi","41":"product_tag-veistetty","42":"product_tag-vesi","44":"first","45":"instock","46":"shipping-taxable","47":"purchasable","48":"product-type-variable"},"yoast_head":"<!-- This site is optimized with the Yoast SEO plugin v24.8.1 - https:\/\/yoast.com\/wordpress\/plugins\/seo\/ -->\n<title>Oliivipuu Jerusalem Cross Avaimenper\u00e4 (4 cm \/ 1,5&quot;) #KE112 - Holy Land Olive Wood - Bethlehem Olive Wood Factory<\/title>\n<meta name=\"description\" content=\"Betlehem oliivipuun k\u00e4sity\u00f6t (eli ruusut, soikea, veistetty, py\u00f6re\u00e4t,helmet) kaiverrukset, keskiosat,&amp;raaka-aine vakio- ja mukautetuissa mitoissa.\" \/>\n<meta name=\"robots\" content=\"index, follow, max-snippet:-1, max-image-preview:large, max-video-preview:-1\" \/>\n<link rel=\"canonical\" href=\"https:\/\/old.holyland-olivewood.com\/fi\/tuote\/oliivi-puu-maa-risti-avaimenpera-4-cm-1-5-ke112\/\" \/>\n<meta property=\"og:locale\" content=\"fi_FI\" \/>\n<meta property=\"og:type\" content=\"article\" \/>\n<meta property=\"og:title\" content=\"Oliivipuu Jerusalem Cross Avaimenper\u00e4 (4 cm \/ 1,5&quot;) #KE112 - Holy Land Olive Wood - Bethlehem Olive Wood Factory\" \/>\n<meta property=\"og:description\" content=\"Betlehem oliivipuun k\u00e4sity\u00f6t (eli ruusut, soikea, veistetty, py\u00f6re\u00e4t,helmet) kaiverrukset, keskiosat,&amp;raaka-aine vakio- ja mukautetuissa mitoissa.\" \/>\n<meta property=\"og:url\" content=\"https:\/\/old.holyland-olivewood.com\/fi\/tuote\/oliivi-puu-maa-risti-avaimenpera-4-cm-1-5-ke112\/\" \/>\n<meta property=\"og:site_name\" content=\"Holy Land Olive Wood - Bethlehem Olive Wood Factory\" \/>\n<meta property=\"article:publisher\" content=\"https:\/\/www.facebook.com\/holylandolivewood.bethlehem\/\" \/>\n<meta property=\"og:image\" content=\"https:\/\/old.holyland-olivewood.com\/wp-content\/uploads\/2019\/05\/keychains_holy_land_olive_wood_bethlehem_ke112-2.jpg\" \/>\n\t<meta property=\"og:image:width\" content=\"1550\" \/>\n\t<meta property=\"og:image:height\" content=\"1200\" \/>\n\t<meta property=\"og:image:type\" content=\"image\/jpeg\" \/>\n<meta name=\"twitter:card\" content=\"summary_large_image\" \/>\n<script type=\"application\/ld+json\" class=\"yoast-schema-graph\">{\"@context\":\"https:\/\/schema.org\",\"@graph\":[{\"@type\":\"WebPage\",\"@id\":\"https:\/\/old.holyland-olivewood.com\/fi\/tuote\/oliivi-puu-maa-risti-avaimenpera-4-cm-1-5-ke112\/\",\"url\":\"https:\/\/old.holyland-olivewood.com\/fi\/tuote\/oliivi-puu-maa-risti-avaimenpera-4-cm-1-5-ke112\/\",\"name\":\"Oliivipuu Jerusalem Cross Avaimenper\u00e4 (4 cm \/ 1,5\\\") #KE112 - Holy Land Olive Wood - Bethlehem Olive Wood Factory\",\"isPartOf\":{\"@id\":\"https:\/\/old.holyland-olivewood.com\/fi\/#website\"},\"primaryImageOfPage\":{\"@id\":\"https:\/\/old.holyland-olivewood.com\/fi\/tuote\/oliivi-puu-maa-risti-avaimenpera-4-cm-1-5-ke112\/#primaryimage\"},\"image\":{\"@id\":\"https:\/\/old.holyland-olivewood.com\/fi\/tuote\/oliivi-puu-maa-risti-avaimenpera-4-cm-1-5-ke112\/#primaryimage\"},\"thumbnailUrl\":\"https:\/\/old.holyland-olivewood.com\/wp-content\/uploads\/2019\/05\/keychains_holy_land_olive_wood_bethlehem_ke112-2.jpg\",\"datePublished\":\"2022-02-08T19:40:49+00:00\",\"description\":\"Betlehem oliivipuun k\u00e4sity\u00f6t (eli ruusut, soikea, veistetty, py\u00f6re\u00e4t,helmet) kaiverrukset, keskiosat,&raaka-aine vakio- ja mukautetuissa mitoissa.\",\"breadcrumb\":{\"@id\":\"https:\/\/old.holyland-olivewood.com\/fi\/tuote\/oliivi-puu-maa-risti-avaimenpera-4-cm-1-5-ke112\/#breadcrumb\"},\"inLanguage\":\"fi\",\"potentialAction\":[{\"@type\":\"ReadAction\",\"target\":[\"https:\/\/old.holyland-olivewood.com\/fi\/tuote\/oliivi-puu-maa-risti-avaimenpera-4-cm-1-5-ke112\/\"]}]},{\"@type\":\"ImageObject\",\"inLanguage\":\"fi\",\"@id\":\"https:\/\/old.holyland-olivewood.com\/fi\/tuote\/oliivi-puu-maa-risti-avaimenpera-4-cm-1-5-ke112\/#primaryimage\",\"url\":\"https:\/\/old.holyland-olivewood.com\/wp-content\/uploads\/2019\/05\/keychains_holy_land_olive_wood_bethlehem_ke112-2.jpg\",\"contentUrl\":\"https:\/\/old.holyland-olivewood.com\/wp-content\/uploads\/2019\/05\/keychains_holy_land_olive_wood_bethlehem_ke112-2.jpg\",\"width\":1550,\"height\":1200},{\"@type\":\"BreadcrumbList\",\"@id\":\"https:\/\/old.holyland-olivewood.com\/fi\/tuote\/oliivi-puu-maa-risti-avaimenpera-4-cm-1-5-ke112\/#breadcrumb\",\"itemListElement\":[{\"@type\":\"ListItem\",\"position\":1,\"name\":\"Home\",\"item\":\"https:\/\/old.holyland-olivewood.com\/fi\/\"},{\"@type\":\"ListItem\",\"position\":2,\"name\":\"Shop\",\"item\":\"https:\/\/old.holyland-olivewood.com\/fi\/shop\/\"},{\"@type\":\"ListItem\",\"position\":3,\"name\":\"Oliivipuu Jerusalem Cross Avaimenper\u00e4 (4 cm \/ 1,5&#8243;) #KE112\"}]},{\"@type\":\"WebSite\",\"@id\":\"https:\/\/old.holyland-olivewood.com\/fi\/#website\",\"url\":\"https:\/\/old.holyland-olivewood.com\/fi\/\",\"name\":\"Holy Land Olive Wood - Bethlehem Olive Wood Factory\",\"description\":\"Holy Land Olivewood Bethlehem\",\"publisher\":{\"@id\":\"https:\/\/old.holyland-olivewood.com\/fi\/#organization\"},\"potentialAction\":[{\"@type\":\"SearchAction\",\"target\":{\"@type\":\"EntryPoint\",\"urlTemplate\":\"https:\/\/old.holyland-olivewood.com\/fi\/?s={search_term_string}\"},\"query-input\":{\"@type\":\"PropertyValueSpecification\",\"valueRequired\":true,\"valueName\":\"search_term_string\"}}],\"inLanguage\":\"fi\"},{\"@type\":\"Organization\",\"@id\":\"https:\/\/old.holyland-olivewood.com\/fi\/#organization\",\"name\":\"Holy Land Olivewood\",\"url\":\"https:\/\/old.holyland-olivewood.com\/fi\/\",\"logo\":{\"@type\":\"ImageObject\",\"inLanguage\":\"fi\",\"@id\":\"https:\/\/old.holyland-olivewood.com\/fi\/#\/schema\/logo\/image\/\",\"url\":\"\",\"contentUrl\":\"\",\"caption\":\"Holy Land Olivewood\"},\"image\":{\"@id\":\"https:\/\/old.holyland-olivewood.com\/fi\/#\/schema\/logo\/image\/\"},\"sameAs\":[\"https:\/\/www.facebook.com\/holylandolivewood.bethlehem\/\",\"http:\/\/instagram.com\/holy.land.olive.wood\"]}]}<\/script>\n<!-- \/ Yoast SEO plugin. -->","yoast_head_json":{"title":"Oliivipuu Jerusalem Cross Avaimenper\u00e4 (4 cm \/ 1,5\") #KE112 - Holy Land Olive Wood - Bethlehem Olive Wood Factory","description":"Betlehem oliivipuun k\u00e4sity\u00f6t (eli ruusut, soikea, veistetty, py\u00f6re\u00e4t,helmet) kaiverrukset, keskiosat,&raaka-aine vakio- ja mukautetuissa mitoissa.","robots":{"index":"index","follow":"follow","max-snippet":"max-snippet:-1","max-image-preview":"max-image-preview:large","max-video-preview":"max-video-preview:-1"},"canonical":"https:\/\/old.holyland-olivewood.com\/fi\/tuote\/oliivi-puu-maa-risti-avaimenpera-4-cm-1-5-ke112\/","og_locale":"fi_FI","og_type":"article","og_title":"Oliivipuu Jerusalem Cross Avaimenper\u00e4 (4 cm \/ 1,5\") #KE112 - Holy Land Olive Wood - Bethlehem Olive Wood Factory","og_description":"Betlehem oliivipuun k\u00e4sity\u00f6t (eli ruusut, soikea, veistetty, py\u00f6re\u00e4t,helmet) kaiverrukset, keskiosat,&raaka-aine vakio- ja mukautetuissa mitoissa.","og_url":"https:\/\/old.holyland-olivewood.com\/fi\/tuote\/oliivi-puu-maa-risti-avaimenpera-4-cm-1-5-ke112\/","og_site_name":"Holy Land Olive Wood - Bethlehem Olive Wood Factory","article_publisher":"https:\/\/www.facebook.com\/holylandolivewood.bethlehem\/","og_image":[{"width":1550,"height":1200,"url":"https:\/\/old.holyland-olivewood.com\/wp-content\/uploads\/2019\/05\/keychains_holy_land_olive_wood_bethlehem_ke112-2.jpg","type":"image\/jpeg"}],"twitter_card":"summary_large_image","schema":{"@context":"https:\/\/schema.org","@graph":[{"@type":"WebPage","@id":"https:\/\/old.holyland-olivewood.com\/fi\/tuote\/oliivi-puu-maa-risti-avaimenpera-4-cm-1-5-ke112\/","url":"https:\/\/old.holyland-olivewood.com\/fi\/tuote\/oliivi-puu-maa-risti-avaimenpera-4-cm-1-5-ke112\/","name":"Oliivipuu Jerusalem Cross Avaimenper\u00e4 (4 cm \/ 1,5\") #KE112 - Holy Land Olive Wood - Bethlehem Olive Wood Factory","isPartOf":{"@id":"https:\/\/old.holyland-olivewood.com\/fi\/#website"},"primaryImageOfPage":{"@id":"https:\/\/old.holyland-olivewood.com\/fi\/tuote\/oliivi-puu-maa-risti-avaimenpera-4-cm-1-5-ke112\/#primaryimage"},"image":{"@id":"https:\/\/old.holyland-olivewood.com\/fi\/tuote\/oliivi-puu-maa-risti-avaimenpera-4-cm-1-5-ke112\/#primaryimage"},"thumbnailUrl":"https:\/\/old.holyland-olivewood.com\/wp-content\/uploads\/2019\/05\/keychains_holy_land_olive_wood_bethlehem_ke112-2.jpg","datePublished":"2022-02-08T19:40:49+00:00","description":"Betlehem oliivipuun k\u00e4sity\u00f6t (eli ruusut, soikea, veistetty, py\u00f6re\u00e4t,helmet) kaiverrukset, keskiosat,&raaka-aine vakio- ja mukautetuissa mitoissa.","breadcrumb":{"@id":"https:\/\/old.holyland-olivewood.com\/fi\/tuote\/oliivi-puu-maa-risti-avaimenpera-4-cm-1-5-ke112\/#breadcrumb"},"inLanguage":"fi","potentialAction":[{"@type":"ReadAction","target":["https:\/\/old.holyland-olivewood.com\/fi\/tuote\/oliivi-puu-maa-risti-avaimenpera-4-cm-1-5-ke112\/"]}]},{"@type":"ImageObject","inLanguage":"fi","@id":"https:\/\/old.holyland-olivewood.com\/fi\/tuote\/oliivi-puu-maa-risti-avaimenpera-4-cm-1-5-ke112\/#primaryimage","url":"https:\/\/old.holyland-olivewood.com\/wp-content\/uploads\/2019\/05\/keychains_holy_land_olive_wood_bethlehem_ke112-2.jpg","contentUrl":"https:\/\/old.holyland-olivewood.com\/wp-content\/uploads\/2019\/05\/keychains_holy_land_olive_wood_bethlehem_ke112-2.jpg","width":1550,"height":1200},{"@type":"BreadcrumbList","@id":"https:\/\/old.holyland-olivewood.com\/fi\/tuote\/oliivi-puu-maa-risti-avaimenpera-4-cm-1-5-ke112\/#breadcrumb","itemListElement":[{"@type":"ListItem","position":1,"name":"Home","item":"https:\/\/old.holyland-olivewood.com\/fi\/"},{"@type":"ListItem","position":2,"name":"Shop","item":"https:\/\/old.holyland-olivewood.com\/fi\/shop\/"},{"@type":"ListItem","position":3,"name":"Oliivipuu Jerusalem Cross Avaimenper\u00e4 (4 cm \/ 1,5&#8243;) #KE112"}]},{"@type":"WebSite","@id":"https:\/\/old.holyland-olivewood.com\/fi\/#website","url":"https:\/\/old.holyland-olivewood.com\/fi\/","name":"Holy Land Olive Wood - Bethlehem Olive Wood Factory","description":"Holy Land Olivewood Bethlehem","publisher":{"@id":"https:\/\/old.holyland-olivewood.com\/fi\/#organization"},"potentialAction":[{"@type":"SearchAction","target":{"@type":"EntryPoint","urlTemplate":"https:\/\/old.holyland-olivewood.com\/fi\/?s={search_term_string}"},"query-input":{"@type":"PropertyValueSpecification","valueRequired":true,"valueName":"search_term_string"}}],"inLanguage":"fi"},{"@type":"Organization","@id":"https:\/\/old.holyland-olivewood.com\/fi\/#organization","name":"Holy Land Olivewood","url":"https:\/\/old.holyland-olivewood.com\/fi\/","logo":{"@type":"ImageObject","inLanguage":"fi","@id":"https:\/\/old.holyland-olivewood.com\/fi\/#\/schema\/logo\/image\/","url":"","contentUrl":"","caption":"Holy Land Olivewood"},"image":{"@id":"https:\/\/old.holyland-olivewood.com\/fi\/#\/schema\/logo\/image\/"},"sameAs":["https:\/\/www.facebook.com\/holylandolivewood.bethlehem\/","http:\/\/instagram.com\/holy.land.olive.wood"]}]}},"_links":{"self":[{"href":"https:\/\/old.holyland-olivewood.com\/fi\/wp-json\/wp\/v2\/product\/41377","targetHints":{"allow":["GET"]}}],"collection":[{"href":"https:\/\/old.holyland-olivewood.com\/fi\/wp-json\/wp\/v2\/product"}],"about":[{"href":"https:\/\/old.holyland-olivewood.com\/fi\/wp-json\/wp\/v2\/types\/product"}],"wp:featuredmedia":[{"embeddable":true,"href":"https:\/\/old.holyland-olivewood.com\/fi\/wp-json\/wp\/v2\/media\/36350"}],"wp:attachment":[{"href":"https:\/\/old.holyland-olivewood.com\/fi\/wp-json\/wp\/v2\/media?parent=41377"}],"wp:term":[{"taxonomy":"product_brand","embeddable":true,"href":"https:\/\/old.holyland-olivewood.com\/fi\/wp-json\/wp\/v2\/product_brand?post=41377"},{"taxonomy":"product_cat","embeddable":true,"href":"https:\/\/old.holyland-olivewood.com\/fi\/wp-json\/wp\/v2\/product_cat?post=41377"},{"taxonomy":"product_tag","embeddable":true,"href":"https:\/\/old.holyland-olivewood.com\/fi\/wp-json\/wp\/v2\/product_tag?post=41377"}],"curies":[{"name":"wp","href":"https:\/\/api.w.org\/{rel}","templated":true}]}}