{"id":41261,"date":"2019-06-07T20:05:33","date_gmt":"2022-02-08T14:33:35","guid":{"rendered":"https:\/\/old.holyland-olivewood.com\/product\/oliivipuun-sydamet-kietoutuvat-toisiinsa-ot111\/"},"modified":"2022-02-08T14:33:35","modified_gmt":"2022-02-08T14:33:35","slug":"oliivi-puu-sydamet-toisiinsa-kietoutunut-ot111","status":"publish","type":"product","link":"https:\/\/old.holyland-olivewood.com\/fi\/tuote\/oliivi-puu-sydamet-toisiinsa-kietoutunut-ot111\/","title":{"rendered":"Oliivipuun syd\u00e4met kietoutuvat toisiinsa #OT111"},"content":{"rendered":"","protected":false},"excerpt":{"rendered":"<p>N\u00e4m\u00e4 toisiinsa kietoutuneet syd\u00e4met on k\u00e4sin kaiverrettu Pyh\u00e4\u00e4n maahan kest\u00e4v\u00e4sti korjatuista, aidoista Betlehem Olivewoodista. Puun vilja antaa upean kontrastin ja v\u00e4rj\u00e4ytyy antamaan l\u00e4mpim\u00e4n pehme\u00e4n hehkun ja sile\u00e4n, tyylikk\u00e4\u00e4n viimeistelyn. Valmistettu hienoimisesta oliivipuusta, t\u00e4m\u00e4 olisi rakastava lahja jokaiselle pariskunnalle.<br \/>\nT\u00e4m\u00e4 tuote sis\u00e4lt\u00e4\u00e4 aitoustodistuksen, jossa tarkistetaan t\u00e4m\u00e4n tuotteen valmistuksessa k\u00e4ytetyt materiaalit ja tekniikat.<\/p>\n<p><strong>Syd\u00e4men koko:<\/strong> 6,5 cm<\/p>\n","protected":false},"featured_media":36535,"template":"","meta":[],"product_brand":[],"product_cat":[1678,1679],"product_tag":[977,1721,904,791,963,878,913,892,854,867,4079,1682,861,1702,1333,997,955,934,929,1692,1716,921,1328,819,834,1725,1000,1719,1712,1707,1698,825,842,1687,1723],"class_list":{"0":"post-41261","1":"product","2":"type-product","3":"status-publish","4":"has-post-thumbnail","6":"product_cat-sekalainen","7":"product_cat-muut-kohteet","8":"product_tag-af-fi","9":"product_tag-aito","10":"product_tag-antoi","11":"product_tag-betlehem-fi","12":"product_tag-foedselskirken-fi","13":"product_tag-haandlavet-fi","14":"product_tag-haandvaerk-fi","15":"product_tag-heinaekuu","16":"product_tag-hellig-fi","17":"product_tag-jerusalem-fi","18":"product_tag-jesus-fi","19":"product_tag-joki","20":"product_tag-jord-fi","21":"product_tag-jordania","22":"product_tag-joukko","23":"product_tag-katolsk-fi","24":"product_tag-kirke-fi","25":"product_tag-kors-fi","26":"product_tag-kristen-fi","27":"product_tag-kristus-fi","28":"product_tag-kruunu","29":"product_tag-kunsthaandvaerk-fi","30":"product_tag-lahjaa","31":"product_tag-oliivi","32":"product_tag-oliventrae-fi","33":"product_tag-oljy","34":"product_tag-ortodoks-fi","35":"product_tag-piikkeja","36":"product_tag-siunaus","37":"product_tag-suitsuke","38":"product_tag-sydan","39":"product_tag-trae-fi","40":"product_tag-udskaering-fi","41":"product_tag-vesi","42":"product_tag-voitelu","44":"first","45":"instock","46":"shipping-taxable","47":"purchasable","48":"product-type-simple"},"yoast_head":"<!-- This site is optimized with the Yoast SEO plugin v24.8.1 - https:\/\/yoast.com\/wordpress\/plugins\/seo\/ -->\n<title>Oliivipuun syd\u00e4met kietoutuvat toisiinsa #OT111 - Holy Land Olive Wood - Bethlehem Olive Wood Factory<\/title>\n<meta name=\"description\" content=\"Betlehemin oliivipuun k\u00e4sity\u00f6t (eli oliivi\u00f6ljysaippua , vesi, syd\u00e4n)kyn\u00e4n aihioiden kaiverrukset, oliivipuu,&amp;raaka-aine vakiomitoissa ja mukautetuissa mitoissa\" \/>\n<meta name=\"robots\" content=\"index, follow, max-snippet:-1, max-image-preview:large, max-video-preview:-1\" \/>\n<link rel=\"canonical\" href=\"https:\/\/old.holyland-olivewood.com\/fi\/tuote\/oliivi-puu-sydamet-toisiinsa-kietoutunut-ot111\/\" \/>\n<meta property=\"og:locale\" content=\"fi_FI\" \/>\n<meta property=\"og:type\" content=\"article\" \/>\n<meta property=\"og:title\" content=\"Oliivipuun syd\u00e4met kietoutuvat toisiinsa #OT111 - Holy Land Olive Wood - Bethlehem Olive Wood Factory\" \/>\n<meta property=\"og:description\" content=\"Betlehemin oliivipuun k\u00e4sity\u00f6t (eli oliivi\u00f6ljysaippua , vesi, syd\u00e4n)kyn\u00e4n aihioiden kaiverrukset, oliivipuu,&amp;raaka-aine vakiomitoissa ja mukautetuissa mitoissa\" \/>\n<meta property=\"og:url\" content=\"https:\/\/old.holyland-olivewood.com\/fi\/tuote\/oliivi-puu-sydamet-toisiinsa-kietoutunut-ot111\/\" \/>\n<meta property=\"og:site_name\" content=\"Holy Land Olive Wood - Bethlehem Olive Wood Factory\" \/>\n<meta property=\"article:publisher\" content=\"https:\/\/www.facebook.com\/holylandolivewood.bethlehem\/\" \/>\n<meta property=\"og:image\" content=\"https:\/\/old.holyland-olivewood.com\/wp-content\/uploads\/2019\/06\/oliv_wood_hearts_intertwined_bethlehem_holy_land_ot111_1.jpg\" \/>\n\t<meta property=\"og:image:width\" content=\"1550\" \/>\n\t<meta property=\"og:image:height\" content=\"1200\" \/>\n\t<meta property=\"og:image:type\" content=\"image\/jpeg\" \/>\n<meta name=\"twitter:card\" content=\"summary_large_image\" \/>\n<script type=\"application\/ld+json\" class=\"yoast-schema-graph\">{\"@context\":\"https:\/\/schema.org\",\"@graph\":[{\"@type\":\"WebPage\",\"@id\":\"https:\/\/old.holyland-olivewood.com\/fi\/tuote\/oliivi-puu-sydamet-toisiinsa-kietoutunut-ot111\/\",\"url\":\"https:\/\/old.holyland-olivewood.com\/fi\/tuote\/oliivi-puu-sydamet-toisiinsa-kietoutunut-ot111\/\",\"name\":\"Oliivipuun syd\u00e4met kietoutuvat toisiinsa #OT111 - Holy Land Olive Wood - Bethlehem Olive Wood Factory\",\"isPartOf\":{\"@id\":\"https:\/\/old.holyland-olivewood.com\/fi\/#website\"},\"primaryImageOfPage\":{\"@id\":\"https:\/\/old.holyland-olivewood.com\/fi\/tuote\/oliivi-puu-sydamet-toisiinsa-kietoutunut-ot111\/#primaryimage\"},\"image\":{\"@id\":\"https:\/\/old.holyland-olivewood.com\/fi\/tuote\/oliivi-puu-sydamet-toisiinsa-kietoutunut-ot111\/#primaryimage\"},\"thumbnailUrl\":\"https:\/\/old.holyland-olivewood.com\/wp-content\/uploads\/2019\/06\/oliv_wood_hearts_intertwined_bethlehem_holy_land_ot111_1.jpg\",\"datePublished\":\"2022-02-08T14:33:35+00:00\",\"description\":\"Betlehemin oliivipuun k\u00e4sity\u00f6t (eli oliivi\u00f6ljysaippua , vesi, syd\u00e4n)kyn\u00e4n aihioiden kaiverrukset, oliivipuu,&raaka-aine vakiomitoissa ja mukautetuissa mitoissa\",\"breadcrumb\":{\"@id\":\"https:\/\/old.holyland-olivewood.com\/fi\/tuote\/oliivi-puu-sydamet-toisiinsa-kietoutunut-ot111\/#breadcrumb\"},\"inLanguage\":\"fi\",\"potentialAction\":[{\"@type\":\"ReadAction\",\"target\":[\"https:\/\/old.holyland-olivewood.com\/fi\/tuote\/oliivi-puu-sydamet-toisiinsa-kietoutunut-ot111\/\"]}]},{\"@type\":\"ImageObject\",\"inLanguage\":\"fi\",\"@id\":\"https:\/\/old.holyland-olivewood.com\/fi\/tuote\/oliivi-puu-sydamet-toisiinsa-kietoutunut-ot111\/#primaryimage\",\"url\":\"https:\/\/old.holyland-olivewood.com\/wp-content\/uploads\/2019\/06\/oliv_wood_hearts_intertwined_bethlehem_holy_land_ot111_1.jpg\",\"contentUrl\":\"https:\/\/old.holyland-olivewood.com\/wp-content\/uploads\/2019\/06\/oliv_wood_hearts_intertwined_bethlehem_holy_land_ot111_1.jpg\",\"width\":1550,\"height\":1200},{\"@type\":\"BreadcrumbList\",\"@id\":\"https:\/\/old.holyland-olivewood.com\/fi\/tuote\/oliivi-puu-sydamet-toisiinsa-kietoutunut-ot111\/#breadcrumb\",\"itemListElement\":[{\"@type\":\"ListItem\",\"position\":1,\"name\":\"Home\",\"item\":\"https:\/\/old.holyland-olivewood.com\/fi\/\"},{\"@type\":\"ListItem\",\"position\":2,\"name\":\"Shop\",\"item\":\"https:\/\/old.holyland-olivewood.com\/fi\/shop\/\"},{\"@type\":\"ListItem\",\"position\":3,\"name\":\"Oliivipuun syd\u00e4met kietoutuvat toisiinsa #OT111\"}]},{\"@type\":\"WebSite\",\"@id\":\"https:\/\/old.holyland-olivewood.com\/fi\/#website\",\"url\":\"https:\/\/old.holyland-olivewood.com\/fi\/\",\"name\":\"Holy Land Olive Wood - Bethlehem Olive Wood Factory\",\"description\":\"Holy Land Olivewood Bethlehem\",\"publisher\":{\"@id\":\"https:\/\/old.holyland-olivewood.com\/fi\/#organization\"},\"potentialAction\":[{\"@type\":\"SearchAction\",\"target\":{\"@type\":\"EntryPoint\",\"urlTemplate\":\"https:\/\/old.holyland-olivewood.com\/fi\/?s={search_term_string}\"},\"query-input\":{\"@type\":\"PropertyValueSpecification\",\"valueRequired\":true,\"valueName\":\"search_term_string\"}}],\"inLanguage\":\"fi\"},{\"@type\":\"Organization\",\"@id\":\"https:\/\/old.holyland-olivewood.com\/fi\/#organization\",\"name\":\"Holy Land Olivewood\",\"url\":\"https:\/\/old.holyland-olivewood.com\/fi\/\",\"logo\":{\"@type\":\"ImageObject\",\"inLanguage\":\"fi\",\"@id\":\"https:\/\/old.holyland-olivewood.com\/fi\/#\/schema\/logo\/image\/\",\"url\":\"\",\"contentUrl\":\"\",\"caption\":\"Holy Land Olivewood\"},\"image\":{\"@id\":\"https:\/\/old.holyland-olivewood.com\/fi\/#\/schema\/logo\/image\/\"},\"sameAs\":[\"https:\/\/www.facebook.com\/holylandolivewood.bethlehem\/\",\"http:\/\/instagram.com\/holy.land.olive.wood\"]}]}<\/script>\n<!-- \/ Yoast SEO plugin. -->","yoast_head_json":{"title":"Oliivipuun syd\u00e4met kietoutuvat toisiinsa #OT111 - Holy Land Olive Wood - Bethlehem Olive Wood Factory","description":"Betlehemin oliivipuun k\u00e4sity\u00f6t (eli oliivi\u00f6ljysaippua , vesi, syd\u00e4n)kyn\u00e4n aihioiden kaiverrukset, oliivipuu,&raaka-aine vakiomitoissa ja mukautetuissa mitoissa","robots":{"index":"index","follow":"follow","max-snippet":"max-snippet:-1","max-image-preview":"max-image-preview:large","max-video-preview":"max-video-preview:-1"},"canonical":"https:\/\/old.holyland-olivewood.com\/fi\/tuote\/oliivi-puu-sydamet-toisiinsa-kietoutunut-ot111\/","og_locale":"fi_FI","og_type":"article","og_title":"Oliivipuun syd\u00e4met kietoutuvat toisiinsa #OT111 - Holy Land Olive Wood - Bethlehem Olive Wood Factory","og_description":"Betlehemin oliivipuun k\u00e4sity\u00f6t (eli oliivi\u00f6ljysaippua , vesi, syd\u00e4n)kyn\u00e4n aihioiden kaiverrukset, oliivipuu,&raaka-aine vakiomitoissa ja mukautetuissa mitoissa","og_url":"https:\/\/old.holyland-olivewood.com\/fi\/tuote\/oliivi-puu-sydamet-toisiinsa-kietoutunut-ot111\/","og_site_name":"Holy Land Olive Wood - Bethlehem Olive Wood Factory","article_publisher":"https:\/\/www.facebook.com\/holylandolivewood.bethlehem\/","og_image":[{"width":1550,"height":1200,"url":"https:\/\/old.holyland-olivewood.com\/wp-content\/uploads\/2019\/06\/oliv_wood_hearts_intertwined_bethlehem_holy_land_ot111_1.jpg","type":"image\/jpeg"}],"twitter_card":"summary_large_image","schema":{"@context":"https:\/\/schema.org","@graph":[{"@type":"WebPage","@id":"https:\/\/old.holyland-olivewood.com\/fi\/tuote\/oliivi-puu-sydamet-toisiinsa-kietoutunut-ot111\/","url":"https:\/\/old.holyland-olivewood.com\/fi\/tuote\/oliivi-puu-sydamet-toisiinsa-kietoutunut-ot111\/","name":"Oliivipuun syd\u00e4met kietoutuvat toisiinsa #OT111 - Holy Land Olive Wood - Bethlehem Olive Wood Factory","isPartOf":{"@id":"https:\/\/old.holyland-olivewood.com\/fi\/#website"},"primaryImageOfPage":{"@id":"https:\/\/old.holyland-olivewood.com\/fi\/tuote\/oliivi-puu-sydamet-toisiinsa-kietoutunut-ot111\/#primaryimage"},"image":{"@id":"https:\/\/old.holyland-olivewood.com\/fi\/tuote\/oliivi-puu-sydamet-toisiinsa-kietoutunut-ot111\/#primaryimage"},"thumbnailUrl":"https:\/\/old.holyland-olivewood.com\/wp-content\/uploads\/2019\/06\/oliv_wood_hearts_intertwined_bethlehem_holy_land_ot111_1.jpg","datePublished":"2022-02-08T14:33:35+00:00","description":"Betlehemin oliivipuun k\u00e4sity\u00f6t (eli oliivi\u00f6ljysaippua , vesi, syd\u00e4n)kyn\u00e4n aihioiden kaiverrukset, oliivipuu,&raaka-aine vakiomitoissa ja mukautetuissa mitoissa","breadcrumb":{"@id":"https:\/\/old.holyland-olivewood.com\/fi\/tuote\/oliivi-puu-sydamet-toisiinsa-kietoutunut-ot111\/#breadcrumb"},"inLanguage":"fi","potentialAction":[{"@type":"ReadAction","target":["https:\/\/old.holyland-olivewood.com\/fi\/tuote\/oliivi-puu-sydamet-toisiinsa-kietoutunut-ot111\/"]}]},{"@type":"ImageObject","inLanguage":"fi","@id":"https:\/\/old.holyland-olivewood.com\/fi\/tuote\/oliivi-puu-sydamet-toisiinsa-kietoutunut-ot111\/#primaryimage","url":"https:\/\/old.holyland-olivewood.com\/wp-content\/uploads\/2019\/06\/oliv_wood_hearts_intertwined_bethlehem_holy_land_ot111_1.jpg","contentUrl":"https:\/\/old.holyland-olivewood.com\/wp-content\/uploads\/2019\/06\/oliv_wood_hearts_intertwined_bethlehem_holy_land_ot111_1.jpg","width":1550,"height":1200},{"@type":"BreadcrumbList","@id":"https:\/\/old.holyland-olivewood.com\/fi\/tuote\/oliivi-puu-sydamet-toisiinsa-kietoutunut-ot111\/#breadcrumb","itemListElement":[{"@type":"ListItem","position":1,"name":"Home","item":"https:\/\/old.holyland-olivewood.com\/fi\/"},{"@type":"ListItem","position":2,"name":"Shop","item":"https:\/\/old.holyland-olivewood.com\/fi\/shop\/"},{"@type":"ListItem","position":3,"name":"Oliivipuun syd\u00e4met kietoutuvat toisiinsa #OT111"}]},{"@type":"WebSite","@id":"https:\/\/old.holyland-olivewood.com\/fi\/#website","url":"https:\/\/old.holyland-olivewood.com\/fi\/","name":"Holy Land Olive Wood - Bethlehem Olive Wood Factory","description":"Holy Land Olivewood Bethlehem","publisher":{"@id":"https:\/\/old.holyland-olivewood.com\/fi\/#organization"},"potentialAction":[{"@type":"SearchAction","target":{"@type":"EntryPoint","urlTemplate":"https:\/\/old.holyland-olivewood.com\/fi\/?s={search_term_string}"},"query-input":{"@type":"PropertyValueSpecification","valueRequired":true,"valueName":"search_term_string"}}],"inLanguage":"fi"},{"@type":"Organization","@id":"https:\/\/old.holyland-olivewood.com\/fi\/#organization","name":"Holy Land Olivewood","url":"https:\/\/old.holyland-olivewood.com\/fi\/","logo":{"@type":"ImageObject","inLanguage":"fi","@id":"https:\/\/old.holyland-olivewood.com\/fi\/#\/schema\/logo\/image\/","url":"","contentUrl":"","caption":"Holy Land Olivewood"},"image":{"@id":"https:\/\/old.holyland-olivewood.com\/fi\/#\/schema\/logo\/image\/"},"sameAs":["https:\/\/www.facebook.com\/holylandolivewood.bethlehem\/","http:\/\/instagram.com\/holy.land.olive.wood"]}]}},"_links":{"self":[{"href":"https:\/\/old.holyland-olivewood.com\/fi\/wp-json\/wp\/v2\/product\/41261","targetHints":{"allow":["GET"]}}],"collection":[{"href":"https:\/\/old.holyland-olivewood.com\/fi\/wp-json\/wp\/v2\/product"}],"about":[{"href":"https:\/\/old.holyland-olivewood.com\/fi\/wp-json\/wp\/v2\/types\/product"}],"wp:featuredmedia":[{"embeddable":true,"href":"https:\/\/old.holyland-olivewood.com\/fi\/wp-json\/wp\/v2\/media\/36535"}],"wp:attachment":[{"href":"https:\/\/old.holyland-olivewood.com\/fi\/wp-json\/wp\/v2\/media?parent=41261"}],"wp:term":[{"taxonomy":"product_brand","embeddable":true,"href":"https:\/\/old.holyland-olivewood.com\/fi\/wp-json\/wp\/v2\/product_brand?post=41261"},{"taxonomy":"product_cat","embeddable":true,"href":"https:\/\/old.holyland-olivewood.com\/fi\/wp-json\/wp\/v2\/product_cat?post=41261"},{"taxonomy":"product_tag","embeddable":true,"href":"https:\/\/old.holyland-olivewood.com\/fi\/wp-json\/wp\/v2\/product_tag?post=41261"}],"curies":[{"name":"wp","href":"https:\/\/api.w.org\/{rel}","templated":true}]}}