{"id":40998,"date":"2020-08-31T08:54:02","date_gmt":"2022-02-07T05:09:24","guid":{"rendered":"https:\/\/old.holyland-olivewood.com\/product\/kasintehty-betlehem-mahogany-pen-jalusta-oliivipuupohjalla-kynanpidin-pe132\/"},"modified":"2022-02-07T05:09:24","modified_gmt":"2022-02-07T05:09:24","slug":"kasintehty-jerusalem-puinen-kyna-jalusta-kynanpidin","status":"publish","type":"product","link":"https:\/\/old.holyland-olivewood.com\/fi\/tuote\/kasintehty-jerusalem-puinen-kyna-jalusta-kynanpidin\/","title":{"rendered":"K\u00e4sintehty Betlehem Mahogany Pen -jalusta oliivipuupohjalla, kyn\u00e4npidin #PE132"},"content":{"rendered":"","protected":false},"excerpt":{"rendered":"<p>T\u00e4m\u00e4 kaunis Kyn\u00e4teline on k\u00e4sintehty Pyh\u00e4ss\u00e4 maassa kest\u00e4v\u00e4sti korjatusta, aidosta Mahonkipuusta. T\u00e4m\u00e4 Mahonki-kappale on eritt\u00e4in kiinte\u00e4 ja kest\u00e4v\u00e4. Pinnalla on hieno viimeistely, joka on silkin sile\u00e4 kosketukseen.<\/p>\n<p>T\u00e4m\u00e4 tuote sis\u00e4lt\u00e4\u00e4 aitoustodistuksen, jossa tarkistetaan t\u00e4m\u00e4n tuotteen valmistuksessa k\u00e4ytetyt materiaalit ja tekniikat.<\/p>\n<p>Koko: 5,5 cm x 12,5 cm x 14 cm (2&#8243; x 5&#8243; x 5,1\/2&#8243;)<\/p>\n","protected":false},"featured_media":37611,"template":"","meta":[],"product_brand":[],"product_cat":[786,2410,2404],"product_tag":[791,1492,2415,834,2426,2420],"class_list":{"0":"post-40998","1":"product","2":"type-product","3":"status-publish","4":"has-post-thumbnail","6":"product_cat-kunsthaandvaerk-fi","7":"product_cat-kynat-ja-poytaohjelmat","8":"product_cat-kynan-aihiot","9":"product_tag-betlehem-fi","10":"product_tag-kyna","11":"product_tag-kynat","12":"product_tag-oliventrae-fi","13":"product_tag-puinen-kynanpidin","14":"product_tag-puinen-kynateline","16":"first","17":"instock","18":"shipping-taxable","19":"purchasable","20":"product-type-simple"},"yoast_head":"<!-- This site is optimized with the Yoast SEO plugin v24.8.1 - https:\/\/yoast.com\/wordpress\/plugins\/seo\/ -->\n<title>K\u00e4sintehty Jerusalem puinen kyn\u00e4teline kyn\u00e4npidin<\/title>\n<meta name=\"description\" content=\"Jerusalem Puinen kyn\u00e4teline (eli kyn\u00e4teline) aihiot, kaiverrukset &amp; enemm\u00e4n pyh\u00e4st\u00e4 maasta &amp;raa&#039;at varastot vakio- ja mittasin.\" \/>\n<meta name=\"robots\" content=\"index, follow, max-snippet:-1, max-image-preview:large, max-video-preview:-1\" \/>\n<link rel=\"canonical\" href=\"https:\/\/old.holyland-olivewood.com\/fi\/tuote\/kasintehty-jerusalem-puinen-kyna-jalusta-kynanpidin\/\" \/>\n<meta property=\"og:locale\" content=\"fi_FI\" \/>\n<meta property=\"og:type\" content=\"article\" \/>\n<meta property=\"og:title\" content=\"K\u00e4sintehty Jerusalem puinen kyn\u00e4teline kyn\u00e4npidin\" \/>\n<meta property=\"og:description\" content=\"Jerusalem Puinen kyn\u00e4teline (eli kyn\u00e4teline) aihiot, kaiverrukset &amp; enemm\u00e4n pyh\u00e4st\u00e4 maasta &amp;raa&#039;at varastot vakio- ja mittasin.\" \/>\n<meta property=\"og:url\" content=\"https:\/\/old.holyland-olivewood.com\/fi\/tuote\/kasintehty-jerusalem-puinen-kyna-jalusta-kynanpidin\/\" \/>\n<meta property=\"og:site_name\" content=\"Holy Land Olive Wood - Bethlehem Olive Wood Factory\" \/>\n<meta property=\"article:publisher\" content=\"https:\/\/www.facebook.com\/holylandolivewood.bethlehem\/\" \/>\n<meta property=\"og:image\" content=\"https:\/\/old.holyland-olivewood.com\/wp-content\/uploads\/2020\/08\/Jerusalem_wooden_pen_stand_pen_holde_PE132_1.jpg\" \/>\n\t<meta property=\"og:image:width\" content=\"1550\" \/>\n\t<meta property=\"og:image:height\" content=\"1200\" \/>\n\t<meta property=\"og:image:type\" content=\"image\/jpeg\" \/>\n<meta name=\"twitter:card\" content=\"summary_large_image\" \/>\n<script type=\"application\/ld+json\" class=\"yoast-schema-graph\">{\"@context\":\"https:\/\/schema.org\",\"@graph\":[{\"@type\":\"WebPage\",\"@id\":\"https:\/\/old.holyland-olivewood.com\/fi\/tuote\/kasintehty-jerusalem-puinen-kyna-jalusta-kynanpidin\/\",\"url\":\"https:\/\/old.holyland-olivewood.com\/fi\/tuote\/kasintehty-jerusalem-puinen-kyna-jalusta-kynanpidin\/\",\"name\":\"K\u00e4sintehty Jerusalem puinen kyn\u00e4teline kyn\u00e4npidin\",\"isPartOf\":{\"@id\":\"https:\/\/old.holyland-olivewood.com\/fi\/#website\"},\"primaryImageOfPage\":{\"@id\":\"https:\/\/old.holyland-olivewood.com\/fi\/tuote\/kasintehty-jerusalem-puinen-kyna-jalusta-kynanpidin\/#primaryimage\"},\"image\":{\"@id\":\"https:\/\/old.holyland-olivewood.com\/fi\/tuote\/kasintehty-jerusalem-puinen-kyna-jalusta-kynanpidin\/#primaryimage\"},\"thumbnailUrl\":\"https:\/\/old.holyland-olivewood.com\/wp-content\/uploads\/2020\/08\/Jerusalem_wooden_pen_stand_pen_holde_PE132_1.jpg\",\"datePublished\":\"2022-02-07T05:09:24+00:00\",\"description\":\"Jerusalem Puinen kyn\u00e4teline (eli kyn\u00e4teline) aihiot, kaiverrukset & enemm\u00e4n pyh\u00e4st\u00e4 maasta &raa'at varastot vakio- ja mittasin.\",\"breadcrumb\":{\"@id\":\"https:\/\/old.holyland-olivewood.com\/fi\/tuote\/kasintehty-jerusalem-puinen-kyna-jalusta-kynanpidin\/#breadcrumb\"},\"inLanguage\":\"fi\",\"potentialAction\":[{\"@type\":\"ReadAction\",\"target\":[\"https:\/\/old.holyland-olivewood.com\/fi\/tuote\/kasintehty-jerusalem-puinen-kyna-jalusta-kynanpidin\/\"]}]},{\"@type\":\"ImageObject\",\"inLanguage\":\"fi\",\"@id\":\"https:\/\/old.holyland-olivewood.com\/fi\/tuote\/kasintehty-jerusalem-puinen-kyna-jalusta-kynanpidin\/#primaryimage\",\"url\":\"https:\/\/old.holyland-olivewood.com\/wp-content\/uploads\/2020\/08\/Jerusalem_wooden_pen_stand_pen_holde_PE132_1.jpg\",\"contentUrl\":\"https:\/\/old.holyland-olivewood.com\/wp-content\/uploads\/2020\/08\/Jerusalem_wooden_pen_stand_pen_holde_PE132_1.jpg\",\"width\":1550,\"height\":1200},{\"@type\":\"BreadcrumbList\",\"@id\":\"https:\/\/old.holyland-olivewood.com\/fi\/tuote\/kasintehty-jerusalem-puinen-kyna-jalusta-kynanpidin\/#breadcrumb\",\"itemListElement\":[{\"@type\":\"ListItem\",\"position\":1,\"name\":\"Home\",\"item\":\"https:\/\/old.holyland-olivewood.com\/fi\/\"},{\"@type\":\"ListItem\",\"position\":2,\"name\":\"Shop\",\"item\":\"https:\/\/old.holyland-olivewood.com\/fi\/shop\/\"},{\"@type\":\"ListItem\",\"position\":3,\"name\":\"K\u00e4sintehty Betlehem Mahogany Pen -jalusta oliivipuupohjalla, kyn\u00e4npidin #PE132\"}]},{\"@type\":\"WebSite\",\"@id\":\"https:\/\/old.holyland-olivewood.com\/fi\/#website\",\"url\":\"https:\/\/old.holyland-olivewood.com\/fi\/\",\"name\":\"Holy Land Olive Wood - Bethlehem Olive Wood Factory\",\"description\":\"Holy Land Olivewood Bethlehem\",\"publisher\":{\"@id\":\"https:\/\/old.holyland-olivewood.com\/fi\/#organization\"},\"potentialAction\":[{\"@type\":\"SearchAction\",\"target\":{\"@type\":\"EntryPoint\",\"urlTemplate\":\"https:\/\/old.holyland-olivewood.com\/fi\/?s={search_term_string}\"},\"query-input\":{\"@type\":\"PropertyValueSpecification\",\"valueRequired\":true,\"valueName\":\"search_term_string\"}}],\"inLanguage\":\"fi\"},{\"@type\":\"Organization\",\"@id\":\"https:\/\/old.holyland-olivewood.com\/fi\/#organization\",\"name\":\"Holy Land Olivewood\",\"url\":\"https:\/\/old.holyland-olivewood.com\/fi\/\",\"logo\":{\"@type\":\"ImageObject\",\"inLanguage\":\"fi\",\"@id\":\"https:\/\/old.holyland-olivewood.com\/fi\/#\/schema\/logo\/image\/\",\"url\":\"\",\"contentUrl\":\"\",\"caption\":\"Holy Land Olivewood\"},\"image\":{\"@id\":\"https:\/\/old.holyland-olivewood.com\/fi\/#\/schema\/logo\/image\/\"},\"sameAs\":[\"https:\/\/www.facebook.com\/holylandolivewood.bethlehem\/\",\"http:\/\/instagram.com\/holy.land.olive.wood\"]}]}<\/script>\n<!-- \/ Yoast SEO plugin. -->","yoast_head_json":{"title":"K\u00e4sintehty Jerusalem puinen kyn\u00e4teline kyn\u00e4npidin","description":"Jerusalem Puinen kyn\u00e4teline (eli kyn\u00e4teline) aihiot, kaiverrukset & enemm\u00e4n pyh\u00e4st\u00e4 maasta &raa'at varastot vakio- ja mittasin.","robots":{"index":"index","follow":"follow","max-snippet":"max-snippet:-1","max-image-preview":"max-image-preview:large","max-video-preview":"max-video-preview:-1"},"canonical":"https:\/\/old.holyland-olivewood.com\/fi\/tuote\/kasintehty-jerusalem-puinen-kyna-jalusta-kynanpidin\/","og_locale":"fi_FI","og_type":"article","og_title":"K\u00e4sintehty Jerusalem puinen kyn\u00e4teline kyn\u00e4npidin","og_description":"Jerusalem Puinen kyn\u00e4teline (eli kyn\u00e4teline) aihiot, kaiverrukset & enemm\u00e4n pyh\u00e4st\u00e4 maasta &raa'at varastot vakio- ja mittasin.","og_url":"https:\/\/old.holyland-olivewood.com\/fi\/tuote\/kasintehty-jerusalem-puinen-kyna-jalusta-kynanpidin\/","og_site_name":"Holy Land Olive Wood - Bethlehem Olive Wood Factory","article_publisher":"https:\/\/www.facebook.com\/holylandolivewood.bethlehem\/","og_image":[{"width":1550,"height":1200,"url":"https:\/\/old.holyland-olivewood.com\/wp-content\/uploads\/2020\/08\/Jerusalem_wooden_pen_stand_pen_holde_PE132_1.jpg","type":"image\/jpeg"}],"twitter_card":"summary_large_image","schema":{"@context":"https:\/\/schema.org","@graph":[{"@type":"WebPage","@id":"https:\/\/old.holyland-olivewood.com\/fi\/tuote\/kasintehty-jerusalem-puinen-kyna-jalusta-kynanpidin\/","url":"https:\/\/old.holyland-olivewood.com\/fi\/tuote\/kasintehty-jerusalem-puinen-kyna-jalusta-kynanpidin\/","name":"K\u00e4sintehty Jerusalem puinen kyn\u00e4teline kyn\u00e4npidin","isPartOf":{"@id":"https:\/\/old.holyland-olivewood.com\/fi\/#website"},"primaryImageOfPage":{"@id":"https:\/\/old.holyland-olivewood.com\/fi\/tuote\/kasintehty-jerusalem-puinen-kyna-jalusta-kynanpidin\/#primaryimage"},"image":{"@id":"https:\/\/old.holyland-olivewood.com\/fi\/tuote\/kasintehty-jerusalem-puinen-kyna-jalusta-kynanpidin\/#primaryimage"},"thumbnailUrl":"https:\/\/old.holyland-olivewood.com\/wp-content\/uploads\/2020\/08\/Jerusalem_wooden_pen_stand_pen_holde_PE132_1.jpg","datePublished":"2022-02-07T05:09:24+00:00","description":"Jerusalem Puinen kyn\u00e4teline (eli kyn\u00e4teline) aihiot, kaiverrukset & enemm\u00e4n pyh\u00e4st\u00e4 maasta &raa'at varastot vakio- ja mittasin.","breadcrumb":{"@id":"https:\/\/old.holyland-olivewood.com\/fi\/tuote\/kasintehty-jerusalem-puinen-kyna-jalusta-kynanpidin\/#breadcrumb"},"inLanguage":"fi","potentialAction":[{"@type":"ReadAction","target":["https:\/\/old.holyland-olivewood.com\/fi\/tuote\/kasintehty-jerusalem-puinen-kyna-jalusta-kynanpidin\/"]}]},{"@type":"ImageObject","inLanguage":"fi","@id":"https:\/\/old.holyland-olivewood.com\/fi\/tuote\/kasintehty-jerusalem-puinen-kyna-jalusta-kynanpidin\/#primaryimage","url":"https:\/\/old.holyland-olivewood.com\/wp-content\/uploads\/2020\/08\/Jerusalem_wooden_pen_stand_pen_holde_PE132_1.jpg","contentUrl":"https:\/\/old.holyland-olivewood.com\/wp-content\/uploads\/2020\/08\/Jerusalem_wooden_pen_stand_pen_holde_PE132_1.jpg","width":1550,"height":1200},{"@type":"BreadcrumbList","@id":"https:\/\/old.holyland-olivewood.com\/fi\/tuote\/kasintehty-jerusalem-puinen-kyna-jalusta-kynanpidin\/#breadcrumb","itemListElement":[{"@type":"ListItem","position":1,"name":"Home","item":"https:\/\/old.holyland-olivewood.com\/fi\/"},{"@type":"ListItem","position":2,"name":"Shop","item":"https:\/\/old.holyland-olivewood.com\/fi\/shop\/"},{"@type":"ListItem","position":3,"name":"K\u00e4sintehty Betlehem Mahogany Pen -jalusta oliivipuupohjalla, kyn\u00e4npidin #PE132"}]},{"@type":"WebSite","@id":"https:\/\/old.holyland-olivewood.com\/fi\/#website","url":"https:\/\/old.holyland-olivewood.com\/fi\/","name":"Holy Land Olive Wood - Bethlehem Olive Wood Factory","description":"Holy Land Olivewood Bethlehem","publisher":{"@id":"https:\/\/old.holyland-olivewood.com\/fi\/#organization"},"potentialAction":[{"@type":"SearchAction","target":{"@type":"EntryPoint","urlTemplate":"https:\/\/old.holyland-olivewood.com\/fi\/?s={search_term_string}"},"query-input":{"@type":"PropertyValueSpecification","valueRequired":true,"valueName":"search_term_string"}}],"inLanguage":"fi"},{"@type":"Organization","@id":"https:\/\/old.holyland-olivewood.com\/fi\/#organization","name":"Holy Land Olivewood","url":"https:\/\/old.holyland-olivewood.com\/fi\/","logo":{"@type":"ImageObject","inLanguage":"fi","@id":"https:\/\/old.holyland-olivewood.com\/fi\/#\/schema\/logo\/image\/","url":"","contentUrl":"","caption":"Holy Land Olivewood"},"image":{"@id":"https:\/\/old.holyland-olivewood.com\/fi\/#\/schema\/logo\/image\/"},"sameAs":["https:\/\/www.facebook.com\/holylandolivewood.bethlehem\/","http:\/\/instagram.com\/holy.land.olive.wood"]}]}},"_links":{"self":[{"href":"https:\/\/old.holyland-olivewood.com\/fi\/wp-json\/wp\/v2\/product\/40998","targetHints":{"allow":["GET"]}}],"collection":[{"href":"https:\/\/old.holyland-olivewood.com\/fi\/wp-json\/wp\/v2\/product"}],"about":[{"href":"https:\/\/old.holyland-olivewood.com\/fi\/wp-json\/wp\/v2\/types\/product"}],"wp:featuredmedia":[{"embeddable":true,"href":"https:\/\/old.holyland-olivewood.com\/fi\/wp-json\/wp\/v2\/media\/37611"}],"wp:attachment":[{"href":"https:\/\/old.holyland-olivewood.com\/fi\/wp-json\/wp\/v2\/media?parent=40998"}],"wp:term":[{"taxonomy":"product_brand","embeddable":true,"href":"https:\/\/old.holyland-olivewood.com\/fi\/wp-json\/wp\/v2\/product_brand?post=40998"},{"taxonomy":"product_cat","embeddable":true,"href":"https:\/\/old.holyland-olivewood.com\/fi\/wp-json\/wp\/v2\/product_cat?post=40998"},{"taxonomy":"product_tag","embeddable":true,"href":"https:\/\/old.holyland-olivewood.com\/fi\/wp-json\/wp\/v2\/product_tag?post=40998"}],"curies":[{"name":"wp","href":"https:\/\/api.w.org\/{rel}","templated":true}]}}