{"id":39924,"date":"2021-08-17T14:54:36","date_gmt":"2021-08-17T14:54:36","guid":{"rendered":"https:\/\/old.holyland-olivewood.com\/merchandise-shipping-policy\/"},"modified":"2022-02-06T09:25:54","modified_gmt":"2022-02-06T09:25:54","slug":"merchandise-shipping-policy","status":"publish","type":"page","link":"https:\/\/old.holyland-olivewood.com\/fi\/merchandise-shipping-policy\/","title":{"rendered":"Kauppatavaran toimitusk\u00e4yt\u00e4nt\u00f6"},"content":{"rendered":"<p>[spb_row element_name=&#8221;Row&#8221; wrap_type=&#8221;content-width&#8221; row_bg_type=&#8221;color&#8221; row_bg_color=&#8221;#ffffff&#8221; color_row_height=&#8221;content-height&#8221; bg_type=&#8221;cover&#8221; parallax_image_height=&#8221;content-height&#8221; parallax_image_movement=&#8221;fixed&#8221; parallax_image_speed=&#8221;0.5&#8243; bg_video_loop=&#8221;yes&#8221; parallax_video_height=&#8221;window-height&#8221; row_top_style=&#8221;none&#8221; row_bottom_style=&#8221;none&#8221; parallax_video_overlay=&#8221;none&#8221; row_overlay_opacity=&#8221;0&#8243; remove_element_spacing=&#8221;yes&#8221; row_col_pos=&#8221;default&#8221; row_expanding=&#8221;no&#8221; row_animation=&#8221;none&#8221; row_animation_delay=&#8221;0&#8243; minimize_row=&#8221;no&#8221; width=&#8221;1\/1&#8243; el_position=&#8221;first last&#8221;] [spb_blank_spacer height=&#8221;30px&#8221; width=&#8221;1\/6&#8243; el_position=&#8221;first&#8221;] [spb_text_block title=&#8221;KAUPPATAVARAN TOIMITUSK\u00c4YT\u00c4NT\u00d6&#8221; animation=&#8221;none&#8221; animation_delay=&#8221;200&#8243; simplified_controls=&#8221;yes&#8221; custom_css_percentage=&#8221;no&#8221; padding_vertical=&#8221;12&#8243; padding_horizontal=&#8221;0&#8243; margin_vertical=&#8221;0&#8243; custom_css=&#8221;margin-top: 0px;margin-bottom: 0px;padding-top: 12px;padding-bottom: 12px;&#8221; border_size=&#8221;0&#8243; border_styling_global=&#8221;default&#8221; el_class=&#8221;pb0&#8243; width=&#8221;2\/3&#8243;]<\/p>\n<p>Holy Land Olivewoodin ty\u00f6paja sijaitsee muinaisessa Betlehemin kaupungissa.<\/p>\n<p>Logistisia tarkoituksia varten meill\u00e4 on my\u00f6s varasto- ja jakelukeskus Houstonissa, Texasissa &#8211; Yhdysvalloissa.<\/p>\n<p>Pyrimme pit\u00e4m\u00e4\u00e4n yhdysvalloissa sijaitsevan varastomme laajan valikoiman tuotteitamme, jotta voimme toimittaa ne nopeasti asiakkaillemme l\u00e4ntisell\u00e4 pallonpuoliskolla.<\/p>\n<p>Kun asiakkaat Pohjois-, Keski- ja Etel\u00e4-Amerikassa tilaavat Holy Land Olivewoodin kanssa, s\u00e4hk\u00f6inen pyynt\u00f6 l\u00e4hetet\u00e4\u00e4n Yhdysvaltain divisioonallemme. Jos pyydetyt tuotteet ovat varastossa, Yhdysvaltain sivuliike l\u00e4hett\u00e4\u00e4 ne sinulle. Kun n\u00e4in on, voit odottaa l\u00e4hetyksesi saapuvan 4-8 arkip\u00e4iv\u00e4n kuluessa.<\/p>\n<p>Jos tuotetta ei ole saatavilla Yhdysvalloissa, pyynt\u00f6 l\u00e4hetet\u00e4\u00e4n p\u00e4\u00e4konttoriimme Betlehemiin, ja l\u00e4het\u00e4mme t\u00e4m\u00e4n tuotteen suoraan sinulle tehtaaltamme. T\u00e4llaisissa olosuhteissa tuotteen toimittamiseen tarvitaan viel\u00e4 5-10 arkip\u00e4iv\u00e4\u00e4.<\/p>\n<p>Asiakkaille Euroopassa, Aasiassa, Afrikassa ja Australiassa tarkoitetut tapahtumat k\u00e4sitell\u00e4\u00e4n ja l\u00e4hetet\u00e4\u00e4n Betlehemist\u00e4.<\/p>\n<p>Kaikki l\u00e4hetyksemme on vakuutettu ja seurattu.<\/p>\n<p>&nbsp;<\/p>\n<p>[\/spb_text_block] [spb_blank_spacer height=&#8221;30px&#8221; width=&#8221;1\/6&#8243; el_position=&#8221;last&#8221;] [\/spb_row]<\/p>\n","protected":false},"excerpt":{"rendered":"<p>[spb_row element_name=&#8221;Row&#8221; wrap_type=&#8221;content-width&#8221; row_bg_type=&#8221;color&#8221; row_bg_color=&#8221;#ffffff&#8221; color_row_height=&#8221;content-height&#8221; bg_type=&#8221;cover&#8221; parallax_image_height=&#8221;content-height&#8221; parallax_image_movement=&#8221;fixed&#8221; parallax_image_speed=&#8221;0.5&#8243; bg_video_loop=&#8221;yes&#8221; parallax_video_height=&#8221;window-height&#8221; row_top_style=&#8221;none&#8221; row_bottom_style=&#8221;none&#8221; parallax_video_overlay=&#8221;none&#8221; row_overlay_opacity=&#8221;0&#8243; remove_element_spacing=&#8221;yes&#8221; row_col_pos=&#8221;default&#8221; row_expanding=&#8221;no&#8221; row_animation=&#8221;none&#8221; row_animation_delay=&#8221;0&#8243; minimize_row=&#8221;no&#8221; width=&#8221;1\/1&#8243; el_position=&#8221;first last&#8221;] [spb_blank_spacer height=&#8221;30px&#8221; width=&#8221;1\/6&#8243; el_position=&#8221;first&#8221;] [spb_text_block title=&#8221;KAUPPATAVARAN TOIMITUSK\u00c4YT\u00c4NT\u00d6&#8221; animation=&#8221;none&#8221; animation_delay=&#8221;200&#8243; simplified_controls=&#8221;yes&#8221; custom_css_percentage=&#8221;no&#8221; padding_vertical=&#8221;12&#8243; padding_horizontal=&#8221;0&#8243; margin_vertical=&#8221;0&#8243; custom_css=&#8221;margin-top: 0px;margin-bottom: 0px;padding-top: 12px;padding-bottom: 12px;&#8221; border_size=&#8221;0&#8243; border_styling_global=&#8221;default&#8221; el_class=&#8221;pb0&#8243; width=&#8221;2\/3&#8243;] Holy Land Olivewoodin ty\u00f6paja sijaitsee muinaisessa Betlehemin kaupungissa. Logistisia tarkoituksia varten meill\u00e4 [&hellip;]<\/p>\n","protected":false},"author":250,"featured_media":0,"parent":0,"menu_order":0,"comment_status":"closed","ping_status":"closed","template":"","meta":{"footnotes":""},"class_list":["post-39924","page","type-page","status-publish","hentry"],"yoast_head":"<!-- This site is optimized with the Yoast SEO plugin v24.8.1 - https:\/\/yoast.com\/wordpress\/plugins\/seo\/ -->\n<title>Kauppatavaran toimitusk\u00e4yt\u00e4nt\u00f6 - Holy Land Olive Wood - Bethlehem Olive Wood Factory<\/title>\n<meta name=\"description\" content=\"Betlehem oliivipuun k\u00e4sity\u00f6t (eli ruusutarhat, keitti\u00f6v\u00e4lineet, syntym\u00e4,sarjat,helmet)kyn\u00e4-aihiot kaiverrukset, laatat, lohkot,&amp;raaka-aine vakio- ja mukautetuissa mitoissa.\" \/>\n<meta name=\"robots\" content=\"index, follow, max-snippet:-1, max-image-preview:large, max-video-preview:-1\" \/>\n<link rel=\"canonical\" href=\"https:\/\/old.holyland-olivewood.com\/fi\/merchandise-shipping-policy\/\" \/>\n<meta property=\"og:locale\" content=\"fi_FI\" \/>\n<meta property=\"og:type\" content=\"article\" \/>\n<meta property=\"og:title\" content=\"Kauppatavaran toimitusk\u00e4yt\u00e4nt\u00f6 - Holy Land Olive Wood - Bethlehem Olive Wood Factory\" \/>\n<meta property=\"og:description\" content=\"Betlehem oliivipuun k\u00e4sity\u00f6t (eli ruusutarhat, keitti\u00f6v\u00e4lineet, syntym\u00e4,sarjat,helmet)kyn\u00e4-aihiot kaiverrukset, laatat, lohkot,&amp;raaka-aine vakio- ja mukautetuissa mitoissa.\" \/>\n<meta property=\"og:url\" content=\"https:\/\/old.holyland-olivewood.com\/fi\/merchandise-shipping-policy\/\" \/>\n<meta property=\"og:site_name\" content=\"Holy Land Olive Wood - Bethlehem Olive Wood Factory\" \/>\n<meta property=\"article:publisher\" content=\"https:\/\/www.facebook.com\/holylandolivewood.bethlehem\/\" \/>\n<meta property=\"article:modified_time\" content=\"2022-02-06T09:25:54+00:00\" \/>\n<meta name=\"twitter:card\" content=\"summary_large_image\" \/>\n<meta name=\"twitter:label1\" content=\"Arvioitu lukuaika\" \/>\n\t<meta name=\"twitter:data1\" content=\"2 minuuttia\" \/>\n<script type=\"application\/ld+json\" class=\"yoast-schema-graph\">{\"@context\":\"https:\/\/schema.org\",\"@graph\":[{\"@type\":\"WebPage\",\"@id\":\"https:\/\/old.holyland-olivewood.com\/fi\/merchandise-shipping-policy\/\",\"url\":\"https:\/\/old.holyland-olivewood.com\/fi\/merchandise-shipping-policy\/\",\"name\":\"Kauppatavaran toimitusk\u00e4yt\u00e4nt\u00f6 - Holy Land Olive Wood - Bethlehem Olive Wood Factory\",\"isPartOf\":{\"@id\":\"https:\/\/old.holyland-olivewood.com\/fi\/#website\"},\"datePublished\":\"2021-08-17T14:54:36+00:00\",\"dateModified\":\"2022-02-06T09:25:54+00:00\",\"description\":\"Betlehem oliivipuun k\u00e4sity\u00f6t (eli ruusutarhat, keitti\u00f6v\u00e4lineet, syntym\u00e4,sarjat,helmet)kyn\u00e4-aihiot kaiverrukset, laatat, lohkot,&raaka-aine vakio- ja mukautetuissa mitoissa.\",\"breadcrumb\":{\"@id\":\"https:\/\/old.holyland-olivewood.com\/fi\/merchandise-shipping-policy\/#breadcrumb\"},\"inLanguage\":\"fi\",\"potentialAction\":[{\"@type\":\"ReadAction\",\"target\":[\"https:\/\/old.holyland-olivewood.com\/fi\/merchandise-shipping-policy\/\"]}]},{\"@type\":\"BreadcrumbList\",\"@id\":\"https:\/\/old.holyland-olivewood.com\/fi\/merchandise-shipping-policy\/#breadcrumb\",\"itemListElement\":[{\"@type\":\"ListItem\",\"position\":1,\"name\":\"Home\",\"item\":\"https:\/\/old.holyland-olivewood.com\/fi\/\"},{\"@type\":\"ListItem\",\"position\":2,\"name\":\"Kauppatavaran toimitusk\u00e4yt\u00e4nt\u00f6\"}]},{\"@type\":\"WebSite\",\"@id\":\"https:\/\/old.holyland-olivewood.com\/fi\/#website\",\"url\":\"https:\/\/old.holyland-olivewood.com\/fi\/\",\"name\":\"Holy Land Olive Wood - Bethlehem Olive Wood Factory\",\"description\":\"Holy Land Olivewood Bethlehem\",\"publisher\":{\"@id\":\"https:\/\/old.holyland-olivewood.com\/fi\/#organization\"},\"potentialAction\":[{\"@type\":\"SearchAction\",\"target\":{\"@type\":\"EntryPoint\",\"urlTemplate\":\"https:\/\/old.holyland-olivewood.com\/fi\/?s={search_term_string}\"},\"query-input\":{\"@type\":\"PropertyValueSpecification\",\"valueRequired\":true,\"valueName\":\"search_term_string\"}}],\"inLanguage\":\"fi\"},{\"@type\":\"Organization\",\"@id\":\"https:\/\/old.holyland-olivewood.com\/fi\/#organization\",\"name\":\"Holy Land Olivewood\",\"url\":\"https:\/\/old.holyland-olivewood.com\/fi\/\",\"logo\":{\"@type\":\"ImageObject\",\"inLanguage\":\"fi\",\"@id\":\"https:\/\/old.holyland-olivewood.com\/fi\/#\/schema\/logo\/image\/\",\"url\":\"\",\"contentUrl\":\"\",\"caption\":\"Holy Land Olivewood\"},\"image\":{\"@id\":\"https:\/\/old.holyland-olivewood.com\/fi\/#\/schema\/logo\/image\/\"},\"sameAs\":[\"https:\/\/www.facebook.com\/holylandolivewood.bethlehem\/\",\"http:\/\/instagram.com\/holy.land.olive.wood\"]}]}<\/script>\n<!-- \/ Yoast SEO plugin. -->","yoast_head_json":{"title":"Kauppatavaran toimitusk\u00e4yt\u00e4nt\u00f6 - Holy Land Olive Wood - Bethlehem Olive Wood Factory","description":"Betlehem oliivipuun k\u00e4sity\u00f6t (eli ruusutarhat, keitti\u00f6v\u00e4lineet, syntym\u00e4,sarjat,helmet)kyn\u00e4-aihiot kaiverrukset, laatat, lohkot,&raaka-aine vakio- ja mukautetuissa mitoissa.","robots":{"index":"index","follow":"follow","max-snippet":"max-snippet:-1","max-image-preview":"max-image-preview:large","max-video-preview":"max-video-preview:-1"},"canonical":"https:\/\/old.holyland-olivewood.com\/fi\/merchandise-shipping-policy\/","og_locale":"fi_FI","og_type":"article","og_title":"Kauppatavaran toimitusk\u00e4yt\u00e4nt\u00f6 - Holy Land Olive Wood - Bethlehem Olive Wood Factory","og_description":"Betlehem oliivipuun k\u00e4sity\u00f6t (eli ruusutarhat, keitti\u00f6v\u00e4lineet, syntym\u00e4,sarjat,helmet)kyn\u00e4-aihiot kaiverrukset, laatat, lohkot,&raaka-aine vakio- ja mukautetuissa mitoissa.","og_url":"https:\/\/old.holyland-olivewood.com\/fi\/merchandise-shipping-policy\/","og_site_name":"Holy Land Olive Wood - Bethlehem Olive Wood Factory","article_publisher":"https:\/\/www.facebook.com\/holylandolivewood.bethlehem\/","article_modified_time":"2022-02-06T09:25:54+00:00","twitter_card":"summary_large_image","twitter_misc":{"Arvioitu lukuaika":"2 minuuttia"},"schema":{"@context":"https:\/\/schema.org","@graph":[{"@type":"WebPage","@id":"https:\/\/old.holyland-olivewood.com\/fi\/merchandise-shipping-policy\/","url":"https:\/\/old.holyland-olivewood.com\/fi\/merchandise-shipping-policy\/","name":"Kauppatavaran toimitusk\u00e4yt\u00e4nt\u00f6 - Holy Land Olive Wood - Bethlehem Olive Wood Factory","isPartOf":{"@id":"https:\/\/old.holyland-olivewood.com\/fi\/#website"},"datePublished":"2021-08-17T14:54:36+00:00","dateModified":"2022-02-06T09:25:54+00:00","description":"Betlehem oliivipuun k\u00e4sity\u00f6t (eli ruusutarhat, keitti\u00f6v\u00e4lineet, syntym\u00e4,sarjat,helmet)kyn\u00e4-aihiot kaiverrukset, laatat, lohkot,&raaka-aine vakio- ja mukautetuissa mitoissa.","breadcrumb":{"@id":"https:\/\/old.holyland-olivewood.com\/fi\/merchandise-shipping-policy\/#breadcrumb"},"inLanguage":"fi","potentialAction":[{"@type":"ReadAction","target":["https:\/\/old.holyland-olivewood.com\/fi\/merchandise-shipping-policy\/"]}]},{"@type":"BreadcrumbList","@id":"https:\/\/old.holyland-olivewood.com\/fi\/merchandise-shipping-policy\/#breadcrumb","itemListElement":[{"@type":"ListItem","position":1,"name":"Home","item":"https:\/\/old.holyland-olivewood.com\/fi\/"},{"@type":"ListItem","position":2,"name":"Kauppatavaran toimitusk\u00e4yt\u00e4nt\u00f6"}]},{"@type":"WebSite","@id":"https:\/\/old.holyland-olivewood.com\/fi\/#website","url":"https:\/\/old.holyland-olivewood.com\/fi\/","name":"Holy Land Olive Wood - Bethlehem Olive Wood Factory","description":"Holy Land Olivewood Bethlehem","publisher":{"@id":"https:\/\/old.holyland-olivewood.com\/fi\/#organization"},"potentialAction":[{"@type":"SearchAction","target":{"@type":"EntryPoint","urlTemplate":"https:\/\/old.holyland-olivewood.com\/fi\/?s={search_term_string}"},"query-input":{"@type":"PropertyValueSpecification","valueRequired":true,"valueName":"search_term_string"}}],"inLanguage":"fi"},{"@type":"Organization","@id":"https:\/\/old.holyland-olivewood.com\/fi\/#organization","name":"Holy Land Olivewood","url":"https:\/\/old.holyland-olivewood.com\/fi\/","logo":{"@type":"ImageObject","inLanguage":"fi","@id":"https:\/\/old.holyland-olivewood.com\/fi\/#\/schema\/logo\/image\/","url":"","contentUrl":"","caption":"Holy Land Olivewood"},"image":{"@id":"https:\/\/old.holyland-olivewood.com\/fi\/#\/schema\/logo\/image\/"},"sameAs":["https:\/\/www.facebook.com\/holylandolivewood.bethlehem\/","http:\/\/instagram.com\/holy.land.olive.wood"]}]}},"_links":{"self":[{"href":"https:\/\/old.holyland-olivewood.com\/fi\/wp-json\/wp\/v2\/pages\/39924","targetHints":{"allow":["GET"]}}],"collection":[{"href":"https:\/\/old.holyland-olivewood.com\/fi\/wp-json\/wp\/v2\/pages"}],"about":[{"href":"https:\/\/old.holyland-olivewood.com\/fi\/wp-json\/wp\/v2\/types\/page"}],"author":[{"embeddable":true,"href":"https:\/\/old.holyland-olivewood.com\/fi\/wp-json\/wp\/v2\/users\/250"}],"replies":[{"embeddable":true,"href":"https:\/\/old.holyland-olivewood.com\/fi\/wp-json\/wp\/v2\/comments?post=39924"}],"version-history":[{"count":0,"href":"https:\/\/old.holyland-olivewood.com\/fi\/wp-json\/wp\/v2\/pages\/39924\/revisions"}],"wp:attachment":[{"href":"https:\/\/old.holyland-olivewood.com\/fi\/wp-json\/wp\/v2\/media?parent=39924"}],"curies":[{"name":"wp","href":"https:\/\/api.w.org\/{rel}","templated":true}]}}