{"id":55437,"date":"2024-10-17T10:59:39","date_gmt":"2024-10-17T17:03:55","guid":{"rendered":"https:\/\/old.holyland-olivewood.com\/product\/estatua-de-madera-de-olivo-de-jesus-lavando-los-pies-a-los-discipulos-fi142\/"},"modified":"2024-10-17T17:03:55","modified_gmt":"2024-10-17T17:03:55","slug":"estatua-de-madera-de-olivo-de-jesus-lavando-los-pies-a-los-discipulos-fi142","status":"publish","type":"product","link":"https:\/\/old.holyland-olivewood.com\/es\/producto\/estatua-de-madera-de-olivo-de-jesus-lavando-los-pies-a-los-discipulos-fi142\/","title":{"rendered":"Estatua de madera de olivo de Jes\u00fas lavando los pies a los disc\u00edpulos #FI142"},"content":{"rendered":"","protected":false},"excerpt":{"rendered":"<p>Esta estatua de madera de olivo de Tierra Santa, tallada a mano, representa a Jesucristo lavando los pies a sus disc\u00edpulos, un profundo s\u00edmbolo de humildad y amor. Elaborada a partir de una sola pieza de aut\u00e9ntica madera de olivo de Bel\u00e9n, capta maravillosamente el momento en que Cristo, el Maestro, se convirti\u00f3 en siervo, ofreciendo una lecci\u00f3n intemporal sobre el servicio desinteresado. Esta significativa obra de arte es perfecta para cualquier hogar u oficina cristianos, y sirve como recordatorio de las ense\u00f1anzas de Jes\u00fas sobre la humildad y la compasi\u00f3n. <\/p>\n<p>Este art\u00edculo incluye un certificado de autenticidad que verifica los materiales y las t\u00e9cnicas utilizadas para fabricar este producto.<\/p>\n<p>Tama\u00f1o: 18,5 cm x 28 cm x 20,5 cm (7,25&#8243; x 11&#8243; x 8&#8243;)<\/p>\n","protected":false},"featured_media":55438,"template":"","meta":[],"product_brand":[],"product_cat":[783,1970],"product_tag":[2013,789,1736,880,1975,1990,1359,930,860,4083,875,958,924,906,898,911,891,4137,1324,1978,965,832,4156],"class_list":{"0":"post-55437","1":"product","2":"type-product","3":"status-publish","4":"has-post-thumbnail","6":"product_cat-kunsthaandvaerk-es","7":"product_cat-figuras","8":"product_tag-angel-es","9":"product_tag-belen","10":"product_tag-corazon","11":"product_tag-dio","12":"product_tag-estatua","13":"product_tag-estatuas","14":"product_tag-figuras","15":"product_tag-foedselskirken-es","16":"product_tag-haandlavet-es","17":"product_tag-jesus-es-2","18":"product_tag-jul-es","19":"product_tag-katolsk-es","20":"product_tag-kirke-es","21":"product_tag-kors-es","22":"product_tag-kristen-es","23":"product_tag-krucifiks-es","24":"product_tag-kunsthaandvaerk-es","25":"product_tag-madera-de-olivo","26":"product_tag-maria-es","27":"product_tag-orando","28":"product_tag-ortodoks-es","29":"product_tag-udskaering-es","30":"product_tag-virgen-maria","32":"first","33":"instock","34":"shipping-taxable","35":"purchasable","36":"product-type-simple"},"yoast_head":"<!-- This site is optimized with the Yoast SEO plugin v24.8.1 - https:\/\/yoast.com\/wordpress\/plugins\/seo\/ -->\n<title>Estatua de madera de olivo de Jes\u00fas lavando los pies a los disc\u00edpulos #FI142 - Holy Land Olive Wood - Bethlehem Olive Wood Factory<\/title>\n<meta name=\"description\" content=\"Jes\u00fas lavando los pies de los disc\u00edpulos Bel\u00e9n Artesan\u00eda de madera de olivo Tallado a mano (es decir, figuritas, belenes, estatuas, esculturas) de Tierra Santa\" \/>\n<meta name=\"robots\" content=\"index, follow, max-snippet:-1, max-image-preview:large, max-video-preview:-1\" \/>\n<link rel=\"canonical\" href=\"https:\/\/old.holyland-olivewood.com\/es\/producto\/estatua-de-madera-de-olivo-de-jesus-lavando-los-pies-a-los-discipulos-fi142\/\" \/>\n<meta property=\"og:locale\" content=\"es_ES\" \/>\n<meta property=\"og:type\" content=\"article\" \/>\n<meta property=\"og:title\" content=\"Estatua de madera de olivo de Jes\u00fas lavando los pies a los disc\u00edpulos #FI142 - Holy Land Olive Wood - Bethlehem Olive Wood Factory\" \/>\n<meta property=\"og:description\" content=\"Jes\u00fas lavando los pies de los disc\u00edpulos Bel\u00e9n Artesan\u00eda de madera de olivo Tallado a mano (es decir, figuritas, belenes, estatuas, esculturas) de Tierra Santa\" \/>\n<meta property=\"og:url\" content=\"https:\/\/old.holyland-olivewood.com\/es\/producto\/estatua-de-madera-de-olivo-de-jesus-lavando-los-pies-a-los-discipulos-fi142\/\" \/>\n<meta property=\"og:site_name\" content=\"Holy Land Olive Wood - Bethlehem Olive Wood Factory\" \/>\n<meta property=\"article:publisher\" content=\"https:\/\/www.facebook.com\/holylandolivewood.bethlehem\/\" \/>\n<meta property=\"og:image\" content=\"https:\/\/old.holyland-olivewood.com\/wp-content\/uploads\/2024\/10\/jesus-washing-disciples-feet-holy-land-olive-wood-bethlehem-fi142-1.jpg\" \/>\n\t<meta property=\"og:image:width\" content=\"1550\" \/>\n\t<meta property=\"og:image:height\" content=\"1200\" \/>\n\t<meta property=\"og:image:type\" content=\"image\/jpeg\" \/>\n<meta name=\"twitter:card\" content=\"summary_large_image\" \/>\n<script type=\"application\/ld+json\" class=\"yoast-schema-graph\">{\"@context\":\"https:\/\/schema.org\",\"@graph\":[{\"@type\":\"WebPage\",\"@id\":\"https:\/\/old.holyland-olivewood.com\/es\/producto\/estatua-de-madera-de-olivo-de-jesus-lavando-los-pies-a-los-discipulos-fi142\/\",\"url\":\"https:\/\/old.holyland-olivewood.com\/es\/producto\/estatua-de-madera-de-olivo-de-jesus-lavando-los-pies-a-los-discipulos-fi142\/\",\"name\":\"Estatua de madera de olivo de Jes\u00fas lavando los pies a los disc\u00edpulos #FI142 - Holy Land Olive Wood - Bethlehem Olive Wood Factory\",\"isPartOf\":{\"@id\":\"https:\/\/old.holyland-olivewood.com\/es\/#website\"},\"primaryImageOfPage\":{\"@id\":\"https:\/\/old.holyland-olivewood.com\/es\/producto\/estatua-de-madera-de-olivo-de-jesus-lavando-los-pies-a-los-discipulos-fi142\/#primaryimage\"},\"image\":{\"@id\":\"https:\/\/old.holyland-olivewood.com\/es\/producto\/estatua-de-madera-de-olivo-de-jesus-lavando-los-pies-a-los-discipulos-fi142\/#primaryimage\"},\"thumbnailUrl\":\"https:\/\/old.holyland-olivewood.com\/wp-content\/uploads\/2024\/10\/jesus-washing-disciples-feet-holy-land-olive-wood-bethlehem-fi142-1.jpg\",\"datePublished\":\"2024-10-17T17:03:55+00:00\",\"description\":\"Jes\u00fas lavando los pies de los disc\u00edpulos Bel\u00e9n Artesan\u00eda de madera de olivo Tallado a mano (es decir, figuritas, belenes, estatuas, esculturas) de Tierra Santa\",\"breadcrumb\":{\"@id\":\"https:\/\/old.holyland-olivewood.com\/es\/producto\/estatua-de-madera-de-olivo-de-jesus-lavando-los-pies-a-los-discipulos-fi142\/#breadcrumb\"},\"inLanguage\":\"es\",\"potentialAction\":[{\"@type\":\"ReadAction\",\"target\":[\"https:\/\/old.holyland-olivewood.com\/es\/producto\/estatua-de-madera-de-olivo-de-jesus-lavando-los-pies-a-los-discipulos-fi142\/\"]}]},{\"@type\":\"ImageObject\",\"inLanguage\":\"es\",\"@id\":\"https:\/\/old.holyland-olivewood.com\/es\/producto\/estatua-de-madera-de-olivo-de-jesus-lavando-los-pies-a-los-discipulos-fi142\/#primaryimage\",\"url\":\"https:\/\/old.holyland-olivewood.com\/wp-content\/uploads\/2024\/10\/jesus-washing-disciples-feet-holy-land-olive-wood-bethlehem-fi142-1.jpg\",\"contentUrl\":\"https:\/\/old.holyland-olivewood.com\/wp-content\/uploads\/2024\/10\/jesus-washing-disciples-feet-holy-land-olive-wood-bethlehem-fi142-1.jpg\",\"width\":1550,\"height\":1200},{\"@type\":\"BreadcrumbList\",\"@id\":\"https:\/\/old.holyland-olivewood.com\/es\/producto\/estatua-de-madera-de-olivo-de-jesus-lavando-los-pies-a-los-discipulos-fi142\/#breadcrumb\",\"itemListElement\":[{\"@type\":\"ListItem\",\"position\":1,\"name\":\"Home\",\"item\":\"https:\/\/old.holyland-olivewood.com\/es\/\"},{\"@type\":\"ListItem\",\"position\":2,\"name\":\"Tienda\",\"item\":\"https:\/\/old.holyland-olivewood.com\/es\/tienda\/\"},{\"@type\":\"ListItem\",\"position\":3,\"name\":\"Estatua de madera de olivo de Jes\u00fas lavando los pies a los disc\u00edpulos #FI142\"}]},{\"@type\":\"WebSite\",\"@id\":\"https:\/\/old.holyland-olivewood.com\/es\/#website\",\"url\":\"https:\/\/old.holyland-olivewood.com\/es\/\",\"name\":\"Holy Land Olive Wood - Bethlehem Olive Wood Factory\",\"description\":\"Holy Land Olivewood Bethlehem\",\"publisher\":{\"@id\":\"https:\/\/old.holyland-olivewood.com\/es\/#organization\"},\"potentialAction\":[{\"@type\":\"SearchAction\",\"target\":{\"@type\":\"EntryPoint\",\"urlTemplate\":\"https:\/\/old.holyland-olivewood.com\/es\/?s={search_term_string}\"},\"query-input\":{\"@type\":\"PropertyValueSpecification\",\"valueRequired\":true,\"valueName\":\"search_term_string\"}}],\"inLanguage\":\"es\"},{\"@type\":\"Organization\",\"@id\":\"https:\/\/old.holyland-olivewood.com\/es\/#organization\",\"name\":\"Holy Land Olivewood\",\"url\":\"https:\/\/old.holyland-olivewood.com\/es\/\",\"logo\":{\"@type\":\"ImageObject\",\"inLanguage\":\"es\",\"@id\":\"https:\/\/old.holyland-olivewood.com\/es\/#\/schema\/logo\/image\/\",\"url\":\"\",\"contentUrl\":\"\",\"caption\":\"Holy Land Olivewood\"},\"image\":{\"@id\":\"https:\/\/old.holyland-olivewood.com\/es\/#\/schema\/logo\/image\/\"},\"sameAs\":[\"https:\/\/www.facebook.com\/holylandolivewood.bethlehem\/\",\"http:\/\/instagram.com\/holy.land.olive.wood\"]}]}<\/script>\n<!-- \/ Yoast SEO plugin. -->","yoast_head_json":{"title":"Estatua de madera de olivo de Jes\u00fas lavando los pies a los disc\u00edpulos #FI142 - Holy Land Olive Wood - Bethlehem Olive Wood Factory","description":"Jes\u00fas lavando los pies de los disc\u00edpulos Bel\u00e9n Artesan\u00eda de madera de olivo Tallado a mano (es decir, figuritas, belenes, estatuas, esculturas) de Tierra Santa","robots":{"index":"index","follow":"follow","max-snippet":"max-snippet:-1","max-image-preview":"max-image-preview:large","max-video-preview":"max-video-preview:-1"},"canonical":"https:\/\/old.holyland-olivewood.com\/es\/producto\/estatua-de-madera-de-olivo-de-jesus-lavando-los-pies-a-los-discipulos-fi142\/","og_locale":"es_ES","og_type":"article","og_title":"Estatua de madera de olivo de Jes\u00fas lavando los pies a los disc\u00edpulos #FI142 - Holy Land Olive Wood - Bethlehem Olive Wood Factory","og_description":"Jes\u00fas lavando los pies de los disc\u00edpulos Bel\u00e9n Artesan\u00eda de madera de olivo Tallado a mano (es decir, figuritas, belenes, estatuas, esculturas) de Tierra Santa","og_url":"https:\/\/old.holyland-olivewood.com\/es\/producto\/estatua-de-madera-de-olivo-de-jesus-lavando-los-pies-a-los-discipulos-fi142\/","og_site_name":"Holy Land Olive Wood - Bethlehem Olive Wood Factory","article_publisher":"https:\/\/www.facebook.com\/holylandolivewood.bethlehem\/","og_image":[{"width":1550,"height":1200,"url":"https:\/\/old.holyland-olivewood.com\/wp-content\/uploads\/2024\/10\/jesus-washing-disciples-feet-holy-land-olive-wood-bethlehem-fi142-1.jpg","type":"image\/jpeg"}],"twitter_card":"summary_large_image","schema":{"@context":"https:\/\/schema.org","@graph":[{"@type":"WebPage","@id":"https:\/\/old.holyland-olivewood.com\/es\/producto\/estatua-de-madera-de-olivo-de-jesus-lavando-los-pies-a-los-discipulos-fi142\/","url":"https:\/\/old.holyland-olivewood.com\/es\/producto\/estatua-de-madera-de-olivo-de-jesus-lavando-los-pies-a-los-discipulos-fi142\/","name":"Estatua de madera de olivo de Jes\u00fas lavando los pies a los disc\u00edpulos #FI142 - Holy Land Olive Wood - Bethlehem Olive Wood Factory","isPartOf":{"@id":"https:\/\/old.holyland-olivewood.com\/es\/#website"},"primaryImageOfPage":{"@id":"https:\/\/old.holyland-olivewood.com\/es\/producto\/estatua-de-madera-de-olivo-de-jesus-lavando-los-pies-a-los-discipulos-fi142\/#primaryimage"},"image":{"@id":"https:\/\/old.holyland-olivewood.com\/es\/producto\/estatua-de-madera-de-olivo-de-jesus-lavando-los-pies-a-los-discipulos-fi142\/#primaryimage"},"thumbnailUrl":"https:\/\/old.holyland-olivewood.com\/wp-content\/uploads\/2024\/10\/jesus-washing-disciples-feet-holy-land-olive-wood-bethlehem-fi142-1.jpg","datePublished":"2024-10-17T17:03:55+00:00","description":"Jes\u00fas lavando los pies de los disc\u00edpulos Bel\u00e9n Artesan\u00eda de madera de olivo Tallado a mano (es decir, figuritas, belenes, estatuas, esculturas) de Tierra Santa","breadcrumb":{"@id":"https:\/\/old.holyland-olivewood.com\/es\/producto\/estatua-de-madera-de-olivo-de-jesus-lavando-los-pies-a-los-discipulos-fi142\/#breadcrumb"},"inLanguage":"es","potentialAction":[{"@type":"ReadAction","target":["https:\/\/old.holyland-olivewood.com\/es\/producto\/estatua-de-madera-de-olivo-de-jesus-lavando-los-pies-a-los-discipulos-fi142\/"]}]},{"@type":"ImageObject","inLanguage":"es","@id":"https:\/\/old.holyland-olivewood.com\/es\/producto\/estatua-de-madera-de-olivo-de-jesus-lavando-los-pies-a-los-discipulos-fi142\/#primaryimage","url":"https:\/\/old.holyland-olivewood.com\/wp-content\/uploads\/2024\/10\/jesus-washing-disciples-feet-holy-land-olive-wood-bethlehem-fi142-1.jpg","contentUrl":"https:\/\/old.holyland-olivewood.com\/wp-content\/uploads\/2024\/10\/jesus-washing-disciples-feet-holy-land-olive-wood-bethlehem-fi142-1.jpg","width":1550,"height":1200},{"@type":"BreadcrumbList","@id":"https:\/\/old.holyland-olivewood.com\/es\/producto\/estatua-de-madera-de-olivo-de-jesus-lavando-los-pies-a-los-discipulos-fi142\/#breadcrumb","itemListElement":[{"@type":"ListItem","position":1,"name":"Home","item":"https:\/\/old.holyland-olivewood.com\/es\/"},{"@type":"ListItem","position":2,"name":"Tienda","item":"https:\/\/old.holyland-olivewood.com\/es\/tienda\/"},{"@type":"ListItem","position":3,"name":"Estatua de madera de olivo de Jes\u00fas lavando los pies a los disc\u00edpulos #FI142"}]},{"@type":"WebSite","@id":"https:\/\/old.holyland-olivewood.com\/es\/#website","url":"https:\/\/old.holyland-olivewood.com\/es\/","name":"Holy Land Olive Wood - Bethlehem Olive Wood Factory","description":"Holy Land Olivewood Bethlehem","publisher":{"@id":"https:\/\/old.holyland-olivewood.com\/es\/#organization"},"potentialAction":[{"@type":"SearchAction","target":{"@type":"EntryPoint","urlTemplate":"https:\/\/old.holyland-olivewood.com\/es\/?s={search_term_string}"},"query-input":{"@type":"PropertyValueSpecification","valueRequired":true,"valueName":"search_term_string"}}],"inLanguage":"es"},{"@type":"Organization","@id":"https:\/\/old.holyland-olivewood.com\/es\/#organization","name":"Holy Land Olivewood","url":"https:\/\/old.holyland-olivewood.com\/es\/","logo":{"@type":"ImageObject","inLanguage":"es","@id":"https:\/\/old.holyland-olivewood.com\/es\/#\/schema\/logo\/image\/","url":"","contentUrl":"","caption":"Holy Land Olivewood"},"image":{"@id":"https:\/\/old.holyland-olivewood.com\/es\/#\/schema\/logo\/image\/"},"sameAs":["https:\/\/www.facebook.com\/holylandolivewood.bethlehem\/","http:\/\/instagram.com\/holy.land.olive.wood"]}]}},"_links":{"self":[{"href":"https:\/\/old.holyland-olivewood.com\/es\/wp-json\/wp\/v2\/product\/55437","targetHints":{"allow":["GET"]}}],"collection":[{"href":"https:\/\/old.holyland-olivewood.com\/es\/wp-json\/wp\/v2\/product"}],"about":[{"href":"https:\/\/old.holyland-olivewood.com\/es\/wp-json\/wp\/v2\/types\/product"}],"wp:featuredmedia":[{"embeddable":true,"href":"https:\/\/old.holyland-olivewood.com\/es\/wp-json\/wp\/v2\/media\/55438"}],"wp:attachment":[{"href":"https:\/\/old.holyland-olivewood.com\/es\/wp-json\/wp\/v2\/media?parent=55437"}],"wp:term":[{"taxonomy":"product_brand","embeddable":true,"href":"https:\/\/old.holyland-olivewood.com\/es\/wp-json\/wp\/v2\/product_brand?post=55437"},{"taxonomy":"product_cat","embeddable":true,"href":"https:\/\/old.holyland-olivewood.com\/es\/wp-json\/wp\/v2\/product_cat?post=55437"},{"taxonomy":"product_tag","embeddable":true,"href":"https:\/\/old.holyland-olivewood.com\/es\/wp-json\/wp\/v2\/product_tag?post=55437"}],"curies":[{"name":"wp","href":"https:\/\/api.w.org\/{rel}","templated":true}]}}