{"id":53422,"date":"2022-10-02T19:39:07","date_gmt":"2023-02-14T16:46:10","guid":{"rendered":"https:\/\/old.holyland-olivewood.com\/product\/estatuas-inacabadas-cabeza-de-jesus-u101\/"},"modified":"2023-02-14T16:46:10","modified_gmt":"2023-02-14T16:46:10","slug":"inconcluso-estatuas-jesus-cabeza-u101","status":"publish","type":"product","link":"https:\/\/old.holyland-olivewood.com\/es\/producto\/inconcluso-estatuas-jesus-cabeza-u101\/","title":{"rendered":"Estatuas inacabadas Cabeza de Jes\u00fas #U101"},"content":{"rendered":"","protected":false},"excerpt":{"rendered":"<p>Este busto de Jes\u00fas en madera de olivo de Bel\u00e9n est\u00e1 terminado en un 70%.<\/p>\n<p>Puedes tallar a mano las caracter\u00edsticas finales, lijarlo, pintarlo y crear tu propio soporte. Si termina usted mismo esta estatua, se asegurar\u00e1 de hacer un art\u00edculo a medida, que servir\u00e1 como tema de conversaci\u00f3n o como regalo para un ser querido.<\/p>\n<p>Este art\u00edculo incluye un certificado de autenticidad que verifica los materiales y las t\u00e9cnicas utilizadas para fabricar este producto.<\/p>\n<p>Tama\u00f1o: 7 cm x 7 cm x 12,5 cm (2,75&#8243; x 2,75&#8243; x 2,75&#8243;)<\/p>\n<p>Puede consultar el art\u00edculo preparado a trav\u00e9s del siguiente enlace:<\/p>\n<p>https:\/\/old.holyland-olivewood.com\/product\/olive-wood-jesus-christ-bust\/<\/p>\n<p>&nbsp;<\/p>\n","protected":false},"featured_media":53423,"template":"","meta":[],"product_brand":[],"product_cat":[4101,2047],"product_tag":[],"class_list":{"0":"post-53422","1":"product","2":"type-product","3":"status-publish","4":"has-post-thumbnail","6":"product_cat-estatuas-inacabadas","7":"product_cat-madera-de-olivo","9":"first","10":"instock","11":"shipping-taxable","12":"purchasable","13":"product-type-simple"},"yoast_head":"<!-- This site is optimized with the Yoast SEO plugin v24.8.1 - https:\/\/yoast.com\/wordpress\/plugins\/seo\/ -->\n<title>Estatuas inacabadas Cabeza de Jes\u00fas #U101 - Holy Land Olive Wood - Bethlehem Olive Wood Factory<\/title>\n<meta name=\"robots\" content=\"index, follow, max-snippet:-1, max-image-preview:large, max-video-preview:-1\" \/>\n<link rel=\"canonical\" href=\"https:\/\/old.holyland-olivewood.com\/es\/producto\/inconcluso-estatuas-jesus-cabeza-u101\/\" \/>\n<meta property=\"og:locale\" content=\"es_ES\" \/>\n<meta property=\"og:type\" content=\"article\" \/>\n<meta property=\"og:title\" content=\"Estatuas inacabadas Cabeza de Jes\u00fas #U101 - Holy Land Olive Wood - Bethlehem Olive Wood Factory\" \/>\n<meta property=\"og:description\" content=\"Este busto de Jes\u00fas en madera de olivo de Bel\u00e9n est\u00e1 terminado en un 70%. Puedes tallar a mano las caracter\u00edsticas finales, lijarlo, pintarlo y crear tu propio soporte. Si termina usted mismo esta estatua, se asegurar\u00e1 de hacer un art\u00edculo a medida, que servir\u00e1 como tema de conversaci\u00f3n o como regalo para un ser querido. Este art\u00edculo incluye un certificado de autenticidad que verifica los materiales y las t\u00e9cnicas utilizadas para fabricar este producto. Tama\u00f1o: 7 cm x 7 cm x 12,5 cm (2,75&quot; x 2,75&quot; x 2,75&quot;) Puede consultar el art\u00edculo preparado a trav\u00e9s del siguiente enlace: https:\/\/old.holyland-olivewood.com\/product\/olive-wood-jesus-christ-bust\/ &nbsp;\" \/>\n<meta property=\"og:url\" content=\"https:\/\/old.holyland-olivewood.com\/es\/producto\/inconcluso-estatuas-jesus-cabeza-u101\/\" \/>\n<meta property=\"og:site_name\" content=\"Holy Land Olive Wood - Bethlehem Olive Wood Factory\" \/>\n<meta property=\"article:publisher\" content=\"https:\/\/www.facebook.com\/holylandolivewood.bethlehem\/\" \/>\n<meta property=\"og:image\" content=\"https:\/\/old.holyland-olivewood.com\/wp-content\/uploads\/2022\/10\/unfinished_statues_wooden_diy_wood_u101.jpg\" \/>\n\t<meta property=\"og:image:width\" content=\"1550\" \/>\n\t<meta property=\"og:image:height\" content=\"1200\" \/>\n\t<meta property=\"og:image:type\" content=\"image\/jpeg\" \/>\n<meta name=\"twitter:card\" content=\"summary_large_image\" \/>\n<script type=\"application\/ld+json\" class=\"yoast-schema-graph\">{\"@context\":\"https:\/\/schema.org\",\"@graph\":[{\"@type\":\"WebPage\",\"@id\":\"https:\/\/old.holyland-olivewood.com\/es\/producto\/inconcluso-estatuas-jesus-cabeza-u101\/\",\"url\":\"https:\/\/old.holyland-olivewood.com\/es\/producto\/inconcluso-estatuas-jesus-cabeza-u101\/\",\"name\":\"Estatuas inacabadas Cabeza de Jes\u00fas #U101 - Holy Land Olive Wood - Bethlehem Olive Wood Factory\",\"isPartOf\":{\"@id\":\"https:\/\/old.holyland-olivewood.com\/es\/#website\"},\"primaryImageOfPage\":{\"@id\":\"https:\/\/old.holyland-olivewood.com\/es\/producto\/inconcluso-estatuas-jesus-cabeza-u101\/#primaryimage\"},\"image\":{\"@id\":\"https:\/\/old.holyland-olivewood.com\/es\/producto\/inconcluso-estatuas-jesus-cabeza-u101\/#primaryimage\"},\"thumbnailUrl\":\"https:\/\/old.holyland-olivewood.com\/wp-content\/uploads\/2022\/10\/unfinished_statues_wooden_diy_wood_u101.jpg\",\"datePublished\":\"2023-02-14T16:46:10+00:00\",\"breadcrumb\":{\"@id\":\"https:\/\/old.holyland-olivewood.com\/es\/producto\/inconcluso-estatuas-jesus-cabeza-u101\/#breadcrumb\"},\"inLanguage\":\"es\",\"potentialAction\":[{\"@type\":\"ReadAction\",\"target\":[\"https:\/\/old.holyland-olivewood.com\/es\/producto\/inconcluso-estatuas-jesus-cabeza-u101\/\"]}]},{\"@type\":\"ImageObject\",\"inLanguage\":\"es\",\"@id\":\"https:\/\/old.holyland-olivewood.com\/es\/producto\/inconcluso-estatuas-jesus-cabeza-u101\/#primaryimage\",\"url\":\"https:\/\/old.holyland-olivewood.com\/wp-content\/uploads\/2022\/10\/unfinished_statues_wooden_diy_wood_u101.jpg\",\"contentUrl\":\"https:\/\/old.holyland-olivewood.com\/wp-content\/uploads\/2022\/10\/unfinished_statues_wooden_diy_wood_u101.jpg\",\"width\":1550,\"height\":1200},{\"@type\":\"BreadcrumbList\",\"@id\":\"https:\/\/old.holyland-olivewood.com\/es\/producto\/inconcluso-estatuas-jesus-cabeza-u101\/#breadcrumb\",\"itemListElement\":[{\"@type\":\"ListItem\",\"position\":1,\"name\":\"Home\",\"item\":\"https:\/\/old.holyland-olivewood.com\/es\/\"},{\"@type\":\"ListItem\",\"position\":2,\"name\":\"Tienda\",\"item\":\"https:\/\/old.holyland-olivewood.com\/es\/tienda\/\"},{\"@type\":\"ListItem\",\"position\":3,\"name\":\"Estatuas inacabadas Cabeza de Jes\u00fas #U101\"}]},{\"@type\":\"WebSite\",\"@id\":\"https:\/\/old.holyland-olivewood.com\/es\/#website\",\"url\":\"https:\/\/old.holyland-olivewood.com\/es\/\",\"name\":\"Holy Land Olive Wood - Bethlehem Olive Wood Factory\",\"description\":\"Holy Land Olivewood Bethlehem\",\"publisher\":{\"@id\":\"https:\/\/old.holyland-olivewood.com\/es\/#organization\"},\"potentialAction\":[{\"@type\":\"SearchAction\",\"target\":{\"@type\":\"EntryPoint\",\"urlTemplate\":\"https:\/\/old.holyland-olivewood.com\/es\/?s={search_term_string}\"},\"query-input\":{\"@type\":\"PropertyValueSpecification\",\"valueRequired\":true,\"valueName\":\"search_term_string\"}}],\"inLanguage\":\"es\"},{\"@type\":\"Organization\",\"@id\":\"https:\/\/old.holyland-olivewood.com\/es\/#organization\",\"name\":\"Holy Land Olivewood\",\"url\":\"https:\/\/old.holyland-olivewood.com\/es\/\",\"logo\":{\"@type\":\"ImageObject\",\"inLanguage\":\"es\",\"@id\":\"https:\/\/old.holyland-olivewood.com\/es\/#\/schema\/logo\/image\/\",\"url\":\"\",\"contentUrl\":\"\",\"caption\":\"Holy Land Olivewood\"},\"image\":{\"@id\":\"https:\/\/old.holyland-olivewood.com\/es\/#\/schema\/logo\/image\/\"},\"sameAs\":[\"https:\/\/www.facebook.com\/holylandolivewood.bethlehem\/\",\"http:\/\/instagram.com\/holy.land.olive.wood\"]}]}<\/script>\n<!-- \/ Yoast SEO plugin. -->","yoast_head_json":{"title":"Estatuas inacabadas Cabeza de Jes\u00fas #U101 - Holy Land Olive Wood - Bethlehem Olive Wood Factory","robots":{"index":"index","follow":"follow","max-snippet":"max-snippet:-1","max-image-preview":"max-image-preview:large","max-video-preview":"max-video-preview:-1"},"canonical":"https:\/\/old.holyland-olivewood.com\/es\/producto\/inconcluso-estatuas-jesus-cabeza-u101\/","og_locale":"es_ES","og_type":"article","og_title":"Estatuas inacabadas Cabeza de Jes\u00fas #U101 - Holy Land Olive Wood - Bethlehem Olive Wood Factory","og_description":"Este busto de Jes\u00fas en madera de olivo de Bel\u00e9n est\u00e1 terminado en un 70%. Puedes tallar a mano las caracter\u00edsticas finales, lijarlo, pintarlo y crear tu propio soporte. Si termina usted mismo esta estatua, se asegurar\u00e1 de hacer un art\u00edculo a medida, que servir\u00e1 como tema de conversaci\u00f3n o como regalo para un ser querido. Este art\u00edculo incluye un certificado de autenticidad que verifica los materiales y las t\u00e9cnicas utilizadas para fabricar este producto. Tama\u00f1o: 7 cm x 7 cm x 12,5 cm (2,75\" x 2,75\" x 2,75\") Puede consultar el art\u00edculo preparado a trav\u00e9s del siguiente enlace: https:\/\/old.holyland-olivewood.com\/product\/olive-wood-jesus-christ-bust\/ &nbsp;","og_url":"https:\/\/old.holyland-olivewood.com\/es\/producto\/inconcluso-estatuas-jesus-cabeza-u101\/","og_site_name":"Holy Land Olive Wood - Bethlehem Olive Wood Factory","article_publisher":"https:\/\/www.facebook.com\/holylandolivewood.bethlehem\/","og_image":[{"width":1550,"height":1200,"url":"https:\/\/old.holyland-olivewood.com\/wp-content\/uploads\/2022\/10\/unfinished_statues_wooden_diy_wood_u101.jpg","type":"image\/jpeg"}],"twitter_card":"summary_large_image","schema":{"@context":"https:\/\/schema.org","@graph":[{"@type":"WebPage","@id":"https:\/\/old.holyland-olivewood.com\/es\/producto\/inconcluso-estatuas-jesus-cabeza-u101\/","url":"https:\/\/old.holyland-olivewood.com\/es\/producto\/inconcluso-estatuas-jesus-cabeza-u101\/","name":"Estatuas inacabadas Cabeza de Jes\u00fas #U101 - Holy Land Olive Wood - Bethlehem Olive Wood Factory","isPartOf":{"@id":"https:\/\/old.holyland-olivewood.com\/es\/#website"},"primaryImageOfPage":{"@id":"https:\/\/old.holyland-olivewood.com\/es\/producto\/inconcluso-estatuas-jesus-cabeza-u101\/#primaryimage"},"image":{"@id":"https:\/\/old.holyland-olivewood.com\/es\/producto\/inconcluso-estatuas-jesus-cabeza-u101\/#primaryimage"},"thumbnailUrl":"https:\/\/old.holyland-olivewood.com\/wp-content\/uploads\/2022\/10\/unfinished_statues_wooden_diy_wood_u101.jpg","datePublished":"2023-02-14T16:46:10+00:00","breadcrumb":{"@id":"https:\/\/old.holyland-olivewood.com\/es\/producto\/inconcluso-estatuas-jesus-cabeza-u101\/#breadcrumb"},"inLanguage":"es","potentialAction":[{"@type":"ReadAction","target":["https:\/\/old.holyland-olivewood.com\/es\/producto\/inconcluso-estatuas-jesus-cabeza-u101\/"]}]},{"@type":"ImageObject","inLanguage":"es","@id":"https:\/\/old.holyland-olivewood.com\/es\/producto\/inconcluso-estatuas-jesus-cabeza-u101\/#primaryimage","url":"https:\/\/old.holyland-olivewood.com\/wp-content\/uploads\/2022\/10\/unfinished_statues_wooden_diy_wood_u101.jpg","contentUrl":"https:\/\/old.holyland-olivewood.com\/wp-content\/uploads\/2022\/10\/unfinished_statues_wooden_diy_wood_u101.jpg","width":1550,"height":1200},{"@type":"BreadcrumbList","@id":"https:\/\/old.holyland-olivewood.com\/es\/producto\/inconcluso-estatuas-jesus-cabeza-u101\/#breadcrumb","itemListElement":[{"@type":"ListItem","position":1,"name":"Home","item":"https:\/\/old.holyland-olivewood.com\/es\/"},{"@type":"ListItem","position":2,"name":"Tienda","item":"https:\/\/old.holyland-olivewood.com\/es\/tienda\/"},{"@type":"ListItem","position":3,"name":"Estatuas inacabadas Cabeza de Jes\u00fas #U101"}]},{"@type":"WebSite","@id":"https:\/\/old.holyland-olivewood.com\/es\/#website","url":"https:\/\/old.holyland-olivewood.com\/es\/","name":"Holy Land Olive Wood - Bethlehem Olive Wood Factory","description":"Holy Land Olivewood Bethlehem","publisher":{"@id":"https:\/\/old.holyland-olivewood.com\/es\/#organization"},"potentialAction":[{"@type":"SearchAction","target":{"@type":"EntryPoint","urlTemplate":"https:\/\/old.holyland-olivewood.com\/es\/?s={search_term_string}"},"query-input":{"@type":"PropertyValueSpecification","valueRequired":true,"valueName":"search_term_string"}}],"inLanguage":"es"},{"@type":"Organization","@id":"https:\/\/old.holyland-olivewood.com\/es\/#organization","name":"Holy Land Olivewood","url":"https:\/\/old.holyland-olivewood.com\/es\/","logo":{"@type":"ImageObject","inLanguage":"es","@id":"https:\/\/old.holyland-olivewood.com\/es\/#\/schema\/logo\/image\/","url":"","contentUrl":"","caption":"Holy Land Olivewood"},"image":{"@id":"https:\/\/old.holyland-olivewood.com\/es\/#\/schema\/logo\/image\/"},"sameAs":["https:\/\/www.facebook.com\/holylandolivewood.bethlehem\/","http:\/\/instagram.com\/holy.land.olive.wood"]}]}},"_links":{"self":[{"href":"https:\/\/old.holyland-olivewood.com\/es\/wp-json\/wp\/v2\/product\/53422","targetHints":{"allow":["GET"]}}],"collection":[{"href":"https:\/\/old.holyland-olivewood.com\/es\/wp-json\/wp\/v2\/product"}],"about":[{"href":"https:\/\/old.holyland-olivewood.com\/es\/wp-json\/wp\/v2\/types\/product"}],"wp:featuredmedia":[{"embeddable":true,"href":"https:\/\/old.holyland-olivewood.com\/es\/wp-json\/wp\/v2\/media\/53423"}],"wp:attachment":[{"href":"https:\/\/old.holyland-olivewood.com\/es\/wp-json\/wp\/v2\/media?parent=53422"}],"wp:term":[{"taxonomy":"product_brand","embeddable":true,"href":"https:\/\/old.holyland-olivewood.com\/es\/wp-json\/wp\/v2\/product_brand?post=53422"},{"taxonomy":"product_cat","embeddable":true,"href":"https:\/\/old.holyland-olivewood.com\/es\/wp-json\/wp\/v2\/product_cat?post=53422"},{"taxonomy":"product_tag","embeddable":true,"href":"https:\/\/old.holyland-olivewood.com\/es\/wp-json\/wp\/v2\/product_tag?post=53422"}],"curies":[{"name":"wp","href":"https:\/\/api.w.org\/{rel}","templated":true}]}}