{"id":47583,"date":"2016-05-29T21:32:08","date_gmt":"2022-02-12T13:39:08","guid":{"rendered":"https:\/\/old.holyland-olivewood.com\/product\/hojas-en-blanco-de-madera-de-oliva-20-pk-0-75-x-0-75x-2-75-p103\/"},"modified":"2022-02-12T13:39:08","modified_gmt":"2022-02-12T13:39:08","slug":"oliva-madera-pluma-espacios-en-blanco-20-pk-0-75-x-0-75x-2-75-2","status":"publish","type":"product","link":"https:\/\/old.holyland-olivewood.com\/es\/producto\/oliva-madera-pluma-espacios-en-blanco-20-pk-0-75-x-0-75x-2-75-2\/","title":{"rendered":"Hojas en blanco de madera de oliva 20 Pk (0.75&#8243; x 0.75&#8243;x 2.75&#8243;) #P103"},"content":{"rendered":"","protected":false},"excerpt":{"rendered":"<p>Este paquete de 20 piezas en blanco de pluma cortadas con precisi\u00f3n se fabrica en Tierra Santa a partir de aceitunas de Bel\u00e9n aut\u00e9nticas y cosechadas de manera sostenible. Demuestran perfectamente los diversos colores, l\u00edneas y patrones que se encuentran en el grano de madera de olivo. Cada espacio en blanco est\u00e1 libre de defectos.<\/p>\n<p>Este art\u00edculo incluye un certificado de autenticidad que verifica los materiales y t\u00e9cnicas utilizadas para fabricar este producto.<\/p>\n<p>Tama\u00f1o: 1.9 cm x 1.9 cm x 7 cm (0.75&#8243; x 0.75&#8243;x 2.75&#8243;)<\/p>\n","protected":false},"featured_media":27522,"template":"","meta":[],"product_brand":[],"product_cat":[2047,2388],"product_tag":[2099,2100,2090,2065,2096,2097,2074,2057,860,2070,2086,2098,813,2051,2093,2081,2060,2101,821,2095],"class_list":{"0":"post-47583","1":"product","2":"type-product","3":"status-publish","4":"has-post-thumbnail","6":"product_cat-madera-de-olivo","7":"product_cat-lapiz-en-blanco","8":"product_tag-artesania","9":"product_tag-belen-jerusalen","10":"product_tag-block-es","11":"product_tag-botiquin","12":"product_tag-bricolaje","13":"product_tag-casero","14":"product_tag-espacio-en-blanco","15":"product_tag-espacios","16":"product_tag-haandlavet-es","17":"product_tag-kits-es","18":"product_tag-losas","19":"product_tag-oficio","20":"product_tag-olivo","21":"product_tag-pluma","22":"product_tag-registro-es","23":"product_tag-tabla","24":"product_tag-tazon","25":"product_tag-tierra-santa","26":"product_tag-trae-es","27":"product_tag-trozas","29":"first","30":"instock","31":"sale","32":"shipping-taxable","33":"purchasable","34":"product-type-simple"},"yoast_head":"<!-- This site is optimized with the Yoast SEO plugin v24.8.1 - https:\/\/yoast.com\/wordpress\/plugins\/seo\/ -->\n<title>Hojas en blanco de madera de oliva 20 Pk (0.75&quot; x 0.75&quot;x 2.75&quot;) #P103 - Holy Land Olive Wood - Bethlehem Olive Wood Factory<\/title>\n<meta name=\"description\" content=\"Artesan\u00edas de madera de olivo de Bel\u00e9n (es decir, rosarios, utensilios de cocina, natividad, conjuntos, cuentas) tallas de bol\u00edgrafos, losas, bloques y existencias en bruto en dimensiones est\u00e1ndar y personalizadas.\" \/>\n<meta name=\"robots\" content=\"index, follow, max-snippet:-1, max-image-preview:large, max-video-preview:-1\" \/>\n<link rel=\"canonical\" href=\"https:\/\/old.holyland-olivewood.com\/es\/producto\/oliva-madera-pluma-espacios-en-blanco-20-pk-0-75-x-0-75x-2-75-2\/\" \/>\n<meta property=\"og:locale\" content=\"es_ES\" \/>\n<meta property=\"og:type\" content=\"article\" \/>\n<meta property=\"og:title\" content=\"Hojas en blanco de madera de oliva 20 Pk (0.75&quot; x 0.75&quot;x 2.75&quot;) #P103 - Holy Land Olive Wood - Bethlehem Olive Wood Factory\" \/>\n<meta property=\"og:description\" content=\"Artesan\u00edas de madera de olivo de Bel\u00e9n (es decir, rosarios, utensilios de cocina, natividad, conjuntos, cuentas) tallas de bol\u00edgrafos, losas, bloques y existencias en bruto en dimensiones est\u00e1ndar y personalizadas.\" \/>\n<meta property=\"og:url\" content=\"https:\/\/old.holyland-olivewood.com\/es\/producto\/oliva-madera-pluma-espacios-en-blanco-20-pk-0-75-x-0-75x-2-75-2\/\" \/>\n<meta property=\"og:site_name\" content=\"Holy Land Olive Wood - Bethlehem Olive Wood Factory\" \/>\n<meta property=\"article:publisher\" content=\"https:\/\/www.facebook.com\/holylandolivewood.bethlehem\/\" \/>\n<meta property=\"og:image\" content=\"https:\/\/old.holyland-olivewood.com\/wp-content\/uploads\/2016\/05\/20_pieces_pen_blanks_holy_land_olive_wood_bethlehem_p103.jpg\" \/>\n\t<meta property=\"og:image:width\" content=\"1550\" \/>\n\t<meta property=\"og:image:height\" content=\"1200\" \/>\n\t<meta property=\"og:image:type\" content=\"image\/jpeg\" \/>\n<meta name=\"twitter:card\" content=\"summary_large_image\" \/>\n<script type=\"application\/ld+json\" class=\"yoast-schema-graph\">{\"@context\":\"https:\/\/schema.org\",\"@graph\":[{\"@type\":\"WebPage\",\"@id\":\"https:\/\/old.holyland-olivewood.com\/es\/producto\/oliva-madera-pluma-espacios-en-blanco-20-pk-0-75-x-0-75x-2-75-2\/\",\"url\":\"https:\/\/old.holyland-olivewood.com\/es\/producto\/oliva-madera-pluma-espacios-en-blanco-20-pk-0-75-x-0-75x-2-75-2\/\",\"name\":\"Hojas en blanco de madera de oliva 20 Pk (0.75\\\" x 0.75\\\"x 2.75\\\") #P103 - Holy Land Olive Wood - Bethlehem Olive Wood Factory\",\"isPartOf\":{\"@id\":\"https:\/\/old.holyland-olivewood.com\/es\/#website\"},\"primaryImageOfPage\":{\"@id\":\"https:\/\/old.holyland-olivewood.com\/es\/producto\/oliva-madera-pluma-espacios-en-blanco-20-pk-0-75-x-0-75x-2-75-2\/#primaryimage\"},\"image\":{\"@id\":\"https:\/\/old.holyland-olivewood.com\/es\/producto\/oliva-madera-pluma-espacios-en-blanco-20-pk-0-75-x-0-75x-2-75-2\/#primaryimage\"},\"thumbnailUrl\":\"https:\/\/old.holyland-olivewood.com\/wp-content\/uploads\/2016\/05\/20_pieces_pen_blanks_holy_land_olive_wood_bethlehem_p103.jpg\",\"datePublished\":\"2022-02-12T13:39:08+00:00\",\"description\":\"Artesan\u00edas de madera de olivo de Bel\u00e9n (es decir, rosarios, utensilios de cocina, natividad, conjuntos, cuentas) tallas de bol\u00edgrafos, losas, bloques y existencias en bruto en dimensiones est\u00e1ndar y personalizadas.\",\"breadcrumb\":{\"@id\":\"https:\/\/old.holyland-olivewood.com\/es\/producto\/oliva-madera-pluma-espacios-en-blanco-20-pk-0-75-x-0-75x-2-75-2\/#breadcrumb\"},\"inLanguage\":\"es\",\"potentialAction\":[{\"@type\":\"ReadAction\",\"target\":[\"https:\/\/old.holyland-olivewood.com\/es\/producto\/oliva-madera-pluma-espacios-en-blanco-20-pk-0-75-x-0-75x-2-75-2\/\"]}]},{\"@type\":\"ImageObject\",\"inLanguage\":\"es\",\"@id\":\"https:\/\/old.holyland-olivewood.com\/es\/producto\/oliva-madera-pluma-espacios-en-blanco-20-pk-0-75-x-0-75x-2-75-2\/#primaryimage\",\"url\":\"https:\/\/old.holyland-olivewood.com\/wp-content\/uploads\/2016\/05\/20_pieces_pen_blanks_holy_land_olive_wood_bethlehem_p103.jpg\",\"contentUrl\":\"https:\/\/old.holyland-olivewood.com\/wp-content\/uploads\/2016\/05\/20_pieces_pen_blanks_holy_land_olive_wood_bethlehem_p103.jpg\",\"width\":1550,\"height\":1200},{\"@type\":\"BreadcrumbList\",\"@id\":\"https:\/\/old.holyland-olivewood.com\/es\/producto\/oliva-madera-pluma-espacios-en-blanco-20-pk-0-75-x-0-75x-2-75-2\/#breadcrumb\",\"itemListElement\":[{\"@type\":\"ListItem\",\"position\":1,\"name\":\"Home\",\"item\":\"https:\/\/old.holyland-olivewood.com\/es\/\"},{\"@type\":\"ListItem\",\"position\":2,\"name\":\"Tienda\",\"item\":\"https:\/\/old.holyland-olivewood.com\/es\/tienda\/\"},{\"@type\":\"ListItem\",\"position\":3,\"name\":\"Hojas en blanco de madera de oliva 20 Pk (0.75&#8243; x 0.75&#8243;x 2.75&#8243;) #P103\"}]},{\"@type\":\"WebSite\",\"@id\":\"https:\/\/old.holyland-olivewood.com\/es\/#website\",\"url\":\"https:\/\/old.holyland-olivewood.com\/es\/\",\"name\":\"Holy Land Olive Wood - Bethlehem Olive Wood Factory\",\"description\":\"Holy Land Olivewood Bethlehem\",\"publisher\":{\"@id\":\"https:\/\/old.holyland-olivewood.com\/es\/#organization\"},\"potentialAction\":[{\"@type\":\"SearchAction\",\"target\":{\"@type\":\"EntryPoint\",\"urlTemplate\":\"https:\/\/old.holyland-olivewood.com\/es\/?s={search_term_string}\"},\"query-input\":{\"@type\":\"PropertyValueSpecification\",\"valueRequired\":true,\"valueName\":\"search_term_string\"}}],\"inLanguage\":\"es\"},{\"@type\":\"Organization\",\"@id\":\"https:\/\/old.holyland-olivewood.com\/es\/#organization\",\"name\":\"Holy Land Olivewood\",\"url\":\"https:\/\/old.holyland-olivewood.com\/es\/\",\"logo\":{\"@type\":\"ImageObject\",\"inLanguage\":\"es\",\"@id\":\"https:\/\/old.holyland-olivewood.com\/es\/#\/schema\/logo\/image\/\",\"url\":\"\",\"contentUrl\":\"\",\"caption\":\"Holy Land Olivewood\"},\"image\":{\"@id\":\"https:\/\/old.holyland-olivewood.com\/es\/#\/schema\/logo\/image\/\"},\"sameAs\":[\"https:\/\/www.facebook.com\/holylandolivewood.bethlehem\/\",\"http:\/\/instagram.com\/holy.land.olive.wood\"]}]}<\/script>\n<!-- \/ Yoast SEO plugin. -->","yoast_head_json":{"title":"Hojas en blanco de madera de oliva 20 Pk (0.75\" x 0.75\"x 2.75\") #P103 - Holy Land Olive Wood - Bethlehem Olive Wood Factory","description":"Artesan\u00edas de madera de olivo de Bel\u00e9n (es decir, rosarios, utensilios de cocina, natividad, conjuntos, cuentas) tallas de bol\u00edgrafos, losas, bloques y existencias en bruto en dimensiones est\u00e1ndar y personalizadas.","robots":{"index":"index","follow":"follow","max-snippet":"max-snippet:-1","max-image-preview":"max-image-preview:large","max-video-preview":"max-video-preview:-1"},"canonical":"https:\/\/old.holyland-olivewood.com\/es\/producto\/oliva-madera-pluma-espacios-en-blanco-20-pk-0-75-x-0-75x-2-75-2\/","og_locale":"es_ES","og_type":"article","og_title":"Hojas en blanco de madera de oliva 20 Pk (0.75\" x 0.75\"x 2.75\") #P103 - Holy Land Olive Wood - Bethlehem Olive Wood Factory","og_description":"Artesan\u00edas de madera de olivo de Bel\u00e9n (es decir, rosarios, utensilios de cocina, natividad, conjuntos, cuentas) tallas de bol\u00edgrafos, losas, bloques y existencias en bruto en dimensiones est\u00e1ndar y personalizadas.","og_url":"https:\/\/old.holyland-olivewood.com\/es\/producto\/oliva-madera-pluma-espacios-en-blanco-20-pk-0-75-x-0-75x-2-75-2\/","og_site_name":"Holy Land Olive Wood - Bethlehem Olive Wood Factory","article_publisher":"https:\/\/www.facebook.com\/holylandolivewood.bethlehem\/","og_image":[{"width":1550,"height":1200,"url":"https:\/\/old.holyland-olivewood.com\/wp-content\/uploads\/2016\/05\/20_pieces_pen_blanks_holy_land_olive_wood_bethlehem_p103.jpg","type":"image\/jpeg"}],"twitter_card":"summary_large_image","schema":{"@context":"https:\/\/schema.org","@graph":[{"@type":"WebPage","@id":"https:\/\/old.holyland-olivewood.com\/es\/producto\/oliva-madera-pluma-espacios-en-blanco-20-pk-0-75-x-0-75x-2-75-2\/","url":"https:\/\/old.holyland-olivewood.com\/es\/producto\/oliva-madera-pluma-espacios-en-blanco-20-pk-0-75-x-0-75x-2-75-2\/","name":"Hojas en blanco de madera de oliva 20 Pk (0.75\" x 0.75\"x 2.75\") #P103 - Holy Land Olive Wood - Bethlehem Olive Wood Factory","isPartOf":{"@id":"https:\/\/old.holyland-olivewood.com\/es\/#website"},"primaryImageOfPage":{"@id":"https:\/\/old.holyland-olivewood.com\/es\/producto\/oliva-madera-pluma-espacios-en-blanco-20-pk-0-75-x-0-75x-2-75-2\/#primaryimage"},"image":{"@id":"https:\/\/old.holyland-olivewood.com\/es\/producto\/oliva-madera-pluma-espacios-en-blanco-20-pk-0-75-x-0-75x-2-75-2\/#primaryimage"},"thumbnailUrl":"https:\/\/old.holyland-olivewood.com\/wp-content\/uploads\/2016\/05\/20_pieces_pen_blanks_holy_land_olive_wood_bethlehem_p103.jpg","datePublished":"2022-02-12T13:39:08+00:00","description":"Artesan\u00edas de madera de olivo de Bel\u00e9n (es decir, rosarios, utensilios de cocina, natividad, conjuntos, cuentas) tallas de bol\u00edgrafos, losas, bloques y existencias en bruto en dimensiones est\u00e1ndar y personalizadas.","breadcrumb":{"@id":"https:\/\/old.holyland-olivewood.com\/es\/producto\/oliva-madera-pluma-espacios-en-blanco-20-pk-0-75-x-0-75x-2-75-2\/#breadcrumb"},"inLanguage":"es","potentialAction":[{"@type":"ReadAction","target":["https:\/\/old.holyland-olivewood.com\/es\/producto\/oliva-madera-pluma-espacios-en-blanco-20-pk-0-75-x-0-75x-2-75-2\/"]}]},{"@type":"ImageObject","inLanguage":"es","@id":"https:\/\/old.holyland-olivewood.com\/es\/producto\/oliva-madera-pluma-espacios-en-blanco-20-pk-0-75-x-0-75x-2-75-2\/#primaryimage","url":"https:\/\/old.holyland-olivewood.com\/wp-content\/uploads\/2016\/05\/20_pieces_pen_blanks_holy_land_olive_wood_bethlehem_p103.jpg","contentUrl":"https:\/\/old.holyland-olivewood.com\/wp-content\/uploads\/2016\/05\/20_pieces_pen_blanks_holy_land_olive_wood_bethlehem_p103.jpg","width":1550,"height":1200},{"@type":"BreadcrumbList","@id":"https:\/\/old.holyland-olivewood.com\/es\/producto\/oliva-madera-pluma-espacios-en-blanco-20-pk-0-75-x-0-75x-2-75-2\/#breadcrumb","itemListElement":[{"@type":"ListItem","position":1,"name":"Home","item":"https:\/\/old.holyland-olivewood.com\/es\/"},{"@type":"ListItem","position":2,"name":"Tienda","item":"https:\/\/old.holyland-olivewood.com\/es\/tienda\/"},{"@type":"ListItem","position":3,"name":"Hojas en blanco de madera de oliva 20 Pk (0.75&#8243; x 0.75&#8243;x 2.75&#8243;) #P103"}]},{"@type":"WebSite","@id":"https:\/\/old.holyland-olivewood.com\/es\/#website","url":"https:\/\/old.holyland-olivewood.com\/es\/","name":"Holy Land Olive Wood - Bethlehem Olive Wood Factory","description":"Holy Land Olivewood Bethlehem","publisher":{"@id":"https:\/\/old.holyland-olivewood.com\/es\/#organization"},"potentialAction":[{"@type":"SearchAction","target":{"@type":"EntryPoint","urlTemplate":"https:\/\/old.holyland-olivewood.com\/es\/?s={search_term_string}"},"query-input":{"@type":"PropertyValueSpecification","valueRequired":true,"valueName":"search_term_string"}}],"inLanguage":"es"},{"@type":"Organization","@id":"https:\/\/old.holyland-olivewood.com\/es\/#organization","name":"Holy Land Olivewood","url":"https:\/\/old.holyland-olivewood.com\/es\/","logo":{"@type":"ImageObject","inLanguage":"es","@id":"https:\/\/old.holyland-olivewood.com\/es\/#\/schema\/logo\/image\/","url":"","contentUrl":"","caption":"Holy Land Olivewood"},"image":{"@id":"https:\/\/old.holyland-olivewood.com\/es\/#\/schema\/logo\/image\/"},"sameAs":["https:\/\/www.facebook.com\/holylandolivewood.bethlehem\/","http:\/\/instagram.com\/holy.land.olive.wood"]}]}},"_links":{"self":[{"href":"https:\/\/old.holyland-olivewood.com\/es\/wp-json\/wp\/v2\/product\/47583","targetHints":{"allow":["GET"]}}],"collection":[{"href":"https:\/\/old.holyland-olivewood.com\/es\/wp-json\/wp\/v2\/product"}],"about":[{"href":"https:\/\/old.holyland-olivewood.com\/es\/wp-json\/wp\/v2\/types\/product"}],"wp:featuredmedia":[{"embeddable":true,"href":"https:\/\/old.holyland-olivewood.com\/es\/wp-json\/wp\/v2\/media\/27522"}],"wp:attachment":[{"href":"https:\/\/old.holyland-olivewood.com\/es\/wp-json\/wp\/v2\/media?parent=47583"}],"wp:term":[{"taxonomy":"product_brand","embeddable":true,"href":"https:\/\/old.holyland-olivewood.com\/es\/wp-json\/wp\/v2\/product_brand?post=47583"},{"taxonomy":"product_cat","embeddable":true,"href":"https:\/\/old.holyland-olivewood.com\/es\/wp-json\/wp\/v2\/product_cat?post=47583"},{"taxonomy":"product_tag","embeddable":true,"href":"https:\/\/old.holyland-olivewood.com\/es\/wp-json\/wp\/v2\/product_tag?post=47583"}],"curies":[{"name":"wp","href":"https:\/\/api.w.org\/{rel}","templated":true}]}}