{"id":47525,"date":"2016-05-30T09:12:21","date_gmt":"2022-02-12T08:53:40","guid":{"rendered":"https:\/\/old.holyland-olivewood.com\/product\/bloque-de-madera-de-olivo-2-x-2-x-2-5-bl106\/"},"modified":"2022-02-12T08:53:40","modified_gmt":"2022-02-12T08:53:40","slug":"olivo-madera-bloque-2-x-2-x-2-5","status":"publish","type":"product","link":"https:\/\/old.holyland-olivewood.com\/es\/producto\/olivo-madera-bloque-2-x-2-x-2-5\/","title":{"rendered":"Bloque de madera de olivo (2&#8243; x 2&#8243; x 2.5&#8243;) #BL106"},"content":{"rendered":"","protected":false},"excerpt":{"rendered":"<p>Estos bloques cortados con precisi\u00f3n se fabrican en Tierra Santa a partir de un aut\u00e9ntico olivo de Bel\u00e9n cosechado de manera sostenible. Cada bloque est\u00e1 libre de defectos.<\/p>\n<p>Este art\u00edculo incluye un certificado de autenticidad que verifica los materiales y t\u00e9cnicas utilizadas para fabricar este producto.<\/p>\n<p>Tama\u00f1o: 5 cm x 5 cm x 6.5 cm (2&#8243; x 2&#8243; x 2.5&#8243;)<\/p>\n","protected":false},"featured_media":27534,"template":"","meta":[],"product_brand":[],"product_cat":[2047,3898],"product_tag":[2099,2100,2090,2065,2096,2097,2074,2057,860,2070,2086,2098,813,2051,2093,2081,2060,2101,821,2095],"class_list":{"0":"post-47525","1":"product","2":"type-product","3":"status-publish","4":"has-post-thumbnail","6":"product_cat-madera-de-olivo","7":"product_cat-bloques","8":"product_tag-artesania","9":"product_tag-belen-jerusalen","10":"product_tag-block-es","11":"product_tag-botiquin","12":"product_tag-bricolaje","13":"product_tag-casero","14":"product_tag-espacio-en-blanco","15":"product_tag-espacios","16":"product_tag-haandlavet-es","17":"product_tag-kits-es","18":"product_tag-losas","19":"product_tag-oficio","20":"product_tag-olivo","21":"product_tag-pluma","22":"product_tag-registro-es","23":"product_tag-tabla","24":"product_tag-tazon","25":"product_tag-tierra-santa","26":"product_tag-trae-es","27":"product_tag-trozas","29":"first","30":"instock","31":"shipping-taxable","32":"purchasable","33":"product-type-simple"},"yoast_head":"<!-- This site is optimized with the Yoast SEO plugin v24.8.1 - https:\/\/yoast.com\/wordpress\/plugins\/seo\/ -->\n<title>Bloque de madera de olivo (2&quot; x 2&quot; x 2.5&quot;) #BL106 - Holy Land Olive Wood - Bethlehem Olive Wood Factory<\/title>\n<meta name=\"description\" content=\"Artesan\u00edas de madera de olivo de Bel\u00e9n (es decir, rosarios, utensilios de cocina, natividad, conjuntos, cuentas) tallas de bol\u00edgrafos, losas, bloques y existencias en bruto en dimensiones est\u00e1ndar y personalizadas.\" \/>\n<meta name=\"robots\" content=\"index, follow, max-snippet:-1, max-image-preview:large, max-video-preview:-1\" \/>\n<link rel=\"canonical\" href=\"https:\/\/old.holyland-olivewood.com\/es\/producto\/olivo-madera-bloque-2-x-2-x-2-5\/\" \/>\n<meta property=\"og:locale\" content=\"es_ES\" \/>\n<meta property=\"og:type\" content=\"article\" \/>\n<meta property=\"og:title\" content=\"Bloque de madera de olivo (2&quot; x 2&quot; x 2.5&quot;) #BL106 - Holy Land Olive Wood - Bethlehem Olive Wood Factory\" \/>\n<meta property=\"og:description\" content=\"Artesan\u00edas de madera de olivo de Bel\u00e9n (es decir, rosarios, utensilios de cocina, natividad, conjuntos, cuentas) tallas de bol\u00edgrafos, losas, bloques y existencias en bruto en dimensiones est\u00e1ndar y personalizadas.\" \/>\n<meta property=\"og:url\" content=\"https:\/\/old.holyland-olivewood.com\/es\/producto\/olivo-madera-bloque-2-x-2-x-2-5\/\" \/>\n<meta property=\"og:site_name\" content=\"Holy Land Olive Wood - Bethlehem Olive Wood Factory\" \/>\n<meta property=\"article:publisher\" content=\"https:\/\/www.facebook.com\/holylandolivewood.bethlehem\/\" \/>\n<meta property=\"og:image\" content=\"https:\/\/old.holyland-olivewood.com\/wp-content\/uploads\/2016\/05\/blocks_holy_land_olive_wood_bethlehem.jpg\" \/>\n\t<meta property=\"og:image:width\" content=\"1550\" \/>\n\t<meta property=\"og:image:height\" content=\"1200\" \/>\n\t<meta property=\"og:image:type\" content=\"image\/jpeg\" \/>\n<meta name=\"twitter:card\" content=\"summary_large_image\" \/>\n<script type=\"application\/ld+json\" class=\"yoast-schema-graph\">{\"@context\":\"https:\/\/schema.org\",\"@graph\":[{\"@type\":\"WebPage\",\"@id\":\"https:\/\/old.holyland-olivewood.com\/es\/producto\/olivo-madera-bloque-2-x-2-x-2-5\/\",\"url\":\"https:\/\/old.holyland-olivewood.com\/es\/producto\/olivo-madera-bloque-2-x-2-x-2-5\/\",\"name\":\"Bloque de madera de olivo (2\\\" x 2\\\" x 2.5\\\") #BL106 - Holy Land Olive Wood - Bethlehem Olive Wood Factory\",\"isPartOf\":{\"@id\":\"https:\/\/old.holyland-olivewood.com\/es\/#website\"},\"primaryImageOfPage\":{\"@id\":\"https:\/\/old.holyland-olivewood.com\/es\/producto\/olivo-madera-bloque-2-x-2-x-2-5\/#primaryimage\"},\"image\":{\"@id\":\"https:\/\/old.holyland-olivewood.com\/es\/producto\/olivo-madera-bloque-2-x-2-x-2-5\/#primaryimage\"},\"thumbnailUrl\":\"https:\/\/old.holyland-olivewood.com\/wp-content\/uploads\/2016\/05\/blocks_holy_land_olive_wood_bethlehem.jpg\",\"datePublished\":\"2022-02-12T08:53:40+00:00\",\"description\":\"Artesan\u00edas de madera de olivo de Bel\u00e9n (es decir, rosarios, utensilios de cocina, natividad, conjuntos, cuentas) tallas de bol\u00edgrafos, losas, bloques y existencias en bruto en dimensiones est\u00e1ndar y personalizadas.\",\"breadcrumb\":{\"@id\":\"https:\/\/old.holyland-olivewood.com\/es\/producto\/olivo-madera-bloque-2-x-2-x-2-5\/#breadcrumb\"},\"inLanguage\":\"es\",\"potentialAction\":[{\"@type\":\"ReadAction\",\"target\":[\"https:\/\/old.holyland-olivewood.com\/es\/producto\/olivo-madera-bloque-2-x-2-x-2-5\/\"]}]},{\"@type\":\"ImageObject\",\"inLanguage\":\"es\",\"@id\":\"https:\/\/old.holyland-olivewood.com\/es\/producto\/olivo-madera-bloque-2-x-2-x-2-5\/#primaryimage\",\"url\":\"https:\/\/old.holyland-olivewood.com\/wp-content\/uploads\/2016\/05\/blocks_holy_land_olive_wood_bethlehem.jpg\",\"contentUrl\":\"https:\/\/old.holyland-olivewood.com\/wp-content\/uploads\/2016\/05\/blocks_holy_land_olive_wood_bethlehem.jpg\",\"width\":1550,\"height\":1200},{\"@type\":\"BreadcrumbList\",\"@id\":\"https:\/\/old.holyland-olivewood.com\/es\/producto\/olivo-madera-bloque-2-x-2-x-2-5\/#breadcrumb\",\"itemListElement\":[{\"@type\":\"ListItem\",\"position\":1,\"name\":\"Home\",\"item\":\"https:\/\/old.holyland-olivewood.com\/es\/\"},{\"@type\":\"ListItem\",\"position\":2,\"name\":\"Tienda\",\"item\":\"https:\/\/old.holyland-olivewood.com\/es\/tienda\/\"},{\"@type\":\"ListItem\",\"position\":3,\"name\":\"Bloque de madera de olivo (2&#8243; x 2&#8243; x 2.5&#8243;) #BL106\"}]},{\"@type\":\"WebSite\",\"@id\":\"https:\/\/old.holyland-olivewood.com\/es\/#website\",\"url\":\"https:\/\/old.holyland-olivewood.com\/es\/\",\"name\":\"Holy Land Olive Wood - Bethlehem Olive Wood Factory\",\"description\":\"Holy Land Olivewood Bethlehem\",\"publisher\":{\"@id\":\"https:\/\/old.holyland-olivewood.com\/es\/#organization\"},\"potentialAction\":[{\"@type\":\"SearchAction\",\"target\":{\"@type\":\"EntryPoint\",\"urlTemplate\":\"https:\/\/old.holyland-olivewood.com\/es\/?s={search_term_string}\"},\"query-input\":{\"@type\":\"PropertyValueSpecification\",\"valueRequired\":true,\"valueName\":\"search_term_string\"}}],\"inLanguage\":\"es\"},{\"@type\":\"Organization\",\"@id\":\"https:\/\/old.holyland-olivewood.com\/es\/#organization\",\"name\":\"Holy Land Olivewood\",\"url\":\"https:\/\/old.holyland-olivewood.com\/es\/\",\"logo\":{\"@type\":\"ImageObject\",\"inLanguage\":\"es\",\"@id\":\"https:\/\/old.holyland-olivewood.com\/es\/#\/schema\/logo\/image\/\",\"url\":\"\",\"contentUrl\":\"\",\"caption\":\"Holy Land Olivewood\"},\"image\":{\"@id\":\"https:\/\/old.holyland-olivewood.com\/es\/#\/schema\/logo\/image\/\"},\"sameAs\":[\"https:\/\/www.facebook.com\/holylandolivewood.bethlehem\/\",\"http:\/\/instagram.com\/holy.land.olive.wood\"]}]}<\/script>\n<!-- \/ Yoast SEO plugin. -->","yoast_head_json":{"title":"Bloque de madera de olivo (2\" x 2\" x 2.5\") #BL106 - Holy Land Olive Wood - Bethlehem Olive Wood Factory","description":"Artesan\u00edas de madera de olivo de Bel\u00e9n (es decir, rosarios, utensilios de cocina, natividad, conjuntos, cuentas) tallas de bol\u00edgrafos, losas, bloques y existencias en bruto en dimensiones est\u00e1ndar y personalizadas.","robots":{"index":"index","follow":"follow","max-snippet":"max-snippet:-1","max-image-preview":"max-image-preview:large","max-video-preview":"max-video-preview:-1"},"canonical":"https:\/\/old.holyland-olivewood.com\/es\/producto\/olivo-madera-bloque-2-x-2-x-2-5\/","og_locale":"es_ES","og_type":"article","og_title":"Bloque de madera de olivo (2\" x 2\" x 2.5\") #BL106 - Holy Land Olive Wood - Bethlehem Olive Wood Factory","og_description":"Artesan\u00edas de madera de olivo de Bel\u00e9n (es decir, rosarios, utensilios de cocina, natividad, conjuntos, cuentas) tallas de bol\u00edgrafos, losas, bloques y existencias en bruto en dimensiones est\u00e1ndar y personalizadas.","og_url":"https:\/\/old.holyland-olivewood.com\/es\/producto\/olivo-madera-bloque-2-x-2-x-2-5\/","og_site_name":"Holy Land Olive Wood - Bethlehem Olive Wood Factory","article_publisher":"https:\/\/www.facebook.com\/holylandolivewood.bethlehem\/","og_image":[{"width":1550,"height":1200,"url":"https:\/\/old.holyland-olivewood.com\/wp-content\/uploads\/2016\/05\/blocks_holy_land_olive_wood_bethlehem.jpg","type":"image\/jpeg"}],"twitter_card":"summary_large_image","schema":{"@context":"https:\/\/schema.org","@graph":[{"@type":"WebPage","@id":"https:\/\/old.holyland-olivewood.com\/es\/producto\/olivo-madera-bloque-2-x-2-x-2-5\/","url":"https:\/\/old.holyland-olivewood.com\/es\/producto\/olivo-madera-bloque-2-x-2-x-2-5\/","name":"Bloque de madera de olivo (2\" x 2\" x 2.5\") #BL106 - Holy Land Olive Wood - Bethlehem Olive Wood Factory","isPartOf":{"@id":"https:\/\/old.holyland-olivewood.com\/es\/#website"},"primaryImageOfPage":{"@id":"https:\/\/old.holyland-olivewood.com\/es\/producto\/olivo-madera-bloque-2-x-2-x-2-5\/#primaryimage"},"image":{"@id":"https:\/\/old.holyland-olivewood.com\/es\/producto\/olivo-madera-bloque-2-x-2-x-2-5\/#primaryimage"},"thumbnailUrl":"https:\/\/old.holyland-olivewood.com\/wp-content\/uploads\/2016\/05\/blocks_holy_land_olive_wood_bethlehem.jpg","datePublished":"2022-02-12T08:53:40+00:00","description":"Artesan\u00edas de madera de olivo de Bel\u00e9n (es decir, rosarios, utensilios de cocina, natividad, conjuntos, cuentas) tallas de bol\u00edgrafos, losas, bloques y existencias en bruto en dimensiones est\u00e1ndar y personalizadas.","breadcrumb":{"@id":"https:\/\/old.holyland-olivewood.com\/es\/producto\/olivo-madera-bloque-2-x-2-x-2-5\/#breadcrumb"},"inLanguage":"es","potentialAction":[{"@type":"ReadAction","target":["https:\/\/old.holyland-olivewood.com\/es\/producto\/olivo-madera-bloque-2-x-2-x-2-5\/"]}]},{"@type":"ImageObject","inLanguage":"es","@id":"https:\/\/old.holyland-olivewood.com\/es\/producto\/olivo-madera-bloque-2-x-2-x-2-5\/#primaryimage","url":"https:\/\/old.holyland-olivewood.com\/wp-content\/uploads\/2016\/05\/blocks_holy_land_olive_wood_bethlehem.jpg","contentUrl":"https:\/\/old.holyland-olivewood.com\/wp-content\/uploads\/2016\/05\/blocks_holy_land_olive_wood_bethlehem.jpg","width":1550,"height":1200},{"@type":"BreadcrumbList","@id":"https:\/\/old.holyland-olivewood.com\/es\/producto\/olivo-madera-bloque-2-x-2-x-2-5\/#breadcrumb","itemListElement":[{"@type":"ListItem","position":1,"name":"Home","item":"https:\/\/old.holyland-olivewood.com\/es\/"},{"@type":"ListItem","position":2,"name":"Tienda","item":"https:\/\/old.holyland-olivewood.com\/es\/tienda\/"},{"@type":"ListItem","position":3,"name":"Bloque de madera de olivo (2&#8243; x 2&#8243; x 2.5&#8243;) #BL106"}]},{"@type":"WebSite","@id":"https:\/\/old.holyland-olivewood.com\/es\/#website","url":"https:\/\/old.holyland-olivewood.com\/es\/","name":"Holy Land Olive Wood - Bethlehem Olive Wood Factory","description":"Holy Land Olivewood Bethlehem","publisher":{"@id":"https:\/\/old.holyland-olivewood.com\/es\/#organization"},"potentialAction":[{"@type":"SearchAction","target":{"@type":"EntryPoint","urlTemplate":"https:\/\/old.holyland-olivewood.com\/es\/?s={search_term_string}"},"query-input":{"@type":"PropertyValueSpecification","valueRequired":true,"valueName":"search_term_string"}}],"inLanguage":"es"},{"@type":"Organization","@id":"https:\/\/old.holyland-olivewood.com\/es\/#organization","name":"Holy Land Olivewood","url":"https:\/\/old.holyland-olivewood.com\/es\/","logo":{"@type":"ImageObject","inLanguage":"es","@id":"https:\/\/old.holyland-olivewood.com\/es\/#\/schema\/logo\/image\/","url":"","contentUrl":"","caption":"Holy Land Olivewood"},"image":{"@id":"https:\/\/old.holyland-olivewood.com\/es\/#\/schema\/logo\/image\/"},"sameAs":["https:\/\/www.facebook.com\/holylandolivewood.bethlehem\/","http:\/\/instagram.com\/holy.land.olive.wood"]}]}},"_links":{"self":[{"href":"https:\/\/old.holyland-olivewood.com\/es\/wp-json\/wp\/v2\/product\/47525","targetHints":{"allow":["GET"]}}],"collection":[{"href":"https:\/\/old.holyland-olivewood.com\/es\/wp-json\/wp\/v2\/product"}],"about":[{"href":"https:\/\/old.holyland-olivewood.com\/es\/wp-json\/wp\/v2\/types\/product"}],"wp:featuredmedia":[{"embeddable":true,"href":"https:\/\/old.holyland-olivewood.com\/es\/wp-json\/wp\/v2\/media\/27534"}],"wp:attachment":[{"href":"https:\/\/old.holyland-olivewood.com\/es\/wp-json\/wp\/v2\/media?parent=47525"}],"wp:term":[{"taxonomy":"product_brand","embeddable":true,"href":"https:\/\/old.holyland-olivewood.com\/es\/wp-json\/wp\/v2\/product_brand?post=47525"},{"taxonomy":"product_cat","embeddable":true,"href":"https:\/\/old.holyland-olivewood.com\/es\/wp-json\/wp\/v2\/product_cat?post=47525"},{"taxonomy":"product_tag","embeddable":true,"href":"https:\/\/old.holyland-olivewood.com\/es\/wp-json\/wp\/v2\/product_tag?post=47525"}],"curies":[{"name":"wp","href":"https:\/\/api.w.org\/{rel}","templated":true}]}}