{"id":45998,"date":"2016-05-30T21:31:16","date_gmt":"2022-02-11T11:30:18","guid":{"rendered":"https:\/\/old.holyland-olivewood.com\/product\/bendiciones-de-tierra-santa-establecidas-ot102\/"},"modified":"2022-02-11T11:30:18","modified_gmt":"2022-02-11T11:30:18","slug":"tierra-santa-bendiciones-set","status":"publish","type":"product","link":"https:\/\/old.holyland-olivewood.com\/es\/producto\/tierra-santa-bendiciones-set\/","title":{"rendered":"Bendiciones de Tierra Santa establecidas #OT102"},"content":{"rendered":"","protected":false},"excerpt":{"rendered":"<p>Este hermoso conjunto de bendiciones de Tierra Santa viene con un crucifijo de madera de olivo, un peque\u00f1o icono y velas y muestras.<br \/>\nLa caja decorativa contiene: Aceite de Oliva de La Santa Unci\u00f3n prensado en Bel\u00e9n, Tierra Santa de las Colinas de Bel\u00e9n, Agua Bendita Purificadora del R\u00edo Jord\u00e1n, Incienso que contiene esencia de flores y \u00e1rbol de Tierra Santa,<br \/>\nCrucifijo hecho a mano de madera de olivo con figura de peltre del Cristo, stock de velas sagradas que simbolizan la edad de Jesucristo e icono y certificado. El icono puede ser diferente, \u00a1cada conjunto viene con un icono aleatorio!<\/p>\n<p>Tama\u00f1o: 20 x 15 cm (7.75&#8243; x 5.75&#8243;)<\/p>\n","protected":false},"featured_media":28183,"template":"","meta":[],"product_brand":[],"product_cat":[1726,1727],"product_tag":[1766,943,1729,789,1748,1736,1752,1732,880,1756,930,1758,860,885,846,1742,855,4083,849,1738,875,958,924,906,898,891,826,813,965,1334,1329,1728,821,832,1762],"class_list":{"0":"post-45998","1":"product","2":"type-product","3":"status-publish","4":"has-post-thumbnail","6":"product_cat-miscelaneo","7":"product_cat-otros-articulos","8":"product_tag-aceite","9":"product_tag-af-es","10":"product_tag-agua","11":"product_tag-belen","12":"product_tag-bendicion","13":"product_tag-corazon","14":"product_tag-corona","15":"product_tag-cristo","16":"product_tag-dio","17":"product_tag-espinas","18":"product_tag-foedselskirken-es","19":"product_tag-genuino","20":"product_tag-haandlavet-es","21":"product_tag-haandvaerk-es","22":"product_tag-hellig-es-2","23":"product_tag-incienso","24":"product_tag-jerusalen","25":"product_tag-jesus-es-2","26":"product_tag-jord-es","27":"product_tag-jordania-es","28":"product_tag-jul-es","29":"product_tag-katolsk-es","30":"product_tag-kirke-es","31":"product_tag-kors-es","32":"product_tag-kristen-es","33":"product_tag-kunsthaandvaerk-es","34":"product_tag-oliventrae-es","35":"product_tag-olivo","36":"product_tag-ortodoks-es","37":"product_tag-poner","38":"product_tag-regalos","39":"product_tag-rio","40":"product_tag-trae-es","41":"product_tag-udskaering-es","42":"product_tag-uncion","44":"first","45":"instock","46":"shipping-taxable","47":"purchasable","48":"product-type-simple"},"yoast_head":"<!-- This site is optimized with the Yoast SEO plugin v24.8.1 - https:\/\/yoast.com\/wordpress\/plugins\/seo\/ -->\n<title>Bendiciones de Tierra Santa establecidas #OT102 - Holy Land Olive Wood - Bethlehem Olive Wood Factory<\/title>\n<meta name=\"description\" content=\"Artesan\u00edas de madera de olivo de Bel\u00e9n (es decir, jab\u00f3n de aceite de oliva, agua, coraz\u00f3n) tallas de bol\u00edgrafos, madera de olivo, y stock crudo en dimensiones est\u00e1ndar y personalizadas\" \/>\n<meta name=\"robots\" content=\"index, follow, max-snippet:-1, max-image-preview:large, max-video-preview:-1\" \/>\n<link rel=\"canonical\" href=\"https:\/\/old.holyland-olivewood.com\/es\/producto\/tierra-santa-bendiciones-set\/\" \/>\n<meta property=\"og:locale\" content=\"es_ES\" \/>\n<meta property=\"og:type\" content=\"article\" \/>\n<meta property=\"og:title\" content=\"Bendiciones de Tierra Santa establecidas #OT102 - Holy Land Olive Wood - Bethlehem Olive Wood Factory\" \/>\n<meta property=\"og:description\" content=\"Artesan\u00edas de madera de olivo de Bel\u00e9n (es decir, jab\u00f3n de aceite de oliva, agua, coraz\u00f3n) tallas de bol\u00edgrafos, madera de olivo, y stock crudo en dimensiones est\u00e1ndar y personalizadas\" \/>\n<meta property=\"og:url\" content=\"https:\/\/old.holyland-olivewood.com\/es\/producto\/tierra-santa-bendiciones-set\/\" \/>\n<meta property=\"og:site_name\" content=\"Holy Land Olive Wood - Bethlehem Olive Wood Factory\" \/>\n<meta property=\"article:publisher\" content=\"https:\/\/www.facebook.com\/holylandolivewood.bethlehem\/\" \/>\n<meta property=\"og:image\" content=\"https:\/\/old.holyland-olivewood.com\/wp-content\/uploads\/2016\/05\/blessings_set_holy_land_olive_wood_bethlehem_ot102.jpg\" \/>\n\t<meta property=\"og:image:width\" content=\"1550\" \/>\n\t<meta property=\"og:image:height\" content=\"1200\" \/>\n\t<meta property=\"og:image:type\" content=\"image\/jpeg\" \/>\n<meta name=\"twitter:card\" content=\"summary_large_image\" \/>\n<script type=\"application\/ld+json\" class=\"yoast-schema-graph\">{\"@context\":\"https:\/\/schema.org\",\"@graph\":[{\"@type\":\"WebPage\",\"@id\":\"https:\/\/old.holyland-olivewood.com\/es\/producto\/tierra-santa-bendiciones-set\/\",\"url\":\"https:\/\/old.holyland-olivewood.com\/es\/producto\/tierra-santa-bendiciones-set\/\",\"name\":\"Bendiciones de Tierra Santa establecidas #OT102 - Holy Land Olive Wood - Bethlehem Olive Wood Factory\",\"isPartOf\":{\"@id\":\"https:\/\/old.holyland-olivewood.com\/es\/#website\"},\"primaryImageOfPage\":{\"@id\":\"https:\/\/old.holyland-olivewood.com\/es\/producto\/tierra-santa-bendiciones-set\/#primaryimage\"},\"image\":{\"@id\":\"https:\/\/old.holyland-olivewood.com\/es\/producto\/tierra-santa-bendiciones-set\/#primaryimage\"},\"thumbnailUrl\":\"https:\/\/old.holyland-olivewood.com\/wp-content\/uploads\/2016\/05\/blessings_set_holy_land_olive_wood_bethlehem_ot102.jpg\",\"datePublished\":\"2022-02-11T11:30:18+00:00\",\"description\":\"Artesan\u00edas de madera de olivo de Bel\u00e9n (es decir, jab\u00f3n de aceite de oliva, agua, coraz\u00f3n) tallas de bol\u00edgrafos, madera de olivo, y stock crudo en dimensiones est\u00e1ndar y personalizadas\",\"breadcrumb\":{\"@id\":\"https:\/\/old.holyland-olivewood.com\/es\/producto\/tierra-santa-bendiciones-set\/#breadcrumb\"},\"inLanguage\":\"es\",\"potentialAction\":[{\"@type\":\"ReadAction\",\"target\":[\"https:\/\/old.holyland-olivewood.com\/es\/producto\/tierra-santa-bendiciones-set\/\"]}]},{\"@type\":\"ImageObject\",\"inLanguage\":\"es\",\"@id\":\"https:\/\/old.holyland-olivewood.com\/es\/producto\/tierra-santa-bendiciones-set\/#primaryimage\",\"url\":\"https:\/\/old.holyland-olivewood.com\/wp-content\/uploads\/2016\/05\/blessings_set_holy_land_olive_wood_bethlehem_ot102.jpg\",\"contentUrl\":\"https:\/\/old.holyland-olivewood.com\/wp-content\/uploads\/2016\/05\/blessings_set_holy_land_olive_wood_bethlehem_ot102.jpg\",\"width\":1550,\"height\":1200},{\"@type\":\"BreadcrumbList\",\"@id\":\"https:\/\/old.holyland-olivewood.com\/es\/producto\/tierra-santa-bendiciones-set\/#breadcrumb\",\"itemListElement\":[{\"@type\":\"ListItem\",\"position\":1,\"name\":\"Home\",\"item\":\"https:\/\/old.holyland-olivewood.com\/es\/\"},{\"@type\":\"ListItem\",\"position\":2,\"name\":\"Tienda\",\"item\":\"https:\/\/old.holyland-olivewood.com\/es\/tienda\/\"},{\"@type\":\"ListItem\",\"position\":3,\"name\":\"Bendiciones de Tierra Santa establecidas #OT102\"}]},{\"@type\":\"WebSite\",\"@id\":\"https:\/\/old.holyland-olivewood.com\/es\/#website\",\"url\":\"https:\/\/old.holyland-olivewood.com\/es\/\",\"name\":\"Holy Land Olive Wood - Bethlehem Olive Wood Factory\",\"description\":\"Holy Land Olivewood Bethlehem\",\"publisher\":{\"@id\":\"https:\/\/old.holyland-olivewood.com\/es\/#organization\"},\"potentialAction\":[{\"@type\":\"SearchAction\",\"target\":{\"@type\":\"EntryPoint\",\"urlTemplate\":\"https:\/\/old.holyland-olivewood.com\/es\/?s={search_term_string}\"},\"query-input\":{\"@type\":\"PropertyValueSpecification\",\"valueRequired\":true,\"valueName\":\"search_term_string\"}}],\"inLanguage\":\"es\"},{\"@type\":\"Organization\",\"@id\":\"https:\/\/old.holyland-olivewood.com\/es\/#organization\",\"name\":\"Holy Land Olivewood\",\"url\":\"https:\/\/old.holyland-olivewood.com\/es\/\",\"logo\":{\"@type\":\"ImageObject\",\"inLanguage\":\"es\",\"@id\":\"https:\/\/old.holyland-olivewood.com\/es\/#\/schema\/logo\/image\/\",\"url\":\"\",\"contentUrl\":\"\",\"caption\":\"Holy Land Olivewood\"},\"image\":{\"@id\":\"https:\/\/old.holyland-olivewood.com\/es\/#\/schema\/logo\/image\/\"},\"sameAs\":[\"https:\/\/www.facebook.com\/holylandolivewood.bethlehem\/\",\"http:\/\/instagram.com\/holy.land.olive.wood\"]}]}<\/script>\n<!-- \/ Yoast SEO plugin. -->","yoast_head_json":{"title":"Bendiciones de Tierra Santa establecidas #OT102 - Holy Land Olive Wood - Bethlehem Olive Wood Factory","description":"Artesan\u00edas de madera de olivo de Bel\u00e9n (es decir, jab\u00f3n de aceite de oliva, agua, coraz\u00f3n) tallas de bol\u00edgrafos, madera de olivo, y stock crudo en dimensiones est\u00e1ndar y personalizadas","robots":{"index":"index","follow":"follow","max-snippet":"max-snippet:-1","max-image-preview":"max-image-preview:large","max-video-preview":"max-video-preview:-1"},"canonical":"https:\/\/old.holyland-olivewood.com\/es\/producto\/tierra-santa-bendiciones-set\/","og_locale":"es_ES","og_type":"article","og_title":"Bendiciones de Tierra Santa establecidas #OT102 - Holy Land Olive Wood - Bethlehem Olive Wood Factory","og_description":"Artesan\u00edas de madera de olivo de Bel\u00e9n (es decir, jab\u00f3n de aceite de oliva, agua, coraz\u00f3n) tallas de bol\u00edgrafos, madera de olivo, y stock crudo en dimensiones est\u00e1ndar y personalizadas","og_url":"https:\/\/old.holyland-olivewood.com\/es\/producto\/tierra-santa-bendiciones-set\/","og_site_name":"Holy Land Olive Wood - Bethlehem Olive Wood Factory","article_publisher":"https:\/\/www.facebook.com\/holylandolivewood.bethlehem\/","og_image":[{"width":1550,"height":1200,"url":"https:\/\/old.holyland-olivewood.com\/wp-content\/uploads\/2016\/05\/blessings_set_holy_land_olive_wood_bethlehem_ot102.jpg","type":"image\/jpeg"}],"twitter_card":"summary_large_image","schema":{"@context":"https:\/\/schema.org","@graph":[{"@type":"WebPage","@id":"https:\/\/old.holyland-olivewood.com\/es\/producto\/tierra-santa-bendiciones-set\/","url":"https:\/\/old.holyland-olivewood.com\/es\/producto\/tierra-santa-bendiciones-set\/","name":"Bendiciones de Tierra Santa establecidas #OT102 - Holy Land Olive Wood - Bethlehem Olive Wood Factory","isPartOf":{"@id":"https:\/\/old.holyland-olivewood.com\/es\/#website"},"primaryImageOfPage":{"@id":"https:\/\/old.holyland-olivewood.com\/es\/producto\/tierra-santa-bendiciones-set\/#primaryimage"},"image":{"@id":"https:\/\/old.holyland-olivewood.com\/es\/producto\/tierra-santa-bendiciones-set\/#primaryimage"},"thumbnailUrl":"https:\/\/old.holyland-olivewood.com\/wp-content\/uploads\/2016\/05\/blessings_set_holy_land_olive_wood_bethlehem_ot102.jpg","datePublished":"2022-02-11T11:30:18+00:00","description":"Artesan\u00edas de madera de olivo de Bel\u00e9n (es decir, jab\u00f3n de aceite de oliva, agua, coraz\u00f3n) tallas de bol\u00edgrafos, madera de olivo, y stock crudo en dimensiones est\u00e1ndar y personalizadas","breadcrumb":{"@id":"https:\/\/old.holyland-olivewood.com\/es\/producto\/tierra-santa-bendiciones-set\/#breadcrumb"},"inLanguage":"es","potentialAction":[{"@type":"ReadAction","target":["https:\/\/old.holyland-olivewood.com\/es\/producto\/tierra-santa-bendiciones-set\/"]}]},{"@type":"ImageObject","inLanguage":"es","@id":"https:\/\/old.holyland-olivewood.com\/es\/producto\/tierra-santa-bendiciones-set\/#primaryimage","url":"https:\/\/old.holyland-olivewood.com\/wp-content\/uploads\/2016\/05\/blessings_set_holy_land_olive_wood_bethlehem_ot102.jpg","contentUrl":"https:\/\/old.holyland-olivewood.com\/wp-content\/uploads\/2016\/05\/blessings_set_holy_land_olive_wood_bethlehem_ot102.jpg","width":1550,"height":1200},{"@type":"BreadcrumbList","@id":"https:\/\/old.holyland-olivewood.com\/es\/producto\/tierra-santa-bendiciones-set\/#breadcrumb","itemListElement":[{"@type":"ListItem","position":1,"name":"Home","item":"https:\/\/old.holyland-olivewood.com\/es\/"},{"@type":"ListItem","position":2,"name":"Tienda","item":"https:\/\/old.holyland-olivewood.com\/es\/tienda\/"},{"@type":"ListItem","position":3,"name":"Bendiciones de Tierra Santa establecidas #OT102"}]},{"@type":"WebSite","@id":"https:\/\/old.holyland-olivewood.com\/es\/#website","url":"https:\/\/old.holyland-olivewood.com\/es\/","name":"Holy Land Olive Wood - Bethlehem Olive Wood Factory","description":"Holy Land Olivewood Bethlehem","publisher":{"@id":"https:\/\/old.holyland-olivewood.com\/es\/#organization"},"potentialAction":[{"@type":"SearchAction","target":{"@type":"EntryPoint","urlTemplate":"https:\/\/old.holyland-olivewood.com\/es\/?s={search_term_string}"},"query-input":{"@type":"PropertyValueSpecification","valueRequired":true,"valueName":"search_term_string"}}],"inLanguage":"es"},{"@type":"Organization","@id":"https:\/\/old.holyland-olivewood.com\/es\/#organization","name":"Holy Land Olivewood","url":"https:\/\/old.holyland-olivewood.com\/es\/","logo":{"@type":"ImageObject","inLanguage":"es","@id":"https:\/\/old.holyland-olivewood.com\/es\/#\/schema\/logo\/image\/","url":"","contentUrl":"","caption":"Holy Land Olivewood"},"image":{"@id":"https:\/\/old.holyland-olivewood.com\/es\/#\/schema\/logo\/image\/"},"sameAs":["https:\/\/www.facebook.com\/holylandolivewood.bethlehem\/","http:\/\/instagram.com\/holy.land.olive.wood"]}]}},"_links":{"self":[{"href":"https:\/\/old.holyland-olivewood.com\/es\/wp-json\/wp\/v2\/product\/45998","targetHints":{"allow":["GET"]}}],"collection":[{"href":"https:\/\/old.holyland-olivewood.com\/es\/wp-json\/wp\/v2\/product"}],"about":[{"href":"https:\/\/old.holyland-olivewood.com\/es\/wp-json\/wp\/v2\/types\/product"}],"wp:featuredmedia":[{"embeddable":true,"href":"https:\/\/old.holyland-olivewood.com\/es\/wp-json\/wp\/v2\/media\/28183"}],"wp:attachment":[{"href":"https:\/\/old.holyland-olivewood.com\/es\/wp-json\/wp\/v2\/media?parent=45998"}],"wp:term":[{"taxonomy":"product_brand","embeddable":true,"href":"https:\/\/old.holyland-olivewood.com\/es\/wp-json\/wp\/v2\/product_brand?post=45998"},{"taxonomy":"product_cat","embeddable":true,"href":"https:\/\/old.holyland-olivewood.com\/es\/wp-json\/wp\/v2\/product_cat?post=45998"},{"taxonomy":"product_tag","embeddable":true,"href":"https:\/\/old.holyland-olivewood.com\/es\/wp-json\/wp\/v2\/product_tag?post=45998"}],"curies":[{"name":"wp","href":"https:\/\/api.w.org\/{rel}","templated":true}]}}