{"id":45170,"date":"2016-05-31T00:13:21","date_gmt":"2022-02-11T07:41:24","guid":{"rendered":"https:\/\/old.holyland-olivewood.com\/product\/pulsera-de-madera-de-olivo-j104\/"},"modified":"2022-02-11T07:41:24","modified_gmt":"2022-02-11T07:41:24","slug":"pulsera-de-madera-de-olivo-4","status":"publish","type":"product","link":"https:\/\/old.holyland-olivewood.com\/es\/producto\/pulsera-de-madera-de-olivo-4\/","title":{"rendered":"Pulsera de madera de olivo #J104"},"content":{"rendered":"","protected":false},"excerpt":{"rendered":"<p>Este brazalete de rosario bellamente hecho est\u00e1 hecho a mano en Tierra Santa a partir de oliva de Bel\u00e9n aut\u00e9ntico y cosechado de manera sostenible. Es el\u00e1stico y se adapta f\u00e1cilmente a cualquier mu\u00f1eca. La pulsera viene con 3 amuletos plateados.<\/p>\n<p>Este art\u00edculo incluye un certificado de autenticidad que verifica los materiales y t\u00e9cnicas utilizadas para fabricar este producto.<\/p>\n<p>Mide 6 cm (2,5&#8243;) de di\u00e1metro (sin estirar).<\/p>\n<p>Cada cuenta de madera de olivo mide aproximadamente 9 mm (0.35&#8243;) de tama\u00f1o.<\/p>\n","protected":false},"featured_media":32408,"template":"","meta":[],"product_brand":[],"product_cat":[783,1994],"product_tag":[2014,789,919,2031,2008,2024,2027,2035,2036,880,930,860,885,846,855,849,1998,875,958,974,924,906,898,911,891,1982,826,813,1978,965,2019,2003,821,832],"class_list":{"0":"post-45170","1":"product","2":"type-product","3":"status-publish","4":"has-post-thumbnail","6":"product_cat-kunsthaandvaerk-es","7":"product_cat-joyeria","8":"product_tag-anclar","9":"product_tag-belen","10":"product_tag-boen-es","11":"product_tag-brazalete","12":"product_tag-broche-es","13":"product_tag-colgante","14":"product_tag-collar","15":"product_tag-cuerda","16":"product_tag-cuerda-es","17":"product_tag-dio","18":"product_tag-foedselskirken-es","19":"product_tag-haandlavet-es","20":"product_tag-haandvaerk-es","21":"product_tag-hellig-es-2","22":"product_tag-jerusalen","23":"product_tag-jord-es","24":"product_tag-joyeria","25":"product_tag-jul-es","26":"product_tag-katolsk-es","27":"product_tag-keltisk-es-2","28":"product_tag-kirke-es","29":"product_tag-kors-es","30":"product_tag-kristen-es","31":"product_tag-krucifiks-es","32":"product_tag-kunsthaandvaerk-es","33":"product_tag-manos","34":"product_tag-oliventrae-es","35":"product_tag-olivo","36":"product_tag-orando","37":"product_tag-ortodoks-es","38":"product_tag-pendientes","39":"product_tag-tau-es","40":"product_tag-trae-es","41":"product_tag-udskaering-es","43":"first","44":"outofstock","45":"shipping-taxable","46":"purchasable","47":"product-type-simple"},"yoast_head":"<!-- This site is optimized with the Yoast SEO plugin v24.8.1 - https:\/\/yoast.com\/wordpress\/plugins\/seo\/ -->\n<title>Pulsera de madera de olivo #J104 - Holy Land Olive Wood - Bethlehem Olive Wood Factory<\/title>\n<meta name=\"description\" content=\"Artesan\u00edas de madera de olivo de Bel\u00e9n (es decir, joyas, jerusal\u00e9n, colgante, pendientes, cuentas) bol\u00edgrafos en blanco, pulsera y stock en bruto en dimensiones est\u00e1ndar y personalizadas.\" \/>\n<meta name=\"robots\" content=\"index, follow, max-snippet:-1, max-image-preview:large, max-video-preview:-1\" \/>\n<link rel=\"canonical\" href=\"https:\/\/old.holyland-olivewood.com\/es\/producto\/pulsera-de-madera-de-olivo-4\/\" \/>\n<meta property=\"og:locale\" content=\"es_ES\" \/>\n<meta property=\"og:type\" content=\"article\" \/>\n<meta property=\"og:title\" content=\"Pulsera de madera de olivo #J104 - Holy Land Olive Wood - Bethlehem Olive Wood Factory\" \/>\n<meta property=\"og:description\" content=\"Artesan\u00edas de madera de olivo de Bel\u00e9n (es decir, joyas, jerusal\u00e9n, colgante, pendientes, cuentas) bol\u00edgrafos en blanco, pulsera y stock en bruto en dimensiones est\u00e1ndar y personalizadas.\" \/>\n<meta property=\"og:url\" content=\"https:\/\/old.holyland-olivewood.com\/es\/producto\/pulsera-de-madera-de-olivo-4\/\" \/>\n<meta property=\"og:site_name\" content=\"Holy Land Olive Wood - Bethlehem Olive Wood Factory\" \/>\n<meta property=\"article:publisher\" content=\"https:\/\/www.facebook.com\/holylandolivewood.bethlehem\/\" \/>\n<meta property=\"og:image\" content=\"https:\/\/old.holyland-olivewood.com\/wp-content\/uploads\/2016\/05\/bracelet_holy_land_olive_wood_bethlehem_J104.jpg\" \/>\n\t<meta property=\"og:image:width\" content=\"1550\" \/>\n\t<meta property=\"og:image:height\" content=\"1200\" \/>\n\t<meta property=\"og:image:type\" content=\"image\/jpeg\" \/>\n<meta name=\"twitter:card\" content=\"summary_large_image\" \/>\n<script type=\"application\/ld+json\" class=\"yoast-schema-graph\">{\"@context\":\"https:\/\/schema.org\",\"@graph\":[{\"@type\":\"WebPage\",\"@id\":\"https:\/\/old.holyland-olivewood.com\/es\/producto\/pulsera-de-madera-de-olivo-4\/\",\"url\":\"https:\/\/old.holyland-olivewood.com\/es\/producto\/pulsera-de-madera-de-olivo-4\/\",\"name\":\"Pulsera de madera de olivo #J104 - Holy Land Olive Wood - Bethlehem Olive Wood Factory\",\"isPartOf\":{\"@id\":\"https:\/\/old.holyland-olivewood.com\/es\/#website\"},\"primaryImageOfPage\":{\"@id\":\"https:\/\/old.holyland-olivewood.com\/es\/producto\/pulsera-de-madera-de-olivo-4\/#primaryimage\"},\"image\":{\"@id\":\"https:\/\/old.holyland-olivewood.com\/es\/producto\/pulsera-de-madera-de-olivo-4\/#primaryimage\"},\"thumbnailUrl\":\"https:\/\/old.holyland-olivewood.com\/wp-content\/uploads\/2016\/05\/bracelet_holy_land_olive_wood_bethlehem_J104.jpg\",\"datePublished\":\"2022-02-11T07:41:24+00:00\",\"description\":\"Artesan\u00edas de madera de olivo de Bel\u00e9n (es decir, joyas, jerusal\u00e9n, colgante, pendientes, cuentas) bol\u00edgrafos en blanco, pulsera y stock en bruto en dimensiones est\u00e1ndar y personalizadas.\",\"breadcrumb\":{\"@id\":\"https:\/\/old.holyland-olivewood.com\/es\/producto\/pulsera-de-madera-de-olivo-4\/#breadcrumb\"},\"inLanguage\":\"es\",\"potentialAction\":[{\"@type\":\"ReadAction\",\"target\":[\"https:\/\/old.holyland-olivewood.com\/es\/producto\/pulsera-de-madera-de-olivo-4\/\"]}]},{\"@type\":\"ImageObject\",\"inLanguage\":\"es\",\"@id\":\"https:\/\/old.holyland-olivewood.com\/es\/producto\/pulsera-de-madera-de-olivo-4\/#primaryimage\",\"url\":\"https:\/\/old.holyland-olivewood.com\/wp-content\/uploads\/2016\/05\/bracelet_holy_land_olive_wood_bethlehem_J104.jpg\",\"contentUrl\":\"https:\/\/old.holyland-olivewood.com\/wp-content\/uploads\/2016\/05\/bracelet_holy_land_olive_wood_bethlehem_J104.jpg\",\"width\":1550,\"height\":1200},{\"@type\":\"BreadcrumbList\",\"@id\":\"https:\/\/old.holyland-olivewood.com\/es\/producto\/pulsera-de-madera-de-olivo-4\/#breadcrumb\",\"itemListElement\":[{\"@type\":\"ListItem\",\"position\":1,\"name\":\"Home\",\"item\":\"https:\/\/old.holyland-olivewood.com\/es\/\"},{\"@type\":\"ListItem\",\"position\":2,\"name\":\"Tienda\",\"item\":\"https:\/\/old.holyland-olivewood.com\/es\/tienda\/\"},{\"@type\":\"ListItem\",\"position\":3,\"name\":\"Pulsera de madera de olivo #J104\"}]},{\"@type\":\"WebSite\",\"@id\":\"https:\/\/old.holyland-olivewood.com\/es\/#website\",\"url\":\"https:\/\/old.holyland-olivewood.com\/es\/\",\"name\":\"Holy Land Olive Wood - Bethlehem Olive Wood Factory\",\"description\":\"Holy Land Olivewood Bethlehem\",\"publisher\":{\"@id\":\"https:\/\/old.holyland-olivewood.com\/es\/#organization\"},\"potentialAction\":[{\"@type\":\"SearchAction\",\"target\":{\"@type\":\"EntryPoint\",\"urlTemplate\":\"https:\/\/old.holyland-olivewood.com\/es\/?s={search_term_string}\"},\"query-input\":{\"@type\":\"PropertyValueSpecification\",\"valueRequired\":true,\"valueName\":\"search_term_string\"}}],\"inLanguage\":\"es\"},{\"@type\":\"Organization\",\"@id\":\"https:\/\/old.holyland-olivewood.com\/es\/#organization\",\"name\":\"Holy Land Olivewood\",\"url\":\"https:\/\/old.holyland-olivewood.com\/es\/\",\"logo\":{\"@type\":\"ImageObject\",\"inLanguage\":\"es\",\"@id\":\"https:\/\/old.holyland-olivewood.com\/es\/#\/schema\/logo\/image\/\",\"url\":\"\",\"contentUrl\":\"\",\"caption\":\"Holy Land Olivewood\"},\"image\":{\"@id\":\"https:\/\/old.holyland-olivewood.com\/es\/#\/schema\/logo\/image\/\"},\"sameAs\":[\"https:\/\/www.facebook.com\/holylandolivewood.bethlehem\/\",\"http:\/\/instagram.com\/holy.land.olive.wood\"]}]}<\/script>\n<!-- \/ Yoast SEO plugin. -->","yoast_head_json":{"title":"Pulsera de madera de olivo #J104 - Holy Land Olive Wood - Bethlehem Olive Wood Factory","description":"Artesan\u00edas de madera de olivo de Bel\u00e9n (es decir, joyas, jerusal\u00e9n, colgante, pendientes, cuentas) bol\u00edgrafos en blanco, pulsera y stock en bruto en dimensiones est\u00e1ndar y personalizadas.","robots":{"index":"index","follow":"follow","max-snippet":"max-snippet:-1","max-image-preview":"max-image-preview:large","max-video-preview":"max-video-preview:-1"},"canonical":"https:\/\/old.holyland-olivewood.com\/es\/producto\/pulsera-de-madera-de-olivo-4\/","og_locale":"es_ES","og_type":"article","og_title":"Pulsera de madera de olivo #J104 - Holy Land Olive Wood - Bethlehem Olive Wood Factory","og_description":"Artesan\u00edas de madera de olivo de Bel\u00e9n (es decir, joyas, jerusal\u00e9n, colgante, pendientes, cuentas) bol\u00edgrafos en blanco, pulsera y stock en bruto en dimensiones est\u00e1ndar y personalizadas.","og_url":"https:\/\/old.holyland-olivewood.com\/es\/producto\/pulsera-de-madera-de-olivo-4\/","og_site_name":"Holy Land Olive Wood - Bethlehem Olive Wood Factory","article_publisher":"https:\/\/www.facebook.com\/holylandolivewood.bethlehem\/","og_image":[{"width":1550,"height":1200,"url":"https:\/\/old.holyland-olivewood.com\/wp-content\/uploads\/2016\/05\/bracelet_holy_land_olive_wood_bethlehem_J104.jpg","type":"image\/jpeg"}],"twitter_card":"summary_large_image","schema":{"@context":"https:\/\/schema.org","@graph":[{"@type":"WebPage","@id":"https:\/\/old.holyland-olivewood.com\/es\/producto\/pulsera-de-madera-de-olivo-4\/","url":"https:\/\/old.holyland-olivewood.com\/es\/producto\/pulsera-de-madera-de-olivo-4\/","name":"Pulsera de madera de olivo #J104 - Holy Land Olive Wood - Bethlehem Olive Wood Factory","isPartOf":{"@id":"https:\/\/old.holyland-olivewood.com\/es\/#website"},"primaryImageOfPage":{"@id":"https:\/\/old.holyland-olivewood.com\/es\/producto\/pulsera-de-madera-de-olivo-4\/#primaryimage"},"image":{"@id":"https:\/\/old.holyland-olivewood.com\/es\/producto\/pulsera-de-madera-de-olivo-4\/#primaryimage"},"thumbnailUrl":"https:\/\/old.holyland-olivewood.com\/wp-content\/uploads\/2016\/05\/bracelet_holy_land_olive_wood_bethlehem_J104.jpg","datePublished":"2022-02-11T07:41:24+00:00","description":"Artesan\u00edas de madera de olivo de Bel\u00e9n (es decir, joyas, jerusal\u00e9n, colgante, pendientes, cuentas) bol\u00edgrafos en blanco, pulsera y stock en bruto en dimensiones est\u00e1ndar y personalizadas.","breadcrumb":{"@id":"https:\/\/old.holyland-olivewood.com\/es\/producto\/pulsera-de-madera-de-olivo-4\/#breadcrumb"},"inLanguage":"es","potentialAction":[{"@type":"ReadAction","target":["https:\/\/old.holyland-olivewood.com\/es\/producto\/pulsera-de-madera-de-olivo-4\/"]}]},{"@type":"ImageObject","inLanguage":"es","@id":"https:\/\/old.holyland-olivewood.com\/es\/producto\/pulsera-de-madera-de-olivo-4\/#primaryimage","url":"https:\/\/old.holyland-olivewood.com\/wp-content\/uploads\/2016\/05\/bracelet_holy_land_olive_wood_bethlehem_J104.jpg","contentUrl":"https:\/\/old.holyland-olivewood.com\/wp-content\/uploads\/2016\/05\/bracelet_holy_land_olive_wood_bethlehem_J104.jpg","width":1550,"height":1200},{"@type":"BreadcrumbList","@id":"https:\/\/old.holyland-olivewood.com\/es\/producto\/pulsera-de-madera-de-olivo-4\/#breadcrumb","itemListElement":[{"@type":"ListItem","position":1,"name":"Home","item":"https:\/\/old.holyland-olivewood.com\/es\/"},{"@type":"ListItem","position":2,"name":"Tienda","item":"https:\/\/old.holyland-olivewood.com\/es\/tienda\/"},{"@type":"ListItem","position":3,"name":"Pulsera de madera de olivo #J104"}]},{"@type":"WebSite","@id":"https:\/\/old.holyland-olivewood.com\/es\/#website","url":"https:\/\/old.holyland-olivewood.com\/es\/","name":"Holy Land Olive Wood - Bethlehem Olive Wood Factory","description":"Holy Land Olivewood Bethlehem","publisher":{"@id":"https:\/\/old.holyland-olivewood.com\/es\/#organization"},"potentialAction":[{"@type":"SearchAction","target":{"@type":"EntryPoint","urlTemplate":"https:\/\/old.holyland-olivewood.com\/es\/?s={search_term_string}"},"query-input":{"@type":"PropertyValueSpecification","valueRequired":true,"valueName":"search_term_string"}}],"inLanguage":"es"},{"@type":"Organization","@id":"https:\/\/old.holyland-olivewood.com\/es\/#organization","name":"Holy Land Olivewood","url":"https:\/\/old.holyland-olivewood.com\/es\/","logo":{"@type":"ImageObject","inLanguage":"es","@id":"https:\/\/old.holyland-olivewood.com\/es\/#\/schema\/logo\/image\/","url":"","contentUrl":"","caption":"Holy Land Olivewood"},"image":{"@id":"https:\/\/old.holyland-olivewood.com\/es\/#\/schema\/logo\/image\/"},"sameAs":["https:\/\/www.facebook.com\/holylandolivewood.bethlehem\/","http:\/\/instagram.com\/holy.land.olive.wood"]}]}},"_links":{"self":[{"href":"https:\/\/old.holyland-olivewood.com\/es\/wp-json\/wp\/v2\/product\/45170","targetHints":{"allow":["GET"]}}],"collection":[{"href":"https:\/\/old.holyland-olivewood.com\/es\/wp-json\/wp\/v2\/product"}],"about":[{"href":"https:\/\/old.holyland-olivewood.com\/es\/wp-json\/wp\/v2\/types\/product"}],"wp:featuredmedia":[{"embeddable":true,"href":"https:\/\/old.holyland-olivewood.com\/es\/wp-json\/wp\/v2\/media\/32408"}],"wp:attachment":[{"href":"https:\/\/old.holyland-olivewood.com\/es\/wp-json\/wp\/v2\/media?parent=45170"}],"wp:term":[{"taxonomy":"product_brand","embeddable":true,"href":"https:\/\/old.holyland-olivewood.com\/es\/wp-json\/wp\/v2\/product_brand?post=45170"},{"taxonomy":"product_cat","embeddable":true,"href":"https:\/\/old.holyland-olivewood.com\/es\/wp-json\/wp\/v2\/product_cat?post=45170"},{"taxonomy":"product_tag","embeddable":true,"href":"https:\/\/old.holyland-olivewood.com\/es\/wp-json\/wp\/v2\/product_tag?post=45170"}],"curies":[{"name":"wp","href":"https:\/\/api.w.org\/{rel}","templated":true}]}}