{"id":44270,"date":"2016-05-31T10:49:32","date_gmt":"2022-02-10T17:00:39","guid":{"rendered":"https:\/\/old.holyland-olivewood.com\/product\/copa-de-comunion-de-madera-de-olivo-t111\/"},"modified":"2022-02-10T17:00:39","modified_gmt":"2022-02-10T17:00:39","slug":"oliva-madera-comunion-taza-2","status":"publish","type":"product","link":"https:\/\/old.holyland-olivewood.com\/es\/producto\/oliva-madera-comunion-taza-2\/","title":{"rendered":"Copa de Comuni\u00f3n de Madera de Olivo #T111"},"content":{"rendered":"","protected":false},"excerpt":{"rendered":"<p>Esta sencilla y hermosa copa de comuni\u00f3n est\u00e1 hecha a mano en Tierra Santa a partir de un aut\u00e9ntico olivo de Bel\u00e9n cosechado de manera sostenible. Est\u00e1 bellamente esculpido en estilo c\u00e1liz. Nuestra hermosa taza de comuni\u00f3n de madera de olivo es un maravilloso regalo econ\u00f3mico para su congregaci\u00f3n de la Iglesia y sus seres queridos. \u00a1Qu\u00e9 precioso es celebrar la Cena del Se\u00f1or usando una copa creada en la ciudad del nacimiento de Jes\u00fas!<\/p>\n<p>Este art\u00edculo incluye un certificado de autenticidad que verifica los materiales y t\u00e9cnicas utilizadas para fabricar este producto.<\/p>\n<p>Tama\u00f1o: 4 cm (1.5&#8243;)<\/p>\n","protected":false},"featured_media":29986,"template":"","meta":[],"product_brand":[],"product_cat":[783,3000],"product_tag":[789,3487,3491,3489,3485,3477,880,2649,3469,930,860,885,846,3467,855,4083,849,875,958,924,906,898,891,826,813,965,1329,3479,3481,3473,3475,821,832,3483,3465,3471],"class_list":{"0":"post-44270","1":"product","2":"type-product","3":"status-publish","4":"has-post-thumbnail","6":"product_cat-kunsthaandvaerk-es","7":"product_cat-vajilla","8":"product_tag-belen","9":"product_tag-caliz","10":"product_tag-candelabros","11":"product_tag-candelero","12":"product_tag-cena","13":"product_tag-comunion","14":"product_tag-dio","15":"product_tag-estrella","16":"product_tag-floreros","17":"product_tag-foedselskirken-es","18":"product_tag-haandlavet-es","19":"product_tag-haandvaerk-es","20":"product_tag-hellig-es-2","21":"product_tag-jarron","22":"product_tag-jerusalen","23":"product_tag-jesus-es-2","24":"product_tag-jord-es","25":"product_tag-jul-es","26":"product_tag-katolsk-es","27":"product_tag-kirke-es","28":"product_tag-kors-es","29":"product_tag-kristen-es","30":"product_tag-kunsthaandvaerk-es","31":"product_tag-oliventrae-es","32":"product_tag-olivo","33":"product_tag-ortodoks-es","34":"product_tag-regalos","35":"product_tag-taza","36":"product_tag-tazas","37":"product_tag-titular","38":"product_tag-titulares","39":"product_tag-trae-es","40":"product_tag-udskaering-es","41":"product_tag-ultimo","42":"product_tag-vajilla","43":"product_tag-vela","45":"first","46":"instock","47":"shipping-taxable","48":"purchasable","49":"product-type-simple"},"yoast_head":"<!-- This site is optimized with the Yoast SEO plugin v24.8.1 - https:\/\/yoast.com\/wordpress\/plugins\/seo\/ -->\n<title>Copa de Comuni\u00f3n de Madera de Olivo #T111 - Holy Land Olive Wood - Bethlehem Olive Wood Factory<\/title>\n<meta name=\"description\" content=\"Artesan\u00edas de madera de olivo de Bel\u00e9n (es decir, vajilla, tazas, \u00faltima, cena, cuentas) jarrones, velas, soportes y existencias en bruto en dimensiones est\u00e1ndar y personalizadas.\" \/>\n<meta name=\"robots\" content=\"index, follow, max-snippet:-1, max-image-preview:large, max-video-preview:-1\" \/>\n<link rel=\"canonical\" href=\"https:\/\/old.holyland-olivewood.com\/es\/producto\/oliva-madera-comunion-taza-2\/\" \/>\n<meta property=\"og:locale\" content=\"es_ES\" \/>\n<meta property=\"og:type\" content=\"article\" \/>\n<meta property=\"og:title\" content=\"Copa de Comuni\u00f3n de Madera de Olivo #T111 - Holy Land Olive Wood - Bethlehem Olive Wood Factory\" \/>\n<meta property=\"og:description\" content=\"Artesan\u00edas de madera de olivo de Bel\u00e9n (es decir, vajilla, tazas, \u00faltima, cena, cuentas) jarrones, velas, soportes y existencias en bruto en dimensiones est\u00e1ndar y personalizadas.\" \/>\n<meta property=\"og:url\" content=\"https:\/\/old.holyland-olivewood.com\/es\/producto\/oliva-madera-comunion-taza-2\/\" \/>\n<meta property=\"og:site_name\" content=\"Holy Land Olive Wood - Bethlehem Olive Wood Factory\" \/>\n<meta property=\"article:publisher\" content=\"https:\/\/www.facebook.com\/holylandolivewood.bethlehem\/\" \/>\n<meta property=\"og:image\" content=\"https:\/\/old.holyland-olivewood.com\/wp-content\/uploads\/2016\/05\/communion_cup_holy_land_olive_wood_bethlehem_t110_and_t111.jpg\" \/>\n\t<meta property=\"og:image:width\" content=\"1550\" \/>\n\t<meta property=\"og:image:height\" content=\"1200\" \/>\n\t<meta property=\"og:image:type\" content=\"image\/jpeg\" \/>\n<meta name=\"twitter:card\" content=\"summary_large_image\" \/>\n<script type=\"application\/ld+json\" class=\"yoast-schema-graph\">{\"@context\":\"https:\/\/schema.org\",\"@graph\":[{\"@type\":\"WebPage\",\"@id\":\"https:\/\/old.holyland-olivewood.com\/es\/producto\/oliva-madera-comunion-taza-2\/\",\"url\":\"https:\/\/old.holyland-olivewood.com\/es\/producto\/oliva-madera-comunion-taza-2\/\",\"name\":\"Copa de Comuni\u00f3n de Madera de Olivo #T111 - Holy Land Olive Wood - Bethlehem Olive Wood Factory\",\"isPartOf\":{\"@id\":\"https:\/\/old.holyland-olivewood.com\/es\/#website\"},\"primaryImageOfPage\":{\"@id\":\"https:\/\/old.holyland-olivewood.com\/es\/producto\/oliva-madera-comunion-taza-2\/#primaryimage\"},\"image\":{\"@id\":\"https:\/\/old.holyland-olivewood.com\/es\/producto\/oliva-madera-comunion-taza-2\/#primaryimage\"},\"thumbnailUrl\":\"https:\/\/old.holyland-olivewood.com\/wp-content\/uploads\/2016\/05\/communion_cup_holy_land_olive_wood_bethlehem_t110_and_t111.jpg\",\"datePublished\":\"2022-02-10T17:00:39+00:00\",\"description\":\"Artesan\u00edas de madera de olivo de Bel\u00e9n (es decir, vajilla, tazas, \u00faltima, cena, cuentas) jarrones, velas, soportes y existencias en bruto en dimensiones est\u00e1ndar y personalizadas.\",\"breadcrumb\":{\"@id\":\"https:\/\/old.holyland-olivewood.com\/es\/producto\/oliva-madera-comunion-taza-2\/#breadcrumb\"},\"inLanguage\":\"es\",\"potentialAction\":[{\"@type\":\"ReadAction\",\"target\":[\"https:\/\/old.holyland-olivewood.com\/es\/producto\/oliva-madera-comunion-taza-2\/\"]}]},{\"@type\":\"ImageObject\",\"inLanguage\":\"es\",\"@id\":\"https:\/\/old.holyland-olivewood.com\/es\/producto\/oliva-madera-comunion-taza-2\/#primaryimage\",\"url\":\"https:\/\/old.holyland-olivewood.com\/wp-content\/uploads\/2016\/05\/communion_cup_holy_land_olive_wood_bethlehem_t110_and_t111.jpg\",\"contentUrl\":\"https:\/\/old.holyland-olivewood.com\/wp-content\/uploads\/2016\/05\/communion_cup_holy_land_olive_wood_bethlehem_t110_and_t111.jpg\",\"width\":1550,\"height\":1200},{\"@type\":\"BreadcrumbList\",\"@id\":\"https:\/\/old.holyland-olivewood.com\/es\/producto\/oliva-madera-comunion-taza-2\/#breadcrumb\",\"itemListElement\":[{\"@type\":\"ListItem\",\"position\":1,\"name\":\"Home\",\"item\":\"https:\/\/old.holyland-olivewood.com\/es\/\"},{\"@type\":\"ListItem\",\"position\":2,\"name\":\"Tienda\",\"item\":\"https:\/\/old.holyland-olivewood.com\/es\/tienda\/\"},{\"@type\":\"ListItem\",\"position\":3,\"name\":\"Copa de Comuni\u00f3n de Madera de Olivo #T111\"}]},{\"@type\":\"WebSite\",\"@id\":\"https:\/\/old.holyland-olivewood.com\/es\/#website\",\"url\":\"https:\/\/old.holyland-olivewood.com\/es\/\",\"name\":\"Holy Land Olive Wood - Bethlehem Olive Wood Factory\",\"description\":\"Holy Land Olivewood Bethlehem\",\"publisher\":{\"@id\":\"https:\/\/old.holyland-olivewood.com\/es\/#organization\"},\"potentialAction\":[{\"@type\":\"SearchAction\",\"target\":{\"@type\":\"EntryPoint\",\"urlTemplate\":\"https:\/\/old.holyland-olivewood.com\/es\/?s={search_term_string}\"},\"query-input\":{\"@type\":\"PropertyValueSpecification\",\"valueRequired\":true,\"valueName\":\"search_term_string\"}}],\"inLanguage\":\"es\"},{\"@type\":\"Organization\",\"@id\":\"https:\/\/old.holyland-olivewood.com\/es\/#organization\",\"name\":\"Holy Land Olivewood\",\"url\":\"https:\/\/old.holyland-olivewood.com\/es\/\",\"logo\":{\"@type\":\"ImageObject\",\"inLanguage\":\"es\",\"@id\":\"https:\/\/old.holyland-olivewood.com\/es\/#\/schema\/logo\/image\/\",\"url\":\"\",\"contentUrl\":\"\",\"caption\":\"Holy Land Olivewood\"},\"image\":{\"@id\":\"https:\/\/old.holyland-olivewood.com\/es\/#\/schema\/logo\/image\/\"},\"sameAs\":[\"https:\/\/www.facebook.com\/holylandolivewood.bethlehem\/\",\"http:\/\/instagram.com\/holy.land.olive.wood\"]}]}<\/script>\n<!-- \/ Yoast SEO plugin. -->","yoast_head_json":{"title":"Copa de Comuni\u00f3n de Madera de Olivo #T111 - Holy Land Olive Wood - Bethlehem Olive Wood Factory","description":"Artesan\u00edas de madera de olivo de Bel\u00e9n (es decir, vajilla, tazas, \u00faltima, cena, cuentas) jarrones, velas, soportes y existencias en bruto en dimensiones est\u00e1ndar y personalizadas.","robots":{"index":"index","follow":"follow","max-snippet":"max-snippet:-1","max-image-preview":"max-image-preview:large","max-video-preview":"max-video-preview:-1"},"canonical":"https:\/\/old.holyland-olivewood.com\/es\/producto\/oliva-madera-comunion-taza-2\/","og_locale":"es_ES","og_type":"article","og_title":"Copa de Comuni\u00f3n de Madera de Olivo #T111 - Holy Land Olive Wood - Bethlehem Olive Wood Factory","og_description":"Artesan\u00edas de madera de olivo de Bel\u00e9n (es decir, vajilla, tazas, \u00faltima, cena, cuentas) jarrones, velas, soportes y existencias en bruto en dimensiones est\u00e1ndar y personalizadas.","og_url":"https:\/\/old.holyland-olivewood.com\/es\/producto\/oliva-madera-comunion-taza-2\/","og_site_name":"Holy Land Olive Wood - Bethlehem Olive Wood Factory","article_publisher":"https:\/\/www.facebook.com\/holylandolivewood.bethlehem\/","og_image":[{"width":1550,"height":1200,"url":"https:\/\/old.holyland-olivewood.com\/wp-content\/uploads\/2016\/05\/communion_cup_holy_land_olive_wood_bethlehem_t110_and_t111.jpg","type":"image\/jpeg"}],"twitter_card":"summary_large_image","schema":{"@context":"https:\/\/schema.org","@graph":[{"@type":"WebPage","@id":"https:\/\/old.holyland-olivewood.com\/es\/producto\/oliva-madera-comunion-taza-2\/","url":"https:\/\/old.holyland-olivewood.com\/es\/producto\/oliva-madera-comunion-taza-2\/","name":"Copa de Comuni\u00f3n de Madera de Olivo #T111 - Holy Land Olive Wood - Bethlehem Olive Wood Factory","isPartOf":{"@id":"https:\/\/old.holyland-olivewood.com\/es\/#website"},"primaryImageOfPage":{"@id":"https:\/\/old.holyland-olivewood.com\/es\/producto\/oliva-madera-comunion-taza-2\/#primaryimage"},"image":{"@id":"https:\/\/old.holyland-olivewood.com\/es\/producto\/oliva-madera-comunion-taza-2\/#primaryimage"},"thumbnailUrl":"https:\/\/old.holyland-olivewood.com\/wp-content\/uploads\/2016\/05\/communion_cup_holy_land_olive_wood_bethlehem_t110_and_t111.jpg","datePublished":"2022-02-10T17:00:39+00:00","description":"Artesan\u00edas de madera de olivo de Bel\u00e9n (es decir, vajilla, tazas, \u00faltima, cena, cuentas) jarrones, velas, soportes y existencias en bruto en dimensiones est\u00e1ndar y personalizadas.","breadcrumb":{"@id":"https:\/\/old.holyland-olivewood.com\/es\/producto\/oliva-madera-comunion-taza-2\/#breadcrumb"},"inLanguage":"es","potentialAction":[{"@type":"ReadAction","target":["https:\/\/old.holyland-olivewood.com\/es\/producto\/oliva-madera-comunion-taza-2\/"]}]},{"@type":"ImageObject","inLanguage":"es","@id":"https:\/\/old.holyland-olivewood.com\/es\/producto\/oliva-madera-comunion-taza-2\/#primaryimage","url":"https:\/\/old.holyland-olivewood.com\/wp-content\/uploads\/2016\/05\/communion_cup_holy_land_olive_wood_bethlehem_t110_and_t111.jpg","contentUrl":"https:\/\/old.holyland-olivewood.com\/wp-content\/uploads\/2016\/05\/communion_cup_holy_land_olive_wood_bethlehem_t110_and_t111.jpg","width":1550,"height":1200},{"@type":"BreadcrumbList","@id":"https:\/\/old.holyland-olivewood.com\/es\/producto\/oliva-madera-comunion-taza-2\/#breadcrumb","itemListElement":[{"@type":"ListItem","position":1,"name":"Home","item":"https:\/\/old.holyland-olivewood.com\/es\/"},{"@type":"ListItem","position":2,"name":"Tienda","item":"https:\/\/old.holyland-olivewood.com\/es\/tienda\/"},{"@type":"ListItem","position":3,"name":"Copa de Comuni\u00f3n de Madera de Olivo #T111"}]},{"@type":"WebSite","@id":"https:\/\/old.holyland-olivewood.com\/es\/#website","url":"https:\/\/old.holyland-olivewood.com\/es\/","name":"Holy Land Olive Wood - Bethlehem Olive Wood Factory","description":"Holy Land Olivewood Bethlehem","publisher":{"@id":"https:\/\/old.holyland-olivewood.com\/es\/#organization"},"potentialAction":[{"@type":"SearchAction","target":{"@type":"EntryPoint","urlTemplate":"https:\/\/old.holyland-olivewood.com\/es\/?s={search_term_string}"},"query-input":{"@type":"PropertyValueSpecification","valueRequired":true,"valueName":"search_term_string"}}],"inLanguage":"es"},{"@type":"Organization","@id":"https:\/\/old.holyland-olivewood.com\/es\/#organization","name":"Holy Land Olivewood","url":"https:\/\/old.holyland-olivewood.com\/es\/","logo":{"@type":"ImageObject","inLanguage":"es","@id":"https:\/\/old.holyland-olivewood.com\/es\/#\/schema\/logo\/image\/","url":"","contentUrl":"","caption":"Holy Land Olivewood"},"image":{"@id":"https:\/\/old.holyland-olivewood.com\/es\/#\/schema\/logo\/image\/"},"sameAs":["https:\/\/www.facebook.com\/holylandolivewood.bethlehem\/","http:\/\/instagram.com\/holy.land.olive.wood"]}]}},"_links":{"self":[{"href":"https:\/\/old.holyland-olivewood.com\/es\/wp-json\/wp\/v2\/product\/44270","targetHints":{"allow":["GET"]}}],"collection":[{"href":"https:\/\/old.holyland-olivewood.com\/es\/wp-json\/wp\/v2\/product"}],"about":[{"href":"https:\/\/old.holyland-olivewood.com\/es\/wp-json\/wp\/v2\/types\/product"}],"wp:featuredmedia":[{"embeddable":true,"href":"https:\/\/old.holyland-olivewood.com\/es\/wp-json\/wp\/v2\/media\/29986"}],"wp:attachment":[{"href":"https:\/\/old.holyland-olivewood.com\/es\/wp-json\/wp\/v2\/media?parent=44270"}],"wp:term":[{"taxonomy":"product_brand","embeddable":true,"href":"https:\/\/old.holyland-olivewood.com\/es\/wp-json\/wp\/v2\/product_brand?post=44270"},{"taxonomy":"product_cat","embeddable":true,"href":"https:\/\/old.holyland-olivewood.com\/es\/wp-json\/wp\/v2\/product_cat?post=44270"},{"taxonomy":"product_tag","embeddable":true,"href":"https:\/\/old.holyland-olivewood.com\/es\/wp-json\/wp\/v2\/product_tag?post=44270"}],"curies":[{"name":"wp","href":"https:\/\/api.w.org\/{rel}","templated":true}]}}