{"id":43803,"date":"2016-05-31T12:50:52","date_gmt":"2022-02-10T14:02:41","guid":{"rendered":"https:\/\/old.holyland-olivewood.com\/product\/juego-de-elefantes-de-madera-de-olivo-fi114\/"},"modified":"2022-02-10T14:02:41","modified_gmt":"2022-02-10T14:02:41","slug":"olivo-madera-elefante-juego","status":"publish","type":"product","link":"https:\/\/old.holyland-olivewood.com\/es\/producto\/olivo-madera-elefante-juego\/","title":{"rendered":"Juego de elefantes de madera de olivo #FI114"},"content":{"rendered":"","protected":false},"excerpt":{"rendered":"<p>Este elegante juego de 3 elefantes est\u00e1 hecho a mano en Tierra Santa a partir de un aut\u00e9ntico olivo de Bel\u00e9n cosechado de manera sostenible.<br \/>\nEste elegante juego de madera de olivo tallado a mano y hecho a mano est\u00e1 hecho de las mejores podas de olivo de los olivos de Tierra Santa. Las piezas est\u00e1n todas delicadamente talladas y la mano de obra es fenomenal. Tenga en cuenta que no hay dos productos de madera de olivo id\u00e9nticos, debido a las diferencias en el tono y el grano de la madera.<\/p>\n<p>Este art\u00edculo incluye un certificado de autenticidad que verifica los materiales y t\u00e9cnicas utilizadas para fabricar este producto.<\/p>\n<p>Tama\u00f1os: 11 cm (4.25&#8243;) (grande), 9.5 cm (3.75&#8243;) (mediano), 8 cm (3&#8243;) (peque\u00f1o)<\/p>\n","protected":false},"featured_media":30737,"template":"","meta":[],"product_brand":[],"product_cat":[783,1970],"product_tag":[2013,2020,2005,789,919,2009,880,1986,1972,1975,1990,1997,930,860,885,846,855,837,849,875,958,974,924,906,898,911,891,1982,1324,2001,826,813,1978,965,821,832],"class_list":{"0":"post-43803","1":"product","2":"type-product","3":"status-publish","4":"has-post-thumbnail","6":"product_cat-kunsthaandvaerk-es","7":"product_cat-figuras","8":"product_tag-angel-es","9":"product_tag-angeles","10":"product_tag-arca-es","11":"product_tag-belen","12":"product_tag-boen-es","13":"product_tag-busto-es","14":"product_tag-dio","15":"product_tag-escultura","16":"product_tag-esculturas","17":"product_tag-estatua","18":"product_tag-estatuas","19":"product_tag-familia","20":"product_tag-foedselskirken-es","21":"product_tag-haandlavet-es","22":"product_tag-haandvaerk-es","23":"product_tag-hellig-es-2","24":"product_tag-jerusalen","25":"product_tag-jesus-es","26":"product_tag-jord-es","27":"product_tag-jul-es","28":"product_tag-katolsk-es","29":"product_tag-keltisk-es-2","30":"product_tag-kirke-es","31":"product_tag-kors-es","32":"product_tag-kristen-es","33":"product_tag-krucifiks-es","34":"product_tag-kunsthaandvaerk-es","35":"product_tag-manos","36":"product_tag-maria-es","37":"product_tag-noe-es","38":"product_tag-oliventrae-es","39":"product_tag-olivo","40":"product_tag-orando","41":"product_tag-ortodoks-es","42":"product_tag-trae-es","43":"product_tag-udskaering-es","45":"first","46":"instock","47":"shipping-taxable","48":"purchasable","49":"product-type-simple"},"yoast_head":"<!-- This site is optimized with the Yoast SEO plugin v24.8.1 - https:\/\/yoast.com\/wordpress\/plugins\/seo\/ -->\n<title>Juego de elefantes de madera de olivo #FI114 - Holy Land Olive Wood - Bethlehem Olive Wood Factory<\/title>\n<meta name=\"description\" content=\"Artesan\u00edas de madera de olivo de Bel\u00e9n (es decir, figurillas, juegos de natividad, estatuas, esculturas) Plumas de elefante en blanco y materia prima en dimensiones est\u00e1ndar y personalizadas.\" \/>\n<meta name=\"robots\" content=\"index, follow, max-snippet:-1, max-image-preview:large, max-video-preview:-1\" \/>\n<link rel=\"canonical\" href=\"https:\/\/old.holyland-olivewood.com\/es\/producto\/olivo-madera-elefante-juego\/\" \/>\n<meta property=\"og:locale\" content=\"es_ES\" \/>\n<meta property=\"og:type\" content=\"article\" \/>\n<meta property=\"og:title\" content=\"Juego de elefantes de madera de olivo #FI114 - Holy Land Olive Wood - Bethlehem Olive Wood Factory\" \/>\n<meta property=\"og:description\" content=\"Artesan\u00edas de madera de olivo de Bel\u00e9n (es decir, figurillas, juegos de natividad, estatuas, esculturas) Plumas de elefante en blanco y materia prima en dimensiones est\u00e1ndar y personalizadas.\" \/>\n<meta property=\"og:url\" content=\"https:\/\/old.holyland-olivewood.com\/es\/producto\/olivo-madera-elefante-juego\/\" \/>\n<meta property=\"og:site_name\" content=\"Holy Land Olive Wood - Bethlehem Olive Wood Factory\" \/>\n<meta property=\"article:publisher\" content=\"https:\/\/www.facebook.com\/holylandolivewood.bethlehem\/\" \/>\n<meta property=\"og:image\" content=\"https:\/\/old.holyland-olivewood.com\/wp-content\/uploads\/2016\/05\/elephant_set_holy_land_olive_wood_bethlehem_fi114.jpg\" \/>\n\t<meta property=\"og:image:width\" content=\"1550\" \/>\n\t<meta property=\"og:image:height\" content=\"1200\" \/>\n\t<meta property=\"og:image:type\" content=\"image\/jpeg\" \/>\n<meta name=\"twitter:card\" content=\"summary_large_image\" \/>\n<script type=\"application\/ld+json\" class=\"yoast-schema-graph\">{\"@context\":\"https:\/\/schema.org\",\"@graph\":[{\"@type\":\"WebPage\",\"@id\":\"https:\/\/old.holyland-olivewood.com\/es\/producto\/olivo-madera-elefante-juego\/\",\"url\":\"https:\/\/old.holyland-olivewood.com\/es\/producto\/olivo-madera-elefante-juego\/\",\"name\":\"Juego de elefantes de madera de olivo #FI114 - Holy Land Olive Wood - Bethlehem Olive Wood Factory\",\"isPartOf\":{\"@id\":\"https:\/\/old.holyland-olivewood.com\/es\/#website\"},\"primaryImageOfPage\":{\"@id\":\"https:\/\/old.holyland-olivewood.com\/es\/producto\/olivo-madera-elefante-juego\/#primaryimage\"},\"image\":{\"@id\":\"https:\/\/old.holyland-olivewood.com\/es\/producto\/olivo-madera-elefante-juego\/#primaryimage\"},\"thumbnailUrl\":\"https:\/\/old.holyland-olivewood.com\/wp-content\/uploads\/2016\/05\/elephant_set_holy_land_olive_wood_bethlehem_fi114.jpg\",\"datePublished\":\"2022-02-10T14:02:41+00:00\",\"description\":\"Artesan\u00edas de madera de olivo de Bel\u00e9n (es decir, figurillas, juegos de natividad, estatuas, esculturas) Plumas de elefante en blanco y materia prima en dimensiones est\u00e1ndar y personalizadas.\",\"breadcrumb\":{\"@id\":\"https:\/\/old.holyland-olivewood.com\/es\/producto\/olivo-madera-elefante-juego\/#breadcrumb\"},\"inLanguage\":\"es\",\"potentialAction\":[{\"@type\":\"ReadAction\",\"target\":[\"https:\/\/old.holyland-olivewood.com\/es\/producto\/olivo-madera-elefante-juego\/\"]}]},{\"@type\":\"ImageObject\",\"inLanguage\":\"es\",\"@id\":\"https:\/\/old.holyland-olivewood.com\/es\/producto\/olivo-madera-elefante-juego\/#primaryimage\",\"url\":\"https:\/\/old.holyland-olivewood.com\/wp-content\/uploads\/2016\/05\/elephant_set_holy_land_olive_wood_bethlehem_fi114.jpg\",\"contentUrl\":\"https:\/\/old.holyland-olivewood.com\/wp-content\/uploads\/2016\/05\/elephant_set_holy_land_olive_wood_bethlehem_fi114.jpg\",\"width\":1550,\"height\":1200},{\"@type\":\"BreadcrumbList\",\"@id\":\"https:\/\/old.holyland-olivewood.com\/es\/producto\/olivo-madera-elefante-juego\/#breadcrumb\",\"itemListElement\":[{\"@type\":\"ListItem\",\"position\":1,\"name\":\"Home\",\"item\":\"https:\/\/old.holyland-olivewood.com\/es\/\"},{\"@type\":\"ListItem\",\"position\":2,\"name\":\"Tienda\",\"item\":\"https:\/\/old.holyland-olivewood.com\/es\/tienda\/\"},{\"@type\":\"ListItem\",\"position\":3,\"name\":\"Juego de elefantes de madera de olivo #FI114\"}]},{\"@type\":\"WebSite\",\"@id\":\"https:\/\/old.holyland-olivewood.com\/es\/#website\",\"url\":\"https:\/\/old.holyland-olivewood.com\/es\/\",\"name\":\"Holy Land Olive Wood - Bethlehem Olive Wood Factory\",\"description\":\"Holy Land Olivewood Bethlehem\",\"publisher\":{\"@id\":\"https:\/\/old.holyland-olivewood.com\/es\/#organization\"},\"potentialAction\":[{\"@type\":\"SearchAction\",\"target\":{\"@type\":\"EntryPoint\",\"urlTemplate\":\"https:\/\/old.holyland-olivewood.com\/es\/?s={search_term_string}\"},\"query-input\":{\"@type\":\"PropertyValueSpecification\",\"valueRequired\":true,\"valueName\":\"search_term_string\"}}],\"inLanguage\":\"es\"},{\"@type\":\"Organization\",\"@id\":\"https:\/\/old.holyland-olivewood.com\/es\/#organization\",\"name\":\"Holy Land Olivewood\",\"url\":\"https:\/\/old.holyland-olivewood.com\/es\/\",\"logo\":{\"@type\":\"ImageObject\",\"inLanguage\":\"es\",\"@id\":\"https:\/\/old.holyland-olivewood.com\/es\/#\/schema\/logo\/image\/\",\"url\":\"\",\"contentUrl\":\"\",\"caption\":\"Holy Land Olivewood\"},\"image\":{\"@id\":\"https:\/\/old.holyland-olivewood.com\/es\/#\/schema\/logo\/image\/\"},\"sameAs\":[\"https:\/\/www.facebook.com\/holylandolivewood.bethlehem\/\",\"http:\/\/instagram.com\/holy.land.olive.wood\"]}]}<\/script>\n<!-- \/ Yoast SEO plugin. -->","yoast_head_json":{"title":"Juego de elefantes de madera de olivo #FI114 - Holy Land Olive Wood - Bethlehem Olive Wood Factory","description":"Artesan\u00edas de madera de olivo de Bel\u00e9n (es decir, figurillas, juegos de natividad, estatuas, esculturas) Plumas de elefante en blanco y materia prima en dimensiones est\u00e1ndar y personalizadas.","robots":{"index":"index","follow":"follow","max-snippet":"max-snippet:-1","max-image-preview":"max-image-preview:large","max-video-preview":"max-video-preview:-1"},"canonical":"https:\/\/old.holyland-olivewood.com\/es\/producto\/olivo-madera-elefante-juego\/","og_locale":"es_ES","og_type":"article","og_title":"Juego de elefantes de madera de olivo #FI114 - Holy Land Olive Wood - Bethlehem Olive Wood Factory","og_description":"Artesan\u00edas de madera de olivo de Bel\u00e9n (es decir, figurillas, juegos de natividad, estatuas, esculturas) Plumas de elefante en blanco y materia prima en dimensiones est\u00e1ndar y personalizadas.","og_url":"https:\/\/old.holyland-olivewood.com\/es\/producto\/olivo-madera-elefante-juego\/","og_site_name":"Holy Land Olive Wood - Bethlehem Olive Wood Factory","article_publisher":"https:\/\/www.facebook.com\/holylandolivewood.bethlehem\/","og_image":[{"width":1550,"height":1200,"url":"https:\/\/old.holyland-olivewood.com\/wp-content\/uploads\/2016\/05\/elephant_set_holy_land_olive_wood_bethlehem_fi114.jpg","type":"image\/jpeg"}],"twitter_card":"summary_large_image","schema":{"@context":"https:\/\/schema.org","@graph":[{"@type":"WebPage","@id":"https:\/\/old.holyland-olivewood.com\/es\/producto\/olivo-madera-elefante-juego\/","url":"https:\/\/old.holyland-olivewood.com\/es\/producto\/olivo-madera-elefante-juego\/","name":"Juego de elefantes de madera de olivo #FI114 - Holy Land Olive Wood - Bethlehem Olive Wood Factory","isPartOf":{"@id":"https:\/\/old.holyland-olivewood.com\/es\/#website"},"primaryImageOfPage":{"@id":"https:\/\/old.holyland-olivewood.com\/es\/producto\/olivo-madera-elefante-juego\/#primaryimage"},"image":{"@id":"https:\/\/old.holyland-olivewood.com\/es\/producto\/olivo-madera-elefante-juego\/#primaryimage"},"thumbnailUrl":"https:\/\/old.holyland-olivewood.com\/wp-content\/uploads\/2016\/05\/elephant_set_holy_land_olive_wood_bethlehem_fi114.jpg","datePublished":"2022-02-10T14:02:41+00:00","description":"Artesan\u00edas de madera de olivo de Bel\u00e9n (es decir, figurillas, juegos de natividad, estatuas, esculturas) Plumas de elefante en blanco y materia prima en dimensiones est\u00e1ndar y personalizadas.","breadcrumb":{"@id":"https:\/\/old.holyland-olivewood.com\/es\/producto\/olivo-madera-elefante-juego\/#breadcrumb"},"inLanguage":"es","potentialAction":[{"@type":"ReadAction","target":["https:\/\/old.holyland-olivewood.com\/es\/producto\/olivo-madera-elefante-juego\/"]}]},{"@type":"ImageObject","inLanguage":"es","@id":"https:\/\/old.holyland-olivewood.com\/es\/producto\/olivo-madera-elefante-juego\/#primaryimage","url":"https:\/\/old.holyland-olivewood.com\/wp-content\/uploads\/2016\/05\/elephant_set_holy_land_olive_wood_bethlehem_fi114.jpg","contentUrl":"https:\/\/old.holyland-olivewood.com\/wp-content\/uploads\/2016\/05\/elephant_set_holy_land_olive_wood_bethlehem_fi114.jpg","width":1550,"height":1200},{"@type":"BreadcrumbList","@id":"https:\/\/old.holyland-olivewood.com\/es\/producto\/olivo-madera-elefante-juego\/#breadcrumb","itemListElement":[{"@type":"ListItem","position":1,"name":"Home","item":"https:\/\/old.holyland-olivewood.com\/es\/"},{"@type":"ListItem","position":2,"name":"Tienda","item":"https:\/\/old.holyland-olivewood.com\/es\/tienda\/"},{"@type":"ListItem","position":3,"name":"Juego de elefantes de madera de olivo #FI114"}]},{"@type":"WebSite","@id":"https:\/\/old.holyland-olivewood.com\/es\/#website","url":"https:\/\/old.holyland-olivewood.com\/es\/","name":"Holy Land Olive Wood - Bethlehem Olive Wood Factory","description":"Holy Land Olivewood Bethlehem","publisher":{"@id":"https:\/\/old.holyland-olivewood.com\/es\/#organization"},"potentialAction":[{"@type":"SearchAction","target":{"@type":"EntryPoint","urlTemplate":"https:\/\/old.holyland-olivewood.com\/es\/?s={search_term_string}"},"query-input":{"@type":"PropertyValueSpecification","valueRequired":true,"valueName":"search_term_string"}}],"inLanguage":"es"},{"@type":"Organization","@id":"https:\/\/old.holyland-olivewood.com\/es\/#organization","name":"Holy Land Olivewood","url":"https:\/\/old.holyland-olivewood.com\/es\/","logo":{"@type":"ImageObject","inLanguage":"es","@id":"https:\/\/old.holyland-olivewood.com\/es\/#\/schema\/logo\/image\/","url":"","contentUrl":"","caption":"Holy Land Olivewood"},"image":{"@id":"https:\/\/old.holyland-olivewood.com\/es\/#\/schema\/logo\/image\/"},"sameAs":["https:\/\/www.facebook.com\/holylandolivewood.bethlehem\/","http:\/\/instagram.com\/holy.land.olive.wood"]}]}},"_links":{"self":[{"href":"https:\/\/old.holyland-olivewood.com\/es\/wp-json\/wp\/v2\/product\/43803","targetHints":{"allow":["GET"]}}],"collection":[{"href":"https:\/\/old.holyland-olivewood.com\/es\/wp-json\/wp\/v2\/product"}],"about":[{"href":"https:\/\/old.holyland-olivewood.com\/es\/wp-json\/wp\/v2\/types\/product"}],"wp:featuredmedia":[{"embeddable":true,"href":"https:\/\/old.holyland-olivewood.com\/es\/wp-json\/wp\/v2\/media\/30737"}],"wp:attachment":[{"href":"https:\/\/old.holyland-olivewood.com\/es\/wp-json\/wp\/v2\/media?parent=43803"}],"wp:term":[{"taxonomy":"product_brand","embeddable":true,"href":"https:\/\/old.holyland-olivewood.com\/es\/wp-json\/wp\/v2\/product_brand?post=43803"},{"taxonomy":"product_cat","embeddable":true,"href":"https:\/\/old.holyland-olivewood.com\/es\/wp-json\/wp\/v2\/product_cat?post=43803"},{"taxonomy":"product_tag","embeddable":true,"href":"https:\/\/old.holyland-olivewood.com\/es\/wp-json\/wp\/v2\/product_tag?post=43803"}],"curies":[{"name":"wp","href":"https:\/\/api.w.org\/{rel}","templated":true}]}}