{"id":42932,"date":"2018-01-19T15:17:52","date_gmt":"2022-02-09T08:26:41","guid":{"rendered":"https:\/\/old.holyland-olivewood.com\/product\/jerusalem-olivewood-slimline-twist-pen-w-grabado-laser-y-accesorios-de-oro-de-24k-pe105\/"},"modified":"2022-02-09T08:26:41","modified_gmt":"2022-02-09T08:26:41","slug":"jabal-laser-grabado-hecho-a-mano-jerusalen-olivo-madera-torsion-pluma","status":"publish","type":"product","link":"https:\/\/old.holyland-olivewood.com\/es\/producto\/jabal-laser-grabado-hecho-a-mano-jerusalen-olivo-madera-torsion-pluma\/","title":{"rendered":"Jerusalem Olivewood Slimline Twist Pen w \/ Grabado l\u00e1ser y accesorios de oro de 24k #PE105"},"content":{"rendered":"","protected":false},"excerpt":{"rendered":"<p>Este bol\u00edgrafo de recuerdo girado a mano durar\u00e1 toda la vida y es un gran regalo para cualquiera que aprecie la artesan\u00eda y la belleza cruda de los materiales naturales. <em>El agarre de esta pluma est\u00e1 hecho de <strong>olivo de Jerusal\u00e9n<\/strong> genuino y cosechado de manera sostenible, obtenido durante la temporada de poda de olivos antiguos en el Monte de los Olivos.<\/em><\/p>\n<p>Este material ex\u00f3tico tiene un acabado m\u00e1s suave que casi cualquier otra madera, y su patr\u00f3n de grano marcadamente contrastante nunca deja de impresionar.<\/p>\n<p><strong>Para distinguir este bol\u00edgrafo de nuestros otros bol\u00edgrafos Slimline, grabamos con l\u00e1ser &#8220;Jerusal\u00e9n&#8221; en la mitad superior del bol\u00edgrafo.<\/strong><\/p>\n<p>Cada bol\u00edgrafo viene con una vitrina y un certificado de autenticidad, verificando los materiales y t\u00e9cnicas utilizadas para hacer este producto.<\/p>\n<p><strong>Modelo:<\/strong> L\u00e1piz Slimline Twist<br \/>\n<strong>Tipo:<\/strong> Recarga\u00ae de bol\u00edgrafo tipo cruz<br \/>\n<strong>Color:<\/strong> Negro<br \/>\n<strong>Recargables:<\/strong> S\u00ed<br \/>\n<strong>Agarrar:<\/strong> Olivo de Jerusal\u00e9n<br \/>\n<strong>Accesorios:<\/strong> Oro de 24k<br \/>\n<strong>Terminar:<\/strong> Laca de bajo brillo<br \/>\n<strong>Tama\u00f1o:<\/strong> 1.0 cm x 14 cm (3\/8&#8243; x 5.1\/2&#8243;)<\/p>\n","protected":false},"featured_media":33693,"template":"","meta":[],"product_brand":[],"product_cat":[783,2389],"product_tag":[789,826,2051,2390],"class_list":{"0":"post-42932","1":"product","2":"type-product","3":"status-publish","4":"has-post-thumbnail","6":"product_cat-kunsthaandvaerk-es","7":"product_cat-boligrafos-y-articulos-de-escritorio","8":"product_tag-belen","9":"product_tag-oliventrae-es","10":"product_tag-pluma","11":"product_tag-plumas","13":"first","14":"instock","15":"shipping-taxable","16":"purchasable","17":"product-type-simple"},"yoast_head":"<!-- This site is optimized with the Yoast SEO plugin v24.8.1 - https:\/\/yoast.com\/wordpress\/plugins\/seo\/ -->\n<title>Jerusalem Olivewood Slimline Twist Pen w \/ Grabado l\u00e1ser y accesorios de oro de 24k #PE105 - Holy Land Olive Wood - Bethlehem Olive Wood Factory<\/title>\n<meta name=\"description\" content=\"Plumas de madera de olivo de Bel\u00e9n y art\u00edculos de escritorio (es decir, soporte para bol\u00edgrafos, cajas de bol\u00edgrafos), espacios en blanco, tallas y m\u00e1s de tierra santa y existencias en bruto en dimensiones est\u00e1ndar y personalizadas.\" \/>\n<meta name=\"robots\" content=\"index, follow, max-snippet:-1, max-image-preview:large, max-video-preview:-1\" \/>\n<link rel=\"canonical\" href=\"https:\/\/old.holyland-olivewood.com\/es\/producto\/jabal-laser-grabado-hecho-a-mano-jerusalen-olivo-madera-torsion-pluma\/\" \/>\n<meta property=\"og:locale\" content=\"es_ES\" \/>\n<meta property=\"og:type\" content=\"article\" \/>\n<meta property=\"og:title\" content=\"Jerusalem Olivewood Slimline Twist Pen w \/ Grabado l\u00e1ser y accesorios de oro de 24k #PE105 - Holy Land Olive Wood - Bethlehem Olive Wood Factory\" \/>\n<meta property=\"og:description\" content=\"Plumas de madera de olivo de Bel\u00e9n y art\u00edculos de escritorio (es decir, soporte para bol\u00edgrafos, cajas de bol\u00edgrafos), espacios en blanco, tallas y m\u00e1s de tierra santa y existencias en bruto en dimensiones est\u00e1ndar y personalizadas.\" \/>\n<meta property=\"og:url\" content=\"https:\/\/old.holyland-olivewood.com\/es\/producto\/jabal-laser-grabado-hecho-a-mano-jerusalen-olivo-madera-torsion-pluma\/\" \/>\n<meta property=\"og:site_name\" content=\"Holy Land Olive Wood - Bethlehem Olive Wood Factory\" \/>\n<meta property=\"article:publisher\" content=\"https:\/\/www.facebook.com\/holylandolivewood.bethlehem\/\" \/>\n<meta property=\"og:image\" content=\"https:\/\/old.holyland-olivewood.com\/wp-content\/uploads\/2018\/01\/pen_holy_land_olive_wood_bethlehem_pe105_1.jpg\" \/>\n\t<meta property=\"og:image:width\" content=\"1550\" \/>\n\t<meta property=\"og:image:height\" content=\"1200\" \/>\n\t<meta property=\"og:image:type\" content=\"image\/jpeg\" \/>\n<meta name=\"twitter:card\" content=\"summary_large_image\" \/>\n<script type=\"application\/ld+json\" class=\"yoast-schema-graph\">{\"@context\":\"https:\/\/schema.org\",\"@graph\":[{\"@type\":\"WebPage\",\"@id\":\"https:\/\/old.holyland-olivewood.com\/es\/producto\/jabal-laser-grabado-hecho-a-mano-jerusalen-olivo-madera-torsion-pluma\/\",\"url\":\"https:\/\/old.holyland-olivewood.com\/es\/producto\/jabal-laser-grabado-hecho-a-mano-jerusalen-olivo-madera-torsion-pluma\/\",\"name\":\"Jerusalem Olivewood Slimline Twist Pen w \/ Grabado l\u00e1ser y accesorios de oro de 24k #PE105 - Holy Land Olive Wood - Bethlehem Olive Wood Factory\",\"isPartOf\":{\"@id\":\"https:\/\/old.holyland-olivewood.com\/es\/#website\"},\"primaryImageOfPage\":{\"@id\":\"https:\/\/old.holyland-olivewood.com\/es\/producto\/jabal-laser-grabado-hecho-a-mano-jerusalen-olivo-madera-torsion-pluma\/#primaryimage\"},\"image\":{\"@id\":\"https:\/\/old.holyland-olivewood.com\/es\/producto\/jabal-laser-grabado-hecho-a-mano-jerusalen-olivo-madera-torsion-pluma\/#primaryimage\"},\"thumbnailUrl\":\"https:\/\/old.holyland-olivewood.com\/wp-content\/uploads\/2018\/01\/pen_holy_land_olive_wood_bethlehem_pe105_1.jpg\",\"datePublished\":\"2022-02-09T08:26:41+00:00\",\"description\":\"Plumas de madera de olivo de Bel\u00e9n y art\u00edculos de escritorio (es decir, soporte para bol\u00edgrafos, cajas de bol\u00edgrafos), espacios en blanco, tallas y m\u00e1s de tierra santa y existencias en bruto en dimensiones est\u00e1ndar y personalizadas.\",\"breadcrumb\":{\"@id\":\"https:\/\/old.holyland-olivewood.com\/es\/producto\/jabal-laser-grabado-hecho-a-mano-jerusalen-olivo-madera-torsion-pluma\/#breadcrumb\"},\"inLanguage\":\"es\",\"potentialAction\":[{\"@type\":\"ReadAction\",\"target\":[\"https:\/\/old.holyland-olivewood.com\/es\/producto\/jabal-laser-grabado-hecho-a-mano-jerusalen-olivo-madera-torsion-pluma\/\"]}]},{\"@type\":\"ImageObject\",\"inLanguage\":\"es\",\"@id\":\"https:\/\/old.holyland-olivewood.com\/es\/producto\/jabal-laser-grabado-hecho-a-mano-jerusalen-olivo-madera-torsion-pluma\/#primaryimage\",\"url\":\"https:\/\/old.holyland-olivewood.com\/wp-content\/uploads\/2018\/01\/pen_holy_land_olive_wood_bethlehem_pe105_1.jpg\",\"contentUrl\":\"https:\/\/old.holyland-olivewood.com\/wp-content\/uploads\/2018\/01\/pen_holy_land_olive_wood_bethlehem_pe105_1.jpg\",\"width\":1550,\"height\":1200},{\"@type\":\"BreadcrumbList\",\"@id\":\"https:\/\/old.holyland-olivewood.com\/es\/producto\/jabal-laser-grabado-hecho-a-mano-jerusalen-olivo-madera-torsion-pluma\/#breadcrumb\",\"itemListElement\":[{\"@type\":\"ListItem\",\"position\":1,\"name\":\"Home\",\"item\":\"https:\/\/old.holyland-olivewood.com\/es\/\"},{\"@type\":\"ListItem\",\"position\":2,\"name\":\"Tienda\",\"item\":\"https:\/\/old.holyland-olivewood.com\/es\/tienda\/\"},{\"@type\":\"ListItem\",\"position\":3,\"name\":\"Jerusalem Olivewood Slimline Twist Pen w \/ Grabado l\u00e1ser y accesorios de oro de 24k #PE105\"}]},{\"@type\":\"WebSite\",\"@id\":\"https:\/\/old.holyland-olivewood.com\/es\/#website\",\"url\":\"https:\/\/old.holyland-olivewood.com\/es\/\",\"name\":\"Holy Land Olive Wood - Bethlehem Olive Wood Factory\",\"description\":\"Holy Land Olivewood Bethlehem\",\"publisher\":{\"@id\":\"https:\/\/old.holyland-olivewood.com\/es\/#organization\"},\"potentialAction\":[{\"@type\":\"SearchAction\",\"target\":{\"@type\":\"EntryPoint\",\"urlTemplate\":\"https:\/\/old.holyland-olivewood.com\/es\/?s={search_term_string}\"},\"query-input\":{\"@type\":\"PropertyValueSpecification\",\"valueRequired\":true,\"valueName\":\"search_term_string\"}}],\"inLanguage\":\"es\"},{\"@type\":\"Organization\",\"@id\":\"https:\/\/old.holyland-olivewood.com\/es\/#organization\",\"name\":\"Holy Land Olivewood\",\"url\":\"https:\/\/old.holyland-olivewood.com\/es\/\",\"logo\":{\"@type\":\"ImageObject\",\"inLanguage\":\"es\",\"@id\":\"https:\/\/old.holyland-olivewood.com\/es\/#\/schema\/logo\/image\/\",\"url\":\"\",\"contentUrl\":\"\",\"caption\":\"Holy Land Olivewood\"},\"image\":{\"@id\":\"https:\/\/old.holyland-olivewood.com\/es\/#\/schema\/logo\/image\/\"},\"sameAs\":[\"https:\/\/www.facebook.com\/holylandolivewood.bethlehem\/\",\"http:\/\/instagram.com\/holy.land.olive.wood\"]}]}<\/script>\n<!-- \/ Yoast SEO plugin. -->","yoast_head_json":{"title":"Jerusalem Olivewood Slimline Twist Pen w \/ Grabado l\u00e1ser y accesorios de oro de 24k #PE105 - Holy Land Olive Wood - Bethlehem Olive Wood Factory","description":"Plumas de madera de olivo de Bel\u00e9n y art\u00edculos de escritorio (es decir, soporte para bol\u00edgrafos, cajas de bol\u00edgrafos), espacios en blanco, tallas y m\u00e1s de tierra santa y existencias en bruto en dimensiones est\u00e1ndar y personalizadas.","robots":{"index":"index","follow":"follow","max-snippet":"max-snippet:-1","max-image-preview":"max-image-preview:large","max-video-preview":"max-video-preview:-1"},"canonical":"https:\/\/old.holyland-olivewood.com\/es\/producto\/jabal-laser-grabado-hecho-a-mano-jerusalen-olivo-madera-torsion-pluma\/","og_locale":"es_ES","og_type":"article","og_title":"Jerusalem Olivewood Slimline Twist Pen w \/ Grabado l\u00e1ser y accesorios de oro de 24k #PE105 - Holy Land Olive Wood - Bethlehem Olive Wood Factory","og_description":"Plumas de madera de olivo de Bel\u00e9n y art\u00edculos de escritorio (es decir, soporte para bol\u00edgrafos, cajas de bol\u00edgrafos), espacios en blanco, tallas y m\u00e1s de tierra santa y existencias en bruto en dimensiones est\u00e1ndar y personalizadas.","og_url":"https:\/\/old.holyland-olivewood.com\/es\/producto\/jabal-laser-grabado-hecho-a-mano-jerusalen-olivo-madera-torsion-pluma\/","og_site_name":"Holy Land Olive Wood - Bethlehem Olive Wood Factory","article_publisher":"https:\/\/www.facebook.com\/holylandolivewood.bethlehem\/","og_image":[{"width":1550,"height":1200,"url":"https:\/\/old.holyland-olivewood.com\/wp-content\/uploads\/2018\/01\/pen_holy_land_olive_wood_bethlehem_pe105_1.jpg","type":"image\/jpeg"}],"twitter_card":"summary_large_image","schema":{"@context":"https:\/\/schema.org","@graph":[{"@type":"WebPage","@id":"https:\/\/old.holyland-olivewood.com\/es\/producto\/jabal-laser-grabado-hecho-a-mano-jerusalen-olivo-madera-torsion-pluma\/","url":"https:\/\/old.holyland-olivewood.com\/es\/producto\/jabal-laser-grabado-hecho-a-mano-jerusalen-olivo-madera-torsion-pluma\/","name":"Jerusalem Olivewood Slimline Twist Pen w \/ Grabado l\u00e1ser y accesorios de oro de 24k #PE105 - Holy Land Olive Wood - Bethlehem Olive Wood Factory","isPartOf":{"@id":"https:\/\/old.holyland-olivewood.com\/es\/#website"},"primaryImageOfPage":{"@id":"https:\/\/old.holyland-olivewood.com\/es\/producto\/jabal-laser-grabado-hecho-a-mano-jerusalen-olivo-madera-torsion-pluma\/#primaryimage"},"image":{"@id":"https:\/\/old.holyland-olivewood.com\/es\/producto\/jabal-laser-grabado-hecho-a-mano-jerusalen-olivo-madera-torsion-pluma\/#primaryimage"},"thumbnailUrl":"https:\/\/old.holyland-olivewood.com\/wp-content\/uploads\/2018\/01\/pen_holy_land_olive_wood_bethlehem_pe105_1.jpg","datePublished":"2022-02-09T08:26:41+00:00","description":"Plumas de madera de olivo de Bel\u00e9n y art\u00edculos de escritorio (es decir, soporte para bol\u00edgrafos, cajas de bol\u00edgrafos), espacios en blanco, tallas y m\u00e1s de tierra santa y existencias en bruto en dimensiones est\u00e1ndar y personalizadas.","breadcrumb":{"@id":"https:\/\/old.holyland-olivewood.com\/es\/producto\/jabal-laser-grabado-hecho-a-mano-jerusalen-olivo-madera-torsion-pluma\/#breadcrumb"},"inLanguage":"es","potentialAction":[{"@type":"ReadAction","target":["https:\/\/old.holyland-olivewood.com\/es\/producto\/jabal-laser-grabado-hecho-a-mano-jerusalen-olivo-madera-torsion-pluma\/"]}]},{"@type":"ImageObject","inLanguage":"es","@id":"https:\/\/old.holyland-olivewood.com\/es\/producto\/jabal-laser-grabado-hecho-a-mano-jerusalen-olivo-madera-torsion-pluma\/#primaryimage","url":"https:\/\/old.holyland-olivewood.com\/wp-content\/uploads\/2018\/01\/pen_holy_land_olive_wood_bethlehem_pe105_1.jpg","contentUrl":"https:\/\/old.holyland-olivewood.com\/wp-content\/uploads\/2018\/01\/pen_holy_land_olive_wood_bethlehem_pe105_1.jpg","width":1550,"height":1200},{"@type":"BreadcrumbList","@id":"https:\/\/old.holyland-olivewood.com\/es\/producto\/jabal-laser-grabado-hecho-a-mano-jerusalen-olivo-madera-torsion-pluma\/#breadcrumb","itemListElement":[{"@type":"ListItem","position":1,"name":"Home","item":"https:\/\/old.holyland-olivewood.com\/es\/"},{"@type":"ListItem","position":2,"name":"Tienda","item":"https:\/\/old.holyland-olivewood.com\/es\/tienda\/"},{"@type":"ListItem","position":3,"name":"Jerusalem Olivewood Slimline Twist Pen w \/ Grabado l\u00e1ser y accesorios de oro de 24k #PE105"}]},{"@type":"WebSite","@id":"https:\/\/old.holyland-olivewood.com\/es\/#website","url":"https:\/\/old.holyland-olivewood.com\/es\/","name":"Holy Land Olive Wood - Bethlehem Olive Wood Factory","description":"Holy Land Olivewood Bethlehem","publisher":{"@id":"https:\/\/old.holyland-olivewood.com\/es\/#organization"},"potentialAction":[{"@type":"SearchAction","target":{"@type":"EntryPoint","urlTemplate":"https:\/\/old.holyland-olivewood.com\/es\/?s={search_term_string}"},"query-input":{"@type":"PropertyValueSpecification","valueRequired":true,"valueName":"search_term_string"}}],"inLanguage":"es"},{"@type":"Organization","@id":"https:\/\/old.holyland-olivewood.com\/es\/#organization","name":"Holy Land Olivewood","url":"https:\/\/old.holyland-olivewood.com\/es\/","logo":{"@type":"ImageObject","inLanguage":"es","@id":"https:\/\/old.holyland-olivewood.com\/es\/#\/schema\/logo\/image\/","url":"","contentUrl":"","caption":"Holy Land Olivewood"},"image":{"@id":"https:\/\/old.holyland-olivewood.com\/es\/#\/schema\/logo\/image\/"},"sameAs":["https:\/\/www.facebook.com\/holylandolivewood.bethlehem\/","http:\/\/instagram.com\/holy.land.olive.wood"]}]}},"_links":{"self":[{"href":"https:\/\/old.holyland-olivewood.com\/es\/wp-json\/wp\/v2\/product\/42932","targetHints":{"allow":["GET"]}}],"collection":[{"href":"https:\/\/old.holyland-olivewood.com\/es\/wp-json\/wp\/v2\/product"}],"about":[{"href":"https:\/\/old.holyland-olivewood.com\/es\/wp-json\/wp\/v2\/types\/product"}],"wp:featuredmedia":[{"embeddable":true,"href":"https:\/\/old.holyland-olivewood.com\/es\/wp-json\/wp\/v2\/media\/33693"}],"wp:attachment":[{"href":"https:\/\/old.holyland-olivewood.com\/es\/wp-json\/wp\/v2\/media?parent=42932"}],"wp:term":[{"taxonomy":"product_brand","embeddable":true,"href":"https:\/\/old.holyland-olivewood.com\/es\/wp-json\/wp\/v2\/product_brand?post=42932"},{"taxonomy":"product_cat","embeddable":true,"href":"https:\/\/old.holyland-olivewood.com\/es\/wp-json\/wp\/v2\/product_cat?post=42932"},{"taxonomy":"product_tag","embeddable":true,"href":"https:\/\/old.holyland-olivewood.com\/es\/wp-json\/wp\/v2\/product_tag?post=42932"}],"curies":[{"name":"wp","href":"https:\/\/api.w.org\/{rel}","templated":true}]}}