{"id":42743,"date":"2018-02-20T16:07:59","date_gmt":"2022-02-09T08:02:59","guid":{"rendered":"https:\/\/old.holyland-olivewood.com\/product\/rosario-de-dedos-de-madera-de-olivo-r117\/"},"modified":"2022-02-09T08:02:59","modified_gmt":"2022-02-09T08:02:59","slug":"olivo-madera-dedo-rosario-r117","status":"publish","type":"product","link":"https:\/\/old.holyland-olivewood.com\/es\/producto\/olivo-madera-dedo-rosario-r117\/","title":{"rendered":"ROSARIO DE DEDOS DE MADERA DE OLIVO #R117"},"content":{"rendered":"","protected":false},"excerpt":{"rendered":"<p>Este encantador anillo de rosario de madera de olivo est\u00e1 hecho de madera de olivo de Bel\u00e9n. Con diez cuentas de rosario y una cruz, este rosario est\u00e1 enhebrado en una cuerda marr\u00f3n.<\/p>\n","protected":false},"featured_media":34089,"template":"","meta":[],"product_brand":[],"product_cat":[783,2285],"product_tag":[943,789,2308,2297,880,2286,930,860,885,846,2311,855,849,875,958,924,906,898,911,891,2314,937,826,813,1978,965,2290,951,2288,2306,1329,1728,2299,2303,870,795,821,2295,832],"class_list":{"0":"post-42743","1":"product","2":"type-product","3":"status-publish","4":"has-post-thumbnail","6":"product_cat-kunsthaandvaerk-es","7":"product_cat-rosarios","8":"product_tag-af-es","9":"product_tag-belen","10":"product_tag-chapado","11":"product_tag-coral-es","12":"product_tag-dio","13":"product_tag-dios","14":"product_tag-foedselskirken-es","15":"product_tag-haandlavet-es","16":"product_tag-haandvaerk-es","17":"product_tag-hellig-es-2","18":"product_tag-hematita","19":"product_tag-jerusalen","20":"product_tag-jord-es","21":"product_tag-jul-es","22":"product_tag-katolsk-es","23":"product_tag-kirke-es","24":"product_tag-kors-es","25":"product_tag-kristen-es","26":"product_tag-krucifiks-es","27":"product_tag-kunsthaandvaerk-es","28":"product_tag-llanura","29":"product_tag-mor-es","30":"product_tag-oliventrae-es","31":"product_tag-olivo","32":"product_tag-orando","33":"product_tag-ortodoks-es","34":"product_tag-pared","35":"product_tag-perle-es","36":"product_tag-petalo","37":"product_tag-plata","38":"product_tag-regalos","39":"product_tag-rio","40":"product_tag-rojo","41":"product_tag-rosado","42":"product_tag-rosenkrans-es","43":"product_tag-rosenkranse-es","44":"product_tag-trae-es","45":"product_tag-turquesa","46":"product_tag-udskaering-es","48":"first","49":"instock","50":"shipping-taxable","51":"purchasable","52":"product-type-simple"},"yoast_head":"<!-- This site is optimized with the Yoast SEO plugin v24.8.1 - https:\/\/yoast.com\/wordpress\/plugins\/seo\/ -->\n<title>ROSARIO DE DEDOS DE MADERA DE OLIVO #R117 - Holy Land Olive Wood - Bethlehem Olive Wood Factory<\/title>\n<meta name=\"description\" content=\"Artesan\u00edas de madera de olivo de Bel\u00e9n (es decir, rosarios, adornos, imanes, cuentas) tallas de plumas en blanco, losas, bloques, y stock en bruto en dimensiones est\u00e1ndar y personalizadas\" \/>\n<meta name=\"robots\" content=\"index, follow, max-snippet:-1, max-image-preview:large, max-video-preview:-1\" \/>\n<link rel=\"canonical\" href=\"https:\/\/old.holyland-olivewood.com\/es\/producto\/olivo-madera-dedo-rosario-r117\/\" \/>\n<meta property=\"og:locale\" content=\"es_ES\" \/>\n<meta property=\"og:type\" content=\"article\" \/>\n<meta property=\"og:title\" content=\"ROSARIO DE DEDOS DE MADERA DE OLIVO #R117 - Holy Land Olive Wood - Bethlehem Olive Wood Factory\" \/>\n<meta property=\"og:description\" content=\"Artesan\u00edas de madera de olivo de Bel\u00e9n (es decir, rosarios, adornos, imanes, cuentas) tallas de plumas en blanco, losas, bloques, y stock en bruto en dimensiones est\u00e1ndar y personalizadas\" \/>\n<meta property=\"og:url\" content=\"https:\/\/old.holyland-olivewood.com\/es\/producto\/olivo-madera-dedo-rosario-r117\/\" \/>\n<meta property=\"og:site_name\" content=\"Holy Land Olive Wood - Bethlehem Olive Wood Factory\" \/>\n<meta property=\"article:publisher\" content=\"https:\/\/www.facebook.com\/holylandolivewood.bethlehem\/\" \/>\n<meta property=\"og:image\" content=\"https:\/\/old.holyland-olivewood.com\/wp-content\/uploads\/2018\/02\/bethlehem_olive_wood_holy_land_finger_rosary_r117.jpg\" \/>\n\t<meta property=\"og:image:width\" content=\"1550\" \/>\n\t<meta property=\"og:image:height\" content=\"1200\" \/>\n\t<meta property=\"og:image:type\" content=\"image\/jpeg\" \/>\n<meta name=\"twitter:card\" content=\"summary_large_image\" \/>\n<script type=\"application\/ld+json\" class=\"yoast-schema-graph\">{\"@context\":\"https:\/\/schema.org\",\"@graph\":[{\"@type\":\"WebPage\",\"@id\":\"https:\/\/old.holyland-olivewood.com\/es\/producto\/olivo-madera-dedo-rosario-r117\/\",\"url\":\"https:\/\/old.holyland-olivewood.com\/es\/producto\/olivo-madera-dedo-rosario-r117\/\",\"name\":\"ROSARIO DE DEDOS DE MADERA DE OLIVO #R117 - Holy Land Olive Wood - Bethlehem Olive Wood Factory\",\"isPartOf\":{\"@id\":\"https:\/\/old.holyland-olivewood.com\/es\/#website\"},\"primaryImageOfPage\":{\"@id\":\"https:\/\/old.holyland-olivewood.com\/es\/producto\/olivo-madera-dedo-rosario-r117\/#primaryimage\"},\"image\":{\"@id\":\"https:\/\/old.holyland-olivewood.com\/es\/producto\/olivo-madera-dedo-rosario-r117\/#primaryimage\"},\"thumbnailUrl\":\"https:\/\/old.holyland-olivewood.com\/wp-content\/uploads\/2018\/02\/bethlehem_olive_wood_holy_land_finger_rosary_r117.jpg\",\"datePublished\":\"2022-02-09T08:02:59+00:00\",\"description\":\"Artesan\u00edas de madera de olivo de Bel\u00e9n (es decir, rosarios, adornos, imanes, cuentas) tallas de plumas en blanco, losas, bloques, y stock en bruto en dimensiones est\u00e1ndar y personalizadas\",\"breadcrumb\":{\"@id\":\"https:\/\/old.holyland-olivewood.com\/es\/producto\/olivo-madera-dedo-rosario-r117\/#breadcrumb\"},\"inLanguage\":\"es\",\"potentialAction\":[{\"@type\":\"ReadAction\",\"target\":[\"https:\/\/old.holyland-olivewood.com\/es\/producto\/olivo-madera-dedo-rosario-r117\/\"]}]},{\"@type\":\"ImageObject\",\"inLanguage\":\"es\",\"@id\":\"https:\/\/old.holyland-olivewood.com\/es\/producto\/olivo-madera-dedo-rosario-r117\/#primaryimage\",\"url\":\"https:\/\/old.holyland-olivewood.com\/wp-content\/uploads\/2018\/02\/bethlehem_olive_wood_holy_land_finger_rosary_r117.jpg\",\"contentUrl\":\"https:\/\/old.holyland-olivewood.com\/wp-content\/uploads\/2018\/02\/bethlehem_olive_wood_holy_land_finger_rosary_r117.jpg\",\"width\":1550,\"height\":1200},{\"@type\":\"BreadcrumbList\",\"@id\":\"https:\/\/old.holyland-olivewood.com\/es\/producto\/olivo-madera-dedo-rosario-r117\/#breadcrumb\",\"itemListElement\":[{\"@type\":\"ListItem\",\"position\":1,\"name\":\"Home\",\"item\":\"https:\/\/old.holyland-olivewood.com\/es\/\"},{\"@type\":\"ListItem\",\"position\":2,\"name\":\"Tienda\",\"item\":\"https:\/\/old.holyland-olivewood.com\/es\/tienda\/\"},{\"@type\":\"ListItem\",\"position\":3,\"name\":\"ROSARIO DE DEDOS DE MADERA DE OLIVO #R117\"}]},{\"@type\":\"WebSite\",\"@id\":\"https:\/\/old.holyland-olivewood.com\/es\/#website\",\"url\":\"https:\/\/old.holyland-olivewood.com\/es\/\",\"name\":\"Holy Land Olive Wood - Bethlehem Olive Wood Factory\",\"description\":\"Holy Land Olivewood Bethlehem\",\"publisher\":{\"@id\":\"https:\/\/old.holyland-olivewood.com\/es\/#organization\"},\"potentialAction\":[{\"@type\":\"SearchAction\",\"target\":{\"@type\":\"EntryPoint\",\"urlTemplate\":\"https:\/\/old.holyland-olivewood.com\/es\/?s={search_term_string}\"},\"query-input\":{\"@type\":\"PropertyValueSpecification\",\"valueRequired\":true,\"valueName\":\"search_term_string\"}}],\"inLanguage\":\"es\"},{\"@type\":\"Organization\",\"@id\":\"https:\/\/old.holyland-olivewood.com\/es\/#organization\",\"name\":\"Holy Land Olivewood\",\"url\":\"https:\/\/old.holyland-olivewood.com\/es\/\",\"logo\":{\"@type\":\"ImageObject\",\"inLanguage\":\"es\",\"@id\":\"https:\/\/old.holyland-olivewood.com\/es\/#\/schema\/logo\/image\/\",\"url\":\"\",\"contentUrl\":\"\",\"caption\":\"Holy Land Olivewood\"},\"image\":{\"@id\":\"https:\/\/old.holyland-olivewood.com\/es\/#\/schema\/logo\/image\/\"},\"sameAs\":[\"https:\/\/www.facebook.com\/holylandolivewood.bethlehem\/\",\"http:\/\/instagram.com\/holy.land.olive.wood\"]}]}<\/script>\n<!-- \/ Yoast SEO plugin. -->","yoast_head_json":{"title":"ROSARIO DE DEDOS DE MADERA DE OLIVO #R117 - Holy Land Olive Wood - Bethlehem Olive Wood Factory","description":"Artesan\u00edas de madera de olivo de Bel\u00e9n (es decir, rosarios, adornos, imanes, cuentas) tallas de plumas en blanco, losas, bloques, y stock en bruto en dimensiones est\u00e1ndar y personalizadas","robots":{"index":"index","follow":"follow","max-snippet":"max-snippet:-1","max-image-preview":"max-image-preview:large","max-video-preview":"max-video-preview:-1"},"canonical":"https:\/\/old.holyland-olivewood.com\/es\/producto\/olivo-madera-dedo-rosario-r117\/","og_locale":"es_ES","og_type":"article","og_title":"ROSARIO DE DEDOS DE MADERA DE OLIVO #R117 - Holy Land Olive Wood - Bethlehem Olive Wood Factory","og_description":"Artesan\u00edas de madera de olivo de Bel\u00e9n (es decir, rosarios, adornos, imanes, cuentas) tallas de plumas en blanco, losas, bloques, y stock en bruto en dimensiones est\u00e1ndar y personalizadas","og_url":"https:\/\/old.holyland-olivewood.com\/es\/producto\/olivo-madera-dedo-rosario-r117\/","og_site_name":"Holy Land Olive Wood - Bethlehem Olive Wood Factory","article_publisher":"https:\/\/www.facebook.com\/holylandolivewood.bethlehem\/","og_image":[{"width":1550,"height":1200,"url":"https:\/\/old.holyland-olivewood.com\/wp-content\/uploads\/2018\/02\/bethlehem_olive_wood_holy_land_finger_rosary_r117.jpg","type":"image\/jpeg"}],"twitter_card":"summary_large_image","schema":{"@context":"https:\/\/schema.org","@graph":[{"@type":"WebPage","@id":"https:\/\/old.holyland-olivewood.com\/es\/producto\/olivo-madera-dedo-rosario-r117\/","url":"https:\/\/old.holyland-olivewood.com\/es\/producto\/olivo-madera-dedo-rosario-r117\/","name":"ROSARIO DE DEDOS DE MADERA DE OLIVO #R117 - Holy Land Olive Wood - Bethlehem Olive Wood Factory","isPartOf":{"@id":"https:\/\/old.holyland-olivewood.com\/es\/#website"},"primaryImageOfPage":{"@id":"https:\/\/old.holyland-olivewood.com\/es\/producto\/olivo-madera-dedo-rosario-r117\/#primaryimage"},"image":{"@id":"https:\/\/old.holyland-olivewood.com\/es\/producto\/olivo-madera-dedo-rosario-r117\/#primaryimage"},"thumbnailUrl":"https:\/\/old.holyland-olivewood.com\/wp-content\/uploads\/2018\/02\/bethlehem_olive_wood_holy_land_finger_rosary_r117.jpg","datePublished":"2022-02-09T08:02:59+00:00","description":"Artesan\u00edas de madera de olivo de Bel\u00e9n (es decir, rosarios, adornos, imanes, cuentas) tallas de plumas en blanco, losas, bloques, y stock en bruto en dimensiones est\u00e1ndar y personalizadas","breadcrumb":{"@id":"https:\/\/old.holyland-olivewood.com\/es\/producto\/olivo-madera-dedo-rosario-r117\/#breadcrumb"},"inLanguage":"es","potentialAction":[{"@type":"ReadAction","target":["https:\/\/old.holyland-olivewood.com\/es\/producto\/olivo-madera-dedo-rosario-r117\/"]}]},{"@type":"ImageObject","inLanguage":"es","@id":"https:\/\/old.holyland-olivewood.com\/es\/producto\/olivo-madera-dedo-rosario-r117\/#primaryimage","url":"https:\/\/old.holyland-olivewood.com\/wp-content\/uploads\/2018\/02\/bethlehem_olive_wood_holy_land_finger_rosary_r117.jpg","contentUrl":"https:\/\/old.holyland-olivewood.com\/wp-content\/uploads\/2018\/02\/bethlehem_olive_wood_holy_land_finger_rosary_r117.jpg","width":1550,"height":1200},{"@type":"BreadcrumbList","@id":"https:\/\/old.holyland-olivewood.com\/es\/producto\/olivo-madera-dedo-rosario-r117\/#breadcrumb","itemListElement":[{"@type":"ListItem","position":1,"name":"Home","item":"https:\/\/old.holyland-olivewood.com\/es\/"},{"@type":"ListItem","position":2,"name":"Tienda","item":"https:\/\/old.holyland-olivewood.com\/es\/tienda\/"},{"@type":"ListItem","position":3,"name":"ROSARIO DE DEDOS DE MADERA DE OLIVO #R117"}]},{"@type":"WebSite","@id":"https:\/\/old.holyland-olivewood.com\/es\/#website","url":"https:\/\/old.holyland-olivewood.com\/es\/","name":"Holy Land Olive Wood - Bethlehem Olive Wood Factory","description":"Holy Land Olivewood Bethlehem","publisher":{"@id":"https:\/\/old.holyland-olivewood.com\/es\/#organization"},"potentialAction":[{"@type":"SearchAction","target":{"@type":"EntryPoint","urlTemplate":"https:\/\/old.holyland-olivewood.com\/es\/?s={search_term_string}"},"query-input":{"@type":"PropertyValueSpecification","valueRequired":true,"valueName":"search_term_string"}}],"inLanguage":"es"},{"@type":"Organization","@id":"https:\/\/old.holyland-olivewood.com\/es\/#organization","name":"Holy Land Olivewood","url":"https:\/\/old.holyland-olivewood.com\/es\/","logo":{"@type":"ImageObject","inLanguage":"es","@id":"https:\/\/old.holyland-olivewood.com\/es\/#\/schema\/logo\/image\/","url":"","contentUrl":"","caption":"Holy Land Olivewood"},"image":{"@id":"https:\/\/old.holyland-olivewood.com\/es\/#\/schema\/logo\/image\/"},"sameAs":["https:\/\/www.facebook.com\/holylandolivewood.bethlehem\/","http:\/\/instagram.com\/holy.land.olive.wood"]}]}},"_links":{"self":[{"href":"https:\/\/old.holyland-olivewood.com\/es\/wp-json\/wp\/v2\/product\/42743","targetHints":{"allow":["GET"]}}],"collection":[{"href":"https:\/\/old.holyland-olivewood.com\/es\/wp-json\/wp\/v2\/product"}],"about":[{"href":"https:\/\/old.holyland-olivewood.com\/es\/wp-json\/wp\/v2\/types\/product"}],"wp:featuredmedia":[{"embeddable":true,"href":"https:\/\/old.holyland-olivewood.com\/es\/wp-json\/wp\/v2\/media\/34089"}],"wp:attachment":[{"href":"https:\/\/old.holyland-olivewood.com\/es\/wp-json\/wp\/v2\/media?parent=42743"}],"wp:term":[{"taxonomy":"product_brand","embeddable":true,"href":"https:\/\/old.holyland-olivewood.com\/es\/wp-json\/wp\/v2\/product_brand?post=42743"},{"taxonomy":"product_cat","embeddable":true,"href":"https:\/\/old.holyland-olivewood.com\/es\/wp-json\/wp\/v2\/product_cat?post=42743"},{"taxonomy":"product_tag","embeddable":true,"href":"https:\/\/old.holyland-olivewood.com\/es\/wp-json\/wp\/v2\/product_tag?post=42743"}],"curies":[{"name":"wp","href":"https:\/\/api.w.org\/{rel}","templated":true}]}}