{"id":42682,"date":"2018-04-25T19:48:40","date_gmt":"2022-02-09T07:55:14","guid":{"rendered":"https:\/\/old.holyland-olivewood.com\/product\/soporte-de-boligrafo-de-madera-de-olivo-de-belen-hecho-a-mano-soporte-de-boligrafo-de-madera-de-olivo-pe112\/"},"modified":"2022-02-09T07:55:14","modified_gmt":"2022-02-09T07:55:14","slug":"artesanal-belen-olivo-madera-pluma-stand-oliva-madera-pluma-portaplumas-pe112","status":"publish","type":"product","link":"https:\/\/old.holyland-olivewood.com\/es\/producto\/artesanal-belen-olivo-madera-pluma-stand-oliva-madera-pluma-portaplumas-pe112\/","title":{"rendered":"Soporte de bol\u00edgrafo de madera de olivo de bel\u00e9n hecho a mano, soporte de bol\u00edgrafo de madera de olivo #PE112"},"content":{"rendered":"","protected":false},"excerpt":{"rendered":"<p>Este hermoso pen stand est\u00e1 hecho a mano en Tierra Santa a partir de aut\u00e9ntica madera de olivo de Bel\u00e9n cosechada de manera sostenible. Esta pieza de madera de olivo es muy s\u00f3lida y duradera. La superficie tiene un acabado fino que es suave como la seda al tacto.<\/p>\n<p>Este art\u00edculo incluye un certificado de autenticidad que verifica los materiales y t\u00e9cnicas utilizadas para fabricar este producto.<\/p>\n<p>Tama\u00f1o: 5.5 cm x 12.5 cm x 14 cm (2&#8243; x 5&#8243; x 5.1\/2&#8243;)<\/p>\n","protected":false},"featured_media":34219,"template":"","meta":[],"product_brand":[],"product_cat":[783,2389,2388],"product_tag":[789,826,2051,2390],"class_list":{"0":"post-42682","1":"product","2":"type-product","3":"status-publish","4":"has-post-thumbnail","6":"product_cat-kunsthaandvaerk-es","7":"product_cat-boligrafos-y-articulos-de-escritorio","8":"product_cat-lapiz-en-blanco","9":"product_tag-belen","10":"product_tag-oliventrae-es","11":"product_tag-pluma","12":"product_tag-plumas","14":"first","15":"outofstock","16":"shipping-taxable","17":"purchasable","18":"product-type-simple"},"yoast_head":"<!-- This site is optimized with the Yoast SEO plugin v24.8.1 - https:\/\/yoast.com\/wordpress\/plugins\/seo\/ -->\n<title>Soporte de bol\u00edgrafo de madera de olivo de bel\u00e9n hecho a mano, soporte de bol\u00edgrafo de madera de olivo #PE112 - Holy Land Olive Wood - Bethlehem Olive Wood Factory<\/title>\n<meta name=\"description\" content=\"Plumas de madera de olivo de Bel\u00e9n y art\u00edculos de escritorio (es decir, soporte para bol\u00edgrafos, cajas de bol\u00edgrafos), espacios en blanco, tallas y m\u00e1s de tierra santa y existencias en bruto en dimensiones est\u00e1ndar y personalizadas.\" \/>\n<meta name=\"robots\" content=\"index, follow, max-snippet:-1, max-image-preview:large, max-video-preview:-1\" \/>\n<link rel=\"canonical\" href=\"https:\/\/old.holyland-olivewood.com\/es\/producto\/artesanal-belen-olivo-madera-pluma-stand-oliva-madera-pluma-portaplumas-pe112\/\" \/>\n<meta property=\"og:locale\" content=\"es_ES\" \/>\n<meta property=\"og:type\" content=\"article\" \/>\n<meta property=\"og:title\" content=\"Soporte de bol\u00edgrafo de madera de olivo de bel\u00e9n hecho a mano, soporte de bol\u00edgrafo de madera de olivo #PE112 - Holy Land Olive Wood - Bethlehem Olive Wood Factory\" \/>\n<meta property=\"og:description\" content=\"Plumas de madera de olivo de Bel\u00e9n y art\u00edculos de escritorio (es decir, soporte para bol\u00edgrafos, cajas de bol\u00edgrafos), espacios en blanco, tallas y m\u00e1s de tierra santa y existencias en bruto en dimensiones est\u00e1ndar y personalizadas.\" \/>\n<meta property=\"og:url\" content=\"https:\/\/old.holyland-olivewood.com\/es\/producto\/artesanal-belen-olivo-madera-pluma-stand-oliva-madera-pluma-portaplumas-pe112\/\" \/>\n<meta property=\"og:site_name\" content=\"Holy Land Olive Wood - Bethlehem Olive Wood Factory\" \/>\n<meta property=\"article:publisher\" content=\"https:\/\/www.facebook.com\/holylandolivewood.bethlehem\/\" \/>\n<meta property=\"og:image\" content=\"https:\/\/old.holyland-olivewood.com\/wp-content\/uploads\/2018\/04\/bethlehem_olive_wood_pen_stand_olive_wood_pen_holde_PE112_1.jpg\" \/>\n\t<meta property=\"og:image:width\" content=\"1550\" \/>\n\t<meta property=\"og:image:height\" content=\"1200\" \/>\n\t<meta property=\"og:image:type\" content=\"image\/jpeg\" \/>\n<meta name=\"twitter:card\" content=\"summary_large_image\" \/>\n<script type=\"application\/ld+json\" class=\"yoast-schema-graph\">{\"@context\":\"https:\/\/schema.org\",\"@graph\":[{\"@type\":\"WebPage\",\"@id\":\"https:\/\/old.holyland-olivewood.com\/es\/producto\/artesanal-belen-olivo-madera-pluma-stand-oliva-madera-pluma-portaplumas-pe112\/\",\"url\":\"https:\/\/old.holyland-olivewood.com\/es\/producto\/artesanal-belen-olivo-madera-pluma-stand-oliva-madera-pluma-portaplumas-pe112\/\",\"name\":\"Soporte de bol\u00edgrafo de madera de olivo de bel\u00e9n hecho a mano, soporte de bol\u00edgrafo de madera de olivo #PE112 - Holy Land Olive Wood - Bethlehem Olive Wood Factory\",\"isPartOf\":{\"@id\":\"https:\/\/old.holyland-olivewood.com\/es\/#website\"},\"primaryImageOfPage\":{\"@id\":\"https:\/\/old.holyland-olivewood.com\/es\/producto\/artesanal-belen-olivo-madera-pluma-stand-oliva-madera-pluma-portaplumas-pe112\/#primaryimage\"},\"image\":{\"@id\":\"https:\/\/old.holyland-olivewood.com\/es\/producto\/artesanal-belen-olivo-madera-pluma-stand-oliva-madera-pluma-portaplumas-pe112\/#primaryimage\"},\"thumbnailUrl\":\"https:\/\/old.holyland-olivewood.com\/wp-content\/uploads\/2018\/04\/bethlehem_olive_wood_pen_stand_olive_wood_pen_holde_PE112_1.jpg\",\"datePublished\":\"2022-02-09T07:55:14+00:00\",\"description\":\"Plumas de madera de olivo de Bel\u00e9n y art\u00edculos de escritorio (es decir, soporte para bol\u00edgrafos, cajas de bol\u00edgrafos), espacios en blanco, tallas y m\u00e1s de tierra santa y existencias en bruto en dimensiones est\u00e1ndar y personalizadas.\",\"breadcrumb\":{\"@id\":\"https:\/\/old.holyland-olivewood.com\/es\/producto\/artesanal-belen-olivo-madera-pluma-stand-oliva-madera-pluma-portaplumas-pe112\/#breadcrumb\"},\"inLanguage\":\"es\",\"potentialAction\":[{\"@type\":\"ReadAction\",\"target\":[\"https:\/\/old.holyland-olivewood.com\/es\/producto\/artesanal-belen-olivo-madera-pluma-stand-oliva-madera-pluma-portaplumas-pe112\/\"]}]},{\"@type\":\"ImageObject\",\"inLanguage\":\"es\",\"@id\":\"https:\/\/old.holyland-olivewood.com\/es\/producto\/artesanal-belen-olivo-madera-pluma-stand-oliva-madera-pluma-portaplumas-pe112\/#primaryimage\",\"url\":\"https:\/\/old.holyland-olivewood.com\/wp-content\/uploads\/2018\/04\/bethlehem_olive_wood_pen_stand_olive_wood_pen_holde_PE112_1.jpg\",\"contentUrl\":\"https:\/\/old.holyland-olivewood.com\/wp-content\/uploads\/2018\/04\/bethlehem_olive_wood_pen_stand_olive_wood_pen_holde_PE112_1.jpg\",\"width\":1550,\"height\":1200},{\"@type\":\"BreadcrumbList\",\"@id\":\"https:\/\/old.holyland-olivewood.com\/es\/producto\/artesanal-belen-olivo-madera-pluma-stand-oliva-madera-pluma-portaplumas-pe112\/#breadcrumb\",\"itemListElement\":[{\"@type\":\"ListItem\",\"position\":1,\"name\":\"Home\",\"item\":\"https:\/\/old.holyland-olivewood.com\/es\/\"},{\"@type\":\"ListItem\",\"position\":2,\"name\":\"Tienda\",\"item\":\"https:\/\/old.holyland-olivewood.com\/es\/tienda\/\"},{\"@type\":\"ListItem\",\"position\":3,\"name\":\"Soporte de bol\u00edgrafo de madera de olivo de bel\u00e9n hecho a mano, soporte de bol\u00edgrafo de madera de olivo #PE112\"}]},{\"@type\":\"WebSite\",\"@id\":\"https:\/\/old.holyland-olivewood.com\/es\/#website\",\"url\":\"https:\/\/old.holyland-olivewood.com\/es\/\",\"name\":\"Holy Land Olive Wood - Bethlehem Olive Wood Factory\",\"description\":\"Holy Land Olivewood Bethlehem\",\"publisher\":{\"@id\":\"https:\/\/old.holyland-olivewood.com\/es\/#organization\"},\"potentialAction\":[{\"@type\":\"SearchAction\",\"target\":{\"@type\":\"EntryPoint\",\"urlTemplate\":\"https:\/\/old.holyland-olivewood.com\/es\/?s={search_term_string}\"},\"query-input\":{\"@type\":\"PropertyValueSpecification\",\"valueRequired\":true,\"valueName\":\"search_term_string\"}}],\"inLanguage\":\"es\"},{\"@type\":\"Organization\",\"@id\":\"https:\/\/old.holyland-olivewood.com\/es\/#organization\",\"name\":\"Holy Land Olivewood\",\"url\":\"https:\/\/old.holyland-olivewood.com\/es\/\",\"logo\":{\"@type\":\"ImageObject\",\"inLanguage\":\"es\",\"@id\":\"https:\/\/old.holyland-olivewood.com\/es\/#\/schema\/logo\/image\/\",\"url\":\"\",\"contentUrl\":\"\",\"caption\":\"Holy Land Olivewood\"},\"image\":{\"@id\":\"https:\/\/old.holyland-olivewood.com\/es\/#\/schema\/logo\/image\/\"},\"sameAs\":[\"https:\/\/www.facebook.com\/holylandolivewood.bethlehem\/\",\"http:\/\/instagram.com\/holy.land.olive.wood\"]}]}<\/script>\n<!-- \/ Yoast SEO plugin. -->","yoast_head_json":{"title":"Soporte de bol\u00edgrafo de madera de olivo de bel\u00e9n hecho a mano, soporte de bol\u00edgrafo de madera de olivo #PE112 - Holy Land Olive Wood - Bethlehem Olive Wood Factory","description":"Plumas de madera de olivo de Bel\u00e9n y art\u00edculos de escritorio (es decir, soporte para bol\u00edgrafos, cajas de bol\u00edgrafos), espacios en blanco, tallas y m\u00e1s de tierra santa y existencias en bruto en dimensiones est\u00e1ndar y personalizadas.","robots":{"index":"index","follow":"follow","max-snippet":"max-snippet:-1","max-image-preview":"max-image-preview:large","max-video-preview":"max-video-preview:-1"},"canonical":"https:\/\/old.holyland-olivewood.com\/es\/producto\/artesanal-belen-olivo-madera-pluma-stand-oliva-madera-pluma-portaplumas-pe112\/","og_locale":"es_ES","og_type":"article","og_title":"Soporte de bol\u00edgrafo de madera de olivo de bel\u00e9n hecho a mano, soporte de bol\u00edgrafo de madera de olivo #PE112 - Holy Land Olive Wood - Bethlehem Olive Wood Factory","og_description":"Plumas de madera de olivo de Bel\u00e9n y art\u00edculos de escritorio (es decir, soporte para bol\u00edgrafos, cajas de bol\u00edgrafos), espacios en blanco, tallas y m\u00e1s de tierra santa y existencias en bruto en dimensiones est\u00e1ndar y personalizadas.","og_url":"https:\/\/old.holyland-olivewood.com\/es\/producto\/artesanal-belen-olivo-madera-pluma-stand-oliva-madera-pluma-portaplumas-pe112\/","og_site_name":"Holy Land Olive Wood - Bethlehem Olive Wood Factory","article_publisher":"https:\/\/www.facebook.com\/holylandolivewood.bethlehem\/","og_image":[{"width":1550,"height":1200,"url":"https:\/\/old.holyland-olivewood.com\/wp-content\/uploads\/2018\/04\/bethlehem_olive_wood_pen_stand_olive_wood_pen_holde_PE112_1.jpg","type":"image\/jpeg"}],"twitter_card":"summary_large_image","schema":{"@context":"https:\/\/schema.org","@graph":[{"@type":"WebPage","@id":"https:\/\/old.holyland-olivewood.com\/es\/producto\/artesanal-belen-olivo-madera-pluma-stand-oliva-madera-pluma-portaplumas-pe112\/","url":"https:\/\/old.holyland-olivewood.com\/es\/producto\/artesanal-belen-olivo-madera-pluma-stand-oliva-madera-pluma-portaplumas-pe112\/","name":"Soporte de bol\u00edgrafo de madera de olivo de bel\u00e9n hecho a mano, soporte de bol\u00edgrafo de madera de olivo #PE112 - Holy Land Olive Wood - Bethlehem Olive Wood Factory","isPartOf":{"@id":"https:\/\/old.holyland-olivewood.com\/es\/#website"},"primaryImageOfPage":{"@id":"https:\/\/old.holyland-olivewood.com\/es\/producto\/artesanal-belen-olivo-madera-pluma-stand-oliva-madera-pluma-portaplumas-pe112\/#primaryimage"},"image":{"@id":"https:\/\/old.holyland-olivewood.com\/es\/producto\/artesanal-belen-olivo-madera-pluma-stand-oliva-madera-pluma-portaplumas-pe112\/#primaryimage"},"thumbnailUrl":"https:\/\/old.holyland-olivewood.com\/wp-content\/uploads\/2018\/04\/bethlehem_olive_wood_pen_stand_olive_wood_pen_holde_PE112_1.jpg","datePublished":"2022-02-09T07:55:14+00:00","description":"Plumas de madera de olivo de Bel\u00e9n y art\u00edculos de escritorio (es decir, soporte para bol\u00edgrafos, cajas de bol\u00edgrafos), espacios en blanco, tallas y m\u00e1s de tierra santa y existencias en bruto en dimensiones est\u00e1ndar y personalizadas.","breadcrumb":{"@id":"https:\/\/old.holyland-olivewood.com\/es\/producto\/artesanal-belen-olivo-madera-pluma-stand-oliva-madera-pluma-portaplumas-pe112\/#breadcrumb"},"inLanguage":"es","potentialAction":[{"@type":"ReadAction","target":["https:\/\/old.holyland-olivewood.com\/es\/producto\/artesanal-belen-olivo-madera-pluma-stand-oliva-madera-pluma-portaplumas-pe112\/"]}]},{"@type":"ImageObject","inLanguage":"es","@id":"https:\/\/old.holyland-olivewood.com\/es\/producto\/artesanal-belen-olivo-madera-pluma-stand-oliva-madera-pluma-portaplumas-pe112\/#primaryimage","url":"https:\/\/old.holyland-olivewood.com\/wp-content\/uploads\/2018\/04\/bethlehem_olive_wood_pen_stand_olive_wood_pen_holde_PE112_1.jpg","contentUrl":"https:\/\/old.holyland-olivewood.com\/wp-content\/uploads\/2018\/04\/bethlehem_olive_wood_pen_stand_olive_wood_pen_holde_PE112_1.jpg","width":1550,"height":1200},{"@type":"BreadcrumbList","@id":"https:\/\/old.holyland-olivewood.com\/es\/producto\/artesanal-belen-olivo-madera-pluma-stand-oliva-madera-pluma-portaplumas-pe112\/#breadcrumb","itemListElement":[{"@type":"ListItem","position":1,"name":"Home","item":"https:\/\/old.holyland-olivewood.com\/es\/"},{"@type":"ListItem","position":2,"name":"Tienda","item":"https:\/\/old.holyland-olivewood.com\/es\/tienda\/"},{"@type":"ListItem","position":3,"name":"Soporte de bol\u00edgrafo de madera de olivo de bel\u00e9n hecho a mano, soporte de bol\u00edgrafo de madera de olivo #PE112"}]},{"@type":"WebSite","@id":"https:\/\/old.holyland-olivewood.com\/es\/#website","url":"https:\/\/old.holyland-olivewood.com\/es\/","name":"Holy Land Olive Wood - Bethlehem Olive Wood Factory","description":"Holy Land Olivewood Bethlehem","publisher":{"@id":"https:\/\/old.holyland-olivewood.com\/es\/#organization"},"potentialAction":[{"@type":"SearchAction","target":{"@type":"EntryPoint","urlTemplate":"https:\/\/old.holyland-olivewood.com\/es\/?s={search_term_string}"},"query-input":{"@type":"PropertyValueSpecification","valueRequired":true,"valueName":"search_term_string"}}],"inLanguage":"es"},{"@type":"Organization","@id":"https:\/\/old.holyland-olivewood.com\/es\/#organization","name":"Holy Land Olivewood","url":"https:\/\/old.holyland-olivewood.com\/es\/","logo":{"@type":"ImageObject","inLanguage":"es","@id":"https:\/\/old.holyland-olivewood.com\/es\/#\/schema\/logo\/image\/","url":"","contentUrl":"","caption":"Holy Land Olivewood"},"image":{"@id":"https:\/\/old.holyland-olivewood.com\/es\/#\/schema\/logo\/image\/"},"sameAs":["https:\/\/www.facebook.com\/holylandolivewood.bethlehem\/","http:\/\/instagram.com\/holy.land.olive.wood"]}]}},"_links":{"self":[{"href":"https:\/\/old.holyland-olivewood.com\/es\/wp-json\/wp\/v2\/product\/42682","targetHints":{"allow":["GET"]}}],"collection":[{"href":"https:\/\/old.holyland-olivewood.com\/es\/wp-json\/wp\/v2\/product"}],"about":[{"href":"https:\/\/old.holyland-olivewood.com\/es\/wp-json\/wp\/v2\/types\/product"}],"wp:featuredmedia":[{"embeddable":true,"href":"https:\/\/old.holyland-olivewood.com\/es\/wp-json\/wp\/v2\/media\/34219"}],"wp:attachment":[{"href":"https:\/\/old.holyland-olivewood.com\/es\/wp-json\/wp\/v2\/media?parent=42682"}],"wp:term":[{"taxonomy":"product_brand","embeddable":true,"href":"https:\/\/old.holyland-olivewood.com\/es\/wp-json\/wp\/v2\/product_brand?post=42682"},{"taxonomy":"product_cat","embeddable":true,"href":"https:\/\/old.holyland-olivewood.com\/es\/wp-json\/wp\/v2\/product_cat?post=42682"},{"taxonomy":"product_tag","embeddable":true,"href":"https:\/\/old.holyland-olivewood.com\/es\/wp-json\/wp\/v2\/product_tag?post=42682"}],"curies":[{"name":"wp","href":"https:\/\/api.w.org\/{rel}","templated":true}]}}