{"id":42677,"date":"2018-08-22T17:55:50","date_gmt":"2022-02-09T07:53:32","guid":{"rendered":"https:\/\/old.holyland-olivewood.com\/product\/belen-olivewood-twist-pull-sacacorchos-ki136\/"},"modified":"2022-02-09T07:53:32","modified_gmt":"2022-02-09T07:53:32","slug":"belen-olivo-twist-pull-sacacorchos-ki136","status":"publish","type":"product","link":"https:\/\/old.holyland-olivewood.com\/es\/producto\/belen-olivo-twist-pull-sacacorchos-ki136\/","title":{"rendered":"Bel\u00e9n Olivewood Twist &amp; Pull Sacacorchos #KI136"},"content":{"rendered":"","protected":false},"excerpt":{"rendered":"<p>Este sacacorchos de recuerdo hecho a mano durar\u00e1 toda la vida y es un gran regalo para cualquiera que aprecie la artesan\u00eda y la belleza cruda de los materiales naturales.<\/p>\n<p>Los conocedores notar\u00e1n que este art\u00edculo est\u00e1 dise\u00f1ado de acuerdo con el dise\u00f1o original del abridor de vino que fue patentado por el reverendo Samuel Henshall en 1795 en Oxford, Inglaterra.<\/p>\n<p>Como este producto cumple una funci\u00f3n, fue dise\u00f1ado teniendo en cuenta la durabilidad para garantizar que valga la pena su inversi\u00f3n en los pr\u00f3ximos a\u00f1os. El mango se gir\u00f3 de un solo bloque de madera de olivo de Bel\u00e9n genuina cosechada de manera sostenible, que se perfor\u00f3, golpe\u00f3 y atornill\u00f3 a un gusano de acero inoxidable pulido de 3.5 pulgadas. Esta longitud lo hace suficiente para extraer eficazmente cualquier tipo de corcho, mientras que su robusto di\u00e1metro de 1\/4 &#8220;lo hace lo suficientemente fuerte como para torcer y extraer el m\u00e1s obstinado de los corchos. Adem\u00e1s, el centro hueco del gusano le permite penetrar f\u00e1cilmente en los corchos sin sacrificar su integridad estructural, lo que permite el uso m\u00faltiple de corchos y evita que los desechos entren en su vino.<\/p>\n<p>Bethlehem Olivewood es un material ex\u00f3tico que tiene un acabado m\u00e1s suave que casi cualquier otra madera dura, y su patr\u00f3n de grano marcadamente contrastante nunca deja de impresionar. Como el olivo de Bel\u00e9n es un producto de la naturaleza, cada sacacorchos tiene un patr\u00f3n de grano individual \u00fanico.<\/p>\n<p>Este art\u00edculo incluye un certificado de autenticidad que verifica los materiales y t\u00e9cnicas utilizadas para fabricar este producto.<\/p>\n<p><strong>Tama\u00f1o:<\/strong> 3 cm x 10 cm x 10 cm (1.15&#8243; x 4&#8243; x 4&#8243;)<\/p>\n","protected":false},"featured_media":34448,"template":"","meta":[],"product_brand":[],"product_cat":[783,2919],"product_tag":[789,885,826,2923,2515,2924,2921],"class_list":{"0":"post-42677","1":"product","2":"type-product","3":"status-publish","4":"has-post-thumbnail","6":"product_cat-kunsthaandvaerk-es","7":"product_cat-utensilios-de-cocina","8":"product_tag-belen","9":"product_tag-haandvaerk-es","10":"product_tag-oliventrae-es","11":"product_tag-tapon-de-botella","12":"product_tag-tierra-santa-es","13":"product_tag-tirar-del-sacacorchos","14":"product_tag-utensilios-de-cocina","16":"first","17":"outofstock","18":"shipping-taxable","19":"purchasable","20":"product-type-simple"},"yoast_head":"<!-- This site is optimized with the Yoast SEO plugin v24.8.1 - https:\/\/yoast.com\/wordpress\/plugins\/seo\/ -->\n<title>Bel\u00e9n Olivewood Twist &amp; Pull Sacacorchos #KI136 - Holy Land Olive Wood - Bethlehem Olive Wood Factory<\/title>\n<meta name=\"description\" content=\"Artesan\u00edas de madera de olivo de Bel\u00e9n (es decir, utensilios de cocina, tap\u00f3n de botella) miel dipper, esp\u00e1tula, tenedor, mortero y stock crudo en dimensiones est\u00e1ndar y personalizadas.\" \/>\n<meta name=\"robots\" content=\"index, follow, max-snippet:-1, max-image-preview:large, max-video-preview:-1\" \/>\n<link rel=\"canonical\" href=\"https:\/\/old.holyland-olivewood.com\/es\/producto\/belen-olivo-twist-pull-sacacorchos-ki136\/\" \/>\n<meta property=\"og:locale\" content=\"es_ES\" \/>\n<meta property=\"og:type\" content=\"article\" \/>\n<meta property=\"og:title\" content=\"Bel\u00e9n Olivewood Twist &amp; Pull Sacacorchos #KI136 - Holy Land Olive Wood - Bethlehem Olive Wood Factory\" \/>\n<meta property=\"og:description\" content=\"Artesan\u00edas de madera de olivo de Bel\u00e9n (es decir, utensilios de cocina, tap\u00f3n de botella) miel dipper, esp\u00e1tula, tenedor, mortero y stock crudo en dimensiones est\u00e1ndar y personalizadas.\" \/>\n<meta property=\"og:url\" content=\"https:\/\/old.holyland-olivewood.com\/es\/producto\/belen-olivo-twist-pull-sacacorchos-ki136\/\" \/>\n<meta property=\"og:site_name\" content=\"Holy Land Olive Wood - Bethlehem Olive Wood Factory\" \/>\n<meta property=\"article:publisher\" content=\"https:\/\/www.facebook.com\/holylandolivewood.bethlehem\/\" \/>\n<meta property=\"og:image\" content=\"https:\/\/old.holyland-olivewood.com\/wp-content\/uploads\/2018\/08\/bethlehem_olive_wood_wine_opener_ki136.jpg\" \/>\n\t<meta property=\"og:image:width\" content=\"1550\" \/>\n\t<meta property=\"og:image:height\" content=\"1200\" \/>\n\t<meta property=\"og:image:type\" content=\"image\/jpeg\" \/>\n<meta name=\"twitter:card\" content=\"summary_large_image\" \/>\n<script type=\"application\/ld+json\" class=\"yoast-schema-graph\">{\"@context\":\"https:\/\/schema.org\",\"@graph\":[{\"@type\":\"WebPage\",\"@id\":\"https:\/\/old.holyland-olivewood.com\/es\/producto\/belen-olivo-twist-pull-sacacorchos-ki136\/\",\"url\":\"https:\/\/old.holyland-olivewood.com\/es\/producto\/belen-olivo-twist-pull-sacacorchos-ki136\/\",\"name\":\"Bel\u00e9n Olivewood Twist &amp; Pull Sacacorchos #KI136 - Holy Land Olive Wood - Bethlehem Olive Wood Factory\",\"isPartOf\":{\"@id\":\"https:\/\/old.holyland-olivewood.com\/es\/#website\"},\"primaryImageOfPage\":{\"@id\":\"https:\/\/old.holyland-olivewood.com\/es\/producto\/belen-olivo-twist-pull-sacacorchos-ki136\/#primaryimage\"},\"image\":{\"@id\":\"https:\/\/old.holyland-olivewood.com\/es\/producto\/belen-olivo-twist-pull-sacacorchos-ki136\/#primaryimage\"},\"thumbnailUrl\":\"https:\/\/old.holyland-olivewood.com\/wp-content\/uploads\/2018\/08\/bethlehem_olive_wood_wine_opener_ki136.jpg\",\"datePublished\":\"2022-02-09T07:53:32+00:00\",\"description\":\"Artesan\u00edas de madera de olivo de Bel\u00e9n (es decir, utensilios de cocina, tap\u00f3n de botella) miel dipper, esp\u00e1tula, tenedor, mortero y stock crudo en dimensiones est\u00e1ndar y personalizadas.\",\"breadcrumb\":{\"@id\":\"https:\/\/old.holyland-olivewood.com\/es\/producto\/belen-olivo-twist-pull-sacacorchos-ki136\/#breadcrumb\"},\"inLanguage\":\"es\",\"potentialAction\":[{\"@type\":\"ReadAction\",\"target\":[\"https:\/\/old.holyland-olivewood.com\/es\/producto\/belen-olivo-twist-pull-sacacorchos-ki136\/\"]}]},{\"@type\":\"ImageObject\",\"inLanguage\":\"es\",\"@id\":\"https:\/\/old.holyland-olivewood.com\/es\/producto\/belen-olivo-twist-pull-sacacorchos-ki136\/#primaryimage\",\"url\":\"https:\/\/old.holyland-olivewood.com\/wp-content\/uploads\/2018\/08\/bethlehem_olive_wood_wine_opener_ki136.jpg\",\"contentUrl\":\"https:\/\/old.holyland-olivewood.com\/wp-content\/uploads\/2018\/08\/bethlehem_olive_wood_wine_opener_ki136.jpg\",\"width\":1550,\"height\":1200},{\"@type\":\"BreadcrumbList\",\"@id\":\"https:\/\/old.holyland-olivewood.com\/es\/producto\/belen-olivo-twist-pull-sacacorchos-ki136\/#breadcrumb\",\"itemListElement\":[{\"@type\":\"ListItem\",\"position\":1,\"name\":\"Home\",\"item\":\"https:\/\/old.holyland-olivewood.com\/es\/\"},{\"@type\":\"ListItem\",\"position\":2,\"name\":\"Tienda\",\"item\":\"https:\/\/old.holyland-olivewood.com\/es\/tienda\/\"},{\"@type\":\"ListItem\",\"position\":3,\"name\":\"Bel\u00e9n Olivewood Twist &amp; Pull Sacacorchos #KI136\"}]},{\"@type\":\"WebSite\",\"@id\":\"https:\/\/old.holyland-olivewood.com\/es\/#website\",\"url\":\"https:\/\/old.holyland-olivewood.com\/es\/\",\"name\":\"Holy Land Olive Wood - Bethlehem Olive Wood Factory\",\"description\":\"Holy Land Olivewood Bethlehem\",\"publisher\":{\"@id\":\"https:\/\/old.holyland-olivewood.com\/es\/#organization\"},\"potentialAction\":[{\"@type\":\"SearchAction\",\"target\":{\"@type\":\"EntryPoint\",\"urlTemplate\":\"https:\/\/old.holyland-olivewood.com\/es\/?s={search_term_string}\"},\"query-input\":{\"@type\":\"PropertyValueSpecification\",\"valueRequired\":true,\"valueName\":\"search_term_string\"}}],\"inLanguage\":\"es\"},{\"@type\":\"Organization\",\"@id\":\"https:\/\/old.holyland-olivewood.com\/es\/#organization\",\"name\":\"Holy Land Olivewood\",\"url\":\"https:\/\/old.holyland-olivewood.com\/es\/\",\"logo\":{\"@type\":\"ImageObject\",\"inLanguage\":\"es\",\"@id\":\"https:\/\/old.holyland-olivewood.com\/es\/#\/schema\/logo\/image\/\",\"url\":\"\",\"contentUrl\":\"\",\"caption\":\"Holy Land Olivewood\"},\"image\":{\"@id\":\"https:\/\/old.holyland-olivewood.com\/es\/#\/schema\/logo\/image\/\"},\"sameAs\":[\"https:\/\/www.facebook.com\/holylandolivewood.bethlehem\/\",\"http:\/\/instagram.com\/holy.land.olive.wood\"]}]}<\/script>\n<!-- \/ Yoast SEO plugin. -->","yoast_head_json":{"title":"Bel\u00e9n Olivewood Twist &amp; Pull Sacacorchos #KI136 - Holy Land Olive Wood - Bethlehem Olive Wood Factory","description":"Artesan\u00edas de madera de olivo de Bel\u00e9n (es decir, utensilios de cocina, tap\u00f3n de botella) miel dipper, esp\u00e1tula, tenedor, mortero y stock crudo en dimensiones est\u00e1ndar y personalizadas.","robots":{"index":"index","follow":"follow","max-snippet":"max-snippet:-1","max-image-preview":"max-image-preview:large","max-video-preview":"max-video-preview:-1"},"canonical":"https:\/\/old.holyland-olivewood.com\/es\/producto\/belen-olivo-twist-pull-sacacorchos-ki136\/","og_locale":"es_ES","og_type":"article","og_title":"Bel\u00e9n Olivewood Twist &amp; Pull Sacacorchos #KI136 - Holy Land Olive Wood - Bethlehem Olive Wood Factory","og_description":"Artesan\u00edas de madera de olivo de Bel\u00e9n (es decir, utensilios de cocina, tap\u00f3n de botella) miel dipper, esp\u00e1tula, tenedor, mortero y stock crudo en dimensiones est\u00e1ndar y personalizadas.","og_url":"https:\/\/old.holyland-olivewood.com\/es\/producto\/belen-olivo-twist-pull-sacacorchos-ki136\/","og_site_name":"Holy Land Olive Wood - Bethlehem Olive Wood Factory","article_publisher":"https:\/\/www.facebook.com\/holylandolivewood.bethlehem\/","og_image":[{"width":1550,"height":1200,"url":"https:\/\/old.holyland-olivewood.com\/wp-content\/uploads\/2018\/08\/bethlehem_olive_wood_wine_opener_ki136.jpg","type":"image\/jpeg"}],"twitter_card":"summary_large_image","schema":{"@context":"https:\/\/schema.org","@graph":[{"@type":"WebPage","@id":"https:\/\/old.holyland-olivewood.com\/es\/producto\/belen-olivo-twist-pull-sacacorchos-ki136\/","url":"https:\/\/old.holyland-olivewood.com\/es\/producto\/belen-olivo-twist-pull-sacacorchos-ki136\/","name":"Bel\u00e9n Olivewood Twist &amp; Pull Sacacorchos #KI136 - Holy Land Olive Wood - Bethlehem Olive Wood Factory","isPartOf":{"@id":"https:\/\/old.holyland-olivewood.com\/es\/#website"},"primaryImageOfPage":{"@id":"https:\/\/old.holyland-olivewood.com\/es\/producto\/belen-olivo-twist-pull-sacacorchos-ki136\/#primaryimage"},"image":{"@id":"https:\/\/old.holyland-olivewood.com\/es\/producto\/belen-olivo-twist-pull-sacacorchos-ki136\/#primaryimage"},"thumbnailUrl":"https:\/\/old.holyland-olivewood.com\/wp-content\/uploads\/2018\/08\/bethlehem_olive_wood_wine_opener_ki136.jpg","datePublished":"2022-02-09T07:53:32+00:00","description":"Artesan\u00edas de madera de olivo de Bel\u00e9n (es decir, utensilios de cocina, tap\u00f3n de botella) miel dipper, esp\u00e1tula, tenedor, mortero y stock crudo en dimensiones est\u00e1ndar y personalizadas.","breadcrumb":{"@id":"https:\/\/old.holyland-olivewood.com\/es\/producto\/belen-olivo-twist-pull-sacacorchos-ki136\/#breadcrumb"},"inLanguage":"es","potentialAction":[{"@type":"ReadAction","target":["https:\/\/old.holyland-olivewood.com\/es\/producto\/belen-olivo-twist-pull-sacacorchos-ki136\/"]}]},{"@type":"ImageObject","inLanguage":"es","@id":"https:\/\/old.holyland-olivewood.com\/es\/producto\/belen-olivo-twist-pull-sacacorchos-ki136\/#primaryimage","url":"https:\/\/old.holyland-olivewood.com\/wp-content\/uploads\/2018\/08\/bethlehem_olive_wood_wine_opener_ki136.jpg","contentUrl":"https:\/\/old.holyland-olivewood.com\/wp-content\/uploads\/2018\/08\/bethlehem_olive_wood_wine_opener_ki136.jpg","width":1550,"height":1200},{"@type":"BreadcrumbList","@id":"https:\/\/old.holyland-olivewood.com\/es\/producto\/belen-olivo-twist-pull-sacacorchos-ki136\/#breadcrumb","itemListElement":[{"@type":"ListItem","position":1,"name":"Home","item":"https:\/\/old.holyland-olivewood.com\/es\/"},{"@type":"ListItem","position":2,"name":"Tienda","item":"https:\/\/old.holyland-olivewood.com\/es\/tienda\/"},{"@type":"ListItem","position":3,"name":"Bel\u00e9n Olivewood Twist &amp; Pull Sacacorchos #KI136"}]},{"@type":"WebSite","@id":"https:\/\/old.holyland-olivewood.com\/es\/#website","url":"https:\/\/old.holyland-olivewood.com\/es\/","name":"Holy Land Olive Wood - Bethlehem Olive Wood Factory","description":"Holy Land Olivewood Bethlehem","publisher":{"@id":"https:\/\/old.holyland-olivewood.com\/es\/#organization"},"potentialAction":[{"@type":"SearchAction","target":{"@type":"EntryPoint","urlTemplate":"https:\/\/old.holyland-olivewood.com\/es\/?s={search_term_string}"},"query-input":{"@type":"PropertyValueSpecification","valueRequired":true,"valueName":"search_term_string"}}],"inLanguage":"es"},{"@type":"Organization","@id":"https:\/\/old.holyland-olivewood.com\/es\/#organization","name":"Holy Land Olivewood","url":"https:\/\/old.holyland-olivewood.com\/es\/","logo":{"@type":"ImageObject","inLanguage":"es","@id":"https:\/\/old.holyland-olivewood.com\/es\/#\/schema\/logo\/image\/","url":"","contentUrl":"","caption":"Holy Land Olivewood"},"image":{"@id":"https:\/\/old.holyland-olivewood.com\/es\/#\/schema\/logo\/image\/"},"sameAs":["https:\/\/www.facebook.com\/holylandolivewood.bethlehem\/","http:\/\/instagram.com\/holy.land.olive.wood"]}]}},"_links":{"self":[{"href":"https:\/\/old.holyland-olivewood.com\/es\/wp-json\/wp\/v2\/product\/42677","targetHints":{"allow":["GET"]}}],"collection":[{"href":"https:\/\/old.holyland-olivewood.com\/es\/wp-json\/wp\/v2\/product"}],"about":[{"href":"https:\/\/old.holyland-olivewood.com\/es\/wp-json\/wp\/v2\/types\/product"}],"wp:featuredmedia":[{"embeddable":true,"href":"https:\/\/old.holyland-olivewood.com\/es\/wp-json\/wp\/v2\/media\/34448"}],"wp:attachment":[{"href":"https:\/\/old.holyland-olivewood.com\/es\/wp-json\/wp\/v2\/media?parent=42677"}],"wp:term":[{"taxonomy":"product_brand","embeddable":true,"href":"https:\/\/old.holyland-olivewood.com\/es\/wp-json\/wp\/v2\/product_brand?post=42677"},{"taxonomy":"product_cat","embeddable":true,"href":"https:\/\/old.holyland-olivewood.com\/es\/wp-json\/wp\/v2\/product_cat?post=42677"},{"taxonomy":"product_tag","embeddable":true,"href":"https:\/\/old.holyland-olivewood.com\/es\/wp-json\/wp\/v2\/product_tag?post=42677"}],"curies":[{"name":"wp","href":"https:\/\/api.w.org\/{rel}","templated":true}]}}