{"id":42568,"date":"2018-08-27T16:11:25","date_gmt":"2022-02-09T07:40:44","guid":{"rendered":"https:\/\/old.holyland-olivewood.com\/product\/pajarita-de-madera-de-olivo-de-butterfly-style-belen-hecha-a-mano-w101\/"},"modified":"2022-02-09T07:40:44","modified_gmt":"2022-02-09T07:40:44","slug":"artesanal-belen-olivo-madera-pajarita-mariposa-estilo-w101","status":"publish","type":"product","link":"https:\/\/old.holyland-olivewood.com\/es\/producto\/artesanal-belen-olivo-madera-pajarita-mariposa-estilo-w101\/","title":{"rendered":"Pajarita de madera de olivo de [Butterfly Style] bel\u00e9n hecha a mano #W101"},"content":{"rendered":"","protected":false},"excerpt":{"rendered":"<p>Esta hermosa pajarita est\u00e1 hecha a mano en Tierra Santa a partir de una sola pieza de madera de olivo de Bel\u00e9n aut\u00e9ntica cosechada de manera sostenible. Esta pieza es muy duradera y tiene un acabado fino que es suave como la seda al tacto. Est\u00e1 montado en una banda el\u00e1stica muy duradera de 2 cent\u00edmetros de ancho con clips de acero de alta resistencia. Esta pajarita tambi\u00e9n est\u00e1 segura de combinar con cualquier atuendo, ya que sus 100{2f9fea33a2c142858c406f70e8527ba43513ec75a7d01dae5601b00fab7679f6}  La pieza central de sat\u00e9n puro est\u00e1 disponible en los siguientes 11 colores: A.) Lavendar, B.) P\u00farpura, C.) Rojo, D.) Borgo\u00f1a, E.) Pistacho, F.) Oro, G.) Plata, H.) Negro, I.) Blanco, J.) Off-white &amp; K.) Azul marino<\/p>\n<p>Este art\u00edculo incluye un certificado de autenticidad que verifica los materiales y t\u00e9cnicas utilizadas para fabricar este producto.<\/p>\n<p><strong>Tama\u00f1o:<\/strong> 12 cm x 5 cm (4.75&#8243; x 2&#8243;)<\/p>\n","protected":false},"featured_media":35415,"template":"","meta":[],"product_brand":[],"product_cat":[2783],"product_tag":[],"class_list":{"0":"post-42568","1":"product","2":"type-product","3":"status-publish","4":"has-post-thumbnail","6":"product_cat-pajarita-de-madera","8":"first","9":"instock","10":"shipping-taxable","11":"purchasable","12":"product-type-variable"},"yoast_head":"<!-- This site is optimized with the Yoast SEO plugin v24.8.1 - https:\/\/yoast.com\/wordpress\/plugins\/seo\/ -->\n<title>Pajarita de madera de olivo de [Butterfly Style] bel\u00e9n hecha a mano #W101 - Holy Land Olive Wood - Bethlehem Olive Wood Factory<\/title>\n<meta name=\"description\" content=\"Pajarita de madera de oliva artesan\u00edas de madera (es decir, pajarita de madera de olivo) sagrada familia, Navidad, figuritas, y stock crudo en dimensiones est\u00e1ndar y personalizadas.\" \/>\n<meta name=\"robots\" content=\"index, follow, max-snippet:-1, max-image-preview:large, max-video-preview:-1\" \/>\n<link rel=\"canonical\" href=\"https:\/\/old.holyland-olivewood.com\/es\/producto\/artesanal-belen-olivo-madera-pajarita-mariposa-estilo-w101\/\" \/>\n<meta property=\"og:locale\" content=\"es_ES\" \/>\n<meta property=\"og:type\" content=\"article\" \/>\n<meta property=\"og:title\" content=\"Pajarita de madera de olivo de [Butterfly Style] bel\u00e9n hecha a mano #W101 - Holy Land Olive Wood - Bethlehem Olive Wood Factory\" \/>\n<meta property=\"og:description\" content=\"Pajarita de madera de oliva artesan\u00edas de madera (es decir, pajarita de madera de olivo) sagrada familia, Navidad, figuritas, y stock crudo en dimensiones est\u00e1ndar y personalizadas.\" \/>\n<meta property=\"og:url\" content=\"https:\/\/old.holyland-olivewood.com\/es\/producto\/artesanal-belen-olivo-madera-pajarita-mariposa-estilo-w101\/\" \/>\n<meta property=\"og:site_name\" content=\"Holy Land Olive Wood - Bethlehem Olive Wood Factory\" \/>\n<meta property=\"article:publisher\" content=\"https:\/\/www.facebook.com\/holylandolivewood.bethlehem\/\" \/>\n<meta property=\"og:image\" content=\"https:\/\/old.holyland-olivewood.com\/wp-content\/uploads\/2018\/08\/wooden_bow_tie_olive_wood_handmade_holy_land_bethlehem_w101_1.jpg\" \/>\n\t<meta property=\"og:image:width\" content=\"1550\" \/>\n\t<meta property=\"og:image:height\" content=\"1200\" \/>\n\t<meta property=\"og:image:type\" content=\"image\/jpeg\" \/>\n<meta name=\"twitter:card\" content=\"summary_large_image\" \/>\n<script type=\"application\/ld+json\" class=\"yoast-schema-graph\">{\"@context\":\"https:\/\/schema.org\",\"@graph\":[{\"@type\":\"WebPage\",\"@id\":\"https:\/\/old.holyland-olivewood.com\/es\/producto\/artesanal-belen-olivo-madera-pajarita-mariposa-estilo-w101\/\",\"url\":\"https:\/\/old.holyland-olivewood.com\/es\/producto\/artesanal-belen-olivo-madera-pajarita-mariposa-estilo-w101\/\",\"name\":\"Pajarita de madera de olivo de [Butterfly Style] bel\u00e9n hecha a mano #W101 - Holy Land Olive Wood - Bethlehem Olive Wood Factory\",\"isPartOf\":{\"@id\":\"https:\/\/old.holyland-olivewood.com\/es\/#website\"},\"primaryImageOfPage\":{\"@id\":\"https:\/\/old.holyland-olivewood.com\/es\/producto\/artesanal-belen-olivo-madera-pajarita-mariposa-estilo-w101\/#primaryimage\"},\"image\":{\"@id\":\"https:\/\/old.holyland-olivewood.com\/es\/producto\/artesanal-belen-olivo-madera-pajarita-mariposa-estilo-w101\/#primaryimage\"},\"thumbnailUrl\":\"https:\/\/old.holyland-olivewood.com\/wp-content\/uploads\/2018\/08\/wooden_bow_tie_olive_wood_handmade_holy_land_bethlehem_w101_1.jpg\",\"datePublished\":\"2022-02-09T07:40:44+00:00\",\"description\":\"Pajarita de madera de oliva artesan\u00edas de madera (es decir, pajarita de madera de olivo) sagrada familia, Navidad, figuritas, y stock crudo en dimensiones est\u00e1ndar y personalizadas.\",\"breadcrumb\":{\"@id\":\"https:\/\/old.holyland-olivewood.com\/es\/producto\/artesanal-belen-olivo-madera-pajarita-mariposa-estilo-w101\/#breadcrumb\"},\"inLanguage\":\"es\",\"potentialAction\":[{\"@type\":\"ReadAction\",\"target\":[\"https:\/\/old.holyland-olivewood.com\/es\/producto\/artesanal-belen-olivo-madera-pajarita-mariposa-estilo-w101\/\"]}]},{\"@type\":\"ImageObject\",\"inLanguage\":\"es\",\"@id\":\"https:\/\/old.holyland-olivewood.com\/es\/producto\/artesanal-belen-olivo-madera-pajarita-mariposa-estilo-w101\/#primaryimage\",\"url\":\"https:\/\/old.holyland-olivewood.com\/wp-content\/uploads\/2018\/08\/wooden_bow_tie_olive_wood_handmade_holy_land_bethlehem_w101_1.jpg\",\"contentUrl\":\"https:\/\/old.holyland-olivewood.com\/wp-content\/uploads\/2018\/08\/wooden_bow_tie_olive_wood_handmade_holy_land_bethlehem_w101_1.jpg\",\"width\":1550,\"height\":1200},{\"@type\":\"BreadcrumbList\",\"@id\":\"https:\/\/old.holyland-olivewood.com\/es\/producto\/artesanal-belen-olivo-madera-pajarita-mariposa-estilo-w101\/#breadcrumb\",\"itemListElement\":[{\"@type\":\"ListItem\",\"position\":1,\"name\":\"Home\",\"item\":\"https:\/\/old.holyland-olivewood.com\/es\/\"},{\"@type\":\"ListItem\",\"position\":2,\"name\":\"Tienda\",\"item\":\"https:\/\/old.holyland-olivewood.com\/es\/tienda\/\"},{\"@type\":\"ListItem\",\"position\":3,\"name\":\"Pajarita de madera de olivo de [Butterfly Style] bel\u00e9n hecha a mano #W101\"}]},{\"@type\":\"WebSite\",\"@id\":\"https:\/\/old.holyland-olivewood.com\/es\/#website\",\"url\":\"https:\/\/old.holyland-olivewood.com\/es\/\",\"name\":\"Holy Land Olive Wood - Bethlehem Olive Wood Factory\",\"description\":\"Holy Land Olivewood Bethlehem\",\"publisher\":{\"@id\":\"https:\/\/old.holyland-olivewood.com\/es\/#organization\"},\"potentialAction\":[{\"@type\":\"SearchAction\",\"target\":{\"@type\":\"EntryPoint\",\"urlTemplate\":\"https:\/\/old.holyland-olivewood.com\/es\/?s={search_term_string}\"},\"query-input\":{\"@type\":\"PropertyValueSpecification\",\"valueRequired\":true,\"valueName\":\"search_term_string\"}}],\"inLanguage\":\"es\"},{\"@type\":\"Organization\",\"@id\":\"https:\/\/old.holyland-olivewood.com\/es\/#organization\",\"name\":\"Holy Land Olivewood\",\"url\":\"https:\/\/old.holyland-olivewood.com\/es\/\",\"logo\":{\"@type\":\"ImageObject\",\"inLanguage\":\"es\",\"@id\":\"https:\/\/old.holyland-olivewood.com\/es\/#\/schema\/logo\/image\/\",\"url\":\"\",\"contentUrl\":\"\",\"caption\":\"Holy Land Olivewood\"},\"image\":{\"@id\":\"https:\/\/old.holyland-olivewood.com\/es\/#\/schema\/logo\/image\/\"},\"sameAs\":[\"https:\/\/www.facebook.com\/holylandolivewood.bethlehem\/\",\"http:\/\/instagram.com\/holy.land.olive.wood\"]}]}<\/script>\n<!-- \/ Yoast SEO plugin. -->","yoast_head_json":{"title":"Pajarita de madera de olivo de [Butterfly Style] bel\u00e9n hecha a mano #W101 - Holy Land Olive Wood - Bethlehem Olive Wood Factory","description":"Pajarita de madera de oliva artesan\u00edas de madera (es decir, pajarita de madera de olivo) sagrada familia, Navidad, figuritas, y stock crudo en dimensiones est\u00e1ndar y personalizadas.","robots":{"index":"index","follow":"follow","max-snippet":"max-snippet:-1","max-image-preview":"max-image-preview:large","max-video-preview":"max-video-preview:-1"},"canonical":"https:\/\/old.holyland-olivewood.com\/es\/producto\/artesanal-belen-olivo-madera-pajarita-mariposa-estilo-w101\/","og_locale":"es_ES","og_type":"article","og_title":"Pajarita de madera de olivo de [Butterfly Style] bel\u00e9n hecha a mano #W101 - Holy Land Olive Wood - Bethlehem Olive Wood Factory","og_description":"Pajarita de madera de oliva artesan\u00edas de madera (es decir, pajarita de madera de olivo) sagrada familia, Navidad, figuritas, y stock crudo en dimensiones est\u00e1ndar y personalizadas.","og_url":"https:\/\/old.holyland-olivewood.com\/es\/producto\/artesanal-belen-olivo-madera-pajarita-mariposa-estilo-w101\/","og_site_name":"Holy Land Olive Wood - Bethlehem Olive Wood Factory","article_publisher":"https:\/\/www.facebook.com\/holylandolivewood.bethlehem\/","og_image":[{"width":1550,"height":1200,"url":"https:\/\/old.holyland-olivewood.com\/wp-content\/uploads\/2018\/08\/wooden_bow_tie_olive_wood_handmade_holy_land_bethlehem_w101_1.jpg","type":"image\/jpeg"}],"twitter_card":"summary_large_image","schema":{"@context":"https:\/\/schema.org","@graph":[{"@type":"WebPage","@id":"https:\/\/old.holyland-olivewood.com\/es\/producto\/artesanal-belen-olivo-madera-pajarita-mariposa-estilo-w101\/","url":"https:\/\/old.holyland-olivewood.com\/es\/producto\/artesanal-belen-olivo-madera-pajarita-mariposa-estilo-w101\/","name":"Pajarita de madera de olivo de [Butterfly Style] bel\u00e9n hecha a mano #W101 - Holy Land Olive Wood - Bethlehem Olive Wood Factory","isPartOf":{"@id":"https:\/\/old.holyland-olivewood.com\/es\/#website"},"primaryImageOfPage":{"@id":"https:\/\/old.holyland-olivewood.com\/es\/producto\/artesanal-belen-olivo-madera-pajarita-mariposa-estilo-w101\/#primaryimage"},"image":{"@id":"https:\/\/old.holyland-olivewood.com\/es\/producto\/artesanal-belen-olivo-madera-pajarita-mariposa-estilo-w101\/#primaryimage"},"thumbnailUrl":"https:\/\/old.holyland-olivewood.com\/wp-content\/uploads\/2018\/08\/wooden_bow_tie_olive_wood_handmade_holy_land_bethlehem_w101_1.jpg","datePublished":"2022-02-09T07:40:44+00:00","description":"Pajarita de madera de oliva artesan\u00edas de madera (es decir, pajarita de madera de olivo) sagrada familia, Navidad, figuritas, y stock crudo en dimensiones est\u00e1ndar y personalizadas.","breadcrumb":{"@id":"https:\/\/old.holyland-olivewood.com\/es\/producto\/artesanal-belen-olivo-madera-pajarita-mariposa-estilo-w101\/#breadcrumb"},"inLanguage":"es","potentialAction":[{"@type":"ReadAction","target":["https:\/\/old.holyland-olivewood.com\/es\/producto\/artesanal-belen-olivo-madera-pajarita-mariposa-estilo-w101\/"]}]},{"@type":"ImageObject","inLanguage":"es","@id":"https:\/\/old.holyland-olivewood.com\/es\/producto\/artesanal-belen-olivo-madera-pajarita-mariposa-estilo-w101\/#primaryimage","url":"https:\/\/old.holyland-olivewood.com\/wp-content\/uploads\/2018\/08\/wooden_bow_tie_olive_wood_handmade_holy_land_bethlehem_w101_1.jpg","contentUrl":"https:\/\/old.holyland-olivewood.com\/wp-content\/uploads\/2018\/08\/wooden_bow_tie_olive_wood_handmade_holy_land_bethlehem_w101_1.jpg","width":1550,"height":1200},{"@type":"BreadcrumbList","@id":"https:\/\/old.holyland-olivewood.com\/es\/producto\/artesanal-belen-olivo-madera-pajarita-mariposa-estilo-w101\/#breadcrumb","itemListElement":[{"@type":"ListItem","position":1,"name":"Home","item":"https:\/\/old.holyland-olivewood.com\/es\/"},{"@type":"ListItem","position":2,"name":"Tienda","item":"https:\/\/old.holyland-olivewood.com\/es\/tienda\/"},{"@type":"ListItem","position":3,"name":"Pajarita de madera de olivo de [Butterfly Style] bel\u00e9n hecha a mano #W101"}]},{"@type":"WebSite","@id":"https:\/\/old.holyland-olivewood.com\/es\/#website","url":"https:\/\/old.holyland-olivewood.com\/es\/","name":"Holy Land Olive Wood - Bethlehem Olive Wood Factory","description":"Holy Land Olivewood Bethlehem","publisher":{"@id":"https:\/\/old.holyland-olivewood.com\/es\/#organization"},"potentialAction":[{"@type":"SearchAction","target":{"@type":"EntryPoint","urlTemplate":"https:\/\/old.holyland-olivewood.com\/es\/?s={search_term_string}"},"query-input":{"@type":"PropertyValueSpecification","valueRequired":true,"valueName":"search_term_string"}}],"inLanguage":"es"},{"@type":"Organization","@id":"https:\/\/old.holyland-olivewood.com\/es\/#organization","name":"Holy Land Olivewood","url":"https:\/\/old.holyland-olivewood.com\/es\/","logo":{"@type":"ImageObject","inLanguage":"es","@id":"https:\/\/old.holyland-olivewood.com\/es\/#\/schema\/logo\/image\/","url":"","contentUrl":"","caption":"Holy Land Olivewood"},"image":{"@id":"https:\/\/old.holyland-olivewood.com\/es\/#\/schema\/logo\/image\/"},"sameAs":["https:\/\/www.facebook.com\/holylandolivewood.bethlehem\/","http:\/\/instagram.com\/holy.land.olive.wood"]}]}},"_links":{"self":[{"href":"https:\/\/old.holyland-olivewood.com\/es\/wp-json\/wp\/v2\/product\/42568","targetHints":{"allow":["GET"]}}],"collection":[{"href":"https:\/\/old.holyland-olivewood.com\/es\/wp-json\/wp\/v2\/product"}],"about":[{"href":"https:\/\/old.holyland-olivewood.com\/es\/wp-json\/wp\/v2\/types\/product"}],"wp:featuredmedia":[{"embeddable":true,"href":"https:\/\/old.holyland-olivewood.com\/es\/wp-json\/wp\/v2\/media\/35415"}],"wp:attachment":[{"href":"https:\/\/old.holyland-olivewood.com\/es\/wp-json\/wp\/v2\/media?parent=42568"}],"wp:term":[{"taxonomy":"product_brand","embeddable":true,"href":"https:\/\/old.holyland-olivewood.com\/es\/wp-json\/wp\/v2\/product_brand?post=42568"},{"taxonomy":"product_cat","embeddable":true,"href":"https:\/\/old.holyland-olivewood.com\/es\/wp-json\/wp\/v2\/product_cat?post=42568"},{"taxonomy":"product_tag","embeddable":true,"href":"https:\/\/old.holyland-olivewood.com\/es\/wp-json\/wp\/v2\/product_tag?post=42568"}],"curies":[{"name":"wp","href":"https:\/\/api.w.org\/{rel}","templated":true}]}}