{"id":42066,"date":"2018-09-06T12:43:45","date_gmt":"2022-02-09T07:36:12","guid":{"rendered":"https:\/\/old.holyland-olivewood.com\/product\/barro-del-mar-muerto-300g-d102\/"},"modified":"2022-02-09T07:36:12","modified_gmt":"2022-02-09T07:36:12","slug":"mar-muerto-barro-300g-d102","status":"publish","type":"product","link":"https:\/\/old.holyland-olivewood.com\/es\/producto\/mar-muerto-barro-300g-d102\/","title":{"rendered":"Barro del Mar Muerto (300g) D102"},"content":{"rendered":"<p>Lodo del Mar Muerto<\/p>\n","protected":false},"excerpt":{"rendered":"<p><strong>Barro del Mar Muerto (300g)<\/strong><\/p>\n<p>Esta m\u00e1scara de barro del Mar Muerto contiene m\u00e1s de 27 minerales naturales. Tambi\u00e9n est\u00e1 enriquecido con extracto de Aloe Vera, aceites herbales esenciales y una mezcla de hierro, magnesio, calcio y zinc para limpiar los poros, eliminar las c\u00e9lulas muertas de la piel, reducir las manchas e hidratar la piel.<\/p>\n<p><strong>Instrucciones:<\/strong> Aplique una cantidad suficiente de barro del Mar Muerto en la cara y el cuello, espere unos 5-10 minutos hasta que se seque, luego enjuague con agua.<\/p>\n<p><strong>Cantidad :<\/strong> 600 gramos<\/p>\n","protected":false},"featured_media":51874,"template":"","meta":[],"product_brand":[],"product_cat":[1726,2714],"product_tag":[2724,2715,2722,2725,2718,2720],"class_list":{"0":"post-42066","1":"product","2":"type-product","3":"status-publish","4":"has-post-thumbnail","6":"product_cat-miscelaneo","7":"product_cat-productos-del-mar-muerto","8":"product_tag-exfoliante-corporal-del-mar-muerto","9":"product_tag-lodo-del-mar-muerto","10":"product_tag-nata","11":"product_tag-sal-mineral","12":"product_tag-sal-mineral-del-mar-muerto","13":"product_tag-soab-de-barro-negro","15":"first","16":"outofstock","17":"shipping-taxable","18":"purchasable","19":"product-type-simple"},"yoast_head":"<!-- This site is optimized with the Yoast SEO plugin v24.8.1 - https:\/\/yoast.com\/wordpress\/plugins\/seo\/ -->\n<title>Barro del Mar Muerto (300g) D102 - Holy Land Olive Wood - Bethlehem Olive Wood Factory<\/title>\n<meta name=\"description\" content=\"Barro del Mar Muerto (Barro del Mar Muerto, Sal Mineral del Mar Muerto) Soab de Barro Negro, Crema, Matorral Corporal del Mar Muerto, Barro, Sal Mineral, de Madera de Olivo de Tierra Santa.\" \/>\n<meta name=\"robots\" content=\"index, follow, max-snippet:-1, max-image-preview:large, max-video-preview:-1\" \/>\n<link rel=\"canonical\" href=\"https:\/\/old.holyland-olivewood.com\/es\/producto\/mar-muerto-barro-300g-d102\/\" \/>\n<meta property=\"og:locale\" content=\"es_ES\" \/>\n<meta property=\"og:type\" content=\"article\" \/>\n<meta property=\"og:title\" content=\"Barro del Mar Muerto (300g) D102 - Holy Land Olive Wood - Bethlehem Olive Wood Factory\" \/>\n<meta property=\"og:description\" content=\"Barro del Mar Muerto (Barro del Mar Muerto, Sal Mineral del Mar Muerto) Soab de Barro Negro, Crema, Matorral Corporal del Mar Muerto, Barro, Sal Mineral, de Madera de Olivo de Tierra Santa.\" \/>\n<meta property=\"og:url\" content=\"https:\/\/old.holyland-olivewood.com\/es\/producto\/mar-muerto-barro-300g-d102\/\" \/>\n<meta property=\"og:site_name\" content=\"Holy Land Olive Wood - Bethlehem Olive Wood Factory\" \/>\n<meta property=\"article:publisher\" content=\"https:\/\/www.facebook.com\/holylandolivewood.bethlehem\/\" \/>\n<meta property=\"og:image\" content=\"https:\/\/old.holyland-olivewood.com\/wp-content\/uploads\/2018\/09\/dead_sea_black_mud_product_d101_102.jpg\" \/>\n\t<meta property=\"og:image:width\" content=\"1550\" \/>\n\t<meta property=\"og:image:height\" content=\"1200\" \/>\n\t<meta property=\"og:image:type\" content=\"image\/jpeg\" \/>\n<meta name=\"twitter:card\" content=\"summary_large_image\" \/>\n<script type=\"application\/ld+json\" class=\"yoast-schema-graph\">{\"@context\":\"https:\/\/schema.org\",\"@graph\":[{\"@type\":\"WebPage\",\"@id\":\"https:\/\/old.holyland-olivewood.com\/es\/producto\/mar-muerto-barro-300g-d102\/\",\"url\":\"https:\/\/old.holyland-olivewood.com\/es\/producto\/mar-muerto-barro-300g-d102\/\",\"name\":\"Barro del Mar Muerto (300g) D102 - Holy Land Olive Wood - Bethlehem Olive Wood Factory\",\"isPartOf\":{\"@id\":\"https:\/\/old.holyland-olivewood.com\/es\/#website\"},\"primaryImageOfPage\":{\"@id\":\"https:\/\/old.holyland-olivewood.com\/es\/producto\/mar-muerto-barro-300g-d102\/#primaryimage\"},\"image\":{\"@id\":\"https:\/\/old.holyland-olivewood.com\/es\/producto\/mar-muerto-barro-300g-d102\/#primaryimage\"},\"thumbnailUrl\":\"https:\/\/old.holyland-olivewood.com\/wp-content\/uploads\/2018\/09\/dead_sea_black_mud_product_d101_102.jpg\",\"datePublished\":\"2022-02-09T07:36:12+00:00\",\"description\":\"Barro del Mar Muerto (Barro del Mar Muerto, Sal Mineral del Mar Muerto) Soab de Barro Negro, Crema, Matorral Corporal del Mar Muerto, Barro, Sal Mineral, de Madera de Olivo de Tierra Santa.\",\"breadcrumb\":{\"@id\":\"https:\/\/old.holyland-olivewood.com\/es\/producto\/mar-muerto-barro-300g-d102\/#breadcrumb\"},\"inLanguage\":\"es\",\"potentialAction\":[{\"@type\":\"ReadAction\",\"target\":[\"https:\/\/old.holyland-olivewood.com\/es\/producto\/mar-muerto-barro-300g-d102\/\"]}]},{\"@type\":\"ImageObject\",\"inLanguage\":\"es\",\"@id\":\"https:\/\/old.holyland-olivewood.com\/es\/producto\/mar-muerto-barro-300g-d102\/#primaryimage\",\"url\":\"https:\/\/old.holyland-olivewood.com\/wp-content\/uploads\/2018\/09\/dead_sea_black_mud_product_d101_102.jpg\",\"contentUrl\":\"https:\/\/old.holyland-olivewood.com\/wp-content\/uploads\/2018\/09\/dead_sea_black_mud_product_d101_102.jpg\",\"width\":1550,\"height\":1200},{\"@type\":\"BreadcrumbList\",\"@id\":\"https:\/\/old.holyland-olivewood.com\/es\/producto\/mar-muerto-barro-300g-d102\/#breadcrumb\",\"itemListElement\":[{\"@type\":\"ListItem\",\"position\":1,\"name\":\"Home\",\"item\":\"https:\/\/old.holyland-olivewood.com\/es\/\"},{\"@type\":\"ListItem\",\"position\":2,\"name\":\"Tienda\",\"item\":\"https:\/\/old.holyland-olivewood.com\/es\/tienda\/\"},{\"@type\":\"ListItem\",\"position\":3,\"name\":\"Barro del Mar Muerto (300g) D102\"}]},{\"@type\":\"WebSite\",\"@id\":\"https:\/\/old.holyland-olivewood.com\/es\/#website\",\"url\":\"https:\/\/old.holyland-olivewood.com\/es\/\",\"name\":\"Holy Land Olive Wood - Bethlehem Olive Wood Factory\",\"description\":\"Holy Land Olivewood Bethlehem\",\"publisher\":{\"@id\":\"https:\/\/old.holyland-olivewood.com\/es\/#organization\"},\"potentialAction\":[{\"@type\":\"SearchAction\",\"target\":{\"@type\":\"EntryPoint\",\"urlTemplate\":\"https:\/\/old.holyland-olivewood.com\/es\/?s={search_term_string}\"},\"query-input\":{\"@type\":\"PropertyValueSpecification\",\"valueRequired\":true,\"valueName\":\"search_term_string\"}}],\"inLanguage\":\"es\"},{\"@type\":\"Organization\",\"@id\":\"https:\/\/old.holyland-olivewood.com\/es\/#organization\",\"name\":\"Holy Land Olivewood\",\"url\":\"https:\/\/old.holyland-olivewood.com\/es\/\",\"logo\":{\"@type\":\"ImageObject\",\"inLanguage\":\"es\",\"@id\":\"https:\/\/old.holyland-olivewood.com\/es\/#\/schema\/logo\/image\/\",\"url\":\"\",\"contentUrl\":\"\",\"caption\":\"Holy Land Olivewood\"},\"image\":{\"@id\":\"https:\/\/old.holyland-olivewood.com\/es\/#\/schema\/logo\/image\/\"},\"sameAs\":[\"https:\/\/www.facebook.com\/holylandolivewood.bethlehem\/\",\"http:\/\/instagram.com\/holy.land.olive.wood\"]}]}<\/script>\n<!-- \/ Yoast SEO plugin. -->","yoast_head_json":{"title":"Barro del Mar Muerto (300g) D102 - Holy Land Olive Wood - Bethlehem Olive Wood Factory","description":"Barro del Mar Muerto (Barro del Mar Muerto, Sal Mineral del Mar Muerto) Soab de Barro Negro, Crema, Matorral Corporal del Mar Muerto, Barro, Sal Mineral, de Madera de Olivo de Tierra Santa.","robots":{"index":"index","follow":"follow","max-snippet":"max-snippet:-1","max-image-preview":"max-image-preview:large","max-video-preview":"max-video-preview:-1"},"canonical":"https:\/\/old.holyland-olivewood.com\/es\/producto\/mar-muerto-barro-300g-d102\/","og_locale":"es_ES","og_type":"article","og_title":"Barro del Mar Muerto (300g) D102 - Holy Land Olive Wood - Bethlehem Olive Wood Factory","og_description":"Barro del Mar Muerto (Barro del Mar Muerto, Sal Mineral del Mar Muerto) Soab de Barro Negro, Crema, Matorral Corporal del Mar Muerto, Barro, Sal Mineral, de Madera de Olivo de Tierra Santa.","og_url":"https:\/\/old.holyland-olivewood.com\/es\/producto\/mar-muerto-barro-300g-d102\/","og_site_name":"Holy Land Olive Wood - Bethlehem Olive Wood Factory","article_publisher":"https:\/\/www.facebook.com\/holylandolivewood.bethlehem\/","og_image":[{"width":1550,"height":1200,"url":"https:\/\/old.holyland-olivewood.com\/wp-content\/uploads\/2018\/09\/dead_sea_black_mud_product_d101_102.jpg","type":"image\/jpeg"}],"twitter_card":"summary_large_image","schema":{"@context":"https:\/\/schema.org","@graph":[{"@type":"WebPage","@id":"https:\/\/old.holyland-olivewood.com\/es\/producto\/mar-muerto-barro-300g-d102\/","url":"https:\/\/old.holyland-olivewood.com\/es\/producto\/mar-muerto-barro-300g-d102\/","name":"Barro del Mar Muerto (300g) D102 - Holy Land Olive Wood - Bethlehem Olive Wood Factory","isPartOf":{"@id":"https:\/\/old.holyland-olivewood.com\/es\/#website"},"primaryImageOfPage":{"@id":"https:\/\/old.holyland-olivewood.com\/es\/producto\/mar-muerto-barro-300g-d102\/#primaryimage"},"image":{"@id":"https:\/\/old.holyland-olivewood.com\/es\/producto\/mar-muerto-barro-300g-d102\/#primaryimage"},"thumbnailUrl":"https:\/\/old.holyland-olivewood.com\/wp-content\/uploads\/2018\/09\/dead_sea_black_mud_product_d101_102.jpg","datePublished":"2022-02-09T07:36:12+00:00","description":"Barro del Mar Muerto (Barro del Mar Muerto, Sal Mineral del Mar Muerto) Soab de Barro Negro, Crema, Matorral Corporal del Mar Muerto, Barro, Sal Mineral, de Madera de Olivo de Tierra Santa.","breadcrumb":{"@id":"https:\/\/old.holyland-olivewood.com\/es\/producto\/mar-muerto-barro-300g-d102\/#breadcrumb"},"inLanguage":"es","potentialAction":[{"@type":"ReadAction","target":["https:\/\/old.holyland-olivewood.com\/es\/producto\/mar-muerto-barro-300g-d102\/"]}]},{"@type":"ImageObject","inLanguage":"es","@id":"https:\/\/old.holyland-olivewood.com\/es\/producto\/mar-muerto-barro-300g-d102\/#primaryimage","url":"https:\/\/old.holyland-olivewood.com\/wp-content\/uploads\/2018\/09\/dead_sea_black_mud_product_d101_102.jpg","contentUrl":"https:\/\/old.holyland-olivewood.com\/wp-content\/uploads\/2018\/09\/dead_sea_black_mud_product_d101_102.jpg","width":1550,"height":1200},{"@type":"BreadcrumbList","@id":"https:\/\/old.holyland-olivewood.com\/es\/producto\/mar-muerto-barro-300g-d102\/#breadcrumb","itemListElement":[{"@type":"ListItem","position":1,"name":"Home","item":"https:\/\/old.holyland-olivewood.com\/es\/"},{"@type":"ListItem","position":2,"name":"Tienda","item":"https:\/\/old.holyland-olivewood.com\/es\/tienda\/"},{"@type":"ListItem","position":3,"name":"Barro del Mar Muerto (300g) D102"}]},{"@type":"WebSite","@id":"https:\/\/old.holyland-olivewood.com\/es\/#website","url":"https:\/\/old.holyland-olivewood.com\/es\/","name":"Holy Land Olive Wood - Bethlehem Olive Wood Factory","description":"Holy Land Olivewood Bethlehem","publisher":{"@id":"https:\/\/old.holyland-olivewood.com\/es\/#organization"},"potentialAction":[{"@type":"SearchAction","target":{"@type":"EntryPoint","urlTemplate":"https:\/\/old.holyland-olivewood.com\/es\/?s={search_term_string}"},"query-input":{"@type":"PropertyValueSpecification","valueRequired":true,"valueName":"search_term_string"}}],"inLanguage":"es"},{"@type":"Organization","@id":"https:\/\/old.holyland-olivewood.com\/es\/#organization","name":"Holy Land Olivewood","url":"https:\/\/old.holyland-olivewood.com\/es\/","logo":{"@type":"ImageObject","inLanguage":"es","@id":"https:\/\/old.holyland-olivewood.com\/es\/#\/schema\/logo\/image\/","url":"","contentUrl":"","caption":"Holy Land Olivewood"},"image":{"@id":"https:\/\/old.holyland-olivewood.com\/es\/#\/schema\/logo\/image\/"},"sameAs":["https:\/\/www.facebook.com\/holylandolivewood.bethlehem\/","http:\/\/instagram.com\/holy.land.olive.wood"]}]}},"_links":{"self":[{"href":"https:\/\/old.holyland-olivewood.com\/es\/wp-json\/wp\/v2\/product\/42066","targetHints":{"allow":["GET"]}}],"collection":[{"href":"https:\/\/old.holyland-olivewood.com\/es\/wp-json\/wp\/v2\/product"}],"about":[{"href":"https:\/\/old.holyland-olivewood.com\/es\/wp-json\/wp\/v2\/types\/product"}],"wp:featuredmedia":[{"embeddable":true,"href":"https:\/\/old.holyland-olivewood.com\/es\/wp-json\/wp\/v2\/media\/51874"}],"wp:attachment":[{"href":"https:\/\/old.holyland-olivewood.com\/es\/wp-json\/wp\/v2\/media?parent=42066"}],"wp:term":[{"taxonomy":"product_brand","embeddable":true,"href":"https:\/\/old.holyland-olivewood.com\/es\/wp-json\/wp\/v2\/product_brand?post=42066"},{"taxonomy":"product_cat","embeddable":true,"href":"https:\/\/old.holyland-olivewood.com\/es\/wp-json\/wp\/v2\/product_cat?post=42066"},{"taxonomy":"product_tag","embeddable":true,"href":"https:\/\/old.holyland-olivewood.com\/es\/wp-json\/wp\/v2\/product_tag?post=42066"}],"curies":[{"name":"wp","href":"https:\/\/api.w.org\/{rel}","templated":true}]}}