{"id":42013,"date":"2018-09-06T12:56:37","date_gmt":"2022-02-09T07:33:39","guid":{"rendered":"https:\/\/old.holyland-olivewood.com\/product\/sal-mineral-del-mar-muerto-lavanda-500g-d105\/"},"modified":"2022-02-09T07:33:39","modified_gmt":"2022-02-09T07:33:39","slug":"mar-muerto-mineral-sal-lavanda-500g-d105","status":"publish","type":"product","link":"https:\/\/old.holyland-olivewood.com\/es\/producto\/mar-muerto-mineral-sal-lavanda-500g-d105\/","title":{"rendered":"Sal Mineral del Mar Muerto &#8211; Lavanda (500g) #D105"},"content":{"rendered":"<p>Sal mineral del Mar Muerto<\/p>\n","protected":false},"excerpt":{"rendered":"<p><strong>Sal Mineral del Mar Muerto \u2013 Rosa (500g)<\/strong><\/p>\n<p>La sal del Mar Muerto es rica en minerales naturales, como magnesio, calcio, potasio, zinc, hierro, sodio y manganeso.<\/p>\n<p>Se ha demostrado que ba\u00f1arse en sal del Mar Muerto promueve la circulaci\u00f3n sangu\u00ednea, la relajaci\u00f3n muscular, la abstinencia de toxinas, al tiempo que alivia las afecciones de la piel, como la psoriasis, el eccema y las erupciones cut\u00e1neas.<\/p>\n<p>Este producto tambi\u00e9n tiene propiedades aromaterap\u00e9uticas, ya que est\u00e1 infundido con extracto de rosa totalmente natural.<\/p>\n<p><strong>Instrucciones:<\/strong> Para una m\u00e1xima absorci\u00f3n de minerales, disuelva el contenido de la bolsa salina dentro de una ba\u00f1era caliente. Ba\u00f1e en esta agua durante unos 15-20 minutos y luego lave con agua tibia, sin usar jab\u00f3n.<\/p>\n<p><strong>Cantidad :<\/strong> 500 gramos<\/p>\n","protected":false},"featured_media":51838,"template":"","meta":[],"product_brand":[],"product_cat":[1726,2714],"product_tag":[2724,2715,2722,2725,2718,2720],"class_list":{"0":"post-42013","1":"product","2":"type-product","3":"status-publish","4":"has-post-thumbnail","6":"product_cat-miscelaneo","7":"product_cat-productos-del-mar-muerto","8":"product_tag-exfoliante-corporal-del-mar-muerto","9":"product_tag-lodo-del-mar-muerto","10":"product_tag-nata","11":"product_tag-sal-mineral","12":"product_tag-sal-mineral-del-mar-muerto","13":"product_tag-soab-de-barro-negro","15":"first","16":"outofstock","17":"shipping-taxable","18":"purchasable","19":"product-type-simple"},"yoast_head":"<!-- This site is optimized with the Yoast SEO plugin v24.8.1 - https:\/\/yoast.com\/wordpress\/plugins\/seo\/ -->\n<title>Sal Mineral del Mar Muerto - Lavanda (500g) #D105 - Holy Land Olive Wood - Bethlehem Olive Wood Factory<\/title>\n<meta name=\"description\" content=\"Sal mineral del Mar Muerto (Barro del Mar Muerto, Sal Mineral del Mar Muerto) Soab de Barro Negro, Crema, Exfoliante Corporal del Mar Muerto, Barro, Sal Mineral, de Madera de Olivo de Tierra Santa.\" \/>\n<meta name=\"robots\" content=\"index, follow, max-snippet:-1, max-image-preview:large, max-video-preview:-1\" \/>\n<link rel=\"canonical\" href=\"https:\/\/old.holyland-olivewood.com\/es\/producto\/mar-muerto-mineral-sal-lavanda-500g-d105\/\" \/>\n<meta property=\"og:locale\" content=\"es_ES\" \/>\n<meta property=\"og:type\" content=\"article\" \/>\n<meta property=\"og:title\" content=\"Sal Mineral del Mar Muerto - Lavanda (500g) #D105 - Holy Land Olive Wood - Bethlehem Olive Wood Factory\" \/>\n<meta property=\"og:description\" content=\"Sal mineral del Mar Muerto (Barro del Mar Muerto, Sal Mineral del Mar Muerto) Soab de Barro Negro, Crema, Exfoliante Corporal del Mar Muerto, Barro, Sal Mineral, de Madera de Olivo de Tierra Santa.\" \/>\n<meta property=\"og:url\" content=\"https:\/\/old.holyland-olivewood.com\/es\/producto\/mar-muerto-mineral-sal-lavanda-500g-d105\/\" \/>\n<meta property=\"og:site_name\" content=\"Holy Land Olive Wood - Bethlehem Olive Wood Factory\" \/>\n<meta property=\"article:publisher\" content=\"https:\/\/www.facebook.com\/holylandolivewood.bethlehem\/\" \/>\n<meta property=\"og:image\" content=\"https:\/\/old.holyland-olivewood.com\/wp-content\/uploads\/2018\/09\/dead_sea_salt_product_d105_106.jpg\" \/>\n\t<meta property=\"og:image:width\" content=\"1550\" \/>\n\t<meta property=\"og:image:height\" content=\"1200\" \/>\n\t<meta property=\"og:image:type\" content=\"image\/jpeg\" \/>\n<meta name=\"twitter:card\" content=\"summary_large_image\" \/>\n<script type=\"application\/ld+json\" class=\"yoast-schema-graph\">{\"@context\":\"https:\/\/schema.org\",\"@graph\":[{\"@type\":\"WebPage\",\"@id\":\"https:\/\/old.holyland-olivewood.com\/es\/producto\/mar-muerto-mineral-sal-lavanda-500g-d105\/\",\"url\":\"https:\/\/old.holyland-olivewood.com\/es\/producto\/mar-muerto-mineral-sal-lavanda-500g-d105\/\",\"name\":\"Sal Mineral del Mar Muerto - Lavanda (500g) #D105 - Holy Land Olive Wood - Bethlehem Olive Wood Factory\",\"isPartOf\":{\"@id\":\"https:\/\/old.holyland-olivewood.com\/es\/#website\"},\"primaryImageOfPage\":{\"@id\":\"https:\/\/old.holyland-olivewood.com\/es\/producto\/mar-muerto-mineral-sal-lavanda-500g-d105\/#primaryimage\"},\"image\":{\"@id\":\"https:\/\/old.holyland-olivewood.com\/es\/producto\/mar-muerto-mineral-sal-lavanda-500g-d105\/#primaryimage\"},\"thumbnailUrl\":\"https:\/\/old.holyland-olivewood.com\/wp-content\/uploads\/2018\/09\/dead_sea_salt_product_d105_106.jpg\",\"datePublished\":\"2022-02-09T07:33:39+00:00\",\"description\":\"Sal mineral del Mar Muerto (Barro del Mar Muerto, Sal Mineral del Mar Muerto) Soab de Barro Negro, Crema, Exfoliante Corporal del Mar Muerto, Barro, Sal Mineral, de Madera de Olivo de Tierra Santa.\",\"breadcrumb\":{\"@id\":\"https:\/\/old.holyland-olivewood.com\/es\/producto\/mar-muerto-mineral-sal-lavanda-500g-d105\/#breadcrumb\"},\"inLanguage\":\"es\",\"potentialAction\":[{\"@type\":\"ReadAction\",\"target\":[\"https:\/\/old.holyland-olivewood.com\/es\/producto\/mar-muerto-mineral-sal-lavanda-500g-d105\/\"]}]},{\"@type\":\"ImageObject\",\"inLanguage\":\"es\",\"@id\":\"https:\/\/old.holyland-olivewood.com\/es\/producto\/mar-muerto-mineral-sal-lavanda-500g-d105\/#primaryimage\",\"url\":\"https:\/\/old.holyland-olivewood.com\/wp-content\/uploads\/2018\/09\/dead_sea_salt_product_d105_106.jpg\",\"contentUrl\":\"https:\/\/old.holyland-olivewood.com\/wp-content\/uploads\/2018\/09\/dead_sea_salt_product_d105_106.jpg\",\"width\":1550,\"height\":1200},{\"@type\":\"BreadcrumbList\",\"@id\":\"https:\/\/old.holyland-olivewood.com\/es\/producto\/mar-muerto-mineral-sal-lavanda-500g-d105\/#breadcrumb\",\"itemListElement\":[{\"@type\":\"ListItem\",\"position\":1,\"name\":\"Home\",\"item\":\"https:\/\/old.holyland-olivewood.com\/es\/\"},{\"@type\":\"ListItem\",\"position\":2,\"name\":\"Tienda\",\"item\":\"https:\/\/old.holyland-olivewood.com\/es\/tienda\/\"},{\"@type\":\"ListItem\",\"position\":3,\"name\":\"Sal Mineral del Mar Muerto &#8211; Lavanda (500g) #D105\"}]},{\"@type\":\"WebSite\",\"@id\":\"https:\/\/old.holyland-olivewood.com\/es\/#website\",\"url\":\"https:\/\/old.holyland-olivewood.com\/es\/\",\"name\":\"Holy Land Olive Wood - Bethlehem Olive Wood Factory\",\"description\":\"Holy Land Olivewood Bethlehem\",\"publisher\":{\"@id\":\"https:\/\/old.holyland-olivewood.com\/es\/#organization\"},\"potentialAction\":[{\"@type\":\"SearchAction\",\"target\":{\"@type\":\"EntryPoint\",\"urlTemplate\":\"https:\/\/old.holyland-olivewood.com\/es\/?s={search_term_string}\"},\"query-input\":{\"@type\":\"PropertyValueSpecification\",\"valueRequired\":true,\"valueName\":\"search_term_string\"}}],\"inLanguage\":\"es\"},{\"@type\":\"Organization\",\"@id\":\"https:\/\/old.holyland-olivewood.com\/es\/#organization\",\"name\":\"Holy Land Olivewood\",\"url\":\"https:\/\/old.holyland-olivewood.com\/es\/\",\"logo\":{\"@type\":\"ImageObject\",\"inLanguage\":\"es\",\"@id\":\"https:\/\/old.holyland-olivewood.com\/es\/#\/schema\/logo\/image\/\",\"url\":\"\",\"contentUrl\":\"\",\"caption\":\"Holy Land Olivewood\"},\"image\":{\"@id\":\"https:\/\/old.holyland-olivewood.com\/es\/#\/schema\/logo\/image\/\"},\"sameAs\":[\"https:\/\/www.facebook.com\/holylandolivewood.bethlehem\/\",\"http:\/\/instagram.com\/holy.land.olive.wood\"]}]}<\/script>\n<!-- \/ Yoast SEO plugin. -->","yoast_head_json":{"title":"Sal Mineral del Mar Muerto - Lavanda (500g) #D105 - Holy Land Olive Wood - Bethlehem Olive Wood Factory","description":"Sal mineral del Mar Muerto (Barro del Mar Muerto, Sal Mineral del Mar Muerto) Soab de Barro Negro, Crema, Exfoliante Corporal del Mar Muerto, Barro, Sal Mineral, de Madera de Olivo de Tierra Santa.","robots":{"index":"index","follow":"follow","max-snippet":"max-snippet:-1","max-image-preview":"max-image-preview:large","max-video-preview":"max-video-preview:-1"},"canonical":"https:\/\/old.holyland-olivewood.com\/es\/producto\/mar-muerto-mineral-sal-lavanda-500g-d105\/","og_locale":"es_ES","og_type":"article","og_title":"Sal Mineral del Mar Muerto - Lavanda (500g) #D105 - Holy Land Olive Wood - Bethlehem Olive Wood Factory","og_description":"Sal mineral del Mar Muerto (Barro del Mar Muerto, Sal Mineral del Mar Muerto) Soab de Barro Negro, Crema, Exfoliante Corporal del Mar Muerto, Barro, Sal Mineral, de Madera de Olivo de Tierra Santa.","og_url":"https:\/\/old.holyland-olivewood.com\/es\/producto\/mar-muerto-mineral-sal-lavanda-500g-d105\/","og_site_name":"Holy Land Olive Wood - Bethlehem Olive Wood Factory","article_publisher":"https:\/\/www.facebook.com\/holylandolivewood.bethlehem\/","og_image":[{"width":1550,"height":1200,"url":"https:\/\/old.holyland-olivewood.com\/wp-content\/uploads\/2018\/09\/dead_sea_salt_product_d105_106.jpg","type":"image\/jpeg"}],"twitter_card":"summary_large_image","schema":{"@context":"https:\/\/schema.org","@graph":[{"@type":"WebPage","@id":"https:\/\/old.holyland-olivewood.com\/es\/producto\/mar-muerto-mineral-sal-lavanda-500g-d105\/","url":"https:\/\/old.holyland-olivewood.com\/es\/producto\/mar-muerto-mineral-sal-lavanda-500g-d105\/","name":"Sal Mineral del Mar Muerto - Lavanda (500g) #D105 - Holy Land Olive Wood - Bethlehem Olive Wood Factory","isPartOf":{"@id":"https:\/\/old.holyland-olivewood.com\/es\/#website"},"primaryImageOfPage":{"@id":"https:\/\/old.holyland-olivewood.com\/es\/producto\/mar-muerto-mineral-sal-lavanda-500g-d105\/#primaryimage"},"image":{"@id":"https:\/\/old.holyland-olivewood.com\/es\/producto\/mar-muerto-mineral-sal-lavanda-500g-d105\/#primaryimage"},"thumbnailUrl":"https:\/\/old.holyland-olivewood.com\/wp-content\/uploads\/2018\/09\/dead_sea_salt_product_d105_106.jpg","datePublished":"2022-02-09T07:33:39+00:00","description":"Sal mineral del Mar Muerto (Barro del Mar Muerto, Sal Mineral del Mar Muerto) Soab de Barro Negro, Crema, Exfoliante Corporal del Mar Muerto, Barro, Sal Mineral, de Madera de Olivo de Tierra Santa.","breadcrumb":{"@id":"https:\/\/old.holyland-olivewood.com\/es\/producto\/mar-muerto-mineral-sal-lavanda-500g-d105\/#breadcrumb"},"inLanguage":"es","potentialAction":[{"@type":"ReadAction","target":["https:\/\/old.holyland-olivewood.com\/es\/producto\/mar-muerto-mineral-sal-lavanda-500g-d105\/"]}]},{"@type":"ImageObject","inLanguage":"es","@id":"https:\/\/old.holyland-olivewood.com\/es\/producto\/mar-muerto-mineral-sal-lavanda-500g-d105\/#primaryimage","url":"https:\/\/old.holyland-olivewood.com\/wp-content\/uploads\/2018\/09\/dead_sea_salt_product_d105_106.jpg","contentUrl":"https:\/\/old.holyland-olivewood.com\/wp-content\/uploads\/2018\/09\/dead_sea_salt_product_d105_106.jpg","width":1550,"height":1200},{"@type":"BreadcrumbList","@id":"https:\/\/old.holyland-olivewood.com\/es\/producto\/mar-muerto-mineral-sal-lavanda-500g-d105\/#breadcrumb","itemListElement":[{"@type":"ListItem","position":1,"name":"Home","item":"https:\/\/old.holyland-olivewood.com\/es\/"},{"@type":"ListItem","position":2,"name":"Tienda","item":"https:\/\/old.holyland-olivewood.com\/es\/tienda\/"},{"@type":"ListItem","position":3,"name":"Sal Mineral del Mar Muerto &#8211; Lavanda (500g) #D105"}]},{"@type":"WebSite","@id":"https:\/\/old.holyland-olivewood.com\/es\/#website","url":"https:\/\/old.holyland-olivewood.com\/es\/","name":"Holy Land Olive Wood - Bethlehem Olive Wood Factory","description":"Holy Land Olivewood Bethlehem","publisher":{"@id":"https:\/\/old.holyland-olivewood.com\/es\/#organization"},"potentialAction":[{"@type":"SearchAction","target":{"@type":"EntryPoint","urlTemplate":"https:\/\/old.holyland-olivewood.com\/es\/?s={search_term_string}"},"query-input":{"@type":"PropertyValueSpecification","valueRequired":true,"valueName":"search_term_string"}}],"inLanguage":"es"},{"@type":"Organization","@id":"https:\/\/old.holyland-olivewood.com\/es\/#organization","name":"Holy Land Olivewood","url":"https:\/\/old.holyland-olivewood.com\/es\/","logo":{"@type":"ImageObject","inLanguage":"es","@id":"https:\/\/old.holyland-olivewood.com\/es\/#\/schema\/logo\/image\/","url":"","contentUrl":"","caption":"Holy Land Olivewood"},"image":{"@id":"https:\/\/old.holyland-olivewood.com\/es\/#\/schema\/logo\/image\/"},"sameAs":["https:\/\/www.facebook.com\/holylandolivewood.bethlehem\/","http:\/\/instagram.com\/holy.land.olive.wood"]}]}},"_links":{"self":[{"href":"https:\/\/old.holyland-olivewood.com\/es\/wp-json\/wp\/v2\/product\/42013","targetHints":{"allow":["GET"]}}],"collection":[{"href":"https:\/\/old.holyland-olivewood.com\/es\/wp-json\/wp\/v2\/product"}],"about":[{"href":"https:\/\/old.holyland-olivewood.com\/es\/wp-json\/wp\/v2\/types\/product"}],"wp:featuredmedia":[{"embeddable":true,"href":"https:\/\/old.holyland-olivewood.com\/es\/wp-json\/wp\/v2\/media\/51838"}],"wp:attachment":[{"href":"https:\/\/old.holyland-olivewood.com\/es\/wp-json\/wp\/v2\/media?parent=42013"}],"wp:term":[{"taxonomy":"product_brand","embeddable":true,"href":"https:\/\/old.holyland-olivewood.com\/es\/wp-json\/wp\/v2\/product_brand?post=42013"},{"taxonomy":"product_cat","embeddable":true,"href":"https:\/\/old.holyland-olivewood.com\/es\/wp-json\/wp\/v2\/product_cat?post=42013"},{"taxonomy":"product_tag","embeddable":true,"href":"https:\/\/old.holyland-olivewood.com\/es\/wp-json\/wp\/v2\/product_tag?post=42013"}],"curies":[{"name":"wp","href":"https:\/\/api.w.org\/{rel}","templated":true}]}}