{"id":41587,"date":"2019-05-19T12:56:24","date_gmt":"2022-02-08T20:04:28","guid":{"rendered":"https:\/\/old.holyland-olivewood.com\/product\/cuentas-redondas-de-madera-de-olivo-de-12-mm-125-cuentas-b140\/"},"modified":"2022-02-08T20:04:28","modified_gmt":"2022-02-08T20:04:28","slug":"12-mm-oliva-madera-cuentas-redondas-125-cuentas-b140","status":"publish","type":"product","link":"https:\/\/old.holyland-olivewood.com\/es\/producto\/12-mm-oliva-madera-cuentas-redondas-125-cuentas-b140\/","title":{"rendered":"Cuentas redondas de madera de olivo de 12 mm (125 cuentas) #B140"},"content":{"rendered":"","protected":false},"excerpt":{"rendered":"<p>Estas cuentas de rosario de madera de olivo de alta calidad est\u00e1n hechas a mano en Tierra Santa a partir de oliva de Bel\u00e9n aut\u00e9ntico y cosechado de manera sostenible. Todas las cuentas se limpian, secan y se inspeccionan en busca de color y grano, libres de defectos y grietas. Estas cuentas de madera de olivo son perfectas para hacer rosarios y todo tipo de joyas. La madera de olivo es muy dura, resistente y bonita. El hermoso contraste rubio y marr\u00f3n del grano rizado, junto con su durabilidad hace que la madera de olivo sea particularmente ideal para las cuentas de rosario.<br \/>\nTambi\u00e9n podemos suministrarle las piezas del rosario de alta calidad, como centros de mesa y crucifijos.<\/p>\n<p>Este art\u00edculo incluye un certificado de autenticidad que verifica los materiales y t\u00e9cnicas utilizadas para fabricar este producto.<\/p>\n<p>Tama\u00f1o: ( 10 mm )<\/p>\n","protected":false},"featured_media":30795,"template":"","meta":[],"product_brand":[],"product_cat":[1726,2223],"product_tag":[1729,789,2228,2232,2233,2229,880,930,860,885,2231,846,855,4083,849,875,958,924,906,898,891,937,2230,826,813,965,2225,2224,2226,1329,870,795,2227,821,832],"class_list":{"0":"post-41587","1":"product","2":"type-product","3":"status-publish","4":"has-post-thumbnail","6":"product_cat-miscelaneo","7":"product_cat-hardware-de-cuentas-y-rosario","8":"product_tag-agua","9":"product_tag-belen","10":"product_tag-bramante","11":"product_tag-centro-de-mesa","12":"product_tag-centros","13":"product_tag-cuerda-es-2","14":"product_tag-dio","15":"product_tag-foedselskirken-es","16":"product_tag-haandlavet-es","17":"product_tag-haandvaerk-es","18":"product_tag-hardware-es","19":"product_tag-hellig-es-2","20":"product_tag-jerusalen","21":"product_tag-jesus-es-2","22":"product_tag-jord-es","23":"product_tag-jul-es","24":"product_tag-katolsk-es","25":"product_tag-kirke-es","26":"product_tag-kors-es","27":"product_tag-kristen-es","28":"product_tag-kunsthaandvaerk-es","29":"product_tag-mor-es","30":"product_tag-nino","31":"product_tag-oliventrae-es","32":"product_tag-olivo","33":"product_tag-ortodoks-es","34":"product_tag-ovalo","35":"product_tag-perlas","36":"product_tag-redondo","37":"product_tag-regalos","38":"product_tag-rosenkrans-es","39":"product_tag-rosenkranse-es","40":"product_tag-tallado","41":"product_tag-trae-es","42":"product_tag-udskaering-es","44":"first","45":"instock","46":"shipping-taxable","47":"purchasable","48":"product-type-simple"},"yoast_head":"<!-- This site is optimized with the Yoast SEO plugin v24.8.1 - https:\/\/yoast.com\/wordpress\/plugins\/seo\/ -->\n<title>Cuentas redondas de madera de olivo de 12 mm (125 cuentas) #B140 - Holy Land Olive Wood - Bethlehem Olive Wood Factory<\/title>\n<meta name=\"description\" content=\"Artesan\u00edas de madera de olivo de Bel\u00e9n (es decir, rosarios, ovalados, tallados, redondos, cuentas), piezas centrales, y stock en bruto en dimensiones est\u00e1ndar y personalizadas.\" \/>\n<meta name=\"robots\" content=\"index, follow, max-snippet:-1, max-image-preview:large, max-video-preview:-1\" \/>\n<link rel=\"canonical\" href=\"https:\/\/old.holyland-olivewood.com\/es\/producto\/12-mm-oliva-madera-cuentas-redondas-125-cuentas-b140\/\" \/>\n<meta property=\"og:locale\" content=\"es_ES\" \/>\n<meta property=\"og:type\" content=\"article\" \/>\n<meta property=\"og:title\" content=\"Cuentas redondas de madera de olivo de 12 mm (125 cuentas) #B140 - Holy Land Olive Wood - Bethlehem Olive Wood Factory\" \/>\n<meta property=\"og:description\" content=\"Artesan\u00edas de madera de olivo de Bel\u00e9n (es decir, rosarios, ovalados, tallados, redondos, cuentas), piezas centrales, y stock en bruto en dimensiones est\u00e1ndar y personalizadas.\" \/>\n<meta property=\"og:url\" content=\"https:\/\/old.holyland-olivewood.com\/es\/producto\/12-mm-oliva-madera-cuentas-redondas-125-cuentas-b140\/\" \/>\n<meta property=\"og:site_name\" content=\"Holy Land Olive Wood - Bethlehem Olive Wood Factory\" \/>\n<meta property=\"article:publisher\" content=\"https:\/\/www.facebook.com\/holylandolivewood.bethlehem\/\" \/>\n<meta property=\"og:image\" content=\"https:\/\/old.holyland-olivewood.com\/wp-content\/uploads\/2016\/05\/round_beads_holy_land_olive_wood_bethlehem_.jpg\" \/>\n\t<meta property=\"og:image:width\" content=\"1550\" \/>\n\t<meta property=\"og:image:height\" content=\"1200\" \/>\n\t<meta property=\"og:image:type\" content=\"image\/jpeg\" \/>\n<meta name=\"twitter:card\" content=\"summary_large_image\" \/>\n<script type=\"application\/ld+json\" class=\"yoast-schema-graph\">{\"@context\":\"https:\/\/schema.org\",\"@graph\":[{\"@type\":\"WebPage\",\"@id\":\"https:\/\/old.holyland-olivewood.com\/es\/producto\/12-mm-oliva-madera-cuentas-redondas-125-cuentas-b140\/\",\"url\":\"https:\/\/old.holyland-olivewood.com\/es\/producto\/12-mm-oliva-madera-cuentas-redondas-125-cuentas-b140\/\",\"name\":\"Cuentas redondas de madera de olivo de 12 mm (125 cuentas) #B140 - Holy Land Olive Wood - Bethlehem Olive Wood Factory\",\"isPartOf\":{\"@id\":\"https:\/\/old.holyland-olivewood.com\/es\/#website\"},\"primaryImageOfPage\":{\"@id\":\"https:\/\/old.holyland-olivewood.com\/es\/producto\/12-mm-oliva-madera-cuentas-redondas-125-cuentas-b140\/#primaryimage\"},\"image\":{\"@id\":\"https:\/\/old.holyland-olivewood.com\/es\/producto\/12-mm-oliva-madera-cuentas-redondas-125-cuentas-b140\/#primaryimage\"},\"thumbnailUrl\":\"https:\/\/old.holyland-olivewood.com\/wp-content\/uploads\/2016\/05\/round_beads_holy_land_olive_wood_bethlehem_.jpg\",\"datePublished\":\"2022-02-08T20:04:28+00:00\",\"description\":\"Artesan\u00edas de madera de olivo de Bel\u00e9n (es decir, rosarios, ovalados, tallados, redondos, cuentas), piezas centrales, y stock en bruto en dimensiones est\u00e1ndar y personalizadas.\",\"breadcrumb\":{\"@id\":\"https:\/\/old.holyland-olivewood.com\/es\/producto\/12-mm-oliva-madera-cuentas-redondas-125-cuentas-b140\/#breadcrumb\"},\"inLanguage\":\"es\",\"potentialAction\":[{\"@type\":\"ReadAction\",\"target\":[\"https:\/\/old.holyland-olivewood.com\/es\/producto\/12-mm-oliva-madera-cuentas-redondas-125-cuentas-b140\/\"]}]},{\"@type\":\"ImageObject\",\"inLanguage\":\"es\",\"@id\":\"https:\/\/old.holyland-olivewood.com\/es\/producto\/12-mm-oliva-madera-cuentas-redondas-125-cuentas-b140\/#primaryimage\",\"url\":\"https:\/\/old.holyland-olivewood.com\/wp-content\/uploads\/2016\/05\/round_beads_holy_land_olive_wood_bethlehem_.jpg\",\"contentUrl\":\"https:\/\/old.holyland-olivewood.com\/wp-content\/uploads\/2016\/05\/round_beads_holy_land_olive_wood_bethlehem_.jpg\",\"width\":1550,\"height\":1200},{\"@type\":\"BreadcrumbList\",\"@id\":\"https:\/\/old.holyland-olivewood.com\/es\/producto\/12-mm-oliva-madera-cuentas-redondas-125-cuentas-b140\/#breadcrumb\",\"itemListElement\":[{\"@type\":\"ListItem\",\"position\":1,\"name\":\"Home\",\"item\":\"https:\/\/old.holyland-olivewood.com\/es\/\"},{\"@type\":\"ListItem\",\"position\":2,\"name\":\"Tienda\",\"item\":\"https:\/\/old.holyland-olivewood.com\/es\/tienda\/\"},{\"@type\":\"ListItem\",\"position\":3,\"name\":\"Cuentas redondas de madera de olivo de 12 mm (125 cuentas) #B140\"}]},{\"@type\":\"WebSite\",\"@id\":\"https:\/\/old.holyland-olivewood.com\/es\/#website\",\"url\":\"https:\/\/old.holyland-olivewood.com\/es\/\",\"name\":\"Holy Land Olive Wood - Bethlehem Olive Wood Factory\",\"description\":\"Holy Land Olivewood Bethlehem\",\"publisher\":{\"@id\":\"https:\/\/old.holyland-olivewood.com\/es\/#organization\"},\"potentialAction\":[{\"@type\":\"SearchAction\",\"target\":{\"@type\":\"EntryPoint\",\"urlTemplate\":\"https:\/\/old.holyland-olivewood.com\/es\/?s={search_term_string}\"},\"query-input\":{\"@type\":\"PropertyValueSpecification\",\"valueRequired\":true,\"valueName\":\"search_term_string\"}}],\"inLanguage\":\"es\"},{\"@type\":\"Organization\",\"@id\":\"https:\/\/old.holyland-olivewood.com\/es\/#organization\",\"name\":\"Holy Land Olivewood\",\"url\":\"https:\/\/old.holyland-olivewood.com\/es\/\",\"logo\":{\"@type\":\"ImageObject\",\"inLanguage\":\"es\",\"@id\":\"https:\/\/old.holyland-olivewood.com\/es\/#\/schema\/logo\/image\/\",\"url\":\"\",\"contentUrl\":\"\",\"caption\":\"Holy Land Olivewood\"},\"image\":{\"@id\":\"https:\/\/old.holyland-olivewood.com\/es\/#\/schema\/logo\/image\/\"},\"sameAs\":[\"https:\/\/www.facebook.com\/holylandolivewood.bethlehem\/\",\"http:\/\/instagram.com\/holy.land.olive.wood\"]}]}<\/script>\n<!-- \/ Yoast SEO plugin. -->","yoast_head_json":{"title":"Cuentas redondas de madera de olivo de 12 mm (125 cuentas) #B140 - Holy Land Olive Wood - Bethlehem Olive Wood Factory","description":"Artesan\u00edas de madera de olivo de Bel\u00e9n (es decir, rosarios, ovalados, tallados, redondos, cuentas), piezas centrales, y stock en bruto en dimensiones est\u00e1ndar y personalizadas.","robots":{"index":"index","follow":"follow","max-snippet":"max-snippet:-1","max-image-preview":"max-image-preview:large","max-video-preview":"max-video-preview:-1"},"canonical":"https:\/\/old.holyland-olivewood.com\/es\/producto\/12-mm-oliva-madera-cuentas-redondas-125-cuentas-b140\/","og_locale":"es_ES","og_type":"article","og_title":"Cuentas redondas de madera de olivo de 12 mm (125 cuentas) #B140 - Holy Land Olive Wood - Bethlehem Olive Wood Factory","og_description":"Artesan\u00edas de madera de olivo de Bel\u00e9n (es decir, rosarios, ovalados, tallados, redondos, cuentas), piezas centrales, y stock en bruto en dimensiones est\u00e1ndar y personalizadas.","og_url":"https:\/\/old.holyland-olivewood.com\/es\/producto\/12-mm-oliva-madera-cuentas-redondas-125-cuentas-b140\/","og_site_name":"Holy Land Olive Wood - Bethlehem Olive Wood Factory","article_publisher":"https:\/\/www.facebook.com\/holylandolivewood.bethlehem\/","og_image":[{"width":1550,"height":1200,"url":"https:\/\/old.holyland-olivewood.com\/wp-content\/uploads\/2016\/05\/round_beads_holy_land_olive_wood_bethlehem_.jpg","type":"image\/jpeg"}],"twitter_card":"summary_large_image","schema":{"@context":"https:\/\/schema.org","@graph":[{"@type":"WebPage","@id":"https:\/\/old.holyland-olivewood.com\/es\/producto\/12-mm-oliva-madera-cuentas-redondas-125-cuentas-b140\/","url":"https:\/\/old.holyland-olivewood.com\/es\/producto\/12-mm-oliva-madera-cuentas-redondas-125-cuentas-b140\/","name":"Cuentas redondas de madera de olivo de 12 mm (125 cuentas) #B140 - Holy Land Olive Wood - Bethlehem Olive Wood Factory","isPartOf":{"@id":"https:\/\/old.holyland-olivewood.com\/es\/#website"},"primaryImageOfPage":{"@id":"https:\/\/old.holyland-olivewood.com\/es\/producto\/12-mm-oliva-madera-cuentas-redondas-125-cuentas-b140\/#primaryimage"},"image":{"@id":"https:\/\/old.holyland-olivewood.com\/es\/producto\/12-mm-oliva-madera-cuentas-redondas-125-cuentas-b140\/#primaryimage"},"thumbnailUrl":"https:\/\/old.holyland-olivewood.com\/wp-content\/uploads\/2016\/05\/round_beads_holy_land_olive_wood_bethlehem_.jpg","datePublished":"2022-02-08T20:04:28+00:00","description":"Artesan\u00edas de madera de olivo de Bel\u00e9n (es decir, rosarios, ovalados, tallados, redondos, cuentas), piezas centrales, y stock en bruto en dimensiones est\u00e1ndar y personalizadas.","breadcrumb":{"@id":"https:\/\/old.holyland-olivewood.com\/es\/producto\/12-mm-oliva-madera-cuentas-redondas-125-cuentas-b140\/#breadcrumb"},"inLanguage":"es","potentialAction":[{"@type":"ReadAction","target":["https:\/\/old.holyland-olivewood.com\/es\/producto\/12-mm-oliva-madera-cuentas-redondas-125-cuentas-b140\/"]}]},{"@type":"ImageObject","inLanguage":"es","@id":"https:\/\/old.holyland-olivewood.com\/es\/producto\/12-mm-oliva-madera-cuentas-redondas-125-cuentas-b140\/#primaryimage","url":"https:\/\/old.holyland-olivewood.com\/wp-content\/uploads\/2016\/05\/round_beads_holy_land_olive_wood_bethlehem_.jpg","contentUrl":"https:\/\/old.holyland-olivewood.com\/wp-content\/uploads\/2016\/05\/round_beads_holy_land_olive_wood_bethlehem_.jpg","width":1550,"height":1200},{"@type":"BreadcrumbList","@id":"https:\/\/old.holyland-olivewood.com\/es\/producto\/12-mm-oliva-madera-cuentas-redondas-125-cuentas-b140\/#breadcrumb","itemListElement":[{"@type":"ListItem","position":1,"name":"Home","item":"https:\/\/old.holyland-olivewood.com\/es\/"},{"@type":"ListItem","position":2,"name":"Tienda","item":"https:\/\/old.holyland-olivewood.com\/es\/tienda\/"},{"@type":"ListItem","position":3,"name":"Cuentas redondas de madera de olivo de 12 mm (125 cuentas) #B140"}]},{"@type":"WebSite","@id":"https:\/\/old.holyland-olivewood.com\/es\/#website","url":"https:\/\/old.holyland-olivewood.com\/es\/","name":"Holy Land Olive Wood - Bethlehem Olive Wood Factory","description":"Holy Land Olivewood Bethlehem","publisher":{"@id":"https:\/\/old.holyland-olivewood.com\/es\/#organization"},"potentialAction":[{"@type":"SearchAction","target":{"@type":"EntryPoint","urlTemplate":"https:\/\/old.holyland-olivewood.com\/es\/?s={search_term_string}"},"query-input":{"@type":"PropertyValueSpecification","valueRequired":true,"valueName":"search_term_string"}}],"inLanguage":"es"},{"@type":"Organization","@id":"https:\/\/old.holyland-olivewood.com\/es\/#organization","name":"Holy Land Olivewood","url":"https:\/\/old.holyland-olivewood.com\/es\/","logo":{"@type":"ImageObject","inLanguage":"es","@id":"https:\/\/old.holyland-olivewood.com\/es\/#\/schema\/logo\/image\/","url":"","contentUrl":"","caption":"Holy Land Olivewood"},"image":{"@id":"https:\/\/old.holyland-olivewood.com\/es\/#\/schema\/logo\/image\/"},"sameAs":["https:\/\/www.facebook.com\/holylandolivewood.bethlehem\/","http:\/\/instagram.com\/holy.land.olive.wood"]}]}},"_links":{"self":[{"href":"https:\/\/old.holyland-olivewood.com\/es\/wp-json\/wp\/v2\/product\/41587","targetHints":{"allow":["GET"]}}],"collection":[{"href":"https:\/\/old.holyland-olivewood.com\/es\/wp-json\/wp\/v2\/product"}],"about":[{"href":"https:\/\/old.holyland-olivewood.com\/es\/wp-json\/wp\/v2\/types\/product"}],"wp:featuredmedia":[{"embeddable":true,"href":"https:\/\/old.holyland-olivewood.com\/es\/wp-json\/wp\/v2\/media\/30795"}],"wp:attachment":[{"href":"https:\/\/old.holyland-olivewood.com\/es\/wp-json\/wp\/v2\/media?parent=41587"}],"wp:term":[{"taxonomy":"product_brand","embeddable":true,"href":"https:\/\/old.holyland-olivewood.com\/es\/wp-json\/wp\/v2\/product_brand?post=41587"},{"taxonomy":"product_cat","embeddable":true,"href":"https:\/\/old.holyland-olivewood.com\/es\/wp-json\/wp\/v2\/product_cat?post=41587"},{"taxonomy":"product_tag","embeddable":true,"href":"https:\/\/old.holyland-olivewood.com\/es\/wp-json\/wp\/v2\/product_tag?post=41587"}],"curies":[{"name":"wp","href":"https:\/\/api.w.org\/{rel}","templated":true}]}}