{"id":39806,"date":"2021-08-17T15:04:09","date_gmt":"2021-08-17T15:04:09","guid":{"rendered":"https:\/\/old.holyland-olivewood.com\/purchase-refunds-and-return-policy\/"},"modified":"2022-02-06T09:13:43","modified_gmt":"2022-02-06T09:13:43","slug":"purchase-refunds-and-return-policy","status":"publish","type":"page","link":"https:\/\/old.holyland-olivewood.com\/es\/purchase-refunds-and-return-policy\/","title":{"rendered":"Pol\u00edtica de compras, reembolsos y devoluciones"},"content":{"rendered":"<p>[spb_row element_name=&#8221;Row&#8221; wrap_type=&#8221;content-width&#8221; row_bg_type=&#8221;color&#8221; row_bg_color=&#8221;#ffffff&#8221; color_row_height=&#8221;content-height&#8221; bg_type=&#8221;cover&#8221; parallax_image_height=&#8221;content-height&#8221; parallax_image_movement=&#8221;fixed&#8221; parallax_image_speed=&#8221;0.5&#8243; bg_video_loop=&#8221;yes&#8221; parallax_video_height=&#8221;window-height&#8221; row_top_style=&#8221;none&#8221; row_bottom_style=&#8221;none&#8221; parallax_video_overlay=&#8221;none&#8221; row_overlay_opacity=&#8221;0&#8243; remove_element_spacing=&#8221;yes&#8221; row_col_pos=&#8221;default&#8221; row_expanding=&#8221;no&#8221; row_animation=&#8221;none&#8221; row_animation_delay=&#8221;0&#8243; minimize_row=&#8221;no&#8221; width=&#8221;1\/1&#8243; el_position=&#8221;first last&#8221;] [spb_blank_spacer height=&#8221;30px&#8221; width=&#8221;1\/6&#8243; el_position=&#8221;first&#8221;] [spb_text_block title=&#8221;POL\u00cdTICA DE COMPRAS, REEMBOLSOS Y DEVOLUCIONES&#8221; animation=&#8221;none&#8221; animation_delay=&#8221;200&#8243; simplified_controls=&#8221;yes&#8221; custom_css_percentage=&#8221;no&#8221; padding_vertical=&#8221;12&#8243; padding_horizontal=&#8221;0&#8243; margin_vertical=&#8221;0&#8243; custom_css=&#8221;margin-top: 0px;margin-bottom: 0px;padding-top: 12px;padding-bottom: 12px;&#8221; border_size=&#8221;0&#8243; border_styling_global=&#8221;default&#8221; el_class=&#8221;pb0&#8243; width=&#8221;2\/3&#8243;]<\/p>\n<p>Holy Land Olivewood acepta todas las principales tarjetas de cr\u00e9dito y d\u00e9bito (es decir, Visa, MasterCard, Discover, American Express, Diners y JCB), y PayPal.<\/p>\n<p>Para garantizar una experiencia de compra segura para nuestros clientes, todas nuestras transacciones en l\u00ednea son procesadas por 2CHECKOUT, un l\u00edder mundial en procesamiento de pagos en l\u00ednea con certificaci\u00f3n PCI Nivel 1, que atiende a 50,000 minoristas en 211 mercados.<\/p>\n<p>Holy Land Olivewood no enviar\u00e1 ning\u00fan art\u00edculo a menos que se reciba un pago por adelantado en su totalidad.<\/p>\n<p>Todos nuestros productos est\u00e1n respaldados por una Garant\u00eda de Satisfacci\u00f3n del 100%, seg\u00fan lo estipulado en los siguientes t\u00e9rminos y condiciones:<\/p>\n<p>Si el acabado de un art\u00edculo est\u00e1 defectuoso (no da\u00f1ado debido al env\u00edo), ofreceremos un reemplazo sin cargo.<\/p>\n<p>Si un art\u00edculo se da\u00f1a debido al env\u00edo, se presentar\u00e1 una reclamaci\u00f3n de reembolso ante el transportista, quien le reembolsar\u00e1 directamente el art\u00edculo.<\/p>\n<p>Si un art\u00edculo ya no se desea despu\u00e9s de que se haya realizado la compra, puede devolver su paquete sin abrir y le proporcionaremos un reembolso, menos una deducci\u00f3n del 15% por las tarifas de env\u00edo y reposici\u00f3n.<\/p>\n<p>&nbsp;<\/p>\n<p>&nbsp;<\/p>\n<p>[\/spb_text_block] [spb_blank_spacer height=&#8221;30px&#8221; width=&#8221;1\/6&#8243; el_position=&#8221;last&#8221;] [\/spb_row]<\/p>\n","protected":false},"excerpt":{"rendered":"<p>[spb_row element_name=&#8221;Row&#8221; wrap_type=&#8221;content-width&#8221; row_bg_type=&#8221;color&#8221; row_bg_color=&#8221;#ffffff&#8221; color_row_height=&#8221;content-height&#8221; bg_type=&#8221;cover&#8221; parallax_image_height=&#8221;content-height&#8221; parallax_image_movement=&#8221;fixed&#8221; parallax_image_speed=&#8221;0.5&#8243; bg_video_loop=&#8221;yes&#8221; parallax_video_height=&#8221;window-height&#8221; row_top_style=&#8221;none&#8221; row_bottom_style=&#8221;none&#8221; parallax_video_overlay=&#8221;none&#8221; row_overlay_opacity=&#8221;0&#8243; remove_element_spacing=&#8221;yes&#8221; row_col_pos=&#8221;default&#8221; row_expanding=&#8221;no&#8221; row_animation=&#8221;none&#8221; row_animation_delay=&#8221;0&#8243; minimize_row=&#8221;no&#8221; width=&#8221;1\/1&#8243; el_position=&#8221;first last&#8221;] [spb_blank_spacer height=&#8221;30px&#8221; width=&#8221;1\/6&#8243; el_position=&#8221;first&#8221;] [spb_text_block title=&#8221;POL\u00cdTICA DE COMPRAS, REEMBOLSOS Y DEVOLUCIONES&#8221; animation=&#8221;none&#8221; animation_delay=&#8221;200&#8243; simplified_controls=&#8221;yes&#8221; custom_css_percentage=&#8221;no&#8221; padding_vertical=&#8221;12&#8243; padding_horizontal=&#8221;0&#8243; margin_vertical=&#8221;0&#8243; custom_css=&#8221;margin-top: 0px;margin-bottom: 0px;padding-top: 12px;padding-bottom: 12px;&#8221; border_size=&#8221;0&#8243; border_styling_global=&#8221;default&#8221; el_class=&#8221;pb0&#8243; width=&#8221;2\/3&#8243;] Holy Land Olivewood acepta todas las principales tarjetas [&hellip;]<\/p>\n","protected":false},"author":250,"featured_media":0,"parent":0,"menu_order":0,"comment_status":"open","ping_status":"closed","template":"","meta":{"footnotes":""},"class_list":["post-39806","page","type-page","status-publish","hentry"],"yoast_head":"<!-- This site is optimized with the Yoast SEO plugin v24.8.1 - https:\/\/yoast.com\/wordpress\/plugins\/seo\/ -->\n<title>Pol\u00edtica de compras, reembolsos y devoluciones - Holy Land Olive Wood - Bethlehem Olive Wood Factory<\/title>\n<meta name=\"description\" content=\"Artesan\u00edas de madera de olivo de Bel\u00e9n (es decir, rosarios, utensilios de cocina, natividad, conjuntos, cuentas) tallas de bol\u00edgrafos, losas, bloques y existencias en bruto en dimensiones est\u00e1ndar y personalizadas.\" \/>\n<meta name=\"robots\" content=\"index, follow, max-snippet:-1, max-image-preview:large, max-video-preview:-1\" \/>\n<link rel=\"canonical\" href=\"https:\/\/old.holyland-olivewood.com\/es\/purchase-refunds-and-return-policy\/\" \/>\n<meta property=\"og:locale\" content=\"es_ES\" \/>\n<meta property=\"og:type\" content=\"article\" \/>\n<meta property=\"og:title\" content=\"Pol\u00edtica de compras, reembolsos y devoluciones - Holy Land Olive Wood - Bethlehem Olive Wood Factory\" \/>\n<meta property=\"og:description\" content=\"Artesan\u00edas de madera de olivo de Bel\u00e9n (es decir, rosarios, utensilios de cocina, natividad, conjuntos, cuentas) tallas de bol\u00edgrafos, losas, bloques y existencias en bruto en dimensiones est\u00e1ndar y personalizadas.\" \/>\n<meta property=\"og:url\" content=\"https:\/\/old.holyland-olivewood.com\/es\/purchase-refunds-and-return-policy\/\" \/>\n<meta property=\"og:site_name\" content=\"Holy Land Olive Wood - Bethlehem Olive Wood Factory\" \/>\n<meta property=\"article:publisher\" content=\"https:\/\/www.facebook.com\/holylandolivewood.bethlehem\/\" \/>\n<meta property=\"article:modified_time\" content=\"2022-02-06T09:13:43+00:00\" \/>\n<meta name=\"twitter:card\" content=\"summary_large_image\" \/>\n<meta name=\"twitter:label1\" content=\"Tiempo de lectura\" \/>\n\t<meta name=\"twitter:data1\" content=\"2 minutos\" \/>\n<script type=\"application\/ld+json\" class=\"yoast-schema-graph\">{\"@context\":\"https:\/\/schema.org\",\"@graph\":[{\"@type\":\"WebPage\",\"@id\":\"https:\/\/old.holyland-olivewood.com\/es\/purchase-refunds-and-return-policy\/\",\"url\":\"https:\/\/old.holyland-olivewood.com\/es\/purchase-refunds-and-return-policy\/\",\"name\":\"Pol\u00edtica de compras, reembolsos y devoluciones - Holy Land Olive Wood - Bethlehem Olive Wood Factory\",\"isPartOf\":{\"@id\":\"https:\/\/old.holyland-olivewood.com\/es\/#website\"},\"datePublished\":\"2021-08-17T15:04:09+00:00\",\"dateModified\":\"2022-02-06T09:13:43+00:00\",\"description\":\"Artesan\u00edas de madera de olivo de Bel\u00e9n (es decir, rosarios, utensilios de cocina, natividad, conjuntos, cuentas) tallas de bol\u00edgrafos, losas, bloques y existencias en bruto en dimensiones est\u00e1ndar y personalizadas.\",\"breadcrumb\":{\"@id\":\"https:\/\/old.holyland-olivewood.com\/es\/purchase-refunds-and-return-policy\/#breadcrumb\"},\"inLanguage\":\"es\",\"potentialAction\":[{\"@type\":\"ReadAction\",\"target\":[\"https:\/\/old.holyland-olivewood.com\/es\/purchase-refunds-and-return-policy\/\"]}]},{\"@type\":\"BreadcrumbList\",\"@id\":\"https:\/\/old.holyland-olivewood.com\/es\/purchase-refunds-and-return-policy\/#breadcrumb\",\"itemListElement\":[{\"@type\":\"ListItem\",\"position\":1,\"name\":\"Home\",\"item\":\"https:\/\/old.holyland-olivewood.com\/es\/\"},{\"@type\":\"ListItem\",\"position\":2,\"name\":\"Pol\u00edtica de compras, reembolsos y devoluciones\"}]},{\"@type\":\"WebSite\",\"@id\":\"https:\/\/old.holyland-olivewood.com\/es\/#website\",\"url\":\"https:\/\/old.holyland-olivewood.com\/es\/\",\"name\":\"Holy Land Olive Wood - Bethlehem Olive Wood Factory\",\"description\":\"Holy Land Olivewood Bethlehem\",\"publisher\":{\"@id\":\"https:\/\/old.holyland-olivewood.com\/es\/#organization\"},\"potentialAction\":[{\"@type\":\"SearchAction\",\"target\":{\"@type\":\"EntryPoint\",\"urlTemplate\":\"https:\/\/old.holyland-olivewood.com\/es\/?s={search_term_string}\"},\"query-input\":{\"@type\":\"PropertyValueSpecification\",\"valueRequired\":true,\"valueName\":\"search_term_string\"}}],\"inLanguage\":\"es\"},{\"@type\":\"Organization\",\"@id\":\"https:\/\/old.holyland-olivewood.com\/es\/#organization\",\"name\":\"Holy Land Olivewood\",\"url\":\"https:\/\/old.holyland-olivewood.com\/es\/\",\"logo\":{\"@type\":\"ImageObject\",\"inLanguage\":\"es\",\"@id\":\"https:\/\/old.holyland-olivewood.com\/es\/#\/schema\/logo\/image\/\",\"url\":\"\",\"contentUrl\":\"\",\"caption\":\"Holy Land Olivewood\"},\"image\":{\"@id\":\"https:\/\/old.holyland-olivewood.com\/es\/#\/schema\/logo\/image\/\"},\"sameAs\":[\"https:\/\/www.facebook.com\/holylandolivewood.bethlehem\/\",\"http:\/\/instagram.com\/holy.land.olive.wood\"]}]}<\/script>\n<!-- \/ Yoast SEO plugin. -->","yoast_head_json":{"title":"Pol\u00edtica de compras, reembolsos y devoluciones - Holy Land Olive Wood - Bethlehem Olive Wood Factory","description":"Artesan\u00edas de madera de olivo de Bel\u00e9n (es decir, rosarios, utensilios de cocina, natividad, conjuntos, cuentas) tallas de bol\u00edgrafos, losas, bloques y existencias en bruto en dimensiones est\u00e1ndar y personalizadas.","robots":{"index":"index","follow":"follow","max-snippet":"max-snippet:-1","max-image-preview":"max-image-preview:large","max-video-preview":"max-video-preview:-1"},"canonical":"https:\/\/old.holyland-olivewood.com\/es\/purchase-refunds-and-return-policy\/","og_locale":"es_ES","og_type":"article","og_title":"Pol\u00edtica de compras, reembolsos y devoluciones - Holy Land Olive Wood - Bethlehem Olive Wood Factory","og_description":"Artesan\u00edas de madera de olivo de Bel\u00e9n (es decir, rosarios, utensilios de cocina, natividad, conjuntos, cuentas) tallas de bol\u00edgrafos, losas, bloques y existencias en bruto en dimensiones est\u00e1ndar y personalizadas.","og_url":"https:\/\/old.holyland-olivewood.com\/es\/purchase-refunds-and-return-policy\/","og_site_name":"Holy Land Olive Wood - Bethlehem Olive Wood Factory","article_publisher":"https:\/\/www.facebook.com\/holylandolivewood.bethlehem\/","article_modified_time":"2022-02-06T09:13:43+00:00","twitter_card":"summary_large_image","twitter_misc":{"Tiempo de lectura":"2 minutos"},"schema":{"@context":"https:\/\/schema.org","@graph":[{"@type":"WebPage","@id":"https:\/\/old.holyland-olivewood.com\/es\/purchase-refunds-and-return-policy\/","url":"https:\/\/old.holyland-olivewood.com\/es\/purchase-refunds-and-return-policy\/","name":"Pol\u00edtica de compras, reembolsos y devoluciones - Holy Land Olive Wood - Bethlehem Olive Wood Factory","isPartOf":{"@id":"https:\/\/old.holyland-olivewood.com\/es\/#website"},"datePublished":"2021-08-17T15:04:09+00:00","dateModified":"2022-02-06T09:13:43+00:00","description":"Artesan\u00edas de madera de olivo de Bel\u00e9n (es decir, rosarios, utensilios de cocina, natividad, conjuntos, cuentas) tallas de bol\u00edgrafos, losas, bloques y existencias en bruto en dimensiones est\u00e1ndar y personalizadas.","breadcrumb":{"@id":"https:\/\/old.holyland-olivewood.com\/es\/purchase-refunds-and-return-policy\/#breadcrumb"},"inLanguage":"es","potentialAction":[{"@type":"ReadAction","target":["https:\/\/old.holyland-olivewood.com\/es\/purchase-refunds-and-return-policy\/"]}]},{"@type":"BreadcrumbList","@id":"https:\/\/old.holyland-olivewood.com\/es\/purchase-refunds-and-return-policy\/#breadcrumb","itemListElement":[{"@type":"ListItem","position":1,"name":"Home","item":"https:\/\/old.holyland-olivewood.com\/es\/"},{"@type":"ListItem","position":2,"name":"Pol\u00edtica de compras, reembolsos y devoluciones"}]},{"@type":"WebSite","@id":"https:\/\/old.holyland-olivewood.com\/es\/#website","url":"https:\/\/old.holyland-olivewood.com\/es\/","name":"Holy Land Olive Wood - Bethlehem Olive Wood Factory","description":"Holy Land Olivewood Bethlehem","publisher":{"@id":"https:\/\/old.holyland-olivewood.com\/es\/#organization"},"potentialAction":[{"@type":"SearchAction","target":{"@type":"EntryPoint","urlTemplate":"https:\/\/old.holyland-olivewood.com\/es\/?s={search_term_string}"},"query-input":{"@type":"PropertyValueSpecification","valueRequired":true,"valueName":"search_term_string"}}],"inLanguage":"es"},{"@type":"Organization","@id":"https:\/\/old.holyland-olivewood.com\/es\/#organization","name":"Holy Land Olivewood","url":"https:\/\/old.holyland-olivewood.com\/es\/","logo":{"@type":"ImageObject","inLanguage":"es","@id":"https:\/\/old.holyland-olivewood.com\/es\/#\/schema\/logo\/image\/","url":"","contentUrl":"","caption":"Holy Land Olivewood"},"image":{"@id":"https:\/\/old.holyland-olivewood.com\/es\/#\/schema\/logo\/image\/"},"sameAs":["https:\/\/www.facebook.com\/holylandolivewood.bethlehem\/","http:\/\/instagram.com\/holy.land.olive.wood"]}]}},"_links":{"self":[{"href":"https:\/\/old.holyland-olivewood.com\/es\/wp-json\/wp\/v2\/pages\/39806","targetHints":{"allow":["GET"]}}],"collection":[{"href":"https:\/\/old.holyland-olivewood.com\/es\/wp-json\/wp\/v2\/pages"}],"about":[{"href":"https:\/\/old.holyland-olivewood.com\/es\/wp-json\/wp\/v2\/types\/page"}],"author":[{"embeddable":true,"href":"https:\/\/old.holyland-olivewood.com\/es\/wp-json\/wp\/v2\/users\/250"}],"replies":[{"embeddable":true,"href":"https:\/\/old.holyland-olivewood.com\/es\/wp-json\/wp\/v2\/comments?post=39806"}],"version-history":[{"count":0,"href":"https:\/\/old.holyland-olivewood.com\/es\/wp-json\/wp\/v2\/pages\/39806\/revisions"}],"wp:attachment":[{"href":"https:\/\/old.holyland-olivewood.com\/es\/wp-json\/wp\/v2\/media?parent=39806"}],"curies":[{"name":"wp","href":"https:\/\/api.w.org\/{rel}","templated":true}]}}