{"id":55464,"date":"2024-10-17T10:59:38","date_gmt":"2024-10-17T17:09:38","guid":{"rendered":"https:\/\/old.holyland-olivewood.com\/product\/handgeschnitzter-jesus-aus-olivenholz-der-einem-roemischen-soldaten-vergibt-fi141\/"},"modified":"2024-10-17T17:09:38","modified_gmt":"2024-10-17T17:09:38","slug":"handgeschnitzter-jesus-aus-olivenholz-der-einem-roemischen-soldaten-vergibt-fi141","status":"publish","type":"product","link":"https:\/\/old.holyland-olivewood.com\/de\/produkt\/handgeschnitzter-jesus-aus-olivenholz-der-einem-roemischen-soldaten-vergibt-fi141\/","title":{"rendered":"Handgeschnitzter Jesus aus Olivenholz, der einem r\u00f6mischen Soldaten vergibt #FI141"},"content":{"rendered":"","protected":false},"excerpt":{"rendered":"<p>Diese eindrucksvolle, handgeschnitzte Statue aus Olivenholz aus Bethlehem stellt Jesus Christus dar, der dem r\u00f6mischen Soldaten, der ihn gekreuzigt hat, Vergebung anbietet. Die emotionale Szene f\u00e4ngt die tiefgr\u00fcndige Botschaft der Vergebung Gottes ein und macht sie zu einem bedeutungsvollen St\u00fcck f\u00fcr christliche H\u00e4user, Kirchen oder als nachdenkliches Geschenk. Von Meisterhand geschnitzt, ist diese Statue eine st\u00e4ndige Erinnerung an die Lehren Jesu \u00fcber Vergebung und Gnade. <\/p>\n<p>Dieser Artikel enth\u00e4lt ein Echtheitszertifikat, das die zur Herstellung dieses Produkts verwendeten Materialien und Techniken best\u00e4tigt.<\/p>\n<p>Gr\u00f6\u00dfe: 18 cm x 18 cm x 30 cm (7&#8243; x 7&#8243; x 11.80&#8243;)<\/p>\n","protected":false},"featured_media":55465,"template":"","meta":[],"product_brand":[],"product_cat":[775,1786],"product_tag":[1797,778,1828,1253,926,872,1188,1202,1811,4078,865,4151,961,922,900,894,909,887,4119,968,1809,1792,827],"class_list":{"0":"post-55464","1":"product","2":"type-product","3":"status-publish","4":"has-post-thumbnail","6":"product_cat-kunsthaandvaerk","7":"product_cat-figuren","8":"product_tag-betend","9":"product_tag-betlehem-de","10":"product_tag-engel-de","11":"product_tag-figuren","12":"product_tag-foedselskirken","13":"product_tag-gab","14":"product_tag-haandlavet-de","15":"product_tag-heiraten","16":"product_tag-herz","17":"product_tag-jesus-de-2","18":"product_tag-juli","19":"product_tag-jungfrau-maria","20":"product_tag-katolsk-de","21":"product_tag-kirke-de","22":"product_tag-kors-de","23":"product_tag-kristen-de","24":"product_tag-krucifiks-de","25":"product_tag-kunsthaandvaerk","26":"product_tag-olivenholz","27":"product_tag-ortodoks-de","28":"product_tag-standbilder","29":"product_tag-statue-de","30":"product_tag-udskaering-de","32":"first","33":"instock","34":"shipping-taxable","35":"purchasable","36":"product-type-simple"},"yoast_head":"<!-- This site is optimized with the Yoast SEO plugin v24.8.1 - https:\/\/yoast.com\/wordpress\/plugins\/seo\/ -->\n<title>Handgeschnitzter Jesus aus Olivenholz, der einem r\u00f6mischen Soldaten vergibt #FI141 - Holy Land Olive Wood - Bethlehem Olive Wood Factory<\/title>\n<meta name=\"description\" content=\"Jesus vergibt r\u00f6mischen Soldaten Bethlehem Olivenholz Kunsthandwerk Handgeschnitzt (d.h. Figuren, Krippen, Statuen, Skulpturen) aus dem Heiligen Land\" \/>\n<meta name=\"robots\" content=\"index, follow, max-snippet:-1, max-image-preview:large, max-video-preview:-1\" \/>\n<link rel=\"canonical\" href=\"https:\/\/old.holyland-olivewood.com\/de\/produkt\/handgeschnitzter-jesus-aus-olivenholz-der-einem-roemischen-soldaten-vergibt-fi141\/\" \/>\n<meta property=\"og:locale\" content=\"de_DE\" \/>\n<meta property=\"og:type\" content=\"article\" \/>\n<meta property=\"og:title\" content=\"Handgeschnitzter Jesus aus Olivenholz, der einem r\u00f6mischen Soldaten vergibt #FI141 - Holy Land Olive Wood - Bethlehem Olive Wood Factory\" \/>\n<meta property=\"og:description\" content=\"Jesus vergibt r\u00f6mischen Soldaten Bethlehem Olivenholz Kunsthandwerk Handgeschnitzt (d.h. Figuren, Krippen, Statuen, Skulpturen) aus dem Heiligen Land\" \/>\n<meta property=\"og:url\" content=\"https:\/\/old.holyland-olivewood.com\/de\/produkt\/handgeschnitzter-jesus-aus-olivenholz-der-einem-roemischen-soldaten-vergibt-fi141\/\" \/>\n<meta property=\"og:site_name\" content=\"Holy Land Olive Wood - Bethlehem Olive Wood Factory\" \/>\n<meta property=\"article:publisher\" content=\"https:\/\/www.facebook.com\/holylandolivewood.bethlehem\/\" \/>\n<meta property=\"og:image\" content=\"https:\/\/old.holyland-olivewood.com\/wp-content\/uploads\/2024\/10\/jesus-forgiveness-holy-land-olive-wood-bethlehem-fi141-1.jpg\" \/>\n\t<meta property=\"og:image:width\" content=\"1550\" \/>\n\t<meta property=\"og:image:height\" content=\"1200\" \/>\n\t<meta property=\"og:image:type\" content=\"image\/jpeg\" \/>\n<meta name=\"twitter:card\" content=\"summary_large_image\" \/>\n<script type=\"application\/ld+json\" class=\"yoast-schema-graph\">{\"@context\":\"https:\/\/schema.org\",\"@graph\":[{\"@type\":\"WebPage\",\"@id\":\"https:\/\/old.holyland-olivewood.com\/de\/produkt\/handgeschnitzter-jesus-aus-olivenholz-der-einem-roemischen-soldaten-vergibt-fi141\/\",\"url\":\"https:\/\/old.holyland-olivewood.com\/de\/produkt\/handgeschnitzter-jesus-aus-olivenholz-der-einem-roemischen-soldaten-vergibt-fi141\/\",\"name\":\"Handgeschnitzter Jesus aus Olivenholz, der einem r\u00f6mischen Soldaten vergibt #FI141 - Holy Land Olive Wood - Bethlehem Olive Wood Factory\",\"isPartOf\":{\"@id\":\"https:\/\/old.holyland-olivewood.com\/de\/#website\"},\"primaryImageOfPage\":{\"@id\":\"https:\/\/old.holyland-olivewood.com\/de\/produkt\/handgeschnitzter-jesus-aus-olivenholz-der-einem-roemischen-soldaten-vergibt-fi141\/#primaryimage\"},\"image\":{\"@id\":\"https:\/\/old.holyland-olivewood.com\/de\/produkt\/handgeschnitzter-jesus-aus-olivenholz-der-einem-roemischen-soldaten-vergibt-fi141\/#primaryimage\"},\"thumbnailUrl\":\"https:\/\/old.holyland-olivewood.com\/wp-content\/uploads\/2024\/10\/jesus-forgiveness-holy-land-olive-wood-bethlehem-fi141-1.jpg\",\"datePublished\":\"2024-10-17T17:09:38+00:00\",\"description\":\"Jesus vergibt r\u00f6mischen Soldaten Bethlehem Olivenholz Kunsthandwerk Handgeschnitzt (d.h. Figuren, Krippen, Statuen, Skulpturen) aus dem Heiligen Land\",\"breadcrumb\":{\"@id\":\"https:\/\/old.holyland-olivewood.com\/de\/produkt\/handgeschnitzter-jesus-aus-olivenholz-der-einem-roemischen-soldaten-vergibt-fi141\/#breadcrumb\"},\"inLanguage\":\"de\",\"potentialAction\":[{\"@type\":\"ReadAction\",\"target\":[\"https:\/\/old.holyland-olivewood.com\/de\/produkt\/handgeschnitzter-jesus-aus-olivenholz-der-einem-roemischen-soldaten-vergibt-fi141\/\"]}]},{\"@type\":\"ImageObject\",\"inLanguage\":\"de\",\"@id\":\"https:\/\/old.holyland-olivewood.com\/de\/produkt\/handgeschnitzter-jesus-aus-olivenholz-der-einem-roemischen-soldaten-vergibt-fi141\/#primaryimage\",\"url\":\"https:\/\/old.holyland-olivewood.com\/wp-content\/uploads\/2024\/10\/jesus-forgiveness-holy-land-olive-wood-bethlehem-fi141-1.jpg\",\"contentUrl\":\"https:\/\/old.holyland-olivewood.com\/wp-content\/uploads\/2024\/10\/jesus-forgiveness-holy-land-olive-wood-bethlehem-fi141-1.jpg\",\"width\":1550,\"height\":1200},{\"@type\":\"BreadcrumbList\",\"@id\":\"https:\/\/old.holyland-olivewood.com\/de\/produkt\/handgeschnitzter-jesus-aus-olivenholz-der-einem-roemischen-soldaten-vergibt-fi141\/#breadcrumb\",\"itemListElement\":[{\"@type\":\"ListItem\",\"position\":1,\"name\":\"Home\",\"item\":\"https:\/\/old.holyland-olivewood.com\/de\/\"},{\"@type\":\"ListItem\",\"position\":2,\"name\":\"Shop\",\"item\":\"https:\/\/old.holyland-olivewood.com\/de\/shop\/\"},{\"@type\":\"ListItem\",\"position\":3,\"name\":\"Handgeschnitzter Jesus aus Olivenholz, der einem r\u00f6mischen Soldaten vergibt #FI141\"}]},{\"@type\":\"WebSite\",\"@id\":\"https:\/\/old.holyland-olivewood.com\/de\/#website\",\"url\":\"https:\/\/old.holyland-olivewood.com\/de\/\",\"name\":\"Holy Land Olive Wood - Bethlehem Olive Wood Factory\",\"description\":\"Holy Land Olivewood Bethlehem\",\"publisher\":{\"@id\":\"https:\/\/old.holyland-olivewood.com\/de\/#organization\"},\"potentialAction\":[{\"@type\":\"SearchAction\",\"target\":{\"@type\":\"EntryPoint\",\"urlTemplate\":\"https:\/\/old.holyland-olivewood.com\/de\/?s={search_term_string}\"},\"query-input\":{\"@type\":\"PropertyValueSpecification\",\"valueRequired\":true,\"valueName\":\"search_term_string\"}}],\"inLanguage\":\"de\"},{\"@type\":\"Organization\",\"@id\":\"https:\/\/old.holyland-olivewood.com\/de\/#organization\",\"name\":\"Holy Land Olivewood\",\"url\":\"https:\/\/old.holyland-olivewood.com\/de\/\",\"logo\":{\"@type\":\"ImageObject\",\"inLanguage\":\"de\",\"@id\":\"https:\/\/old.holyland-olivewood.com\/de\/#\/schema\/logo\/image\/\",\"url\":\"\",\"contentUrl\":\"\",\"caption\":\"Holy Land Olivewood\"},\"image\":{\"@id\":\"https:\/\/old.holyland-olivewood.com\/de\/#\/schema\/logo\/image\/\"},\"sameAs\":[\"https:\/\/www.facebook.com\/holylandolivewood.bethlehem\/\",\"http:\/\/instagram.com\/holy.land.olive.wood\"]}]}<\/script>\n<!-- \/ Yoast SEO plugin. -->","yoast_head_json":{"title":"Handgeschnitzter Jesus aus Olivenholz, der einem r\u00f6mischen Soldaten vergibt #FI141 - Holy Land Olive Wood - Bethlehem Olive Wood Factory","description":"Jesus vergibt r\u00f6mischen Soldaten Bethlehem Olivenholz Kunsthandwerk Handgeschnitzt (d.h. Figuren, Krippen, Statuen, Skulpturen) aus dem Heiligen Land","robots":{"index":"index","follow":"follow","max-snippet":"max-snippet:-1","max-image-preview":"max-image-preview:large","max-video-preview":"max-video-preview:-1"},"canonical":"https:\/\/old.holyland-olivewood.com\/de\/produkt\/handgeschnitzter-jesus-aus-olivenholz-der-einem-roemischen-soldaten-vergibt-fi141\/","og_locale":"de_DE","og_type":"article","og_title":"Handgeschnitzter Jesus aus Olivenholz, der einem r\u00f6mischen Soldaten vergibt #FI141 - Holy Land Olive Wood - Bethlehem Olive Wood Factory","og_description":"Jesus vergibt r\u00f6mischen Soldaten Bethlehem Olivenholz Kunsthandwerk Handgeschnitzt (d.h. Figuren, Krippen, Statuen, Skulpturen) aus dem Heiligen Land","og_url":"https:\/\/old.holyland-olivewood.com\/de\/produkt\/handgeschnitzter-jesus-aus-olivenholz-der-einem-roemischen-soldaten-vergibt-fi141\/","og_site_name":"Holy Land Olive Wood - Bethlehem Olive Wood Factory","article_publisher":"https:\/\/www.facebook.com\/holylandolivewood.bethlehem\/","og_image":[{"width":1550,"height":1200,"url":"https:\/\/old.holyland-olivewood.com\/wp-content\/uploads\/2024\/10\/jesus-forgiveness-holy-land-olive-wood-bethlehem-fi141-1.jpg","type":"image\/jpeg"}],"twitter_card":"summary_large_image","schema":{"@context":"https:\/\/schema.org","@graph":[{"@type":"WebPage","@id":"https:\/\/old.holyland-olivewood.com\/de\/produkt\/handgeschnitzter-jesus-aus-olivenholz-der-einem-roemischen-soldaten-vergibt-fi141\/","url":"https:\/\/old.holyland-olivewood.com\/de\/produkt\/handgeschnitzter-jesus-aus-olivenholz-der-einem-roemischen-soldaten-vergibt-fi141\/","name":"Handgeschnitzter Jesus aus Olivenholz, der einem r\u00f6mischen Soldaten vergibt #FI141 - Holy Land Olive Wood - Bethlehem Olive Wood Factory","isPartOf":{"@id":"https:\/\/old.holyland-olivewood.com\/de\/#website"},"primaryImageOfPage":{"@id":"https:\/\/old.holyland-olivewood.com\/de\/produkt\/handgeschnitzter-jesus-aus-olivenholz-der-einem-roemischen-soldaten-vergibt-fi141\/#primaryimage"},"image":{"@id":"https:\/\/old.holyland-olivewood.com\/de\/produkt\/handgeschnitzter-jesus-aus-olivenholz-der-einem-roemischen-soldaten-vergibt-fi141\/#primaryimage"},"thumbnailUrl":"https:\/\/old.holyland-olivewood.com\/wp-content\/uploads\/2024\/10\/jesus-forgiveness-holy-land-olive-wood-bethlehem-fi141-1.jpg","datePublished":"2024-10-17T17:09:38+00:00","description":"Jesus vergibt r\u00f6mischen Soldaten Bethlehem Olivenholz Kunsthandwerk Handgeschnitzt (d.h. Figuren, Krippen, Statuen, Skulpturen) aus dem Heiligen Land","breadcrumb":{"@id":"https:\/\/old.holyland-olivewood.com\/de\/produkt\/handgeschnitzter-jesus-aus-olivenholz-der-einem-roemischen-soldaten-vergibt-fi141\/#breadcrumb"},"inLanguage":"de","potentialAction":[{"@type":"ReadAction","target":["https:\/\/old.holyland-olivewood.com\/de\/produkt\/handgeschnitzter-jesus-aus-olivenholz-der-einem-roemischen-soldaten-vergibt-fi141\/"]}]},{"@type":"ImageObject","inLanguage":"de","@id":"https:\/\/old.holyland-olivewood.com\/de\/produkt\/handgeschnitzter-jesus-aus-olivenholz-der-einem-roemischen-soldaten-vergibt-fi141\/#primaryimage","url":"https:\/\/old.holyland-olivewood.com\/wp-content\/uploads\/2024\/10\/jesus-forgiveness-holy-land-olive-wood-bethlehem-fi141-1.jpg","contentUrl":"https:\/\/old.holyland-olivewood.com\/wp-content\/uploads\/2024\/10\/jesus-forgiveness-holy-land-olive-wood-bethlehem-fi141-1.jpg","width":1550,"height":1200},{"@type":"BreadcrumbList","@id":"https:\/\/old.holyland-olivewood.com\/de\/produkt\/handgeschnitzter-jesus-aus-olivenholz-der-einem-roemischen-soldaten-vergibt-fi141\/#breadcrumb","itemListElement":[{"@type":"ListItem","position":1,"name":"Home","item":"https:\/\/old.holyland-olivewood.com\/de\/"},{"@type":"ListItem","position":2,"name":"Shop","item":"https:\/\/old.holyland-olivewood.com\/de\/shop\/"},{"@type":"ListItem","position":3,"name":"Handgeschnitzter Jesus aus Olivenholz, der einem r\u00f6mischen Soldaten vergibt #FI141"}]},{"@type":"WebSite","@id":"https:\/\/old.holyland-olivewood.com\/de\/#website","url":"https:\/\/old.holyland-olivewood.com\/de\/","name":"Holy Land Olive Wood - Bethlehem Olive Wood Factory","description":"Holy Land Olivewood Bethlehem","publisher":{"@id":"https:\/\/old.holyland-olivewood.com\/de\/#organization"},"potentialAction":[{"@type":"SearchAction","target":{"@type":"EntryPoint","urlTemplate":"https:\/\/old.holyland-olivewood.com\/de\/?s={search_term_string}"},"query-input":{"@type":"PropertyValueSpecification","valueRequired":true,"valueName":"search_term_string"}}],"inLanguage":"de"},{"@type":"Organization","@id":"https:\/\/old.holyland-olivewood.com\/de\/#organization","name":"Holy Land Olivewood","url":"https:\/\/old.holyland-olivewood.com\/de\/","logo":{"@type":"ImageObject","inLanguage":"de","@id":"https:\/\/old.holyland-olivewood.com\/de\/#\/schema\/logo\/image\/","url":"","contentUrl":"","caption":"Holy Land Olivewood"},"image":{"@id":"https:\/\/old.holyland-olivewood.com\/de\/#\/schema\/logo\/image\/"},"sameAs":["https:\/\/www.facebook.com\/holylandolivewood.bethlehem\/","http:\/\/instagram.com\/holy.land.olive.wood"]}]}},"_links":{"self":[{"href":"https:\/\/old.holyland-olivewood.com\/de\/wp-json\/wp\/v2\/product\/55464","targetHints":{"allow":["GET"]}}],"collection":[{"href":"https:\/\/old.holyland-olivewood.com\/de\/wp-json\/wp\/v2\/product"}],"about":[{"href":"https:\/\/old.holyland-olivewood.com\/de\/wp-json\/wp\/v2\/types\/product"}],"wp:featuredmedia":[{"embeddable":true,"href":"https:\/\/old.holyland-olivewood.com\/de\/wp-json\/wp\/v2\/media\/55465"}],"wp:attachment":[{"href":"https:\/\/old.holyland-olivewood.com\/de\/wp-json\/wp\/v2\/media?parent=55464"}],"wp:term":[{"taxonomy":"product_brand","embeddable":true,"href":"https:\/\/old.holyland-olivewood.com\/de\/wp-json\/wp\/v2\/product_brand?post=55464"},{"taxonomy":"product_cat","embeddable":true,"href":"https:\/\/old.holyland-olivewood.com\/de\/wp-json\/wp\/v2\/product_cat?post=55464"},{"taxonomy":"product_tag","embeddable":true,"href":"https:\/\/old.holyland-olivewood.com\/de\/wp-json\/wp\/v2\/product_tag?post=55464"}],"curies":[{"name":"wp","href":"https:\/\/api.w.org\/{rel}","templated":true}]}}