{"id":53984,"date":"2023-06-25T04:23:02","date_gmt":"2023-06-25T18:54:08","guid":{"rendered":"https:\/\/old.holyland-olivewood.com\/product\/jesus-christus-mit-loewe-und-lamm-fi120\/"},"modified":"2023-06-25T18:54:08","modified_gmt":"2023-06-25T18:54:08","slug":"jesus-christus-mit-lowe-und-lamm-fi120","status":"publish","type":"product","link":"https:\/\/old.holyland-olivewood.com\/de\/produkt\/jesus-christus-mit-lowe-und-lamm-fi120\/","title":{"rendered":"Jesus Christus mit L\u00f6we und Lamm #FI120"},"content":{"rendered":"","protected":false},"excerpt":{"rendered":"<p>Dieser wundersch\u00f6ne Jesus Christus mit L\u00f6we und Lamm wird im Heiligen Land aus nachhaltig geerntetem, authentischem Bethlehemer Olivenholz handgeschnitzt. Diese sch\u00f6ne Statue von Jesus Christus mit L\u00f6we und Lamm ist handgefertigt aus Olivenholz von einem Baum, der seit Hunderten von Jahren im Heiligen Land w\u00e4chst. Ein bedeutungsvolles Objekt, denn es kommt direkt aus dem Heiligen Land.<\/p>\n<p>Dieser Artikel enth\u00e4lt ein Echtheitszertifikat, das die zur Herstellung dieses Produkts verwendeten Materialien und Techniken best\u00e4tigt.<\/p>\n<p>Gr\u00f6\u00dfe: 20 cm x 21 cm x 35 cm (8&#8243; x 9,5&#8243; x 13,75&#8243;)<\/p>\n","protected":false},"featured_media":53985,"template":"","meta":[],"product_brand":[],"product_cat":[775,1786],"product_tag":[],"class_list":{"0":"post-53984","1":"product","2":"type-product","3":"status-publish","4":"has-post-thumbnail","6":"product_cat-kunsthaandvaerk","7":"product_cat-figuren","9":"first","10":"instock","11":"shipping-taxable","12":"purchasable","13":"product-type-simple"},"yoast_head":"<!-- This site is optimized with the Yoast SEO plugin v24.8.1 - https:\/\/yoast.com\/wordpress\/plugins\/seo\/ -->\n<title>Jesus Christus mit L\u00f6we und Lamm #FI120 - Holy Land Olive Wood - Bethlehem Olive Wood Factory<\/title>\n<meta name=\"description\" content=\"Holzschnitzerei von Jesus Christus mit L\u00f6we und Lamm Bethlehem. Kunsthandwerk aus Olivenholz (z. B. Figuren, Krippen, Statuen, Skulpturen)\" \/>\n<meta name=\"robots\" content=\"index, follow, max-snippet:-1, max-image-preview:large, max-video-preview:-1\" \/>\n<link rel=\"canonical\" href=\"https:\/\/old.holyland-olivewood.com\/de\/produkt\/jesus-christus-mit-lowe-und-lamm-fi120\/\" \/>\n<meta property=\"og:locale\" content=\"de_DE\" \/>\n<meta property=\"og:type\" content=\"article\" \/>\n<meta property=\"og:title\" content=\"Jesus Christus mit L\u00f6we und Lamm #FI120 - Holy Land Olive Wood - Bethlehem Olive Wood Factory\" \/>\n<meta property=\"og:description\" content=\"Holzschnitzerei von Jesus Christus mit L\u00f6we und Lamm Bethlehem. Kunsthandwerk aus Olivenholz (z. B. Figuren, Krippen, Statuen, Skulpturen)\" \/>\n<meta property=\"og:url\" content=\"https:\/\/old.holyland-olivewood.com\/de\/produkt\/jesus-christus-mit-lowe-und-lamm-fi120\/\" \/>\n<meta property=\"og:site_name\" content=\"Holy Land Olive Wood - Bethlehem Olive Wood Factory\" \/>\n<meta property=\"article:publisher\" content=\"https:\/\/www.facebook.com\/holylandolivewood.bethlehem\/\" \/>\n<meta property=\"og:image\" content=\"https:\/\/old.holyland-olivewood.com\/wp-content\/uploads\/2023\/06\/jesus_with_lion_and_lamb_holy_land_olive_wood_bethlehem_fi120-1.jpg\" \/>\n\t<meta property=\"og:image:width\" content=\"1550\" \/>\n\t<meta property=\"og:image:height\" content=\"1200\" \/>\n\t<meta property=\"og:image:type\" content=\"image\/jpeg\" \/>\n<meta name=\"twitter:card\" content=\"summary_large_image\" \/>\n<script type=\"application\/ld+json\" class=\"yoast-schema-graph\">{\"@context\":\"https:\/\/schema.org\",\"@graph\":[{\"@type\":\"WebPage\",\"@id\":\"https:\/\/old.holyland-olivewood.com\/de\/produkt\/jesus-christus-mit-lowe-und-lamm-fi120\/\",\"url\":\"https:\/\/old.holyland-olivewood.com\/de\/produkt\/jesus-christus-mit-lowe-und-lamm-fi120\/\",\"name\":\"Jesus Christus mit L\u00f6we und Lamm #FI120 - Holy Land Olive Wood - Bethlehem Olive Wood Factory\",\"isPartOf\":{\"@id\":\"https:\/\/old.holyland-olivewood.com\/de\/#website\"},\"primaryImageOfPage\":{\"@id\":\"https:\/\/old.holyland-olivewood.com\/de\/produkt\/jesus-christus-mit-lowe-und-lamm-fi120\/#primaryimage\"},\"image\":{\"@id\":\"https:\/\/old.holyland-olivewood.com\/de\/produkt\/jesus-christus-mit-lowe-und-lamm-fi120\/#primaryimage\"},\"thumbnailUrl\":\"https:\/\/old.holyland-olivewood.com\/wp-content\/uploads\/2023\/06\/jesus_with_lion_and_lamb_holy_land_olive_wood_bethlehem_fi120-1.jpg\",\"datePublished\":\"2023-06-25T18:54:08+00:00\",\"description\":\"Holzschnitzerei von Jesus Christus mit L\u00f6we und Lamm Bethlehem. Kunsthandwerk aus Olivenholz (z. B. Figuren, Krippen, Statuen, Skulpturen)\",\"breadcrumb\":{\"@id\":\"https:\/\/old.holyland-olivewood.com\/de\/produkt\/jesus-christus-mit-lowe-und-lamm-fi120\/#breadcrumb\"},\"inLanguage\":\"de\",\"potentialAction\":[{\"@type\":\"ReadAction\",\"target\":[\"https:\/\/old.holyland-olivewood.com\/de\/produkt\/jesus-christus-mit-lowe-und-lamm-fi120\/\"]}]},{\"@type\":\"ImageObject\",\"inLanguage\":\"de\",\"@id\":\"https:\/\/old.holyland-olivewood.com\/de\/produkt\/jesus-christus-mit-lowe-und-lamm-fi120\/#primaryimage\",\"url\":\"https:\/\/old.holyland-olivewood.com\/wp-content\/uploads\/2023\/06\/jesus_with_lion_and_lamb_holy_land_olive_wood_bethlehem_fi120-1.jpg\",\"contentUrl\":\"https:\/\/old.holyland-olivewood.com\/wp-content\/uploads\/2023\/06\/jesus_with_lion_and_lamb_holy_land_olive_wood_bethlehem_fi120-1.jpg\",\"width\":1550,\"height\":1200},{\"@type\":\"BreadcrumbList\",\"@id\":\"https:\/\/old.holyland-olivewood.com\/de\/produkt\/jesus-christus-mit-lowe-und-lamm-fi120\/#breadcrumb\",\"itemListElement\":[{\"@type\":\"ListItem\",\"position\":1,\"name\":\"Home\",\"item\":\"https:\/\/old.holyland-olivewood.com\/de\/\"},{\"@type\":\"ListItem\",\"position\":2,\"name\":\"Shop\",\"item\":\"https:\/\/old.holyland-olivewood.com\/de\/shop\/\"},{\"@type\":\"ListItem\",\"position\":3,\"name\":\"Jesus Christus mit L\u00f6we und Lamm #FI120\"}]},{\"@type\":\"WebSite\",\"@id\":\"https:\/\/old.holyland-olivewood.com\/de\/#website\",\"url\":\"https:\/\/old.holyland-olivewood.com\/de\/\",\"name\":\"Holy Land Olive Wood - Bethlehem Olive Wood Factory\",\"description\":\"Holy Land Olivewood Bethlehem\",\"publisher\":{\"@id\":\"https:\/\/old.holyland-olivewood.com\/de\/#organization\"},\"potentialAction\":[{\"@type\":\"SearchAction\",\"target\":{\"@type\":\"EntryPoint\",\"urlTemplate\":\"https:\/\/old.holyland-olivewood.com\/de\/?s={search_term_string}\"},\"query-input\":{\"@type\":\"PropertyValueSpecification\",\"valueRequired\":true,\"valueName\":\"search_term_string\"}}],\"inLanguage\":\"de\"},{\"@type\":\"Organization\",\"@id\":\"https:\/\/old.holyland-olivewood.com\/de\/#organization\",\"name\":\"Holy Land Olivewood\",\"url\":\"https:\/\/old.holyland-olivewood.com\/de\/\",\"logo\":{\"@type\":\"ImageObject\",\"inLanguage\":\"de\",\"@id\":\"https:\/\/old.holyland-olivewood.com\/de\/#\/schema\/logo\/image\/\",\"url\":\"\",\"contentUrl\":\"\",\"caption\":\"Holy Land Olivewood\"},\"image\":{\"@id\":\"https:\/\/old.holyland-olivewood.com\/de\/#\/schema\/logo\/image\/\"},\"sameAs\":[\"https:\/\/www.facebook.com\/holylandolivewood.bethlehem\/\",\"http:\/\/instagram.com\/holy.land.olive.wood\"]}]}<\/script>\n<!-- \/ Yoast SEO plugin. -->","yoast_head_json":{"title":"Jesus Christus mit L\u00f6we und Lamm #FI120 - Holy Land Olive Wood - Bethlehem Olive Wood Factory","description":"Holzschnitzerei von Jesus Christus mit L\u00f6we und Lamm Bethlehem. Kunsthandwerk aus Olivenholz (z. B. Figuren, Krippen, Statuen, Skulpturen)","robots":{"index":"index","follow":"follow","max-snippet":"max-snippet:-1","max-image-preview":"max-image-preview:large","max-video-preview":"max-video-preview:-1"},"canonical":"https:\/\/old.holyland-olivewood.com\/de\/produkt\/jesus-christus-mit-lowe-und-lamm-fi120\/","og_locale":"de_DE","og_type":"article","og_title":"Jesus Christus mit L\u00f6we und Lamm #FI120 - Holy Land Olive Wood - Bethlehem Olive Wood Factory","og_description":"Holzschnitzerei von Jesus Christus mit L\u00f6we und Lamm Bethlehem. Kunsthandwerk aus Olivenholz (z. B. Figuren, Krippen, Statuen, Skulpturen)","og_url":"https:\/\/old.holyland-olivewood.com\/de\/produkt\/jesus-christus-mit-lowe-und-lamm-fi120\/","og_site_name":"Holy Land Olive Wood - Bethlehem Olive Wood Factory","article_publisher":"https:\/\/www.facebook.com\/holylandolivewood.bethlehem\/","og_image":[{"width":1550,"height":1200,"url":"https:\/\/old.holyland-olivewood.com\/wp-content\/uploads\/2023\/06\/jesus_with_lion_and_lamb_holy_land_olive_wood_bethlehem_fi120-1.jpg","type":"image\/jpeg"}],"twitter_card":"summary_large_image","schema":{"@context":"https:\/\/schema.org","@graph":[{"@type":"WebPage","@id":"https:\/\/old.holyland-olivewood.com\/de\/produkt\/jesus-christus-mit-lowe-und-lamm-fi120\/","url":"https:\/\/old.holyland-olivewood.com\/de\/produkt\/jesus-christus-mit-lowe-und-lamm-fi120\/","name":"Jesus Christus mit L\u00f6we und Lamm #FI120 - Holy Land Olive Wood - Bethlehem Olive Wood Factory","isPartOf":{"@id":"https:\/\/old.holyland-olivewood.com\/de\/#website"},"primaryImageOfPage":{"@id":"https:\/\/old.holyland-olivewood.com\/de\/produkt\/jesus-christus-mit-lowe-und-lamm-fi120\/#primaryimage"},"image":{"@id":"https:\/\/old.holyland-olivewood.com\/de\/produkt\/jesus-christus-mit-lowe-und-lamm-fi120\/#primaryimage"},"thumbnailUrl":"https:\/\/old.holyland-olivewood.com\/wp-content\/uploads\/2023\/06\/jesus_with_lion_and_lamb_holy_land_olive_wood_bethlehem_fi120-1.jpg","datePublished":"2023-06-25T18:54:08+00:00","description":"Holzschnitzerei von Jesus Christus mit L\u00f6we und Lamm Bethlehem. Kunsthandwerk aus Olivenholz (z. B. Figuren, Krippen, Statuen, Skulpturen)","breadcrumb":{"@id":"https:\/\/old.holyland-olivewood.com\/de\/produkt\/jesus-christus-mit-lowe-und-lamm-fi120\/#breadcrumb"},"inLanguage":"de","potentialAction":[{"@type":"ReadAction","target":["https:\/\/old.holyland-olivewood.com\/de\/produkt\/jesus-christus-mit-lowe-und-lamm-fi120\/"]}]},{"@type":"ImageObject","inLanguage":"de","@id":"https:\/\/old.holyland-olivewood.com\/de\/produkt\/jesus-christus-mit-lowe-und-lamm-fi120\/#primaryimage","url":"https:\/\/old.holyland-olivewood.com\/wp-content\/uploads\/2023\/06\/jesus_with_lion_and_lamb_holy_land_olive_wood_bethlehem_fi120-1.jpg","contentUrl":"https:\/\/old.holyland-olivewood.com\/wp-content\/uploads\/2023\/06\/jesus_with_lion_and_lamb_holy_land_olive_wood_bethlehem_fi120-1.jpg","width":1550,"height":1200},{"@type":"BreadcrumbList","@id":"https:\/\/old.holyland-olivewood.com\/de\/produkt\/jesus-christus-mit-lowe-und-lamm-fi120\/#breadcrumb","itemListElement":[{"@type":"ListItem","position":1,"name":"Home","item":"https:\/\/old.holyland-olivewood.com\/de\/"},{"@type":"ListItem","position":2,"name":"Shop","item":"https:\/\/old.holyland-olivewood.com\/de\/shop\/"},{"@type":"ListItem","position":3,"name":"Jesus Christus mit L\u00f6we und Lamm #FI120"}]},{"@type":"WebSite","@id":"https:\/\/old.holyland-olivewood.com\/de\/#website","url":"https:\/\/old.holyland-olivewood.com\/de\/","name":"Holy Land Olive Wood - Bethlehem Olive Wood Factory","description":"Holy Land Olivewood Bethlehem","publisher":{"@id":"https:\/\/old.holyland-olivewood.com\/de\/#organization"},"potentialAction":[{"@type":"SearchAction","target":{"@type":"EntryPoint","urlTemplate":"https:\/\/old.holyland-olivewood.com\/de\/?s={search_term_string}"},"query-input":{"@type":"PropertyValueSpecification","valueRequired":true,"valueName":"search_term_string"}}],"inLanguage":"de"},{"@type":"Organization","@id":"https:\/\/old.holyland-olivewood.com\/de\/#organization","name":"Holy Land Olivewood","url":"https:\/\/old.holyland-olivewood.com\/de\/","logo":{"@type":"ImageObject","inLanguage":"de","@id":"https:\/\/old.holyland-olivewood.com\/de\/#\/schema\/logo\/image\/","url":"","contentUrl":"","caption":"Holy Land Olivewood"},"image":{"@id":"https:\/\/old.holyland-olivewood.com\/de\/#\/schema\/logo\/image\/"},"sameAs":["https:\/\/www.facebook.com\/holylandolivewood.bethlehem\/","http:\/\/instagram.com\/holy.land.olive.wood"]}]}},"_links":{"self":[{"href":"https:\/\/old.holyland-olivewood.com\/de\/wp-json\/wp\/v2\/product\/53984","targetHints":{"allow":["GET"]}}],"collection":[{"href":"https:\/\/old.holyland-olivewood.com\/de\/wp-json\/wp\/v2\/product"}],"about":[{"href":"https:\/\/old.holyland-olivewood.com\/de\/wp-json\/wp\/v2\/types\/product"}],"wp:featuredmedia":[{"embeddable":true,"href":"https:\/\/old.holyland-olivewood.com\/de\/wp-json\/wp\/v2\/media\/53985"}],"wp:attachment":[{"href":"https:\/\/old.holyland-olivewood.com\/de\/wp-json\/wp\/v2\/media?parent=53984"}],"wp:term":[{"taxonomy":"product_brand","embeddable":true,"href":"https:\/\/old.holyland-olivewood.com\/de\/wp-json\/wp\/v2\/product_brand?post=53984"},{"taxonomy":"product_cat","embeddable":true,"href":"https:\/\/old.holyland-olivewood.com\/de\/wp-json\/wp\/v2\/product_cat?post=53984"},{"taxonomy":"product_tag","embeddable":true,"href":"https:\/\/old.holyland-olivewood.com\/de\/wp-json\/wp\/v2\/product_tag?post=53984"}],"curies":[{"name":"wp","href":"https:\/\/api.w.org\/{rel}","templated":true}]}}