{"id":52474,"date":"2022-09-29T15:40:59","date_gmt":"2022-09-29T20:12:16","guid":{"rendered":"https:\/\/old.holyland-olivewood.com\/product\/olivenholz-krippengrotten-set-na138\/"},"modified":"2022-09-29T20:12:16","modified_gmt":"2022-09-29T20:12:16","slug":"oliv-holz-nativitat-grotto-satz-na138","status":"publish","type":"product","link":"https:\/\/old.holyland-olivewood.com\/de\/produkt\/oliv-holz-nativitat-grotto-satz-na138\/","title":{"rendered":"Olivenholz-Krippengrotten-Set #NA138"},"content":{"rendered":"","protected":false},"excerpt":{"rendered":"<p>Diese wundersch\u00f6ne Krippe mit einem einzigartigen Stall wird im Heiligen Land aus nachhaltig geerntetem, authentischem Bethlehem-Olivenholz handgefertigt. Dieses handgefertigte St\u00fcck, f\u00fcr das nur nicht-produktive Olivenb\u00e4ume aus dem Heiligen Land verwendet werden, zeigt die atemberaubenden Maserungen des rohen Olivenholzes und ist frei von jeglichen Zusatzstoffen oder Versiegelungen. Zu den Figuren geh\u00f6ren Maria und Josef und Jesus, die 3 Weisen und der kleine Hirtenjunge. Zu den Tieren geh\u00f6ren ein Esel, eine Kuh, zwei L\u00e4mmer und 3 Kamele. Es ist wundersch\u00f6n gestaltet und bildet einen wunderbaren roten Faden f\u00fcr die Weihnachtsfeier.<\/p>\n<p>Dieser Krippenstall kann in Gr\u00f6\u00dfe, Form und Aussehen variieren, da die Maserung des Olivenholzes unterschiedlich gemustert ist und jedes St\u00fcck ein Unikat ist, da es von Hand gefertigt wird.<\/p>\n<p>Dieser Artikel enth\u00e4lt ein Echtheitszertifikat, das die zur Herstellung dieses Produkts verwendeten Materialien und Techniken best\u00e4tigt.<\/p>\n<p>Gr\u00f6\u00dfe: 23 cm x 35,5 cm x 25,5 cm (9&#8243; x 14&#8243; x 10&#8243;)<\/p>\n","protected":false},"featured_media":56883,"template":"","meta":[],"product_brand":[],"product_cat":[775,1197],"product_tag":[],"class_list":{"0":"post-52474","1":"product","2":"type-product","3":"status-publish","4":"has-post-thumbnail","6":"product_cat-kunsthaandvaerk","7":"product_cat-krippen","9":"first","10":"instock","11":"shipping-taxable","12":"purchasable","13":"product-type-simple"},"yoast_head":"<!-- This site is optimized with the Yoast SEO plugin v24.8.1 - https:\/\/yoast.com\/wordpress\/plugins\/seo\/ -->\n<title>Olivenholz-Krippengrotten-Set #NA138 - Holy Land Olive Wood - Bethlehem Olive Wood Factory<\/title>\n<meta name=\"robots\" content=\"index, follow, max-snippet:-1, max-image-preview:large, max-video-preview:-1\" \/>\n<link rel=\"canonical\" href=\"https:\/\/old.holyland-olivewood.com\/de\/produkt\/oliv-holz-nativitat-grotto-satz-na138\/\" \/>\n<meta property=\"og:locale\" content=\"de_DE\" \/>\n<meta property=\"og:type\" content=\"article\" \/>\n<meta property=\"og:title\" content=\"Olivenholz-Krippengrotten-Set #NA138 - Holy Land Olive Wood - Bethlehem Olive Wood Factory\" \/>\n<meta property=\"og:description\" content=\"Diese wundersch\u00f6ne Krippe mit einem einzigartigen Stall wird im Heiligen Land aus nachhaltig geerntetem, authentischem Bethlehem-Olivenholz handgefertigt. Dieses handgefertigte St\u00fcck, f\u00fcr das nur nicht-produktive Olivenb\u00e4ume aus dem Heiligen Land verwendet werden, zeigt die atemberaubenden Maserungen des rohen Olivenholzes und ist frei von jeglichen Zusatzstoffen oder Versiegelungen. Zu den Figuren geh\u00f6ren Maria und Josef und Jesus, die 3 Weisen und der kleine Hirtenjunge. Zu den Tieren geh\u00f6ren ein Esel, eine Kuh, zwei L\u00e4mmer und 3 Kamele. Es ist wundersch\u00f6n gestaltet und bildet einen wunderbaren roten Faden f\u00fcr die Weihnachtsfeier. Dieser Krippenstall kann in Gr\u00f6\u00dfe, Form und Aussehen variieren, da die Maserung des Olivenholzes unterschiedlich gemustert ist und jedes St\u00fcck ein Unikat ist, da es von Hand gefertigt wird. Dieser Artikel enth\u00e4lt ein Echtheitszertifikat, das die zur Herstellung dieses Produkts verwendeten Materialien und Techniken best\u00e4tigt. Gr\u00f6\u00dfe: 23 cm x 35,5 cm x 25,5 cm (9&quot; x 14&quot; x 10&quot;)\" \/>\n<meta property=\"og:url\" content=\"https:\/\/old.holyland-olivewood.com\/de\/produkt\/oliv-holz-nativitat-grotto-satz-na138\/\" \/>\n<meta property=\"og:site_name\" content=\"Holy Land Olive Wood - Bethlehem Olive Wood Factory\" \/>\n<meta property=\"article:publisher\" content=\"https:\/\/www.facebook.com\/holylandolivewood.bethlehem\/\" \/>\n<meta property=\"og:image\" content=\"https:\/\/old.holyland-olivewood.com\/wp-content\/uploads\/2021\/08\/holy-land_olive_wood_nativity_set_bethlehem_na138-1.jpg\" \/>\n\t<meta property=\"og:image:width\" content=\"1550\" \/>\n\t<meta property=\"og:image:height\" content=\"1200\" \/>\n\t<meta property=\"og:image:type\" content=\"image\/jpeg\" \/>\n<meta name=\"twitter:card\" content=\"summary_large_image\" \/>\n<script type=\"application\/ld+json\" class=\"yoast-schema-graph\">{\"@context\":\"https:\/\/schema.org\",\"@graph\":[{\"@type\":\"WebPage\",\"@id\":\"https:\/\/old.holyland-olivewood.com\/de\/produkt\/oliv-holz-nativitat-grotto-satz-na138\/\",\"url\":\"https:\/\/old.holyland-olivewood.com\/de\/produkt\/oliv-holz-nativitat-grotto-satz-na138\/\",\"name\":\"Olivenholz-Krippengrotten-Set #NA138 - Holy Land Olive Wood - Bethlehem Olive Wood Factory\",\"isPartOf\":{\"@id\":\"https:\/\/old.holyland-olivewood.com\/de\/#website\"},\"primaryImageOfPage\":{\"@id\":\"https:\/\/old.holyland-olivewood.com\/de\/produkt\/oliv-holz-nativitat-grotto-satz-na138\/#primaryimage\"},\"image\":{\"@id\":\"https:\/\/old.holyland-olivewood.com\/de\/produkt\/oliv-holz-nativitat-grotto-satz-na138\/#primaryimage\"},\"thumbnailUrl\":\"https:\/\/old.holyland-olivewood.com\/wp-content\/uploads\/2021\/08\/holy-land_olive_wood_nativity_set_bethlehem_na138-1.jpg\",\"datePublished\":\"2022-09-29T20:12:16+00:00\",\"breadcrumb\":{\"@id\":\"https:\/\/old.holyland-olivewood.com\/de\/produkt\/oliv-holz-nativitat-grotto-satz-na138\/#breadcrumb\"},\"inLanguage\":\"de\",\"potentialAction\":[{\"@type\":\"ReadAction\",\"target\":[\"https:\/\/old.holyland-olivewood.com\/de\/produkt\/oliv-holz-nativitat-grotto-satz-na138\/\"]}]},{\"@type\":\"ImageObject\",\"inLanguage\":\"de\",\"@id\":\"https:\/\/old.holyland-olivewood.com\/de\/produkt\/oliv-holz-nativitat-grotto-satz-na138\/#primaryimage\",\"url\":\"https:\/\/old.holyland-olivewood.com\/wp-content\/uploads\/2021\/08\/holy-land_olive_wood_nativity_set_bethlehem_na138-1.jpg\",\"contentUrl\":\"https:\/\/old.holyland-olivewood.com\/wp-content\/uploads\/2021\/08\/holy-land_olive_wood_nativity_set_bethlehem_na138-1.jpg\",\"width\":1550,\"height\":1200},{\"@type\":\"BreadcrumbList\",\"@id\":\"https:\/\/old.holyland-olivewood.com\/de\/produkt\/oliv-holz-nativitat-grotto-satz-na138\/#breadcrumb\",\"itemListElement\":[{\"@type\":\"ListItem\",\"position\":1,\"name\":\"Home\",\"item\":\"https:\/\/old.holyland-olivewood.com\/de\/\"},{\"@type\":\"ListItem\",\"position\":2,\"name\":\"Shop\",\"item\":\"https:\/\/old.holyland-olivewood.com\/de\/shop\/\"},{\"@type\":\"ListItem\",\"position\":3,\"name\":\"Olivenholz-Krippengrotten-Set #NA138\"}]},{\"@type\":\"WebSite\",\"@id\":\"https:\/\/old.holyland-olivewood.com\/de\/#website\",\"url\":\"https:\/\/old.holyland-olivewood.com\/de\/\",\"name\":\"Holy Land Olive Wood - Bethlehem Olive Wood Factory\",\"description\":\"Holy Land Olivewood Bethlehem\",\"publisher\":{\"@id\":\"https:\/\/old.holyland-olivewood.com\/de\/#organization\"},\"potentialAction\":[{\"@type\":\"SearchAction\",\"target\":{\"@type\":\"EntryPoint\",\"urlTemplate\":\"https:\/\/old.holyland-olivewood.com\/de\/?s={search_term_string}\"},\"query-input\":{\"@type\":\"PropertyValueSpecification\",\"valueRequired\":true,\"valueName\":\"search_term_string\"}}],\"inLanguage\":\"de\"},{\"@type\":\"Organization\",\"@id\":\"https:\/\/old.holyland-olivewood.com\/de\/#organization\",\"name\":\"Holy Land Olivewood\",\"url\":\"https:\/\/old.holyland-olivewood.com\/de\/\",\"logo\":{\"@type\":\"ImageObject\",\"inLanguage\":\"de\",\"@id\":\"https:\/\/old.holyland-olivewood.com\/de\/#\/schema\/logo\/image\/\",\"url\":\"\",\"contentUrl\":\"\",\"caption\":\"Holy Land Olivewood\"},\"image\":{\"@id\":\"https:\/\/old.holyland-olivewood.com\/de\/#\/schema\/logo\/image\/\"},\"sameAs\":[\"https:\/\/www.facebook.com\/holylandolivewood.bethlehem\/\",\"http:\/\/instagram.com\/holy.land.olive.wood\"]}]}<\/script>\n<!-- \/ Yoast SEO plugin. -->","yoast_head_json":{"title":"Olivenholz-Krippengrotten-Set #NA138 - Holy Land Olive Wood - Bethlehem Olive Wood Factory","robots":{"index":"index","follow":"follow","max-snippet":"max-snippet:-1","max-image-preview":"max-image-preview:large","max-video-preview":"max-video-preview:-1"},"canonical":"https:\/\/old.holyland-olivewood.com\/de\/produkt\/oliv-holz-nativitat-grotto-satz-na138\/","og_locale":"de_DE","og_type":"article","og_title":"Olivenholz-Krippengrotten-Set #NA138 - Holy Land Olive Wood - Bethlehem Olive Wood Factory","og_description":"Diese wundersch\u00f6ne Krippe mit einem einzigartigen Stall wird im Heiligen Land aus nachhaltig geerntetem, authentischem Bethlehem-Olivenholz handgefertigt. Dieses handgefertigte St\u00fcck, f\u00fcr das nur nicht-produktive Olivenb\u00e4ume aus dem Heiligen Land verwendet werden, zeigt die atemberaubenden Maserungen des rohen Olivenholzes und ist frei von jeglichen Zusatzstoffen oder Versiegelungen. Zu den Figuren geh\u00f6ren Maria und Josef und Jesus, die 3 Weisen und der kleine Hirtenjunge. Zu den Tieren geh\u00f6ren ein Esel, eine Kuh, zwei L\u00e4mmer und 3 Kamele. Es ist wundersch\u00f6n gestaltet und bildet einen wunderbaren roten Faden f\u00fcr die Weihnachtsfeier. Dieser Krippenstall kann in Gr\u00f6\u00dfe, Form und Aussehen variieren, da die Maserung des Olivenholzes unterschiedlich gemustert ist und jedes St\u00fcck ein Unikat ist, da es von Hand gefertigt wird. Dieser Artikel enth\u00e4lt ein Echtheitszertifikat, das die zur Herstellung dieses Produkts verwendeten Materialien und Techniken best\u00e4tigt. Gr\u00f6\u00dfe: 23 cm x 35,5 cm x 25,5 cm (9\" x 14\" x 10\")","og_url":"https:\/\/old.holyland-olivewood.com\/de\/produkt\/oliv-holz-nativitat-grotto-satz-na138\/","og_site_name":"Holy Land Olive Wood - Bethlehem Olive Wood Factory","article_publisher":"https:\/\/www.facebook.com\/holylandolivewood.bethlehem\/","og_image":[{"width":1550,"height":1200,"url":"https:\/\/old.holyland-olivewood.com\/wp-content\/uploads\/2021\/08\/holy-land_olive_wood_nativity_set_bethlehem_na138-1.jpg","type":"image\/jpeg"}],"twitter_card":"summary_large_image","schema":{"@context":"https:\/\/schema.org","@graph":[{"@type":"WebPage","@id":"https:\/\/old.holyland-olivewood.com\/de\/produkt\/oliv-holz-nativitat-grotto-satz-na138\/","url":"https:\/\/old.holyland-olivewood.com\/de\/produkt\/oliv-holz-nativitat-grotto-satz-na138\/","name":"Olivenholz-Krippengrotten-Set #NA138 - Holy Land Olive Wood - Bethlehem Olive Wood Factory","isPartOf":{"@id":"https:\/\/old.holyland-olivewood.com\/de\/#website"},"primaryImageOfPage":{"@id":"https:\/\/old.holyland-olivewood.com\/de\/produkt\/oliv-holz-nativitat-grotto-satz-na138\/#primaryimage"},"image":{"@id":"https:\/\/old.holyland-olivewood.com\/de\/produkt\/oliv-holz-nativitat-grotto-satz-na138\/#primaryimage"},"thumbnailUrl":"https:\/\/old.holyland-olivewood.com\/wp-content\/uploads\/2021\/08\/holy-land_olive_wood_nativity_set_bethlehem_na138-1.jpg","datePublished":"2022-09-29T20:12:16+00:00","breadcrumb":{"@id":"https:\/\/old.holyland-olivewood.com\/de\/produkt\/oliv-holz-nativitat-grotto-satz-na138\/#breadcrumb"},"inLanguage":"de","potentialAction":[{"@type":"ReadAction","target":["https:\/\/old.holyland-olivewood.com\/de\/produkt\/oliv-holz-nativitat-grotto-satz-na138\/"]}]},{"@type":"ImageObject","inLanguage":"de","@id":"https:\/\/old.holyland-olivewood.com\/de\/produkt\/oliv-holz-nativitat-grotto-satz-na138\/#primaryimage","url":"https:\/\/old.holyland-olivewood.com\/wp-content\/uploads\/2021\/08\/holy-land_olive_wood_nativity_set_bethlehem_na138-1.jpg","contentUrl":"https:\/\/old.holyland-olivewood.com\/wp-content\/uploads\/2021\/08\/holy-land_olive_wood_nativity_set_bethlehem_na138-1.jpg","width":1550,"height":1200},{"@type":"BreadcrumbList","@id":"https:\/\/old.holyland-olivewood.com\/de\/produkt\/oliv-holz-nativitat-grotto-satz-na138\/#breadcrumb","itemListElement":[{"@type":"ListItem","position":1,"name":"Home","item":"https:\/\/old.holyland-olivewood.com\/de\/"},{"@type":"ListItem","position":2,"name":"Shop","item":"https:\/\/old.holyland-olivewood.com\/de\/shop\/"},{"@type":"ListItem","position":3,"name":"Olivenholz-Krippengrotten-Set #NA138"}]},{"@type":"WebSite","@id":"https:\/\/old.holyland-olivewood.com\/de\/#website","url":"https:\/\/old.holyland-olivewood.com\/de\/","name":"Holy Land Olive Wood - Bethlehem Olive Wood Factory","description":"Holy Land Olivewood Bethlehem","publisher":{"@id":"https:\/\/old.holyland-olivewood.com\/de\/#organization"},"potentialAction":[{"@type":"SearchAction","target":{"@type":"EntryPoint","urlTemplate":"https:\/\/old.holyland-olivewood.com\/de\/?s={search_term_string}"},"query-input":{"@type":"PropertyValueSpecification","valueRequired":true,"valueName":"search_term_string"}}],"inLanguage":"de"},{"@type":"Organization","@id":"https:\/\/old.holyland-olivewood.com\/de\/#organization","name":"Holy Land Olivewood","url":"https:\/\/old.holyland-olivewood.com\/de\/","logo":{"@type":"ImageObject","inLanguage":"de","@id":"https:\/\/old.holyland-olivewood.com\/de\/#\/schema\/logo\/image\/","url":"","contentUrl":"","caption":"Holy Land Olivewood"},"image":{"@id":"https:\/\/old.holyland-olivewood.com\/de\/#\/schema\/logo\/image\/"},"sameAs":["https:\/\/www.facebook.com\/holylandolivewood.bethlehem\/","http:\/\/instagram.com\/holy.land.olive.wood"]}]}},"_links":{"self":[{"href":"https:\/\/old.holyland-olivewood.com\/de\/wp-json\/wp\/v2\/product\/52474","targetHints":{"allow":["GET"]}}],"collection":[{"href":"https:\/\/old.holyland-olivewood.com\/de\/wp-json\/wp\/v2\/product"}],"about":[{"href":"https:\/\/old.holyland-olivewood.com\/de\/wp-json\/wp\/v2\/types\/product"}],"wp:featuredmedia":[{"embeddable":true,"href":"https:\/\/old.holyland-olivewood.com\/de\/wp-json\/wp\/v2\/media\/56883"}],"wp:attachment":[{"href":"https:\/\/old.holyland-olivewood.com\/de\/wp-json\/wp\/v2\/media?parent=52474"}],"wp:term":[{"taxonomy":"product_brand","embeddable":true,"href":"https:\/\/old.holyland-olivewood.com\/de\/wp-json\/wp\/v2\/product_brand?post=52474"},{"taxonomy":"product_cat","embeddable":true,"href":"https:\/\/old.holyland-olivewood.com\/de\/wp-json\/wp\/v2\/product_cat?post=52474"},{"taxonomy":"product_tag","embeddable":true,"href":"https:\/\/old.holyland-olivewood.com\/de\/wp-json\/wp\/v2\/product_tag?post=52474"}],"curies":[{"name":"wp","href":"https:\/\/api.w.org\/{rel}","templated":true}]}}