{"id":47092,"date":"2016-05-30T17:10:49","date_gmt":"2022-02-11T20:43:06","guid":{"rendered":"https:\/\/old.holyland-olivewood.com\/product\/1-8-dicke-olivenholzplatten-1-lbs-s117\/"},"modified":"2022-02-11T20:43:06","modified_gmt":"2022-02-11T20:43:06","slug":"18-dicke-olivenholz-platten-1-lbs","status":"publish","type":"product","link":"https:\/\/old.holyland-olivewood.com\/de\/produkt\/18-dicke-olivenholz-platten-1-lbs\/","title":{"rendered":"1\/8 &#8220;Dicke Olivenholzplatten (1 Lbs.) #S117"},"content":{"rendered":"","protected":false},"excerpt":{"rendered":"<p>Diese pr\u00e4zisionsgeschnittenen Platten werden im Heiligen Land aus nachhaltig geerntetem, authentischem Bethlehem-Olivenholz hergestellt und nach Gewicht nach US-Pfund verkauft. Die Anzahl der Platten pro Pfund variiert je nach Dicke der Platten.<\/p>\n<p>Dieser Artikel enth\u00e4lt ein Echtheitszertifikat, das die zur Herstellung dieses Produkts verwendeten Materialien und Techniken \u00fcberpr\u00fcft.<\/p>\n<p>Gr\u00f6\u00dfe: 0.3 cm (0.125&#8243;)<\/p>\n","protected":false},"featured_media":32581,"template":"","meta":[],"product_brand":[],"product_cat":[1546,1545],"product_tag":[1551,1557,1550,1562,1555,1558,1547,1188,1560,1563,1561,1552,1548,1556,807,1553,1554,1549,1559,816],"class_list":{"0":"post-47092","1":"product","2":"type-product","3":"status-publish","4":"has-post-thumbnail","6":"product_cat-olivenholz","7":"product_cat-scheiben","8":"product_tag-ausrustungen","9":"product_tag-baumstamme","10":"product_tag-bausatz","11":"product_tag-bethlehem-jerusalem-de","12":"product_tag-block-de","13":"product_tag-diy-de","14":"product_tag-feder","15":"product_tag-haandlavet-de","16":"product_tag-handwerk","17":"product_tag-heiliges-land","18":"product_tag-kunsthandwerk","19":"product_tag-leer","20":"product_tag-leerzeichen","21":"product_tag-log-de","22":"product_tag-oliv","23":"product_tag-platte","24":"product_tag-scheiben","25":"product_tag-schussel","26":"product_tag-selbstgemacht","27":"product_tag-trae-de","29":"first","30":"instock","31":"shipping-taxable","32":"purchasable","33":"product-type-simple"},"yoast_head":"<!-- This site is optimized with the Yoast SEO plugin v24.8.1 - https:\/\/yoast.com\/wordpress\/plugins\/seo\/ -->\n<title>1\/8 &quot;Dicke Olivenholzplatten (1 Lbs.) #S117 - Holy Land Olive Wood - Bethlehem Olive Wood Factory<\/title>\n<meta name=\"description\" content=\"Bethlehem Olivenholz Kunsthandwerk (dh Rosenkr\u00e4nze, K\u00fcchenutensilien, Krippen, Sets, Perlen) Stift-Rohlinge Schnitzereien, Platten, Bl\u00f6cke und Rohmaterial in Standard- und kundenspezifischen Abmessungen.\" \/>\n<meta name=\"robots\" content=\"index, follow, max-snippet:-1, max-image-preview:large, max-video-preview:-1\" \/>\n<link rel=\"canonical\" href=\"https:\/\/old.holyland-olivewood.com\/de\/produkt\/18-dicke-olivenholz-platten-1-lbs\/\" \/>\n<meta property=\"og:locale\" content=\"de_DE\" \/>\n<meta property=\"og:type\" content=\"article\" \/>\n<meta property=\"og:title\" content=\"1\/8 &quot;Dicke Olivenholzplatten (1 Lbs.) #S117 - Holy Land Olive Wood - Bethlehem Olive Wood Factory\" \/>\n<meta property=\"og:description\" content=\"Bethlehem Olivenholz Kunsthandwerk (dh Rosenkr\u00e4nze, K\u00fcchenutensilien, Krippen, Sets, Perlen) Stift-Rohlinge Schnitzereien, Platten, Bl\u00f6cke und Rohmaterial in Standard- und kundenspezifischen Abmessungen.\" \/>\n<meta property=\"og:url\" content=\"https:\/\/old.holyland-olivewood.com\/de\/produkt\/18-dicke-olivenholz-platten-1-lbs\/\" \/>\n<meta property=\"og:site_name\" content=\"Holy Land Olive Wood - Bethlehem Olive Wood Factory\" \/>\n<meta property=\"article:publisher\" content=\"https:\/\/www.facebook.com\/holylandolivewood.bethlehem\/\" \/>\n<meta property=\"og:image\" content=\"https:\/\/old.holyland-olivewood.com\/wp-content\/uploads\/2016\/05\/slabs_by_the_pound_holy_land_olive_wood_bethlehem_117_1.jpg\" \/>\n\t<meta property=\"og:image:width\" content=\"1550\" \/>\n\t<meta property=\"og:image:height\" content=\"1200\" \/>\n\t<meta property=\"og:image:type\" content=\"image\/jpeg\" \/>\n<meta name=\"twitter:card\" content=\"summary_large_image\" \/>\n<script type=\"application\/ld+json\" class=\"yoast-schema-graph\">{\"@context\":\"https:\/\/schema.org\",\"@graph\":[{\"@type\":\"WebPage\",\"@id\":\"https:\/\/old.holyland-olivewood.com\/de\/produkt\/18-dicke-olivenholz-platten-1-lbs\/\",\"url\":\"https:\/\/old.holyland-olivewood.com\/de\/produkt\/18-dicke-olivenholz-platten-1-lbs\/\",\"name\":\"1\/8 \\\"Dicke Olivenholzplatten (1 Lbs.) #S117 - Holy Land Olive Wood - Bethlehem Olive Wood Factory\",\"isPartOf\":{\"@id\":\"https:\/\/old.holyland-olivewood.com\/de\/#website\"},\"primaryImageOfPage\":{\"@id\":\"https:\/\/old.holyland-olivewood.com\/de\/produkt\/18-dicke-olivenholz-platten-1-lbs\/#primaryimage\"},\"image\":{\"@id\":\"https:\/\/old.holyland-olivewood.com\/de\/produkt\/18-dicke-olivenholz-platten-1-lbs\/#primaryimage\"},\"thumbnailUrl\":\"https:\/\/old.holyland-olivewood.com\/wp-content\/uploads\/2016\/05\/slabs_by_the_pound_holy_land_olive_wood_bethlehem_117_1.jpg\",\"datePublished\":\"2022-02-11T20:43:06+00:00\",\"description\":\"Bethlehem Olivenholz Kunsthandwerk (dh Rosenkr\u00e4nze, K\u00fcchenutensilien, Krippen, Sets, Perlen) Stift-Rohlinge Schnitzereien, Platten, Bl\u00f6cke und Rohmaterial in Standard- und kundenspezifischen Abmessungen.\",\"breadcrumb\":{\"@id\":\"https:\/\/old.holyland-olivewood.com\/de\/produkt\/18-dicke-olivenholz-platten-1-lbs\/#breadcrumb\"},\"inLanguage\":\"de\",\"potentialAction\":[{\"@type\":\"ReadAction\",\"target\":[\"https:\/\/old.holyland-olivewood.com\/de\/produkt\/18-dicke-olivenholz-platten-1-lbs\/\"]}]},{\"@type\":\"ImageObject\",\"inLanguage\":\"de\",\"@id\":\"https:\/\/old.holyland-olivewood.com\/de\/produkt\/18-dicke-olivenholz-platten-1-lbs\/#primaryimage\",\"url\":\"https:\/\/old.holyland-olivewood.com\/wp-content\/uploads\/2016\/05\/slabs_by_the_pound_holy_land_olive_wood_bethlehem_117_1.jpg\",\"contentUrl\":\"https:\/\/old.holyland-olivewood.com\/wp-content\/uploads\/2016\/05\/slabs_by_the_pound_holy_land_olive_wood_bethlehem_117_1.jpg\",\"width\":1550,\"height\":1200},{\"@type\":\"BreadcrumbList\",\"@id\":\"https:\/\/old.holyland-olivewood.com\/de\/produkt\/18-dicke-olivenholz-platten-1-lbs\/#breadcrumb\",\"itemListElement\":[{\"@type\":\"ListItem\",\"position\":1,\"name\":\"Home\",\"item\":\"https:\/\/old.holyland-olivewood.com\/de\/\"},{\"@type\":\"ListItem\",\"position\":2,\"name\":\"Shop\",\"item\":\"https:\/\/old.holyland-olivewood.com\/de\/shop\/\"},{\"@type\":\"ListItem\",\"position\":3,\"name\":\"1\/8 &#8220;Dicke Olivenholzplatten (1 Lbs.) #S117\"}]},{\"@type\":\"WebSite\",\"@id\":\"https:\/\/old.holyland-olivewood.com\/de\/#website\",\"url\":\"https:\/\/old.holyland-olivewood.com\/de\/\",\"name\":\"Holy Land Olive Wood - Bethlehem Olive Wood Factory\",\"description\":\"Holy Land Olivewood Bethlehem\",\"publisher\":{\"@id\":\"https:\/\/old.holyland-olivewood.com\/de\/#organization\"},\"potentialAction\":[{\"@type\":\"SearchAction\",\"target\":{\"@type\":\"EntryPoint\",\"urlTemplate\":\"https:\/\/old.holyland-olivewood.com\/de\/?s={search_term_string}\"},\"query-input\":{\"@type\":\"PropertyValueSpecification\",\"valueRequired\":true,\"valueName\":\"search_term_string\"}}],\"inLanguage\":\"de\"},{\"@type\":\"Organization\",\"@id\":\"https:\/\/old.holyland-olivewood.com\/de\/#organization\",\"name\":\"Holy Land Olivewood\",\"url\":\"https:\/\/old.holyland-olivewood.com\/de\/\",\"logo\":{\"@type\":\"ImageObject\",\"inLanguage\":\"de\",\"@id\":\"https:\/\/old.holyland-olivewood.com\/de\/#\/schema\/logo\/image\/\",\"url\":\"\",\"contentUrl\":\"\",\"caption\":\"Holy Land Olivewood\"},\"image\":{\"@id\":\"https:\/\/old.holyland-olivewood.com\/de\/#\/schema\/logo\/image\/\"},\"sameAs\":[\"https:\/\/www.facebook.com\/holylandolivewood.bethlehem\/\",\"http:\/\/instagram.com\/holy.land.olive.wood\"]}]}<\/script>\n<!-- \/ Yoast SEO plugin. -->","yoast_head_json":{"title":"1\/8 \"Dicke Olivenholzplatten (1 Lbs.) #S117 - Holy Land Olive Wood - Bethlehem Olive Wood Factory","description":"Bethlehem Olivenholz Kunsthandwerk (dh Rosenkr\u00e4nze, K\u00fcchenutensilien, Krippen, Sets, Perlen) Stift-Rohlinge Schnitzereien, Platten, Bl\u00f6cke und Rohmaterial in Standard- und kundenspezifischen Abmessungen.","robots":{"index":"index","follow":"follow","max-snippet":"max-snippet:-1","max-image-preview":"max-image-preview:large","max-video-preview":"max-video-preview:-1"},"canonical":"https:\/\/old.holyland-olivewood.com\/de\/produkt\/18-dicke-olivenholz-platten-1-lbs\/","og_locale":"de_DE","og_type":"article","og_title":"1\/8 \"Dicke Olivenholzplatten (1 Lbs.) #S117 - Holy Land Olive Wood - Bethlehem Olive Wood Factory","og_description":"Bethlehem Olivenholz Kunsthandwerk (dh Rosenkr\u00e4nze, K\u00fcchenutensilien, Krippen, Sets, Perlen) Stift-Rohlinge Schnitzereien, Platten, Bl\u00f6cke und Rohmaterial in Standard- und kundenspezifischen Abmessungen.","og_url":"https:\/\/old.holyland-olivewood.com\/de\/produkt\/18-dicke-olivenholz-platten-1-lbs\/","og_site_name":"Holy Land Olive Wood - Bethlehem Olive Wood Factory","article_publisher":"https:\/\/www.facebook.com\/holylandolivewood.bethlehem\/","og_image":[{"width":1550,"height":1200,"url":"https:\/\/old.holyland-olivewood.com\/wp-content\/uploads\/2016\/05\/slabs_by_the_pound_holy_land_olive_wood_bethlehem_117_1.jpg","type":"image\/jpeg"}],"twitter_card":"summary_large_image","schema":{"@context":"https:\/\/schema.org","@graph":[{"@type":"WebPage","@id":"https:\/\/old.holyland-olivewood.com\/de\/produkt\/18-dicke-olivenholz-platten-1-lbs\/","url":"https:\/\/old.holyland-olivewood.com\/de\/produkt\/18-dicke-olivenholz-platten-1-lbs\/","name":"1\/8 \"Dicke Olivenholzplatten (1 Lbs.) #S117 - Holy Land Olive Wood - Bethlehem Olive Wood Factory","isPartOf":{"@id":"https:\/\/old.holyland-olivewood.com\/de\/#website"},"primaryImageOfPage":{"@id":"https:\/\/old.holyland-olivewood.com\/de\/produkt\/18-dicke-olivenholz-platten-1-lbs\/#primaryimage"},"image":{"@id":"https:\/\/old.holyland-olivewood.com\/de\/produkt\/18-dicke-olivenholz-platten-1-lbs\/#primaryimage"},"thumbnailUrl":"https:\/\/old.holyland-olivewood.com\/wp-content\/uploads\/2016\/05\/slabs_by_the_pound_holy_land_olive_wood_bethlehem_117_1.jpg","datePublished":"2022-02-11T20:43:06+00:00","description":"Bethlehem Olivenholz Kunsthandwerk (dh Rosenkr\u00e4nze, K\u00fcchenutensilien, Krippen, Sets, Perlen) Stift-Rohlinge Schnitzereien, Platten, Bl\u00f6cke und Rohmaterial in Standard- und kundenspezifischen Abmessungen.","breadcrumb":{"@id":"https:\/\/old.holyland-olivewood.com\/de\/produkt\/18-dicke-olivenholz-platten-1-lbs\/#breadcrumb"},"inLanguage":"de","potentialAction":[{"@type":"ReadAction","target":["https:\/\/old.holyland-olivewood.com\/de\/produkt\/18-dicke-olivenholz-platten-1-lbs\/"]}]},{"@type":"ImageObject","inLanguage":"de","@id":"https:\/\/old.holyland-olivewood.com\/de\/produkt\/18-dicke-olivenholz-platten-1-lbs\/#primaryimage","url":"https:\/\/old.holyland-olivewood.com\/wp-content\/uploads\/2016\/05\/slabs_by_the_pound_holy_land_olive_wood_bethlehem_117_1.jpg","contentUrl":"https:\/\/old.holyland-olivewood.com\/wp-content\/uploads\/2016\/05\/slabs_by_the_pound_holy_land_olive_wood_bethlehem_117_1.jpg","width":1550,"height":1200},{"@type":"BreadcrumbList","@id":"https:\/\/old.holyland-olivewood.com\/de\/produkt\/18-dicke-olivenholz-platten-1-lbs\/#breadcrumb","itemListElement":[{"@type":"ListItem","position":1,"name":"Home","item":"https:\/\/old.holyland-olivewood.com\/de\/"},{"@type":"ListItem","position":2,"name":"Shop","item":"https:\/\/old.holyland-olivewood.com\/de\/shop\/"},{"@type":"ListItem","position":3,"name":"1\/8 &#8220;Dicke Olivenholzplatten (1 Lbs.) #S117"}]},{"@type":"WebSite","@id":"https:\/\/old.holyland-olivewood.com\/de\/#website","url":"https:\/\/old.holyland-olivewood.com\/de\/","name":"Holy Land Olive Wood - Bethlehem Olive Wood Factory","description":"Holy Land Olivewood Bethlehem","publisher":{"@id":"https:\/\/old.holyland-olivewood.com\/de\/#organization"},"potentialAction":[{"@type":"SearchAction","target":{"@type":"EntryPoint","urlTemplate":"https:\/\/old.holyland-olivewood.com\/de\/?s={search_term_string}"},"query-input":{"@type":"PropertyValueSpecification","valueRequired":true,"valueName":"search_term_string"}}],"inLanguage":"de"},{"@type":"Organization","@id":"https:\/\/old.holyland-olivewood.com\/de\/#organization","name":"Holy Land Olivewood","url":"https:\/\/old.holyland-olivewood.com\/de\/","logo":{"@type":"ImageObject","inLanguage":"de","@id":"https:\/\/old.holyland-olivewood.com\/de\/#\/schema\/logo\/image\/","url":"","contentUrl":"","caption":"Holy Land Olivewood"},"image":{"@id":"https:\/\/old.holyland-olivewood.com\/de\/#\/schema\/logo\/image\/"},"sameAs":["https:\/\/www.facebook.com\/holylandolivewood.bethlehem\/","http:\/\/instagram.com\/holy.land.olive.wood"]}]}},"_links":{"self":[{"href":"https:\/\/old.holyland-olivewood.com\/de\/wp-json\/wp\/v2\/product\/47092","targetHints":{"allow":["GET"]}}],"collection":[{"href":"https:\/\/old.holyland-olivewood.com\/de\/wp-json\/wp\/v2\/product"}],"about":[{"href":"https:\/\/old.holyland-olivewood.com\/de\/wp-json\/wp\/v2\/types\/product"}],"wp:featuredmedia":[{"embeddable":true,"href":"https:\/\/old.holyland-olivewood.com\/de\/wp-json\/wp\/v2\/media\/32581"}],"wp:attachment":[{"href":"https:\/\/old.holyland-olivewood.com\/de\/wp-json\/wp\/v2\/media?parent=47092"}],"wp:term":[{"taxonomy":"product_brand","embeddable":true,"href":"https:\/\/old.holyland-olivewood.com\/de\/wp-json\/wp\/v2\/product_brand?post=47092"},{"taxonomy":"product_cat","embeddable":true,"href":"https:\/\/old.holyland-olivewood.com\/de\/wp-json\/wp\/v2\/product_cat?post=47092"},{"taxonomy":"product_tag","embeddable":true,"href":"https:\/\/old.holyland-olivewood.com\/de\/wp-json\/wp\/v2\/product_tag?post=47092"}],"curies":[{"name":"wp","href":"https:\/\/api.w.org\/{rel}","templated":true}]}}