{"id":46730,"date":"2016-05-30T19:42:50","date_gmt":"2022-02-11T19:14:31","guid":{"rendered":"https:\/\/old.holyland-olivewood.com\/product\/rosenkranz-olivenholzkreuz-25-cm-1-b110\/"},"modified":"2022-02-11T19:14:31","modified_gmt":"2022-02-11T19:14:31","slug":"rosenkranz-olivenholz-kreuz-2-5-cm-1","status":"publish","type":"product","link":"https:\/\/old.holyland-olivewood.com\/de\/produkt\/rosenkranz-olivenholz-kreuz-2-5-cm-1\/","title":{"rendered":"Rosenkranz-Olivenholzkreuz (2,5 cm \/ 1&#8243;) #B110"},"content":{"rendered":"","protected":false},"excerpt":{"rendered":"<p>Dieses Rosenkranzkreuz wird im Heiligen Land aus nachhaltig geerntetem, authentischem Bethlehem-Olivenholz handgefertigt. Erschaffe deinen eigenen einzigartigen Rosenkranz, indem du dieses sch\u00f6ne Kreuz verwendest.<br \/>\nWir k\u00f6nnen Ihnen auch die hochwertigen Rosenkranzteile wie Mittelst\u00fccke und Olivenholzperlen aus Bethlehem liefern.<\/p>\n<p>Dieser Artikel enth\u00e4lt ein Echtheitszertifikat, das die zur Herstellung dieses Produkts verwendeten Materialien und Techniken \u00fcberpr\u00fcft.<\/p>\n<p>Gr\u00f6\u00dfe: 2,5 cm (1&#8243;)<\/p>\n","protected":false},"featured_media":36113,"template":"","meta":[],"product_brand":[],"product_cat":[1793,2190],"product_tag":[778,926,872,1210,2194,1188,879,2198,838,852,4078,844,865,961,2197,922,900,894,887,2199,2200,935,807,822,968,2192,2191,859,784,2193,2196,816,827,1803,2195],"class_list":{"0":"post-46730","1":"product","2":"type-product","3":"status-publish","4":"has-post-thumbnail","6":"product_cat-verschiedenes","7":"product_cat-perlen-rosenkranz-hardware","8":"product_tag-betlehem-de","9":"product_tag-foedselskirken","10":"product_tag-gab","11":"product_tag-geschenke","12":"product_tag-geschnitzt","13":"product_tag-haandlavet-de","14":"product_tag-haandvaerk","15":"product_tag-hardware-de","16":"product_tag-hellig-de","17":"product_tag-jerusalem-de","18":"product_tag-jesus-de-2","19":"product_tag-jord-de","20":"product_tag-juli","21":"product_tag-katolsk-de","22":"product_tag-kind-de","23":"product_tag-kirke-de","24":"product_tag-kors-de","25":"product_tag-kristen-de","26":"product_tag-kunsthaandvaerk","27":"product_tag-mittelstuck","28":"product_tag-mittelstucke","29":"product_tag-mor-de","30":"product_tag-oliv","31":"product_tag-oliventrae-de","32":"product_tag-ortodoks-de","33":"product_tag-oval-de","34":"product_tag-perlen","35":"product_tag-rosenkrans-de","36":"product_tag-rosenkranse-de","37":"product_tag-rund-de","38":"product_tag-schnur-de","39":"product_tag-trae-de","40":"product_tag-udskaering-de","41":"product_tag-wasser","42":"product_tag-zwirnen","44":"first","45":"instock","46":"shipping-taxable","47":"purchasable","48":"product-type-variable"},"yoast_head":"<!-- This site is optimized with the Yoast SEO plugin v24.8.1 - https:\/\/yoast.com\/wordpress\/plugins\/seo\/ -->\n<title>Rosenkranz-Olivenholzkreuz (2,5 cm \/ 1&quot;) #B110 - Holy Land Olive Wood - Bethlehem Olive Wood Factory<\/title>\n<meta name=\"description\" content=\"Bethlehem Olivenholz Kunsthandwerk (dh Rosenkr\u00e4nze, Oval, geschnitzt, rund, Perlen) Schnitzereien, Mittelst\u00fccke, &amp; Rohmaterial in Standard- und Sonderabmessungen.\" \/>\n<meta name=\"robots\" content=\"index, follow, max-snippet:-1, max-image-preview:large, max-video-preview:-1\" \/>\n<link rel=\"canonical\" href=\"https:\/\/old.holyland-olivewood.com\/de\/produkt\/rosenkranz-olivenholz-kreuz-2-5-cm-1\/\" \/>\n<meta property=\"og:locale\" content=\"de_DE\" \/>\n<meta property=\"og:type\" content=\"article\" \/>\n<meta property=\"og:title\" content=\"Rosenkranz-Olivenholzkreuz (2,5 cm \/ 1&quot;) #B110 - Holy Land Olive Wood - Bethlehem Olive Wood Factory\" \/>\n<meta property=\"og:description\" content=\"Bethlehem Olivenholz Kunsthandwerk (dh Rosenkr\u00e4nze, Oval, geschnitzt, rund, Perlen) Schnitzereien, Mittelst\u00fccke, &amp; Rohmaterial in Standard- und Sonderabmessungen.\" \/>\n<meta property=\"og:url\" content=\"https:\/\/old.holyland-olivewood.com\/de\/produkt\/rosenkranz-olivenholz-kreuz-2-5-cm-1\/\" \/>\n<meta property=\"og:site_name\" content=\"Holy Land Olive Wood - Bethlehem Olive Wood Factory\" \/>\n<meta property=\"article:publisher\" content=\"https:\/\/www.facebook.com\/holylandolivewood.bethlehem\/\" \/>\n<meta property=\"og:image\" content=\"https:\/\/old.holyland-olivewood.com\/wp-content\/uploads\/2019\/05\/rosary_corss_holy_land_olive_wood_b110_.jpg\" \/>\n\t<meta property=\"og:image:width\" content=\"1550\" \/>\n\t<meta property=\"og:image:height\" content=\"1200\" \/>\n\t<meta property=\"og:image:type\" content=\"image\/jpeg\" \/>\n<meta name=\"twitter:card\" content=\"summary_large_image\" \/>\n<script type=\"application\/ld+json\" class=\"yoast-schema-graph\">{\"@context\":\"https:\/\/schema.org\",\"@graph\":[{\"@type\":\"WebPage\",\"@id\":\"https:\/\/old.holyland-olivewood.com\/de\/produkt\/rosenkranz-olivenholz-kreuz-2-5-cm-1\/\",\"url\":\"https:\/\/old.holyland-olivewood.com\/de\/produkt\/rosenkranz-olivenholz-kreuz-2-5-cm-1\/\",\"name\":\"Rosenkranz-Olivenholzkreuz (2,5 cm \/ 1\\\") #B110 - Holy Land Olive Wood - Bethlehem Olive Wood Factory\",\"isPartOf\":{\"@id\":\"https:\/\/old.holyland-olivewood.com\/de\/#website\"},\"primaryImageOfPage\":{\"@id\":\"https:\/\/old.holyland-olivewood.com\/de\/produkt\/rosenkranz-olivenholz-kreuz-2-5-cm-1\/#primaryimage\"},\"image\":{\"@id\":\"https:\/\/old.holyland-olivewood.com\/de\/produkt\/rosenkranz-olivenholz-kreuz-2-5-cm-1\/#primaryimage\"},\"thumbnailUrl\":\"https:\/\/old.holyland-olivewood.com\/wp-content\/uploads\/2019\/05\/rosary_corss_holy_land_olive_wood_b110_.jpg\",\"datePublished\":\"2022-02-11T19:14:31+00:00\",\"description\":\"Bethlehem Olivenholz Kunsthandwerk (dh Rosenkr\u00e4nze, Oval, geschnitzt, rund, Perlen) Schnitzereien, Mittelst\u00fccke, & Rohmaterial in Standard- und Sonderabmessungen.\",\"breadcrumb\":{\"@id\":\"https:\/\/old.holyland-olivewood.com\/de\/produkt\/rosenkranz-olivenholz-kreuz-2-5-cm-1\/#breadcrumb\"},\"inLanguage\":\"de\",\"potentialAction\":[{\"@type\":\"ReadAction\",\"target\":[\"https:\/\/old.holyland-olivewood.com\/de\/produkt\/rosenkranz-olivenholz-kreuz-2-5-cm-1\/\"]}]},{\"@type\":\"ImageObject\",\"inLanguage\":\"de\",\"@id\":\"https:\/\/old.holyland-olivewood.com\/de\/produkt\/rosenkranz-olivenholz-kreuz-2-5-cm-1\/#primaryimage\",\"url\":\"https:\/\/old.holyland-olivewood.com\/wp-content\/uploads\/2019\/05\/rosary_corss_holy_land_olive_wood_b110_.jpg\",\"contentUrl\":\"https:\/\/old.holyland-olivewood.com\/wp-content\/uploads\/2019\/05\/rosary_corss_holy_land_olive_wood_b110_.jpg\",\"width\":1550,\"height\":1200},{\"@type\":\"BreadcrumbList\",\"@id\":\"https:\/\/old.holyland-olivewood.com\/de\/produkt\/rosenkranz-olivenholz-kreuz-2-5-cm-1\/#breadcrumb\",\"itemListElement\":[{\"@type\":\"ListItem\",\"position\":1,\"name\":\"Home\",\"item\":\"https:\/\/old.holyland-olivewood.com\/de\/\"},{\"@type\":\"ListItem\",\"position\":2,\"name\":\"Shop\",\"item\":\"https:\/\/old.holyland-olivewood.com\/de\/shop\/\"},{\"@type\":\"ListItem\",\"position\":3,\"name\":\"Rosenkranz-Olivenholzkreuz (2,5 cm \/ 1&#8243;) #B110\"}]},{\"@type\":\"WebSite\",\"@id\":\"https:\/\/old.holyland-olivewood.com\/de\/#website\",\"url\":\"https:\/\/old.holyland-olivewood.com\/de\/\",\"name\":\"Holy Land Olive Wood - Bethlehem Olive Wood Factory\",\"description\":\"Holy Land Olivewood Bethlehem\",\"publisher\":{\"@id\":\"https:\/\/old.holyland-olivewood.com\/de\/#organization\"},\"potentialAction\":[{\"@type\":\"SearchAction\",\"target\":{\"@type\":\"EntryPoint\",\"urlTemplate\":\"https:\/\/old.holyland-olivewood.com\/de\/?s={search_term_string}\"},\"query-input\":{\"@type\":\"PropertyValueSpecification\",\"valueRequired\":true,\"valueName\":\"search_term_string\"}}],\"inLanguage\":\"de\"},{\"@type\":\"Organization\",\"@id\":\"https:\/\/old.holyland-olivewood.com\/de\/#organization\",\"name\":\"Holy Land Olivewood\",\"url\":\"https:\/\/old.holyland-olivewood.com\/de\/\",\"logo\":{\"@type\":\"ImageObject\",\"inLanguage\":\"de\",\"@id\":\"https:\/\/old.holyland-olivewood.com\/de\/#\/schema\/logo\/image\/\",\"url\":\"\",\"contentUrl\":\"\",\"caption\":\"Holy Land Olivewood\"},\"image\":{\"@id\":\"https:\/\/old.holyland-olivewood.com\/de\/#\/schema\/logo\/image\/\"},\"sameAs\":[\"https:\/\/www.facebook.com\/holylandolivewood.bethlehem\/\",\"http:\/\/instagram.com\/holy.land.olive.wood\"]}]}<\/script>\n<!-- \/ Yoast SEO plugin. -->","yoast_head_json":{"title":"Rosenkranz-Olivenholzkreuz (2,5 cm \/ 1\") #B110 - Holy Land Olive Wood - Bethlehem Olive Wood Factory","description":"Bethlehem Olivenholz Kunsthandwerk (dh Rosenkr\u00e4nze, Oval, geschnitzt, rund, Perlen) Schnitzereien, Mittelst\u00fccke, & Rohmaterial in Standard- und Sonderabmessungen.","robots":{"index":"index","follow":"follow","max-snippet":"max-snippet:-1","max-image-preview":"max-image-preview:large","max-video-preview":"max-video-preview:-1"},"canonical":"https:\/\/old.holyland-olivewood.com\/de\/produkt\/rosenkranz-olivenholz-kreuz-2-5-cm-1\/","og_locale":"de_DE","og_type":"article","og_title":"Rosenkranz-Olivenholzkreuz (2,5 cm \/ 1\") #B110 - Holy Land Olive Wood - Bethlehem Olive Wood Factory","og_description":"Bethlehem Olivenholz Kunsthandwerk (dh Rosenkr\u00e4nze, Oval, geschnitzt, rund, Perlen) Schnitzereien, Mittelst\u00fccke, & Rohmaterial in Standard- und Sonderabmessungen.","og_url":"https:\/\/old.holyland-olivewood.com\/de\/produkt\/rosenkranz-olivenholz-kreuz-2-5-cm-1\/","og_site_name":"Holy Land Olive Wood - Bethlehem Olive Wood Factory","article_publisher":"https:\/\/www.facebook.com\/holylandolivewood.bethlehem\/","og_image":[{"width":1550,"height":1200,"url":"https:\/\/old.holyland-olivewood.com\/wp-content\/uploads\/2019\/05\/rosary_corss_holy_land_olive_wood_b110_.jpg","type":"image\/jpeg"}],"twitter_card":"summary_large_image","schema":{"@context":"https:\/\/schema.org","@graph":[{"@type":"WebPage","@id":"https:\/\/old.holyland-olivewood.com\/de\/produkt\/rosenkranz-olivenholz-kreuz-2-5-cm-1\/","url":"https:\/\/old.holyland-olivewood.com\/de\/produkt\/rosenkranz-olivenholz-kreuz-2-5-cm-1\/","name":"Rosenkranz-Olivenholzkreuz (2,5 cm \/ 1\") #B110 - Holy Land Olive Wood - Bethlehem Olive Wood Factory","isPartOf":{"@id":"https:\/\/old.holyland-olivewood.com\/de\/#website"},"primaryImageOfPage":{"@id":"https:\/\/old.holyland-olivewood.com\/de\/produkt\/rosenkranz-olivenholz-kreuz-2-5-cm-1\/#primaryimage"},"image":{"@id":"https:\/\/old.holyland-olivewood.com\/de\/produkt\/rosenkranz-olivenholz-kreuz-2-5-cm-1\/#primaryimage"},"thumbnailUrl":"https:\/\/old.holyland-olivewood.com\/wp-content\/uploads\/2019\/05\/rosary_corss_holy_land_olive_wood_b110_.jpg","datePublished":"2022-02-11T19:14:31+00:00","description":"Bethlehem Olivenholz Kunsthandwerk (dh Rosenkr\u00e4nze, Oval, geschnitzt, rund, Perlen) Schnitzereien, Mittelst\u00fccke, & Rohmaterial in Standard- und Sonderabmessungen.","breadcrumb":{"@id":"https:\/\/old.holyland-olivewood.com\/de\/produkt\/rosenkranz-olivenholz-kreuz-2-5-cm-1\/#breadcrumb"},"inLanguage":"de","potentialAction":[{"@type":"ReadAction","target":["https:\/\/old.holyland-olivewood.com\/de\/produkt\/rosenkranz-olivenholz-kreuz-2-5-cm-1\/"]}]},{"@type":"ImageObject","inLanguage":"de","@id":"https:\/\/old.holyland-olivewood.com\/de\/produkt\/rosenkranz-olivenholz-kreuz-2-5-cm-1\/#primaryimage","url":"https:\/\/old.holyland-olivewood.com\/wp-content\/uploads\/2019\/05\/rosary_corss_holy_land_olive_wood_b110_.jpg","contentUrl":"https:\/\/old.holyland-olivewood.com\/wp-content\/uploads\/2019\/05\/rosary_corss_holy_land_olive_wood_b110_.jpg","width":1550,"height":1200},{"@type":"BreadcrumbList","@id":"https:\/\/old.holyland-olivewood.com\/de\/produkt\/rosenkranz-olivenholz-kreuz-2-5-cm-1\/#breadcrumb","itemListElement":[{"@type":"ListItem","position":1,"name":"Home","item":"https:\/\/old.holyland-olivewood.com\/de\/"},{"@type":"ListItem","position":2,"name":"Shop","item":"https:\/\/old.holyland-olivewood.com\/de\/shop\/"},{"@type":"ListItem","position":3,"name":"Rosenkranz-Olivenholzkreuz (2,5 cm \/ 1&#8243;) #B110"}]},{"@type":"WebSite","@id":"https:\/\/old.holyland-olivewood.com\/de\/#website","url":"https:\/\/old.holyland-olivewood.com\/de\/","name":"Holy Land Olive Wood - Bethlehem Olive Wood Factory","description":"Holy Land Olivewood Bethlehem","publisher":{"@id":"https:\/\/old.holyland-olivewood.com\/de\/#organization"},"potentialAction":[{"@type":"SearchAction","target":{"@type":"EntryPoint","urlTemplate":"https:\/\/old.holyland-olivewood.com\/de\/?s={search_term_string}"},"query-input":{"@type":"PropertyValueSpecification","valueRequired":true,"valueName":"search_term_string"}}],"inLanguage":"de"},{"@type":"Organization","@id":"https:\/\/old.holyland-olivewood.com\/de\/#organization","name":"Holy Land Olivewood","url":"https:\/\/old.holyland-olivewood.com\/de\/","logo":{"@type":"ImageObject","inLanguage":"de","@id":"https:\/\/old.holyland-olivewood.com\/de\/#\/schema\/logo\/image\/","url":"","contentUrl":"","caption":"Holy Land Olivewood"},"image":{"@id":"https:\/\/old.holyland-olivewood.com\/de\/#\/schema\/logo\/image\/"},"sameAs":["https:\/\/www.facebook.com\/holylandolivewood.bethlehem\/","http:\/\/instagram.com\/holy.land.olive.wood"]}]}},"_links":{"self":[{"href":"https:\/\/old.holyland-olivewood.com\/de\/wp-json\/wp\/v2\/product\/46730","targetHints":{"allow":["GET"]}}],"collection":[{"href":"https:\/\/old.holyland-olivewood.com\/de\/wp-json\/wp\/v2\/product"}],"about":[{"href":"https:\/\/old.holyland-olivewood.com\/de\/wp-json\/wp\/v2\/types\/product"}],"wp:featuredmedia":[{"embeddable":true,"href":"https:\/\/old.holyland-olivewood.com\/de\/wp-json\/wp\/v2\/media\/36113"}],"wp:attachment":[{"href":"https:\/\/old.holyland-olivewood.com\/de\/wp-json\/wp\/v2\/media?parent=46730"}],"wp:term":[{"taxonomy":"product_brand","embeddable":true,"href":"https:\/\/old.holyland-olivewood.com\/de\/wp-json\/wp\/v2\/product_brand?post=46730"},{"taxonomy":"product_cat","embeddable":true,"href":"https:\/\/old.holyland-olivewood.com\/de\/wp-json\/wp\/v2\/product_cat?post=46730"},{"taxonomy":"product_tag","embeddable":true,"href":"https:\/\/old.holyland-olivewood.com\/de\/wp-json\/wp\/v2\/product_tag?post=46730"}],"curies":[{"name":"wp","href":"https:\/\/api.w.org\/{rel}","templated":true}]}}