{"id":46514,"date":"2016-05-30T20:08:18","date_gmt":"2022-02-11T18:47:52","guid":{"rendered":"https:\/\/old.holyland-olivewood.com\/product\/katholisches-olivenholzkreuz-12-cm-475-cr118\/"},"modified":"2022-02-11T18:47:52","modified_gmt":"2022-02-11T18:47:52","slug":"katholisch-olivenholz-kreuz-12-cm-4-75","status":"publish","type":"product","link":"https:\/\/old.holyland-olivewood.com\/de\/produkt\/katholisch-olivenholz-kreuz-12-cm-4-75\/","title":{"rendered":"Katholisches Olivenholzkreuz (12 cm \/ 4,75&#8221;) #CR118"},"content":{"rendered":"","protected":false},"excerpt":{"rendered":"<p>Dieses traditionelle, puristische Kreuz wird im Heiligen Land aus nachhaltig geerntetem, authentischem Bethlehem-Olivenholz handgefertigt.<\/p>\n<p>Dieses Kreuz ist eine exakte Nachbildung der ersten handgefertigten Kreuze, die in Bethlehem hergestellt wurden. Sein einfaches Design stammt aus vielen Jahrhunderten, als europ\u00e4ische und sp\u00e4ter amerikanische Christen zum ersten Mal nach Bethlehem pilgerten und Souvenirs suchten, die sie mit nach Hause nehmen konnten. Daher schuf dieses St\u00fcck zusammen mit unserem handgereihten einfachen Olivenholzrosenkranz den Olivenholz-Kunsthandwerkssektor in Bethlehem.<\/p>\n<p>Dieser Artikel enth\u00e4lt ein Echtheitszertifikat, das die zur Herstellung dieses Produkts verwendeten Materialien und Techniken \u00fcberpr\u00fcft.<\/p>\n<p>Gr\u00f6\u00dfe: 12 cm (4.75&#8243;)<\/p>\n","protected":false},"featured_media":27889,"template":"","meta":[],"product_brand":[],"product_cat":[775,774],"product_tag":[984,945,778,915,926,872,1188,879,838,999,852,844,865,961,976,922,900,894,909,800,792,887,935,807,822,968,952,859,784,993,816,827],"class_list":{"0":"post-46514","1":"product","2":"type-product","3":"status-publish","4":"has-post-thumbnail","6":"product_cat-kunsthaandvaerk","7":"product_cat-kors-og-krucifikser-de","8":"product_tag-14-de","9":"product_tag-af-de","10":"product_tag-betlehem-de","11":"product_tag-boen","12":"product_tag-foedselskirken","13":"product_tag-gab","14":"product_tag-haandlavet-de","15":"product_tag-haandvaerk","16":"product_tag-hellig-de","17":"product_tag-hoehle","18":"product_tag-jerusalem-de","19":"product_tag-jord-de","20":"product_tag-juli","21":"product_tag-katolsk-de","22":"product_tag-keltisk-de","23":"product_tag-kirke-de","24":"product_tag-kors-de","25":"product_tag-kristen-de","26":"product_tag-krucifiks-de","27":"product_tag-krucifikser-de","28":"product_tag-krydser-de","29":"product_tag-kunsthaandvaerk","30":"product_tag-mor-de","31":"product_tag-oliv","32":"product_tag-oliventrae-de","33":"product_tag-ortodoks-de","34":"product_tag-perle-de","35":"product_tag-rosenkrans-de","36":"product_tag-rosenkranse-de","37":"product_tag-schreibwarenhaendler","38":"product_tag-trae-de","39":"product_tag-udskaering-de","41":"first","42":"instock","43":"shipping-taxable","44":"purchasable","45":"product-type-simple"},"yoast_head":"<!-- This site is optimized with the Yoast SEO plugin v24.8.1 - https:\/\/yoast.com\/wordpress\/plugins\/seo\/ -->\n<title>Katholisches Olivenholzkreuz (12 cm \/ 4,75&#039;&#039;) #CR118 - Holy Land Olive Wood - Bethlehem Olive Wood Factory<\/title>\n<meta name=\"description\" content=\"Bethlehem Olivenholz Kunsthandwerk (z. B. Rosenkr\u00e4nze, Jerusalem, Kreuze, Kruzifixe, Perlen) Stiftrohlinge, Bl\u00f6cke und Rohmaterial in Standard- und Sonderabmessungen\" \/>\n<meta name=\"robots\" content=\"index, follow, max-snippet:-1, max-image-preview:large, max-video-preview:-1\" \/>\n<link rel=\"canonical\" href=\"https:\/\/old.holyland-olivewood.com\/de\/produkt\/katholisch-olivenholz-kreuz-12-cm-4-75\/\" \/>\n<meta property=\"og:locale\" content=\"de_DE\" \/>\n<meta property=\"og:type\" content=\"article\" \/>\n<meta property=\"og:title\" content=\"Katholisches Olivenholzkreuz (12 cm \/ 4,75&#039;&#039;) #CR118 - Holy Land Olive Wood - Bethlehem Olive Wood Factory\" \/>\n<meta property=\"og:description\" content=\"Bethlehem Olivenholz Kunsthandwerk (z. B. Rosenkr\u00e4nze, Jerusalem, Kreuze, Kruzifixe, Perlen) Stiftrohlinge, Bl\u00f6cke und Rohmaterial in Standard- und Sonderabmessungen\" \/>\n<meta property=\"og:url\" content=\"https:\/\/old.holyland-olivewood.com\/de\/produkt\/katholisch-olivenholz-kreuz-12-cm-4-75\/\" \/>\n<meta property=\"og:site_name\" content=\"Holy Land Olive Wood - Bethlehem Olive Wood Factory\" \/>\n<meta property=\"article:publisher\" content=\"https:\/\/www.facebook.com\/holylandolivewood.bethlehem\/\" \/>\n<meta property=\"og:image\" content=\"https:\/\/old.holyland-olivewood.com\/wp-content\/uploads\/2016\/05\/cross_holy_land_olive_wood_bethlehem_cr114tocr118.jpg\" \/>\n\t<meta property=\"og:image:width\" content=\"1550\" \/>\n\t<meta property=\"og:image:height\" content=\"1200\" \/>\n\t<meta property=\"og:image:type\" content=\"image\/jpeg\" \/>\n<meta name=\"twitter:card\" content=\"summary_large_image\" \/>\n<script type=\"application\/ld+json\" class=\"yoast-schema-graph\">{\"@context\":\"https:\/\/schema.org\",\"@graph\":[{\"@type\":\"WebPage\",\"@id\":\"https:\/\/old.holyland-olivewood.com\/de\/produkt\/katholisch-olivenholz-kreuz-12-cm-4-75\/\",\"url\":\"https:\/\/old.holyland-olivewood.com\/de\/produkt\/katholisch-olivenholz-kreuz-12-cm-4-75\/\",\"name\":\"Katholisches Olivenholzkreuz (12 cm \/ 4,75'') #CR118 - Holy Land Olive Wood - Bethlehem Olive Wood Factory\",\"isPartOf\":{\"@id\":\"https:\/\/old.holyland-olivewood.com\/de\/#website\"},\"primaryImageOfPage\":{\"@id\":\"https:\/\/old.holyland-olivewood.com\/de\/produkt\/katholisch-olivenholz-kreuz-12-cm-4-75\/#primaryimage\"},\"image\":{\"@id\":\"https:\/\/old.holyland-olivewood.com\/de\/produkt\/katholisch-olivenholz-kreuz-12-cm-4-75\/#primaryimage\"},\"thumbnailUrl\":\"https:\/\/old.holyland-olivewood.com\/wp-content\/uploads\/2016\/05\/cross_holy_land_olive_wood_bethlehem_cr114tocr118.jpg\",\"datePublished\":\"2022-02-11T18:47:52+00:00\",\"description\":\"Bethlehem Olivenholz Kunsthandwerk (z. B. Rosenkr\u00e4nze, Jerusalem, Kreuze, Kruzifixe, Perlen) Stiftrohlinge, Bl\u00f6cke und Rohmaterial in Standard- und Sonderabmessungen\",\"breadcrumb\":{\"@id\":\"https:\/\/old.holyland-olivewood.com\/de\/produkt\/katholisch-olivenholz-kreuz-12-cm-4-75\/#breadcrumb\"},\"inLanguage\":\"de\",\"potentialAction\":[{\"@type\":\"ReadAction\",\"target\":[\"https:\/\/old.holyland-olivewood.com\/de\/produkt\/katholisch-olivenholz-kreuz-12-cm-4-75\/\"]}]},{\"@type\":\"ImageObject\",\"inLanguage\":\"de\",\"@id\":\"https:\/\/old.holyland-olivewood.com\/de\/produkt\/katholisch-olivenholz-kreuz-12-cm-4-75\/#primaryimage\",\"url\":\"https:\/\/old.holyland-olivewood.com\/wp-content\/uploads\/2016\/05\/cross_holy_land_olive_wood_bethlehem_cr114tocr118.jpg\",\"contentUrl\":\"https:\/\/old.holyland-olivewood.com\/wp-content\/uploads\/2016\/05\/cross_holy_land_olive_wood_bethlehem_cr114tocr118.jpg\",\"width\":1550,\"height\":1200},{\"@type\":\"BreadcrumbList\",\"@id\":\"https:\/\/old.holyland-olivewood.com\/de\/produkt\/katholisch-olivenholz-kreuz-12-cm-4-75\/#breadcrumb\",\"itemListElement\":[{\"@type\":\"ListItem\",\"position\":1,\"name\":\"Home\",\"item\":\"https:\/\/old.holyland-olivewood.com\/de\/\"},{\"@type\":\"ListItem\",\"position\":2,\"name\":\"Shop\",\"item\":\"https:\/\/old.holyland-olivewood.com\/de\/shop\/\"},{\"@type\":\"ListItem\",\"position\":3,\"name\":\"Katholisches Olivenholzkreuz (12 cm \/ 4,75&#8221;) #CR118\"}]},{\"@type\":\"WebSite\",\"@id\":\"https:\/\/old.holyland-olivewood.com\/de\/#website\",\"url\":\"https:\/\/old.holyland-olivewood.com\/de\/\",\"name\":\"Holy Land Olive Wood - Bethlehem Olive Wood Factory\",\"description\":\"Holy Land Olivewood Bethlehem\",\"publisher\":{\"@id\":\"https:\/\/old.holyland-olivewood.com\/de\/#organization\"},\"potentialAction\":[{\"@type\":\"SearchAction\",\"target\":{\"@type\":\"EntryPoint\",\"urlTemplate\":\"https:\/\/old.holyland-olivewood.com\/de\/?s={search_term_string}\"},\"query-input\":{\"@type\":\"PropertyValueSpecification\",\"valueRequired\":true,\"valueName\":\"search_term_string\"}}],\"inLanguage\":\"de\"},{\"@type\":\"Organization\",\"@id\":\"https:\/\/old.holyland-olivewood.com\/de\/#organization\",\"name\":\"Holy Land Olivewood\",\"url\":\"https:\/\/old.holyland-olivewood.com\/de\/\",\"logo\":{\"@type\":\"ImageObject\",\"inLanguage\":\"de\",\"@id\":\"https:\/\/old.holyland-olivewood.com\/de\/#\/schema\/logo\/image\/\",\"url\":\"\",\"contentUrl\":\"\",\"caption\":\"Holy Land Olivewood\"},\"image\":{\"@id\":\"https:\/\/old.holyland-olivewood.com\/de\/#\/schema\/logo\/image\/\"},\"sameAs\":[\"https:\/\/www.facebook.com\/holylandolivewood.bethlehem\/\",\"http:\/\/instagram.com\/holy.land.olive.wood\"]}]}<\/script>\n<!-- \/ Yoast SEO plugin. -->","yoast_head_json":{"title":"Katholisches Olivenholzkreuz (12 cm \/ 4,75'') #CR118 - Holy Land Olive Wood - Bethlehem Olive Wood Factory","description":"Bethlehem Olivenholz Kunsthandwerk (z. B. Rosenkr\u00e4nze, Jerusalem, Kreuze, Kruzifixe, Perlen) Stiftrohlinge, Bl\u00f6cke und Rohmaterial in Standard- und Sonderabmessungen","robots":{"index":"index","follow":"follow","max-snippet":"max-snippet:-1","max-image-preview":"max-image-preview:large","max-video-preview":"max-video-preview:-1"},"canonical":"https:\/\/old.holyland-olivewood.com\/de\/produkt\/katholisch-olivenholz-kreuz-12-cm-4-75\/","og_locale":"de_DE","og_type":"article","og_title":"Katholisches Olivenholzkreuz (12 cm \/ 4,75'') #CR118 - Holy Land Olive Wood - Bethlehem Olive Wood Factory","og_description":"Bethlehem Olivenholz Kunsthandwerk (z. B. Rosenkr\u00e4nze, Jerusalem, Kreuze, Kruzifixe, Perlen) Stiftrohlinge, Bl\u00f6cke und Rohmaterial in Standard- und Sonderabmessungen","og_url":"https:\/\/old.holyland-olivewood.com\/de\/produkt\/katholisch-olivenholz-kreuz-12-cm-4-75\/","og_site_name":"Holy Land Olive Wood - Bethlehem Olive Wood Factory","article_publisher":"https:\/\/www.facebook.com\/holylandolivewood.bethlehem\/","og_image":[{"width":1550,"height":1200,"url":"https:\/\/old.holyland-olivewood.com\/wp-content\/uploads\/2016\/05\/cross_holy_land_olive_wood_bethlehem_cr114tocr118.jpg","type":"image\/jpeg"}],"twitter_card":"summary_large_image","schema":{"@context":"https:\/\/schema.org","@graph":[{"@type":"WebPage","@id":"https:\/\/old.holyland-olivewood.com\/de\/produkt\/katholisch-olivenholz-kreuz-12-cm-4-75\/","url":"https:\/\/old.holyland-olivewood.com\/de\/produkt\/katholisch-olivenholz-kreuz-12-cm-4-75\/","name":"Katholisches Olivenholzkreuz (12 cm \/ 4,75'') #CR118 - Holy Land Olive Wood - Bethlehem Olive Wood Factory","isPartOf":{"@id":"https:\/\/old.holyland-olivewood.com\/de\/#website"},"primaryImageOfPage":{"@id":"https:\/\/old.holyland-olivewood.com\/de\/produkt\/katholisch-olivenholz-kreuz-12-cm-4-75\/#primaryimage"},"image":{"@id":"https:\/\/old.holyland-olivewood.com\/de\/produkt\/katholisch-olivenholz-kreuz-12-cm-4-75\/#primaryimage"},"thumbnailUrl":"https:\/\/old.holyland-olivewood.com\/wp-content\/uploads\/2016\/05\/cross_holy_land_olive_wood_bethlehem_cr114tocr118.jpg","datePublished":"2022-02-11T18:47:52+00:00","description":"Bethlehem Olivenholz Kunsthandwerk (z. B. Rosenkr\u00e4nze, Jerusalem, Kreuze, Kruzifixe, Perlen) Stiftrohlinge, Bl\u00f6cke und Rohmaterial in Standard- und Sonderabmessungen","breadcrumb":{"@id":"https:\/\/old.holyland-olivewood.com\/de\/produkt\/katholisch-olivenholz-kreuz-12-cm-4-75\/#breadcrumb"},"inLanguage":"de","potentialAction":[{"@type":"ReadAction","target":["https:\/\/old.holyland-olivewood.com\/de\/produkt\/katholisch-olivenholz-kreuz-12-cm-4-75\/"]}]},{"@type":"ImageObject","inLanguage":"de","@id":"https:\/\/old.holyland-olivewood.com\/de\/produkt\/katholisch-olivenholz-kreuz-12-cm-4-75\/#primaryimage","url":"https:\/\/old.holyland-olivewood.com\/wp-content\/uploads\/2016\/05\/cross_holy_land_olive_wood_bethlehem_cr114tocr118.jpg","contentUrl":"https:\/\/old.holyland-olivewood.com\/wp-content\/uploads\/2016\/05\/cross_holy_land_olive_wood_bethlehem_cr114tocr118.jpg","width":1550,"height":1200},{"@type":"BreadcrumbList","@id":"https:\/\/old.holyland-olivewood.com\/de\/produkt\/katholisch-olivenholz-kreuz-12-cm-4-75\/#breadcrumb","itemListElement":[{"@type":"ListItem","position":1,"name":"Home","item":"https:\/\/old.holyland-olivewood.com\/de\/"},{"@type":"ListItem","position":2,"name":"Shop","item":"https:\/\/old.holyland-olivewood.com\/de\/shop\/"},{"@type":"ListItem","position":3,"name":"Katholisches Olivenholzkreuz (12 cm \/ 4,75&#8221;) #CR118"}]},{"@type":"WebSite","@id":"https:\/\/old.holyland-olivewood.com\/de\/#website","url":"https:\/\/old.holyland-olivewood.com\/de\/","name":"Holy Land Olive Wood - Bethlehem Olive Wood Factory","description":"Holy Land Olivewood Bethlehem","publisher":{"@id":"https:\/\/old.holyland-olivewood.com\/de\/#organization"},"potentialAction":[{"@type":"SearchAction","target":{"@type":"EntryPoint","urlTemplate":"https:\/\/old.holyland-olivewood.com\/de\/?s={search_term_string}"},"query-input":{"@type":"PropertyValueSpecification","valueRequired":true,"valueName":"search_term_string"}}],"inLanguage":"de"},{"@type":"Organization","@id":"https:\/\/old.holyland-olivewood.com\/de\/#organization","name":"Holy Land Olivewood","url":"https:\/\/old.holyland-olivewood.com\/de\/","logo":{"@type":"ImageObject","inLanguage":"de","@id":"https:\/\/old.holyland-olivewood.com\/de\/#\/schema\/logo\/image\/","url":"","contentUrl":"","caption":"Holy Land Olivewood"},"image":{"@id":"https:\/\/old.holyland-olivewood.com\/de\/#\/schema\/logo\/image\/"},"sameAs":["https:\/\/www.facebook.com\/holylandolivewood.bethlehem\/","http:\/\/instagram.com\/holy.land.olive.wood"]}]}},"_links":{"self":[{"href":"https:\/\/old.holyland-olivewood.com\/de\/wp-json\/wp\/v2\/product\/46514","targetHints":{"allow":["GET"]}}],"collection":[{"href":"https:\/\/old.holyland-olivewood.com\/de\/wp-json\/wp\/v2\/product"}],"about":[{"href":"https:\/\/old.holyland-olivewood.com\/de\/wp-json\/wp\/v2\/types\/product"}],"wp:featuredmedia":[{"embeddable":true,"href":"https:\/\/old.holyland-olivewood.com\/de\/wp-json\/wp\/v2\/media\/27889"}],"wp:attachment":[{"href":"https:\/\/old.holyland-olivewood.com\/de\/wp-json\/wp\/v2\/media?parent=46514"}],"wp:term":[{"taxonomy":"product_brand","embeddable":true,"href":"https:\/\/old.holyland-olivewood.com\/de\/wp-json\/wp\/v2\/product_brand?post=46514"},{"taxonomy":"product_cat","embeddable":true,"href":"https:\/\/old.holyland-olivewood.com\/de\/wp-json\/wp\/v2\/product_cat?post=46514"},{"taxonomy":"product_tag","embeddable":true,"href":"https:\/\/old.holyland-olivewood.com\/de\/wp-json\/wp\/v2\/product_tag?post=46514"}],"curies":[{"name":"wp","href":"https:\/\/api.w.org\/{rel}","templated":true}]}}