{"id":45912,"date":"2016-05-30T21:47:17","date_gmt":"2022-02-11T11:24:45","guid":{"rendered":"https:\/\/old.holyland-olivewood.com\/product\/weihrauch-aus-dem-heiligen-land-ot107\/"},"modified":"2022-02-11T11:24:45","modified_gmt":"2022-02-11T11:24:45","slug":"weihrauch-des-heiligen-landes","status":"publish","type":"product","link":"https:\/\/old.holyland-olivewood.com\/de\/produkt\/weihrauch-des-heiligen-landes\/","title":{"rendered":"Weihrauch aus dem Heiligen Land #OT107"},"content":{"rendered":"","protected":false},"excerpt":{"rendered":"<p>Dieser Weihrauch des Heiligen Landes kommt in einem sch\u00f6nen Paket, das drei verschiedene Arten von Weihrauch und zehn abgerundete St\u00fccke Holzkohle enth\u00e4lt, um den Weihrauch zu verbrennen.<br \/>\nJede Packung enth\u00e4lt 20 Gramm Weihrauch.<\/p>\n","protected":false},"featured_media":32547,"template":"","meta":[],"product_brand":[],"product_cat":[1793,1796],"product_tag":[945,778,1806,1829,1831,1799,926,872,1217,1210,1188,879,838,1811,852,4078,844,1815,865,961,922,900,894,1827,887,1833,807,822,968,1832,1823,816,827,1803,1819],"class_list":{"0":"post-45912","1":"product","2":"type-product","3":"status-publish","4":"has-post-thumbnail","6":"product_cat-verschiedenes","7":"product_cat-sonstiges","8":"product_tag-af-de","9":"product_tag-betlehem-de","10":"product_tag-christus-de","11":"product_tag-dornen","12":"product_tag-echt-de","13":"product_tag-fluss","14":"product_tag-foedselskirken","15":"product_tag-gab","16":"product_tag-garnitur","17":"product_tag-geschenke","18":"product_tag-haandlavet-de","19":"product_tag-haandvaerk","20":"product_tag-hellig-de","21":"product_tag-herz","22":"product_tag-jerusalem-de","23":"product_tag-jesus-de-2","24":"product_tag-jord-de","25":"product_tag-jordanien-de","26":"product_tag-juli","27":"product_tag-katolsk-de","28":"product_tag-kirke-de","29":"product_tag-kors-de","30":"product_tag-kristen-de","31":"product_tag-krone-de","32":"product_tag-kunsthaandvaerk","33":"product_tag-ol","34":"product_tag-oliv","35":"product_tag-oliventrae-de","36":"product_tag-ortodoks-de","37":"product_tag-salbung","38":"product_tag-segen","39":"product_tag-trae-de","40":"product_tag-udskaering-de","41":"product_tag-wasser","42":"product_tag-weihrauch","44":"first","45":"outofstock","46":"shipping-taxable","47":"purchasable","48":"product-type-simple"},"yoast_head":"<!-- This site is optimized with the Yoast SEO plugin v24.8.1 - https:\/\/yoast.com\/wordpress\/plugins\/seo\/ -->\n<title>Weihrauch aus dem Heiligen Land #OT107 - Holy Land Olive Wood - Bethlehem Olive Wood Factory<\/title>\n<meta name=\"description\" content=\"Bethlehem Olivenholz Kunsthandwerk (dh Oliven\u00f6l Seife, Wasser, Herz) Stift-Rohlinge Schnitzereien, Olivenholz, &amp; Rohbestand in Standard- und kundenspezifischen Abmessungen\" \/>\n<meta name=\"robots\" content=\"index, follow, max-snippet:-1, max-image-preview:large, max-video-preview:-1\" \/>\n<link rel=\"canonical\" href=\"https:\/\/old.holyland-olivewood.com\/de\/produkt\/weihrauch-des-heiligen-landes\/\" \/>\n<meta property=\"og:locale\" content=\"de_DE\" \/>\n<meta property=\"og:type\" content=\"article\" \/>\n<meta property=\"og:title\" content=\"Weihrauch aus dem Heiligen Land #OT107 - Holy Land Olive Wood - Bethlehem Olive Wood Factory\" \/>\n<meta property=\"og:description\" content=\"Bethlehem Olivenholz Kunsthandwerk (dh Oliven\u00f6l Seife, Wasser, Herz) Stift-Rohlinge Schnitzereien, Olivenholz, &amp; Rohbestand in Standard- und kundenspezifischen Abmessungen\" \/>\n<meta property=\"og:url\" content=\"https:\/\/old.holyland-olivewood.com\/de\/produkt\/weihrauch-des-heiligen-landes\/\" \/>\n<meta property=\"og:site_name\" content=\"Holy Land Olive Wood - Bethlehem Olive Wood Factory\" \/>\n<meta property=\"article:publisher\" content=\"https:\/\/www.facebook.com\/holylandolivewood.bethlehem\/\" \/>\n<meta property=\"og:image\" content=\"https:\/\/old.holyland-olivewood.com\/wp-content\/uploads\/2016\/05\/incense_holy_land_olive_wood_bethlehem_ot107.jpg\" \/>\n\t<meta property=\"og:image:width\" content=\"1550\" \/>\n\t<meta property=\"og:image:height\" content=\"1200\" \/>\n\t<meta property=\"og:image:type\" content=\"image\/jpeg\" \/>\n<meta name=\"twitter:card\" content=\"summary_large_image\" \/>\n<script type=\"application\/ld+json\" class=\"yoast-schema-graph\">{\"@context\":\"https:\/\/schema.org\",\"@graph\":[{\"@type\":\"WebPage\",\"@id\":\"https:\/\/old.holyland-olivewood.com\/de\/produkt\/weihrauch-des-heiligen-landes\/\",\"url\":\"https:\/\/old.holyland-olivewood.com\/de\/produkt\/weihrauch-des-heiligen-landes\/\",\"name\":\"Weihrauch aus dem Heiligen Land #OT107 - Holy Land Olive Wood - Bethlehem Olive Wood Factory\",\"isPartOf\":{\"@id\":\"https:\/\/old.holyland-olivewood.com\/de\/#website\"},\"primaryImageOfPage\":{\"@id\":\"https:\/\/old.holyland-olivewood.com\/de\/produkt\/weihrauch-des-heiligen-landes\/#primaryimage\"},\"image\":{\"@id\":\"https:\/\/old.holyland-olivewood.com\/de\/produkt\/weihrauch-des-heiligen-landes\/#primaryimage\"},\"thumbnailUrl\":\"https:\/\/old.holyland-olivewood.com\/wp-content\/uploads\/2016\/05\/incense_holy_land_olive_wood_bethlehem_ot107.jpg\",\"datePublished\":\"2022-02-11T11:24:45+00:00\",\"description\":\"Bethlehem Olivenholz Kunsthandwerk (dh Oliven\u00f6l Seife, Wasser, Herz) Stift-Rohlinge Schnitzereien, Olivenholz, & Rohbestand in Standard- und kundenspezifischen Abmessungen\",\"breadcrumb\":{\"@id\":\"https:\/\/old.holyland-olivewood.com\/de\/produkt\/weihrauch-des-heiligen-landes\/#breadcrumb\"},\"inLanguage\":\"de\",\"potentialAction\":[{\"@type\":\"ReadAction\",\"target\":[\"https:\/\/old.holyland-olivewood.com\/de\/produkt\/weihrauch-des-heiligen-landes\/\"]}]},{\"@type\":\"ImageObject\",\"inLanguage\":\"de\",\"@id\":\"https:\/\/old.holyland-olivewood.com\/de\/produkt\/weihrauch-des-heiligen-landes\/#primaryimage\",\"url\":\"https:\/\/old.holyland-olivewood.com\/wp-content\/uploads\/2016\/05\/incense_holy_land_olive_wood_bethlehem_ot107.jpg\",\"contentUrl\":\"https:\/\/old.holyland-olivewood.com\/wp-content\/uploads\/2016\/05\/incense_holy_land_olive_wood_bethlehem_ot107.jpg\",\"width\":1550,\"height\":1200},{\"@type\":\"BreadcrumbList\",\"@id\":\"https:\/\/old.holyland-olivewood.com\/de\/produkt\/weihrauch-des-heiligen-landes\/#breadcrumb\",\"itemListElement\":[{\"@type\":\"ListItem\",\"position\":1,\"name\":\"Home\",\"item\":\"https:\/\/old.holyland-olivewood.com\/de\/\"},{\"@type\":\"ListItem\",\"position\":2,\"name\":\"Shop\",\"item\":\"https:\/\/old.holyland-olivewood.com\/de\/shop\/\"},{\"@type\":\"ListItem\",\"position\":3,\"name\":\"Weihrauch aus dem Heiligen Land #OT107\"}]},{\"@type\":\"WebSite\",\"@id\":\"https:\/\/old.holyland-olivewood.com\/de\/#website\",\"url\":\"https:\/\/old.holyland-olivewood.com\/de\/\",\"name\":\"Holy Land Olive Wood - Bethlehem Olive Wood Factory\",\"description\":\"Holy Land Olivewood Bethlehem\",\"publisher\":{\"@id\":\"https:\/\/old.holyland-olivewood.com\/de\/#organization\"},\"potentialAction\":[{\"@type\":\"SearchAction\",\"target\":{\"@type\":\"EntryPoint\",\"urlTemplate\":\"https:\/\/old.holyland-olivewood.com\/de\/?s={search_term_string}\"},\"query-input\":{\"@type\":\"PropertyValueSpecification\",\"valueRequired\":true,\"valueName\":\"search_term_string\"}}],\"inLanguage\":\"de\"},{\"@type\":\"Organization\",\"@id\":\"https:\/\/old.holyland-olivewood.com\/de\/#organization\",\"name\":\"Holy Land Olivewood\",\"url\":\"https:\/\/old.holyland-olivewood.com\/de\/\",\"logo\":{\"@type\":\"ImageObject\",\"inLanguage\":\"de\",\"@id\":\"https:\/\/old.holyland-olivewood.com\/de\/#\/schema\/logo\/image\/\",\"url\":\"\",\"contentUrl\":\"\",\"caption\":\"Holy Land Olivewood\"},\"image\":{\"@id\":\"https:\/\/old.holyland-olivewood.com\/de\/#\/schema\/logo\/image\/\"},\"sameAs\":[\"https:\/\/www.facebook.com\/holylandolivewood.bethlehem\/\",\"http:\/\/instagram.com\/holy.land.olive.wood\"]}]}<\/script>\n<!-- \/ Yoast SEO plugin. -->","yoast_head_json":{"title":"Weihrauch aus dem Heiligen Land #OT107 - Holy Land Olive Wood - Bethlehem Olive Wood Factory","description":"Bethlehem Olivenholz Kunsthandwerk (dh Oliven\u00f6l Seife, Wasser, Herz) Stift-Rohlinge Schnitzereien, Olivenholz, & Rohbestand in Standard- und kundenspezifischen Abmessungen","robots":{"index":"index","follow":"follow","max-snippet":"max-snippet:-1","max-image-preview":"max-image-preview:large","max-video-preview":"max-video-preview:-1"},"canonical":"https:\/\/old.holyland-olivewood.com\/de\/produkt\/weihrauch-des-heiligen-landes\/","og_locale":"de_DE","og_type":"article","og_title":"Weihrauch aus dem Heiligen Land #OT107 - Holy Land Olive Wood - Bethlehem Olive Wood Factory","og_description":"Bethlehem Olivenholz Kunsthandwerk (dh Oliven\u00f6l Seife, Wasser, Herz) Stift-Rohlinge Schnitzereien, Olivenholz, & Rohbestand in Standard- und kundenspezifischen Abmessungen","og_url":"https:\/\/old.holyland-olivewood.com\/de\/produkt\/weihrauch-des-heiligen-landes\/","og_site_name":"Holy Land Olive Wood - Bethlehem Olive Wood Factory","article_publisher":"https:\/\/www.facebook.com\/holylandolivewood.bethlehem\/","og_image":[{"width":1550,"height":1200,"url":"https:\/\/old.holyland-olivewood.com\/wp-content\/uploads\/2016\/05\/incense_holy_land_olive_wood_bethlehem_ot107.jpg","type":"image\/jpeg"}],"twitter_card":"summary_large_image","schema":{"@context":"https:\/\/schema.org","@graph":[{"@type":"WebPage","@id":"https:\/\/old.holyland-olivewood.com\/de\/produkt\/weihrauch-des-heiligen-landes\/","url":"https:\/\/old.holyland-olivewood.com\/de\/produkt\/weihrauch-des-heiligen-landes\/","name":"Weihrauch aus dem Heiligen Land #OT107 - Holy Land Olive Wood - Bethlehem Olive Wood Factory","isPartOf":{"@id":"https:\/\/old.holyland-olivewood.com\/de\/#website"},"primaryImageOfPage":{"@id":"https:\/\/old.holyland-olivewood.com\/de\/produkt\/weihrauch-des-heiligen-landes\/#primaryimage"},"image":{"@id":"https:\/\/old.holyland-olivewood.com\/de\/produkt\/weihrauch-des-heiligen-landes\/#primaryimage"},"thumbnailUrl":"https:\/\/old.holyland-olivewood.com\/wp-content\/uploads\/2016\/05\/incense_holy_land_olive_wood_bethlehem_ot107.jpg","datePublished":"2022-02-11T11:24:45+00:00","description":"Bethlehem Olivenholz Kunsthandwerk (dh Oliven\u00f6l Seife, Wasser, Herz) Stift-Rohlinge Schnitzereien, Olivenholz, & Rohbestand in Standard- und kundenspezifischen Abmessungen","breadcrumb":{"@id":"https:\/\/old.holyland-olivewood.com\/de\/produkt\/weihrauch-des-heiligen-landes\/#breadcrumb"},"inLanguage":"de","potentialAction":[{"@type":"ReadAction","target":["https:\/\/old.holyland-olivewood.com\/de\/produkt\/weihrauch-des-heiligen-landes\/"]}]},{"@type":"ImageObject","inLanguage":"de","@id":"https:\/\/old.holyland-olivewood.com\/de\/produkt\/weihrauch-des-heiligen-landes\/#primaryimage","url":"https:\/\/old.holyland-olivewood.com\/wp-content\/uploads\/2016\/05\/incense_holy_land_olive_wood_bethlehem_ot107.jpg","contentUrl":"https:\/\/old.holyland-olivewood.com\/wp-content\/uploads\/2016\/05\/incense_holy_land_olive_wood_bethlehem_ot107.jpg","width":1550,"height":1200},{"@type":"BreadcrumbList","@id":"https:\/\/old.holyland-olivewood.com\/de\/produkt\/weihrauch-des-heiligen-landes\/#breadcrumb","itemListElement":[{"@type":"ListItem","position":1,"name":"Home","item":"https:\/\/old.holyland-olivewood.com\/de\/"},{"@type":"ListItem","position":2,"name":"Shop","item":"https:\/\/old.holyland-olivewood.com\/de\/shop\/"},{"@type":"ListItem","position":3,"name":"Weihrauch aus dem Heiligen Land #OT107"}]},{"@type":"WebSite","@id":"https:\/\/old.holyland-olivewood.com\/de\/#website","url":"https:\/\/old.holyland-olivewood.com\/de\/","name":"Holy Land Olive Wood - Bethlehem Olive Wood Factory","description":"Holy Land Olivewood Bethlehem","publisher":{"@id":"https:\/\/old.holyland-olivewood.com\/de\/#organization"},"potentialAction":[{"@type":"SearchAction","target":{"@type":"EntryPoint","urlTemplate":"https:\/\/old.holyland-olivewood.com\/de\/?s={search_term_string}"},"query-input":{"@type":"PropertyValueSpecification","valueRequired":true,"valueName":"search_term_string"}}],"inLanguage":"de"},{"@type":"Organization","@id":"https:\/\/old.holyland-olivewood.com\/de\/#organization","name":"Holy Land Olivewood","url":"https:\/\/old.holyland-olivewood.com\/de\/","logo":{"@type":"ImageObject","inLanguage":"de","@id":"https:\/\/old.holyland-olivewood.com\/de\/#\/schema\/logo\/image\/","url":"","contentUrl":"","caption":"Holy Land Olivewood"},"image":{"@id":"https:\/\/old.holyland-olivewood.com\/de\/#\/schema\/logo\/image\/"},"sameAs":["https:\/\/www.facebook.com\/holylandolivewood.bethlehem\/","http:\/\/instagram.com\/holy.land.olive.wood"]}]}},"_links":{"self":[{"href":"https:\/\/old.holyland-olivewood.com\/de\/wp-json\/wp\/v2\/product\/45912","targetHints":{"allow":["GET"]}}],"collection":[{"href":"https:\/\/old.holyland-olivewood.com\/de\/wp-json\/wp\/v2\/product"}],"about":[{"href":"https:\/\/old.holyland-olivewood.com\/de\/wp-json\/wp\/v2\/types\/product"}],"wp:featuredmedia":[{"embeddable":true,"href":"https:\/\/old.holyland-olivewood.com\/de\/wp-json\/wp\/v2\/media\/32547"}],"wp:attachment":[{"href":"https:\/\/old.holyland-olivewood.com\/de\/wp-json\/wp\/v2\/media?parent=45912"}],"wp:term":[{"taxonomy":"product_brand","embeddable":true,"href":"https:\/\/old.holyland-olivewood.com\/de\/wp-json\/wp\/v2\/product_brand?post=45912"},{"taxonomy":"product_cat","embeddable":true,"href":"https:\/\/old.holyland-olivewood.com\/de\/wp-json\/wp\/v2\/product_cat?post=45912"},{"taxonomy":"product_tag","embeddable":true,"href":"https:\/\/old.holyland-olivewood.com\/de\/wp-json\/wp\/v2\/product_tag?post=45912"}],"curies":[{"name":"wp","href":"https:\/\/api.w.org\/{rel}","templated":true}]}}