{"id":45582,"date":"2016-05-30T23:03:59","date_gmt":"2022-02-11T09:05:37","guid":{"rendered":"https:\/\/old.holyland-olivewood.com\/product\/handgespannter-rosenkranz-aus-einfachem-olivenholz-r101\/"},"modified":"2022-02-11T09:05:37","modified_gmt":"2022-02-11T09:05:37","slug":"handbespannter-schlichter-oliv-holzerner-rosenkranz","status":"publish","type":"product","link":"https:\/\/old.holyland-olivewood.com\/de\/produkt\/handbespannter-schlichter-oliv-holzerner-rosenkranz\/","title":{"rendered":"Handgespannter Rosenkranz aus einfachem Olivenholz #R101"},"content":{"rendered":"","protected":false},"excerpt":{"rendered":"<p>Dieses Kreuz ist eine exakte Nachbildung der ersten handgefertigten Rosenkr\u00e4nze, die in Bethlehem hergestellt wurden. Sein einfaches Design geht auf viele Jahrhunderte zur\u00fcck, als Christen zum ersten Mal nach Bethlehem pilgerten und Souvenirs suchten, die sie mit nach Hause nehmen konnten. Daher hat dieses St\u00fcck zusammen mit unserem Plain Olive Wood Cross und Plain Orthodox Olive Wood Cross den Olivenholz-Handwerkssektor in Bethlehem geschaffen.<\/p>\n<p>HINWEIS: Holy Land Olivewood stellt die Perlen und das Kreuz f\u00fcr diesen Rosenkranz im eigenen Haus her. Wir liefern diese Materialien dann zusammen mit Schnur an einzelne Haushalte, wo \u00e4ltere, arme und behinderte Menschen handgebunden sind und verpacken sie f\u00fcr uns gegen eine faire Entsch\u00e4digung. Dieser Prozess wird seit fast einem Jahrhundert von Holy Land Olivewood praktiziert und erm\u00f6glicht es uns, den Menschen in Bethlehem etwas zur\u00fcckzugeben, indem wir sicherstellen, dass 28 bed\u00fcrftige Haushalte eine nachhaltige Einkommensquelle haben.<\/p>\n<p>Dieser Artikel enth\u00e4lt ein Echtheitszertifikat, das die zur Herstellung dieses Produkts verwendeten Materialien und Techniken \u00fcberpr\u00fcft.<\/p>\n<p>Gr\u00f6\u00dfe: 35 cm (14&#8243;)<\/p>\n","protected":false},"featured_media":28501,"template":"","meta":[],"product_brand":[],"product_cat":[775,2248],"product_tag":[945,1797,778,2253,2277,1799,926,872,1210,2251,2274,1188,879,838,852,844,865,961,922,2260,900,894,909,887,935,807,822,968,952,2271,2266,859,784,2262,2268,816,2257,827,2255],"class_list":{"0":"post-45582","1":"product","2":"type-product","3":"status-publish","4":"has-post-thumbnail","6":"product_cat-kunsthaandvaerk","7":"product_cat-rosenkranze","8":"product_tag-af-de","9":"product_tag-betend","10":"product_tag-betlehem-de","11":"product_tag-blutenblatt","12":"product_tag-einfach","13":"product_tag-fluss","14":"product_tag-foedselskirken","15":"product_tag-gab","16":"product_tag-geschenke","17":"product_tag-gott","18":"product_tag-hamatit","19":"product_tag-haandlavet-de","20":"product_tag-haandvaerk","21":"product_tag-hellig-de","22":"product_tag-jerusalem-de","23":"product_tag-jord-de","24":"product_tag-juli","25":"product_tag-katolsk-de","26":"product_tag-kirke-de","27":"product_tag-koralle","28":"product_tag-kors-de","29":"product_tag-kristen-de","30":"product_tag-krucifiks-de","31":"product_tag-kunsthaandvaerk","32":"product_tag-mor-de","33":"product_tag-oliv","34":"product_tag-oliventrae-de","35":"product_tag-ortodoks-de","36":"product_tag-perle-de","37":"product_tag-plattiert","38":"product_tag-rosa","39":"product_tag-rosenkrans-de","40":"product_tag-rosenkranse-de","41":"product_tag-rot","42":"product_tag-silber","43":"product_tag-trae-de","44":"product_tag-turkis","45":"product_tag-udskaering-de","46":"product_tag-wand","48":"first","49":"instock","50":"shipping-taxable","51":"purchasable","52":"product-type-simple"},"yoast_head":"<!-- This site is optimized with the Yoast SEO plugin v24.8.1 - https:\/\/yoast.com\/wordpress\/plugins\/seo\/ -->\n<title>Handgespannter Rosenkranz aus einfachem Olivenholz #R101 - Holy Land Olive Wood - Bethlehem Olive Wood Factory<\/title>\n<meta name=\"description\" content=\"Bethlehem Olivenholz Kunsthandwerk (dh Rosenkr\u00e4nze, Ornamente, Magnete, Perlen) Stift-Rohlinge Schnitzereien, Platten, Bl\u00f6cke und Rohmaterial in Standard- und kundenspezifischen Abmessungen\" \/>\n<meta name=\"robots\" content=\"index, follow, max-snippet:-1, max-image-preview:large, max-video-preview:-1\" \/>\n<link rel=\"canonical\" href=\"https:\/\/old.holyland-olivewood.com\/de\/produkt\/handbespannter-schlichter-oliv-holzerner-rosenkranz\/\" \/>\n<meta property=\"og:locale\" content=\"de_DE\" \/>\n<meta property=\"og:type\" content=\"article\" \/>\n<meta property=\"og:title\" content=\"Handgespannter Rosenkranz aus einfachem Olivenholz #R101 - Holy Land Olive Wood - Bethlehem Olive Wood Factory\" \/>\n<meta property=\"og:description\" content=\"Bethlehem Olivenholz Kunsthandwerk (dh Rosenkr\u00e4nze, Ornamente, Magnete, Perlen) Stift-Rohlinge Schnitzereien, Platten, Bl\u00f6cke und Rohmaterial in Standard- und kundenspezifischen Abmessungen\" \/>\n<meta property=\"og:url\" content=\"https:\/\/old.holyland-olivewood.com\/de\/produkt\/handbespannter-schlichter-oliv-holzerner-rosenkranz\/\" \/>\n<meta property=\"og:site_name\" content=\"Holy Land Olive Wood - Bethlehem Olive Wood Factory\" \/>\n<meta property=\"article:publisher\" content=\"https:\/\/www.facebook.com\/holylandolivewood.bethlehem\/\" \/>\n<meta property=\"og:image\" content=\"https:\/\/old.holyland-olivewood.com\/wp-content\/uploads\/2016\/05\/rosaries_holy_land_olive_wood_bethlehem_r101.jpg\" \/>\n\t<meta property=\"og:image:width\" content=\"1550\" \/>\n\t<meta property=\"og:image:height\" content=\"1200\" \/>\n\t<meta property=\"og:image:type\" content=\"image\/jpeg\" \/>\n<meta name=\"twitter:card\" content=\"summary_large_image\" \/>\n<script type=\"application\/ld+json\" class=\"yoast-schema-graph\">{\"@context\":\"https:\/\/schema.org\",\"@graph\":[{\"@type\":\"WebPage\",\"@id\":\"https:\/\/old.holyland-olivewood.com\/de\/produkt\/handbespannter-schlichter-oliv-holzerner-rosenkranz\/\",\"url\":\"https:\/\/old.holyland-olivewood.com\/de\/produkt\/handbespannter-schlichter-oliv-holzerner-rosenkranz\/\",\"name\":\"Handgespannter Rosenkranz aus einfachem Olivenholz #R101 - Holy Land Olive Wood - Bethlehem Olive Wood Factory\",\"isPartOf\":{\"@id\":\"https:\/\/old.holyland-olivewood.com\/de\/#website\"},\"primaryImageOfPage\":{\"@id\":\"https:\/\/old.holyland-olivewood.com\/de\/produkt\/handbespannter-schlichter-oliv-holzerner-rosenkranz\/#primaryimage\"},\"image\":{\"@id\":\"https:\/\/old.holyland-olivewood.com\/de\/produkt\/handbespannter-schlichter-oliv-holzerner-rosenkranz\/#primaryimage\"},\"thumbnailUrl\":\"https:\/\/old.holyland-olivewood.com\/wp-content\/uploads\/2016\/05\/rosaries_holy_land_olive_wood_bethlehem_r101.jpg\",\"datePublished\":\"2022-02-11T09:05:37+00:00\",\"description\":\"Bethlehem Olivenholz Kunsthandwerk (dh Rosenkr\u00e4nze, Ornamente, Magnete, Perlen) Stift-Rohlinge Schnitzereien, Platten, Bl\u00f6cke und Rohmaterial in Standard- und kundenspezifischen Abmessungen\",\"breadcrumb\":{\"@id\":\"https:\/\/old.holyland-olivewood.com\/de\/produkt\/handbespannter-schlichter-oliv-holzerner-rosenkranz\/#breadcrumb\"},\"inLanguage\":\"de\",\"potentialAction\":[{\"@type\":\"ReadAction\",\"target\":[\"https:\/\/old.holyland-olivewood.com\/de\/produkt\/handbespannter-schlichter-oliv-holzerner-rosenkranz\/\"]}]},{\"@type\":\"ImageObject\",\"inLanguage\":\"de\",\"@id\":\"https:\/\/old.holyland-olivewood.com\/de\/produkt\/handbespannter-schlichter-oliv-holzerner-rosenkranz\/#primaryimage\",\"url\":\"https:\/\/old.holyland-olivewood.com\/wp-content\/uploads\/2016\/05\/rosaries_holy_land_olive_wood_bethlehem_r101.jpg\",\"contentUrl\":\"https:\/\/old.holyland-olivewood.com\/wp-content\/uploads\/2016\/05\/rosaries_holy_land_olive_wood_bethlehem_r101.jpg\",\"width\":1550,\"height\":1200},{\"@type\":\"BreadcrumbList\",\"@id\":\"https:\/\/old.holyland-olivewood.com\/de\/produkt\/handbespannter-schlichter-oliv-holzerner-rosenkranz\/#breadcrumb\",\"itemListElement\":[{\"@type\":\"ListItem\",\"position\":1,\"name\":\"Home\",\"item\":\"https:\/\/old.holyland-olivewood.com\/de\/\"},{\"@type\":\"ListItem\",\"position\":2,\"name\":\"Shop\",\"item\":\"https:\/\/old.holyland-olivewood.com\/de\/shop\/\"},{\"@type\":\"ListItem\",\"position\":3,\"name\":\"Handgespannter Rosenkranz aus einfachem Olivenholz #R101\"}]},{\"@type\":\"WebSite\",\"@id\":\"https:\/\/old.holyland-olivewood.com\/de\/#website\",\"url\":\"https:\/\/old.holyland-olivewood.com\/de\/\",\"name\":\"Holy Land Olive Wood - Bethlehem Olive Wood Factory\",\"description\":\"Holy Land Olivewood Bethlehem\",\"publisher\":{\"@id\":\"https:\/\/old.holyland-olivewood.com\/de\/#organization\"},\"potentialAction\":[{\"@type\":\"SearchAction\",\"target\":{\"@type\":\"EntryPoint\",\"urlTemplate\":\"https:\/\/old.holyland-olivewood.com\/de\/?s={search_term_string}\"},\"query-input\":{\"@type\":\"PropertyValueSpecification\",\"valueRequired\":true,\"valueName\":\"search_term_string\"}}],\"inLanguage\":\"de\"},{\"@type\":\"Organization\",\"@id\":\"https:\/\/old.holyland-olivewood.com\/de\/#organization\",\"name\":\"Holy Land Olivewood\",\"url\":\"https:\/\/old.holyland-olivewood.com\/de\/\",\"logo\":{\"@type\":\"ImageObject\",\"inLanguage\":\"de\",\"@id\":\"https:\/\/old.holyland-olivewood.com\/de\/#\/schema\/logo\/image\/\",\"url\":\"\",\"contentUrl\":\"\",\"caption\":\"Holy Land Olivewood\"},\"image\":{\"@id\":\"https:\/\/old.holyland-olivewood.com\/de\/#\/schema\/logo\/image\/\"},\"sameAs\":[\"https:\/\/www.facebook.com\/holylandolivewood.bethlehem\/\",\"http:\/\/instagram.com\/holy.land.olive.wood\"]}]}<\/script>\n<!-- \/ Yoast SEO plugin. -->","yoast_head_json":{"title":"Handgespannter Rosenkranz aus einfachem Olivenholz #R101 - Holy Land Olive Wood - Bethlehem Olive Wood Factory","description":"Bethlehem Olivenholz Kunsthandwerk (dh Rosenkr\u00e4nze, Ornamente, Magnete, Perlen) Stift-Rohlinge Schnitzereien, Platten, Bl\u00f6cke und Rohmaterial in Standard- und kundenspezifischen Abmessungen","robots":{"index":"index","follow":"follow","max-snippet":"max-snippet:-1","max-image-preview":"max-image-preview:large","max-video-preview":"max-video-preview:-1"},"canonical":"https:\/\/old.holyland-olivewood.com\/de\/produkt\/handbespannter-schlichter-oliv-holzerner-rosenkranz\/","og_locale":"de_DE","og_type":"article","og_title":"Handgespannter Rosenkranz aus einfachem Olivenholz #R101 - Holy Land Olive Wood - Bethlehem Olive Wood Factory","og_description":"Bethlehem Olivenholz Kunsthandwerk (dh Rosenkr\u00e4nze, Ornamente, Magnete, Perlen) Stift-Rohlinge Schnitzereien, Platten, Bl\u00f6cke und Rohmaterial in Standard- und kundenspezifischen Abmessungen","og_url":"https:\/\/old.holyland-olivewood.com\/de\/produkt\/handbespannter-schlichter-oliv-holzerner-rosenkranz\/","og_site_name":"Holy Land Olive Wood - Bethlehem Olive Wood Factory","article_publisher":"https:\/\/www.facebook.com\/holylandolivewood.bethlehem\/","og_image":[{"width":1550,"height":1200,"url":"https:\/\/old.holyland-olivewood.com\/wp-content\/uploads\/2016\/05\/rosaries_holy_land_olive_wood_bethlehem_r101.jpg","type":"image\/jpeg"}],"twitter_card":"summary_large_image","schema":{"@context":"https:\/\/schema.org","@graph":[{"@type":"WebPage","@id":"https:\/\/old.holyland-olivewood.com\/de\/produkt\/handbespannter-schlichter-oliv-holzerner-rosenkranz\/","url":"https:\/\/old.holyland-olivewood.com\/de\/produkt\/handbespannter-schlichter-oliv-holzerner-rosenkranz\/","name":"Handgespannter Rosenkranz aus einfachem Olivenholz #R101 - Holy Land Olive Wood - Bethlehem Olive Wood Factory","isPartOf":{"@id":"https:\/\/old.holyland-olivewood.com\/de\/#website"},"primaryImageOfPage":{"@id":"https:\/\/old.holyland-olivewood.com\/de\/produkt\/handbespannter-schlichter-oliv-holzerner-rosenkranz\/#primaryimage"},"image":{"@id":"https:\/\/old.holyland-olivewood.com\/de\/produkt\/handbespannter-schlichter-oliv-holzerner-rosenkranz\/#primaryimage"},"thumbnailUrl":"https:\/\/old.holyland-olivewood.com\/wp-content\/uploads\/2016\/05\/rosaries_holy_land_olive_wood_bethlehem_r101.jpg","datePublished":"2022-02-11T09:05:37+00:00","description":"Bethlehem Olivenholz Kunsthandwerk (dh Rosenkr\u00e4nze, Ornamente, Magnete, Perlen) Stift-Rohlinge Schnitzereien, Platten, Bl\u00f6cke und Rohmaterial in Standard- und kundenspezifischen Abmessungen","breadcrumb":{"@id":"https:\/\/old.holyland-olivewood.com\/de\/produkt\/handbespannter-schlichter-oliv-holzerner-rosenkranz\/#breadcrumb"},"inLanguage":"de","potentialAction":[{"@type":"ReadAction","target":["https:\/\/old.holyland-olivewood.com\/de\/produkt\/handbespannter-schlichter-oliv-holzerner-rosenkranz\/"]}]},{"@type":"ImageObject","inLanguage":"de","@id":"https:\/\/old.holyland-olivewood.com\/de\/produkt\/handbespannter-schlichter-oliv-holzerner-rosenkranz\/#primaryimage","url":"https:\/\/old.holyland-olivewood.com\/wp-content\/uploads\/2016\/05\/rosaries_holy_land_olive_wood_bethlehem_r101.jpg","contentUrl":"https:\/\/old.holyland-olivewood.com\/wp-content\/uploads\/2016\/05\/rosaries_holy_land_olive_wood_bethlehem_r101.jpg","width":1550,"height":1200},{"@type":"BreadcrumbList","@id":"https:\/\/old.holyland-olivewood.com\/de\/produkt\/handbespannter-schlichter-oliv-holzerner-rosenkranz\/#breadcrumb","itemListElement":[{"@type":"ListItem","position":1,"name":"Home","item":"https:\/\/old.holyland-olivewood.com\/de\/"},{"@type":"ListItem","position":2,"name":"Shop","item":"https:\/\/old.holyland-olivewood.com\/de\/shop\/"},{"@type":"ListItem","position":3,"name":"Handgespannter Rosenkranz aus einfachem Olivenholz #R101"}]},{"@type":"WebSite","@id":"https:\/\/old.holyland-olivewood.com\/de\/#website","url":"https:\/\/old.holyland-olivewood.com\/de\/","name":"Holy Land Olive Wood - Bethlehem Olive Wood Factory","description":"Holy Land Olivewood Bethlehem","publisher":{"@id":"https:\/\/old.holyland-olivewood.com\/de\/#organization"},"potentialAction":[{"@type":"SearchAction","target":{"@type":"EntryPoint","urlTemplate":"https:\/\/old.holyland-olivewood.com\/de\/?s={search_term_string}"},"query-input":{"@type":"PropertyValueSpecification","valueRequired":true,"valueName":"search_term_string"}}],"inLanguage":"de"},{"@type":"Organization","@id":"https:\/\/old.holyland-olivewood.com\/de\/#organization","name":"Holy Land Olivewood","url":"https:\/\/old.holyland-olivewood.com\/de\/","logo":{"@type":"ImageObject","inLanguage":"de","@id":"https:\/\/old.holyland-olivewood.com\/de\/#\/schema\/logo\/image\/","url":"","contentUrl":"","caption":"Holy Land Olivewood"},"image":{"@id":"https:\/\/old.holyland-olivewood.com\/de\/#\/schema\/logo\/image\/"},"sameAs":["https:\/\/www.facebook.com\/holylandolivewood.bethlehem\/","http:\/\/instagram.com\/holy.land.olive.wood"]}]}},"_links":{"self":[{"href":"https:\/\/old.holyland-olivewood.com\/de\/wp-json\/wp\/v2\/product\/45582","targetHints":{"allow":["GET"]}}],"collection":[{"href":"https:\/\/old.holyland-olivewood.com\/de\/wp-json\/wp\/v2\/product"}],"about":[{"href":"https:\/\/old.holyland-olivewood.com\/de\/wp-json\/wp\/v2\/types\/product"}],"wp:featuredmedia":[{"embeddable":true,"href":"https:\/\/old.holyland-olivewood.com\/de\/wp-json\/wp\/v2\/media\/28501"}],"wp:attachment":[{"href":"https:\/\/old.holyland-olivewood.com\/de\/wp-json\/wp\/v2\/media?parent=45582"}],"wp:term":[{"taxonomy":"product_brand","embeddable":true,"href":"https:\/\/old.holyland-olivewood.com\/de\/wp-json\/wp\/v2\/product_brand?post=45582"},{"taxonomy":"product_cat","embeddable":true,"href":"https:\/\/old.holyland-olivewood.com\/de\/wp-json\/wp\/v2\/product_cat?post=45582"},{"taxonomy":"product_tag","embeddable":true,"href":"https:\/\/old.holyland-olivewood.com\/de\/wp-json\/wp\/v2\/product_tag?post=45582"}],"curies":[{"name":"wp","href":"https:\/\/api.w.org\/{rel}","templated":true}]}}