{"id":45574,"date":"2016-05-30T22:54:58","date_gmt":"2022-02-11T09:05:33","guid":{"rendered":"https:\/\/old.holyland-olivewood.com\/product\/olivenholz-andenken-schmuck-rosenkranz-box-bx102\/"},"modified":"2022-02-11T09:05:33","modified_gmt":"2022-02-11T09:05:33","slug":"olivenholz-schmuckschatulle-2","status":"publish","type":"product","link":"https:\/\/old.holyland-olivewood.com\/de\/produkt\/olivenholz-schmuckschatulle-2\/","title":{"rendered":"Olivenholz Andenken Schmuck \/ Rosenkranz box #BX102"},"content":{"rendered":"","protected":false},"excerpt":{"rendered":"<p>Diese elegante Schmuck- \/ Rosenkranzschachtel wird im Heiligen Land aus nachhaltig geerntetem, authentischem Bethlehem-Olivenholz handgefertigt. Das Holz, aus dem diese Box hergestellt wurde, wurde von Hand ausgew\u00e4hlt, um ein reiches, kontrastreiches Maserungsmuster zu gew\u00e4hrleisten. Es hat auch eine magnetische Dichtung, schwarzes Filzfutter und eine solide Mahagonibasis.<\/p>\n<p>Dieser Artikel enth\u00e4lt ein Echtheitszertifikat, das die zur Herstellung dieses Produkts verwendeten Materialien und Techniken \u00fcberpr\u00fcft.<\/p>\n<p>Gr\u00f6\u00dfe: 7 cm x 8 cm x 5 cm (2.75&#8243; x 3.14&#8243; x 2&#8243;)<\/p>\n","protected":false},"featured_media":38329,"template":"","meta":[],"product_brand":[],"product_cat":[775,1985],"product_tag":[778,1992,872,1188,879,838,852,4078,844,865,894,887,807,822,859,784,1987,816,827],"class_list":{"0":"post-45574","1":"product","2":"type-product","3":"status-publish","4":"has-post-thumbnail","6":"product_cat-kunsthaandvaerk","7":"product_cat-boxen","8":"product_tag-betlehem-de","9":"product_tag-boxen","10":"product_tag-gab","11":"product_tag-haandlavet-de","12":"product_tag-haandvaerk","13":"product_tag-hellig-de","14":"product_tag-jerusalem-de","15":"product_tag-jesus-de-2","16":"product_tag-jord-de","17":"product_tag-juli","18":"product_tag-kristen-de","19":"product_tag-kunsthaandvaerk","20":"product_tag-oliv","21":"product_tag-oliventrae-de","22":"product_tag-rosenkrans-de","23":"product_tag-rosenkranse-de","24":"product_tag-schachtel","25":"product_tag-trae-de","26":"product_tag-udskaering-de","28":"first","29":"instock","30":"shipping-taxable","31":"purchasable","32":"product-type-simple"},"yoast_head":"<!-- This site is optimized with the Yoast SEO plugin v24.8.1 - https:\/\/yoast.com\/wordpress\/plugins\/seo\/ -->\n<title>Olivenholz Andenken Schmuck \/ Rosenkranz box #BX102 - Holy Land Olive Wood - Bethlehem Olive Wood Factory<\/title>\n<meta name=\"description\" content=\"Bethlehem Olivenholz Kunsthandwerk (dh K\u00fcchenutensilien, Boxen, Rosenkr\u00e4nze, Perlen) Stift-Rohlinge Schnitzereien, Platten, Bl\u00f6cke und Rohmaterial in Standard- und kundenspezifischen Abmessungen.\" \/>\n<meta name=\"robots\" content=\"index, follow, max-snippet:-1, max-image-preview:large, max-video-preview:-1\" \/>\n<link rel=\"canonical\" href=\"https:\/\/old.holyland-olivewood.com\/de\/produkt\/olivenholz-schmuckschatulle-2\/\" \/>\n<meta property=\"og:locale\" content=\"de_DE\" \/>\n<meta property=\"og:type\" content=\"article\" \/>\n<meta property=\"og:title\" content=\"Olivenholz Andenken Schmuck \/ Rosenkranz box #BX102 - Holy Land Olive Wood - Bethlehem Olive Wood Factory\" \/>\n<meta property=\"og:description\" content=\"Bethlehem Olivenholz Kunsthandwerk (dh K\u00fcchenutensilien, Boxen, Rosenkr\u00e4nze, Perlen) Stift-Rohlinge Schnitzereien, Platten, Bl\u00f6cke und Rohmaterial in Standard- und kundenspezifischen Abmessungen.\" \/>\n<meta property=\"og:url\" content=\"https:\/\/old.holyland-olivewood.com\/de\/produkt\/olivenholz-schmuckschatulle-2\/\" \/>\n<meta property=\"og:site_name\" content=\"Holy Land Olive Wood - Bethlehem Olive Wood Factory\" \/>\n<meta property=\"article:publisher\" content=\"https:\/\/www.facebook.com\/holylandolivewood.bethlehem\/\" \/>\n<meta property=\"og:image\" content=\"https:\/\/old.holyland-olivewood.com\/wp-content\/uploads\/2016\/05\/boxes_wooden_olive_wood_bethlehem_bo102-1.jpg\" \/>\n\t<meta property=\"og:image:width\" content=\"1550\" \/>\n\t<meta property=\"og:image:height\" content=\"1200\" \/>\n\t<meta property=\"og:image:type\" content=\"image\/jpeg\" \/>\n<meta name=\"twitter:card\" content=\"summary_large_image\" \/>\n<script type=\"application\/ld+json\" class=\"yoast-schema-graph\">{\"@context\":\"https:\/\/schema.org\",\"@graph\":[{\"@type\":\"WebPage\",\"@id\":\"https:\/\/old.holyland-olivewood.com\/de\/produkt\/olivenholz-schmuckschatulle-2\/\",\"url\":\"https:\/\/old.holyland-olivewood.com\/de\/produkt\/olivenholz-schmuckschatulle-2\/\",\"name\":\"Olivenholz Andenken Schmuck \/ Rosenkranz box #BX102 - Holy Land Olive Wood - Bethlehem Olive Wood Factory\",\"isPartOf\":{\"@id\":\"https:\/\/old.holyland-olivewood.com\/de\/#website\"},\"primaryImageOfPage\":{\"@id\":\"https:\/\/old.holyland-olivewood.com\/de\/produkt\/olivenholz-schmuckschatulle-2\/#primaryimage\"},\"image\":{\"@id\":\"https:\/\/old.holyland-olivewood.com\/de\/produkt\/olivenholz-schmuckschatulle-2\/#primaryimage\"},\"thumbnailUrl\":\"https:\/\/old.holyland-olivewood.com\/wp-content\/uploads\/2016\/05\/boxes_wooden_olive_wood_bethlehem_bo102-1.jpg\",\"datePublished\":\"2022-02-11T09:05:33+00:00\",\"description\":\"Bethlehem Olivenholz Kunsthandwerk (dh K\u00fcchenutensilien, Boxen, Rosenkr\u00e4nze, Perlen) Stift-Rohlinge Schnitzereien, Platten, Bl\u00f6cke und Rohmaterial in Standard- und kundenspezifischen Abmessungen.\",\"breadcrumb\":{\"@id\":\"https:\/\/old.holyland-olivewood.com\/de\/produkt\/olivenholz-schmuckschatulle-2\/#breadcrumb\"},\"inLanguage\":\"de\",\"potentialAction\":[{\"@type\":\"ReadAction\",\"target\":[\"https:\/\/old.holyland-olivewood.com\/de\/produkt\/olivenholz-schmuckschatulle-2\/\"]}]},{\"@type\":\"ImageObject\",\"inLanguage\":\"de\",\"@id\":\"https:\/\/old.holyland-olivewood.com\/de\/produkt\/olivenholz-schmuckschatulle-2\/#primaryimage\",\"url\":\"https:\/\/old.holyland-olivewood.com\/wp-content\/uploads\/2016\/05\/boxes_wooden_olive_wood_bethlehem_bo102-1.jpg\",\"contentUrl\":\"https:\/\/old.holyland-olivewood.com\/wp-content\/uploads\/2016\/05\/boxes_wooden_olive_wood_bethlehem_bo102-1.jpg\",\"width\":1550,\"height\":1200},{\"@type\":\"BreadcrumbList\",\"@id\":\"https:\/\/old.holyland-olivewood.com\/de\/produkt\/olivenholz-schmuckschatulle-2\/#breadcrumb\",\"itemListElement\":[{\"@type\":\"ListItem\",\"position\":1,\"name\":\"Home\",\"item\":\"https:\/\/old.holyland-olivewood.com\/de\/\"},{\"@type\":\"ListItem\",\"position\":2,\"name\":\"Shop\",\"item\":\"https:\/\/old.holyland-olivewood.com\/de\/shop\/\"},{\"@type\":\"ListItem\",\"position\":3,\"name\":\"Olivenholz Andenken Schmuck \/ Rosenkranz box #BX102\"}]},{\"@type\":\"WebSite\",\"@id\":\"https:\/\/old.holyland-olivewood.com\/de\/#website\",\"url\":\"https:\/\/old.holyland-olivewood.com\/de\/\",\"name\":\"Holy Land Olive Wood - Bethlehem Olive Wood Factory\",\"description\":\"Holy Land Olivewood Bethlehem\",\"publisher\":{\"@id\":\"https:\/\/old.holyland-olivewood.com\/de\/#organization\"},\"potentialAction\":[{\"@type\":\"SearchAction\",\"target\":{\"@type\":\"EntryPoint\",\"urlTemplate\":\"https:\/\/old.holyland-olivewood.com\/de\/?s={search_term_string}\"},\"query-input\":{\"@type\":\"PropertyValueSpecification\",\"valueRequired\":true,\"valueName\":\"search_term_string\"}}],\"inLanguage\":\"de\"},{\"@type\":\"Organization\",\"@id\":\"https:\/\/old.holyland-olivewood.com\/de\/#organization\",\"name\":\"Holy Land Olivewood\",\"url\":\"https:\/\/old.holyland-olivewood.com\/de\/\",\"logo\":{\"@type\":\"ImageObject\",\"inLanguage\":\"de\",\"@id\":\"https:\/\/old.holyland-olivewood.com\/de\/#\/schema\/logo\/image\/\",\"url\":\"\",\"contentUrl\":\"\",\"caption\":\"Holy Land Olivewood\"},\"image\":{\"@id\":\"https:\/\/old.holyland-olivewood.com\/de\/#\/schema\/logo\/image\/\"},\"sameAs\":[\"https:\/\/www.facebook.com\/holylandolivewood.bethlehem\/\",\"http:\/\/instagram.com\/holy.land.olive.wood\"]}]}<\/script>\n<!-- \/ Yoast SEO plugin. -->","yoast_head_json":{"title":"Olivenholz Andenken Schmuck \/ Rosenkranz box #BX102 - Holy Land Olive Wood - Bethlehem Olive Wood Factory","description":"Bethlehem Olivenholz Kunsthandwerk (dh K\u00fcchenutensilien, Boxen, Rosenkr\u00e4nze, Perlen) Stift-Rohlinge Schnitzereien, Platten, Bl\u00f6cke und Rohmaterial in Standard- und kundenspezifischen Abmessungen.","robots":{"index":"index","follow":"follow","max-snippet":"max-snippet:-1","max-image-preview":"max-image-preview:large","max-video-preview":"max-video-preview:-1"},"canonical":"https:\/\/old.holyland-olivewood.com\/de\/produkt\/olivenholz-schmuckschatulle-2\/","og_locale":"de_DE","og_type":"article","og_title":"Olivenholz Andenken Schmuck \/ Rosenkranz box #BX102 - Holy Land Olive Wood - Bethlehem Olive Wood Factory","og_description":"Bethlehem Olivenholz Kunsthandwerk (dh K\u00fcchenutensilien, Boxen, Rosenkr\u00e4nze, Perlen) Stift-Rohlinge Schnitzereien, Platten, Bl\u00f6cke und Rohmaterial in Standard- und kundenspezifischen Abmessungen.","og_url":"https:\/\/old.holyland-olivewood.com\/de\/produkt\/olivenholz-schmuckschatulle-2\/","og_site_name":"Holy Land Olive Wood - Bethlehem Olive Wood Factory","article_publisher":"https:\/\/www.facebook.com\/holylandolivewood.bethlehem\/","og_image":[{"width":1550,"height":1200,"url":"https:\/\/old.holyland-olivewood.com\/wp-content\/uploads\/2016\/05\/boxes_wooden_olive_wood_bethlehem_bo102-1.jpg","type":"image\/jpeg"}],"twitter_card":"summary_large_image","schema":{"@context":"https:\/\/schema.org","@graph":[{"@type":"WebPage","@id":"https:\/\/old.holyland-olivewood.com\/de\/produkt\/olivenholz-schmuckschatulle-2\/","url":"https:\/\/old.holyland-olivewood.com\/de\/produkt\/olivenholz-schmuckschatulle-2\/","name":"Olivenholz Andenken Schmuck \/ Rosenkranz box #BX102 - Holy Land Olive Wood - Bethlehem Olive Wood Factory","isPartOf":{"@id":"https:\/\/old.holyland-olivewood.com\/de\/#website"},"primaryImageOfPage":{"@id":"https:\/\/old.holyland-olivewood.com\/de\/produkt\/olivenholz-schmuckschatulle-2\/#primaryimage"},"image":{"@id":"https:\/\/old.holyland-olivewood.com\/de\/produkt\/olivenholz-schmuckschatulle-2\/#primaryimage"},"thumbnailUrl":"https:\/\/old.holyland-olivewood.com\/wp-content\/uploads\/2016\/05\/boxes_wooden_olive_wood_bethlehem_bo102-1.jpg","datePublished":"2022-02-11T09:05:33+00:00","description":"Bethlehem Olivenholz Kunsthandwerk (dh K\u00fcchenutensilien, Boxen, Rosenkr\u00e4nze, Perlen) Stift-Rohlinge Schnitzereien, Platten, Bl\u00f6cke und Rohmaterial in Standard- und kundenspezifischen Abmessungen.","breadcrumb":{"@id":"https:\/\/old.holyland-olivewood.com\/de\/produkt\/olivenholz-schmuckschatulle-2\/#breadcrumb"},"inLanguage":"de","potentialAction":[{"@type":"ReadAction","target":["https:\/\/old.holyland-olivewood.com\/de\/produkt\/olivenholz-schmuckschatulle-2\/"]}]},{"@type":"ImageObject","inLanguage":"de","@id":"https:\/\/old.holyland-olivewood.com\/de\/produkt\/olivenholz-schmuckschatulle-2\/#primaryimage","url":"https:\/\/old.holyland-olivewood.com\/wp-content\/uploads\/2016\/05\/boxes_wooden_olive_wood_bethlehem_bo102-1.jpg","contentUrl":"https:\/\/old.holyland-olivewood.com\/wp-content\/uploads\/2016\/05\/boxes_wooden_olive_wood_bethlehem_bo102-1.jpg","width":1550,"height":1200},{"@type":"BreadcrumbList","@id":"https:\/\/old.holyland-olivewood.com\/de\/produkt\/olivenholz-schmuckschatulle-2\/#breadcrumb","itemListElement":[{"@type":"ListItem","position":1,"name":"Home","item":"https:\/\/old.holyland-olivewood.com\/de\/"},{"@type":"ListItem","position":2,"name":"Shop","item":"https:\/\/old.holyland-olivewood.com\/de\/shop\/"},{"@type":"ListItem","position":3,"name":"Olivenholz Andenken Schmuck \/ Rosenkranz box #BX102"}]},{"@type":"WebSite","@id":"https:\/\/old.holyland-olivewood.com\/de\/#website","url":"https:\/\/old.holyland-olivewood.com\/de\/","name":"Holy Land Olive Wood - Bethlehem Olive Wood Factory","description":"Holy Land Olivewood Bethlehem","publisher":{"@id":"https:\/\/old.holyland-olivewood.com\/de\/#organization"},"potentialAction":[{"@type":"SearchAction","target":{"@type":"EntryPoint","urlTemplate":"https:\/\/old.holyland-olivewood.com\/de\/?s={search_term_string}"},"query-input":{"@type":"PropertyValueSpecification","valueRequired":true,"valueName":"search_term_string"}}],"inLanguage":"de"},{"@type":"Organization","@id":"https:\/\/old.holyland-olivewood.com\/de\/#organization","name":"Holy Land Olivewood","url":"https:\/\/old.holyland-olivewood.com\/de\/","logo":{"@type":"ImageObject","inLanguage":"de","@id":"https:\/\/old.holyland-olivewood.com\/de\/#\/schema\/logo\/image\/","url":"","contentUrl":"","caption":"Holy Land Olivewood"},"image":{"@id":"https:\/\/old.holyland-olivewood.com\/de\/#\/schema\/logo\/image\/"},"sameAs":["https:\/\/www.facebook.com\/holylandolivewood.bethlehem\/","http:\/\/instagram.com\/holy.land.olive.wood"]}]}},"_links":{"self":[{"href":"https:\/\/old.holyland-olivewood.com\/de\/wp-json\/wp\/v2\/product\/45574","targetHints":{"allow":["GET"]}}],"collection":[{"href":"https:\/\/old.holyland-olivewood.com\/de\/wp-json\/wp\/v2\/product"}],"about":[{"href":"https:\/\/old.holyland-olivewood.com\/de\/wp-json\/wp\/v2\/types\/product"}],"wp:featuredmedia":[{"embeddable":true,"href":"https:\/\/old.holyland-olivewood.com\/de\/wp-json\/wp\/v2\/media\/38329"}],"wp:attachment":[{"href":"https:\/\/old.holyland-olivewood.com\/de\/wp-json\/wp\/v2\/media?parent=45574"}],"wp:term":[{"taxonomy":"product_brand","embeddable":true,"href":"https:\/\/old.holyland-olivewood.com\/de\/wp-json\/wp\/v2\/product_brand?post=45574"},{"taxonomy":"product_cat","embeddable":true,"href":"https:\/\/old.holyland-olivewood.com\/de\/wp-json\/wp\/v2\/product_cat?post=45574"},{"taxonomy":"product_tag","embeddable":true,"href":"https:\/\/old.holyland-olivewood.com\/de\/wp-json\/wp\/v2\/product_tag?post=45574"}],"curies":[{"name":"wp","href":"https:\/\/api.w.org\/{rel}","templated":true}]}}