{"id":45393,"date":"2016-05-30T23:19:33","date_gmt":"2022-02-11T08:33:37","guid":{"rendered":"https:\/\/old.holyland-olivewood.com\/product\/rosenkranz-der-perlmutt-des-heiligen-landes-r111\/"},"modified":"2022-02-11T08:33:37","modified_gmt":"2022-02-11T08:33:37","slug":"heiliges-land-perlmutt-rosenkranz","status":"publish","type":"product","link":"https:\/\/old.holyland-olivewood.com\/de\/produkt\/heiliges-land-perlmutt-rosenkranz\/","title":{"rendered":"Rosenkranz der Perlmutt des Heiligen Landes #R111"},"content":{"rendered":"","protected":false},"excerpt":{"rendered":"<p>Dieser Rosenkranz besteht aus 59 polierten wei\u00dfen Perlen, die im Heiligen Land aus Perlmutt handgefertigt werden, das aus dem Mittelmeer geerntet wurde. Dieser Rosenkranz hat auch ein gegossenes und poliertes Metallkruzifix, Metallbefestigungspunkte und enth\u00e4lt eine Glaskapsel, die Erde von den umliegenden H\u00fcgeln von Bethlehem enth\u00e4lt.<\/p>\n<p>Dieser Artikel enth\u00e4lt ein Echtheitszertifikat, das die zur Herstellung dieses Produkts verwendeten Materialien und Techniken \u00fcberpr\u00fcft.<\/p>\n<p>Gr\u00f6\u00dfe: 55 cm (21.5&#8243;)<\/p>\n","protected":false},"featured_media":28645,"template":"","meta":[],"product_brand":[],"product_cat":[775,2248],"product_tag":[945,1797,778,2253,2277,1799,926,872,1210,2251,2274,1188,879,838,852,4078,844,865,961,922,2260,900,894,909,887,935,807,822,968,952,2271,2266,859,784,2262,2268,816,2257,827,2255],"class_list":{"0":"post-45393","1":"product","2":"type-product","3":"status-publish","4":"has-post-thumbnail","6":"product_cat-kunsthaandvaerk","7":"product_cat-rosenkranze","8":"product_tag-af-de","9":"product_tag-betend","10":"product_tag-betlehem-de","11":"product_tag-blutenblatt","12":"product_tag-einfach","13":"product_tag-fluss","14":"product_tag-foedselskirken","15":"product_tag-gab","16":"product_tag-geschenke","17":"product_tag-gott","18":"product_tag-hamatit","19":"product_tag-haandlavet-de","20":"product_tag-haandvaerk","21":"product_tag-hellig-de","22":"product_tag-jerusalem-de","23":"product_tag-jesus-de-2","24":"product_tag-jord-de","25":"product_tag-juli","26":"product_tag-katolsk-de","27":"product_tag-kirke-de","28":"product_tag-koralle","29":"product_tag-kors-de","30":"product_tag-kristen-de","31":"product_tag-krucifiks-de","32":"product_tag-kunsthaandvaerk","33":"product_tag-mor-de","34":"product_tag-oliv","35":"product_tag-oliventrae-de","36":"product_tag-ortodoks-de","37":"product_tag-perle-de","38":"product_tag-plattiert","39":"product_tag-rosa","40":"product_tag-rosenkrans-de","41":"product_tag-rosenkranse-de","42":"product_tag-rot","43":"product_tag-silber","44":"product_tag-trae-de","45":"product_tag-turkis","46":"product_tag-udskaering-de","47":"product_tag-wand","49":"first","50":"instock","51":"shipping-taxable","52":"purchasable","53":"product-type-simple"},"yoast_head":"<!-- This site is optimized with the Yoast SEO plugin v24.8.1 - https:\/\/yoast.com\/wordpress\/plugins\/seo\/ -->\n<title>Rosenkranz der Perlmutt des Heiligen Landes #R111 - Holy Land Olive Wood - Bethlehem Olive Wood Factory<\/title>\n<meta name=\"description\" content=\"Bethlehem Olivenholz Kunsthandwerk (dh Rosenkr\u00e4nze, Ornamente, Magnete, Perlen) Stift-Rohlinge Schnitzereien, Platten, Bl\u00f6cke und Rohmaterial in Standard- und kundenspezifischen Abmessungen\" \/>\n<meta name=\"robots\" content=\"index, follow, max-snippet:-1, max-image-preview:large, max-video-preview:-1\" \/>\n<link rel=\"canonical\" href=\"https:\/\/old.holyland-olivewood.com\/de\/produkt\/heiliges-land-perlmutt-rosenkranz\/\" \/>\n<meta property=\"og:locale\" content=\"de_DE\" \/>\n<meta property=\"og:type\" content=\"article\" \/>\n<meta property=\"og:title\" content=\"Rosenkranz der Perlmutt des Heiligen Landes #R111 - Holy Land Olive Wood - Bethlehem Olive Wood Factory\" \/>\n<meta property=\"og:description\" content=\"Bethlehem Olivenholz Kunsthandwerk (dh Rosenkr\u00e4nze, Ornamente, Magnete, Perlen) Stift-Rohlinge Schnitzereien, Platten, Bl\u00f6cke und Rohmaterial in Standard- und kundenspezifischen Abmessungen\" \/>\n<meta property=\"og:url\" content=\"https:\/\/old.holyland-olivewood.com\/de\/produkt\/heiliges-land-perlmutt-rosenkranz\/\" \/>\n<meta property=\"og:site_name\" content=\"Holy Land Olive Wood - Bethlehem Olive Wood Factory\" \/>\n<meta property=\"article:publisher\" content=\"https:\/\/www.facebook.com\/holylandolivewood.bethlehem\/\" \/>\n<meta property=\"og:image\" content=\"https:\/\/old.holyland-olivewood.com\/wp-content\/uploads\/2016\/05\/mother_of_pearl_rosary_holy_land_olive_wood_bethlehem_r111.jpg\" \/>\n\t<meta property=\"og:image:width\" content=\"1550\" \/>\n\t<meta property=\"og:image:height\" content=\"1200\" \/>\n\t<meta property=\"og:image:type\" content=\"image\/jpeg\" \/>\n<meta name=\"twitter:card\" content=\"summary_large_image\" \/>\n<script type=\"application\/ld+json\" class=\"yoast-schema-graph\">{\"@context\":\"https:\/\/schema.org\",\"@graph\":[{\"@type\":\"WebPage\",\"@id\":\"https:\/\/old.holyland-olivewood.com\/de\/produkt\/heiliges-land-perlmutt-rosenkranz\/\",\"url\":\"https:\/\/old.holyland-olivewood.com\/de\/produkt\/heiliges-land-perlmutt-rosenkranz\/\",\"name\":\"Rosenkranz der Perlmutt des Heiligen Landes #R111 - Holy Land Olive Wood - Bethlehem Olive Wood Factory\",\"isPartOf\":{\"@id\":\"https:\/\/old.holyland-olivewood.com\/de\/#website\"},\"primaryImageOfPage\":{\"@id\":\"https:\/\/old.holyland-olivewood.com\/de\/produkt\/heiliges-land-perlmutt-rosenkranz\/#primaryimage\"},\"image\":{\"@id\":\"https:\/\/old.holyland-olivewood.com\/de\/produkt\/heiliges-land-perlmutt-rosenkranz\/#primaryimage\"},\"thumbnailUrl\":\"https:\/\/old.holyland-olivewood.com\/wp-content\/uploads\/2016\/05\/mother_of_pearl_rosary_holy_land_olive_wood_bethlehem_r111.jpg\",\"datePublished\":\"2022-02-11T08:33:37+00:00\",\"description\":\"Bethlehem Olivenholz Kunsthandwerk (dh Rosenkr\u00e4nze, Ornamente, Magnete, Perlen) Stift-Rohlinge Schnitzereien, Platten, Bl\u00f6cke und Rohmaterial in Standard- und kundenspezifischen Abmessungen\",\"breadcrumb\":{\"@id\":\"https:\/\/old.holyland-olivewood.com\/de\/produkt\/heiliges-land-perlmutt-rosenkranz\/#breadcrumb\"},\"inLanguage\":\"de\",\"potentialAction\":[{\"@type\":\"ReadAction\",\"target\":[\"https:\/\/old.holyland-olivewood.com\/de\/produkt\/heiliges-land-perlmutt-rosenkranz\/\"]}]},{\"@type\":\"ImageObject\",\"inLanguage\":\"de\",\"@id\":\"https:\/\/old.holyland-olivewood.com\/de\/produkt\/heiliges-land-perlmutt-rosenkranz\/#primaryimage\",\"url\":\"https:\/\/old.holyland-olivewood.com\/wp-content\/uploads\/2016\/05\/mother_of_pearl_rosary_holy_land_olive_wood_bethlehem_r111.jpg\",\"contentUrl\":\"https:\/\/old.holyland-olivewood.com\/wp-content\/uploads\/2016\/05\/mother_of_pearl_rosary_holy_land_olive_wood_bethlehem_r111.jpg\",\"width\":1550,\"height\":1200},{\"@type\":\"BreadcrumbList\",\"@id\":\"https:\/\/old.holyland-olivewood.com\/de\/produkt\/heiliges-land-perlmutt-rosenkranz\/#breadcrumb\",\"itemListElement\":[{\"@type\":\"ListItem\",\"position\":1,\"name\":\"Home\",\"item\":\"https:\/\/old.holyland-olivewood.com\/de\/\"},{\"@type\":\"ListItem\",\"position\":2,\"name\":\"Shop\",\"item\":\"https:\/\/old.holyland-olivewood.com\/de\/shop\/\"},{\"@type\":\"ListItem\",\"position\":3,\"name\":\"Rosenkranz der Perlmutt des Heiligen Landes #R111\"}]},{\"@type\":\"WebSite\",\"@id\":\"https:\/\/old.holyland-olivewood.com\/de\/#website\",\"url\":\"https:\/\/old.holyland-olivewood.com\/de\/\",\"name\":\"Holy Land Olive Wood - Bethlehem Olive Wood Factory\",\"description\":\"Holy Land Olivewood Bethlehem\",\"publisher\":{\"@id\":\"https:\/\/old.holyland-olivewood.com\/de\/#organization\"},\"potentialAction\":[{\"@type\":\"SearchAction\",\"target\":{\"@type\":\"EntryPoint\",\"urlTemplate\":\"https:\/\/old.holyland-olivewood.com\/de\/?s={search_term_string}\"},\"query-input\":{\"@type\":\"PropertyValueSpecification\",\"valueRequired\":true,\"valueName\":\"search_term_string\"}}],\"inLanguage\":\"de\"},{\"@type\":\"Organization\",\"@id\":\"https:\/\/old.holyland-olivewood.com\/de\/#organization\",\"name\":\"Holy Land Olivewood\",\"url\":\"https:\/\/old.holyland-olivewood.com\/de\/\",\"logo\":{\"@type\":\"ImageObject\",\"inLanguage\":\"de\",\"@id\":\"https:\/\/old.holyland-olivewood.com\/de\/#\/schema\/logo\/image\/\",\"url\":\"\",\"contentUrl\":\"\",\"caption\":\"Holy Land Olivewood\"},\"image\":{\"@id\":\"https:\/\/old.holyland-olivewood.com\/de\/#\/schema\/logo\/image\/\"},\"sameAs\":[\"https:\/\/www.facebook.com\/holylandolivewood.bethlehem\/\",\"http:\/\/instagram.com\/holy.land.olive.wood\"]}]}<\/script>\n<!-- \/ Yoast SEO plugin. -->","yoast_head_json":{"title":"Rosenkranz der Perlmutt des Heiligen Landes #R111 - Holy Land Olive Wood - Bethlehem Olive Wood Factory","description":"Bethlehem Olivenholz Kunsthandwerk (dh Rosenkr\u00e4nze, Ornamente, Magnete, Perlen) Stift-Rohlinge Schnitzereien, Platten, Bl\u00f6cke und Rohmaterial in Standard- und kundenspezifischen Abmessungen","robots":{"index":"index","follow":"follow","max-snippet":"max-snippet:-1","max-image-preview":"max-image-preview:large","max-video-preview":"max-video-preview:-1"},"canonical":"https:\/\/old.holyland-olivewood.com\/de\/produkt\/heiliges-land-perlmutt-rosenkranz\/","og_locale":"de_DE","og_type":"article","og_title":"Rosenkranz der Perlmutt des Heiligen Landes #R111 - Holy Land Olive Wood - Bethlehem Olive Wood Factory","og_description":"Bethlehem Olivenholz Kunsthandwerk (dh Rosenkr\u00e4nze, Ornamente, Magnete, Perlen) Stift-Rohlinge Schnitzereien, Platten, Bl\u00f6cke und Rohmaterial in Standard- und kundenspezifischen Abmessungen","og_url":"https:\/\/old.holyland-olivewood.com\/de\/produkt\/heiliges-land-perlmutt-rosenkranz\/","og_site_name":"Holy Land Olive Wood - Bethlehem Olive Wood Factory","article_publisher":"https:\/\/www.facebook.com\/holylandolivewood.bethlehem\/","og_image":[{"width":1550,"height":1200,"url":"https:\/\/old.holyland-olivewood.com\/wp-content\/uploads\/2016\/05\/mother_of_pearl_rosary_holy_land_olive_wood_bethlehem_r111.jpg","type":"image\/jpeg"}],"twitter_card":"summary_large_image","schema":{"@context":"https:\/\/schema.org","@graph":[{"@type":"WebPage","@id":"https:\/\/old.holyland-olivewood.com\/de\/produkt\/heiliges-land-perlmutt-rosenkranz\/","url":"https:\/\/old.holyland-olivewood.com\/de\/produkt\/heiliges-land-perlmutt-rosenkranz\/","name":"Rosenkranz der Perlmutt des Heiligen Landes #R111 - Holy Land Olive Wood - Bethlehem Olive Wood Factory","isPartOf":{"@id":"https:\/\/old.holyland-olivewood.com\/de\/#website"},"primaryImageOfPage":{"@id":"https:\/\/old.holyland-olivewood.com\/de\/produkt\/heiliges-land-perlmutt-rosenkranz\/#primaryimage"},"image":{"@id":"https:\/\/old.holyland-olivewood.com\/de\/produkt\/heiliges-land-perlmutt-rosenkranz\/#primaryimage"},"thumbnailUrl":"https:\/\/old.holyland-olivewood.com\/wp-content\/uploads\/2016\/05\/mother_of_pearl_rosary_holy_land_olive_wood_bethlehem_r111.jpg","datePublished":"2022-02-11T08:33:37+00:00","description":"Bethlehem Olivenholz Kunsthandwerk (dh Rosenkr\u00e4nze, Ornamente, Magnete, Perlen) Stift-Rohlinge Schnitzereien, Platten, Bl\u00f6cke und Rohmaterial in Standard- und kundenspezifischen Abmessungen","breadcrumb":{"@id":"https:\/\/old.holyland-olivewood.com\/de\/produkt\/heiliges-land-perlmutt-rosenkranz\/#breadcrumb"},"inLanguage":"de","potentialAction":[{"@type":"ReadAction","target":["https:\/\/old.holyland-olivewood.com\/de\/produkt\/heiliges-land-perlmutt-rosenkranz\/"]}]},{"@type":"ImageObject","inLanguage":"de","@id":"https:\/\/old.holyland-olivewood.com\/de\/produkt\/heiliges-land-perlmutt-rosenkranz\/#primaryimage","url":"https:\/\/old.holyland-olivewood.com\/wp-content\/uploads\/2016\/05\/mother_of_pearl_rosary_holy_land_olive_wood_bethlehem_r111.jpg","contentUrl":"https:\/\/old.holyland-olivewood.com\/wp-content\/uploads\/2016\/05\/mother_of_pearl_rosary_holy_land_olive_wood_bethlehem_r111.jpg","width":1550,"height":1200},{"@type":"BreadcrumbList","@id":"https:\/\/old.holyland-olivewood.com\/de\/produkt\/heiliges-land-perlmutt-rosenkranz\/#breadcrumb","itemListElement":[{"@type":"ListItem","position":1,"name":"Home","item":"https:\/\/old.holyland-olivewood.com\/de\/"},{"@type":"ListItem","position":2,"name":"Shop","item":"https:\/\/old.holyland-olivewood.com\/de\/shop\/"},{"@type":"ListItem","position":3,"name":"Rosenkranz der Perlmutt des Heiligen Landes #R111"}]},{"@type":"WebSite","@id":"https:\/\/old.holyland-olivewood.com\/de\/#website","url":"https:\/\/old.holyland-olivewood.com\/de\/","name":"Holy Land Olive Wood - Bethlehem Olive Wood Factory","description":"Holy Land Olivewood Bethlehem","publisher":{"@id":"https:\/\/old.holyland-olivewood.com\/de\/#organization"},"potentialAction":[{"@type":"SearchAction","target":{"@type":"EntryPoint","urlTemplate":"https:\/\/old.holyland-olivewood.com\/de\/?s={search_term_string}"},"query-input":{"@type":"PropertyValueSpecification","valueRequired":true,"valueName":"search_term_string"}}],"inLanguage":"de"},{"@type":"Organization","@id":"https:\/\/old.holyland-olivewood.com\/de\/#organization","name":"Holy Land Olivewood","url":"https:\/\/old.holyland-olivewood.com\/de\/","logo":{"@type":"ImageObject","inLanguage":"de","@id":"https:\/\/old.holyland-olivewood.com\/de\/#\/schema\/logo\/image\/","url":"","contentUrl":"","caption":"Holy Land Olivewood"},"image":{"@id":"https:\/\/old.holyland-olivewood.com\/de\/#\/schema\/logo\/image\/"},"sameAs":["https:\/\/www.facebook.com\/holylandolivewood.bethlehem\/","http:\/\/instagram.com\/holy.land.olive.wood"]}]}},"_links":{"self":[{"href":"https:\/\/old.holyland-olivewood.com\/de\/wp-json\/wp\/v2\/product\/45393","targetHints":{"allow":["GET"]}}],"collection":[{"href":"https:\/\/old.holyland-olivewood.com\/de\/wp-json\/wp\/v2\/product"}],"about":[{"href":"https:\/\/old.holyland-olivewood.com\/de\/wp-json\/wp\/v2\/types\/product"}],"wp:featuredmedia":[{"embeddable":true,"href":"https:\/\/old.holyland-olivewood.com\/de\/wp-json\/wp\/v2\/media\/28645"}],"wp:attachment":[{"href":"https:\/\/old.holyland-olivewood.com\/de\/wp-json\/wp\/v2\/media?parent=45393"}],"wp:term":[{"taxonomy":"product_brand","embeddable":true,"href":"https:\/\/old.holyland-olivewood.com\/de\/wp-json\/wp\/v2\/product_brand?post=45393"},{"taxonomy":"product_cat","embeddable":true,"href":"https:\/\/old.holyland-olivewood.com\/de\/wp-json\/wp\/v2\/product_cat?post=45393"},{"taxonomy":"product_tag","embeddable":true,"href":"https:\/\/old.holyland-olivewood.com\/de\/wp-json\/wp\/v2\/product_tag?post=45393"}],"curies":[{"name":"wp","href":"https:\/\/api.w.org\/{rel}","templated":true}]}}