{"id":45151,"date":"2016-05-31T00:15:26","date_gmt":"2022-02-11T07:39:51","guid":{"rendered":"https:\/\/old.holyland-olivewood.com\/product\/haematit-armband-j106\/"},"modified":"2022-02-11T07:39:51","modified_gmt":"2022-02-11T07:39:51","slug":"oliv-holz-armband-5","status":"publish","type":"product","link":"https:\/\/old.holyland-olivewood.com\/de\/produkt\/oliv-holz-armband-5\/","title":{"rendered":"H\u00e4matit Armband #J106"},"content":{"rendered":"","protected":false},"excerpt":{"rendered":"<p>Dieses Rosenkranzarmband wird in der Stadt Bethlehem im Heiligen Land aus heilendem H\u00e4matitstein handgefertigt. Die Kette und der kleine Kruzifixanh\u00e4nger sind versilbert. Einfaches und elegantes Design machen es zu einem sch\u00f6nen Accessoire f\u00fcr jedes Outfit.<\/p>\n<p>L\u00e4nge 19 cm (7.5&#8243;)<\/p>\n<p>Jede H\u00e4matit-Steinperle ist etwa 8 mm (0,30&#8243;) gro\u00df.<\/p>\n","protected":false},"featured_media":28848,"template":"","meta":[],"product_brand":[],"product_cat":[775,1927],"product_tag":[1949,1955,1797,778,915,1938,926,872,1952,1802,1188,879,838,852,831,844,865,961,976,922,900,894,909,887,1945,807,822,968,1930,1962,1959,1941,1935,816,827],"class_list":{"0":"post-45151","1":"product","2":"type-product","3":"status-publish","4":"has-post-thumbnail","6":"product_cat-kunsthaandvaerk","7":"product_cat-schmuck","8":"product_tag-anhanger","9":"product_tag-armband-de","10":"product_tag-betend","11":"product_tag-betlehem-de","12":"product_tag-boen","13":"product_tag-brosche","14":"product_tag-foedselskirken","15":"product_tag-gab","16":"product_tag-halskette","17":"product_tag-hande","18":"product_tag-haandlavet-de","19":"product_tag-haandvaerk","20":"product_tag-hellig-de","21":"product_tag-jerusalem-de","22":"product_tag-jesus-de","23":"product_tag-jord-de","24":"product_tag-juli","25":"product_tag-katolsk-de","26":"product_tag-keltisk-de","27":"product_tag-kirke-de","28":"product_tag-kors-de","29":"product_tag-kristen-de","30":"product_tag-krucifiks-de","31":"product_tag-kunsthaandvaerk","32":"product_tag-ohrringe","33":"product_tag-oliv","34":"product_tag-oliventrae-de","35":"product_tag-ortodoks-de","36":"product_tag-schmuck","37":"product_tag-schnur","38":"product_tag-seil","39":"product_tag-stecknadel","40":"product_tag-tau-de","41":"product_tag-trae-de","42":"product_tag-udskaering-de","44":"first","45":"instock","46":"shipping-taxable","47":"purchasable","48":"product-type-simple"},"yoast_head":"<!-- This site is optimized with the Yoast SEO plugin v24.8.1 - https:\/\/yoast.com\/wordpress\/plugins\/seo\/ -->\n<title>H\u00e4matit Armband #J106 - Holy Land Olive Wood - Bethlehem Olive Wood Factory<\/title>\n<meta name=\"description\" content=\"Bethlehem Olivenholz Kunsthandwerk (dh Schmuck, Jerusalem, Anh\u00e4nger, Ohrringe, Perlen) Stift-Rohlinge, Armband und Rohmaterial in Standard- und Benutzerdefinierten Abmessungen.\" \/>\n<meta name=\"robots\" content=\"index, follow, max-snippet:-1, max-image-preview:large, max-video-preview:-1\" \/>\n<link rel=\"canonical\" href=\"https:\/\/old.holyland-olivewood.com\/de\/produkt\/oliv-holz-armband-5\/\" \/>\n<meta property=\"og:locale\" content=\"de_DE\" \/>\n<meta property=\"og:type\" content=\"article\" \/>\n<meta property=\"og:title\" content=\"H\u00e4matit Armband #J106 - Holy Land Olive Wood - Bethlehem Olive Wood Factory\" \/>\n<meta property=\"og:description\" content=\"Bethlehem Olivenholz Kunsthandwerk (dh Schmuck, Jerusalem, Anh\u00e4nger, Ohrringe, Perlen) Stift-Rohlinge, Armband und Rohmaterial in Standard- und Benutzerdefinierten Abmessungen.\" \/>\n<meta property=\"og:url\" content=\"https:\/\/old.holyland-olivewood.com\/de\/produkt\/oliv-holz-armband-5\/\" \/>\n<meta property=\"og:site_name\" content=\"Holy Land Olive Wood - Bethlehem Olive Wood Factory\" \/>\n<meta property=\"article:publisher\" content=\"https:\/\/www.facebook.com\/holylandolivewood.bethlehem\/\" \/>\n<meta property=\"og:image\" content=\"https:\/\/old.holyland-olivewood.com\/wp-content\/uploads\/2016\/05\/bracelet_hematite_holy_land_olive_wood_bethlehem_J106.jpg\" \/>\n\t<meta property=\"og:image:width\" content=\"1550\" \/>\n\t<meta property=\"og:image:height\" content=\"1200\" \/>\n\t<meta property=\"og:image:type\" content=\"image\/jpeg\" \/>\n<meta name=\"twitter:card\" content=\"summary_large_image\" \/>\n<script type=\"application\/ld+json\" class=\"yoast-schema-graph\">{\"@context\":\"https:\/\/schema.org\",\"@graph\":[{\"@type\":\"WebPage\",\"@id\":\"https:\/\/old.holyland-olivewood.com\/de\/produkt\/oliv-holz-armband-5\/\",\"url\":\"https:\/\/old.holyland-olivewood.com\/de\/produkt\/oliv-holz-armband-5\/\",\"name\":\"H\u00e4matit Armband #J106 - Holy Land Olive Wood - Bethlehem Olive Wood Factory\",\"isPartOf\":{\"@id\":\"https:\/\/old.holyland-olivewood.com\/de\/#website\"},\"primaryImageOfPage\":{\"@id\":\"https:\/\/old.holyland-olivewood.com\/de\/produkt\/oliv-holz-armband-5\/#primaryimage\"},\"image\":{\"@id\":\"https:\/\/old.holyland-olivewood.com\/de\/produkt\/oliv-holz-armband-5\/#primaryimage\"},\"thumbnailUrl\":\"https:\/\/old.holyland-olivewood.com\/wp-content\/uploads\/2016\/05\/bracelet_hematite_holy_land_olive_wood_bethlehem_J106.jpg\",\"datePublished\":\"2022-02-11T07:39:51+00:00\",\"description\":\"Bethlehem Olivenholz Kunsthandwerk (dh Schmuck, Jerusalem, Anh\u00e4nger, Ohrringe, Perlen) Stift-Rohlinge, Armband und Rohmaterial in Standard- und Benutzerdefinierten Abmessungen.\",\"breadcrumb\":{\"@id\":\"https:\/\/old.holyland-olivewood.com\/de\/produkt\/oliv-holz-armband-5\/#breadcrumb\"},\"inLanguage\":\"de\",\"potentialAction\":[{\"@type\":\"ReadAction\",\"target\":[\"https:\/\/old.holyland-olivewood.com\/de\/produkt\/oliv-holz-armband-5\/\"]}]},{\"@type\":\"ImageObject\",\"inLanguage\":\"de\",\"@id\":\"https:\/\/old.holyland-olivewood.com\/de\/produkt\/oliv-holz-armband-5\/#primaryimage\",\"url\":\"https:\/\/old.holyland-olivewood.com\/wp-content\/uploads\/2016\/05\/bracelet_hematite_holy_land_olive_wood_bethlehem_J106.jpg\",\"contentUrl\":\"https:\/\/old.holyland-olivewood.com\/wp-content\/uploads\/2016\/05\/bracelet_hematite_holy_land_olive_wood_bethlehem_J106.jpg\",\"width\":1550,\"height\":1200},{\"@type\":\"BreadcrumbList\",\"@id\":\"https:\/\/old.holyland-olivewood.com\/de\/produkt\/oliv-holz-armband-5\/#breadcrumb\",\"itemListElement\":[{\"@type\":\"ListItem\",\"position\":1,\"name\":\"Home\",\"item\":\"https:\/\/old.holyland-olivewood.com\/de\/\"},{\"@type\":\"ListItem\",\"position\":2,\"name\":\"Shop\",\"item\":\"https:\/\/old.holyland-olivewood.com\/de\/shop\/\"},{\"@type\":\"ListItem\",\"position\":3,\"name\":\"H\u00e4matit Armband #J106\"}]},{\"@type\":\"WebSite\",\"@id\":\"https:\/\/old.holyland-olivewood.com\/de\/#website\",\"url\":\"https:\/\/old.holyland-olivewood.com\/de\/\",\"name\":\"Holy Land Olive Wood - Bethlehem Olive Wood Factory\",\"description\":\"Holy Land Olivewood Bethlehem\",\"publisher\":{\"@id\":\"https:\/\/old.holyland-olivewood.com\/de\/#organization\"},\"potentialAction\":[{\"@type\":\"SearchAction\",\"target\":{\"@type\":\"EntryPoint\",\"urlTemplate\":\"https:\/\/old.holyland-olivewood.com\/de\/?s={search_term_string}\"},\"query-input\":{\"@type\":\"PropertyValueSpecification\",\"valueRequired\":true,\"valueName\":\"search_term_string\"}}],\"inLanguage\":\"de\"},{\"@type\":\"Organization\",\"@id\":\"https:\/\/old.holyland-olivewood.com\/de\/#organization\",\"name\":\"Holy Land Olivewood\",\"url\":\"https:\/\/old.holyland-olivewood.com\/de\/\",\"logo\":{\"@type\":\"ImageObject\",\"inLanguage\":\"de\",\"@id\":\"https:\/\/old.holyland-olivewood.com\/de\/#\/schema\/logo\/image\/\",\"url\":\"\",\"contentUrl\":\"\",\"caption\":\"Holy Land Olivewood\"},\"image\":{\"@id\":\"https:\/\/old.holyland-olivewood.com\/de\/#\/schema\/logo\/image\/\"},\"sameAs\":[\"https:\/\/www.facebook.com\/holylandolivewood.bethlehem\/\",\"http:\/\/instagram.com\/holy.land.olive.wood\"]}]}<\/script>\n<!-- \/ Yoast SEO plugin. -->","yoast_head_json":{"title":"H\u00e4matit Armband #J106 - Holy Land Olive Wood - Bethlehem Olive Wood Factory","description":"Bethlehem Olivenholz Kunsthandwerk (dh Schmuck, Jerusalem, Anh\u00e4nger, Ohrringe, Perlen) Stift-Rohlinge, Armband und Rohmaterial in Standard- und Benutzerdefinierten Abmessungen.","robots":{"index":"index","follow":"follow","max-snippet":"max-snippet:-1","max-image-preview":"max-image-preview:large","max-video-preview":"max-video-preview:-1"},"canonical":"https:\/\/old.holyland-olivewood.com\/de\/produkt\/oliv-holz-armband-5\/","og_locale":"de_DE","og_type":"article","og_title":"H\u00e4matit Armband #J106 - Holy Land Olive Wood - Bethlehem Olive Wood Factory","og_description":"Bethlehem Olivenholz Kunsthandwerk (dh Schmuck, Jerusalem, Anh\u00e4nger, Ohrringe, Perlen) Stift-Rohlinge, Armband und Rohmaterial in Standard- und Benutzerdefinierten Abmessungen.","og_url":"https:\/\/old.holyland-olivewood.com\/de\/produkt\/oliv-holz-armband-5\/","og_site_name":"Holy Land Olive Wood - Bethlehem Olive Wood Factory","article_publisher":"https:\/\/www.facebook.com\/holylandolivewood.bethlehem\/","og_image":[{"width":1550,"height":1200,"url":"https:\/\/old.holyland-olivewood.com\/wp-content\/uploads\/2016\/05\/bracelet_hematite_holy_land_olive_wood_bethlehem_J106.jpg","type":"image\/jpeg"}],"twitter_card":"summary_large_image","schema":{"@context":"https:\/\/schema.org","@graph":[{"@type":"WebPage","@id":"https:\/\/old.holyland-olivewood.com\/de\/produkt\/oliv-holz-armband-5\/","url":"https:\/\/old.holyland-olivewood.com\/de\/produkt\/oliv-holz-armband-5\/","name":"H\u00e4matit Armband #J106 - Holy Land Olive Wood - Bethlehem Olive Wood Factory","isPartOf":{"@id":"https:\/\/old.holyland-olivewood.com\/de\/#website"},"primaryImageOfPage":{"@id":"https:\/\/old.holyland-olivewood.com\/de\/produkt\/oliv-holz-armband-5\/#primaryimage"},"image":{"@id":"https:\/\/old.holyland-olivewood.com\/de\/produkt\/oliv-holz-armband-5\/#primaryimage"},"thumbnailUrl":"https:\/\/old.holyland-olivewood.com\/wp-content\/uploads\/2016\/05\/bracelet_hematite_holy_land_olive_wood_bethlehem_J106.jpg","datePublished":"2022-02-11T07:39:51+00:00","description":"Bethlehem Olivenholz Kunsthandwerk (dh Schmuck, Jerusalem, Anh\u00e4nger, Ohrringe, Perlen) Stift-Rohlinge, Armband und Rohmaterial in Standard- und Benutzerdefinierten Abmessungen.","breadcrumb":{"@id":"https:\/\/old.holyland-olivewood.com\/de\/produkt\/oliv-holz-armband-5\/#breadcrumb"},"inLanguage":"de","potentialAction":[{"@type":"ReadAction","target":["https:\/\/old.holyland-olivewood.com\/de\/produkt\/oliv-holz-armband-5\/"]}]},{"@type":"ImageObject","inLanguage":"de","@id":"https:\/\/old.holyland-olivewood.com\/de\/produkt\/oliv-holz-armband-5\/#primaryimage","url":"https:\/\/old.holyland-olivewood.com\/wp-content\/uploads\/2016\/05\/bracelet_hematite_holy_land_olive_wood_bethlehem_J106.jpg","contentUrl":"https:\/\/old.holyland-olivewood.com\/wp-content\/uploads\/2016\/05\/bracelet_hematite_holy_land_olive_wood_bethlehem_J106.jpg","width":1550,"height":1200},{"@type":"BreadcrumbList","@id":"https:\/\/old.holyland-olivewood.com\/de\/produkt\/oliv-holz-armband-5\/#breadcrumb","itemListElement":[{"@type":"ListItem","position":1,"name":"Home","item":"https:\/\/old.holyland-olivewood.com\/de\/"},{"@type":"ListItem","position":2,"name":"Shop","item":"https:\/\/old.holyland-olivewood.com\/de\/shop\/"},{"@type":"ListItem","position":3,"name":"H\u00e4matit Armband #J106"}]},{"@type":"WebSite","@id":"https:\/\/old.holyland-olivewood.com\/de\/#website","url":"https:\/\/old.holyland-olivewood.com\/de\/","name":"Holy Land Olive Wood - Bethlehem Olive Wood Factory","description":"Holy Land Olivewood Bethlehem","publisher":{"@id":"https:\/\/old.holyland-olivewood.com\/de\/#organization"},"potentialAction":[{"@type":"SearchAction","target":{"@type":"EntryPoint","urlTemplate":"https:\/\/old.holyland-olivewood.com\/de\/?s={search_term_string}"},"query-input":{"@type":"PropertyValueSpecification","valueRequired":true,"valueName":"search_term_string"}}],"inLanguage":"de"},{"@type":"Organization","@id":"https:\/\/old.holyland-olivewood.com\/de\/#organization","name":"Holy Land Olivewood","url":"https:\/\/old.holyland-olivewood.com\/de\/","logo":{"@type":"ImageObject","inLanguage":"de","@id":"https:\/\/old.holyland-olivewood.com\/de\/#\/schema\/logo\/image\/","url":"","contentUrl":"","caption":"Holy Land Olivewood"},"image":{"@id":"https:\/\/old.holyland-olivewood.com\/de\/#\/schema\/logo\/image\/"},"sameAs":["https:\/\/www.facebook.com\/holylandolivewood.bethlehem\/","http:\/\/instagram.com\/holy.land.olive.wood"]}]}},"_links":{"self":[{"href":"https:\/\/old.holyland-olivewood.com\/de\/wp-json\/wp\/v2\/product\/45151","targetHints":{"allow":["GET"]}}],"collection":[{"href":"https:\/\/old.holyland-olivewood.com\/de\/wp-json\/wp\/v2\/product"}],"about":[{"href":"https:\/\/old.holyland-olivewood.com\/de\/wp-json\/wp\/v2\/types\/product"}],"wp:featuredmedia":[{"embeddable":true,"href":"https:\/\/old.holyland-olivewood.com\/de\/wp-json\/wp\/v2\/media\/28848"}],"wp:attachment":[{"href":"https:\/\/old.holyland-olivewood.com\/de\/wp-json\/wp\/v2\/media?parent=45151"}],"wp:term":[{"taxonomy":"product_brand","embeddable":true,"href":"https:\/\/old.holyland-olivewood.com\/de\/wp-json\/wp\/v2\/product_brand?post=45151"},{"taxonomy":"product_cat","embeddable":true,"href":"https:\/\/old.holyland-olivewood.com\/de\/wp-json\/wp\/v2\/product_cat?post=45151"},{"taxonomy":"product_tag","embeddable":true,"href":"https:\/\/old.holyland-olivewood.com\/de\/wp-json\/wp\/v2\/product_tag?post=45151"}],"curies":[{"name":"wp","href":"https:\/\/api.w.org\/{rel}","templated":true}]}}