{"id":44340,"date":"2016-05-31T10:28:46","date_gmt":"2022-02-10T17:06:34","guid":{"rendered":"https:\/\/old.holyland-olivewood.com\/product\/olivenholz-kerzenstaender-t102\/"},"modified":"2022-02-10T17:06:34","modified_gmt":"2022-02-10T17:06:34","slug":"olivholz-kerzenstander-3","status":"publish","type":"product","link":"https:\/\/old.holyland-olivewood.com\/de\/produkt\/olivholz-kerzenstander-3\/","title":{"rendered":"Olivenholz Kerzenst\u00e4nder #T102"},"content":{"rendered":"","protected":false},"excerpt":{"rendered":"<p>Dieser wundersch\u00f6ne heilige Drehkerzenst\u00e4nder wird im Heiligen Land aus nachhaltig geerntetem, authentischem Bethlehem-Olivenholz handgefertigt. Die reiche Farbe ist charakteristisch f\u00fcr den sch\u00f6nen Olivenwald von Bethlehem. Dieser herrlich geschnitzte Kerzenst\u00e4nder passt zu einer normalen Kegelkerze und ist eine sch\u00f6ne Erg\u00e4nzung zu jedem Esstisch oder Kaminsims.<\/p>\n<p>Dieser Artikel enth\u00e4lt ein Echtheitszertifikat, das die zur Herstellung dieses Produkts verwendeten Materialien und Techniken \u00fcberpr\u00fcft.<\/p>\n<p>Gr\u00f6\u00dfe: 7,5 cm x 7,5 cm x 23 cm (3&#8243; x 3&#8243; x 9&#8243;)<\/p>\n","protected":false},"featured_media":29896,"template":"","meta":[],"product_brand":[],"product_cat":[775,3004],"product_tag":[3452,778,926,872,1210,3423,1188,879,838,3434,3437,852,4078,844,865,961,3455,3431,3458,922,3440,900,894,887,3449,3461,807,822,968,2612,3443,3446,816,827,3425,3428],"class_list":{"0":"post-44340","1":"product","2":"type-product","3":"status-publish","4":"has-post-thumbnail","6":"product_cat-kunsthaandvaerk","7":"product_cat-geschirr","8":"product_tag-abendessen","9":"product_tag-betlehem-de","10":"product_tag-foedselskirken","11":"product_tag-gab","12":"product_tag-geschenke","13":"product_tag-geschirr","14":"product_tag-haandlavet-de","15":"product_tag-haandvaerk","16":"product_tag-hellig-de","17":"product_tag-inhaber","18":"product_tag-inhaber-de","19":"product_tag-jerusalem-de","20":"product_tag-jesus-de-2","21":"product_tag-jord-de","22":"product_tag-juli","23":"product_tag-katolsk-de","24":"product_tag-kelch","25":"product_tag-kerze","26":"product_tag-kerzenhalter","27":"product_tag-kirke-de","28":"product_tag-kommunion-de","29":"product_tag-kors-de","30":"product_tag-kristen-de","31":"product_tag-kunsthaandvaerk","32":"product_tag-letzte","33":"product_tag-leuchter","34":"product_tag-oliv","35":"product_tag-oliventrae-de","36":"product_tag-ortodoks-de","37":"product_tag-stern","38":"product_tag-tasse","39":"product_tag-tassen","40":"product_tag-trae-de","41":"product_tag-udskaering-de","42":"product_tag-vase-de","43":"product_tag-vasen","45":"first","46":"instock","47":"shipping-taxable","48":"purchasable","49":"product-type-simple"},"yoast_head":"<!-- This site is optimized with the Yoast SEO plugin v24.8.1 - https:\/\/yoast.com\/wordpress\/plugins\/seo\/ -->\n<title>Olivenholz Kerzenst\u00e4nder #T102 - Holy Land Olive Wood - Bethlehem Olive Wood Factory<\/title>\n<meta name=\"robots\" content=\"index, follow, max-snippet:-1, max-image-preview:large, max-video-preview:-1\" \/>\n<link rel=\"canonical\" href=\"https:\/\/old.holyland-olivewood.com\/de\/produkt\/olivholz-kerzenstander-3\/\" \/>\n<meta property=\"og:locale\" content=\"de_DE\" \/>\n<meta property=\"og:type\" content=\"article\" \/>\n<meta property=\"og:title\" content=\"Olivenholz Kerzenst\u00e4nder #T102 - Holy Land Olive Wood - Bethlehem Olive Wood Factory\" \/>\n<meta property=\"og:description\" content=\"Dieser wundersch\u00f6ne heilige Drehkerzenst\u00e4nder wird im Heiligen Land aus nachhaltig geerntetem, authentischem Bethlehem-Olivenholz handgefertigt. Die reiche Farbe ist charakteristisch f\u00fcr den sch\u00f6nen Olivenwald von Bethlehem. Dieser herrlich geschnitzte Kerzenst\u00e4nder passt zu einer normalen Kegelkerze und ist eine sch\u00f6ne Erg\u00e4nzung zu jedem Esstisch oder Kaminsims. Dieser Artikel enth\u00e4lt ein Echtheitszertifikat, das die zur Herstellung dieses Produkts verwendeten Materialien und Techniken \u00fcberpr\u00fcft. Gr\u00f6\u00dfe: 7,5 cm x 7,5 cm x 23 cm (3&quot; x 3&quot; x 9&quot;)\" \/>\n<meta property=\"og:url\" content=\"https:\/\/old.holyland-olivewood.com\/de\/produkt\/olivholz-kerzenstander-3\/\" \/>\n<meta property=\"og:site_name\" content=\"Holy Land Olive Wood - Bethlehem Olive Wood Factory\" \/>\n<meta property=\"article:publisher\" content=\"https:\/\/www.facebook.com\/holylandolivewood.bethlehem\/\" \/>\n<meta property=\"og:image\" content=\"https:\/\/old.holyland-olivewood.com\/wp-content\/uploads\/2016\/05\/candlestick_holy_land_olive_wood_bethlehem_t102_1.jpg\" \/>\n\t<meta property=\"og:image:width\" content=\"1550\" \/>\n\t<meta property=\"og:image:height\" content=\"1200\" \/>\n\t<meta property=\"og:image:type\" content=\"image\/jpeg\" \/>\n<meta name=\"twitter:card\" content=\"summary_large_image\" \/>\n<script type=\"application\/ld+json\" class=\"yoast-schema-graph\">{\"@context\":\"https:\/\/schema.org\",\"@graph\":[{\"@type\":\"WebPage\",\"@id\":\"https:\/\/old.holyland-olivewood.com\/de\/produkt\/olivholz-kerzenstander-3\/\",\"url\":\"https:\/\/old.holyland-olivewood.com\/de\/produkt\/olivholz-kerzenstander-3\/\",\"name\":\"Olivenholz Kerzenst\u00e4nder #T102 - Holy Land Olive Wood - Bethlehem Olive Wood Factory\",\"isPartOf\":{\"@id\":\"https:\/\/old.holyland-olivewood.com\/de\/#website\"},\"primaryImageOfPage\":{\"@id\":\"https:\/\/old.holyland-olivewood.com\/de\/produkt\/olivholz-kerzenstander-3\/#primaryimage\"},\"image\":{\"@id\":\"https:\/\/old.holyland-olivewood.com\/de\/produkt\/olivholz-kerzenstander-3\/#primaryimage\"},\"thumbnailUrl\":\"https:\/\/old.holyland-olivewood.com\/wp-content\/uploads\/2016\/05\/candlestick_holy_land_olive_wood_bethlehem_t102_1.jpg\",\"datePublished\":\"2022-02-10T17:06:34+00:00\",\"breadcrumb\":{\"@id\":\"https:\/\/old.holyland-olivewood.com\/de\/produkt\/olivholz-kerzenstander-3\/#breadcrumb\"},\"inLanguage\":\"de\",\"potentialAction\":[{\"@type\":\"ReadAction\",\"target\":[\"https:\/\/old.holyland-olivewood.com\/de\/produkt\/olivholz-kerzenstander-3\/\"]}]},{\"@type\":\"ImageObject\",\"inLanguage\":\"de\",\"@id\":\"https:\/\/old.holyland-olivewood.com\/de\/produkt\/olivholz-kerzenstander-3\/#primaryimage\",\"url\":\"https:\/\/old.holyland-olivewood.com\/wp-content\/uploads\/2016\/05\/candlestick_holy_land_olive_wood_bethlehem_t102_1.jpg\",\"contentUrl\":\"https:\/\/old.holyland-olivewood.com\/wp-content\/uploads\/2016\/05\/candlestick_holy_land_olive_wood_bethlehem_t102_1.jpg\",\"width\":1550,\"height\":1200},{\"@type\":\"BreadcrumbList\",\"@id\":\"https:\/\/old.holyland-olivewood.com\/de\/produkt\/olivholz-kerzenstander-3\/#breadcrumb\",\"itemListElement\":[{\"@type\":\"ListItem\",\"position\":1,\"name\":\"Home\",\"item\":\"https:\/\/old.holyland-olivewood.com\/de\/\"},{\"@type\":\"ListItem\",\"position\":2,\"name\":\"Shop\",\"item\":\"https:\/\/old.holyland-olivewood.com\/de\/shop\/\"},{\"@type\":\"ListItem\",\"position\":3,\"name\":\"Olivenholz Kerzenst\u00e4nder #T102\"}]},{\"@type\":\"WebSite\",\"@id\":\"https:\/\/old.holyland-olivewood.com\/de\/#website\",\"url\":\"https:\/\/old.holyland-olivewood.com\/de\/\",\"name\":\"Holy Land Olive Wood - Bethlehem Olive Wood Factory\",\"description\":\"Holy Land Olivewood Bethlehem\",\"publisher\":{\"@id\":\"https:\/\/old.holyland-olivewood.com\/de\/#organization\"},\"potentialAction\":[{\"@type\":\"SearchAction\",\"target\":{\"@type\":\"EntryPoint\",\"urlTemplate\":\"https:\/\/old.holyland-olivewood.com\/de\/?s={search_term_string}\"},\"query-input\":{\"@type\":\"PropertyValueSpecification\",\"valueRequired\":true,\"valueName\":\"search_term_string\"}}],\"inLanguage\":\"de\"},{\"@type\":\"Organization\",\"@id\":\"https:\/\/old.holyland-olivewood.com\/de\/#organization\",\"name\":\"Holy Land Olivewood\",\"url\":\"https:\/\/old.holyland-olivewood.com\/de\/\",\"logo\":{\"@type\":\"ImageObject\",\"inLanguage\":\"de\",\"@id\":\"https:\/\/old.holyland-olivewood.com\/de\/#\/schema\/logo\/image\/\",\"url\":\"\",\"contentUrl\":\"\",\"caption\":\"Holy Land Olivewood\"},\"image\":{\"@id\":\"https:\/\/old.holyland-olivewood.com\/de\/#\/schema\/logo\/image\/\"},\"sameAs\":[\"https:\/\/www.facebook.com\/holylandolivewood.bethlehem\/\",\"http:\/\/instagram.com\/holy.land.olive.wood\"]}]}<\/script>\n<!-- \/ Yoast SEO plugin. -->","yoast_head_json":{"title":"Olivenholz Kerzenst\u00e4nder #T102 - Holy Land Olive Wood - Bethlehem Olive Wood Factory","robots":{"index":"index","follow":"follow","max-snippet":"max-snippet:-1","max-image-preview":"max-image-preview:large","max-video-preview":"max-video-preview:-1"},"canonical":"https:\/\/old.holyland-olivewood.com\/de\/produkt\/olivholz-kerzenstander-3\/","og_locale":"de_DE","og_type":"article","og_title":"Olivenholz Kerzenst\u00e4nder #T102 - Holy Land Olive Wood - Bethlehem Olive Wood Factory","og_description":"Dieser wundersch\u00f6ne heilige Drehkerzenst\u00e4nder wird im Heiligen Land aus nachhaltig geerntetem, authentischem Bethlehem-Olivenholz handgefertigt. Die reiche Farbe ist charakteristisch f\u00fcr den sch\u00f6nen Olivenwald von Bethlehem. Dieser herrlich geschnitzte Kerzenst\u00e4nder passt zu einer normalen Kegelkerze und ist eine sch\u00f6ne Erg\u00e4nzung zu jedem Esstisch oder Kaminsims. Dieser Artikel enth\u00e4lt ein Echtheitszertifikat, das die zur Herstellung dieses Produkts verwendeten Materialien und Techniken \u00fcberpr\u00fcft. Gr\u00f6\u00dfe: 7,5 cm x 7,5 cm x 23 cm (3\" x 3\" x 9\")","og_url":"https:\/\/old.holyland-olivewood.com\/de\/produkt\/olivholz-kerzenstander-3\/","og_site_name":"Holy Land Olive Wood - Bethlehem Olive Wood Factory","article_publisher":"https:\/\/www.facebook.com\/holylandolivewood.bethlehem\/","og_image":[{"width":1550,"height":1200,"url":"https:\/\/old.holyland-olivewood.com\/wp-content\/uploads\/2016\/05\/candlestick_holy_land_olive_wood_bethlehem_t102_1.jpg","type":"image\/jpeg"}],"twitter_card":"summary_large_image","schema":{"@context":"https:\/\/schema.org","@graph":[{"@type":"WebPage","@id":"https:\/\/old.holyland-olivewood.com\/de\/produkt\/olivholz-kerzenstander-3\/","url":"https:\/\/old.holyland-olivewood.com\/de\/produkt\/olivholz-kerzenstander-3\/","name":"Olivenholz Kerzenst\u00e4nder #T102 - Holy Land Olive Wood - Bethlehem Olive Wood Factory","isPartOf":{"@id":"https:\/\/old.holyland-olivewood.com\/de\/#website"},"primaryImageOfPage":{"@id":"https:\/\/old.holyland-olivewood.com\/de\/produkt\/olivholz-kerzenstander-3\/#primaryimage"},"image":{"@id":"https:\/\/old.holyland-olivewood.com\/de\/produkt\/olivholz-kerzenstander-3\/#primaryimage"},"thumbnailUrl":"https:\/\/old.holyland-olivewood.com\/wp-content\/uploads\/2016\/05\/candlestick_holy_land_olive_wood_bethlehem_t102_1.jpg","datePublished":"2022-02-10T17:06:34+00:00","breadcrumb":{"@id":"https:\/\/old.holyland-olivewood.com\/de\/produkt\/olivholz-kerzenstander-3\/#breadcrumb"},"inLanguage":"de","potentialAction":[{"@type":"ReadAction","target":["https:\/\/old.holyland-olivewood.com\/de\/produkt\/olivholz-kerzenstander-3\/"]}]},{"@type":"ImageObject","inLanguage":"de","@id":"https:\/\/old.holyland-olivewood.com\/de\/produkt\/olivholz-kerzenstander-3\/#primaryimage","url":"https:\/\/old.holyland-olivewood.com\/wp-content\/uploads\/2016\/05\/candlestick_holy_land_olive_wood_bethlehem_t102_1.jpg","contentUrl":"https:\/\/old.holyland-olivewood.com\/wp-content\/uploads\/2016\/05\/candlestick_holy_land_olive_wood_bethlehem_t102_1.jpg","width":1550,"height":1200},{"@type":"BreadcrumbList","@id":"https:\/\/old.holyland-olivewood.com\/de\/produkt\/olivholz-kerzenstander-3\/#breadcrumb","itemListElement":[{"@type":"ListItem","position":1,"name":"Home","item":"https:\/\/old.holyland-olivewood.com\/de\/"},{"@type":"ListItem","position":2,"name":"Shop","item":"https:\/\/old.holyland-olivewood.com\/de\/shop\/"},{"@type":"ListItem","position":3,"name":"Olivenholz Kerzenst\u00e4nder #T102"}]},{"@type":"WebSite","@id":"https:\/\/old.holyland-olivewood.com\/de\/#website","url":"https:\/\/old.holyland-olivewood.com\/de\/","name":"Holy Land Olive Wood - Bethlehem Olive Wood Factory","description":"Holy Land Olivewood Bethlehem","publisher":{"@id":"https:\/\/old.holyland-olivewood.com\/de\/#organization"},"potentialAction":[{"@type":"SearchAction","target":{"@type":"EntryPoint","urlTemplate":"https:\/\/old.holyland-olivewood.com\/de\/?s={search_term_string}"},"query-input":{"@type":"PropertyValueSpecification","valueRequired":true,"valueName":"search_term_string"}}],"inLanguage":"de"},{"@type":"Organization","@id":"https:\/\/old.holyland-olivewood.com\/de\/#organization","name":"Holy Land Olivewood","url":"https:\/\/old.holyland-olivewood.com\/de\/","logo":{"@type":"ImageObject","inLanguage":"de","@id":"https:\/\/old.holyland-olivewood.com\/de\/#\/schema\/logo\/image\/","url":"","contentUrl":"","caption":"Holy Land Olivewood"},"image":{"@id":"https:\/\/old.holyland-olivewood.com\/de\/#\/schema\/logo\/image\/"},"sameAs":["https:\/\/www.facebook.com\/holylandolivewood.bethlehem\/","http:\/\/instagram.com\/holy.land.olive.wood"]}]}},"_links":{"self":[{"href":"https:\/\/old.holyland-olivewood.com\/de\/wp-json\/wp\/v2\/product\/44340","targetHints":{"allow":["GET"]}}],"collection":[{"href":"https:\/\/old.holyland-olivewood.com\/de\/wp-json\/wp\/v2\/product"}],"about":[{"href":"https:\/\/old.holyland-olivewood.com\/de\/wp-json\/wp\/v2\/types\/product"}],"wp:featuredmedia":[{"embeddable":true,"href":"https:\/\/old.holyland-olivewood.com\/de\/wp-json\/wp\/v2\/media\/29896"}],"wp:attachment":[{"href":"https:\/\/old.holyland-olivewood.com\/de\/wp-json\/wp\/v2\/media?parent=44340"}],"wp:term":[{"taxonomy":"product_brand","embeddable":true,"href":"https:\/\/old.holyland-olivewood.com\/de\/wp-json\/wp\/v2\/product_brand?post=44340"},{"taxonomy":"product_cat","embeddable":true,"href":"https:\/\/old.holyland-olivewood.com\/de\/wp-json\/wp\/v2\/product_cat?post=44340"},{"taxonomy":"product_tag","embeddable":true,"href":"https:\/\/old.holyland-olivewood.com\/de\/wp-json\/wp\/v2\/product_tag?post=44340"}],"curies":[{"name":"wp","href":"https:\/\/api.w.org\/{rel}","templated":true}]}}