{"id":44253,"date":"2016-05-31T10:49:32","date_gmt":"2022-02-10T17:00:28","guid":{"rendered":"https:\/\/old.holyland-olivewood.com\/product\/kommunionbecher-aus-olivenholz-t111\/"},"modified":"2022-02-10T17:00:28","modified_gmt":"2022-02-10T17:00:28","slug":"olivenholz-kommunion-tasse-2","status":"publish","type":"product","link":"https:\/\/old.holyland-olivewood.com\/de\/produkt\/olivenholz-kommunion-tasse-2\/","title":{"rendered":"Kommunionbecher aus Olivenholz #T111"},"content":{"rendered":"","protected":false},"excerpt":{"rendered":"<p>Dieser einfache und sch\u00f6ne Kommunionbecher wird im Heiligen Land aus nachhaltig geerntetem, authentischem Bethlehem-Olivenholz handgefertigt. Es ist wundersch\u00f6n im Kelchstil geformt. Unser sch\u00f6ner Kommunionbecher aus Olivenholz ist ein wunderbares, preiswertes Geschenk f\u00fcr Ihre Kirchengemeinde und Ihre Lieben. Wie kostbar ist es, das Abendmahl mit einem Kelch zu feiern, der in der Stadt Jesu Geburt geschaffen wurde!<\/p>\n<p>Dieser Artikel enth\u00e4lt ein Echtheitszertifikat, das die zur Herstellung dieses Produkts verwendeten Materialien und Techniken \u00fcberpr\u00fcft.<\/p>\n<p>Gr\u00f6\u00dfe: 4 cm (1.5&#8243;)<\/p>\n","protected":false},"featured_media":29980,"template":"","meta":[],"product_brand":[],"product_cat":[775,3004],"product_tag":[3452,778,926,872,1210,3423,1188,879,838,3434,3437,852,4078,844,865,961,3455,3431,3458,922,3440,900,894,887,3449,3461,807,822,968,2612,3443,3446,816,827,3425,3428],"class_list":{"0":"post-44253","1":"product","2":"type-product","3":"status-publish","4":"has-post-thumbnail","6":"product_cat-kunsthaandvaerk","7":"product_cat-geschirr","8":"product_tag-abendessen","9":"product_tag-betlehem-de","10":"product_tag-foedselskirken","11":"product_tag-gab","12":"product_tag-geschenke","13":"product_tag-geschirr","14":"product_tag-haandlavet-de","15":"product_tag-haandvaerk","16":"product_tag-hellig-de","17":"product_tag-inhaber","18":"product_tag-inhaber-de","19":"product_tag-jerusalem-de","20":"product_tag-jesus-de-2","21":"product_tag-jord-de","22":"product_tag-juli","23":"product_tag-katolsk-de","24":"product_tag-kelch","25":"product_tag-kerze","26":"product_tag-kerzenhalter","27":"product_tag-kirke-de","28":"product_tag-kommunion-de","29":"product_tag-kors-de","30":"product_tag-kristen-de","31":"product_tag-kunsthaandvaerk","32":"product_tag-letzte","33":"product_tag-leuchter","34":"product_tag-oliv","35":"product_tag-oliventrae-de","36":"product_tag-ortodoks-de","37":"product_tag-stern","38":"product_tag-tasse","39":"product_tag-tassen","40":"product_tag-trae-de","41":"product_tag-udskaering-de","42":"product_tag-vase-de","43":"product_tag-vasen","45":"first","46":"instock","47":"shipping-taxable","48":"purchasable","49":"product-type-simple"},"yoast_head":"<!-- This site is optimized with the Yoast SEO plugin v24.8.1 - https:\/\/yoast.com\/wordpress\/plugins\/seo\/ -->\n<title>Kommunionbecher aus Olivenholz #T111 - Holy Land Olive Wood - Bethlehem Olive Wood Factory<\/title>\n<meta name=\"description\" content=\"Bethlehem Olivenholz Kunsthandwerk (dh Geschirr, Tassen, Last, Abendessen, Perlen) Vasen, Kerze, Halter, Halter und Rohmaterial in Standard- und Sonderabmessungen.\" \/>\n<meta name=\"robots\" content=\"index, follow, max-snippet:-1, max-image-preview:large, max-video-preview:-1\" \/>\n<link rel=\"canonical\" href=\"https:\/\/old.holyland-olivewood.com\/de\/produkt\/olivenholz-kommunion-tasse-2\/\" \/>\n<meta property=\"og:locale\" content=\"de_DE\" \/>\n<meta property=\"og:type\" content=\"article\" \/>\n<meta property=\"og:title\" content=\"Kommunionbecher aus Olivenholz #T111 - Holy Land Olive Wood - Bethlehem Olive Wood Factory\" \/>\n<meta property=\"og:description\" content=\"Bethlehem Olivenholz Kunsthandwerk (dh Geschirr, Tassen, Last, Abendessen, Perlen) Vasen, Kerze, Halter, Halter und Rohmaterial in Standard- und Sonderabmessungen.\" \/>\n<meta property=\"og:url\" content=\"https:\/\/old.holyland-olivewood.com\/de\/produkt\/olivenholz-kommunion-tasse-2\/\" \/>\n<meta property=\"og:site_name\" content=\"Holy Land Olive Wood - Bethlehem Olive Wood Factory\" \/>\n<meta property=\"article:publisher\" content=\"https:\/\/www.facebook.com\/holylandolivewood.bethlehem\/\" \/>\n<meta property=\"og:image\" content=\"https:\/\/old.holyland-olivewood.com\/wp-content\/uploads\/2016\/05\/communion_cup_holy_land_olive_wood_bethlehem_t110_and_t111.jpg\" \/>\n\t<meta property=\"og:image:width\" content=\"1550\" \/>\n\t<meta property=\"og:image:height\" content=\"1200\" \/>\n\t<meta property=\"og:image:type\" content=\"image\/jpeg\" \/>\n<meta name=\"twitter:card\" content=\"summary_large_image\" \/>\n<script type=\"application\/ld+json\" class=\"yoast-schema-graph\">{\"@context\":\"https:\/\/schema.org\",\"@graph\":[{\"@type\":\"WebPage\",\"@id\":\"https:\/\/old.holyland-olivewood.com\/de\/produkt\/olivenholz-kommunion-tasse-2\/\",\"url\":\"https:\/\/old.holyland-olivewood.com\/de\/produkt\/olivenholz-kommunion-tasse-2\/\",\"name\":\"Kommunionbecher aus Olivenholz #T111 - Holy Land Olive Wood - Bethlehem Olive Wood Factory\",\"isPartOf\":{\"@id\":\"https:\/\/old.holyland-olivewood.com\/de\/#website\"},\"primaryImageOfPage\":{\"@id\":\"https:\/\/old.holyland-olivewood.com\/de\/produkt\/olivenholz-kommunion-tasse-2\/#primaryimage\"},\"image\":{\"@id\":\"https:\/\/old.holyland-olivewood.com\/de\/produkt\/olivenholz-kommunion-tasse-2\/#primaryimage\"},\"thumbnailUrl\":\"https:\/\/old.holyland-olivewood.com\/wp-content\/uploads\/2016\/05\/communion_cup_holy_land_olive_wood_bethlehem_t110_and_t111.jpg\",\"datePublished\":\"2022-02-10T17:00:28+00:00\",\"description\":\"Bethlehem Olivenholz Kunsthandwerk (dh Geschirr, Tassen, Last, Abendessen, Perlen) Vasen, Kerze, Halter, Halter und Rohmaterial in Standard- und Sonderabmessungen.\",\"breadcrumb\":{\"@id\":\"https:\/\/old.holyland-olivewood.com\/de\/produkt\/olivenholz-kommunion-tasse-2\/#breadcrumb\"},\"inLanguage\":\"de\",\"potentialAction\":[{\"@type\":\"ReadAction\",\"target\":[\"https:\/\/old.holyland-olivewood.com\/de\/produkt\/olivenholz-kommunion-tasse-2\/\"]}]},{\"@type\":\"ImageObject\",\"inLanguage\":\"de\",\"@id\":\"https:\/\/old.holyland-olivewood.com\/de\/produkt\/olivenholz-kommunion-tasse-2\/#primaryimage\",\"url\":\"https:\/\/old.holyland-olivewood.com\/wp-content\/uploads\/2016\/05\/communion_cup_holy_land_olive_wood_bethlehem_t110_and_t111.jpg\",\"contentUrl\":\"https:\/\/old.holyland-olivewood.com\/wp-content\/uploads\/2016\/05\/communion_cup_holy_land_olive_wood_bethlehem_t110_and_t111.jpg\",\"width\":1550,\"height\":1200},{\"@type\":\"BreadcrumbList\",\"@id\":\"https:\/\/old.holyland-olivewood.com\/de\/produkt\/olivenholz-kommunion-tasse-2\/#breadcrumb\",\"itemListElement\":[{\"@type\":\"ListItem\",\"position\":1,\"name\":\"Home\",\"item\":\"https:\/\/old.holyland-olivewood.com\/de\/\"},{\"@type\":\"ListItem\",\"position\":2,\"name\":\"Shop\",\"item\":\"https:\/\/old.holyland-olivewood.com\/de\/shop\/\"},{\"@type\":\"ListItem\",\"position\":3,\"name\":\"Kommunionbecher aus Olivenholz #T111\"}]},{\"@type\":\"WebSite\",\"@id\":\"https:\/\/old.holyland-olivewood.com\/de\/#website\",\"url\":\"https:\/\/old.holyland-olivewood.com\/de\/\",\"name\":\"Holy Land Olive Wood - Bethlehem Olive Wood Factory\",\"description\":\"Holy Land Olivewood Bethlehem\",\"publisher\":{\"@id\":\"https:\/\/old.holyland-olivewood.com\/de\/#organization\"},\"potentialAction\":[{\"@type\":\"SearchAction\",\"target\":{\"@type\":\"EntryPoint\",\"urlTemplate\":\"https:\/\/old.holyland-olivewood.com\/de\/?s={search_term_string}\"},\"query-input\":{\"@type\":\"PropertyValueSpecification\",\"valueRequired\":true,\"valueName\":\"search_term_string\"}}],\"inLanguage\":\"de\"},{\"@type\":\"Organization\",\"@id\":\"https:\/\/old.holyland-olivewood.com\/de\/#organization\",\"name\":\"Holy Land Olivewood\",\"url\":\"https:\/\/old.holyland-olivewood.com\/de\/\",\"logo\":{\"@type\":\"ImageObject\",\"inLanguage\":\"de\",\"@id\":\"https:\/\/old.holyland-olivewood.com\/de\/#\/schema\/logo\/image\/\",\"url\":\"\",\"contentUrl\":\"\",\"caption\":\"Holy Land Olivewood\"},\"image\":{\"@id\":\"https:\/\/old.holyland-olivewood.com\/de\/#\/schema\/logo\/image\/\"},\"sameAs\":[\"https:\/\/www.facebook.com\/holylandolivewood.bethlehem\/\",\"http:\/\/instagram.com\/holy.land.olive.wood\"]}]}<\/script>\n<!-- \/ Yoast SEO plugin. -->","yoast_head_json":{"title":"Kommunionbecher aus Olivenholz #T111 - Holy Land Olive Wood - Bethlehem Olive Wood Factory","description":"Bethlehem Olivenholz Kunsthandwerk (dh Geschirr, Tassen, Last, Abendessen, Perlen) Vasen, Kerze, Halter, Halter und Rohmaterial in Standard- und Sonderabmessungen.","robots":{"index":"index","follow":"follow","max-snippet":"max-snippet:-1","max-image-preview":"max-image-preview:large","max-video-preview":"max-video-preview:-1"},"canonical":"https:\/\/old.holyland-olivewood.com\/de\/produkt\/olivenholz-kommunion-tasse-2\/","og_locale":"de_DE","og_type":"article","og_title":"Kommunionbecher aus Olivenholz #T111 - Holy Land Olive Wood - Bethlehem Olive Wood Factory","og_description":"Bethlehem Olivenholz Kunsthandwerk (dh Geschirr, Tassen, Last, Abendessen, Perlen) Vasen, Kerze, Halter, Halter und Rohmaterial in Standard- und Sonderabmessungen.","og_url":"https:\/\/old.holyland-olivewood.com\/de\/produkt\/olivenholz-kommunion-tasse-2\/","og_site_name":"Holy Land Olive Wood - Bethlehem Olive Wood Factory","article_publisher":"https:\/\/www.facebook.com\/holylandolivewood.bethlehem\/","og_image":[{"width":1550,"height":1200,"url":"https:\/\/old.holyland-olivewood.com\/wp-content\/uploads\/2016\/05\/communion_cup_holy_land_olive_wood_bethlehem_t110_and_t111.jpg","type":"image\/jpeg"}],"twitter_card":"summary_large_image","schema":{"@context":"https:\/\/schema.org","@graph":[{"@type":"WebPage","@id":"https:\/\/old.holyland-olivewood.com\/de\/produkt\/olivenholz-kommunion-tasse-2\/","url":"https:\/\/old.holyland-olivewood.com\/de\/produkt\/olivenholz-kommunion-tasse-2\/","name":"Kommunionbecher aus Olivenholz #T111 - Holy Land Olive Wood - Bethlehem Olive Wood Factory","isPartOf":{"@id":"https:\/\/old.holyland-olivewood.com\/de\/#website"},"primaryImageOfPage":{"@id":"https:\/\/old.holyland-olivewood.com\/de\/produkt\/olivenholz-kommunion-tasse-2\/#primaryimage"},"image":{"@id":"https:\/\/old.holyland-olivewood.com\/de\/produkt\/olivenholz-kommunion-tasse-2\/#primaryimage"},"thumbnailUrl":"https:\/\/old.holyland-olivewood.com\/wp-content\/uploads\/2016\/05\/communion_cup_holy_land_olive_wood_bethlehem_t110_and_t111.jpg","datePublished":"2022-02-10T17:00:28+00:00","description":"Bethlehem Olivenholz Kunsthandwerk (dh Geschirr, Tassen, Last, Abendessen, Perlen) Vasen, Kerze, Halter, Halter und Rohmaterial in Standard- und Sonderabmessungen.","breadcrumb":{"@id":"https:\/\/old.holyland-olivewood.com\/de\/produkt\/olivenholz-kommunion-tasse-2\/#breadcrumb"},"inLanguage":"de","potentialAction":[{"@type":"ReadAction","target":["https:\/\/old.holyland-olivewood.com\/de\/produkt\/olivenholz-kommunion-tasse-2\/"]}]},{"@type":"ImageObject","inLanguage":"de","@id":"https:\/\/old.holyland-olivewood.com\/de\/produkt\/olivenholz-kommunion-tasse-2\/#primaryimage","url":"https:\/\/old.holyland-olivewood.com\/wp-content\/uploads\/2016\/05\/communion_cup_holy_land_olive_wood_bethlehem_t110_and_t111.jpg","contentUrl":"https:\/\/old.holyland-olivewood.com\/wp-content\/uploads\/2016\/05\/communion_cup_holy_land_olive_wood_bethlehem_t110_and_t111.jpg","width":1550,"height":1200},{"@type":"BreadcrumbList","@id":"https:\/\/old.holyland-olivewood.com\/de\/produkt\/olivenholz-kommunion-tasse-2\/#breadcrumb","itemListElement":[{"@type":"ListItem","position":1,"name":"Home","item":"https:\/\/old.holyland-olivewood.com\/de\/"},{"@type":"ListItem","position":2,"name":"Shop","item":"https:\/\/old.holyland-olivewood.com\/de\/shop\/"},{"@type":"ListItem","position":3,"name":"Kommunionbecher aus Olivenholz #T111"}]},{"@type":"WebSite","@id":"https:\/\/old.holyland-olivewood.com\/de\/#website","url":"https:\/\/old.holyland-olivewood.com\/de\/","name":"Holy Land Olive Wood - Bethlehem Olive Wood Factory","description":"Holy Land Olivewood Bethlehem","publisher":{"@id":"https:\/\/old.holyland-olivewood.com\/de\/#organization"},"potentialAction":[{"@type":"SearchAction","target":{"@type":"EntryPoint","urlTemplate":"https:\/\/old.holyland-olivewood.com\/de\/?s={search_term_string}"},"query-input":{"@type":"PropertyValueSpecification","valueRequired":true,"valueName":"search_term_string"}}],"inLanguage":"de"},{"@type":"Organization","@id":"https:\/\/old.holyland-olivewood.com\/de\/#organization","name":"Holy Land Olivewood","url":"https:\/\/old.holyland-olivewood.com\/de\/","logo":{"@type":"ImageObject","inLanguage":"de","@id":"https:\/\/old.holyland-olivewood.com\/de\/#\/schema\/logo\/image\/","url":"","contentUrl":"","caption":"Holy Land Olivewood"},"image":{"@id":"https:\/\/old.holyland-olivewood.com\/de\/#\/schema\/logo\/image\/"},"sameAs":["https:\/\/www.facebook.com\/holylandolivewood.bethlehem\/","http:\/\/instagram.com\/holy.land.olive.wood"]}]}},"_links":{"self":[{"href":"https:\/\/old.holyland-olivewood.com\/de\/wp-json\/wp\/v2\/product\/44253","targetHints":{"allow":["GET"]}}],"collection":[{"href":"https:\/\/old.holyland-olivewood.com\/de\/wp-json\/wp\/v2\/product"}],"about":[{"href":"https:\/\/old.holyland-olivewood.com\/de\/wp-json\/wp\/v2\/types\/product"}],"wp:featuredmedia":[{"embeddable":true,"href":"https:\/\/old.holyland-olivewood.com\/de\/wp-json\/wp\/v2\/media\/29980"}],"wp:attachment":[{"href":"https:\/\/old.holyland-olivewood.com\/de\/wp-json\/wp\/v2\/media?parent=44253"}],"wp:term":[{"taxonomy":"product_brand","embeddable":true,"href":"https:\/\/old.holyland-olivewood.com\/de\/wp-json\/wp\/v2\/product_brand?post=44253"},{"taxonomy":"product_cat","embeddable":true,"href":"https:\/\/old.holyland-olivewood.com\/de\/wp-json\/wp\/v2\/product_cat?post=44253"},{"taxonomy":"product_tag","embeddable":true,"href":"https:\/\/old.holyland-olivewood.com\/de\/wp-json\/wp\/v2\/product_tag?post=44253"}],"curies":[{"name":"wp","href":"https:\/\/api.w.org\/{rel}","templated":true}]}}