{"id":44058,"date":"2016-05-31T11:26:28","date_gmt":"2022-02-10T15:13:13","guid":{"rendered":"https:\/\/old.holyland-olivewood.com\/product\/olivenholz-arche-noah-fi101\/"},"modified":"2022-09-30T14:28:31","modified_gmt":"2022-09-30T14:28:31","slug":"olivenholz-noahs-arche","status":"publish","type":"product","link":"https:\/\/old.holyland-olivewood.com\/de\/produkt\/olivenholz-noahs-arche\/","title":{"rendered":"Olivenholz Arche Noah #FI101"},"content":{"rendered":"","protected":false},"excerpt":{"rendered":"<p>Diese wundersch\u00f6ne Arche Noah wird im Heiligen Land aus nachhaltig geerntetem, authentischem Bethlehem-Olivenholz handgefertigt. Dieses Olivenholzst\u00fcck ist sehr solide und langlebig. Die Oberfl\u00e4che hat ein feines Finish, das sich seidig glatt anf\u00fchlt.<\/p>\n<p>Die Geschichte von Noahs Arche: Nach dem Buch Genesis wurde noah auf Gottes Befehl gebaut, um sich selbst und die Tiere der Welt vor einer gro\u00dfen Flut zu retten. Die Flut sollte die Erde zerst\u00f6ren und das b\u00f6se und verdorbene Verhalten der Menschen bestrafen. Das Narrativ ist dem Judentum, dem Christentum und dem Islam gemeinsam.<\/p>\n<p>Dieser Artikel enth\u00e4lt ein Echtheitszertifikat, das die zur Herstellung dieses Produkts verwendeten Materialien und Techniken \u00fcberpr\u00fcft.<\/p>\n<p>Gr\u00f6\u00dfe: 12.5 cm x 9.5 cm x 13 cm (4.75&#8243; x 3.75&#8243; x 5.25&#8243;)<\/p>\n","protected":false},"featured_media":52815,"template":"","meta":[],"product_brand":[],"product_cat":[775,1786],"product_tag":[1821,1797,778,1807,915,1825,1828,1830,1814,926,872,1802,1188,879,1202,838,852,4078,844,865,961,976,922,900,894,909,887,1817,807,822,968,1789,1809,1792,816,827],"class_list":{"0":"post-44058","1":"product","2":"type-product","3":"status-publish","4":"has-post-thumbnail","6":"product_cat-kunsthaandvaerk","7":"product_cat-figuren","8":"product_tag-arche-de","9":"product_tag-betend","10":"product_tag-betlehem-de","11":"product_tag-bildhauerei","12":"product_tag-boen","13":"product_tag-buste-de","14":"product_tag-engel-de","15":"product_tag-engel-de-2","16":"product_tag-familie-de","17":"product_tag-foedselskirken","18":"product_tag-gab","19":"product_tag-hande","20":"product_tag-haandlavet-de","21":"product_tag-haandvaerk","22":"product_tag-heiraten","23":"product_tag-hellig-de","24":"product_tag-jerusalem-de","25":"product_tag-jesus-de-2","26":"product_tag-jord-de","27":"product_tag-juli","28":"product_tag-katolsk-de","29":"product_tag-keltisk-de","30":"product_tag-kirke-de","31":"product_tag-kors-de","32":"product_tag-kristen-de","33":"product_tag-krucifiks-de","34":"product_tag-kunsthaandvaerk","35":"product_tag-noach-de","36":"product_tag-oliv","37":"product_tag-oliventrae-de","38":"product_tag-ortodoks-de","39":"product_tag-skulpturen","40":"product_tag-standbilder","41":"product_tag-statue-de","42":"product_tag-trae-de","43":"product_tag-udskaering-de","45":"first","46":"instock","47":"shipping-taxable","48":"purchasable","49":"product-type-simple"},"yoast_head":"<!-- This site is optimized with the Yoast SEO plugin v24.8.1 - https:\/\/yoast.com\/wordpress\/plugins\/seo\/ -->\n<title>Olivenholz Arche Noah #FI101 - Holy Land Olive Wood - Bethlehem Olive Wood Factory<\/title>\n<meta name=\"description\" content=\"Kunsthandwerk aus Olivenholz in Bethlehem (z. B. Figuren, Krippen, Statuen, Skulpturen), Stiftrohlinge der Arche Noah und Rohmaterial in Standard- und Sonderabmessungen.\" \/>\n<meta name=\"robots\" content=\"index, follow, max-snippet:-1, max-image-preview:large, max-video-preview:-1\" \/>\n<link rel=\"canonical\" href=\"https:\/\/old.holyland-olivewood.com\/de\/produkt\/olivenholz-noahs-arche\/\" \/>\n<meta property=\"og:locale\" content=\"de_DE\" \/>\n<meta property=\"og:type\" content=\"article\" \/>\n<meta property=\"og:title\" content=\"Olivenholz Arche Noah #FI101 - Holy Land Olive Wood - Bethlehem Olive Wood Factory\" \/>\n<meta property=\"og:description\" content=\"Kunsthandwerk aus Olivenholz in Bethlehem (z. B. Figuren, Krippen, Statuen, Skulpturen), Stiftrohlinge der Arche Noah und Rohmaterial in Standard- und Sonderabmessungen.\" \/>\n<meta property=\"og:url\" content=\"https:\/\/old.holyland-olivewood.com\/de\/produkt\/olivenholz-noahs-arche\/\" \/>\n<meta property=\"og:site_name\" content=\"Holy Land Olive Wood - Bethlehem Olive Wood Factory\" \/>\n<meta property=\"article:publisher\" content=\"https:\/\/www.facebook.com\/holylandolivewood.bethlehem\/\" \/>\n<meta property=\"article:modified_time\" content=\"2022-09-30T14:28:31+00:00\" \/>\n<meta property=\"og:image\" content=\"https:\/\/old.holyland-olivewood.com\/wp-content\/uploads\/2016\/05\/noahs_ark_holy_land_olive_wood_bethlehem_fi101-1.jpg\" \/>\n\t<meta property=\"og:image:width\" content=\"1550\" \/>\n\t<meta property=\"og:image:height\" content=\"1200\" \/>\n\t<meta property=\"og:image:type\" content=\"image\/jpeg\" \/>\n<meta name=\"twitter:card\" content=\"summary_large_image\" \/>\n<script type=\"application\/ld+json\" class=\"yoast-schema-graph\">{\"@context\":\"https:\/\/schema.org\",\"@graph\":[{\"@type\":\"WebPage\",\"@id\":\"https:\/\/old.holyland-olivewood.com\/de\/produkt\/olivenholz-noahs-arche\/\",\"url\":\"https:\/\/old.holyland-olivewood.com\/de\/produkt\/olivenholz-noahs-arche\/\",\"name\":\"Olivenholz Arche Noah #FI101 - Holy Land Olive Wood - Bethlehem Olive Wood Factory\",\"isPartOf\":{\"@id\":\"https:\/\/old.holyland-olivewood.com\/de\/#website\"},\"primaryImageOfPage\":{\"@id\":\"https:\/\/old.holyland-olivewood.com\/de\/produkt\/olivenholz-noahs-arche\/#primaryimage\"},\"image\":{\"@id\":\"https:\/\/old.holyland-olivewood.com\/de\/produkt\/olivenholz-noahs-arche\/#primaryimage\"},\"thumbnailUrl\":\"https:\/\/old.holyland-olivewood.com\/wp-content\/uploads\/2016\/05\/noahs_ark_holy_land_olive_wood_bethlehem_fi101-1.jpg\",\"datePublished\":\"2022-02-10T15:13:13+00:00\",\"dateModified\":\"2022-09-30T14:28:31+00:00\",\"description\":\"Kunsthandwerk aus Olivenholz in Bethlehem (z. B. Figuren, Krippen, Statuen, Skulpturen), Stiftrohlinge der Arche Noah und Rohmaterial in Standard- und Sonderabmessungen.\",\"breadcrumb\":{\"@id\":\"https:\/\/old.holyland-olivewood.com\/de\/produkt\/olivenholz-noahs-arche\/#breadcrumb\"},\"inLanguage\":\"de\",\"potentialAction\":[{\"@type\":\"ReadAction\",\"target\":[\"https:\/\/old.holyland-olivewood.com\/de\/produkt\/olivenholz-noahs-arche\/\"]}]},{\"@type\":\"ImageObject\",\"inLanguage\":\"de\",\"@id\":\"https:\/\/old.holyland-olivewood.com\/de\/produkt\/olivenholz-noahs-arche\/#primaryimage\",\"url\":\"https:\/\/old.holyland-olivewood.com\/wp-content\/uploads\/2016\/05\/noahs_ark_holy_land_olive_wood_bethlehem_fi101-1.jpg\",\"contentUrl\":\"https:\/\/old.holyland-olivewood.com\/wp-content\/uploads\/2016\/05\/noahs_ark_holy_land_olive_wood_bethlehem_fi101-1.jpg\",\"width\":1550,\"height\":1200},{\"@type\":\"BreadcrumbList\",\"@id\":\"https:\/\/old.holyland-olivewood.com\/de\/produkt\/olivenholz-noahs-arche\/#breadcrumb\",\"itemListElement\":[{\"@type\":\"ListItem\",\"position\":1,\"name\":\"Home\",\"item\":\"https:\/\/old.holyland-olivewood.com\/de\/\"},{\"@type\":\"ListItem\",\"position\":2,\"name\":\"Shop\",\"item\":\"https:\/\/old.holyland-olivewood.com\/de\/shop\/\"},{\"@type\":\"ListItem\",\"position\":3,\"name\":\"Olivenholz Arche Noah #FI101\"}]},{\"@type\":\"WebSite\",\"@id\":\"https:\/\/old.holyland-olivewood.com\/de\/#website\",\"url\":\"https:\/\/old.holyland-olivewood.com\/de\/\",\"name\":\"Holy Land Olive Wood - Bethlehem Olive Wood Factory\",\"description\":\"Holy Land Olivewood Bethlehem\",\"publisher\":{\"@id\":\"https:\/\/old.holyland-olivewood.com\/de\/#organization\"},\"potentialAction\":[{\"@type\":\"SearchAction\",\"target\":{\"@type\":\"EntryPoint\",\"urlTemplate\":\"https:\/\/old.holyland-olivewood.com\/de\/?s={search_term_string}\"},\"query-input\":{\"@type\":\"PropertyValueSpecification\",\"valueRequired\":true,\"valueName\":\"search_term_string\"}}],\"inLanguage\":\"de\"},{\"@type\":\"Organization\",\"@id\":\"https:\/\/old.holyland-olivewood.com\/de\/#organization\",\"name\":\"Holy Land Olivewood\",\"url\":\"https:\/\/old.holyland-olivewood.com\/de\/\",\"logo\":{\"@type\":\"ImageObject\",\"inLanguage\":\"de\",\"@id\":\"https:\/\/old.holyland-olivewood.com\/de\/#\/schema\/logo\/image\/\",\"url\":\"\",\"contentUrl\":\"\",\"caption\":\"Holy Land Olivewood\"},\"image\":{\"@id\":\"https:\/\/old.holyland-olivewood.com\/de\/#\/schema\/logo\/image\/\"},\"sameAs\":[\"https:\/\/www.facebook.com\/holylandolivewood.bethlehem\/\",\"http:\/\/instagram.com\/holy.land.olive.wood\"]}]}<\/script>\n<!-- \/ Yoast SEO plugin. -->","yoast_head_json":{"title":"Olivenholz Arche Noah #FI101 - Holy Land Olive Wood - Bethlehem Olive Wood Factory","description":"Kunsthandwerk aus Olivenholz in Bethlehem (z. B. Figuren, Krippen, Statuen, Skulpturen), Stiftrohlinge der Arche Noah und Rohmaterial in Standard- und Sonderabmessungen.","robots":{"index":"index","follow":"follow","max-snippet":"max-snippet:-1","max-image-preview":"max-image-preview:large","max-video-preview":"max-video-preview:-1"},"canonical":"https:\/\/old.holyland-olivewood.com\/de\/produkt\/olivenholz-noahs-arche\/","og_locale":"de_DE","og_type":"article","og_title":"Olivenholz Arche Noah #FI101 - Holy Land Olive Wood - Bethlehem Olive Wood Factory","og_description":"Kunsthandwerk aus Olivenholz in Bethlehem (z. B. Figuren, Krippen, Statuen, Skulpturen), Stiftrohlinge der Arche Noah und Rohmaterial in Standard- und Sonderabmessungen.","og_url":"https:\/\/old.holyland-olivewood.com\/de\/produkt\/olivenholz-noahs-arche\/","og_site_name":"Holy Land Olive Wood - Bethlehem Olive Wood Factory","article_publisher":"https:\/\/www.facebook.com\/holylandolivewood.bethlehem\/","article_modified_time":"2022-09-30T14:28:31+00:00","og_image":[{"width":1550,"height":1200,"url":"https:\/\/old.holyland-olivewood.com\/wp-content\/uploads\/2016\/05\/noahs_ark_holy_land_olive_wood_bethlehem_fi101-1.jpg","type":"image\/jpeg"}],"twitter_card":"summary_large_image","schema":{"@context":"https:\/\/schema.org","@graph":[{"@type":"WebPage","@id":"https:\/\/old.holyland-olivewood.com\/de\/produkt\/olivenholz-noahs-arche\/","url":"https:\/\/old.holyland-olivewood.com\/de\/produkt\/olivenholz-noahs-arche\/","name":"Olivenholz Arche Noah #FI101 - Holy Land Olive Wood - Bethlehem Olive Wood Factory","isPartOf":{"@id":"https:\/\/old.holyland-olivewood.com\/de\/#website"},"primaryImageOfPage":{"@id":"https:\/\/old.holyland-olivewood.com\/de\/produkt\/olivenholz-noahs-arche\/#primaryimage"},"image":{"@id":"https:\/\/old.holyland-olivewood.com\/de\/produkt\/olivenholz-noahs-arche\/#primaryimage"},"thumbnailUrl":"https:\/\/old.holyland-olivewood.com\/wp-content\/uploads\/2016\/05\/noahs_ark_holy_land_olive_wood_bethlehem_fi101-1.jpg","datePublished":"2022-02-10T15:13:13+00:00","dateModified":"2022-09-30T14:28:31+00:00","description":"Kunsthandwerk aus Olivenholz in Bethlehem (z. B. Figuren, Krippen, Statuen, Skulpturen), Stiftrohlinge der Arche Noah und Rohmaterial in Standard- und Sonderabmessungen.","breadcrumb":{"@id":"https:\/\/old.holyland-olivewood.com\/de\/produkt\/olivenholz-noahs-arche\/#breadcrumb"},"inLanguage":"de","potentialAction":[{"@type":"ReadAction","target":["https:\/\/old.holyland-olivewood.com\/de\/produkt\/olivenholz-noahs-arche\/"]}]},{"@type":"ImageObject","inLanguage":"de","@id":"https:\/\/old.holyland-olivewood.com\/de\/produkt\/olivenholz-noahs-arche\/#primaryimage","url":"https:\/\/old.holyland-olivewood.com\/wp-content\/uploads\/2016\/05\/noahs_ark_holy_land_olive_wood_bethlehem_fi101-1.jpg","contentUrl":"https:\/\/old.holyland-olivewood.com\/wp-content\/uploads\/2016\/05\/noahs_ark_holy_land_olive_wood_bethlehem_fi101-1.jpg","width":1550,"height":1200},{"@type":"BreadcrumbList","@id":"https:\/\/old.holyland-olivewood.com\/de\/produkt\/olivenholz-noahs-arche\/#breadcrumb","itemListElement":[{"@type":"ListItem","position":1,"name":"Home","item":"https:\/\/old.holyland-olivewood.com\/de\/"},{"@type":"ListItem","position":2,"name":"Shop","item":"https:\/\/old.holyland-olivewood.com\/de\/shop\/"},{"@type":"ListItem","position":3,"name":"Olivenholz Arche Noah #FI101"}]},{"@type":"WebSite","@id":"https:\/\/old.holyland-olivewood.com\/de\/#website","url":"https:\/\/old.holyland-olivewood.com\/de\/","name":"Holy Land Olive Wood - Bethlehem Olive Wood Factory","description":"Holy Land Olivewood Bethlehem","publisher":{"@id":"https:\/\/old.holyland-olivewood.com\/de\/#organization"},"potentialAction":[{"@type":"SearchAction","target":{"@type":"EntryPoint","urlTemplate":"https:\/\/old.holyland-olivewood.com\/de\/?s={search_term_string}"},"query-input":{"@type":"PropertyValueSpecification","valueRequired":true,"valueName":"search_term_string"}}],"inLanguage":"de"},{"@type":"Organization","@id":"https:\/\/old.holyland-olivewood.com\/de\/#organization","name":"Holy Land Olivewood","url":"https:\/\/old.holyland-olivewood.com\/de\/","logo":{"@type":"ImageObject","inLanguage":"de","@id":"https:\/\/old.holyland-olivewood.com\/de\/#\/schema\/logo\/image\/","url":"","contentUrl":"","caption":"Holy Land Olivewood"},"image":{"@id":"https:\/\/old.holyland-olivewood.com\/de\/#\/schema\/logo\/image\/"},"sameAs":["https:\/\/www.facebook.com\/holylandolivewood.bethlehem\/","http:\/\/instagram.com\/holy.land.olive.wood"]}]}},"_links":{"self":[{"href":"https:\/\/old.holyland-olivewood.com\/de\/wp-json\/wp\/v2\/product\/44058","targetHints":{"allow":["GET"]}}],"collection":[{"href":"https:\/\/old.holyland-olivewood.com\/de\/wp-json\/wp\/v2\/product"}],"about":[{"href":"https:\/\/old.holyland-olivewood.com\/de\/wp-json\/wp\/v2\/types\/product"}],"wp:featuredmedia":[{"embeddable":true,"href":"https:\/\/old.holyland-olivewood.com\/de\/wp-json\/wp\/v2\/media\/52815"}],"wp:attachment":[{"href":"https:\/\/old.holyland-olivewood.com\/de\/wp-json\/wp\/v2\/media?parent=44058"}],"wp:term":[{"taxonomy":"product_brand","embeddable":true,"href":"https:\/\/old.holyland-olivewood.com\/de\/wp-json\/wp\/v2\/product_brand?post=44058"},{"taxonomy":"product_cat","embeddable":true,"href":"https:\/\/old.holyland-olivewood.com\/de\/wp-json\/wp\/v2\/product_cat?post=44058"},{"taxonomy":"product_tag","embeddable":true,"href":"https:\/\/old.holyland-olivewood.com\/de\/wp-json\/wp\/v2\/product_tag?post=44058"}],"curies":[{"name":"wp","href":"https:\/\/api.w.org\/{rel}","templated":true}]}}