{"id":43356,"date":"2016-06-24T14:50:53","date_gmt":"2022-02-09T13:11:21","guid":{"rendered":"https:\/\/old.holyland-olivewood.com\/product\/reine-olivenoelseife-so119\/"},"modified":"2022-02-09T13:16:13","modified_gmt":"2022-02-09T13:16:13","slug":"reine-olivenol-seife","status":"publish","type":"product","link":"https:\/\/old.holyland-olivewood.com\/de\/produkt\/reine-olivenol-seife\/","title":{"rendered":"Reine Oliven\u00f6lseife #SO119"},"content":{"rendered":"","protected":false},"excerpt":{"rendered":"<p><strong>Reine Oliven\u00f6lseife<\/strong><\/p>\n<p>Reine Oliven\u00f6lseife, traditionell hergestellt und verifiziert, um BIO, Vegan, Halal und PSI Qualit\u00e4t auf den M\u00e4rkten auf der ganzen Welt seit Jahrzehnten zu sein.<\/p>\n<p>Die Geburt der Nablus-Seifenindustrie kann Hunderte von Jahren bis ins zehnte Jahrhundert zur\u00fcckverfolgt werden. Die meisten Fabriken befinden sich in der Altstadt. Zu Beginn des 19. Jahrhunderts beherbergte Nablus mehr als 30 Seifenfabriken. Die meisten von ihnen funktionieren noch.<\/p>\n<p>Nicht an Tieren getestet.<\/p>\n<p>Gewicht: 125g<\/p>\n","protected":false},"featured_media":38233,"template":"","meta":[],"product_brand":[],"product_cat":[1793,3097],"product_tag":[3128,2617,778,3110,3131,872,1210,3121,1188,879,838,3099,852,844,865,900,3103,887,3104,3114,2966,3101,1833,807,822,3144,3137,3108,3116,3102,3100,3106,3134,3112,816,3119,3140,3125,3098],"class_list":{"0":"post-43356","1":"product","2":"type-product","3":"status-publish","4":"has-post-thumbnail","6":"product_cat-verschiedenes","7":"product_cat-olivenseife","8":"product_tag-avocado-de","9":"product_tag-baum","10":"product_tag-betlehem-de","11":"product_tag-datteln","12":"product_tag-feige","13":"product_tag-gab","14":"product_tag-geschenke","15":"product_tag-granatapfel","16":"product_tag-haandlavet-de","17":"product_tag-haandvaerk","18":"product_tag-hellig-de","19":"product_tag-honig","20":"product_tag-jerusalem-de","21":"product_tag-jord-de","22":"product_tag-juli","23":"product_tag-kors-de","24":"product_tag-kreuzkummel","25":"product_tag-kunsthaandvaerk","26":"product_tag-lavendel-de","27":"product_tag-meer","28":"product_tag-milch","29":"product_tag-minze","30":"product_tag-ol","31":"product_tag-oliv","32":"product_tag-oliventrae-de","33":"product_tag-rein","34":"product_tag-safran-de","35":"product_tag-salbei","36":"product_tag-schlamm","37":"product_tag-schwarz","38":"product_tag-seife","39":"product_tag-tee","40":"product_tag-thymian","41":"product_tag-tot","42":"product_tag-trae-de","43":"product_tag-weintraube","44":"product_tag-ziege","45":"product_tag-zimt","46":"product_tag-zitrone","48":"first","49":"instock","50":"shipping-taxable","51":"purchasable","52":"product-type-simple"},"yoast_head":"<!-- This site is optimized with the Yoast SEO plugin v24.8.1 - https:\/\/yoast.com\/wordpress\/plugins\/seo\/ -->\n<title>Reine Oliven\u00f6lseife #SO119 - Holy Land Olive Wood - Bethlehem Olive Wood Factory<\/title>\n<meta name=\"description\" content=\"Bethlehem Olivenholz Kunsthandwerk (dh Oliven\u00f6l Seife, Perlen) Stift-Rohlinge Schnitzereien, Platten, Bl\u00f6cke, &amp; Rohmaterial in Standard- und kundenspezifischen Abmessungen\" \/>\n<meta name=\"robots\" content=\"index, follow, max-snippet:-1, max-image-preview:large, max-video-preview:-1\" \/>\n<link rel=\"canonical\" href=\"https:\/\/old.holyland-olivewood.com\/de\/produkt\/reine-olivenol-seife\/\" \/>\n<meta property=\"og:locale\" content=\"de_DE\" \/>\n<meta property=\"og:type\" content=\"article\" \/>\n<meta property=\"og:title\" content=\"Reine Oliven\u00f6lseife #SO119 - Holy Land Olive Wood - Bethlehem Olive Wood Factory\" \/>\n<meta property=\"og:description\" content=\"Bethlehem Olivenholz Kunsthandwerk (dh Oliven\u00f6l Seife, Perlen) Stift-Rohlinge Schnitzereien, Platten, Bl\u00f6cke, &amp; Rohmaterial in Standard- und kundenspezifischen Abmessungen\" \/>\n<meta property=\"og:url\" content=\"https:\/\/old.holyland-olivewood.com\/de\/produkt\/reine-olivenol-seife\/\" \/>\n<meta property=\"og:site_name\" content=\"Holy Land Olive Wood - Bethlehem Olive Wood Factory\" \/>\n<meta property=\"article:publisher\" content=\"https:\/\/www.facebook.com\/holylandolivewood.bethlehem\/\" \/>\n<meta property=\"article:modified_time\" content=\"2022-02-09T13:16:13+00:00\" \/>\n<meta property=\"og:image\" content=\"https:\/\/old.holyland-olivewood.com\/wp-content\/uploads\/2016\/06\/olive_soap_holy_land_olive_wood_bethlehem-so119.jpg\" \/>\n\t<meta property=\"og:image:width\" content=\"1550\" \/>\n\t<meta property=\"og:image:height\" content=\"1200\" \/>\n\t<meta property=\"og:image:type\" content=\"image\/jpeg\" \/>\n<meta name=\"twitter:card\" content=\"summary_large_image\" \/>\n<script type=\"application\/ld+json\" class=\"yoast-schema-graph\">{\"@context\":\"https:\/\/schema.org\",\"@graph\":[{\"@type\":\"WebPage\",\"@id\":\"https:\/\/old.holyland-olivewood.com\/de\/produkt\/reine-olivenol-seife\/\",\"url\":\"https:\/\/old.holyland-olivewood.com\/de\/produkt\/reine-olivenol-seife\/\",\"name\":\"Reine Oliven\u00f6lseife #SO119 - Holy Land Olive Wood - Bethlehem Olive Wood Factory\",\"isPartOf\":{\"@id\":\"https:\/\/old.holyland-olivewood.com\/de\/#website\"},\"primaryImageOfPage\":{\"@id\":\"https:\/\/old.holyland-olivewood.com\/de\/produkt\/reine-olivenol-seife\/#primaryimage\"},\"image\":{\"@id\":\"https:\/\/old.holyland-olivewood.com\/de\/produkt\/reine-olivenol-seife\/#primaryimage\"},\"thumbnailUrl\":\"https:\/\/old.holyland-olivewood.com\/wp-content\/uploads\/2016\/06\/olive_soap_holy_land_olive_wood_bethlehem-so119.jpg\",\"datePublished\":\"2022-02-09T13:11:21+00:00\",\"dateModified\":\"2022-02-09T13:16:13+00:00\",\"description\":\"Bethlehem Olivenholz Kunsthandwerk (dh Oliven\u00f6l Seife, Perlen) Stift-Rohlinge Schnitzereien, Platten, Bl\u00f6cke, & Rohmaterial in Standard- und kundenspezifischen Abmessungen\",\"breadcrumb\":{\"@id\":\"https:\/\/old.holyland-olivewood.com\/de\/produkt\/reine-olivenol-seife\/#breadcrumb\"},\"inLanguage\":\"de\",\"potentialAction\":[{\"@type\":\"ReadAction\",\"target\":[\"https:\/\/old.holyland-olivewood.com\/de\/produkt\/reine-olivenol-seife\/\"]}]},{\"@type\":\"ImageObject\",\"inLanguage\":\"de\",\"@id\":\"https:\/\/old.holyland-olivewood.com\/de\/produkt\/reine-olivenol-seife\/#primaryimage\",\"url\":\"https:\/\/old.holyland-olivewood.com\/wp-content\/uploads\/2016\/06\/olive_soap_holy_land_olive_wood_bethlehem-so119.jpg\",\"contentUrl\":\"https:\/\/old.holyland-olivewood.com\/wp-content\/uploads\/2016\/06\/olive_soap_holy_land_olive_wood_bethlehem-so119.jpg\",\"width\":1550,\"height\":1200},{\"@type\":\"BreadcrumbList\",\"@id\":\"https:\/\/old.holyland-olivewood.com\/de\/produkt\/reine-olivenol-seife\/#breadcrumb\",\"itemListElement\":[{\"@type\":\"ListItem\",\"position\":1,\"name\":\"Home\",\"item\":\"https:\/\/old.holyland-olivewood.com\/de\/\"},{\"@type\":\"ListItem\",\"position\":2,\"name\":\"Shop\",\"item\":\"https:\/\/old.holyland-olivewood.com\/de\/shop\/\"},{\"@type\":\"ListItem\",\"position\":3,\"name\":\"Reine Oliven\u00f6lseife #SO119\"}]},{\"@type\":\"WebSite\",\"@id\":\"https:\/\/old.holyland-olivewood.com\/de\/#website\",\"url\":\"https:\/\/old.holyland-olivewood.com\/de\/\",\"name\":\"Holy Land Olive Wood - Bethlehem Olive Wood Factory\",\"description\":\"Holy Land Olivewood Bethlehem\",\"publisher\":{\"@id\":\"https:\/\/old.holyland-olivewood.com\/de\/#organization\"},\"potentialAction\":[{\"@type\":\"SearchAction\",\"target\":{\"@type\":\"EntryPoint\",\"urlTemplate\":\"https:\/\/old.holyland-olivewood.com\/de\/?s={search_term_string}\"},\"query-input\":{\"@type\":\"PropertyValueSpecification\",\"valueRequired\":true,\"valueName\":\"search_term_string\"}}],\"inLanguage\":\"de\"},{\"@type\":\"Organization\",\"@id\":\"https:\/\/old.holyland-olivewood.com\/de\/#organization\",\"name\":\"Holy Land Olivewood\",\"url\":\"https:\/\/old.holyland-olivewood.com\/de\/\",\"logo\":{\"@type\":\"ImageObject\",\"inLanguage\":\"de\",\"@id\":\"https:\/\/old.holyland-olivewood.com\/de\/#\/schema\/logo\/image\/\",\"url\":\"\",\"contentUrl\":\"\",\"caption\":\"Holy Land Olivewood\"},\"image\":{\"@id\":\"https:\/\/old.holyland-olivewood.com\/de\/#\/schema\/logo\/image\/\"},\"sameAs\":[\"https:\/\/www.facebook.com\/holylandolivewood.bethlehem\/\",\"http:\/\/instagram.com\/holy.land.olive.wood\"]}]}<\/script>\n<!-- \/ Yoast SEO plugin. -->","yoast_head_json":{"title":"Reine Oliven\u00f6lseife #SO119 - Holy Land Olive Wood - Bethlehem Olive Wood Factory","description":"Bethlehem Olivenholz Kunsthandwerk (dh Oliven\u00f6l Seife, Perlen) Stift-Rohlinge Schnitzereien, Platten, Bl\u00f6cke, & Rohmaterial in Standard- und kundenspezifischen Abmessungen","robots":{"index":"index","follow":"follow","max-snippet":"max-snippet:-1","max-image-preview":"max-image-preview:large","max-video-preview":"max-video-preview:-1"},"canonical":"https:\/\/old.holyland-olivewood.com\/de\/produkt\/reine-olivenol-seife\/","og_locale":"de_DE","og_type":"article","og_title":"Reine Oliven\u00f6lseife #SO119 - Holy Land Olive Wood - Bethlehem Olive Wood Factory","og_description":"Bethlehem Olivenholz Kunsthandwerk (dh Oliven\u00f6l Seife, Perlen) Stift-Rohlinge Schnitzereien, Platten, Bl\u00f6cke, & Rohmaterial in Standard- und kundenspezifischen Abmessungen","og_url":"https:\/\/old.holyland-olivewood.com\/de\/produkt\/reine-olivenol-seife\/","og_site_name":"Holy Land Olive Wood - Bethlehem Olive Wood Factory","article_publisher":"https:\/\/www.facebook.com\/holylandolivewood.bethlehem\/","article_modified_time":"2022-02-09T13:16:13+00:00","og_image":[{"width":1550,"height":1200,"url":"https:\/\/old.holyland-olivewood.com\/wp-content\/uploads\/2016\/06\/olive_soap_holy_land_olive_wood_bethlehem-so119.jpg","type":"image\/jpeg"}],"twitter_card":"summary_large_image","schema":{"@context":"https:\/\/schema.org","@graph":[{"@type":"WebPage","@id":"https:\/\/old.holyland-olivewood.com\/de\/produkt\/reine-olivenol-seife\/","url":"https:\/\/old.holyland-olivewood.com\/de\/produkt\/reine-olivenol-seife\/","name":"Reine Oliven\u00f6lseife #SO119 - Holy Land Olive Wood - Bethlehem Olive Wood Factory","isPartOf":{"@id":"https:\/\/old.holyland-olivewood.com\/de\/#website"},"primaryImageOfPage":{"@id":"https:\/\/old.holyland-olivewood.com\/de\/produkt\/reine-olivenol-seife\/#primaryimage"},"image":{"@id":"https:\/\/old.holyland-olivewood.com\/de\/produkt\/reine-olivenol-seife\/#primaryimage"},"thumbnailUrl":"https:\/\/old.holyland-olivewood.com\/wp-content\/uploads\/2016\/06\/olive_soap_holy_land_olive_wood_bethlehem-so119.jpg","datePublished":"2022-02-09T13:11:21+00:00","dateModified":"2022-02-09T13:16:13+00:00","description":"Bethlehem Olivenholz Kunsthandwerk (dh Oliven\u00f6l Seife, Perlen) Stift-Rohlinge Schnitzereien, Platten, Bl\u00f6cke, & Rohmaterial in Standard- und kundenspezifischen Abmessungen","breadcrumb":{"@id":"https:\/\/old.holyland-olivewood.com\/de\/produkt\/reine-olivenol-seife\/#breadcrumb"},"inLanguage":"de","potentialAction":[{"@type":"ReadAction","target":["https:\/\/old.holyland-olivewood.com\/de\/produkt\/reine-olivenol-seife\/"]}]},{"@type":"ImageObject","inLanguage":"de","@id":"https:\/\/old.holyland-olivewood.com\/de\/produkt\/reine-olivenol-seife\/#primaryimage","url":"https:\/\/old.holyland-olivewood.com\/wp-content\/uploads\/2016\/06\/olive_soap_holy_land_olive_wood_bethlehem-so119.jpg","contentUrl":"https:\/\/old.holyland-olivewood.com\/wp-content\/uploads\/2016\/06\/olive_soap_holy_land_olive_wood_bethlehem-so119.jpg","width":1550,"height":1200},{"@type":"BreadcrumbList","@id":"https:\/\/old.holyland-olivewood.com\/de\/produkt\/reine-olivenol-seife\/#breadcrumb","itemListElement":[{"@type":"ListItem","position":1,"name":"Home","item":"https:\/\/old.holyland-olivewood.com\/de\/"},{"@type":"ListItem","position":2,"name":"Shop","item":"https:\/\/old.holyland-olivewood.com\/de\/shop\/"},{"@type":"ListItem","position":3,"name":"Reine Oliven\u00f6lseife #SO119"}]},{"@type":"WebSite","@id":"https:\/\/old.holyland-olivewood.com\/de\/#website","url":"https:\/\/old.holyland-olivewood.com\/de\/","name":"Holy Land Olive Wood - Bethlehem Olive Wood Factory","description":"Holy Land Olivewood Bethlehem","publisher":{"@id":"https:\/\/old.holyland-olivewood.com\/de\/#organization"},"potentialAction":[{"@type":"SearchAction","target":{"@type":"EntryPoint","urlTemplate":"https:\/\/old.holyland-olivewood.com\/de\/?s={search_term_string}"},"query-input":{"@type":"PropertyValueSpecification","valueRequired":true,"valueName":"search_term_string"}}],"inLanguage":"de"},{"@type":"Organization","@id":"https:\/\/old.holyland-olivewood.com\/de\/#organization","name":"Holy Land Olivewood","url":"https:\/\/old.holyland-olivewood.com\/de\/","logo":{"@type":"ImageObject","inLanguage":"de","@id":"https:\/\/old.holyland-olivewood.com\/de\/#\/schema\/logo\/image\/","url":"","contentUrl":"","caption":"Holy Land Olivewood"},"image":{"@id":"https:\/\/old.holyland-olivewood.com\/de\/#\/schema\/logo\/image\/"},"sameAs":["https:\/\/www.facebook.com\/holylandolivewood.bethlehem\/","http:\/\/instagram.com\/holy.land.olive.wood"]}]}},"_links":{"self":[{"href":"https:\/\/old.holyland-olivewood.com\/de\/wp-json\/wp\/v2\/product\/43356","targetHints":{"allow":["GET"]}}],"collection":[{"href":"https:\/\/old.holyland-olivewood.com\/de\/wp-json\/wp\/v2\/product"}],"about":[{"href":"https:\/\/old.holyland-olivewood.com\/de\/wp-json\/wp\/v2\/types\/product"}],"wp:featuredmedia":[{"embeddable":true,"href":"https:\/\/old.holyland-olivewood.com\/de\/wp-json\/wp\/v2\/media\/38233"}],"wp:attachment":[{"href":"https:\/\/old.holyland-olivewood.com\/de\/wp-json\/wp\/v2\/media?parent=43356"}],"wp:term":[{"taxonomy":"product_brand","embeddable":true,"href":"https:\/\/old.holyland-olivewood.com\/de\/wp-json\/wp\/v2\/product_brand?post=43356"},{"taxonomy":"product_cat","embeddable":true,"href":"https:\/\/old.holyland-olivewood.com\/de\/wp-json\/wp\/v2\/product_cat?post=43356"},{"taxonomy":"product_tag","embeddable":true,"href":"https:\/\/old.holyland-olivewood.com\/de\/wp-json\/wp\/v2\/product_tag?post=43356"}],"curies":[{"name":"wp","href":"https:\/\/api.w.org\/{rel}","templated":true}]}}