{"id":42840,"date":"2018-01-19T16:32:00","date_gmt":"2022-02-09T08:23:22","guid":{"rendered":"https:\/\/old.holyland-olivewood.com\/product\/bethlehem-olivewood-flaschenverschluss-ki134\/"},"modified":"2022-02-09T08:23:22","modified_gmt":"2022-02-09T08:23:22","slug":"hunter-handcrafted-bethlehem-olivewood-bolt-action-pen-pe108-copy-2","status":"publish","type":"product","link":"https:\/\/old.holyland-olivewood.com\/de\/produkt\/hunter-handcrafted-bethlehem-olivewood-bolt-action-pen-pe108-copy-2\/","title":{"rendered":"Bethlehem Olivewood Flaschenverschluss #KI134"},"content":{"rendered":"","protected":false},"excerpt":{"rendered":"<p><strong>Bethlehem Olivewood Flaschenverschluss<\/strong><\/p>\n<p>Dieser handgedrehte Flaschenverschluss h\u00e4lt ein Leben lang und ist ein gro\u00dfartiges Geschenk f\u00fcr alle, die Handwerkskunst und die rohe Sch\u00f6nheit nat\u00fcrlicher Materialien sch\u00e4tzen. Der Griff dieses Flaschenverschlusses besteht aus nachhaltig geerntetem, echtem Bethlehem-Olivenholz, das mit einem polierten Edelstahl-Flascheneinsatz verschraubt ist, der \u00fcber sechs aufeinanderfolgende Silikon-O-Ringe verf\u00fcgt, um jede Flasche eng anzuordnen und Ihren Wein, Ihre Spirituosen, Ihr Oliven\u00f6l oder Ihren Essig zu sch\u00fctzen.<\/p>\n<p>Bethlehem Olivewood ist ein exotisches Material, das ein glatteres Finish als fast jedes andere Holz hat und sein stark kontrastierendes Maserungsmuster immer wieder beeindruckt. Da Bethlehem Olivewood ein Produkt der Natur ist, hat jeder Flaschenverschluss ein einmaliges, individuelles Maserungsmuster.<\/p>\n<p>Dieser Artikel enth\u00e4lt ein Echtheitszertifikat, das die zur Herstellung dieses Produkts verwendeten Materialien und Techniken \u00fcberpr\u00fcft.<\/p>\n<p><strong>Gr\u00f6\u00dfe:<\/strong> 5 cm x 5 cm x 14 cm (2&#8243; x 2&#8243; x 5.5&#8243;)<\/p>\n","protected":false},"featured_media":33818,"template":"","meta":[],"product_brand":[],"product_cat":[775,2909],"product_tag":[778,2912,879,2507,2910,822],"class_list":{"0":"post-42840","1":"product","2":"type-product","3":"status-publish","4":"has-post-thumbnail","6":"product_cat-kunsthaandvaerk","7":"product_cat-kuchengeschirr","8":"product_tag-betlehem-de","9":"product_tag-flaschenstopsel","10":"product_tag-haandvaerk","11":"product_tag-heiliges-land-de","12":"product_tag-kuchengeschirr","13":"product_tag-oliventrae-de","15":"first","16":"outofstock","17":"shipping-taxable","18":"purchasable","19":"product-type-simple"},"yoast_head":"<!-- This site is optimized with the Yoast SEO plugin v24.8.1 - https:\/\/yoast.com\/wordpress\/plugins\/seo\/ -->\n<title>Bethlehem Olivewood Flaschenverschluss #KI134 - Holy Land Olive Wood - Bethlehem Olive Wood Factory<\/title>\n<meta name=\"description\" content=\"Bethlehem Olivenholz Kunsthandwerk (dh K\u00fcchenutensilien, Flaschenverschluss), Honigl\u00f6ffel, Spatel, Gabel, M\u00f6rtel und Rohmaterial in Standard- und kundenspezifischen Abmessungen.\" \/>\n<meta name=\"robots\" content=\"index, follow, max-snippet:-1, max-image-preview:large, max-video-preview:-1\" \/>\n<link rel=\"canonical\" href=\"https:\/\/old.holyland-olivewood.com\/de\/produkt\/hunter-handcrafted-bethlehem-olivewood-bolt-action-pen-pe108-copy-2\/\" \/>\n<meta property=\"og:locale\" content=\"de_DE\" \/>\n<meta property=\"og:type\" content=\"article\" \/>\n<meta property=\"og:title\" content=\"Bethlehem Olivewood Flaschenverschluss #KI134 - Holy Land Olive Wood - Bethlehem Olive Wood Factory\" \/>\n<meta property=\"og:description\" content=\"Bethlehem Olivenholz Kunsthandwerk (dh K\u00fcchenutensilien, Flaschenverschluss), Honigl\u00f6ffel, Spatel, Gabel, M\u00f6rtel und Rohmaterial in Standard- und kundenspezifischen Abmessungen.\" \/>\n<meta property=\"og:url\" content=\"https:\/\/old.holyland-olivewood.com\/de\/produkt\/hunter-handcrafted-bethlehem-olivewood-bolt-action-pen-pe108-copy-2\/\" \/>\n<meta property=\"og:site_name\" content=\"Holy Land Olive Wood - Bethlehem Olive Wood Factory\" \/>\n<meta property=\"article:publisher\" content=\"https:\/\/www.facebook.com\/holylandolivewood.bethlehem\/\" \/>\n<meta property=\"og:image\" content=\"https:\/\/old.holyland-olivewood.com\/wp-content\/uploads\/2018\/01\/kitchenware_bottle_stopper_holy_land_olive_wood_bethlehem_ki134.jpg\" \/>\n\t<meta property=\"og:image:width\" content=\"1550\" \/>\n\t<meta property=\"og:image:height\" content=\"1200\" \/>\n\t<meta property=\"og:image:type\" content=\"image\/jpeg\" \/>\n<meta name=\"twitter:card\" content=\"summary_large_image\" \/>\n<script type=\"application\/ld+json\" class=\"yoast-schema-graph\">{\"@context\":\"https:\/\/schema.org\",\"@graph\":[{\"@type\":\"WebPage\",\"@id\":\"https:\/\/old.holyland-olivewood.com\/de\/produkt\/hunter-handcrafted-bethlehem-olivewood-bolt-action-pen-pe108-copy-2\/\",\"url\":\"https:\/\/old.holyland-olivewood.com\/de\/produkt\/hunter-handcrafted-bethlehem-olivewood-bolt-action-pen-pe108-copy-2\/\",\"name\":\"Bethlehem Olivewood Flaschenverschluss #KI134 - Holy Land Olive Wood - Bethlehem Olive Wood Factory\",\"isPartOf\":{\"@id\":\"https:\/\/old.holyland-olivewood.com\/de\/#website\"},\"primaryImageOfPage\":{\"@id\":\"https:\/\/old.holyland-olivewood.com\/de\/produkt\/hunter-handcrafted-bethlehem-olivewood-bolt-action-pen-pe108-copy-2\/#primaryimage\"},\"image\":{\"@id\":\"https:\/\/old.holyland-olivewood.com\/de\/produkt\/hunter-handcrafted-bethlehem-olivewood-bolt-action-pen-pe108-copy-2\/#primaryimage\"},\"thumbnailUrl\":\"https:\/\/old.holyland-olivewood.com\/wp-content\/uploads\/2018\/01\/kitchenware_bottle_stopper_holy_land_olive_wood_bethlehem_ki134.jpg\",\"datePublished\":\"2022-02-09T08:23:22+00:00\",\"description\":\"Bethlehem Olivenholz Kunsthandwerk (dh K\u00fcchenutensilien, Flaschenverschluss), Honigl\u00f6ffel, Spatel, Gabel, M\u00f6rtel und Rohmaterial in Standard- und kundenspezifischen Abmessungen.\",\"breadcrumb\":{\"@id\":\"https:\/\/old.holyland-olivewood.com\/de\/produkt\/hunter-handcrafted-bethlehem-olivewood-bolt-action-pen-pe108-copy-2\/#breadcrumb\"},\"inLanguage\":\"de\",\"potentialAction\":[{\"@type\":\"ReadAction\",\"target\":[\"https:\/\/old.holyland-olivewood.com\/de\/produkt\/hunter-handcrafted-bethlehem-olivewood-bolt-action-pen-pe108-copy-2\/\"]}]},{\"@type\":\"ImageObject\",\"inLanguage\":\"de\",\"@id\":\"https:\/\/old.holyland-olivewood.com\/de\/produkt\/hunter-handcrafted-bethlehem-olivewood-bolt-action-pen-pe108-copy-2\/#primaryimage\",\"url\":\"https:\/\/old.holyland-olivewood.com\/wp-content\/uploads\/2018\/01\/kitchenware_bottle_stopper_holy_land_olive_wood_bethlehem_ki134.jpg\",\"contentUrl\":\"https:\/\/old.holyland-olivewood.com\/wp-content\/uploads\/2018\/01\/kitchenware_bottle_stopper_holy_land_olive_wood_bethlehem_ki134.jpg\",\"width\":1550,\"height\":1200},{\"@type\":\"BreadcrumbList\",\"@id\":\"https:\/\/old.holyland-olivewood.com\/de\/produkt\/hunter-handcrafted-bethlehem-olivewood-bolt-action-pen-pe108-copy-2\/#breadcrumb\",\"itemListElement\":[{\"@type\":\"ListItem\",\"position\":1,\"name\":\"Home\",\"item\":\"https:\/\/old.holyland-olivewood.com\/de\/\"},{\"@type\":\"ListItem\",\"position\":2,\"name\":\"Shop\",\"item\":\"https:\/\/old.holyland-olivewood.com\/de\/shop\/\"},{\"@type\":\"ListItem\",\"position\":3,\"name\":\"Bethlehem Olivewood Flaschenverschluss #KI134\"}]},{\"@type\":\"WebSite\",\"@id\":\"https:\/\/old.holyland-olivewood.com\/de\/#website\",\"url\":\"https:\/\/old.holyland-olivewood.com\/de\/\",\"name\":\"Holy Land Olive Wood - Bethlehem Olive Wood Factory\",\"description\":\"Holy Land Olivewood Bethlehem\",\"publisher\":{\"@id\":\"https:\/\/old.holyland-olivewood.com\/de\/#organization\"},\"potentialAction\":[{\"@type\":\"SearchAction\",\"target\":{\"@type\":\"EntryPoint\",\"urlTemplate\":\"https:\/\/old.holyland-olivewood.com\/de\/?s={search_term_string}\"},\"query-input\":{\"@type\":\"PropertyValueSpecification\",\"valueRequired\":true,\"valueName\":\"search_term_string\"}}],\"inLanguage\":\"de\"},{\"@type\":\"Organization\",\"@id\":\"https:\/\/old.holyland-olivewood.com\/de\/#organization\",\"name\":\"Holy Land Olivewood\",\"url\":\"https:\/\/old.holyland-olivewood.com\/de\/\",\"logo\":{\"@type\":\"ImageObject\",\"inLanguage\":\"de\",\"@id\":\"https:\/\/old.holyland-olivewood.com\/de\/#\/schema\/logo\/image\/\",\"url\":\"\",\"contentUrl\":\"\",\"caption\":\"Holy Land Olivewood\"},\"image\":{\"@id\":\"https:\/\/old.holyland-olivewood.com\/de\/#\/schema\/logo\/image\/\"},\"sameAs\":[\"https:\/\/www.facebook.com\/holylandolivewood.bethlehem\/\",\"http:\/\/instagram.com\/holy.land.olive.wood\"]}]}<\/script>\n<!-- \/ Yoast SEO plugin. -->","yoast_head_json":{"title":"Bethlehem Olivewood Flaschenverschluss #KI134 - Holy Land Olive Wood - Bethlehem Olive Wood Factory","description":"Bethlehem Olivenholz Kunsthandwerk (dh K\u00fcchenutensilien, Flaschenverschluss), Honigl\u00f6ffel, Spatel, Gabel, M\u00f6rtel und Rohmaterial in Standard- und kundenspezifischen Abmessungen.","robots":{"index":"index","follow":"follow","max-snippet":"max-snippet:-1","max-image-preview":"max-image-preview:large","max-video-preview":"max-video-preview:-1"},"canonical":"https:\/\/old.holyland-olivewood.com\/de\/produkt\/hunter-handcrafted-bethlehem-olivewood-bolt-action-pen-pe108-copy-2\/","og_locale":"de_DE","og_type":"article","og_title":"Bethlehem Olivewood Flaschenverschluss #KI134 - Holy Land Olive Wood - Bethlehem Olive Wood Factory","og_description":"Bethlehem Olivenholz Kunsthandwerk (dh K\u00fcchenutensilien, Flaschenverschluss), Honigl\u00f6ffel, Spatel, Gabel, M\u00f6rtel und Rohmaterial in Standard- und kundenspezifischen Abmessungen.","og_url":"https:\/\/old.holyland-olivewood.com\/de\/produkt\/hunter-handcrafted-bethlehem-olivewood-bolt-action-pen-pe108-copy-2\/","og_site_name":"Holy Land Olive Wood - Bethlehem Olive Wood Factory","article_publisher":"https:\/\/www.facebook.com\/holylandolivewood.bethlehem\/","og_image":[{"width":1550,"height":1200,"url":"https:\/\/old.holyland-olivewood.com\/wp-content\/uploads\/2018\/01\/kitchenware_bottle_stopper_holy_land_olive_wood_bethlehem_ki134.jpg","type":"image\/jpeg"}],"twitter_card":"summary_large_image","schema":{"@context":"https:\/\/schema.org","@graph":[{"@type":"WebPage","@id":"https:\/\/old.holyland-olivewood.com\/de\/produkt\/hunter-handcrafted-bethlehem-olivewood-bolt-action-pen-pe108-copy-2\/","url":"https:\/\/old.holyland-olivewood.com\/de\/produkt\/hunter-handcrafted-bethlehem-olivewood-bolt-action-pen-pe108-copy-2\/","name":"Bethlehem Olivewood Flaschenverschluss #KI134 - Holy Land Olive Wood - Bethlehem Olive Wood Factory","isPartOf":{"@id":"https:\/\/old.holyland-olivewood.com\/de\/#website"},"primaryImageOfPage":{"@id":"https:\/\/old.holyland-olivewood.com\/de\/produkt\/hunter-handcrafted-bethlehem-olivewood-bolt-action-pen-pe108-copy-2\/#primaryimage"},"image":{"@id":"https:\/\/old.holyland-olivewood.com\/de\/produkt\/hunter-handcrafted-bethlehem-olivewood-bolt-action-pen-pe108-copy-2\/#primaryimage"},"thumbnailUrl":"https:\/\/old.holyland-olivewood.com\/wp-content\/uploads\/2018\/01\/kitchenware_bottle_stopper_holy_land_olive_wood_bethlehem_ki134.jpg","datePublished":"2022-02-09T08:23:22+00:00","description":"Bethlehem Olivenholz Kunsthandwerk (dh K\u00fcchenutensilien, Flaschenverschluss), Honigl\u00f6ffel, Spatel, Gabel, M\u00f6rtel und Rohmaterial in Standard- und kundenspezifischen Abmessungen.","breadcrumb":{"@id":"https:\/\/old.holyland-olivewood.com\/de\/produkt\/hunter-handcrafted-bethlehem-olivewood-bolt-action-pen-pe108-copy-2\/#breadcrumb"},"inLanguage":"de","potentialAction":[{"@type":"ReadAction","target":["https:\/\/old.holyland-olivewood.com\/de\/produkt\/hunter-handcrafted-bethlehem-olivewood-bolt-action-pen-pe108-copy-2\/"]}]},{"@type":"ImageObject","inLanguage":"de","@id":"https:\/\/old.holyland-olivewood.com\/de\/produkt\/hunter-handcrafted-bethlehem-olivewood-bolt-action-pen-pe108-copy-2\/#primaryimage","url":"https:\/\/old.holyland-olivewood.com\/wp-content\/uploads\/2018\/01\/kitchenware_bottle_stopper_holy_land_olive_wood_bethlehem_ki134.jpg","contentUrl":"https:\/\/old.holyland-olivewood.com\/wp-content\/uploads\/2018\/01\/kitchenware_bottle_stopper_holy_land_olive_wood_bethlehem_ki134.jpg","width":1550,"height":1200},{"@type":"BreadcrumbList","@id":"https:\/\/old.holyland-olivewood.com\/de\/produkt\/hunter-handcrafted-bethlehem-olivewood-bolt-action-pen-pe108-copy-2\/#breadcrumb","itemListElement":[{"@type":"ListItem","position":1,"name":"Home","item":"https:\/\/old.holyland-olivewood.com\/de\/"},{"@type":"ListItem","position":2,"name":"Shop","item":"https:\/\/old.holyland-olivewood.com\/de\/shop\/"},{"@type":"ListItem","position":3,"name":"Bethlehem Olivewood Flaschenverschluss #KI134"}]},{"@type":"WebSite","@id":"https:\/\/old.holyland-olivewood.com\/de\/#website","url":"https:\/\/old.holyland-olivewood.com\/de\/","name":"Holy Land Olive Wood - Bethlehem Olive Wood Factory","description":"Holy Land Olivewood Bethlehem","publisher":{"@id":"https:\/\/old.holyland-olivewood.com\/de\/#organization"},"potentialAction":[{"@type":"SearchAction","target":{"@type":"EntryPoint","urlTemplate":"https:\/\/old.holyland-olivewood.com\/de\/?s={search_term_string}"},"query-input":{"@type":"PropertyValueSpecification","valueRequired":true,"valueName":"search_term_string"}}],"inLanguage":"de"},{"@type":"Organization","@id":"https:\/\/old.holyland-olivewood.com\/de\/#organization","name":"Holy Land Olivewood","url":"https:\/\/old.holyland-olivewood.com\/de\/","logo":{"@type":"ImageObject","inLanguage":"de","@id":"https:\/\/old.holyland-olivewood.com\/de\/#\/schema\/logo\/image\/","url":"","contentUrl":"","caption":"Holy Land Olivewood"},"image":{"@id":"https:\/\/old.holyland-olivewood.com\/de\/#\/schema\/logo\/image\/"},"sameAs":["https:\/\/www.facebook.com\/holylandolivewood.bethlehem\/","http:\/\/instagram.com\/holy.land.olive.wood"]}]}},"_links":{"self":[{"href":"https:\/\/old.holyland-olivewood.com\/de\/wp-json\/wp\/v2\/product\/42840","targetHints":{"allow":["GET"]}}],"collection":[{"href":"https:\/\/old.holyland-olivewood.com\/de\/wp-json\/wp\/v2\/product"}],"about":[{"href":"https:\/\/old.holyland-olivewood.com\/de\/wp-json\/wp\/v2\/types\/product"}],"wp:featuredmedia":[{"embeddable":true,"href":"https:\/\/old.holyland-olivewood.com\/de\/wp-json\/wp\/v2\/media\/33818"}],"wp:attachment":[{"href":"https:\/\/old.holyland-olivewood.com\/de\/wp-json\/wp\/v2\/media?parent=42840"}],"wp:term":[{"taxonomy":"product_brand","embeddable":true,"href":"https:\/\/old.holyland-olivewood.com\/de\/wp-json\/wp\/v2\/product_brand?post=42840"},{"taxonomy":"product_cat","embeddable":true,"href":"https:\/\/old.holyland-olivewood.com\/de\/wp-json\/wp\/v2\/product_cat?post=42840"},{"taxonomy":"product_tag","embeddable":true,"href":"https:\/\/old.holyland-olivewood.com\/de\/wp-json\/wp\/v2\/product_tag?post=42840"}],"curies":[{"name":"wp","href":"https:\/\/api.w.org\/{rel}","templated":true}]}}