{"id":42690,"date":"2018-02-01T19:02:01","date_gmt":"2022-02-09T07:56:35","guid":{"rendered":"https:\/\/old.holyland-olivewood.com\/product\/handgefertigte-bethlehem-olivenholz-apprentice-classica-pen-mit-chrom-armaturen-pe110\/"},"modified":"2022-02-09T07:56:35","modified_gmt":"2022-02-09T07:56:35","slug":"handgefertigt-bethlehem-olivenholz-lehrling-classica-pen-w-gold-fixtures-pe110","status":"publish","type":"product","link":"https:\/\/old.holyland-olivewood.com\/de\/produkt\/handgefertigt-bethlehem-olivenholz-lehrling-classica-pen-w-gold-fixtures-pe110\/","title":{"rendered":"Handgefertigte Bethlehem Olivenholz Apprentice Classica Pen mit Chrom Armaturen #PE110"},"content":{"rendered":"","protected":false},"excerpt":{"rendered":"<p>Dieser handgedrehte Andenkenstift h\u00e4lt ein Leben lang und ist ein gro\u00dfartiges Geschenk f\u00fcr alle, die Handwerkskunst und die rohe Sch\u00f6nheit nat\u00fcrlicher Materialien sch\u00e4tzen. Der Griff dieses Stiftes besteht aus nachhaltig geerntetem, echtem Bethlehem Olivewood.<\/p>\n<p>Dieses exotische Material hat ein glatteres Finish als fast jedes andere Holz, und sein stark kontrastierendes Maserungsmuster beeindruckt immer wieder.<\/p>\n<p>Jeder Stift wird mit einer Vitrine und einem Echtheitszertifikat geliefert, das die Materialien und Techniken \u00fcberpr\u00fcft, die zur Herstellung dieses Produkts verwendet wurden.<\/p>\n<p><strong>Modell:<\/strong> Lehrling Classica Twist Pen<br \/>\n<strong>Art:<\/strong> Parker\u00ae Kugelschreiber-Nachf\u00fcllung<br \/>\n<strong>Farbe:<\/strong> Schwarz<br \/>\n<strong>Nachf\u00fcllbar:<\/strong> Ja<br \/>\n<strong>Packen:<\/strong> Bethlehem Olivenholz<br \/>\n<strong>Einbauten:<\/strong> Chrom<br \/>\n<strong>Beenden:<\/strong> Niedrigglanzlack<br \/>\n<strong>Gr\u00f6\u00dfe:<\/strong> 1,5 cm x 13 cm (0,60 x 5,1\/4&#8243;)<\/p>\n","protected":false},"featured_media":33963,"template":"","meta":[],"product_brand":[],"product_cat":[775,2409],"product_tag":[778,1547,822,2412],"class_list":{"0":"post-42690","1":"product","2":"type-product","3":"status-publish","4":"has-post-thumbnail","6":"product_cat-kunsthaandvaerk","7":"product_cat-stifte-tischware","8":"product_tag-betlehem-de","9":"product_tag-feder","10":"product_tag-oliventrae-de","11":"product_tag-stifte","13":"first","14":"outofstock","15":"shipping-taxable","16":"purchasable","17":"product-type-simple"},"yoast_head":"<!-- This site is optimized with the Yoast SEO plugin v24.8.1 - https:\/\/yoast.com\/wordpress\/plugins\/seo\/ -->\n<title>Handgefertigte Bethlehem Olivenholz Apprentice Classica Pen mit Chrom Armaturen #PE110 - Holy Land Olive Wood - Bethlehem Olive Wood Factory<\/title>\n<meta name=\"description\" content=\"Bethlehem Olivenholzstifte und Tischwaren (z. B. Stifthalter, Stiftboxen), Rohlinge, Schnitzereien und mehr aus dem Heiligen Land und Rohbestand in Standard- und Sonderabmessungen.\" \/>\n<meta name=\"robots\" content=\"index, follow, max-snippet:-1, max-image-preview:large, max-video-preview:-1\" \/>\n<link rel=\"canonical\" href=\"https:\/\/old.holyland-olivewood.com\/de\/produkt\/handgefertigt-bethlehem-olivenholz-lehrling-classica-pen-w-gold-fixtures-pe110\/\" \/>\n<meta property=\"og:locale\" content=\"de_DE\" \/>\n<meta property=\"og:type\" content=\"article\" \/>\n<meta property=\"og:title\" content=\"Handgefertigte Bethlehem Olivenholz Apprentice Classica Pen mit Chrom Armaturen #PE110 - Holy Land Olive Wood - Bethlehem Olive Wood Factory\" \/>\n<meta property=\"og:description\" content=\"Bethlehem Olivenholzstifte und Tischwaren (z. B. Stifthalter, Stiftboxen), Rohlinge, Schnitzereien und mehr aus dem Heiligen Land und Rohbestand in Standard- und Sonderabmessungen.\" \/>\n<meta property=\"og:url\" content=\"https:\/\/old.holyland-olivewood.com\/de\/produkt\/handgefertigt-bethlehem-olivenholz-lehrling-classica-pen-w-gold-fixtures-pe110\/\" \/>\n<meta property=\"og:site_name\" content=\"Holy Land Olive Wood - Bethlehem Olive Wood Factory\" \/>\n<meta property=\"article:publisher\" content=\"https:\/\/www.facebook.com\/holylandolivewood.bethlehem\/\" \/>\n<meta property=\"og:image\" content=\"https:\/\/old.holyland-olivewood.com\/wp-content\/uploads\/2018\/02\/pen_holy_land_olive_wood_bethlehem_pe110_1.jpg\" \/>\n\t<meta property=\"og:image:width\" content=\"1550\" \/>\n\t<meta property=\"og:image:height\" content=\"1200\" \/>\n\t<meta property=\"og:image:type\" content=\"image\/jpeg\" \/>\n<meta name=\"twitter:card\" content=\"summary_large_image\" \/>\n<script type=\"application\/ld+json\" class=\"yoast-schema-graph\">{\"@context\":\"https:\/\/schema.org\",\"@graph\":[{\"@type\":\"WebPage\",\"@id\":\"https:\/\/old.holyland-olivewood.com\/de\/produkt\/handgefertigt-bethlehem-olivenholz-lehrling-classica-pen-w-gold-fixtures-pe110\/\",\"url\":\"https:\/\/old.holyland-olivewood.com\/de\/produkt\/handgefertigt-bethlehem-olivenholz-lehrling-classica-pen-w-gold-fixtures-pe110\/\",\"name\":\"Handgefertigte Bethlehem Olivenholz Apprentice Classica Pen mit Chrom Armaturen #PE110 - Holy Land Olive Wood - Bethlehem Olive Wood Factory\",\"isPartOf\":{\"@id\":\"https:\/\/old.holyland-olivewood.com\/de\/#website\"},\"primaryImageOfPage\":{\"@id\":\"https:\/\/old.holyland-olivewood.com\/de\/produkt\/handgefertigt-bethlehem-olivenholz-lehrling-classica-pen-w-gold-fixtures-pe110\/#primaryimage\"},\"image\":{\"@id\":\"https:\/\/old.holyland-olivewood.com\/de\/produkt\/handgefertigt-bethlehem-olivenholz-lehrling-classica-pen-w-gold-fixtures-pe110\/#primaryimage\"},\"thumbnailUrl\":\"https:\/\/old.holyland-olivewood.com\/wp-content\/uploads\/2018\/02\/pen_holy_land_olive_wood_bethlehem_pe110_1.jpg\",\"datePublished\":\"2022-02-09T07:56:35+00:00\",\"description\":\"Bethlehem Olivenholzstifte und Tischwaren (z. B. Stifthalter, Stiftboxen), Rohlinge, Schnitzereien und mehr aus dem Heiligen Land und Rohbestand in Standard- und Sonderabmessungen.\",\"breadcrumb\":{\"@id\":\"https:\/\/old.holyland-olivewood.com\/de\/produkt\/handgefertigt-bethlehem-olivenholz-lehrling-classica-pen-w-gold-fixtures-pe110\/#breadcrumb\"},\"inLanguage\":\"de\",\"potentialAction\":[{\"@type\":\"ReadAction\",\"target\":[\"https:\/\/old.holyland-olivewood.com\/de\/produkt\/handgefertigt-bethlehem-olivenholz-lehrling-classica-pen-w-gold-fixtures-pe110\/\"]}]},{\"@type\":\"ImageObject\",\"inLanguage\":\"de\",\"@id\":\"https:\/\/old.holyland-olivewood.com\/de\/produkt\/handgefertigt-bethlehem-olivenholz-lehrling-classica-pen-w-gold-fixtures-pe110\/#primaryimage\",\"url\":\"https:\/\/old.holyland-olivewood.com\/wp-content\/uploads\/2018\/02\/pen_holy_land_olive_wood_bethlehem_pe110_1.jpg\",\"contentUrl\":\"https:\/\/old.holyland-olivewood.com\/wp-content\/uploads\/2018\/02\/pen_holy_land_olive_wood_bethlehem_pe110_1.jpg\",\"width\":1550,\"height\":1200},{\"@type\":\"BreadcrumbList\",\"@id\":\"https:\/\/old.holyland-olivewood.com\/de\/produkt\/handgefertigt-bethlehem-olivenholz-lehrling-classica-pen-w-gold-fixtures-pe110\/#breadcrumb\",\"itemListElement\":[{\"@type\":\"ListItem\",\"position\":1,\"name\":\"Home\",\"item\":\"https:\/\/old.holyland-olivewood.com\/de\/\"},{\"@type\":\"ListItem\",\"position\":2,\"name\":\"Shop\",\"item\":\"https:\/\/old.holyland-olivewood.com\/de\/shop\/\"},{\"@type\":\"ListItem\",\"position\":3,\"name\":\"Handgefertigte Bethlehem Olivenholz Apprentice Classica Pen mit Chrom Armaturen #PE110\"}]},{\"@type\":\"WebSite\",\"@id\":\"https:\/\/old.holyland-olivewood.com\/de\/#website\",\"url\":\"https:\/\/old.holyland-olivewood.com\/de\/\",\"name\":\"Holy Land Olive Wood - Bethlehem Olive Wood Factory\",\"description\":\"Holy Land Olivewood Bethlehem\",\"publisher\":{\"@id\":\"https:\/\/old.holyland-olivewood.com\/de\/#organization\"},\"potentialAction\":[{\"@type\":\"SearchAction\",\"target\":{\"@type\":\"EntryPoint\",\"urlTemplate\":\"https:\/\/old.holyland-olivewood.com\/de\/?s={search_term_string}\"},\"query-input\":{\"@type\":\"PropertyValueSpecification\",\"valueRequired\":true,\"valueName\":\"search_term_string\"}}],\"inLanguage\":\"de\"},{\"@type\":\"Organization\",\"@id\":\"https:\/\/old.holyland-olivewood.com\/de\/#organization\",\"name\":\"Holy Land Olivewood\",\"url\":\"https:\/\/old.holyland-olivewood.com\/de\/\",\"logo\":{\"@type\":\"ImageObject\",\"inLanguage\":\"de\",\"@id\":\"https:\/\/old.holyland-olivewood.com\/de\/#\/schema\/logo\/image\/\",\"url\":\"\",\"contentUrl\":\"\",\"caption\":\"Holy Land Olivewood\"},\"image\":{\"@id\":\"https:\/\/old.holyland-olivewood.com\/de\/#\/schema\/logo\/image\/\"},\"sameAs\":[\"https:\/\/www.facebook.com\/holylandolivewood.bethlehem\/\",\"http:\/\/instagram.com\/holy.land.olive.wood\"]}]}<\/script>\n<!-- \/ Yoast SEO plugin. -->","yoast_head_json":{"title":"Handgefertigte Bethlehem Olivenholz Apprentice Classica Pen mit Chrom Armaturen #PE110 - Holy Land Olive Wood - Bethlehem Olive Wood Factory","description":"Bethlehem Olivenholzstifte und Tischwaren (z. B. Stifthalter, Stiftboxen), Rohlinge, Schnitzereien und mehr aus dem Heiligen Land und Rohbestand in Standard- und Sonderabmessungen.","robots":{"index":"index","follow":"follow","max-snippet":"max-snippet:-1","max-image-preview":"max-image-preview:large","max-video-preview":"max-video-preview:-1"},"canonical":"https:\/\/old.holyland-olivewood.com\/de\/produkt\/handgefertigt-bethlehem-olivenholz-lehrling-classica-pen-w-gold-fixtures-pe110\/","og_locale":"de_DE","og_type":"article","og_title":"Handgefertigte Bethlehem Olivenholz Apprentice Classica Pen mit Chrom Armaturen #PE110 - Holy Land Olive Wood - Bethlehem Olive Wood Factory","og_description":"Bethlehem Olivenholzstifte und Tischwaren (z. B. Stifthalter, Stiftboxen), Rohlinge, Schnitzereien und mehr aus dem Heiligen Land und Rohbestand in Standard- und Sonderabmessungen.","og_url":"https:\/\/old.holyland-olivewood.com\/de\/produkt\/handgefertigt-bethlehem-olivenholz-lehrling-classica-pen-w-gold-fixtures-pe110\/","og_site_name":"Holy Land Olive Wood - Bethlehem Olive Wood Factory","article_publisher":"https:\/\/www.facebook.com\/holylandolivewood.bethlehem\/","og_image":[{"width":1550,"height":1200,"url":"https:\/\/old.holyland-olivewood.com\/wp-content\/uploads\/2018\/02\/pen_holy_land_olive_wood_bethlehem_pe110_1.jpg","type":"image\/jpeg"}],"twitter_card":"summary_large_image","schema":{"@context":"https:\/\/schema.org","@graph":[{"@type":"WebPage","@id":"https:\/\/old.holyland-olivewood.com\/de\/produkt\/handgefertigt-bethlehem-olivenholz-lehrling-classica-pen-w-gold-fixtures-pe110\/","url":"https:\/\/old.holyland-olivewood.com\/de\/produkt\/handgefertigt-bethlehem-olivenholz-lehrling-classica-pen-w-gold-fixtures-pe110\/","name":"Handgefertigte Bethlehem Olivenholz Apprentice Classica Pen mit Chrom Armaturen #PE110 - Holy Land Olive Wood - Bethlehem Olive Wood Factory","isPartOf":{"@id":"https:\/\/old.holyland-olivewood.com\/de\/#website"},"primaryImageOfPage":{"@id":"https:\/\/old.holyland-olivewood.com\/de\/produkt\/handgefertigt-bethlehem-olivenholz-lehrling-classica-pen-w-gold-fixtures-pe110\/#primaryimage"},"image":{"@id":"https:\/\/old.holyland-olivewood.com\/de\/produkt\/handgefertigt-bethlehem-olivenholz-lehrling-classica-pen-w-gold-fixtures-pe110\/#primaryimage"},"thumbnailUrl":"https:\/\/old.holyland-olivewood.com\/wp-content\/uploads\/2018\/02\/pen_holy_land_olive_wood_bethlehem_pe110_1.jpg","datePublished":"2022-02-09T07:56:35+00:00","description":"Bethlehem Olivenholzstifte und Tischwaren (z. B. Stifthalter, Stiftboxen), Rohlinge, Schnitzereien und mehr aus dem Heiligen Land und Rohbestand in Standard- und Sonderabmessungen.","breadcrumb":{"@id":"https:\/\/old.holyland-olivewood.com\/de\/produkt\/handgefertigt-bethlehem-olivenholz-lehrling-classica-pen-w-gold-fixtures-pe110\/#breadcrumb"},"inLanguage":"de","potentialAction":[{"@type":"ReadAction","target":["https:\/\/old.holyland-olivewood.com\/de\/produkt\/handgefertigt-bethlehem-olivenholz-lehrling-classica-pen-w-gold-fixtures-pe110\/"]}]},{"@type":"ImageObject","inLanguage":"de","@id":"https:\/\/old.holyland-olivewood.com\/de\/produkt\/handgefertigt-bethlehem-olivenholz-lehrling-classica-pen-w-gold-fixtures-pe110\/#primaryimage","url":"https:\/\/old.holyland-olivewood.com\/wp-content\/uploads\/2018\/02\/pen_holy_land_olive_wood_bethlehem_pe110_1.jpg","contentUrl":"https:\/\/old.holyland-olivewood.com\/wp-content\/uploads\/2018\/02\/pen_holy_land_olive_wood_bethlehem_pe110_1.jpg","width":1550,"height":1200},{"@type":"BreadcrumbList","@id":"https:\/\/old.holyland-olivewood.com\/de\/produkt\/handgefertigt-bethlehem-olivenholz-lehrling-classica-pen-w-gold-fixtures-pe110\/#breadcrumb","itemListElement":[{"@type":"ListItem","position":1,"name":"Home","item":"https:\/\/old.holyland-olivewood.com\/de\/"},{"@type":"ListItem","position":2,"name":"Shop","item":"https:\/\/old.holyland-olivewood.com\/de\/shop\/"},{"@type":"ListItem","position":3,"name":"Handgefertigte Bethlehem Olivenholz Apprentice Classica Pen mit Chrom Armaturen #PE110"}]},{"@type":"WebSite","@id":"https:\/\/old.holyland-olivewood.com\/de\/#website","url":"https:\/\/old.holyland-olivewood.com\/de\/","name":"Holy Land Olive Wood - Bethlehem Olive Wood Factory","description":"Holy Land Olivewood Bethlehem","publisher":{"@id":"https:\/\/old.holyland-olivewood.com\/de\/#organization"},"potentialAction":[{"@type":"SearchAction","target":{"@type":"EntryPoint","urlTemplate":"https:\/\/old.holyland-olivewood.com\/de\/?s={search_term_string}"},"query-input":{"@type":"PropertyValueSpecification","valueRequired":true,"valueName":"search_term_string"}}],"inLanguage":"de"},{"@type":"Organization","@id":"https:\/\/old.holyland-olivewood.com\/de\/#organization","name":"Holy Land Olivewood","url":"https:\/\/old.holyland-olivewood.com\/de\/","logo":{"@type":"ImageObject","inLanguage":"de","@id":"https:\/\/old.holyland-olivewood.com\/de\/#\/schema\/logo\/image\/","url":"","contentUrl":"","caption":"Holy Land Olivewood"},"image":{"@id":"https:\/\/old.holyland-olivewood.com\/de\/#\/schema\/logo\/image\/"},"sameAs":["https:\/\/www.facebook.com\/holylandolivewood.bethlehem\/","http:\/\/instagram.com\/holy.land.olive.wood"]}]}},"_links":{"self":[{"href":"https:\/\/old.holyland-olivewood.com\/de\/wp-json\/wp\/v2\/product\/42690","targetHints":{"allow":["GET"]}}],"collection":[{"href":"https:\/\/old.holyland-olivewood.com\/de\/wp-json\/wp\/v2\/product"}],"about":[{"href":"https:\/\/old.holyland-olivewood.com\/de\/wp-json\/wp\/v2\/types\/product"}],"wp:featuredmedia":[{"embeddable":true,"href":"https:\/\/old.holyland-olivewood.com\/de\/wp-json\/wp\/v2\/media\/33963"}],"wp:attachment":[{"href":"https:\/\/old.holyland-olivewood.com\/de\/wp-json\/wp\/v2\/media?parent=42690"}],"wp:term":[{"taxonomy":"product_brand","embeddable":true,"href":"https:\/\/old.holyland-olivewood.com\/de\/wp-json\/wp\/v2\/product_brand?post=42690"},{"taxonomy":"product_cat","embeddable":true,"href":"https:\/\/old.holyland-olivewood.com\/de\/wp-json\/wp\/v2\/product_cat?post=42690"},{"taxonomy":"product_tag","embeddable":true,"href":"https:\/\/old.holyland-olivewood.com\/de\/wp-json\/wp\/v2\/product_tag?post=42690"}],"curies":[{"name":"wp","href":"https:\/\/api.w.org\/{rel}","templated":true}]}}