{"id":42664,"date":"2018-08-22T17:55:50","date_gmt":"2022-02-09T07:53:09","guid":{"rendered":"https:\/\/old.holyland-olivewood.com\/product\/bethlehem-olivewood-twist-pull-korkenzieher-ki136\/"},"modified":"2022-02-09T07:53:09","modified_gmt":"2022-02-09T07:53:09","slug":"bethlehem-olivewood-twist-pull-korkenzieher-ki136","status":"publish","type":"product","link":"https:\/\/old.holyland-olivewood.com\/de\/produkt\/bethlehem-olivewood-twist-pull-korkenzieher-ki136\/","title":{"rendered":"Bethlehem Olivewood Twist &amp; Pull Korkenzieher #KI136"},"content":{"rendered":"","protected":false},"excerpt":{"rendered":"<p>Dieser handgedrehte Andenken-Korkenzieher h\u00e4lt ein Leben lang und ist ein gro\u00dfartiges Geschenk f\u00fcr alle, die Handwerkskunst und die rohe Sch\u00f6nheit nat\u00fcrlicher Materialien sch\u00e4tzen.<\/p>\n<p>Kenner werden feststellen, dass dieser Artikel in \u00dcbereinstimmung mit dem urspr\u00fcnglichen Wein\u00f6ffnerdesign gestaltet wurde, das 1795 von Rev. Samuel Henshall in Oxford, England, patentiert wurde.<\/p>\n<p>Da dieses Produkt eine Funktion erf\u00fcllt, wurde es mit Blick auf Langlebigkeit hergestellt, um sicherzustellen, dass es Ihre Investition f\u00fcr die kommenden Jahre wert ist. Der Griff wurde von einem einzigen Block aus nachhaltig geerntetem, echtem Bethlehem-Olivenholz, das gebohrt, gebohrt und geschraubt wurde, zu einem 3,5 Zoll polierten Edelstahlwurm gedreht. Diese L\u00e4nge macht es ausreichend, um jede Art von Kork effektiv herauszuziehen, w\u00e4hrend sein robuster Durchmesser von 1\/4 &#8220;es stark genug macht, um die hartn\u00e4ckigsten Korken zu drehen und herauszuziehen. Dar\u00fcber hinaus erm\u00f6glicht das hohle Zentrum des Wurms das leichte Eindringen in Korken, ohne ihre strukturelle Integrit\u00e4t zu beeintr\u00e4chtigen &#8211; was die mehrfache Verwendung von Korken erm\u00f6glicht und verhindert, dass Schmutz in Ihren Wein gelangt.<\/p>\n<p>Bethlehem Olivewood ist ein exotisches Material, das ein glatteres Finish als fast jedes andere Hartholz hat, und sein stark kontrastierendes Maserungsmuster beeindruckt immer wieder. Da Bethlehem Olivewood ein Produkt der Natur ist, hat jeder Korkenzieher ein einmaliges, individuelles Maserungsmuster.<\/p>\n<p>Dieser Artikel enth\u00e4lt ein Echtheitszertifikat, das die zur Herstellung dieses Produkts verwendeten Materialien und Techniken \u00fcberpr\u00fcft.<\/p>\n<p><strong>Gr\u00f6\u00dfe:<\/strong> 3 cm x 10 cm x 10 cm (1.15&#8243; x 4&#8243; x 4&#8243;)<\/p>\n","protected":false},"featured_media":34437,"template":"","meta":[],"product_brand":[],"product_cat":[775,2909],"product_tag":[778,2912,879,2507,2914,2910,822],"class_list":{"0":"post-42664","1":"product","2":"type-product","3":"status-publish","4":"has-post-thumbnail","6":"product_cat-kunsthaandvaerk","7":"product_cat-kuchengeschirr","8":"product_tag-betlehem-de","9":"product_tag-flaschenstopsel","10":"product_tag-haandvaerk","11":"product_tag-heiliges-land-de","12":"product_tag-korkenzieher-ziehen","13":"product_tag-kuchengeschirr","14":"product_tag-oliventrae-de","16":"first","17":"outofstock","18":"shipping-taxable","19":"purchasable","20":"product-type-simple"},"yoast_head":"<!-- This site is optimized with the Yoast SEO plugin v24.8.1 - https:\/\/yoast.com\/wordpress\/plugins\/seo\/ -->\n<title>Bethlehem Olivewood Twist &amp; Pull Korkenzieher #KI136 - Holy Land Olive Wood - Bethlehem Olive Wood Factory<\/title>\n<meta name=\"description\" content=\"Bethlehem Olivenholz Kunsthandwerk (dh K\u00fcchenutensilien, Flaschenverschluss), Honigl\u00f6ffel, Spatel, Gabel, M\u00f6rtel und Rohmaterial in Standard- und kundenspezifischen Abmessungen.\" \/>\n<meta name=\"robots\" content=\"index, follow, max-snippet:-1, max-image-preview:large, max-video-preview:-1\" \/>\n<link rel=\"canonical\" href=\"https:\/\/old.holyland-olivewood.com\/de\/produkt\/bethlehem-olivewood-twist-pull-korkenzieher-ki136\/\" \/>\n<meta property=\"og:locale\" content=\"de_DE\" \/>\n<meta property=\"og:type\" content=\"article\" \/>\n<meta property=\"og:title\" content=\"Bethlehem Olivewood Twist &amp; Pull Korkenzieher #KI136 - Holy Land Olive Wood - Bethlehem Olive Wood Factory\" \/>\n<meta property=\"og:description\" content=\"Bethlehem Olivenholz Kunsthandwerk (dh K\u00fcchenutensilien, Flaschenverschluss), Honigl\u00f6ffel, Spatel, Gabel, M\u00f6rtel und Rohmaterial in Standard- und kundenspezifischen Abmessungen.\" \/>\n<meta property=\"og:url\" content=\"https:\/\/old.holyland-olivewood.com\/de\/produkt\/bethlehem-olivewood-twist-pull-korkenzieher-ki136\/\" \/>\n<meta property=\"og:site_name\" content=\"Holy Land Olive Wood - Bethlehem Olive Wood Factory\" \/>\n<meta property=\"article:publisher\" content=\"https:\/\/www.facebook.com\/holylandolivewood.bethlehem\/\" \/>\n<meta property=\"og:image\" content=\"https:\/\/old.holyland-olivewood.com\/wp-content\/uploads\/2018\/08\/bethlehem_olive_wood_wine_opener_ki136.jpg\" \/>\n\t<meta property=\"og:image:width\" content=\"1550\" \/>\n\t<meta property=\"og:image:height\" content=\"1200\" \/>\n\t<meta property=\"og:image:type\" content=\"image\/jpeg\" \/>\n<meta name=\"twitter:card\" content=\"summary_large_image\" \/>\n<script type=\"application\/ld+json\" class=\"yoast-schema-graph\">{\"@context\":\"https:\/\/schema.org\",\"@graph\":[{\"@type\":\"WebPage\",\"@id\":\"https:\/\/old.holyland-olivewood.com\/de\/produkt\/bethlehem-olivewood-twist-pull-korkenzieher-ki136\/\",\"url\":\"https:\/\/old.holyland-olivewood.com\/de\/produkt\/bethlehem-olivewood-twist-pull-korkenzieher-ki136\/\",\"name\":\"Bethlehem Olivewood Twist &amp; Pull Korkenzieher #KI136 - Holy Land Olive Wood - Bethlehem Olive Wood Factory\",\"isPartOf\":{\"@id\":\"https:\/\/old.holyland-olivewood.com\/de\/#website\"},\"primaryImageOfPage\":{\"@id\":\"https:\/\/old.holyland-olivewood.com\/de\/produkt\/bethlehem-olivewood-twist-pull-korkenzieher-ki136\/#primaryimage\"},\"image\":{\"@id\":\"https:\/\/old.holyland-olivewood.com\/de\/produkt\/bethlehem-olivewood-twist-pull-korkenzieher-ki136\/#primaryimage\"},\"thumbnailUrl\":\"https:\/\/old.holyland-olivewood.com\/wp-content\/uploads\/2018\/08\/bethlehem_olive_wood_wine_opener_ki136.jpg\",\"datePublished\":\"2022-02-09T07:53:09+00:00\",\"description\":\"Bethlehem Olivenholz Kunsthandwerk (dh K\u00fcchenutensilien, Flaschenverschluss), Honigl\u00f6ffel, Spatel, Gabel, M\u00f6rtel und Rohmaterial in Standard- und kundenspezifischen Abmessungen.\",\"breadcrumb\":{\"@id\":\"https:\/\/old.holyland-olivewood.com\/de\/produkt\/bethlehem-olivewood-twist-pull-korkenzieher-ki136\/#breadcrumb\"},\"inLanguage\":\"de\",\"potentialAction\":[{\"@type\":\"ReadAction\",\"target\":[\"https:\/\/old.holyland-olivewood.com\/de\/produkt\/bethlehem-olivewood-twist-pull-korkenzieher-ki136\/\"]}]},{\"@type\":\"ImageObject\",\"inLanguage\":\"de\",\"@id\":\"https:\/\/old.holyland-olivewood.com\/de\/produkt\/bethlehem-olivewood-twist-pull-korkenzieher-ki136\/#primaryimage\",\"url\":\"https:\/\/old.holyland-olivewood.com\/wp-content\/uploads\/2018\/08\/bethlehem_olive_wood_wine_opener_ki136.jpg\",\"contentUrl\":\"https:\/\/old.holyland-olivewood.com\/wp-content\/uploads\/2018\/08\/bethlehem_olive_wood_wine_opener_ki136.jpg\",\"width\":1550,\"height\":1200},{\"@type\":\"BreadcrumbList\",\"@id\":\"https:\/\/old.holyland-olivewood.com\/de\/produkt\/bethlehem-olivewood-twist-pull-korkenzieher-ki136\/#breadcrumb\",\"itemListElement\":[{\"@type\":\"ListItem\",\"position\":1,\"name\":\"Home\",\"item\":\"https:\/\/old.holyland-olivewood.com\/de\/\"},{\"@type\":\"ListItem\",\"position\":2,\"name\":\"Shop\",\"item\":\"https:\/\/old.holyland-olivewood.com\/de\/shop\/\"},{\"@type\":\"ListItem\",\"position\":3,\"name\":\"Bethlehem Olivewood Twist &amp; Pull Korkenzieher #KI136\"}]},{\"@type\":\"WebSite\",\"@id\":\"https:\/\/old.holyland-olivewood.com\/de\/#website\",\"url\":\"https:\/\/old.holyland-olivewood.com\/de\/\",\"name\":\"Holy Land Olive Wood - Bethlehem Olive Wood Factory\",\"description\":\"Holy Land Olivewood Bethlehem\",\"publisher\":{\"@id\":\"https:\/\/old.holyland-olivewood.com\/de\/#organization\"},\"potentialAction\":[{\"@type\":\"SearchAction\",\"target\":{\"@type\":\"EntryPoint\",\"urlTemplate\":\"https:\/\/old.holyland-olivewood.com\/de\/?s={search_term_string}\"},\"query-input\":{\"@type\":\"PropertyValueSpecification\",\"valueRequired\":true,\"valueName\":\"search_term_string\"}}],\"inLanguage\":\"de\"},{\"@type\":\"Organization\",\"@id\":\"https:\/\/old.holyland-olivewood.com\/de\/#organization\",\"name\":\"Holy Land Olivewood\",\"url\":\"https:\/\/old.holyland-olivewood.com\/de\/\",\"logo\":{\"@type\":\"ImageObject\",\"inLanguage\":\"de\",\"@id\":\"https:\/\/old.holyland-olivewood.com\/de\/#\/schema\/logo\/image\/\",\"url\":\"\",\"contentUrl\":\"\",\"caption\":\"Holy Land Olivewood\"},\"image\":{\"@id\":\"https:\/\/old.holyland-olivewood.com\/de\/#\/schema\/logo\/image\/\"},\"sameAs\":[\"https:\/\/www.facebook.com\/holylandolivewood.bethlehem\/\",\"http:\/\/instagram.com\/holy.land.olive.wood\"]}]}<\/script>\n<!-- \/ Yoast SEO plugin. -->","yoast_head_json":{"title":"Bethlehem Olivewood Twist &amp; Pull Korkenzieher #KI136 - Holy Land Olive Wood - Bethlehem Olive Wood Factory","description":"Bethlehem Olivenholz Kunsthandwerk (dh K\u00fcchenutensilien, Flaschenverschluss), Honigl\u00f6ffel, Spatel, Gabel, M\u00f6rtel und Rohmaterial in Standard- und kundenspezifischen Abmessungen.","robots":{"index":"index","follow":"follow","max-snippet":"max-snippet:-1","max-image-preview":"max-image-preview:large","max-video-preview":"max-video-preview:-1"},"canonical":"https:\/\/old.holyland-olivewood.com\/de\/produkt\/bethlehem-olivewood-twist-pull-korkenzieher-ki136\/","og_locale":"de_DE","og_type":"article","og_title":"Bethlehem Olivewood Twist &amp; Pull Korkenzieher #KI136 - Holy Land Olive Wood - Bethlehem Olive Wood Factory","og_description":"Bethlehem Olivenholz Kunsthandwerk (dh K\u00fcchenutensilien, Flaschenverschluss), Honigl\u00f6ffel, Spatel, Gabel, M\u00f6rtel und Rohmaterial in Standard- und kundenspezifischen Abmessungen.","og_url":"https:\/\/old.holyland-olivewood.com\/de\/produkt\/bethlehem-olivewood-twist-pull-korkenzieher-ki136\/","og_site_name":"Holy Land Olive Wood - Bethlehem Olive Wood Factory","article_publisher":"https:\/\/www.facebook.com\/holylandolivewood.bethlehem\/","og_image":[{"width":1550,"height":1200,"url":"https:\/\/old.holyland-olivewood.com\/wp-content\/uploads\/2018\/08\/bethlehem_olive_wood_wine_opener_ki136.jpg","type":"image\/jpeg"}],"twitter_card":"summary_large_image","schema":{"@context":"https:\/\/schema.org","@graph":[{"@type":"WebPage","@id":"https:\/\/old.holyland-olivewood.com\/de\/produkt\/bethlehem-olivewood-twist-pull-korkenzieher-ki136\/","url":"https:\/\/old.holyland-olivewood.com\/de\/produkt\/bethlehem-olivewood-twist-pull-korkenzieher-ki136\/","name":"Bethlehem Olivewood Twist &amp; Pull Korkenzieher #KI136 - Holy Land Olive Wood - Bethlehem Olive Wood Factory","isPartOf":{"@id":"https:\/\/old.holyland-olivewood.com\/de\/#website"},"primaryImageOfPage":{"@id":"https:\/\/old.holyland-olivewood.com\/de\/produkt\/bethlehem-olivewood-twist-pull-korkenzieher-ki136\/#primaryimage"},"image":{"@id":"https:\/\/old.holyland-olivewood.com\/de\/produkt\/bethlehem-olivewood-twist-pull-korkenzieher-ki136\/#primaryimage"},"thumbnailUrl":"https:\/\/old.holyland-olivewood.com\/wp-content\/uploads\/2018\/08\/bethlehem_olive_wood_wine_opener_ki136.jpg","datePublished":"2022-02-09T07:53:09+00:00","description":"Bethlehem Olivenholz Kunsthandwerk (dh K\u00fcchenutensilien, Flaschenverschluss), Honigl\u00f6ffel, Spatel, Gabel, M\u00f6rtel und Rohmaterial in Standard- und kundenspezifischen Abmessungen.","breadcrumb":{"@id":"https:\/\/old.holyland-olivewood.com\/de\/produkt\/bethlehem-olivewood-twist-pull-korkenzieher-ki136\/#breadcrumb"},"inLanguage":"de","potentialAction":[{"@type":"ReadAction","target":["https:\/\/old.holyland-olivewood.com\/de\/produkt\/bethlehem-olivewood-twist-pull-korkenzieher-ki136\/"]}]},{"@type":"ImageObject","inLanguage":"de","@id":"https:\/\/old.holyland-olivewood.com\/de\/produkt\/bethlehem-olivewood-twist-pull-korkenzieher-ki136\/#primaryimage","url":"https:\/\/old.holyland-olivewood.com\/wp-content\/uploads\/2018\/08\/bethlehem_olive_wood_wine_opener_ki136.jpg","contentUrl":"https:\/\/old.holyland-olivewood.com\/wp-content\/uploads\/2018\/08\/bethlehem_olive_wood_wine_opener_ki136.jpg","width":1550,"height":1200},{"@type":"BreadcrumbList","@id":"https:\/\/old.holyland-olivewood.com\/de\/produkt\/bethlehem-olivewood-twist-pull-korkenzieher-ki136\/#breadcrumb","itemListElement":[{"@type":"ListItem","position":1,"name":"Home","item":"https:\/\/old.holyland-olivewood.com\/de\/"},{"@type":"ListItem","position":2,"name":"Shop","item":"https:\/\/old.holyland-olivewood.com\/de\/shop\/"},{"@type":"ListItem","position":3,"name":"Bethlehem Olivewood Twist &amp; Pull Korkenzieher #KI136"}]},{"@type":"WebSite","@id":"https:\/\/old.holyland-olivewood.com\/de\/#website","url":"https:\/\/old.holyland-olivewood.com\/de\/","name":"Holy Land Olive Wood - Bethlehem Olive Wood Factory","description":"Holy Land Olivewood Bethlehem","publisher":{"@id":"https:\/\/old.holyland-olivewood.com\/de\/#organization"},"potentialAction":[{"@type":"SearchAction","target":{"@type":"EntryPoint","urlTemplate":"https:\/\/old.holyland-olivewood.com\/de\/?s={search_term_string}"},"query-input":{"@type":"PropertyValueSpecification","valueRequired":true,"valueName":"search_term_string"}}],"inLanguage":"de"},{"@type":"Organization","@id":"https:\/\/old.holyland-olivewood.com\/de\/#organization","name":"Holy Land Olivewood","url":"https:\/\/old.holyland-olivewood.com\/de\/","logo":{"@type":"ImageObject","inLanguage":"de","@id":"https:\/\/old.holyland-olivewood.com\/de\/#\/schema\/logo\/image\/","url":"","contentUrl":"","caption":"Holy Land Olivewood"},"image":{"@id":"https:\/\/old.holyland-olivewood.com\/de\/#\/schema\/logo\/image\/"},"sameAs":["https:\/\/www.facebook.com\/holylandolivewood.bethlehem\/","http:\/\/instagram.com\/holy.land.olive.wood"]}]}},"_links":{"self":[{"href":"https:\/\/old.holyland-olivewood.com\/de\/wp-json\/wp\/v2\/product\/42664","targetHints":{"allow":["GET"]}}],"collection":[{"href":"https:\/\/old.holyland-olivewood.com\/de\/wp-json\/wp\/v2\/product"}],"about":[{"href":"https:\/\/old.holyland-olivewood.com\/de\/wp-json\/wp\/v2\/types\/product"}],"wp:featuredmedia":[{"embeddable":true,"href":"https:\/\/old.holyland-olivewood.com\/de\/wp-json\/wp\/v2\/media\/34437"}],"wp:attachment":[{"href":"https:\/\/old.holyland-olivewood.com\/de\/wp-json\/wp\/v2\/media?parent=42664"}],"wp:term":[{"taxonomy":"product_brand","embeddable":true,"href":"https:\/\/old.holyland-olivewood.com\/de\/wp-json\/wp\/v2\/product_brand?post=42664"},{"taxonomy":"product_cat","embeddable":true,"href":"https:\/\/old.holyland-olivewood.com\/de\/wp-json\/wp\/v2\/product_cat?post=42664"},{"taxonomy":"product_tag","embeddable":true,"href":"https:\/\/old.holyland-olivewood.com\/de\/wp-json\/wp\/v2\/product_tag?post=42664"}],"curies":[{"name":"wp","href":"https:\/\/api.w.org\/{rel}","templated":true}]}}