{"id":42586,"date":"2018-08-22T18:16:59","date_gmt":"2022-02-09T07:50:15","guid":{"rendered":"https:\/\/old.holyland-olivewood.com\/product\/handgefertigter-bethlehem-olivenholz-stiftstaender-olivenholz-stifthalter-mit-rinde-pe115\/"},"modified":"2022-02-09T07:50:15","modified_gmt":"2022-02-09T07:50:15","slug":"handgefertigt-bethlehem-olive-wood-pen-stand-olive-wood-pen-holder-with-bark-pe115","status":"publish","type":"product","link":"https:\/\/old.holyland-olivewood.com\/de\/produkt\/handgefertigt-bethlehem-olive-wood-pen-stand-olive-wood-pen-holder-with-bark-pe115\/","title":{"rendered":"Handgefertigter Bethlehem Olivenholz Stiftst\u00e4nder, Olivenholz Stifthalter mit Rinde #PE115"},"content":{"rendered":"","protected":false},"excerpt":{"rendered":"<p>Dieser wundersch\u00f6ne Stiftst\u00e4nder wird im Heiligen Land aus nachhaltig geerntetem, authentischem Bethlehem Olivenholz handgefertigt und auf einem massiven Mahagonisockel montiert. Dieses St\u00fcck ist sehr langlebig und enth\u00e4lt die nat\u00fcrliche Rinde des Olivenbaums. Die restlichen Oberfl\u00e4chen haben ein feines Finish, das sich seidig glatt anf\u00fchlt.<br \/>\nWenn Sie diesen Artikel mit einem Stift kombinieren, <strong>&#8220;ist es wichtig, den Durchmesser Ihres Stiftes zu kennen, um eine ordnungsgem\u00e4\u00dfe Passform zu gew\u00e4hrleisten, da das Stiftloch einen Durchmesser von 1 Zentimeter und eine Tiefe von 2 Zentimetern hat&#8221;<\/strong>.<\/p>\n<p>Dieser Artikel enth\u00e4lt ein Echtheitszertifikat, das die zur Herstellung dieses Produkts verwendeten Materialien und Techniken \u00fcberpr\u00fcft.<\/p>\n<p><strong>Gr\u00f6\u00dfe:<\/strong> 15 cm x 15 cm x 6 cm (6&#8243; x 6&#8243; x 2.1\/2&#8243;)<\/p>\n","protected":false},"featured_media":34539,"template":"","meta":[],"product_brand":[],"product_cat":[775,2409,2405],"product_tag":[778,1547,822,2412],"class_list":{"0":"post-42586","1":"product","2":"type-product","3":"status-publish","4":"has-post-thumbnail","6":"product_cat-kunsthaandvaerk","7":"product_cat-stifte-tischware","8":"product_cat-stift-rohlinge","9":"product_tag-betlehem-de","10":"product_tag-feder","11":"product_tag-oliventrae-de","12":"product_tag-stifte","14":"first","15":"outofstock","16":"shipping-taxable","17":"purchasable","18":"product-type-simple"},"yoast_head":"<!-- This site is optimized with the Yoast SEO plugin v24.8.1 - https:\/\/yoast.com\/wordpress\/plugins\/seo\/ -->\n<title>Handgefertigter Bethlehem Olivenholz Stiftst\u00e4nder, Olivenholz Stifthalter mit Rinde #PE115 - Holy Land Olive Wood - Bethlehem Olive Wood Factory<\/title>\n<meta name=\"description\" content=\"Bethlehem Olivenholzstifte und Tischwaren (z. B. Stifthalter, Stiftboxen), Rohlinge, Schnitzereien und mehr aus dem Heiligen Land und Rohbestand in Standard- und Sonderabmessungen.\" \/>\n<meta name=\"robots\" content=\"index, follow, max-snippet:-1, max-image-preview:large, max-video-preview:-1\" \/>\n<link rel=\"canonical\" href=\"https:\/\/old.holyland-olivewood.com\/de\/produkt\/handgefertigt-bethlehem-olive-wood-pen-stand-olive-wood-pen-holder-with-bark-pe115\/\" \/>\n<meta property=\"og:locale\" content=\"de_DE\" \/>\n<meta property=\"og:type\" content=\"article\" \/>\n<meta property=\"og:title\" content=\"Handgefertigter Bethlehem Olivenholz Stiftst\u00e4nder, Olivenholz Stifthalter mit Rinde #PE115 - Holy Land Olive Wood - Bethlehem Olive Wood Factory\" \/>\n<meta property=\"og:description\" content=\"Bethlehem Olivenholzstifte und Tischwaren (z. B. Stifthalter, Stiftboxen), Rohlinge, Schnitzereien und mehr aus dem Heiligen Land und Rohbestand in Standard- und Sonderabmessungen.\" \/>\n<meta property=\"og:url\" content=\"https:\/\/old.holyland-olivewood.com\/de\/produkt\/handgefertigt-bethlehem-olive-wood-pen-stand-olive-wood-pen-holder-with-bark-pe115\/\" \/>\n<meta property=\"og:site_name\" content=\"Holy Land Olive Wood - Bethlehem Olive Wood Factory\" \/>\n<meta property=\"article:publisher\" content=\"https:\/\/www.facebook.com\/holylandolivewood.bethlehem\/\" \/>\n<meta property=\"og:image\" content=\"https:\/\/old.holyland-olivewood.com\/wp-content\/uploads\/2018\/08\/bethlehem_olive_wood_pen_stand_olive_wood_pen_holde_PE115_6.jpg\" \/>\n\t<meta property=\"og:image:width\" content=\"1550\" \/>\n\t<meta property=\"og:image:height\" content=\"1200\" \/>\n\t<meta property=\"og:image:type\" content=\"image\/jpeg\" \/>\n<meta name=\"twitter:card\" content=\"summary_large_image\" \/>\n<script type=\"application\/ld+json\" class=\"yoast-schema-graph\">{\"@context\":\"https:\/\/schema.org\",\"@graph\":[{\"@type\":\"WebPage\",\"@id\":\"https:\/\/old.holyland-olivewood.com\/de\/produkt\/handgefertigt-bethlehem-olive-wood-pen-stand-olive-wood-pen-holder-with-bark-pe115\/\",\"url\":\"https:\/\/old.holyland-olivewood.com\/de\/produkt\/handgefertigt-bethlehem-olive-wood-pen-stand-olive-wood-pen-holder-with-bark-pe115\/\",\"name\":\"Handgefertigter Bethlehem Olivenholz Stiftst\u00e4nder, Olivenholz Stifthalter mit Rinde #PE115 - Holy Land Olive Wood - Bethlehem Olive Wood Factory\",\"isPartOf\":{\"@id\":\"https:\/\/old.holyland-olivewood.com\/de\/#website\"},\"primaryImageOfPage\":{\"@id\":\"https:\/\/old.holyland-olivewood.com\/de\/produkt\/handgefertigt-bethlehem-olive-wood-pen-stand-olive-wood-pen-holder-with-bark-pe115\/#primaryimage\"},\"image\":{\"@id\":\"https:\/\/old.holyland-olivewood.com\/de\/produkt\/handgefertigt-bethlehem-olive-wood-pen-stand-olive-wood-pen-holder-with-bark-pe115\/#primaryimage\"},\"thumbnailUrl\":\"https:\/\/old.holyland-olivewood.com\/wp-content\/uploads\/2018\/08\/bethlehem_olive_wood_pen_stand_olive_wood_pen_holde_PE115_6.jpg\",\"datePublished\":\"2022-02-09T07:50:15+00:00\",\"description\":\"Bethlehem Olivenholzstifte und Tischwaren (z. B. Stifthalter, Stiftboxen), Rohlinge, Schnitzereien und mehr aus dem Heiligen Land und Rohbestand in Standard- und Sonderabmessungen.\",\"breadcrumb\":{\"@id\":\"https:\/\/old.holyland-olivewood.com\/de\/produkt\/handgefertigt-bethlehem-olive-wood-pen-stand-olive-wood-pen-holder-with-bark-pe115\/#breadcrumb\"},\"inLanguage\":\"de\",\"potentialAction\":[{\"@type\":\"ReadAction\",\"target\":[\"https:\/\/old.holyland-olivewood.com\/de\/produkt\/handgefertigt-bethlehem-olive-wood-pen-stand-olive-wood-pen-holder-with-bark-pe115\/\"]}]},{\"@type\":\"ImageObject\",\"inLanguage\":\"de\",\"@id\":\"https:\/\/old.holyland-olivewood.com\/de\/produkt\/handgefertigt-bethlehem-olive-wood-pen-stand-olive-wood-pen-holder-with-bark-pe115\/#primaryimage\",\"url\":\"https:\/\/old.holyland-olivewood.com\/wp-content\/uploads\/2018\/08\/bethlehem_olive_wood_pen_stand_olive_wood_pen_holde_PE115_6.jpg\",\"contentUrl\":\"https:\/\/old.holyland-olivewood.com\/wp-content\/uploads\/2018\/08\/bethlehem_olive_wood_pen_stand_olive_wood_pen_holde_PE115_6.jpg\",\"width\":1550,\"height\":1200},{\"@type\":\"BreadcrumbList\",\"@id\":\"https:\/\/old.holyland-olivewood.com\/de\/produkt\/handgefertigt-bethlehem-olive-wood-pen-stand-olive-wood-pen-holder-with-bark-pe115\/#breadcrumb\",\"itemListElement\":[{\"@type\":\"ListItem\",\"position\":1,\"name\":\"Home\",\"item\":\"https:\/\/old.holyland-olivewood.com\/de\/\"},{\"@type\":\"ListItem\",\"position\":2,\"name\":\"Shop\",\"item\":\"https:\/\/old.holyland-olivewood.com\/de\/shop\/\"},{\"@type\":\"ListItem\",\"position\":3,\"name\":\"Handgefertigter Bethlehem Olivenholz Stiftst\u00e4nder, Olivenholz Stifthalter mit Rinde #PE115\"}]},{\"@type\":\"WebSite\",\"@id\":\"https:\/\/old.holyland-olivewood.com\/de\/#website\",\"url\":\"https:\/\/old.holyland-olivewood.com\/de\/\",\"name\":\"Holy Land Olive Wood - Bethlehem Olive Wood Factory\",\"description\":\"Holy Land Olivewood Bethlehem\",\"publisher\":{\"@id\":\"https:\/\/old.holyland-olivewood.com\/de\/#organization\"},\"potentialAction\":[{\"@type\":\"SearchAction\",\"target\":{\"@type\":\"EntryPoint\",\"urlTemplate\":\"https:\/\/old.holyland-olivewood.com\/de\/?s={search_term_string}\"},\"query-input\":{\"@type\":\"PropertyValueSpecification\",\"valueRequired\":true,\"valueName\":\"search_term_string\"}}],\"inLanguage\":\"de\"},{\"@type\":\"Organization\",\"@id\":\"https:\/\/old.holyland-olivewood.com\/de\/#organization\",\"name\":\"Holy Land Olivewood\",\"url\":\"https:\/\/old.holyland-olivewood.com\/de\/\",\"logo\":{\"@type\":\"ImageObject\",\"inLanguage\":\"de\",\"@id\":\"https:\/\/old.holyland-olivewood.com\/de\/#\/schema\/logo\/image\/\",\"url\":\"\",\"contentUrl\":\"\",\"caption\":\"Holy Land Olivewood\"},\"image\":{\"@id\":\"https:\/\/old.holyland-olivewood.com\/de\/#\/schema\/logo\/image\/\"},\"sameAs\":[\"https:\/\/www.facebook.com\/holylandolivewood.bethlehem\/\",\"http:\/\/instagram.com\/holy.land.olive.wood\"]}]}<\/script>\n<!-- \/ Yoast SEO plugin. -->","yoast_head_json":{"title":"Handgefertigter Bethlehem Olivenholz Stiftst\u00e4nder, Olivenholz Stifthalter mit Rinde #PE115 - Holy Land Olive Wood - Bethlehem Olive Wood Factory","description":"Bethlehem Olivenholzstifte und Tischwaren (z. B. Stifthalter, Stiftboxen), Rohlinge, Schnitzereien und mehr aus dem Heiligen Land und Rohbestand in Standard- und Sonderabmessungen.","robots":{"index":"index","follow":"follow","max-snippet":"max-snippet:-1","max-image-preview":"max-image-preview:large","max-video-preview":"max-video-preview:-1"},"canonical":"https:\/\/old.holyland-olivewood.com\/de\/produkt\/handgefertigt-bethlehem-olive-wood-pen-stand-olive-wood-pen-holder-with-bark-pe115\/","og_locale":"de_DE","og_type":"article","og_title":"Handgefertigter Bethlehem Olivenholz Stiftst\u00e4nder, Olivenholz Stifthalter mit Rinde #PE115 - Holy Land Olive Wood - Bethlehem Olive Wood Factory","og_description":"Bethlehem Olivenholzstifte und Tischwaren (z. B. Stifthalter, Stiftboxen), Rohlinge, Schnitzereien und mehr aus dem Heiligen Land und Rohbestand in Standard- und Sonderabmessungen.","og_url":"https:\/\/old.holyland-olivewood.com\/de\/produkt\/handgefertigt-bethlehem-olive-wood-pen-stand-olive-wood-pen-holder-with-bark-pe115\/","og_site_name":"Holy Land Olive Wood - Bethlehem Olive Wood Factory","article_publisher":"https:\/\/www.facebook.com\/holylandolivewood.bethlehem\/","og_image":[{"width":1550,"height":1200,"url":"https:\/\/old.holyland-olivewood.com\/wp-content\/uploads\/2018\/08\/bethlehem_olive_wood_pen_stand_olive_wood_pen_holde_PE115_6.jpg","type":"image\/jpeg"}],"twitter_card":"summary_large_image","schema":{"@context":"https:\/\/schema.org","@graph":[{"@type":"WebPage","@id":"https:\/\/old.holyland-olivewood.com\/de\/produkt\/handgefertigt-bethlehem-olive-wood-pen-stand-olive-wood-pen-holder-with-bark-pe115\/","url":"https:\/\/old.holyland-olivewood.com\/de\/produkt\/handgefertigt-bethlehem-olive-wood-pen-stand-olive-wood-pen-holder-with-bark-pe115\/","name":"Handgefertigter Bethlehem Olivenholz Stiftst\u00e4nder, Olivenholz Stifthalter mit Rinde #PE115 - Holy Land Olive Wood - Bethlehem Olive Wood Factory","isPartOf":{"@id":"https:\/\/old.holyland-olivewood.com\/de\/#website"},"primaryImageOfPage":{"@id":"https:\/\/old.holyland-olivewood.com\/de\/produkt\/handgefertigt-bethlehem-olive-wood-pen-stand-olive-wood-pen-holder-with-bark-pe115\/#primaryimage"},"image":{"@id":"https:\/\/old.holyland-olivewood.com\/de\/produkt\/handgefertigt-bethlehem-olive-wood-pen-stand-olive-wood-pen-holder-with-bark-pe115\/#primaryimage"},"thumbnailUrl":"https:\/\/old.holyland-olivewood.com\/wp-content\/uploads\/2018\/08\/bethlehem_olive_wood_pen_stand_olive_wood_pen_holde_PE115_6.jpg","datePublished":"2022-02-09T07:50:15+00:00","description":"Bethlehem Olivenholzstifte und Tischwaren (z. B. Stifthalter, Stiftboxen), Rohlinge, Schnitzereien und mehr aus dem Heiligen Land und Rohbestand in Standard- und Sonderabmessungen.","breadcrumb":{"@id":"https:\/\/old.holyland-olivewood.com\/de\/produkt\/handgefertigt-bethlehem-olive-wood-pen-stand-olive-wood-pen-holder-with-bark-pe115\/#breadcrumb"},"inLanguage":"de","potentialAction":[{"@type":"ReadAction","target":["https:\/\/old.holyland-olivewood.com\/de\/produkt\/handgefertigt-bethlehem-olive-wood-pen-stand-olive-wood-pen-holder-with-bark-pe115\/"]}]},{"@type":"ImageObject","inLanguage":"de","@id":"https:\/\/old.holyland-olivewood.com\/de\/produkt\/handgefertigt-bethlehem-olive-wood-pen-stand-olive-wood-pen-holder-with-bark-pe115\/#primaryimage","url":"https:\/\/old.holyland-olivewood.com\/wp-content\/uploads\/2018\/08\/bethlehem_olive_wood_pen_stand_olive_wood_pen_holde_PE115_6.jpg","contentUrl":"https:\/\/old.holyland-olivewood.com\/wp-content\/uploads\/2018\/08\/bethlehem_olive_wood_pen_stand_olive_wood_pen_holde_PE115_6.jpg","width":1550,"height":1200},{"@type":"BreadcrumbList","@id":"https:\/\/old.holyland-olivewood.com\/de\/produkt\/handgefertigt-bethlehem-olive-wood-pen-stand-olive-wood-pen-holder-with-bark-pe115\/#breadcrumb","itemListElement":[{"@type":"ListItem","position":1,"name":"Home","item":"https:\/\/old.holyland-olivewood.com\/de\/"},{"@type":"ListItem","position":2,"name":"Shop","item":"https:\/\/old.holyland-olivewood.com\/de\/shop\/"},{"@type":"ListItem","position":3,"name":"Handgefertigter Bethlehem Olivenholz Stiftst\u00e4nder, Olivenholz Stifthalter mit Rinde #PE115"}]},{"@type":"WebSite","@id":"https:\/\/old.holyland-olivewood.com\/de\/#website","url":"https:\/\/old.holyland-olivewood.com\/de\/","name":"Holy Land Olive Wood - Bethlehem Olive Wood Factory","description":"Holy Land Olivewood Bethlehem","publisher":{"@id":"https:\/\/old.holyland-olivewood.com\/de\/#organization"},"potentialAction":[{"@type":"SearchAction","target":{"@type":"EntryPoint","urlTemplate":"https:\/\/old.holyland-olivewood.com\/de\/?s={search_term_string}"},"query-input":{"@type":"PropertyValueSpecification","valueRequired":true,"valueName":"search_term_string"}}],"inLanguage":"de"},{"@type":"Organization","@id":"https:\/\/old.holyland-olivewood.com\/de\/#organization","name":"Holy Land Olivewood","url":"https:\/\/old.holyland-olivewood.com\/de\/","logo":{"@type":"ImageObject","inLanguage":"de","@id":"https:\/\/old.holyland-olivewood.com\/de\/#\/schema\/logo\/image\/","url":"","contentUrl":"","caption":"Holy Land Olivewood"},"image":{"@id":"https:\/\/old.holyland-olivewood.com\/de\/#\/schema\/logo\/image\/"},"sameAs":["https:\/\/www.facebook.com\/holylandolivewood.bethlehem\/","http:\/\/instagram.com\/holy.land.olive.wood"]}]}},"_links":{"self":[{"href":"https:\/\/old.holyland-olivewood.com\/de\/wp-json\/wp\/v2\/product\/42586","targetHints":{"allow":["GET"]}}],"collection":[{"href":"https:\/\/old.holyland-olivewood.com\/de\/wp-json\/wp\/v2\/product"}],"about":[{"href":"https:\/\/old.holyland-olivewood.com\/de\/wp-json\/wp\/v2\/types\/product"}],"wp:featuredmedia":[{"embeddable":true,"href":"https:\/\/old.holyland-olivewood.com\/de\/wp-json\/wp\/v2\/media\/34539"}],"wp:attachment":[{"href":"https:\/\/old.holyland-olivewood.com\/de\/wp-json\/wp\/v2\/media?parent=42586"}],"wp:term":[{"taxonomy":"product_brand","embeddable":true,"href":"https:\/\/old.holyland-olivewood.com\/de\/wp-json\/wp\/v2\/product_brand?post=42586"},{"taxonomy":"product_cat","embeddable":true,"href":"https:\/\/old.holyland-olivewood.com\/de\/wp-json\/wp\/v2\/product_cat?post=42586"},{"taxonomy":"product_tag","embeddable":true,"href":"https:\/\/old.holyland-olivewood.com\/de\/wp-json\/wp\/v2\/product_tag?post=42586"}],"curies":[{"name":"wp","href":"https:\/\/api.w.org\/{rel}","templated":true}]}}