{"id":42057,"date":"2018-09-06T12:43:45","date_gmt":"2022-02-09T07:35:57","guid":{"rendered":"https:\/\/old.holyland-olivewood.com\/product\/totes-meer-schlamm-300g-d102\/"},"modified":"2022-02-09T07:35:57","modified_gmt":"2022-02-09T07:35:57","slug":"totes-meer-schlamm-300g-d102","status":"publish","type":"product","link":"https:\/\/old.holyland-olivewood.com\/de\/produkt\/totes-meer-schlamm-300g-d102\/","title":{"rendered":"Totes Meer Schlamm (300g) D102"},"content":{"rendered":"<p>Schlamm aus dem Toten Meer<\/p>\n","protected":false},"excerpt":{"rendered":"<p><strong>Totes Meer Schlamm (300g)<\/strong><\/p>\n<p>Diese Schlammmaske aus dem Toten Meer enth\u00e4lt mehr als 27 nat\u00fcrliche Mineralien. Es ist auch mit Aloe Vera Extrakt, \u00e4therischen Kr\u00e4uter\u00f6len und einer Mischung aus Eisen, Magnesium, Kalzium und Zink angereichert, um die Poren zu reinigen, abgestorbene Hautzellen zu entfernen, Unreinheiten zu reduzieren und Ihre Haut mit Feuchtigkeit zu versorgen.<\/p>\n<p><strong>Anweisungen:<\/strong> Tragen Sie eine ausreichende Menge Schlamm aus dem Toten Meer auf Gesicht und Hals auf, warten Sie etwa 5-10 Minuten, bis sie trocken sind, und sp\u00fclen Sie sie dann mit Wasser ab.<\/p>\n<p><strong>Menge :<\/strong> 600 Gramm<\/p>\n","protected":false},"featured_media":51873,"template":"","meta":[],"product_brand":[],"product_cat":[1793,2688],"product_tag":[2701,2702,2693,2698,2690,2696],"class_list":{"0":"post-42057","1":"product","2":"type-product","3":"status-publish","4":"has-post-thumbnail","6":"product_cat-verschiedenes","7":"product_cat-totes-meer-produkte","8":"product_tag-leichenpeeling-vom-toten-meer","9":"product_tag-mineralsalz","10":"product_tag-mineralsalz-aus-dem-toten-meer","11":"product_tag-rahm","12":"product_tag-schlamm-aus-dem-toten-meer","13":"product_tag-schwarzer-schlamm-soab","15":"first","16":"outofstock","17":"shipping-taxable","18":"purchasable","19":"product-type-simple"},"yoast_head":"<!-- This site is optimized with the Yoast SEO plugin v24.8.1 - https:\/\/yoast.com\/wordpress\/plugins\/seo\/ -->\n<title>Totes Meer Schlamm (300g) D102 - Holy Land Olive Wood - Bethlehem Olive Wood Factory<\/title>\n<meta name=\"description\" content=\"Totes Meer Schlamm (Totes Meer Schlamm, Totes Meer Mineralsalz) Schwarzer Schlamm Soab, Creme, Totes Meer K\u00f6rperpeeling, Schlamm, Mineralsalz, aus Olivenholz des Heiligen Landes.\" \/>\n<meta name=\"robots\" content=\"index, follow, max-snippet:-1, max-image-preview:large, max-video-preview:-1\" \/>\n<link rel=\"canonical\" href=\"https:\/\/old.holyland-olivewood.com\/de\/produkt\/totes-meer-schlamm-300g-d102\/\" \/>\n<meta property=\"og:locale\" content=\"de_DE\" \/>\n<meta property=\"og:type\" content=\"article\" \/>\n<meta property=\"og:title\" content=\"Totes Meer Schlamm (300g) D102 - Holy Land Olive Wood - Bethlehem Olive Wood Factory\" \/>\n<meta property=\"og:description\" content=\"Totes Meer Schlamm (Totes Meer Schlamm, Totes Meer Mineralsalz) Schwarzer Schlamm Soab, Creme, Totes Meer K\u00f6rperpeeling, Schlamm, Mineralsalz, aus Olivenholz des Heiligen Landes.\" \/>\n<meta property=\"og:url\" content=\"https:\/\/old.holyland-olivewood.com\/de\/produkt\/totes-meer-schlamm-300g-d102\/\" \/>\n<meta property=\"og:site_name\" content=\"Holy Land Olive Wood - Bethlehem Olive Wood Factory\" \/>\n<meta property=\"article:publisher\" content=\"https:\/\/www.facebook.com\/holylandolivewood.bethlehem\/\" \/>\n<meta property=\"og:image\" content=\"https:\/\/old.holyland-olivewood.com\/wp-content\/uploads\/2018\/09\/dead_sea_black_mud_product_d101_102.jpg\" \/>\n\t<meta property=\"og:image:width\" content=\"1550\" \/>\n\t<meta property=\"og:image:height\" content=\"1200\" \/>\n\t<meta property=\"og:image:type\" content=\"image\/jpeg\" \/>\n<meta name=\"twitter:card\" content=\"summary_large_image\" \/>\n<script type=\"application\/ld+json\" class=\"yoast-schema-graph\">{\"@context\":\"https:\/\/schema.org\",\"@graph\":[{\"@type\":\"WebPage\",\"@id\":\"https:\/\/old.holyland-olivewood.com\/de\/produkt\/totes-meer-schlamm-300g-d102\/\",\"url\":\"https:\/\/old.holyland-olivewood.com\/de\/produkt\/totes-meer-schlamm-300g-d102\/\",\"name\":\"Totes Meer Schlamm (300g) D102 - Holy Land Olive Wood - Bethlehem Olive Wood Factory\",\"isPartOf\":{\"@id\":\"https:\/\/old.holyland-olivewood.com\/de\/#website\"},\"primaryImageOfPage\":{\"@id\":\"https:\/\/old.holyland-olivewood.com\/de\/produkt\/totes-meer-schlamm-300g-d102\/#primaryimage\"},\"image\":{\"@id\":\"https:\/\/old.holyland-olivewood.com\/de\/produkt\/totes-meer-schlamm-300g-d102\/#primaryimage\"},\"thumbnailUrl\":\"https:\/\/old.holyland-olivewood.com\/wp-content\/uploads\/2018\/09\/dead_sea_black_mud_product_d101_102.jpg\",\"datePublished\":\"2022-02-09T07:35:57+00:00\",\"description\":\"Totes Meer Schlamm (Totes Meer Schlamm, Totes Meer Mineralsalz) Schwarzer Schlamm Soab, Creme, Totes Meer K\u00f6rperpeeling, Schlamm, Mineralsalz, aus Olivenholz des Heiligen Landes.\",\"breadcrumb\":{\"@id\":\"https:\/\/old.holyland-olivewood.com\/de\/produkt\/totes-meer-schlamm-300g-d102\/#breadcrumb\"},\"inLanguage\":\"de\",\"potentialAction\":[{\"@type\":\"ReadAction\",\"target\":[\"https:\/\/old.holyland-olivewood.com\/de\/produkt\/totes-meer-schlamm-300g-d102\/\"]}]},{\"@type\":\"ImageObject\",\"inLanguage\":\"de\",\"@id\":\"https:\/\/old.holyland-olivewood.com\/de\/produkt\/totes-meer-schlamm-300g-d102\/#primaryimage\",\"url\":\"https:\/\/old.holyland-olivewood.com\/wp-content\/uploads\/2018\/09\/dead_sea_black_mud_product_d101_102.jpg\",\"contentUrl\":\"https:\/\/old.holyland-olivewood.com\/wp-content\/uploads\/2018\/09\/dead_sea_black_mud_product_d101_102.jpg\",\"width\":1550,\"height\":1200},{\"@type\":\"BreadcrumbList\",\"@id\":\"https:\/\/old.holyland-olivewood.com\/de\/produkt\/totes-meer-schlamm-300g-d102\/#breadcrumb\",\"itemListElement\":[{\"@type\":\"ListItem\",\"position\":1,\"name\":\"Home\",\"item\":\"https:\/\/old.holyland-olivewood.com\/de\/\"},{\"@type\":\"ListItem\",\"position\":2,\"name\":\"Shop\",\"item\":\"https:\/\/old.holyland-olivewood.com\/de\/shop\/\"},{\"@type\":\"ListItem\",\"position\":3,\"name\":\"Totes Meer Schlamm (300g) D102\"}]},{\"@type\":\"WebSite\",\"@id\":\"https:\/\/old.holyland-olivewood.com\/de\/#website\",\"url\":\"https:\/\/old.holyland-olivewood.com\/de\/\",\"name\":\"Holy Land Olive Wood - Bethlehem Olive Wood Factory\",\"description\":\"Holy Land Olivewood Bethlehem\",\"publisher\":{\"@id\":\"https:\/\/old.holyland-olivewood.com\/de\/#organization\"},\"potentialAction\":[{\"@type\":\"SearchAction\",\"target\":{\"@type\":\"EntryPoint\",\"urlTemplate\":\"https:\/\/old.holyland-olivewood.com\/de\/?s={search_term_string}\"},\"query-input\":{\"@type\":\"PropertyValueSpecification\",\"valueRequired\":true,\"valueName\":\"search_term_string\"}}],\"inLanguage\":\"de\"},{\"@type\":\"Organization\",\"@id\":\"https:\/\/old.holyland-olivewood.com\/de\/#organization\",\"name\":\"Holy Land Olivewood\",\"url\":\"https:\/\/old.holyland-olivewood.com\/de\/\",\"logo\":{\"@type\":\"ImageObject\",\"inLanguage\":\"de\",\"@id\":\"https:\/\/old.holyland-olivewood.com\/de\/#\/schema\/logo\/image\/\",\"url\":\"\",\"contentUrl\":\"\",\"caption\":\"Holy Land Olivewood\"},\"image\":{\"@id\":\"https:\/\/old.holyland-olivewood.com\/de\/#\/schema\/logo\/image\/\"},\"sameAs\":[\"https:\/\/www.facebook.com\/holylandolivewood.bethlehem\/\",\"http:\/\/instagram.com\/holy.land.olive.wood\"]}]}<\/script>\n<!-- \/ Yoast SEO plugin. -->","yoast_head_json":{"title":"Totes Meer Schlamm (300g) D102 - Holy Land Olive Wood - Bethlehem Olive Wood Factory","description":"Totes Meer Schlamm (Totes Meer Schlamm, Totes Meer Mineralsalz) Schwarzer Schlamm Soab, Creme, Totes Meer K\u00f6rperpeeling, Schlamm, Mineralsalz, aus Olivenholz des Heiligen Landes.","robots":{"index":"index","follow":"follow","max-snippet":"max-snippet:-1","max-image-preview":"max-image-preview:large","max-video-preview":"max-video-preview:-1"},"canonical":"https:\/\/old.holyland-olivewood.com\/de\/produkt\/totes-meer-schlamm-300g-d102\/","og_locale":"de_DE","og_type":"article","og_title":"Totes Meer Schlamm (300g) D102 - Holy Land Olive Wood - Bethlehem Olive Wood Factory","og_description":"Totes Meer Schlamm (Totes Meer Schlamm, Totes Meer Mineralsalz) Schwarzer Schlamm Soab, Creme, Totes Meer K\u00f6rperpeeling, Schlamm, Mineralsalz, aus Olivenholz des Heiligen Landes.","og_url":"https:\/\/old.holyland-olivewood.com\/de\/produkt\/totes-meer-schlamm-300g-d102\/","og_site_name":"Holy Land Olive Wood - Bethlehem Olive Wood Factory","article_publisher":"https:\/\/www.facebook.com\/holylandolivewood.bethlehem\/","og_image":[{"width":1550,"height":1200,"url":"https:\/\/old.holyland-olivewood.com\/wp-content\/uploads\/2018\/09\/dead_sea_black_mud_product_d101_102.jpg","type":"image\/jpeg"}],"twitter_card":"summary_large_image","schema":{"@context":"https:\/\/schema.org","@graph":[{"@type":"WebPage","@id":"https:\/\/old.holyland-olivewood.com\/de\/produkt\/totes-meer-schlamm-300g-d102\/","url":"https:\/\/old.holyland-olivewood.com\/de\/produkt\/totes-meer-schlamm-300g-d102\/","name":"Totes Meer Schlamm (300g) D102 - Holy Land Olive Wood - Bethlehem Olive Wood Factory","isPartOf":{"@id":"https:\/\/old.holyland-olivewood.com\/de\/#website"},"primaryImageOfPage":{"@id":"https:\/\/old.holyland-olivewood.com\/de\/produkt\/totes-meer-schlamm-300g-d102\/#primaryimage"},"image":{"@id":"https:\/\/old.holyland-olivewood.com\/de\/produkt\/totes-meer-schlamm-300g-d102\/#primaryimage"},"thumbnailUrl":"https:\/\/old.holyland-olivewood.com\/wp-content\/uploads\/2018\/09\/dead_sea_black_mud_product_d101_102.jpg","datePublished":"2022-02-09T07:35:57+00:00","description":"Totes Meer Schlamm (Totes Meer Schlamm, Totes Meer Mineralsalz) Schwarzer Schlamm Soab, Creme, Totes Meer K\u00f6rperpeeling, Schlamm, Mineralsalz, aus Olivenholz des Heiligen Landes.","breadcrumb":{"@id":"https:\/\/old.holyland-olivewood.com\/de\/produkt\/totes-meer-schlamm-300g-d102\/#breadcrumb"},"inLanguage":"de","potentialAction":[{"@type":"ReadAction","target":["https:\/\/old.holyland-olivewood.com\/de\/produkt\/totes-meer-schlamm-300g-d102\/"]}]},{"@type":"ImageObject","inLanguage":"de","@id":"https:\/\/old.holyland-olivewood.com\/de\/produkt\/totes-meer-schlamm-300g-d102\/#primaryimage","url":"https:\/\/old.holyland-olivewood.com\/wp-content\/uploads\/2018\/09\/dead_sea_black_mud_product_d101_102.jpg","contentUrl":"https:\/\/old.holyland-olivewood.com\/wp-content\/uploads\/2018\/09\/dead_sea_black_mud_product_d101_102.jpg","width":1550,"height":1200},{"@type":"BreadcrumbList","@id":"https:\/\/old.holyland-olivewood.com\/de\/produkt\/totes-meer-schlamm-300g-d102\/#breadcrumb","itemListElement":[{"@type":"ListItem","position":1,"name":"Home","item":"https:\/\/old.holyland-olivewood.com\/de\/"},{"@type":"ListItem","position":2,"name":"Shop","item":"https:\/\/old.holyland-olivewood.com\/de\/shop\/"},{"@type":"ListItem","position":3,"name":"Totes Meer Schlamm (300g) D102"}]},{"@type":"WebSite","@id":"https:\/\/old.holyland-olivewood.com\/de\/#website","url":"https:\/\/old.holyland-olivewood.com\/de\/","name":"Holy Land Olive Wood - Bethlehem Olive Wood Factory","description":"Holy Land Olivewood Bethlehem","publisher":{"@id":"https:\/\/old.holyland-olivewood.com\/de\/#organization"},"potentialAction":[{"@type":"SearchAction","target":{"@type":"EntryPoint","urlTemplate":"https:\/\/old.holyland-olivewood.com\/de\/?s={search_term_string}"},"query-input":{"@type":"PropertyValueSpecification","valueRequired":true,"valueName":"search_term_string"}}],"inLanguage":"de"},{"@type":"Organization","@id":"https:\/\/old.holyland-olivewood.com\/de\/#organization","name":"Holy Land Olivewood","url":"https:\/\/old.holyland-olivewood.com\/de\/","logo":{"@type":"ImageObject","inLanguage":"de","@id":"https:\/\/old.holyland-olivewood.com\/de\/#\/schema\/logo\/image\/","url":"","contentUrl":"","caption":"Holy Land Olivewood"},"image":{"@id":"https:\/\/old.holyland-olivewood.com\/de\/#\/schema\/logo\/image\/"},"sameAs":["https:\/\/www.facebook.com\/holylandolivewood.bethlehem\/","http:\/\/instagram.com\/holy.land.olive.wood"]}]}},"_links":{"self":[{"href":"https:\/\/old.holyland-olivewood.com\/de\/wp-json\/wp\/v2\/product\/42057","targetHints":{"allow":["GET"]}}],"collection":[{"href":"https:\/\/old.holyland-olivewood.com\/de\/wp-json\/wp\/v2\/product"}],"about":[{"href":"https:\/\/old.holyland-olivewood.com\/de\/wp-json\/wp\/v2\/types\/product"}],"wp:featuredmedia":[{"embeddable":true,"href":"https:\/\/old.holyland-olivewood.com\/de\/wp-json\/wp\/v2\/media\/51873"}],"wp:attachment":[{"href":"https:\/\/old.holyland-olivewood.com\/de\/wp-json\/wp\/v2\/media?parent=42057"}],"wp:term":[{"taxonomy":"product_brand","embeddable":true,"href":"https:\/\/old.holyland-olivewood.com\/de\/wp-json\/wp\/v2\/product_brand?post=42057"},{"taxonomy":"product_cat","embeddable":true,"href":"https:\/\/old.holyland-olivewood.com\/de\/wp-json\/wp\/v2\/product_cat?post=42057"},{"taxonomy":"product_tag","embeddable":true,"href":"https:\/\/old.holyland-olivewood.com\/de\/wp-json\/wp\/v2\/product_tag?post=42057"}],"curies":[{"name":"wp","href":"https:\/\/api.w.org\/{rel}","templated":true}]}}