{"id":41844,"date":"2018-09-06T13:31:03","date_gmt":"2022-02-09T05:41:02","guid":{"rendered":"https:\/\/old.holyland-olivewood.com\/product\/koerperpeeling-vom-toten-meer-rose-400g-d121\/"},"modified":"2022-02-09T05:41:02","modified_gmt":"2022-02-09T05:41:02","slug":"totes-meer-korper-peeling-rose-400g-d121","status":"publish","type":"product","link":"https:\/\/old.holyland-olivewood.com\/de\/produkt\/totes-meer-korper-peeling-rose-400g-d121\/","title":{"rendered":"K\u00f6rperpeeling vom Toten Meer &#8211; Rose (400g) #D121"},"content":{"rendered":"<p>Leichenpeeling vom Toten Meer<\/p>\n","protected":false},"excerpt":{"rendered":"<p><strong>K\u00f6rperpeeling vom Toten Meer &#8211; Rose (400g)<\/strong><\/p>\n<p>Dieses nat\u00fcrliche K\u00f6rperpeeling wird aus mineralreichem Salz aus dem Toten Meer hergestellt, das mit Weizenkeim\u00f6l, Jojoba\u00f6l, Oliven\u00f6l, Avocado\u00f6l, Paraffin\u00f6l, Bio-Sonnenblumen\u00f6l, Traubenkern\u00f6l, Vitamin E und Rosenextrakt angereichert ist.<\/p>\n<p>Diese regenerative Kombination von Vitaminen, Mineralien und Antioxidantien verbessert die Durchblutung, reduziert Cellulite, spendet Feuchtigkeit und lindert Hauterkrankungen wie Psoriasis, Ekzeme und Hautausschl\u00e4ge.<\/p>\n<p><strong>Anweisungen:<\/strong> Massieren Sie das Peeling in kreisenden Bewegungen in Ihre Haut ein, bis Ihre Haut mit seinen \u00d6len ges\u00e4ttigt ist. Massagebereiche, die besonders trocken und\/oder besch\u00e4digt sind, und anschlie\u00dfend ohne Seife mit Wasser abwaschen. F\u00fcr optimale Ergebnisse wiederholen Sie diesen Vorgang 2-3 Mal pro Woche.<\/p>\n<p><strong>Menge :<\/strong> 400 Gramm<\/p>\n","protected":false},"featured_media":51716,"template":"","meta":[],"product_brand":[],"product_cat":[1793,2688],"product_tag":[2701,2702,2693,2698,2690,2696],"class_list":{"0":"post-41844","1":"product","2":"type-product","3":"status-publish","4":"has-post-thumbnail","6":"product_cat-verschiedenes","7":"product_cat-totes-meer-produkte","8":"product_tag-leichenpeeling-vom-toten-meer","9":"product_tag-mineralsalz","10":"product_tag-mineralsalz-aus-dem-toten-meer","11":"product_tag-rahm","12":"product_tag-schlamm-aus-dem-toten-meer","13":"product_tag-schwarzer-schlamm-soab","15":"first","16":"outofstock","17":"shipping-taxable","18":"purchasable","19":"product-type-simple"},"yoast_head":"<!-- This site is optimized with the Yoast SEO plugin v24.8.1 - https:\/\/yoast.com\/wordpress\/plugins\/seo\/ -->\n<title>K\u00f6rperpeeling vom Toten Meer - Rose (400g) #D121 - Holy Land Olive Wood - Bethlehem Olive Wood Factory<\/title>\n<meta name=\"description\" content=\"Leichenpeeling aus dem Toten Meer (Schlamm aus dem Toten Meer, Mineralsalz aus dem Toten Meer), Schwarzer Schlamm Soab, Creme, K\u00f6rperpeeling aus dem Toten Meer, Schlamm, Mineralsalz aus Olivenholz des Heiligen Landes.\" \/>\n<meta name=\"robots\" content=\"index, follow, max-snippet:-1, max-image-preview:large, max-video-preview:-1\" \/>\n<link rel=\"canonical\" href=\"https:\/\/old.holyland-olivewood.com\/de\/produkt\/totes-meer-korper-peeling-rose-400g-d121\/\" \/>\n<meta property=\"og:locale\" content=\"de_DE\" \/>\n<meta property=\"og:type\" content=\"article\" \/>\n<meta property=\"og:title\" content=\"K\u00f6rperpeeling vom Toten Meer - Rose (400g) #D121 - Holy Land Olive Wood - Bethlehem Olive Wood Factory\" \/>\n<meta property=\"og:description\" content=\"Leichenpeeling aus dem Toten Meer (Schlamm aus dem Toten Meer, Mineralsalz aus dem Toten Meer), Schwarzer Schlamm Soab, Creme, K\u00f6rperpeeling aus dem Toten Meer, Schlamm, Mineralsalz aus Olivenholz des Heiligen Landes.\" \/>\n<meta property=\"og:url\" content=\"https:\/\/old.holyland-olivewood.com\/de\/produkt\/totes-meer-korper-peeling-rose-400g-d121\/\" \/>\n<meta property=\"og:site_name\" content=\"Holy Land Olive Wood - Bethlehem Olive Wood Factory\" \/>\n<meta property=\"article:publisher\" content=\"https:\/\/www.facebook.com\/holylandolivewood.bethlehem\/\" \/>\n<meta property=\"og:image\" content=\"https:\/\/old.holyland-olivewood.com\/wp-content\/uploads\/2018\/09\/dead_sea_product_d121.jpg\" \/>\n\t<meta property=\"og:image:width\" content=\"1550\" \/>\n\t<meta property=\"og:image:height\" content=\"1200\" \/>\n\t<meta property=\"og:image:type\" content=\"image\/jpeg\" \/>\n<meta name=\"twitter:card\" content=\"summary_large_image\" \/>\n<script type=\"application\/ld+json\" class=\"yoast-schema-graph\">{\"@context\":\"https:\/\/schema.org\",\"@graph\":[{\"@type\":\"WebPage\",\"@id\":\"https:\/\/old.holyland-olivewood.com\/de\/produkt\/totes-meer-korper-peeling-rose-400g-d121\/\",\"url\":\"https:\/\/old.holyland-olivewood.com\/de\/produkt\/totes-meer-korper-peeling-rose-400g-d121\/\",\"name\":\"K\u00f6rperpeeling vom Toten Meer - Rose (400g) #D121 - Holy Land Olive Wood - Bethlehem Olive Wood Factory\",\"isPartOf\":{\"@id\":\"https:\/\/old.holyland-olivewood.com\/de\/#website\"},\"primaryImageOfPage\":{\"@id\":\"https:\/\/old.holyland-olivewood.com\/de\/produkt\/totes-meer-korper-peeling-rose-400g-d121\/#primaryimage\"},\"image\":{\"@id\":\"https:\/\/old.holyland-olivewood.com\/de\/produkt\/totes-meer-korper-peeling-rose-400g-d121\/#primaryimage\"},\"thumbnailUrl\":\"https:\/\/old.holyland-olivewood.com\/wp-content\/uploads\/2018\/09\/dead_sea_product_d121.jpg\",\"datePublished\":\"2022-02-09T05:41:02+00:00\",\"description\":\"Leichenpeeling aus dem Toten Meer (Schlamm aus dem Toten Meer, Mineralsalz aus dem Toten Meer), Schwarzer Schlamm Soab, Creme, K\u00f6rperpeeling aus dem Toten Meer, Schlamm, Mineralsalz aus Olivenholz des Heiligen Landes.\",\"breadcrumb\":{\"@id\":\"https:\/\/old.holyland-olivewood.com\/de\/produkt\/totes-meer-korper-peeling-rose-400g-d121\/#breadcrumb\"},\"inLanguage\":\"de\",\"potentialAction\":[{\"@type\":\"ReadAction\",\"target\":[\"https:\/\/old.holyland-olivewood.com\/de\/produkt\/totes-meer-korper-peeling-rose-400g-d121\/\"]}]},{\"@type\":\"ImageObject\",\"inLanguage\":\"de\",\"@id\":\"https:\/\/old.holyland-olivewood.com\/de\/produkt\/totes-meer-korper-peeling-rose-400g-d121\/#primaryimage\",\"url\":\"https:\/\/old.holyland-olivewood.com\/wp-content\/uploads\/2018\/09\/dead_sea_product_d121.jpg\",\"contentUrl\":\"https:\/\/old.holyland-olivewood.com\/wp-content\/uploads\/2018\/09\/dead_sea_product_d121.jpg\",\"width\":1550,\"height\":1200},{\"@type\":\"BreadcrumbList\",\"@id\":\"https:\/\/old.holyland-olivewood.com\/de\/produkt\/totes-meer-korper-peeling-rose-400g-d121\/#breadcrumb\",\"itemListElement\":[{\"@type\":\"ListItem\",\"position\":1,\"name\":\"Home\",\"item\":\"https:\/\/old.holyland-olivewood.com\/de\/\"},{\"@type\":\"ListItem\",\"position\":2,\"name\":\"Shop\",\"item\":\"https:\/\/old.holyland-olivewood.com\/de\/shop\/\"},{\"@type\":\"ListItem\",\"position\":3,\"name\":\"K\u00f6rperpeeling vom Toten Meer &#8211; Rose (400g) #D121\"}]},{\"@type\":\"WebSite\",\"@id\":\"https:\/\/old.holyland-olivewood.com\/de\/#website\",\"url\":\"https:\/\/old.holyland-olivewood.com\/de\/\",\"name\":\"Holy Land Olive Wood - Bethlehem Olive Wood Factory\",\"description\":\"Holy Land Olivewood Bethlehem\",\"publisher\":{\"@id\":\"https:\/\/old.holyland-olivewood.com\/de\/#organization\"},\"potentialAction\":[{\"@type\":\"SearchAction\",\"target\":{\"@type\":\"EntryPoint\",\"urlTemplate\":\"https:\/\/old.holyland-olivewood.com\/de\/?s={search_term_string}\"},\"query-input\":{\"@type\":\"PropertyValueSpecification\",\"valueRequired\":true,\"valueName\":\"search_term_string\"}}],\"inLanguage\":\"de\"},{\"@type\":\"Organization\",\"@id\":\"https:\/\/old.holyland-olivewood.com\/de\/#organization\",\"name\":\"Holy Land Olivewood\",\"url\":\"https:\/\/old.holyland-olivewood.com\/de\/\",\"logo\":{\"@type\":\"ImageObject\",\"inLanguage\":\"de\",\"@id\":\"https:\/\/old.holyland-olivewood.com\/de\/#\/schema\/logo\/image\/\",\"url\":\"\",\"contentUrl\":\"\",\"caption\":\"Holy Land Olivewood\"},\"image\":{\"@id\":\"https:\/\/old.holyland-olivewood.com\/de\/#\/schema\/logo\/image\/\"},\"sameAs\":[\"https:\/\/www.facebook.com\/holylandolivewood.bethlehem\/\",\"http:\/\/instagram.com\/holy.land.olive.wood\"]}]}<\/script>\n<!-- \/ Yoast SEO plugin. -->","yoast_head_json":{"title":"K\u00f6rperpeeling vom Toten Meer - Rose (400g) #D121 - Holy Land Olive Wood - Bethlehem Olive Wood Factory","description":"Leichenpeeling aus dem Toten Meer (Schlamm aus dem Toten Meer, Mineralsalz aus dem Toten Meer), Schwarzer Schlamm Soab, Creme, K\u00f6rperpeeling aus dem Toten Meer, Schlamm, Mineralsalz aus Olivenholz des Heiligen Landes.","robots":{"index":"index","follow":"follow","max-snippet":"max-snippet:-1","max-image-preview":"max-image-preview:large","max-video-preview":"max-video-preview:-1"},"canonical":"https:\/\/old.holyland-olivewood.com\/de\/produkt\/totes-meer-korper-peeling-rose-400g-d121\/","og_locale":"de_DE","og_type":"article","og_title":"K\u00f6rperpeeling vom Toten Meer - Rose (400g) #D121 - Holy Land Olive Wood - Bethlehem Olive Wood Factory","og_description":"Leichenpeeling aus dem Toten Meer (Schlamm aus dem Toten Meer, Mineralsalz aus dem Toten Meer), Schwarzer Schlamm Soab, Creme, K\u00f6rperpeeling aus dem Toten Meer, Schlamm, Mineralsalz aus Olivenholz des Heiligen Landes.","og_url":"https:\/\/old.holyland-olivewood.com\/de\/produkt\/totes-meer-korper-peeling-rose-400g-d121\/","og_site_name":"Holy Land Olive Wood - Bethlehem Olive Wood Factory","article_publisher":"https:\/\/www.facebook.com\/holylandolivewood.bethlehem\/","og_image":[{"width":1550,"height":1200,"url":"https:\/\/old.holyland-olivewood.com\/wp-content\/uploads\/2018\/09\/dead_sea_product_d121.jpg","type":"image\/jpeg"}],"twitter_card":"summary_large_image","schema":{"@context":"https:\/\/schema.org","@graph":[{"@type":"WebPage","@id":"https:\/\/old.holyland-olivewood.com\/de\/produkt\/totes-meer-korper-peeling-rose-400g-d121\/","url":"https:\/\/old.holyland-olivewood.com\/de\/produkt\/totes-meer-korper-peeling-rose-400g-d121\/","name":"K\u00f6rperpeeling vom Toten Meer - Rose (400g) #D121 - Holy Land Olive Wood - Bethlehem Olive Wood Factory","isPartOf":{"@id":"https:\/\/old.holyland-olivewood.com\/de\/#website"},"primaryImageOfPage":{"@id":"https:\/\/old.holyland-olivewood.com\/de\/produkt\/totes-meer-korper-peeling-rose-400g-d121\/#primaryimage"},"image":{"@id":"https:\/\/old.holyland-olivewood.com\/de\/produkt\/totes-meer-korper-peeling-rose-400g-d121\/#primaryimage"},"thumbnailUrl":"https:\/\/old.holyland-olivewood.com\/wp-content\/uploads\/2018\/09\/dead_sea_product_d121.jpg","datePublished":"2022-02-09T05:41:02+00:00","description":"Leichenpeeling aus dem Toten Meer (Schlamm aus dem Toten Meer, Mineralsalz aus dem Toten Meer), Schwarzer Schlamm Soab, Creme, K\u00f6rperpeeling aus dem Toten Meer, Schlamm, Mineralsalz aus Olivenholz des Heiligen Landes.","breadcrumb":{"@id":"https:\/\/old.holyland-olivewood.com\/de\/produkt\/totes-meer-korper-peeling-rose-400g-d121\/#breadcrumb"},"inLanguage":"de","potentialAction":[{"@type":"ReadAction","target":["https:\/\/old.holyland-olivewood.com\/de\/produkt\/totes-meer-korper-peeling-rose-400g-d121\/"]}]},{"@type":"ImageObject","inLanguage":"de","@id":"https:\/\/old.holyland-olivewood.com\/de\/produkt\/totes-meer-korper-peeling-rose-400g-d121\/#primaryimage","url":"https:\/\/old.holyland-olivewood.com\/wp-content\/uploads\/2018\/09\/dead_sea_product_d121.jpg","contentUrl":"https:\/\/old.holyland-olivewood.com\/wp-content\/uploads\/2018\/09\/dead_sea_product_d121.jpg","width":1550,"height":1200},{"@type":"BreadcrumbList","@id":"https:\/\/old.holyland-olivewood.com\/de\/produkt\/totes-meer-korper-peeling-rose-400g-d121\/#breadcrumb","itemListElement":[{"@type":"ListItem","position":1,"name":"Home","item":"https:\/\/old.holyland-olivewood.com\/de\/"},{"@type":"ListItem","position":2,"name":"Shop","item":"https:\/\/old.holyland-olivewood.com\/de\/shop\/"},{"@type":"ListItem","position":3,"name":"K\u00f6rperpeeling vom Toten Meer &#8211; Rose (400g) #D121"}]},{"@type":"WebSite","@id":"https:\/\/old.holyland-olivewood.com\/de\/#website","url":"https:\/\/old.holyland-olivewood.com\/de\/","name":"Holy Land Olive Wood - Bethlehem Olive Wood Factory","description":"Holy Land Olivewood Bethlehem","publisher":{"@id":"https:\/\/old.holyland-olivewood.com\/de\/#organization"},"potentialAction":[{"@type":"SearchAction","target":{"@type":"EntryPoint","urlTemplate":"https:\/\/old.holyland-olivewood.com\/de\/?s={search_term_string}"},"query-input":{"@type":"PropertyValueSpecification","valueRequired":true,"valueName":"search_term_string"}}],"inLanguage":"de"},{"@type":"Organization","@id":"https:\/\/old.holyland-olivewood.com\/de\/#organization","name":"Holy Land Olivewood","url":"https:\/\/old.holyland-olivewood.com\/de\/","logo":{"@type":"ImageObject","inLanguage":"de","@id":"https:\/\/old.holyland-olivewood.com\/de\/#\/schema\/logo\/image\/","url":"","contentUrl":"","caption":"Holy Land Olivewood"},"image":{"@id":"https:\/\/old.holyland-olivewood.com\/de\/#\/schema\/logo\/image\/"},"sameAs":["https:\/\/www.facebook.com\/holylandolivewood.bethlehem\/","http:\/\/instagram.com\/holy.land.olive.wood"]}]}},"_links":{"self":[{"href":"https:\/\/old.holyland-olivewood.com\/de\/wp-json\/wp\/v2\/product\/41844","targetHints":{"allow":["GET"]}}],"collection":[{"href":"https:\/\/old.holyland-olivewood.com\/de\/wp-json\/wp\/v2\/product"}],"about":[{"href":"https:\/\/old.holyland-olivewood.com\/de\/wp-json\/wp\/v2\/types\/product"}],"wp:featuredmedia":[{"embeddable":true,"href":"https:\/\/old.holyland-olivewood.com\/de\/wp-json\/wp\/v2\/media\/51716"}],"wp:attachment":[{"href":"https:\/\/old.holyland-olivewood.com\/de\/wp-json\/wp\/v2\/media?parent=41844"}],"wp:term":[{"taxonomy":"product_brand","embeddable":true,"href":"https:\/\/old.holyland-olivewood.com\/de\/wp-json\/wp\/v2\/product_brand?post=41844"},{"taxonomy":"product_cat","embeddable":true,"href":"https:\/\/old.holyland-olivewood.com\/de\/wp-json\/wp\/v2\/product_cat?post=41844"},{"taxonomy":"product_tag","embeddable":true,"href":"https:\/\/old.holyland-olivewood.com\/de\/wp-json\/wp\/v2\/product_tag?post=41844"}],"curies":[{"name":"wp","href":"https:\/\/api.w.org\/{rel}","templated":true}]}}