{"id":41053,"date":"2020-03-08T18:31:06","date_gmt":"2022-02-07T06:33:29","guid":{"rendered":"https:\/\/old.holyland-olivewood.com\/product\/natuerliche-bethlehem-olive-branch-pen-box-pe123\/"},"modified":"2022-02-07T06:33:29","modified_gmt":"2022-02-07T06:33:29","slug":"naturlich-bethlehem-olivenzweig-stift-box-pe123","status":"publish","type":"product","link":"https:\/\/old.holyland-olivewood.com\/de\/produkt\/naturlich-bethlehem-olivenzweig-stift-box-pe123\/","title":{"rendered":"Nat\u00fcrliche Bethlehem Olive Branch Pen Box #PE123"},"content":{"rendered":"","protected":false},"excerpt":{"rendered":"<p>Diese wundersch\u00f6ne Pen Box wird im Heiligen Land aus nachhaltig geerntetem, authentischem Bethlehem Olivenholz handgefertigt. Dieses St\u00fcck ist sehr langlebig und ist eine perfekte Verpackung zum Verschenken von Stiften oder zum Aufbewahren von Erinnerungsstiften.<\/p>\n<p>Dieses St\u00fcck besteht aus einem einzigen nat\u00fcrlichen Olivenzweig, der w\u00e4hrend der Schnittzeit geschnitten wurde. Seine Rinde bleibt intakt und die Ringe an beiden Enden des Zweiges passen im geschlossenen Zustand perfekt zusammen.<\/p>\n<p>Da es sich um ein nat\u00fcrlich geformtes St\u00fcck handelt, ist jedes St\u00fcck ein Unikat \u2013 kein St\u00fcck gleicht dem anderen.<\/p>\n<p>Jede Box wird mit einem Echtheitszertifikat geliefert, das die Materialien und Techniken \u00fcberpr\u00fcft, die zur Herstellung dieses Produkts verwendet wurden.<\/p>\n<p><strong>Gr\u00f6\u00dfe: Ca.<\/strong>  5 cm x 17,5 cm (2&#8243; x 7&#8243;)<\/p>\n","protected":false},"featured_media":37203,"template":"","meta":[],"product_brand":[],"product_cat":[775,2409,2405],"product_tag":[778,1547,822,2412],"class_list":{"0":"post-41053","1":"product","2":"type-product","3":"status-publish","4":"has-post-thumbnail","6":"product_cat-kunsthaandvaerk","7":"product_cat-stifte-tischware","8":"product_cat-stift-rohlinge","9":"product_tag-betlehem-de","10":"product_tag-feder","11":"product_tag-oliventrae-de","12":"product_tag-stifte","14":"first","15":"instock","16":"shipping-taxable","17":"purchasable","18":"product-type-simple"},"yoast_head":"<!-- This site is optimized with the Yoast SEO plugin v24.8.1 - https:\/\/yoast.com\/wordpress\/plugins\/seo\/ -->\n<title>Nat\u00fcrliche Bethlehem Olive Branch Pen Box #PE123 - Holy Land Olive Wood - Bethlehem Olive Wood Factory<\/title>\n<meta name=\"description\" content=\"Bethlehem Olivenholzstifte und Tischwaren (z. B. Stifthalter, Stiftboxen), Rohlinge, Schnitzereien und mehr aus dem Heiligen Land und Rohbestand in Standard- und Sonderabmessungen.\" \/>\n<meta name=\"robots\" content=\"index, follow, max-snippet:-1, max-image-preview:large, max-video-preview:-1\" \/>\n<link rel=\"canonical\" href=\"https:\/\/old.holyland-olivewood.com\/de\/produkt\/naturlich-bethlehem-olivenzweig-stift-box-pe123\/\" \/>\n<meta property=\"og:locale\" content=\"de_DE\" \/>\n<meta property=\"og:type\" content=\"article\" \/>\n<meta property=\"og:title\" content=\"Nat\u00fcrliche Bethlehem Olive Branch Pen Box #PE123 - Holy Land Olive Wood - Bethlehem Olive Wood Factory\" \/>\n<meta property=\"og:description\" content=\"Bethlehem Olivenholzstifte und Tischwaren (z. B. Stifthalter, Stiftboxen), Rohlinge, Schnitzereien und mehr aus dem Heiligen Land und Rohbestand in Standard- und Sonderabmessungen.\" \/>\n<meta property=\"og:url\" content=\"https:\/\/old.holyland-olivewood.com\/de\/produkt\/naturlich-bethlehem-olivenzweig-stift-box-pe123\/\" \/>\n<meta property=\"og:site_name\" content=\"Holy Land Olive Wood - Bethlehem Olive Wood Factory\" \/>\n<meta property=\"article:publisher\" content=\"https:\/\/www.facebook.com\/holylandolivewood.bethlehem\/\" \/>\n<meta property=\"og:image\" content=\"https:\/\/old.holyland-olivewood.com\/wp-content\/uploads\/2020\/03\/handcrafted_bethlehem_holy_land_olive_wood_pen_box_holder_pe123_2.jpg\" \/>\n\t<meta property=\"og:image:width\" content=\"1550\" \/>\n\t<meta property=\"og:image:height\" content=\"1200\" \/>\n\t<meta property=\"og:image:type\" content=\"image\/jpeg\" \/>\n<meta name=\"twitter:card\" content=\"summary_large_image\" \/>\n<script type=\"application\/ld+json\" class=\"yoast-schema-graph\">{\"@context\":\"https:\/\/schema.org\",\"@graph\":[{\"@type\":\"WebPage\",\"@id\":\"https:\/\/old.holyland-olivewood.com\/de\/produkt\/naturlich-bethlehem-olivenzweig-stift-box-pe123\/\",\"url\":\"https:\/\/old.holyland-olivewood.com\/de\/produkt\/naturlich-bethlehem-olivenzweig-stift-box-pe123\/\",\"name\":\"Nat\u00fcrliche Bethlehem Olive Branch Pen Box #PE123 - Holy Land Olive Wood - Bethlehem Olive Wood Factory\",\"isPartOf\":{\"@id\":\"https:\/\/old.holyland-olivewood.com\/de\/#website\"},\"primaryImageOfPage\":{\"@id\":\"https:\/\/old.holyland-olivewood.com\/de\/produkt\/naturlich-bethlehem-olivenzweig-stift-box-pe123\/#primaryimage\"},\"image\":{\"@id\":\"https:\/\/old.holyland-olivewood.com\/de\/produkt\/naturlich-bethlehem-olivenzweig-stift-box-pe123\/#primaryimage\"},\"thumbnailUrl\":\"https:\/\/old.holyland-olivewood.com\/wp-content\/uploads\/2020\/03\/handcrafted_bethlehem_holy_land_olive_wood_pen_box_holder_pe123_2.jpg\",\"datePublished\":\"2022-02-07T06:33:29+00:00\",\"description\":\"Bethlehem Olivenholzstifte und Tischwaren (z. B. Stifthalter, Stiftboxen), Rohlinge, Schnitzereien und mehr aus dem Heiligen Land und Rohbestand in Standard- und Sonderabmessungen.\",\"breadcrumb\":{\"@id\":\"https:\/\/old.holyland-olivewood.com\/de\/produkt\/naturlich-bethlehem-olivenzweig-stift-box-pe123\/#breadcrumb\"},\"inLanguage\":\"de\",\"potentialAction\":[{\"@type\":\"ReadAction\",\"target\":[\"https:\/\/old.holyland-olivewood.com\/de\/produkt\/naturlich-bethlehem-olivenzweig-stift-box-pe123\/\"]}]},{\"@type\":\"ImageObject\",\"inLanguage\":\"de\",\"@id\":\"https:\/\/old.holyland-olivewood.com\/de\/produkt\/naturlich-bethlehem-olivenzweig-stift-box-pe123\/#primaryimage\",\"url\":\"https:\/\/old.holyland-olivewood.com\/wp-content\/uploads\/2020\/03\/handcrafted_bethlehem_holy_land_olive_wood_pen_box_holder_pe123_2.jpg\",\"contentUrl\":\"https:\/\/old.holyland-olivewood.com\/wp-content\/uploads\/2020\/03\/handcrafted_bethlehem_holy_land_olive_wood_pen_box_holder_pe123_2.jpg\",\"width\":1550,\"height\":1200},{\"@type\":\"BreadcrumbList\",\"@id\":\"https:\/\/old.holyland-olivewood.com\/de\/produkt\/naturlich-bethlehem-olivenzweig-stift-box-pe123\/#breadcrumb\",\"itemListElement\":[{\"@type\":\"ListItem\",\"position\":1,\"name\":\"Home\",\"item\":\"https:\/\/old.holyland-olivewood.com\/de\/\"},{\"@type\":\"ListItem\",\"position\":2,\"name\":\"Shop\",\"item\":\"https:\/\/old.holyland-olivewood.com\/de\/shop\/\"},{\"@type\":\"ListItem\",\"position\":3,\"name\":\"Nat\u00fcrliche Bethlehem Olive Branch Pen Box #PE123\"}]},{\"@type\":\"WebSite\",\"@id\":\"https:\/\/old.holyland-olivewood.com\/de\/#website\",\"url\":\"https:\/\/old.holyland-olivewood.com\/de\/\",\"name\":\"Holy Land Olive Wood - Bethlehem Olive Wood Factory\",\"description\":\"Holy Land Olivewood Bethlehem\",\"publisher\":{\"@id\":\"https:\/\/old.holyland-olivewood.com\/de\/#organization\"},\"potentialAction\":[{\"@type\":\"SearchAction\",\"target\":{\"@type\":\"EntryPoint\",\"urlTemplate\":\"https:\/\/old.holyland-olivewood.com\/de\/?s={search_term_string}\"},\"query-input\":{\"@type\":\"PropertyValueSpecification\",\"valueRequired\":true,\"valueName\":\"search_term_string\"}}],\"inLanguage\":\"de\"},{\"@type\":\"Organization\",\"@id\":\"https:\/\/old.holyland-olivewood.com\/de\/#organization\",\"name\":\"Holy Land Olivewood\",\"url\":\"https:\/\/old.holyland-olivewood.com\/de\/\",\"logo\":{\"@type\":\"ImageObject\",\"inLanguage\":\"de\",\"@id\":\"https:\/\/old.holyland-olivewood.com\/de\/#\/schema\/logo\/image\/\",\"url\":\"\",\"contentUrl\":\"\",\"caption\":\"Holy Land Olivewood\"},\"image\":{\"@id\":\"https:\/\/old.holyland-olivewood.com\/de\/#\/schema\/logo\/image\/\"},\"sameAs\":[\"https:\/\/www.facebook.com\/holylandolivewood.bethlehem\/\",\"http:\/\/instagram.com\/holy.land.olive.wood\"]}]}<\/script>\n<!-- \/ Yoast SEO plugin. -->","yoast_head_json":{"title":"Nat\u00fcrliche Bethlehem Olive Branch Pen Box #PE123 - Holy Land Olive Wood - Bethlehem Olive Wood Factory","description":"Bethlehem Olivenholzstifte und Tischwaren (z. B. Stifthalter, Stiftboxen), Rohlinge, Schnitzereien und mehr aus dem Heiligen Land und Rohbestand in Standard- und Sonderabmessungen.","robots":{"index":"index","follow":"follow","max-snippet":"max-snippet:-1","max-image-preview":"max-image-preview:large","max-video-preview":"max-video-preview:-1"},"canonical":"https:\/\/old.holyland-olivewood.com\/de\/produkt\/naturlich-bethlehem-olivenzweig-stift-box-pe123\/","og_locale":"de_DE","og_type":"article","og_title":"Nat\u00fcrliche Bethlehem Olive Branch Pen Box #PE123 - Holy Land Olive Wood - Bethlehem Olive Wood Factory","og_description":"Bethlehem Olivenholzstifte und Tischwaren (z. B. Stifthalter, Stiftboxen), Rohlinge, Schnitzereien und mehr aus dem Heiligen Land und Rohbestand in Standard- und Sonderabmessungen.","og_url":"https:\/\/old.holyland-olivewood.com\/de\/produkt\/naturlich-bethlehem-olivenzweig-stift-box-pe123\/","og_site_name":"Holy Land Olive Wood - Bethlehem Olive Wood Factory","article_publisher":"https:\/\/www.facebook.com\/holylandolivewood.bethlehem\/","og_image":[{"width":1550,"height":1200,"url":"https:\/\/old.holyland-olivewood.com\/wp-content\/uploads\/2020\/03\/handcrafted_bethlehem_holy_land_olive_wood_pen_box_holder_pe123_2.jpg","type":"image\/jpeg"}],"twitter_card":"summary_large_image","schema":{"@context":"https:\/\/schema.org","@graph":[{"@type":"WebPage","@id":"https:\/\/old.holyland-olivewood.com\/de\/produkt\/naturlich-bethlehem-olivenzweig-stift-box-pe123\/","url":"https:\/\/old.holyland-olivewood.com\/de\/produkt\/naturlich-bethlehem-olivenzweig-stift-box-pe123\/","name":"Nat\u00fcrliche Bethlehem Olive Branch Pen Box #PE123 - Holy Land Olive Wood - Bethlehem Olive Wood Factory","isPartOf":{"@id":"https:\/\/old.holyland-olivewood.com\/de\/#website"},"primaryImageOfPage":{"@id":"https:\/\/old.holyland-olivewood.com\/de\/produkt\/naturlich-bethlehem-olivenzweig-stift-box-pe123\/#primaryimage"},"image":{"@id":"https:\/\/old.holyland-olivewood.com\/de\/produkt\/naturlich-bethlehem-olivenzweig-stift-box-pe123\/#primaryimage"},"thumbnailUrl":"https:\/\/old.holyland-olivewood.com\/wp-content\/uploads\/2020\/03\/handcrafted_bethlehem_holy_land_olive_wood_pen_box_holder_pe123_2.jpg","datePublished":"2022-02-07T06:33:29+00:00","description":"Bethlehem Olivenholzstifte und Tischwaren (z. B. Stifthalter, Stiftboxen), Rohlinge, Schnitzereien und mehr aus dem Heiligen Land und Rohbestand in Standard- und Sonderabmessungen.","breadcrumb":{"@id":"https:\/\/old.holyland-olivewood.com\/de\/produkt\/naturlich-bethlehem-olivenzweig-stift-box-pe123\/#breadcrumb"},"inLanguage":"de","potentialAction":[{"@type":"ReadAction","target":["https:\/\/old.holyland-olivewood.com\/de\/produkt\/naturlich-bethlehem-olivenzweig-stift-box-pe123\/"]}]},{"@type":"ImageObject","inLanguage":"de","@id":"https:\/\/old.holyland-olivewood.com\/de\/produkt\/naturlich-bethlehem-olivenzweig-stift-box-pe123\/#primaryimage","url":"https:\/\/old.holyland-olivewood.com\/wp-content\/uploads\/2020\/03\/handcrafted_bethlehem_holy_land_olive_wood_pen_box_holder_pe123_2.jpg","contentUrl":"https:\/\/old.holyland-olivewood.com\/wp-content\/uploads\/2020\/03\/handcrafted_bethlehem_holy_land_olive_wood_pen_box_holder_pe123_2.jpg","width":1550,"height":1200},{"@type":"BreadcrumbList","@id":"https:\/\/old.holyland-olivewood.com\/de\/produkt\/naturlich-bethlehem-olivenzweig-stift-box-pe123\/#breadcrumb","itemListElement":[{"@type":"ListItem","position":1,"name":"Home","item":"https:\/\/old.holyland-olivewood.com\/de\/"},{"@type":"ListItem","position":2,"name":"Shop","item":"https:\/\/old.holyland-olivewood.com\/de\/shop\/"},{"@type":"ListItem","position":3,"name":"Nat\u00fcrliche Bethlehem Olive Branch Pen Box #PE123"}]},{"@type":"WebSite","@id":"https:\/\/old.holyland-olivewood.com\/de\/#website","url":"https:\/\/old.holyland-olivewood.com\/de\/","name":"Holy Land Olive Wood - Bethlehem Olive Wood Factory","description":"Holy Land Olivewood Bethlehem","publisher":{"@id":"https:\/\/old.holyland-olivewood.com\/de\/#organization"},"potentialAction":[{"@type":"SearchAction","target":{"@type":"EntryPoint","urlTemplate":"https:\/\/old.holyland-olivewood.com\/de\/?s={search_term_string}"},"query-input":{"@type":"PropertyValueSpecification","valueRequired":true,"valueName":"search_term_string"}}],"inLanguage":"de"},{"@type":"Organization","@id":"https:\/\/old.holyland-olivewood.com\/de\/#organization","name":"Holy Land Olivewood","url":"https:\/\/old.holyland-olivewood.com\/de\/","logo":{"@type":"ImageObject","inLanguage":"de","@id":"https:\/\/old.holyland-olivewood.com\/de\/#\/schema\/logo\/image\/","url":"","contentUrl":"","caption":"Holy Land Olivewood"},"image":{"@id":"https:\/\/old.holyland-olivewood.com\/de\/#\/schema\/logo\/image\/"},"sameAs":["https:\/\/www.facebook.com\/holylandolivewood.bethlehem\/","http:\/\/instagram.com\/holy.land.olive.wood"]}]}},"_links":{"self":[{"href":"https:\/\/old.holyland-olivewood.com\/de\/wp-json\/wp\/v2\/product\/41053","targetHints":{"allow":["GET"]}}],"collection":[{"href":"https:\/\/old.holyland-olivewood.com\/de\/wp-json\/wp\/v2\/product"}],"about":[{"href":"https:\/\/old.holyland-olivewood.com\/de\/wp-json\/wp\/v2\/types\/product"}],"wp:featuredmedia":[{"embeddable":true,"href":"https:\/\/old.holyland-olivewood.com\/de\/wp-json\/wp\/v2\/media\/37203"}],"wp:attachment":[{"href":"https:\/\/old.holyland-olivewood.com\/de\/wp-json\/wp\/v2\/media?parent=41053"}],"wp:term":[{"taxonomy":"product_brand","embeddable":true,"href":"https:\/\/old.holyland-olivewood.com\/de\/wp-json\/wp\/v2\/product_brand?post=41053"},{"taxonomy":"product_cat","embeddable":true,"href":"https:\/\/old.holyland-olivewood.com\/de\/wp-json\/wp\/v2\/product_cat?post=41053"},{"taxonomy":"product_tag","embeddable":true,"href":"https:\/\/old.holyland-olivewood.com\/de\/wp-json\/wp\/v2\/product_tag?post=41053"}],"curies":[{"name":"wp","href":"https:\/\/api.w.org\/{rel}","templated":true}]}}