{"id":41015,"date":"2020-06-20T19:25:33","date_gmt":"2022-02-07T05:13:02","guid":{"rendered":"https:\/\/old.holyland-olivewood.com\/product\/handgefertigtes-bethlehem-olivenholz-psi-nouveau-sceptre-kugelschreiber-mit-chrom-pe127\/"},"modified":"2022-02-07T05:13:02","modified_gmt":"2022-02-07T05:13:02","slug":"handgefertigt-bethlehem-olive-wood-psi-nouveau-sceptre-ballpoint-pen-w-chrome-pe127","status":"publish","type":"product","link":"https:\/\/old.holyland-olivewood.com\/de\/produkt\/handgefertigt-bethlehem-olive-wood-psi-nouveau-sceptre-ballpoint-pen-w-chrome-pe127\/","title":{"rendered":"Handgefertigtes Bethlehem Olivenholz PSI Nouveau Sceptre Kugelschreiber mit Chrom #PE127"},"content":{"rendered":"","protected":false},"excerpt":{"rendered":"<p>Dieser handgedrehte Andenkenstift h\u00e4lt ein Leben lang und ist ein gro\u00dfartiges Geschenk f\u00fcr alle, die Handwerkskunst und die rohe Sch\u00f6nheit nat\u00fcrlicher Materialien sch\u00e4tzen. Der Griff dieses Stiftes besteht aus nachhaltig geerntetem, echtem Bethlehem Olivewood.<\/p>\n<p>Dieses exotische Material hat ein glatteres Finish als fast jedes andere Holz, und sein stark kontrastierendes Maserungsmuster beeindruckt immer wieder.<\/p>\n<p>Jeder Stift wird mit einer Vitrine und einem Echtheitszertifikat geliefert, das die Materialien und Techniken \u00fcberpr\u00fcft, die zur Herstellung dieses Produkts verwendet wurden.<\/p>\n<p><strong>Modell:<\/strong> Nouveau Sceptre Kugelschreiber &#8220;Twist Pen&#8221;<br \/>\n<strong>Art:<\/strong> Nachf\u00fcllung im Parker-Stil\u00ae<br \/>\n<strong>Farbe:<\/strong> Schwarz<br \/>\n<strong>Nachf\u00fcllbar:<\/strong> Ja<br \/>\n<strong>Packen:<\/strong> Bethlehem Olivenholz<br \/>\n<strong>Einbauten:<\/strong> Chrom\/24 Karat Gold<br \/>\n<strong>Beenden:<\/strong> Niedrigglanzlack<br \/>\n<strong>Gr\u00f6\u00dfe:<\/strong> 1,3 cm x 13 cm (1\/2&#8243; x 5&#8243;)<\/p>\n","protected":false},"featured_media":37455,"template":"","meta":[],"product_brand":[],"product_cat":[775,2409],"product_tag":[778,1547,822,2412],"class_list":{"0":"post-41015","1":"product","2":"type-product","3":"status-publish","4":"has-post-thumbnail","6":"product_cat-kunsthaandvaerk","7":"product_cat-stifte-tischware","8":"product_tag-betlehem-de","9":"product_tag-feder","10":"product_tag-oliventrae-de","11":"product_tag-stifte","13":"first","14":"outofstock","15":"shipping-taxable","16":"purchasable","17":"product-type-simple"},"yoast_head":"<!-- This site is optimized with the Yoast SEO plugin v24.8.1 - https:\/\/yoast.com\/wordpress\/plugins\/seo\/ -->\n<title>Handgefertigtes Bethlehem Olivenholz PSI Nouveau Sceptre Kugelschreiber mit Chrom #PE127 - Holy Land Olive Wood - Bethlehem Olive Wood Factory<\/title>\n<meta name=\"description\" content=\"Bethlehem Olivenholzstifte und Tischwaren (z. B. Stifthalter, Stiftboxen), Rohlinge, Schnitzereien und mehr aus dem Heiligen Land und Rohbestand in Standard- und Sonderabmessungen.\" \/>\n<meta name=\"robots\" content=\"index, follow, max-snippet:-1, max-image-preview:large, max-video-preview:-1\" \/>\n<link rel=\"canonical\" href=\"https:\/\/old.holyland-olivewood.com\/de\/produkt\/handgefertigt-bethlehem-olive-wood-psi-nouveau-sceptre-ballpoint-pen-w-chrome-pe127\/\" \/>\n<meta property=\"og:locale\" content=\"de_DE\" \/>\n<meta property=\"og:type\" content=\"article\" \/>\n<meta property=\"og:title\" content=\"Handgefertigtes Bethlehem Olivenholz PSI Nouveau Sceptre Kugelschreiber mit Chrom #PE127 - Holy Land Olive Wood - Bethlehem Olive Wood Factory\" \/>\n<meta property=\"og:description\" content=\"Bethlehem Olivenholzstifte und Tischwaren (z. B. Stifthalter, Stiftboxen), Rohlinge, Schnitzereien und mehr aus dem Heiligen Land und Rohbestand in Standard- und Sonderabmessungen.\" \/>\n<meta property=\"og:url\" content=\"https:\/\/old.holyland-olivewood.com\/de\/produkt\/handgefertigt-bethlehem-olive-wood-psi-nouveau-sceptre-ballpoint-pen-w-chrome-pe127\/\" \/>\n<meta property=\"og:site_name\" content=\"Holy Land Olive Wood - Bethlehem Olive Wood Factory\" \/>\n<meta property=\"article:publisher\" content=\"https:\/\/www.facebook.com\/holylandolivewood.bethlehem\/\" \/>\n<meta property=\"og:image\" content=\"https:\/\/old.holyland-olivewood.com\/wp-content\/uploads\/2018\/01\/pen_holy_land_olive_wood_bethlehem_pe127_1.jpg\" \/>\n\t<meta property=\"og:image:width\" content=\"1550\" \/>\n\t<meta property=\"og:image:height\" content=\"1200\" \/>\n\t<meta property=\"og:image:type\" content=\"image\/jpeg\" \/>\n<meta name=\"twitter:card\" content=\"summary_large_image\" \/>\n<script type=\"application\/ld+json\" class=\"yoast-schema-graph\">{\"@context\":\"https:\/\/schema.org\",\"@graph\":[{\"@type\":\"WebPage\",\"@id\":\"https:\/\/old.holyland-olivewood.com\/de\/produkt\/handgefertigt-bethlehem-olive-wood-psi-nouveau-sceptre-ballpoint-pen-w-chrome-pe127\/\",\"url\":\"https:\/\/old.holyland-olivewood.com\/de\/produkt\/handgefertigt-bethlehem-olive-wood-psi-nouveau-sceptre-ballpoint-pen-w-chrome-pe127\/\",\"name\":\"Handgefertigtes Bethlehem Olivenholz PSI Nouveau Sceptre Kugelschreiber mit Chrom #PE127 - Holy Land Olive Wood - Bethlehem Olive Wood Factory\",\"isPartOf\":{\"@id\":\"https:\/\/old.holyland-olivewood.com\/de\/#website\"},\"primaryImageOfPage\":{\"@id\":\"https:\/\/old.holyland-olivewood.com\/de\/produkt\/handgefertigt-bethlehem-olive-wood-psi-nouveau-sceptre-ballpoint-pen-w-chrome-pe127\/#primaryimage\"},\"image\":{\"@id\":\"https:\/\/old.holyland-olivewood.com\/de\/produkt\/handgefertigt-bethlehem-olive-wood-psi-nouveau-sceptre-ballpoint-pen-w-chrome-pe127\/#primaryimage\"},\"thumbnailUrl\":\"https:\/\/old.holyland-olivewood.com\/wp-content\/uploads\/2018\/01\/pen_holy_land_olive_wood_bethlehem_pe127_1.jpg\",\"datePublished\":\"2022-02-07T05:13:02+00:00\",\"description\":\"Bethlehem Olivenholzstifte und Tischwaren (z. B. Stifthalter, Stiftboxen), Rohlinge, Schnitzereien und mehr aus dem Heiligen Land und Rohbestand in Standard- und Sonderabmessungen.\",\"breadcrumb\":{\"@id\":\"https:\/\/old.holyland-olivewood.com\/de\/produkt\/handgefertigt-bethlehem-olive-wood-psi-nouveau-sceptre-ballpoint-pen-w-chrome-pe127\/#breadcrumb\"},\"inLanguage\":\"de\",\"potentialAction\":[{\"@type\":\"ReadAction\",\"target\":[\"https:\/\/old.holyland-olivewood.com\/de\/produkt\/handgefertigt-bethlehem-olive-wood-psi-nouveau-sceptre-ballpoint-pen-w-chrome-pe127\/\"]}]},{\"@type\":\"ImageObject\",\"inLanguage\":\"de\",\"@id\":\"https:\/\/old.holyland-olivewood.com\/de\/produkt\/handgefertigt-bethlehem-olive-wood-psi-nouveau-sceptre-ballpoint-pen-w-chrome-pe127\/#primaryimage\",\"url\":\"https:\/\/old.holyland-olivewood.com\/wp-content\/uploads\/2018\/01\/pen_holy_land_olive_wood_bethlehem_pe127_1.jpg\",\"contentUrl\":\"https:\/\/old.holyland-olivewood.com\/wp-content\/uploads\/2018\/01\/pen_holy_land_olive_wood_bethlehem_pe127_1.jpg\",\"width\":1550,\"height\":1200},{\"@type\":\"BreadcrumbList\",\"@id\":\"https:\/\/old.holyland-olivewood.com\/de\/produkt\/handgefertigt-bethlehem-olive-wood-psi-nouveau-sceptre-ballpoint-pen-w-chrome-pe127\/#breadcrumb\",\"itemListElement\":[{\"@type\":\"ListItem\",\"position\":1,\"name\":\"Home\",\"item\":\"https:\/\/old.holyland-olivewood.com\/de\/\"},{\"@type\":\"ListItem\",\"position\":2,\"name\":\"Shop\",\"item\":\"https:\/\/old.holyland-olivewood.com\/de\/shop\/\"},{\"@type\":\"ListItem\",\"position\":3,\"name\":\"Handgefertigtes Bethlehem Olivenholz PSI Nouveau Sceptre Kugelschreiber mit Chrom #PE127\"}]},{\"@type\":\"WebSite\",\"@id\":\"https:\/\/old.holyland-olivewood.com\/de\/#website\",\"url\":\"https:\/\/old.holyland-olivewood.com\/de\/\",\"name\":\"Holy Land Olive Wood - Bethlehem Olive Wood Factory\",\"description\":\"Holy Land Olivewood Bethlehem\",\"publisher\":{\"@id\":\"https:\/\/old.holyland-olivewood.com\/de\/#organization\"},\"potentialAction\":[{\"@type\":\"SearchAction\",\"target\":{\"@type\":\"EntryPoint\",\"urlTemplate\":\"https:\/\/old.holyland-olivewood.com\/de\/?s={search_term_string}\"},\"query-input\":{\"@type\":\"PropertyValueSpecification\",\"valueRequired\":true,\"valueName\":\"search_term_string\"}}],\"inLanguage\":\"de\"},{\"@type\":\"Organization\",\"@id\":\"https:\/\/old.holyland-olivewood.com\/de\/#organization\",\"name\":\"Holy Land Olivewood\",\"url\":\"https:\/\/old.holyland-olivewood.com\/de\/\",\"logo\":{\"@type\":\"ImageObject\",\"inLanguage\":\"de\",\"@id\":\"https:\/\/old.holyland-olivewood.com\/de\/#\/schema\/logo\/image\/\",\"url\":\"\",\"contentUrl\":\"\",\"caption\":\"Holy Land Olivewood\"},\"image\":{\"@id\":\"https:\/\/old.holyland-olivewood.com\/de\/#\/schema\/logo\/image\/\"},\"sameAs\":[\"https:\/\/www.facebook.com\/holylandolivewood.bethlehem\/\",\"http:\/\/instagram.com\/holy.land.olive.wood\"]}]}<\/script>\n<!-- \/ Yoast SEO plugin. -->","yoast_head_json":{"title":"Handgefertigtes Bethlehem Olivenholz PSI Nouveau Sceptre Kugelschreiber mit Chrom #PE127 - Holy Land Olive Wood - Bethlehem Olive Wood Factory","description":"Bethlehem Olivenholzstifte und Tischwaren (z. B. Stifthalter, Stiftboxen), Rohlinge, Schnitzereien und mehr aus dem Heiligen Land und Rohbestand in Standard- und Sonderabmessungen.","robots":{"index":"index","follow":"follow","max-snippet":"max-snippet:-1","max-image-preview":"max-image-preview:large","max-video-preview":"max-video-preview:-1"},"canonical":"https:\/\/old.holyland-olivewood.com\/de\/produkt\/handgefertigt-bethlehem-olive-wood-psi-nouveau-sceptre-ballpoint-pen-w-chrome-pe127\/","og_locale":"de_DE","og_type":"article","og_title":"Handgefertigtes Bethlehem Olivenholz PSI Nouveau Sceptre Kugelschreiber mit Chrom #PE127 - Holy Land Olive Wood - Bethlehem Olive Wood Factory","og_description":"Bethlehem Olivenholzstifte und Tischwaren (z. B. Stifthalter, Stiftboxen), Rohlinge, Schnitzereien und mehr aus dem Heiligen Land und Rohbestand in Standard- und Sonderabmessungen.","og_url":"https:\/\/old.holyland-olivewood.com\/de\/produkt\/handgefertigt-bethlehem-olive-wood-psi-nouveau-sceptre-ballpoint-pen-w-chrome-pe127\/","og_site_name":"Holy Land Olive Wood - Bethlehem Olive Wood Factory","article_publisher":"https:\/\/www.facebook.com\/holylandolivewood.bethlehem\/","og_image":[{"width":1550,"height":1200,"url":"https:\/\/old.holyland-olivewood.com\/wp-content\/uploads\/2018\/01\/pen_holy_land_olive_wood_bethlehem_pe127_1.jpg","type":"image\/jpeg"}],"twitter_card":"summary_large_image","schema":{"@context":"https:\/\/schema.org","@graph":[{"@type":"WebPage","@id":"https:\/\/old.holyland-olivewood.com\/de\/produkt\/handgefertigt-bethlehem-olive-wood-psi-nouveau-sceptre-ballpoint-pen-w-chrome-pe127\/","url":"https:\/\/old.holyland-olivewood.com\/de\/produkt\/handgefertigt-bethlehem-olive-wood-psi-nouveau-sceptre-ballpoint-pen-w-chrome-pe127\/","name":"Handgefertigtes Bethlehem Olivenholz PSI Nouveau Sceptre Kugelschreiber mit Chrom #PE127 - Holy Land Olive Wood - Bethlehem Olive Wood Factory","isPartOf":{"@id":"https:\/\/old.holyland-olivewood.com\/de\/#website"},"primaryImageOfPage":{"@id":"https:\/\/old.holyland-olivewood.com\/de\/produkt\/handgefertigt-bethlehem-olive-wood-psi-nouveau-sceptre-ballpoint-pen-w-chrome-pe127\/#primaryimage"},"image":{"@id":"https:\/\/old.holyland-olivewood.com\/de\/produkt\/handgefertigt-bethlehem-olive-wood-psi-nouveau-sceptre-ballpoint-pen-w-chrome-pe127\/#primaryimage"},"thumbnailUrl":"https:\/\/old.holyland-olivewood.com\/wp-content\/uploads\/2018\/01\/pen_holy_land_olive_wood_bethlehem_pe127_1.jpg","datePublished":"2022-02-07T05:13:02+00:00","description":"Bethlehem Olivenholzstifte und Tischwaren (z. B. Stifthalter, Stiftboxen), Rohlinge, Schnitzereien und mehr aus dem Heiligen Land und Rohbestand in Standard- und Sonderabmessungen.","breadcrumb":{"@id":"https:\/\/old.holyland-olivewood.com\/de\/produkt\/handgefertigt-bethlehem-olive-wood-psi-nouveau-sceptre-ballpoint-pen-w-chrome-pe127\/#breadcrumb"},"inLanguage":"de","potentialAction":[{"@type":"ReadAction","target":["https:\/\/old.holyland-olivewood.com\/de\/produkt\/handgefertigt-bethlehem-olive-wood-psi-nouveau-sceptre-ballpoint-pen-w-chrome-pe127\/"]}]},{"@type":"ImageObject","inLanguage":"de","@id":"https:\/\/old.holyland-olivewood.com\/de\/produkt\/handgefertigt-bethlehem-olive-wood-psi-nouveau-sceptre-ballpoint-pen-w-chrome-pe127\/#primaryimage","url":"https:\/\/old.holyland-olivewood.com\/wp-content\/uploads\/2018\/01\/pen_holy_land_olive_wood_bethlehem_pe127_1.jpg","contentUrl":"https:\/\/old.holyland-olivewood.com\/wp-content\/uploads\/2018\/01\/pen_holy_land_olive_wood_bethlehem_pe127_1.jpg","width":1550,"height":1200},{"@type":"BreadcrumbList","@id":"https:\/\/old.holyland-olivewood.com\/de\/produkt\/handgefertigt-bethlehem-olive-wood-psi-nouveau-sceptre-ballpoint-pen-w-chrome-pe127\/#breadcrumb","itemListElement":[{"@type":"ListItem","position":1,"name":"Home","item":"https:\/\/old.holyland-olivewood.com\/de\/"},{"@type":"ListItem","position":2,"name":"Shop","item":"https:\/\/old.holyland-olivewood.com\/de\/shop\/"},{"@type":"ListItem","position":3,"name":"Handgefertigtes Bethlehem Olivenholz PSI Nouveau Sceptre Kugelschreiber mit Chrom #PE127"}]},{"@type":"WebSite","@id":"https:\/\/old.holyland-olivewood.com\/de\/#website","url":"https:\/\/old.holyland-olivewood.com\/de\/","name":"Holy Land Olive Wood - Bethlehem Olive Wood Factory","description":"Holy Land Olivewood Bethlehem","publisher":{"@id":"https:\/\/old.holyland-olivewood.com\/de\/#organization"},"potentialAction":[{"@type":"SearchAction","target":{"@type":"EntryPoint","urlTemplate":"https:\/\/old.holyland-olivewood.com\/de\/?s={search_term_string}"},"query-input":{"@type":"PropertyValueSpecification","valueRequired":true,"valueName":"search_term_string"}}],"inLanguage":"de"},{"@type":"Organization","@id":"https:\/\/old.holyland-olivewood.com\/de\/#organization","name":"Holy Land Olivewood","url":"https:\/\/old.holyland-olivewood.com\/de\/","logo":{"@type":"ImageObject","inLanguage":"de","@id":"https:\/\/old.holyland-olivewood.com\/de\/#\/schema\/logo\/image\/","url":"","contentUrl":"","caption":"Holy Land Olivewood"},"image":{"@id":"https:\/\/old.holyland-olivewood.com\/de\/#\/schema\/logo\/image\/"},"sameAs":["https:\/\/www.facebook.com\/holylandolivewood.bethlehem\/","http:\/\/instagram.com\/holy.land.olive.wood"]}]}},"_links":{"self":[{"href":"https:\/\/old.holyland-olivewood.com\/de\/wp-json\/wp\/v2\/product\/41015","targetHints":{"allow":["GET"]}}],"collection":[{"href":"https:\/\/old.holyland-olivewood.com\/de\/wp-json\/wp\/v2\/product"}],"about":[{"href":"https:\/\/old.holyland-olivewood.com\/de\/wp-json\/wp\/v2\/types\/product"}],"wp:featuredmedia":[{"embeddable":true,"href":"https:\/\/old.holyland-olivewood.com\/de\/wp-json\/wp\/v2\/media\/37455"}],"wp:attachment":[{"href":"https:\/\/old.holyland-olivewood.com\/de\/wp-json\/wp\/v2\/media?parent=41015"}],"wp:term":[{"taxonomy":"product_brand","embeddable":true,"href":"https:\/\/old.holyland-olivewood.com\/de\/wp-json\/wp\/v2\/product_brand?post=41015"},{"taxonomy":"product_cat","embeddable":true,"href":"https:\/\/old.holyland-olivewood.com\/de\/wp-json\/wp\/v2\/product_cat?post=41015"},{"taxonomy":"product_tag","embeddable":true,"href":"https:\/\/old.holyland-olivewood.com\/de\/wp-json\/wp\/v2\/product_tag?post=41015"}],"curies":[{"name":"wp","href":"https:\/\/api.w.org\/{rel}","templated":true}]}}