{"id":40658,"date":"2020-10-19T15:45:39","date_gmt":"2022-02-06T13:46:13","guid":{"rendered":"https:\/\/old.holyland-olivewood.com\/product\/olivenholz-krippengrotte-set-na113\/"},"modified":"2022-02-06T13:46:13","modified_gmt":"2022-02-06T13:46:13","slug":"olivenholz-krippe-set-na113","status":"publish","type":"product","link":"https:\/\/old.holyland-olivewood.com\/de\/produkt\/olivenholz-krippe-set-na113\/","title":{"rendered":"Olivenholz Krippengrotte Set #NA113"},"content":{"rendered":"","protected":false},"excerpt":{"rendered":"<p>Diese wundersch\u00f6ne Krippe wird im Heiligen Land aus nachhaltig geerntetem, authentischem Bethlehem-Olivenholz handgefertigt. Dieses handgefertigte St\u00fcck, das nur unproduktive Olivenb\u00e4ume aus dem Heiligen Land verwendet, zeigt die atemberaubenden Maserungsmuster von rohem Olivenholz, frei von Jeglichen Zusatzstoffen oder Versiegelungen. Zu den Figuren geh\u00f6ren Maria und Josef und Jesus, die drei Weisen und der gute Hirte. Zu den Tieren geh\u00f6ren der Esel, die Rinderkuh und zwei L\u00e4mmer und drei Kamele. Es ist wundersch\u00f6n verarbeitet und bildet ein wunderbares zentrales Thema bei der Feier von Weihnachten.<br \/>\nDieser Artikel enth\u00e4lt ein Echtheitszertifikat, das die zur Herstellung dieses Produkts verwendeten Materialien und Techniken \u00fcberpr\u00fcft.<\/p>\n<p>Gr\u00f6\u00dfe: 28,5 cm x 39 cm x 28,5 cm (11,25&#8243; x 15,35&#8243; x 11,25&#8243;)<\/p>\n<p>Figuren Gr\u00f6\u00dfe: 17 cm (6.5&#8243;)<\/p>\n","protected":false},"featured_media":38030,"template":"","meta":[],"product_brand":[],"product_cat":[775,1197],"product_tag":[1271,778,1299,1253,1259,926,872,1217,1225,1303,1210,1232,1188,879,1202,838,852,831,844,1265,865,961,922,900,894,887,1294,1283,807,822,968,1239,1246,816,827,1277],"class_list":{"0":"post-40658","1":"product","2":"type-product","3":"status-publish","4":"has-post-thumbnail","6":"product_cat-kunsthaandvaerk","7":"product_cat-krippen","8":"product_tag-3-de","9":"product_tag-betlehem-de","10":"product_tag-esel","11":"product_tag-figuren","12":"product_tag-figurine-de","13":"product_tag-foedselskirken","14":"product_tag-gab","15":"product_tag-garnitur","16":"product_tag-garnituren","17":"product_tag-geburt","18":"product_tag-geschenke","19":"product_tag-grotte-de","20":"product_tag-haandlavet-de","21":"product_tag-haandvaerk","22":"product_tag-heiraten","23":"product_tag-hellig-de","24":"product_tag-jerusalem-de","25":"product_tag-jesus-de","26":"product_tag-jord-de","27":"product_tag-joseph-de","28":"product_tag-juli","29":"product_tag-katolsk-de","30":"product_tag-kirke-de","31":"product_tag-kors-de","32":"product_tag-kristen-de","33":"product_tag-kunsthaandvaerk","34":"product_tag-lamm-de","35":"product_tag-manner","36":"product_tag-oliv","37":"product_tag-oliventrae-de","38":"product_tag-ortodoks-de","39":"product_tag-stall-de","40":"product_tag-stallungen","41":"product_tag-trae-de","42":"product_tag-udskaering-de","43":"product_tag-weise","45":"first","46":"outofstock","47":"shipping-taxable","48":"purchasable","49":"product-type-simple"},"yoast_head":"<!-- This site is optimized with the Yoast SEO plugin v24.8.1 - https:\/\/yoast.com\/wordpress\/plugins\/seo\/ -->\n<title>Olivenholz Krippengrotte Set #NA113 - Holy Land Olive Wood - Bethlehem Olive Wood Factory<\/title>\n<meta name=\"description\" content=\"Bethlehem Olivenholz Kunsthandwerk (dh Rosenkr\u00e4nze, Statuen, Krippe, Sets, Grotte) heilige Familie, Weihnachten, Figuren, &amp; Rohbestand in Standard- und Benutzerdefinierten Dimensionen.\" \/>\n<meta name=\"robots\" content=\"index, follow, max-snippet:-1, max-image-preview:large, max-video-preview:-1\" \/>\n<link rel=\"canonical\" href=\"https:\/\/old.holyland-olivewood.com\/de\/produkt\/olivenholz-krippe-set-na113\/\" \/>\n<meta property=\"og:locale\" content=\"de_DE\" \/>\n<meta property=\"og:type\" content=\"article\" \/>\n<meta property=\"og:title\" content=\"Olivenholz Krippengrotte Set #NA113 - Holy Land Olive Wood - Bethlehem Olive Wood Factory\" \/>\n<meta property=\"og:description\" content=\"Bethlehem Olivenholz Kunsthandwerk (dh Rosenkr\u00e4nze, Statuen, Krippe, Sets, Grotte) heilige Familie, Weihnachten, Figuren, &amp; Rohbestand in Standard- und Benutzerdefinierten Dimensionen.\" \/>\n<meta property=\"og:url\" content=\"https:\/\/old.holyland-olivewood.com\/de\/produkt\/olivenholz-krippe-set-na113\/\" \/>\n<meta property=\"og:site_name\" content=\"Holy Land Olive Wood - Bethlehem Olive Wood Factory\" \/>\n<meta property=\"article:publisher\" content=\"https:\/\/www.facebook.com\/holylandolivewood.bethlehem\/\" \/>\n<meta property=\"og:image\" content=\"https:\/\/old.holyland-olivewood.com\/wp-content\/uploads\/2016\/05\/olivewood_nativity_grotto_set_na113-1.jpg\" \/>\n\t<meta property=\"og:image:width\" content=\"1550\" \/>\n\t<meta property=\"og:image:height\" content=\"1200\" \/>\n\t<meta property=\"og:image:type\" content=\"image\/jpeg\" \/>\n<meta name=\"twitter:card\" content=\"summary_large_image\" \/>\n<script type=\"application\/ld+json\" class=\"yoast-schema-graph\">{\"@context\":\"https:\/\/schema.org\",\"@graph\":[{\"@type\":\"WebPage\",\"@id\":\"https:\/\/old.holyland-olivewood.com\/de\/produkt\/olivenholz-krippe-set-na113\/\",\"url\":\"https:\/\/old.holyland-olivewood.com\/de\/produkt\/olivenholz-krippe-set-na113\/\",\"name\":\"Olivenholz Krippengrotte Set #NA113 - Holy Land Olive Wood - Bethlehem Olive Wood Factory\",\"isPartOf\":{\"@id\":\"https:\/\/old.holyland-olivewood.com\/de\/#website\"},\"primaryImageOfPage\":{\"@id\":\"https:\/\/old.holyland-olivewood.com\/de\/produkt\/olivenholz-krippe-set-na113\/#primaryimage\"},\"image\":{\"@id\":\"https:\/\/old.holyland-olivewood.com\/de\/produkt\/olivenholz-krippe-set-na113\/#primaryimage\"},\"thumbnailUrl\":\"https:\/\/old.holyland-olivewood.com\/wp-content\/uploads\/2016\/05\/olivewood_nativity_grotto_set_na113-1.jpg\",\"datePublished\":\"2022-02-06T13:46:13+00:00\",\"description\":\"Bethlehem Olivenholz Kunsthandwerk (dh Rosenkr\u00e4nze, Statuen, Krippe, Sets, Grotte) heilige Familie, Weihnachten, Figuren, & Rohbestand in Standard- und Benutzerdefinierten Dimensionen.\",\"breadcrumb\":{\"@id\":\"https:\/\/old.holyland-olivewood.com\/de\/produkt\/olivenholz-krippe-set-na113\/#breadcrumb\"},\"inLanguage\":\"de\",\"potentialAction\":[{\"@type\":\"ReadAction\",\"target\":[\"https:\/\/old.holyland-olivewood.com\/de\/produkt\/olivenholz-krippe-set-na113\/\"]}]},{\"@type\":\"ImageObject\",\"inLanguage\":\"de\",\"@id\":\"https:\/\/old.holyland-olivewood.com\/de\/produkt\/olivenholz-krippe-set-na113\/#primaryimage\",\"url\":\"https:\/\/old.holyland-olivewood.com\/wp-content\/uploads\/2016\/05\/olivewood_nativity_grotto_set_na113-1.jpg\",\"contentUrl\":\"https:\/\/old.holyland-olivewood.com\/wp-content\/uploads\/2016\/05\/olivewood_nativity_grotto_set_na113-1.jpg\",\"width\":1550,\"height\":1200},{\"@type\":\"BreadcrumbList\",\"@id\":\"https:\/\/old.holyland-olivewood.com\/de\/produkt\/olivenholz-krippe-set-na113\/#breadcrumb\",\"itemListElement\":[{\"@type\":\"ListItem\",\"position\":1,\"name\":\"Home\",\"item\":\"https:\/\/old.holyland-olivewood.com\/de\/\"},{\"@type\":\"ListItem\",\"position\":2,\"name\":\"Shop\",\"item\":\"https:\/\/old.holyland-olivewood.com\/de\/shop\/\"},{\"@type\":\"ListItem\",\"position\":3,\"name\":\"Olivenholz Krippengrotte Set #NA113\"}]},{\"@type\":\"WebSite\",\"@id\":\"https:\/\/old.holyland-olivewood.com\/de\/#website\",\"url\":\"https:\/\/old.holyland-olivewood.com\/de\/\",\"name\":\"Holy Land Olive Wood - Bethlehem Olive Wood Factory\",\"description\":\"Holy Land Olivewood Bethlehem\",\"publisher\":{\"@id\":\"https:\/\/old.holyland-olivewood.com\/de\/#organization\"},\"potentialAction\":[{\"@type\":\"SearchAction\",\"target\":{\"@type\":\"EntryPoint\",\"urlTemplate\":\"https:\/\/old.holyland-olivewood.com\/de\/?s={search_term_string}\"},\"query-input\":{\"@type\":\"PropertyValueSpecification\",\"valueRequired\":true,\"valueName\":\"search_term_string\"}}],\"inLanguage\":\"de\"},{\"@type\":\"Organization\",\"@id\":\"https:\/\/old.holyland-olivewood.com\/de\/#organization\",\"name\":\"Holy Land Olivewood\",\"url\":\"https:\/\/old.holyland-olivewood.com\/de\/\",\"logo\":{\"@type\":\"ImageObject\",\"inLanguage\":\"de\",\"@id\":\"https:\/\/old.holyland-olivewood.com\/de\/#\/schema\/logo\/image\/\",\"url\":\"\",\"contentUrl\":\"\",\"caption\":\"Holy Land Olivewood\"},\"image\":{\"@id\":\"https:\/\/old.holyland-olivewood.com\/de\/#\/schema\/logo\/image\/\"},\"sameAs\":[\"https:\/\/www.facebook.com\/holylandolivewood.bethlehem\/\",\"http:\/\/instagram.com\/holy.land.olive.wood\"]}]}<\/script>\n<!-- \/ Yoast SEO plugin. -->","yoast_head_json":{"title":"Olivenholz Krippengrotte Set #NA113 - Holy Land Olive Wood - Bethlehem Olive Wood Factory","description":"Bethlehem Olivenholz Kunsthandwerk (dh Rosenkr\u00e4nze, Statuen, Krippe, Sets, Grotte) heilige Familie, Weihnachten, Figuren, & Rohbestand in Standard- und Benutzerdefinierten Dimensionen.","robots":{"index":"index","follow":"follow","max-snippet":"max-snippet:-1","max-image-preview":"max-image-preview:large","max-video-preview":"max-video-preview:-1"},"canonical":"https:\/\/old.holyland-olivewood.com\/de\/produkt\/olivenholz-krippe-set-na113\/","og_locale":"de_DE","og_type":"article","og_title":"Olivenholz Krippengrotte Set #NA113 - Holy Land Olive Wood - Bethlehem Olive Wood Factory","og_description":"Bethlehem Olivenholz Kunsthandwerk (dh Rosenkr\u00e4nze, Statuen, Krippe, Sets, Grotte) heilige Familie, Weihnachten, Figuren, & Rohbestand in Standard- und Benutzerdefinierten Dimensionen.","og_url":"https:\/\/old.holyland-olivewood.com\/de\/produkt\/olivenholz-krippe-set-na113\/","og_site_name":"Holy Land Olive Wood - Bethlehem Olive Wood Factory","article_publisher":"https:\/\/www.facebook.com\/holylandolivewood.bethlehem\/","og_image":[{"width":1550,"height":1200,"url":"https:\/\/old.holyland-olivewood.com\/wp-content\/uploads\/2016\/05\/olivewood_nativity_grotto_set_na113-1.jpg","type":"image\/jpeg"}],"twitter_card":"summary_large_image","schema":{"@context":"https:\/\/schema.org","@graph":[{"@type":"WebPage","@id":"https:\/\/old.holyland-olivewood.com\/de\/produkt\/olivenholz-krippe-set-na113\/","url":"https:\/\/old.holyland-olivewood.com\/de\/produkt\/olivenholz-krippe-set-na113\/","name":"Olivenholz Krippengrotte Set #NA113 - Holy Land Olive Wood - Bethlehem Olive Wood Factory","isPartOf":{"@id":"https:\/\/old.holyland-olivewood.com\/de\/#website"},"primaryImageOfPage":{"@id":"https:\/\/old.holyland-olivewood.com\/de\/produkt\/olivenholz-krippe-set-na113\/#primaryimage"},"image":{"@id":"https:\/\/old.holyland-olivewood.com\/de\/produkt\/olivenholz-krippe-set-na113\/#primaryimage"},"thumbnailUrl":"https:\/\/old.holyland-olivewood.com\/wp-content\/uploads\/2016\/05\/olivewood_nativity_grotto_set_na113-1.jpg","datePublished":"2022-02-06T13:46:13+00:00","description":"Bethlehem Olivenholz Kunsthandwerk (dh Rosenkr\u00e4nze, Statuen, Krippe, Sets, Grotte) heilige Familie, Weihnachten, Figuren, & Rohbestand in Standard- und Benutzerdefinierten Dimensionen.","breadcrumb":{"@id":"https:\/\/old.holyland-olivewood.com\/de\/produkt\/olivenholz-krippe-set-na113\/#breadcrumb"},"inLanguage":"de","potentialAction":[{"@type":"ReadAction","target":["https:\/\/old.holyland-olivewood.com\/de\/produkt\/olivenholz-krippe-set-na113\/"]}]},{"@type":"ImageObject","inLanguage":"de","@id":"https:\/\/old.holyland-olivewood.com\/de\/produkt\/olivenholz-krippe-set-na113\/#primaryimage","url":"https:\/\/old.holyland-olivewood.com\/wp-content\/uploads\/2016\/05\/olivewood_nativity_grotto_set_na113-1.jpg","contentUrl":"https:\/\/old.holyland-olivewood.com\/wp-content\/uploads\/2016\/05\/olivewood_nativity_grotto_set_na113-1.jpg","width":1550,"height":1200},{"@type":"BreadcrumbList","@id":"https:\/\/old.holyland-olivewood.com\/de\/produkt\/olivenholz-krippe-set-na113\/#breadcrumb","itemListElement":[{"@type":"ListItem","position":1,"name":"Home","item":"https:\/\/old.holyland-olivewood.com\/de\/"},{"@type":"ListItem","position":2,"name":"Shop","item":"https:\/\/old.holyland-olivewood.com\/de\/shop\/"},{"@type":"ListItem","position":3,"name":"Olivenholz Krippengrotte Set #NA113"}]},{"@type":"WebSite","@id":"https:\/\/old.holyland-olivewood.com\/de\/#website","url":"https:\/\/old.holyland-olivewood.com\/de\/","name":"Holy Land Olive Wood - Bethlehem Olive Wood Factory","description":"Holy Land Olivewood Bethlehem","publisher":{"@id":"https:\/\/old.holyland-olivewood.com\/de\/#organization"},"potentialAction":[{"@type":"SearchAction","target":{"@type":"EntryPoint","urlTemplate":"https:\/\/old.holyland-olivewood.com\/de\/?s={search_term_string}"},"query-input":{"@type":"PropertyValueSpecification","valueRequired":true,"valueName":"search_term_string"}}],"inLanguage":"de"},{"@type":"Organization","@id":"https:\/\/old.holyland-olivewood.com\/de\/#organization","name":"Holy Land Olivewood","url":"https:\/\/old.holyland-olivewood.com\/de\/","logo":{"@type":"ImageObject","inLanguage":"de","@id":"https:\/\/old.holyland-olivewood.com\/de\/#\/schema\/logo\/image\/","url":"","contentUrl":"","caption":"Holy Land Olivewood"},"image":{"@id":"https:\/\/old.holyland-olivewood.com\/de\/#\/schema\/logo\/image\/"},"sameAs":["https:\/\/www.facebook.com\/holylandolivewood.bethlehem\/","http:\/\/instagram.com\/holy.land.olive.wood"]}]}},"_links":{"self":[{"href":"https:\/\/old.holyland-olivewood.com\/de\/wp-json\/wp\/v2\/product\/40658","targetHints":{"allow":["GET"]}}],"collection":[{"href":"https:\/\/old.holyland-olivewood.com\/de\/wp-json\/wp\/v2\/product"}],"about":[{"href":"https:\/\/old.holyland-olivewood.com\/de\/wp-json\/wp\/v2\/types\/product"}],"wp:featuredmedia":[{"embeddable":true,"href":"https:\/\/old.holyland-olivewood.com\/de\/wp-json\/wp\/v2\/media\/38030"}],"wp:attachment":[{"href":"https:\/\/old.holyland-olivewood.com\/de\/wp-json\/wp\/v2\/media?parent=40658"}],"wp:term":[{"taxonomy":"product_brand","embeddable":true,"href":"https:\/\/old.holyland-olivewood.com\/de\/wp-json\/wp\/v2\/product_brand?post=40658"},{"taxonomy":"product_cat","embeddable":true,"href":"https:\/\/old.holyland-olivewood.com\/de\/wp-json\/wp\/v2\/product_cat?post=40658"},{"taxonomy":"product_tag","embeddable":true,"href":"https:\/\/old.holyland-olivewood.com\/de\/wp-json\/wp\/v2\/product_tag?post=40658"}],"curies":[{"name":"wp","href":"https:\/\/api.w.org\/{rel}","templated":true}]}}