{"id":40529,"date":"2020-10-20T12:33:05","date_gmt":"2022-02-06T13:39:28","guid":{"rendered":"https:\/\/old.holyland-olivewood.com\/product\/grosses-heiliges-oel-aus-bethlehem-made-in-bethlehem-ot117\/"},"modified":"2022-02-06T13:39:28","modified_gmt":"2022-02-06T13:39:28","slug":"groses-heiliges-ol-aus-bethlehem-made-in-bethlehem-ot117","status":"publish","type":"product","link":"https:\/\/old.holyland-olivewood.com\/de\/produkt\/groses-heiliges-ol-aus-bethlehem-made-in-bethlehem-ot117\/","title":{"rendered":"Gro\u00dfes Heiliges \u00d6l aus Bethlehem &#8211; Made in Bethlehem #OT117"},"content":{"rendered":"","protected":false},"excerpt":{"rendered":"<p>Gro\u00dfes Heiliges \u00d6l aus Bethlehem<br \/>\nFlaschengr\u00f6\u00dfe: 6,5 &#8220;x 2&#8221; (16,5 cm X4,5 cm) | Heiliges \u00d6l Inhalt 10,14 Unzen. &#8211; 300 ml. | Klares Vinyl boxed<br \/>\nDieses einzigartige Andenken an eine extra gro\u00dfe Flasche Heiliges Oliven\u00f6l, die in Bethlehem gepresst wird, wird mit einem Echtheitszertifikat der Sepulcher Orthodox Greek Church in Jerusalem geliefert.<br \/>\nSorgf\u00e4ltig zubereitet und verpackt in Bethlehem mit gr\u00f6\u00dfter Sorgfalt und Ehrfurcht.<\/p>\n","protected":false},"featured_media":38221,"template":"","meta":[],"product_brand":[],"product_cat":[1793,1796],"product_tag":[945,778,1806,1829,1831,1799,926,872,1217,1210,1188,879,838,1811,852,4078,844,1815,865,961,922,900,894,1827,887,1833,807,822,968,1832,1823,816,827,1803,1819],"class_list":{"0":"post-40529","1":"product","2":"type-product","3":"status-publish","4":"has-post-thumbnail","6":"product_cat-verschiedenes","7":"product_cat-sonstiges","8":"product_tag-af-de","9":"product_tag-betlehem-de","10":"product_tag-christus-de","11":"product_tag-dornen","12":"product_tag-echt-de","13":"product_tag-fluss","14":"product_tag-foedselskirken","15":"product_tag-gab","16":"product_tag-garnitur","17":"product_tag-geschenke","18":"product_tag-haandlavet-de","19":"product_tag-haandvaerk","20":"product_tag-hellig-de","21":"product_tag-herz","22":"product_tag-jerusalem-de","23":"product_tag-jesus-de-2","24":"product_tag-jord-de","25":"product_tag-jordanien-de","26":"product_tag-juli","27":"product_tag-katolsk-de","28":"product_tag-kirke-de","29":"product_tag-kors-de","30":"product_tag-kristen-de","31":"product_tag-krone-de","32":"product_tag-kunsthaandvaerk","33":"product_tag-ol","34":"product_tag-oliv","35":"product_tag-oliventrae-de","36":"product_tag-ortodoks-de","37":"product_tag-salbung","38":"product_tag-segen","39":"product_tag-trae-de","40":"product_tag-udskaering-de","41":"product_tag-wasser","42":"product_tag-weihrauch","44":"first","45":"instock","46":"shipping-taxable","47":"purchasable","48":"product-type-simple"},"yoast_head":"<!-- This site is optimized with the Yoast SEO plugin v24.8.1 - https:\/\/yoast.com\/wordpress\/plugins\/seo\/ -->\n<title>Gro\u00dfes Heiliges \u00d6l aus Bethlehem - Made in Bethlehem #OT117 - Holy Land Olive Wood - Bethlehem Olive Wood Factory<\/title>\n<meta name=\"description\" content=\"Bethlehem Olivenholz Kunsthandwerk (dh Oliven\u00f6l Seife, Wasser, Herz) Stift-Rohlinge Schnitzereien, Olivenholz, &amp; Rohbestand in Standard- und kundenspezifischen Abmessungen\" \/>\n<meta name=\"robots\" content=\"index, follow, max-snippet:-1, max-image-preview:large, max-video-preview:-1\" \/>\n<link rel=\"canonical\" href=\"https:\/\/old.holyland-olivewood.com\/de\/produkt\/groses-heiliges-ol-aus-bethlehem-made-in-bethlehem-ot117\/\" \/>\n<meta property=\"og:locale\" content=\"de_DE\" \/>\n<meta property=\"og:type\" content=\"article\" \/>\n<meta property=\"og:title\" content=\"Gro\u00dfes Heiliges \u00d6l aus Bethlehem - Made in Bethlehem #OT117 - Holy Land Olive Wood - Bethlehem Olive Wood Factory\" \/>\n<meta property=\"og:description\" content=\"Bethlehem Olivenholz Kunsthandwerk (dh Oliven\u00f6l Seife, Wasser, Herz) Stift-Rohlinge Schnitzereien, Olivenholz, &amp; Rohbestand in Standard- und kundenspezifischen Abmessungen\" \/>\n<meta property=\"og:url\" content=\"https:\/\/old.holyland-olivewood.com\/de\/produkt\/groses-heiliges-ol-aus-bethlehem-made-in-bethlehem-ot117\/\" \/>\n<meta property=\"og:site_name\" content=\"Holy Land Olive Wood - Bethlehem Olive Wood Factory\" \/>\n<meta property=\"article:publisher\" content=\"https:\/\/www.facebook.com\/holylandolivewood.bethlehem\/\" \/>\n<meta property=\"og:image\" content=\"https:\/\/old.holyland-olivewood.com\/wp-content\/uploads\/2016\/05\/holy_oil_bethlehem_OT117.jpg\" \/>\n\t<meta property=\"og:image:width\" content=\"1550\" \/>\n\t<meta property=\"og:image:height\" content=\"1200\" \/>\n\t<meta property=\"og:image:type\" content=\"image\/jpeg\" \/>\n<meta name=\"twitter:card\" content=\"summary_large_image\" \/>\n<script type=\"application\/ld+json\" class=\"yoast-schema-graph\">{\"@context\":\"https:\/\/schema.org\",\"@graph\":[{\"@type\":\"WebPage\",\"@id\":\"https:\/\/old.holyland-olivewood.com\/de\/produkt\/groses-heiliges-ol-aus-bethlehem-made-in-bethlehem-ot117\/\",\"url\":\"https:\/\/old.holyland-olivewood.com\/de\/produkt\/groses-heiliges-ol-aus-bethlehem-made-in-bethlehem-ot117\/\",\"name\":\"Gro\u00dfes Heiliges \u00d6l aus Bethlehem - Made in Bethlehem #OT117 - Holy Land Olive Wood - Bethlehem Olive Wood Factory\",\"isPartOf\":{\"@id\":\"https:\/\/old.holyland-olivewood.com\/de\/#website\"},\"primaryImageOfPage\":{\"@id\":\"https:\/\/old.holyland-olivewood.com\/de\/produkt\/groses-heiliges-ol-aus-bethlehem-made-in-bethlehem-ot117\/#primaryimage\"},\"image\":{\"@id\":\"https:\/\/old.holyland-olivewood.com\/de\/produkt\/groses-heiliges-ol-aus-bethlehem-made-in-bethlehem-ot117\/#primaryimage\"},\"thumbnailUrl\":\"https:\/\/old.holyland-olivewood.com\/wp-content\/uploads\/2016\/05\/holy_oil_bethlehem_OT117.jpg\",\"datePublished\":\"2022-02-06T13:39:28+00:00\",\"description\":\"Bethlehem Olivenholz Kunsthandwerk (dh Oliven\u00f6l Seife, Wasser, Herz) Stift-Rohlinge Schnitzereien, Olivenholz, & Rohbestand in Standard- und kundenspezifischen Abmessungen\",\"breadcrumb\":{\"@id\":\"https:\/\/old.holyland-olivewood.com\/de\/produkt\/groses-heiliges-ol-aus-bethlehem-made-in-bethlehem-ot117\/#breadcrumb\"},\"inLanguage\":\"de\",\"potentialAction\":[{\"@type\":\"ReadAction\",\"target\":[\"https:\/\/old.holyland-olivewood.com\/de\/produkt\/groses-heiliges-ol-aus-bethlehem-made-in-bethlehem-ot117\/\"]}]},{\"@type\":\"ImageObject\",\"inLanguage\":\"de\",\"@id\":\"https:\/\/old.holyland-olivewood.com\/de\/produkt\/groses-heiliges-ol-aus-bethlehem-made-in-bethlehem-ot117\/#primaryimage\",\"url\":\"https:\/\/old.holyland-olivewood.com\/wp-content\/uploads\/2016\/05\/holy_oil_bethlehem_OT117.jpg\",\"contentUrl\":\"https:\/\/old.holyland-olivewood.com\/wp-content\/uploads\/2016\/05\/holy_oil_bethlehem_OT117.jpg\",\"width\":1550,\"height\":1200},{\"@type\":\"BreadcrumbList\",\"@id\":\"https:\/\/old.holyland-olivewood.com\/de\/produkt\/groses-heiliges-ol-aus-bethlehem-made-in-bethlehem-ot117\/#breadcrumb\",\"itemListElement\":[{\"@type\":\"ListItem\",\"position\":1,\"name\":\"Home\",\"item\":\"https:\/\/old.holyland-olivewood.com\/de\/\"},{\"@type\":\"ListItem\",\"position\":2,\"name\":\"Shop\",\"item\":\"https:\/\/old.holyland-olivewood.com\/de\/shop\/\"},{\"@type\":\"ListItem\",\"position\":3,\"name\":\"Gro\u00dfes Heiliges \u00d6l aus Bethlehem &#8211; Made in Bethlehem #OT117\"}]},{\"@type\":\"WebSite\",\"@id\":\"https:\/\/old.holyland-olivewood.com\/de\/#website\",\"url\":\"https:\/\/old.holyland-olivewood.com\/de\/\",\"name\":\"Holy Land Olive Wood - Bethlehem Olive Wood Factory\",\"description\":\"Holy Land Olivewood Bethlehem\",\"publisher\":{\"@id\":\"https:\/\/old.holyland-olivewood.com\/de\/#organization\"},\"potentialAction\":[{\"@type\":\"SearchAction\",\"target\":{\"@type\":\"EntryPoint\",\"urlTemplate\":\"https:\/\/old.holyland-olivewood.com\/de\/?s={search_term_string}\"},\"query-input\":{\"@type\":\"PropertyValueSpecification\",\"valueRequired\":true,\"valueName\":\"search_term_string\"}}],\"inLanguage\":\"de\"},{\"@type\":\"Organization\",\"@id\":\"https:\/\/old.holyland-olivewood.com\/de\/#organization\",\"name\":\"Holy Land Olivewood\",\"url\":\"https:\/\/old.holyland-olivewood.com\/de\/\",\"logo\":{\"@type\":\"ImageObject\",\"inLanguage\":\"de\",\"@id\":\"https:\/\/old.holyland-olivewood.com\/de\/#\/schema\/logo\/image\/\",\"url\":\"\",\"contentUrl\":\"\",\"caption\":\"Holy Land Olivewood\"},\"image\":{\"@id\":\"https:\/\/old.holyland-olivewood.com\/de\/#\/schema\/logo\/image\/\"},\"sameAs\":[\"https:\/\/www.facebook.com\/holylandolivewood.bethlehem\/\",\"http:\/\/instagram.com\/holy.land.olive.wood\"]}]}<\/script>\n<!-- \/ Yoast SEO plugin. -->","yoast_head_json":{"title":"Gro\u00dfes Heiliges \u00d6l aus Bethlehem - Made in Bethlehem #OT117 - Holy Land Olive Wood - Bethlehem Olive Wood Factory","description":"Bethlehem Olivenholz Kunsthandwerk (dh Oliven\u00f6l Seife, Wasser, Herz) Stift-Rohlinge Schnitzereien, Olivenholz, & Rohbestand in Standard- und kundenspezifischen Abmessungen","robots":{"index":"index","follow":"follow","max-snippet":"max-snippet:-1","max-image-preview":"max-image-preview:large","max-video-preview":"max-video-preview:-1"},"canonical":"https:\/\/old.holyland-olivewood.com\/de\/produkt\/groses-heiliges-ol-aus-bethlehem-made-in-bethlehem-ot117\/","og_locale":"de_DE","og_type":"article","og_title":"Gro\u00dfes Heiliges \u00d6l aus Bethlehem - Made in Bethlehem #OT117 - Holy Land Olive Wood - Bethlehem Olive Wood Factory","og_description":"Bethlehem Olivenholz Kunsthandwerk (dh Oliven\u00f6l Seife, Wasser, Herz) Stift-Rohlinge Schnitzereien, Olivenholz, & Rohbestand in Standard- und kundenspezifischen Abmessungen","og_url":"https:\/\/old.holyland-olivewood.com\/de\/produkt\/groses-heiliges-ol-aus-bethlehem-made-in-bethlehem-ot117\/","og_site_name":"Holy Land Olive Wood - Bethlehem Olive Wood Factory","article_publisher":"https:\/\/www.facebook.com\/holylandolivewood.bethlehem\/","og_image":[{"width":1550,"height":1200,"url":"https:\/\/old.holyland-olivewood.com\/wp-content\/uploads\/2016\/05\/holy_oil_bethlehem_OT117.jpg","type":"image\/jpeg"}],"twitter_card":"summary_large_image","schema":{"@context":"https:\/\/schema.org","@graph":[{"@type":"WebPage","@id":"https:\/\/old.holyland-olivewood.com\/de\/produkt\/groses-heiliges-ol-aus-bethlehem-made-in-bethlehem-ot117\/","url":"https:\/\/old.holyland-olivewood.com\/de\/produkt\/groses-heiliges-ol-aus-bethlehem-made-in-bethlehem-ot117\/","name":"Gro\u00dfes Heiliges \u00d6l aus Bethlehem - Made in Bethlehem #OT117 - Holy Land Olive Wood - Bethlehem Olive Wood Factory","isPartOf":{"@id":"https:\/\/old.holyland-olivewood.com\/de\/#website"},"primaryImageOfPage":{"@id":"https:\/\/old.holyland-olivewood.com\/de\/produkt\/groses-heiliges-ol-aus-bethlehem-made-in-bethlehem-ot117\/#primaryimage"},"image":{"@id":"https:\/\/old.holyland-olivewood.com\/de\/produkt\/groses-heiliges-ol-aus-bethlehem-made-in-bethlehem-ot117\/#primaryimage"},"thumbnailUrl":"https:\/\/old.holyland-olivewood.com\/wp-content\/uploads\/2016\/05\/holy_oil_bethlehem_OT117.jpg","datePublished":"2022-02-06T13:39:28+00:00","description":"Bethlehem Olivenholz Kunsthandwerk (dh Oliven\u00f6l Seife, Wasser, Herz) Stift-Rohlinge Schnitzereien, Olivenholz, & Rohbestand in Standard- und kundenspezifischen Abmessungen","breadcrumb":{"@id":"https:\/\/old.holyland-olivewood.com\/de\/produkt\/groses-heiliges-ol-aus-bethlehem-made-in-bethlehem-ot117\/#breadcrumb"},"inLanguage":"de","potentialAction":[{"@type":"ReadAction","target":["https:\/\/old.holyland-olivewood.com\/de\/produkt\/groses-heiliges-ol-aus-bethlehem-made-in-bethlehem-ot117\/"]}]},{"@type":"ImageObject","inLanguage":"de","@id":"https:\/\/old.holyland-olivewood.com\/de\/produkt\/groses-heiliges-ol-aus-bethlehem-made-in-bethlehem-ot117\/#primaryimage","url":"https:\/\/old.holyland-olivewood.com\/wp-content\/uploads\/2016\/05\/holy_oil_bethlehem_OT117.jpg","contentUrl":"https:\/\/old.holyland-olivewood.com\/wp-content\/uploads\/2016\/05\/holy_oil_bethlehem_OT117.jpg","width":1550,"height":1200},{"@type":"BreadcrumbList","@id":"https:\/\/old.holyland-olivewood.com\/de\/produkt\/groses-heiliges-ol-aus-bethlehem-made-in-bethlehem-ot117\/#breadcrumb","itemListElement":[{"@type":"ListItem","position":1,"name":"Home","item":"https:\/\/old.holyland-olivewood.com\/de\/"},{"@type":"ListItem","position":2,"name":"Shop","item":"https:\/\/old.holyland-olivewood.com\/de\/shop\/"},{"@type":"ListItem","position":3,"name":"Gro\u00dfes Heiliges \u00d6l aus Bethlehem &#8211; Made in Bethlehem #OT117"}]},{"@type":"WebSite","@id":"https:\/\/old.holyland-olivewood.com\/de\/#website","url":"https:\/\/old.holyland-olivewood.com\/de\/","name":"Holy Land Olive Wood - Bethlehem Olive Wood Factory","description":"Holy Land Olivewood Bethlehem","publisher":{"@id":"https:\/\/old.holyland-olivewood.com\/de\/#organization"},"potentialAction":[{"@type":"SearchAction","target":{"@type":"EntryPoint","urlTemplate":"https:\/\/old.holyland-olivewood.com\/de\/?s={search_term_string}"},"query-input":{"@type":"PropertyValueSpecification","valueRequired":true,"valueName":"search_term_string"}}],"inLanguage":"de"},{"@type":"Organization","@id":"https:\/\/old.holyland-olivewood.com\/de\/#organization","name":"Holy Land Olivewood","url":"https:\/\/old.holyland-olivewood.com\/de\/","logo":{"@type":"ImageObject","inLanguage":"de","@id":"https:\/\/old.holyland-olivewood.com\/de\/#\/schema\/logo\/image\/","url":"","contentUrl":"","caption":"Holy Land Olivewood"},"image":{"@id":"https:\/\/old.holyland-olivewood.com\/de\/#\/schema\/logo\/image\/"},"sameAs":["https:\/\/www.facebook.com\/holylandolivewood.bethlehem\/","http:\/\/instagram.com\/holy.land.olive.wood"]}]}},"_links":{"self":[{"href":"https:\/\/old.holyland-olivewood.com\/de\/wp-json\/wp\/v2\/product\/40529","targetHints":{"allow":["GET"]}}],"collection":[{"href":"https:\/\/old.holyland-olivewood.com\/de\/wp-json\/wp\/v2\/product"}],"about":[{"href":"https:\/\/old.holyland-olivewood.com\/de\/wp-json\/wp\/v2\/types\/product"}],"wp:featuredmedia":[{"embeddable":true,"href":"https:\/\/old.holyland-olivewood.com\/de\/wp-json\/wp\/v2\/media\/38221"}],"wp:attachment":[{"href":"https:\/\/old.holyland-olivewood.com\/de\/wp-json\/wp\/v2\/media?parent=40529"}],"wp:term":[{"taxonomy":"product_brand","embeddable":true,"href":"https:\/\/old.holyland-olivewood.com\/de\/wp-json\/wp\/v2\/product_brand?post=40529"},{"taxonomy":"product_cat","embeddable":true,"href":"https:\/\/old.holyland-olivewood.com\/de\/wp-json\/wp\/v2\/product_cat?post=40529"},{"taxonomy":"product_tag","embeddable":true,"href":"https:\/\/old.holyland-olivewood.com\/de\/wp-json\/wp\/v2\/product_tag?post=40529"}],"curies":[{"name":"wp","href":"https:\/\/api.w.org\/{rel}","templated":true}]}}