{"id":40455,"date":"2021-03-12T17:09:28","date_gmt":"2022-02-06T11:23:46","guid":{"rendered":"https:\/\/old.holyland-olivewood.com\/product\/olivenholzkreuz-mit-dem-vaterunser-45-cm-17-75-cr155\/"},"modified":"2022-02-06T11:23:46","modified_gmt":"2022-02-06T11:23:46","slug":"olivenholz-kreuz-mit-den-herren-gebet-45-cm-17-75-cr155","status":"publish","type":"product","link":"https:\/\/old.holyland-olivewood.com\/de\/produkt\/olivenholz-kreuz-mit-den-herren-gebet-45-cm-17-75-cr155\/","title":{"rendered":"Olivenholzkreuz mit dem Vaterunser (45 CM \/ 17.75&#8221;) #CR155"},"content":{"rendered":"","protected":false},"excerpt":{"rendered":"<p>Dieser exklusive Wandbehang des Vaterunsers Olivenholz Cross wird im Heiligen Land aus nachhaltig geerntetem, authentischem Bethlehem Olivewood handgefertigt. Dieses Kreuz ist handgeschnitzt im traditionellen Stil, der die Apostel darstellt, die die Botschaft Jesu Christi in die vier Ecken der Welt verbreiten. Lass es an deiner Wand h\u00e4ngen als Erinnerung an das Heilige Land.<\/p>\n<p>Dieser Artikel enth\u00e4lt ein Echtheitszertifikat, das die zur Herstellung dieses Produkts verwendeten Materialien und Techniken \u00fcberpr\u00fcft.<\/p>\n<p>Gr\u00f6\u00dfe: 45 cm (17.75&#8243;)<\/p>\n","protected":false},"featured_media":38565,"template":"","meta":[],"product_brand":[],"product_cat":[775,774],"product_tag":[],"class_list":{"0":"post-40455","1":"product","2":"type-product","3":"status-publish","4":"has-post-thumbnail","6":"product_cat-kunsthaandvaerk","7":"product_cat-kors-og-krucifikser-de","9":"first","10":"instock","11":"shipping-taxable","12":"purchasable","13":"product-type-simple"},"yoast_head":"<!-- This site is optimized with the Yoast SEO plugin v24.8.1 - https:\/\/yoast.com\/wordpress\/plugins\/seo\/ -->\n<title>Olivenholzkreuz mit dem Vaterunser (45 CM \/ 17.75&#039;&#039;) #CR155 - Holy Land Olive Wood - Bethlehem Olive Wood Factory<\/title>\n<meta name=\"description\" content=\"Bethlehem Olivenholz Kunsthandwerk (d.h. Kreuz mit dem Vaterunser, Kruzifixe, Perlen) Rohmaterial in Standard- und Sonderabmessungen.\" \/>\n<meta name=\"robots\" content=\"index, follow, max-snippet:-1, max-image-preview:large, max-video-preview:-1\" \/>\n<link rel=\"canonical\" href=\"https:\/\/old.holyland-olivewood.com\/de\/produkt\/olivenholz-kreuz-mit-den-herren-gebet-45-cm-17-75-cr155\/\" \/>\n<meta property=\"og:locale\" content=\"de_DE\" \/>\n<meta property=\"og:type\" content=\"article\" \/>\n<meta property=\"og:title\" content=\"Olivenholzkreuz mit dem Vaterunser (45 CM \/ 17.75&#039;&#039;) #CR155 - Holy Land Olive Wood - Bethlehem Olive Wood Factory\" \/>\n<meta property=\"og:description\" content=\"Bethlehem Olivenholz Kunsthandwerk (d.h. Kreuz mit dem Vaterunser, Kruzifixe, Perlen) Rohmaterial in Standard- und Sonderabmessungen.\" \/>\n<meta property=\"og:url\" content=\"https:\/\/old.holyland-olivewood.com\/de\/produkt\/olivenholz-kreuz-mit-den-herren-gebet-45-cm-17-75-cr155\/\" \/>\n<meta property=\"og:site_name\" content=\"Holy Land Olive Wood - Bethlehem Olive Wood Factory\" \/>\n<meta property=\"article:publisher\" content=\"https:\/\/www.facebook.com\/holylandolivewood.bethlehem\/\" \/>\n<meta property=\"og:image\" content=\"https:\/\/old.holyland-olivewood.com\/wp-content\/uploads\/2021\/03\/olive_wood_cross_with_the_lords_prayer_cr155-cr157.jpg\" \/>\n\t<meta property=\"og:image:width\" content=\"1550\" \/>\n\t<meta property=\"og:image:height\" content=\"1200\" \/>\n\t<meta property=\"og:image:type\" content=\"image\/jpeg\" \/>\n<meta name=\"twitter:card\" content=\"summary_large_image\" \/>\n<script type=\"application\/ld+json\" class=\"yoast-schema-graph\">{\"@context\":\"https:\/\/schema.org\",\"@graph\":[{\"@type\":\"WebPage\",\"@id\":\"https:\/\/old.holyland-olivewood.com\/de\/produkt\/olivenholz-kreuz-mit-den-herren-gebet-45-cm-17-75-cr155\/\",\"url\":\"https:\/\/old.holyland-olivewood.com\/de\/produkt\/olivenholz-kreuz-mit-den-herren-gebet-45-cm-17-75-cr155\/\",\"name\":\"Olivenholzkreuz mit dem Vaterunser (45 CM \/ 17.75'') #CR155 - Holy Land Olive Wood - Bethlehem Olive Wood Factory\",\"isPartOf\":{\"@id\":\"https:\/\/old.holyland-olivewood.com\/de\/#website\"},\"primaryImageOfPage\":{\"@id\":\"https:\/\/old.holyland-olivewood.com\/de\/produkt\/olivenholz-kreuz-mit-den-herren-gebet-45-cm-17-75-cr155\/#primaryimage\"},\"image\":{\"@id\":\"https:\/\/old.holyland-olivewood.com\/de\/produkt\/olivenholz-kreuz-mit-den-herren-gebet-45-cm-17-75-cr155\/#primaryimage\"},\"thumbnailUrl\":\"https:\/\/old.holyland-olivewood.com\/wp-content\/uploads\/2021\/03\/olive_wood_cross_with_the_lords_prayer_cr155-cr157.jpg\",\"datePublished\":\"2022-02-06T11:23:46+00:00\",\"description\":\"Bethlehem Olivenholz Kunsthandwerk (d.h. Kreuz mit dem Vaterunser, Kruzifixe, Perlen) Rohmaterial in Standard- und Sonderabmessungen.\",\"breadcrumb\":{\"@id\":\"https:\/\/old.holyland-olivewood.com\/de\/produkt\/olivenholz-kreuz-mit-den-herren-gebet-45-cm-17-75-cr155\/#breadcrumb\"},\"inLanguage\":\"de\",\"potentialAction\":[{\"@type\":\"ReadAction\",\"target\":[\"https:\/\/old.holyland-olivewood.com\/de\/produkt\/olivenholz-kreuz-mit-den-herren-gebet-45-cm-17-75-cr155\/\"]}]},{\"@type\":\"ImageObject\",\"inLanguage\":\"de\",\"@id\":\"https:\/\/old.holyland-olivewood.com\/de\/produkt\/olivenholz-kreuz-mit-den-herren-gebet-45-cm-17-75-cr155\/#primaryimage\",\"url\":\"https:\/\/old.holyland-olivewood.com\/wp-content\/uploads\/2021\/03\/olive_wood_cross_with_the_lords_prayer_cr155-cr157.jpg\",\"contentUrl\":\"https:\/\/old.holyland-olivewood.com\/wp-content\/uploads\/2021\/03\/olive_wood_cross_with_the_lords_prayer_cr155-cr157.jpg\",\"width\":1550,\"height\":1200},{\"@type\":\"BreadcrumbList\",\"@id\":\"https:\/\/old.holyland-olivewood.com\/de\/produkt\/olivenholz-kreuz-mit-den-herren-gebet-45-cm-17-75-cr155\/#breadcrumb\",\"itemListElement\":[{\"@type\":\"ListItem\",\"position\":1,\"name\":\"Home\",\"item\":\"https:\/\/old.holyland-olivewood.com\/de\/\"},{\"@type\":\"ListItem\",\"position\":2,\"name\":\"Shop\",\"item\":\"https:\/\/old.holyland-olivewood.com\/de\/shop\/\"},{\"@type\":\"ListItem\",\"position\":3,\"name\":\"Olivenholzkreuz mit dem Vaterunser (45 CM \/ 17.75&#8221;) #CR155\"}]},{\"@type\":\"WebSite\",\"@id\":\"https:\/\/old.holyland-olivewood.com\/de\/#website\",\"url\":\"https:\/\/old.holyland-olivewood.com\/de\/\",\"name\":\"Holy Land Olive Wood - Bethlehem Olive Wood Factory\",\"description\":\"Holy Land Olivewood Bethlehem\",\"publisher\":{\"@id\":\"https:\/\/old.holyland-olivewood.com\/de\/#organization\"},\"potentialAction\":[{\"@type\":\"SearchAction\",\"target\":{\"@type\":\"EntryPoint\",\"urlTemplate\":\"https:\/\/old.holyland-olivewood.com\/de\/?s={search_term_string}\"},\"query-input\":{\"@type\":\"PropertyValueSpecification\",\"valueRequired\":true,\"valueName\":\"search_term_string\"}}],\"inLanguage\":\"de\"},{\"@type\":\"Organization\",\"@id\":\"https:\/\/old.holyland-olivewood.com\/de\/#organization\",\"name\":\"Holy Land Olivewood\",\"url\":\"https:\/\/old.holyland-olivewood.com\/de\/\",\"logo\":{\"@type\":\"ImageObject\",\"inLanguage\":\"de\",\"@id\":\"https:\/\/old.holyland-olivewood.com\/de\/#\/schema\/logo\/image\/\",\"url\":\"\",\"contentUrl\":\"\",\"caption\":\"Holy Land Olivewood\"},\"image\":{\"@id\":\"https:\/\/old.holyland-olivewood.com\/de\/#\/schema\/logo\/image\/\"},\"sameAs\":[\"https:\/\/www.facebook.com\/holylandolivewood.bethlehem\/\",\"http:\/\/instagram.com\/holy.land.olive.wood\"]}]}<\/script>\n<!-- \/ Yoast SEO plugin. -->","yoast_head_json":{"title":"Olivenholzkreuz mit dem Vaterunser (45 CM \/ 17.75'') #CR155 - Holy Land Olive Wood - Bethlehem Olive Wood Factory","description":"Bethlehem Olivenholz Kunsthandwerk (d.h. Kreuz mit dem Vaterunser, Kruzifixe, Perlen) Rohmaterial in Standard- und Sonderabmessungen.","robots":{"index":"index","follow":"follow","max-snippet":"max-snippet:-1","max-image-preview":"max-image-preview:large","max-video-preview":"max-video-preview:-1"},"canonical":"https:\/\/old.holyland-olivewood.com\/de\/produkt\/olivenholz-kreuz-mit-den-herren-gebet-45-cm-17-75-cr155\/","og_locale":"de_DE","og_type":"article","og_title":"Olivenholzkreuz mit dem Vaterunser (45 CM \/ 17.75'') #CR155 - Holy Land Olive Wood - Bethlehem Olive Wood Factory","og_description":"Bethlehem Olivenholz Kunsthandwerk (d.h. Kreuz mit dem Vaterunser, Kruzifixe, Perlen) Rohmaterial in Standard- und Sonderabmessungen.","og_url":"https:\/\/old.holyland-olivewood.com\/de\/produkt\/olivenholz-kreuz-mit-den-herren-gebet-45-cm-17-75-cr155\/","og_site_name":"Holy Land Olive Wood - Bethlehem Olive Wood Factory","article_publisher":"https:\/\/www.facebook.com\/holylandolivewood.bethlehem\/","og_image":[{"width":1550,"height":1200,"url":"https:\/\/old.holyland-olivewood.com\/wp-content\/uploads\/2021\/03\/olive_wood_cross_with_the_lords_prayer_cr155-cr157.jpg","type":"image\/jpeg"}],"twitter_card":"summary_large_image","schema":{"@context":"https:\/\/schema.org","@graph":[{"@type":"WebPage","@id":"https:\/\/old.holyland-olivewood.com\/de\/produkt\/olivenholz-kreuz-mit-den-herren-gebet-45-cm-17-75-cr155\/","url":"https:\/\/old.holyland-olivewood.com\/de\/produkt\/olivenholz-kreuz-mit-den-herren-gebet-45-cm-17-75-cr155\/","name":"Olivenholzkreuz mit dem Vaterunser (45 CM \/ 17.75'') #CR155 - Holy Land Olive Wood - Bethlehem Olive Wood Factory","isPartOf":{"@id":"https:\/\/old.holyland-olivewood.com\/de\/#website"},"primaryImageOfPage":{"@id":"https:\/\/old.holyland-olivewood.com\/de\/produkt\/olivenholz-kreuz-mit-den-herren-gebet-45-cm-17-75-cr155\/#primaryimage"},"image":{"@id":"https:\/\/old.holyland-olivewood.com\/de\/produkt\/olivenholz-kreuz-mit-den-herren-gebet-45-cm-17-75-cr155\/#primaryimage"},"thumbnailUrl":"https:\/\/old.holyland-olivewood.com\/wp-content\/uploads\/2021\/03\/olive_wood_cross_with_the_lords_prayer_cr155-cr157.jpg","datePublished":"2022-02-06T11:23:46+00:00","description":"Bethlehem Olivenholz Kunsthandwerk (d.h. Kreuz mit dem Vaterunser, Kruzifixe, Perlen) Rohmaterial in Standard- und Sonderabmessungen.","breadcrumb":{"@id":"https:\/\/old.holyland-olivewood.com\/de\/produkt\/olivenholz-kreuz-mit-den-herren-gebet-45-cm-17-75-cr155\/#breadcrumb"},"inLanguage":"de","potentialAction":[{"@type":"ReadAction","target":["https:\/\/old.holyland-olivewood.com\/de\/produkt\/olivenholz-kreuz-mit-den-herren-gebet-45-cm-17-75-cr155\/"]}]},{"@type":"ImageObject","inLanguage":"de","@id":"https:\/\/old.holyland-olivewood.com\/de\/produkt\/olivenholz-kreuz-mit-den-herren-gebet-45-cm-17-75-cr155\/#primaryimage","url":"https:\/\/old.holyland-olivewood.com\/wp-content\/uploads\/2021\/03\/olive_wood_cross_with_the_lords_prayer_cr155-cr157.jpg","contentUrl":"https:\/\/old.holyland-olivewood.com\/wp-content\/uploads\/2021\/03\/olive_wood_cross_with_the_lords_prayer_cr155-cr157.jpg","width":1550,"height":1200},{"@type":"BreadcrumbList","@id":"https:\/\/old.holyland-olivewood.com\/de\/produkt\/olivenholz-kreuz-mit-den-herren-gebet-45-cm-17-75-cr155\/#breadcrumb","itemListElement":[{"@type":"ListItem","position":1,"name":"Home","item":"https:\/\/old.holyland-olivewood.com\/de\/"},{"@type":"ListItem","position":2,"name":"Shop","item":"https:\/\/old.holyland-olivewood.com\/de\/shop\/"},{"@type":"ListItem","position":3,"name":"Olivenholzkreuz mit dem Vaterunser (45 CM \/ 17.75&#8221;) #CR155"}]},{"@type":"WebSite","@id":"https:\/\/old.holyland-olivewood.com\/de\/#website","url":"https:\/\/old.holyland-olivewood.com\/de\/","name":"Holy Land Olive Wood - Bethlehem Olive Wood Factory","description":"Holy Land Olivewood Bethlehem","publisher":{"@id":"https:\/\/old.holyland-olivewood.com\/de\/#organization"},"potentialAction":[{"@type":"SearchAction","target":{"@type":"EntryPoint","urlTemplate":"https:\/\/old.holyland-olivewood.com\/de\/?s={search_term_string}"},"query-input":{"@type":"PropertyValueSpecification","valueRequired":true,"valueName":"search_term_string"}}],"inLanguage":"de"},{"@type":"Organization","@id":"https:\/\/old.holyland-olivewood.com\/de\/#organization","name":"Holy Land Olivewood","url":"https:\/\/old.holyland-olivewood.com\/de\/","logo":{"@type":"ImageObject","inLanguage":"de","@id":"https:\/\/old.holyland-olivewood.com\/de\/#\/schema\/logo\/image\/","url":"","contentUrl":"","caption":"Holy Land Olivewood"},"image":{"@id":"https:\/\/old.holyland-olivewood.com\/de\/#\/schema\/logo\/image\/"},"sameAs":["https:\/\/www.facebook.com\/holylandolivewood.bethlehem\/","http:\/\/instagram.com\/holy.land.olive.wood"]}]}},"_links":{"self":[{"href":"https:\/\/old.holyland-olivewood.com\/de\/wp-json\/wp\/v2\/product\/40455","targetHints":{"allow":["GET"]}}],"collection":[{"href":"https:\/\/old.holyland-olivewood.com\/de\/wp-json\/wp\/v2\/product"}],"about":[{"href":"https:\/\/old.holyland-olivewood.com\/de\/wp-json\/wp\/v2\/types\/product"}],"wp:featuredmedia":[{"embeddable":true,"href":"https:\/\/old.holyland-olivewood.com\/de\/wp-json\/wp\/v2\/media\/38565"}],"wp:attachment":[{"href":"https:\/\/old.holyland-olivewood.com\/de\/wp-json\/wp\/v2\/media?parent=40455"}],"wp:term":[{"taxonomy":"product_brand","embeddable":true,"href":"https:\/\/old.holyland-olivewood.com\/de\/wp-json\/wp\/v2\/product_brand?post=40455"},{"taxonomy":"product_cat","embeddable":true,"href":"https:\/\/old.holyland-olivewood.com\/de\/wp-json\/wp\/v2\/product_cat?post=40455"},{"taxonomy":"product_tag","embeddable":true,"href":"https:\/\/old.holyland-olivewood.com\/de\/wp-json\/wp\/v2\/product_tag?post=40455"}],"curies":[{"name":"wp","href":"https:\/\/api.w.org\/{rel}","templated":true}]}}