{"id":40238,"date":"2021-11-05T13:09:04","date_gmt":"2022-02-06T10:52:26","guid":{"rendered":"https:\/\/old.holyland-olivewood.com\/product\/orthodoxes-kruzifix-aus-olivenholz-mit-elementen-39-cm-15-25-cr158\/"},"modified":"2022-02-06T10:52:26","modified_gmt":"2022-02-06T10:52:26","slug":"orthodox-olivholz-kruzifix-mit-elementen-35-cm-13-75-cr158","status":"publish","type":"product","link":"https:\/\/old.holyland-olivewood.com\/de\/produkt\/orthodox-olivholz-kruzifix-mit-elementen-35-cm-13-75-cr158\/","title":{"rendered":"Orthodoxes Kruzifix aus Olivenholz mit Elementen (39 cm \/ 15.25&#8221;) #CR158"},"content":{"rendered":"","protected":false},"excerpt":{"rendered":"<p>Dieses wundersch\u00f6ne orthodoxe Kruzifix wird im Heiligen Land aus nachhaltig geerntetem, authentischem Bethlehem-Olivenholz handgefertigt.<\/p>\n<p>Dieser Artikel hat eine Jesus-Figur aus Olivenholz und eine INRI-Plakette sowie Kapseln, die Erde, Steine, Rosenr\u00e4ucherst\u00e4bchen und Myrrhe aus Jerusalem enthalten.<\/p>\n<p>Dieser Artikel enth\u00e4lt ein Echtheitszertifikat, das die bei der Herstellung verwendeten Materialien und Techniken \u00fcberpr\u00fcft.<\/p>\n<p>Gr\u00f6\u00dfe:<\/p>\n<p>Wandaufh\u00e4nger: 39 cm (15.25&#8243;)<\/p>\n<p>Standfu\u00df: 46 cm (18&#8243;)<\/p>\n","protected":false},"featured_media":39121,"template":"","meta":[],"product_brand":[],"product_cat":[775,774],"product_tag":[984,945,778,915,926,872,1188,879,838,999,852,4078,844,865,961,976,922,900,894,909,800,792,887,935,807,822,968,952,859,784,993,816,827],"class_list":{"0":"post-40238","1":"product","2":"type-product","3":"status-publish","4":"has-post-thumbnail","6":"product_cat-kunsthaandvaerk","7":"product_cat-kors-og-krucifikser-de","8":"product_tag-14-de","9":"product_tag-af-de","10":"product_tag-betlehem-de","11":"product_tag-boen","12":"product_tag-foedselskirken","13":"product_tag-gab","14":"product_tag-haandlavet-de","15":"product_tag-haandvaerk","16":"product_tag-hellig-de","17":"product_tag-hoehle","18":"product_tag-jerusalem-de","19":"product_tag-jesus-de-2","20":"product_tag-jord-de","21":"product_tag-juli","22":"product_tag-katolsk-de","23":"product_tag-keltisk-de","24":"product_tag-kirke-de","25":"product_tag-kors-de","26":"product_tag-kristen-de","27":"product_tag-krucifiks-de","28":"product_tag-krucifikser-de","29":"product_tag-krydser-de","30":"product_tag-kunsthaandvaerk","31":"product_tag-mor-de","32":"product_tag-oliv","33":"product_tag-oliventrae-de","34":"product_tag-ortodoks-de","35":"product_tag-perle-de","36":"product_tag-rosenkrans-de","37":"product_tag-rosenkranse-de","38":"product_tag-schreibwarenhaendler","39":"product_tag-trae-de","40":"product_tag-udskaering-de","42":"first","43":"instock","44":"shipping-taxable","45":"purchasable","46":"product-type-variable"},"yoast_head":"<!-- This site is optimized with the Yoast SEO plugin v24.8.1 - https:\/\/yoast.com\/wordpress\/plugins\/seo\/ -->\n<title>Orthodoxes Kruzifix aus Olivenholz mit Elementen (39 cm \/ 15.25&#039;&#039;) #CR158 - Holy Land Olive Wood - Bethlehem Olive Wood Factory<\/title>\n<meta name=\"description\" content=\"Bethlehem Olivenholz Kunsthandwerk (z. B. Rosenkr\u00e4nze, Jerusalem, Kreuze, Kruzifixe, Perlen) Stiftrohlinge, Bl\u00f6cke und Rohmaterial in Standard- und Sonderabmessungen\" \/>\n<meta name=\"robots\" content=\"index, follow, max-snippet:-1, max-image-preview:large, max-video-preview:-1\" \/>\n<link rel=\"canonical\" href=\"https:\/\/old.holyland-olivewood.com\/de\/produkt\/orthodox-olivholz-kruzifix-mit-elementen-35-cm-13-75-cr158\/\" \/>\n<meta property=\"og:locale\" content=\"de_DE\" \/>\n<meta property=\"og:type\" content=\"article\" \/>\n<meta property=\"og:title\" content=\"Orthodoxes Kruzifix aus Olivenholz mit Elementen (39 cm \/ 15.25&#039;&#039;) #CR158 - Holy Land Olive Wood - Bethlehem Olive Wood Factory\" \/>\n<meta property=\"og:description\" content=\"Bethlehem Olivenholz Kunsthandwerk (z. B. Rosenkr\u00e4nze, Jerusalem, Kreuze, Kruzifixe, Perlen) Stiftrohlinge, Bl\u00f6cke und Rohmaterial in Standard- und Sonderabmessungen\" \/>\n<meta property=\"og:url\" content=\"https:\/\/old.holyland-olivewood.com\/de\/produkt\/orthodox-olivholz-kruzifix-mit-elementen-35-cm-13-75-cr158\/\" \/>\n<meta property=\"og:site_name\" content=\"Holy Land Olive Wood - Bethlehem Olive Wood Factory\" \/>\n<meta property=\"article:publisher\" content=\"https:\/\/www.facebook.com\/holylandolivewood.bethlehem\/\" \/>\n<meta property=\"og:image\" content=\"https:\/\/old.holyland-olivewood.com\/wp-content\/uploads\/2021\/11\/crucifix_crucifixes_holy_land_olive_wood_bethlehem_cr158-4.jpg\" \/>\n\t<meta property=\"og:image:width\" content=\"1550\" \/>\n\t<meta property=\"og:image:height\" content=\"1200\" \/>\n\t<meta property=\"og:image:type\" content=\"image\/jpeg\" \/>\n<meta name=\"twitter:card\" content=\"summary_large_image\" \/>\n<script type=\"application\/ld+json\" class=\"yoast-schema-graph\">{\"@context\":\"https:\/\/schema.org\",\"@graph\":[{\"@type\":\"WebPage\",\"@id\":\"https:\/\/old.holyland-olivewood.com\/de\/produkt\/orthodox-olivholz-kruzifix-mit-elementen-35-cm-13-75-cr158\/\",\"url\":\"https:\/\/old.holyland-olivewood.com\/de\/produkt\/orthodox-olivholz-kruzifix-mit-elementen-35-cm-13-75-cr158\/\",\"name\":\"Orthodoxes Kruzifix aus Olivenholz mit Elementen (39 cm \/ 15.25'') #CR158 - Holy Land Olive Wood - Bethlehem Olive Wood Factory\",\"isPartOf\":{\"@id\":\"https:\/\/old.holyland-olivewood.com\/de\/#website\"},\"primaryImageOfPage\":{\"@id\":\"https:\/\/old.holyland-olivewood.com\/de\/produkt\/orthodox-olivholz-kruzifix-mit-elementen-35-cm-13-75-cr158\/#primaryimage\"},\"image\":{\"@id\":\"https:\/\/old.holyland-olivewood.com\/de\/produkt\/orthodox-olivholz-kruzifix-mit-elementen-35-cm-13-75-cr158\/#primaryimage\"},\"thumbnailUrl\":\"https:\/\/old.holyland-olivewood.com\/wp-content\/uploads\/2021\/11\/crucifix_crucifixes_holy_land_olive_wood_bethlehem_cr158-4.jpg\",\"datePublished\":\"2022-02-06T10:52:26+00:00\",\"description\":\"Bethlehem Olivenholz Kunsthandwerk (z. B. Rosenkr\u00e4nze, Jerusalem, Kreuze, Kruzifixe, Perlen) Stiftrohlinge, Bl\u00f6cke und Rohmaterial in Standard- und Sonderabmessungen\",\"breadcrumb\":{\"@id\":\"https:\/\/old.holyland-olivewood.com\/de\/produkt\/orthodox-olivholz-kruzifix-mit-elementen-35-cm-13-75-cr158\/#breadcrumb\"},\"inLanguage\":\"de\",\"potentialAction\":[{\"@type\":\"ReadAction\",\"target\":[\"https:\/\/old.holyland-olivewood.com\/de\/produkt\/orthodox-olivholz-kruzifix-mit-elementen-35-cm-13-75-cr158\/\"]}]},{\"@type\":\"ImageObject\",\"inLanguage\":\"de\",\"@id\":\"https:\/\/old.holyland-olivewood.com\/de\/produkt\/orthodox-olivholz-kruzifix-mit-elementen-35-cm-13-75-cr158\/#primaryimage\",\"url\":\"https:\/\/old.holyland-olivewood.com\/wp-content\/uploads\/2021\/11\/crucifix_crucifixes_holy_land_olive_wood_bethlehem_cr158-4.jpg\",\"contentUrl\":\"https:\/\/old.holyland-olivewood.com\/wp-content\/uploads\/2021\/11\/crucifix_crucifixes_holy_land_olive_wood_bethlehem_cr158-4.jpg\",\"width\":1550,\"height\":1200},{\"@type\":\"BreadcrumbList\",\"@id\":\"https:\/\/old.holyland-olivewood.com\/de\/produkt\/orthodox-olivholz-kruzifix-mit-elementen-35-cm-13-75-cr158\/#breadcrumb\",\"itemListElement\":[{\"@type\":\"ListItem\",\"position\":1,\"name\":\"Home\",\"item\":\"https:\/\/old.holyland-olivewood.com\/de\/\"},{\"@type\":\"ListItem\",\"position\":2,\"name\":\"Shop\",\"item\":\"https:\/\/old.holyland-olivewood.com\/de\/shop\/\"},{\"@type\":\"ListItem\",\"position\":3,\"name\":\"Orthodoxes Kruzifix aus Olivenholz mit Elementen (39 cm \/ 15.25&#8221;) #CR158\"}]},{\"@type\":\"WebSite\",\"@id\":\"https:\/\/old.holyland-olivewood.com\/de\/#website\",\"url\":\"https:\/\/old.holyland-olivewood.com\/de\/\",\"name\":\"Holy Land Olive Wood - Bethlehem Olive Wood Factory\",\"description\":\"Holy Land Olivewood Bethlehem\",\"publisher\":{\"@id\":\"https:\/\/old.holyland-olivewood.com\/de\/#organization\"},\"potentialAction\":[{\"@type\":\"SearchAction\",\"target\":{\"@type\":\"EntryPoint\",\"urlTemplate\":\"https:\/\/old.holyland-olivewood.com\/de\/?s={search_term_string}\"},\"query-input\":{\"@type\":\"PropertyValueSpecification\",\"valueRequired\":true,\"valueName\":\"search_term_string\"}}],\"inLanguage\":\"de\"},{\"@type\":\"Organization\",\"@id\":\"https:\/\/old.holyland-olivewood.com\/de\/#organization\",\"name\":\"Holy Land Olivewood\",\"url\":\"https:\/\/old.holyland-olivewood.com\/de\/\",\"logo\":{\"@type\":\"ImageObject\",\"inLanguage\":\"de\",\"@id\":\"https:\/\/old.holyland-olivewood.com\/de\/#\/schema\/logo\/image\/\",\"url\":\"\",\"contentUrl\":\"\",\"caption\":\"Holy Land Olivewood\"},\"image\":{\"@id\":\"https:\/\/old.holyland-olivewood.com\/de\/#\/schema\/logo\/image\/\"},\"sameAs\":[\"https:\/\/www.facebook.com\/holylandolivewood.bethlehem\/\",\"http:\/\/instagram.com\/holy.land.olive.wood\"]}]}<\/script>\n<!-- \/ Yoast SEO plugin. -->","yoast_head_json":{"title":"Orthodoxes Kruzifix aus Olivenholz mit Elementen (39 cm \/ 15.25'') #CR158 - Holy Land Olive Wood - Bethlehem Olive Wood Factory","description":"Bethlehem Olivenholz Kunsthandwerk (z. B. Rosenkr\u00e4nze, Jerusalem, Kreuze, Kruzifixe, Perlen) Stiftrohlinge, Bl\u00f6cke und Rohmaterial in Standard- und Sonderabmessungen","robots":{"index":"index","follow":"follow","max-snippet":"max-snippet:-1","max-image-preview":"max-image-preview:large","max-video-preview":"max-video-preview:-1"},"canonical":"https:\/\/old.holyland-olivewood.com\/de\/produkt\/orthodox-olivholz-kruzifix-mit-elementen-35-cm-13-75-cr158\/","og_locale":"de_DE","og_type":"article","og_title":"Orthodoxes Kruzifix aus Olivenholz mit Elementen (39 cm \/ 15.25'') #CR158 - Holy Land Olive Wood - Bethlehem Olive Wood Factory","og_description":"Bethlehem Olivenholz Kunsthandwerk (z. B. Rosenkr\u00e4nze, Jerusalem, Kreuze, Kruzifixe, Perlen) Stiftrohlinge, Bl\u00f6cke und Rohmaterial in Standard- und Sonderabmessungen","og_url":"https:\/\/old.holyland-olivewood.com\/de\/produkt\/orthodox-olivholz-kruzifix-mit-elementen-35-cm-13-75-cr158\/","og_site_name":"Holy Land Olive Wood - Bethlehem Olive Wood Factory","article_publisher":"https:\/\/www.facebook.com\/holylandolivewood.bethlehem\/","og_image":[{"width":1550,"height":1200,"url":"https:\/\/old.holyland-olivewood.com\/wp-content\/uploads\/2021\/11\/crucifix_crucifixes_holy_land_olive_wood_bethlehem_cr158-4.jpg","type":"image\/jpeg"}],"twitter_card":"summary_large_image","schema":{"@context":"https:\/\/schema.org","@graph":[{"@type":"WebPage","@id":"https:\/\/old.holyland-olivewood.com\/de\/produkt\/orthodox-olivholz-kruzifix-mit-elementen-35-cm-13-75-cr158\/","url":"https:\/\/old.holyland-olivewood.com\/de\/produkt\/orthodox-olivholz-kruzifix-mit-elementen-35-cm-13-75-cr158\/","name":"Orthodoxes Kruzifix aus Olivenholz mit Elementen (39 cm \/ 15.25'') #CR158 - Holy Land Olive Wood - Bethlehem Olive Wood Factory","isPartOf":{"@id":"https:\/\/old.holyland-olivewood.com\/de\/#website"},"primaryImageOfPage":{"@id":"https:\/\/old.holyland-olivewood.com\/de\/produkt\/orthodox-olivholz-kruzifix-mit-elementen-35-cm-13-75-cr158\/#primaryimage"},"image":{"@id":"https:\/\/old.holyland-olivewood.com\/de\/produkt\/orthodox-olivholz-kruzifix-mit-elementen-35-cm-13-75-cr158\/#primaryimage"},"thumbnailUrl":"https:\/\/old.holyland-olivewood.com\/wp-content\/uploads\/2021\/11\/crucifix_crucifixes_holy_land_olive_wood_bethlehem_cr158-4.jpg","datePublished":"2022-02-06T10:52:26+00:00","description":"Bethlehem Olivenholz Kunsthandwerk (z. B. Rosenkr\u00e4nze, Jerusalem, Kreuze, Kruzifixe, Perlen) Stiftrohlinge, Bl\u00f6cke und Rohmaterial in Standard- und Sonderabmessungen","breadcrumb":{"@id":"https:\/\/old.holyland-olivewood.com\/de\/produkt\/orthodox-olivholz-kruzifix-mit-elementen-35-cm-13-75-cr158\/#breadcrumb"},"inLanguage":"de","potentialAction":[{"@type":"ReadAction","target":["https:\/\/old.holyland-olivewood.com\/de\/produkt\/orthodox-olivholz-kruzifix-mit-elementen-35-cm-13-75-cr158\/"]}]},{"@type":"ImageObject","inLanguage":"de","@id":"https:\/\/old.holyland-olivewood.com\/de\/produkt\/orthodox-olivholz-kruzifix-mit-elementen-35-cm-13-75-cr158\/#primaryimage","url":"https:\/\/old.holyland-olivewood.com\/wp-content\/uploads\/2021\/11\/crucifix_crucifixes_holy_land_olive_wood_bethlehem_cr158-4.jpg","contentUrl":"https:\/\/old.holyland-olivewood.com\/wp-content\/uploads\/2021\/11\/crucifix_crucifixes_holy_land_olive_wood_bethlehem_cr158-4.jpg","width":1550,"height":1200},{"@type":"BreadcrumbList","@id":"https:\/\/old.holyland-olivewood.com\/de\/produkt\/orthodox-olivholz-kruzifix-mit-elementen-35-cm-13-75-cr158\/#breadcrumb","itemListElement":[{"@type":"ListItem","position":1,"name":"Home","item":"https:\/\/old.holyland-olivewood.com\/de\/"},{"@type":"ListItem","position":2,"name":"Shop","item":"https:\/\/old.holyland-olivewood.com\/de\/shop\/"},{"@type":"ListItem","position":3,"name":"Orthodoxes Kruzifix aus Olivenholz mit Elementen (39 cm \/ 15.25&#8221;) #CR158"}]},{"@type":"WebSite","@id":"https:\/\/old.holyland-olivewood.com\/de\/#website","url":"https:\/\/old.holyland-olivewood.com\/de\/","name":"Holy Land Olive Wood - Bethlehem Olive Wood Factory","description":"Holy Land Olivewood Bethlehem","publisher":{"@id":"https:\/\/old.holyland-olivewood.com\/de\/#organization"},"potentialAction":[{"@type":"SearchAction","target":{"@type":"EntryPoint","urlTemplate":"https:\/\/old.holyland-olivewood.com\/de\/?s={search_term_string}"},"query-input":{"@type":"PropertyValueSpecification","valueRequired":true,"valueName":"search_term_string"}}],"inLanguage":"de"},{"@type":"Organization","@id":"https:\/\/old.holyland-olivewood.com\/de\/#organization","name":"Holy Land Olivewood","url":"https:\/\/old.holyland-olivewood.com\/de\/","logo":{"@type":"ImageObject","inLanguage":"de","@id":"https:\/\/old.holyland-olivewood.com\/de\/#\/schema\/logo\/image\/","url":"","contentUrl":"","caption":"Holy Land Olivewood"},"image":{"@id":"https:\/\/old.holyland-olivewood.com\/de\/#\/schema\/logo\/image\/"},"sameAs":["https:\/\/www.facebook.com\/holylandolivewood.bethlehem\/","http:\/\/instagram.com\/holy.land.olive.wood"]}]}},"_links":{"self":[{"href":"https:\/\/old.holyland-olivewood.com\/de\/wp-json\/wp\/v2\/product\/40238","targetHints":{"allow":["GET"]}}],"collection":[{"href":"https:\/\/old.holyland-olivewood.com\/de\/wp-json\/wp\/v2\/product"}],"about":[{"href":"https:\/\/old.holyland-olivewood.com\/de\/wp-json\/wp\/v2\/types\/product"}],"wp:featuredmedia":[{"embeddable":true,"href":"https:\/\/old.holyland-olivewood.com\/de\/wp-json\/wp\/v2\/media\/39121"}],"wp:attachment":[{"href":"https:\/\/old.holyland-olivewood.com\/de\/wp-json\/wp\/v2\/media?parent=40238"}],"wp:term":[{"taxonomy":"product_brand","embeddable":true,"href":"https:\/\/old.holyland-olivewood.com\/de\/wp-json\/wp\/v2\/product_brand?post=40238"},{"taxonomy":"product_cat","embeddable":true,"href":"https:\/\/old.holyland-olivewood.com\/de\/wp-json\/wp\/v2\/product_cat?post=40238"},{"taxonomy":"product_tag","embeddable":true,"href":"https:\/\/old.holyland-olivewood.com\/de\/wp-json\/wp\/v2\/product_tag?post=40238"}],"curies":[{"name":"wp","href":"https:\/\/api.w.org\/{rel}","templated":true}]}}