{"id":56088,"date":"2024-10-17T08:24:09","date_gmt":"2024-10-18T13:54:31","guid":{"rendered":"https:\/\/old.holyland-olivewood.com\/product\/oliven-trae-holder-kors-med-hjerte-65-cm-25-cr176\/"},"modified":"2024-10-18T13:54:31","modified_gmt":"2024-10-18T13:54:31","slug":"oliven-trae-holder-kors-med-hjerte-65-cm-25-cr176","status":"publish","type":"product","link":"https:\/\/old.holyland-olivewood.com\/da\/vare\/oliven-trae-holder-kors-med-hjerte-65-cm-25-cr176\/","title":{"rendered":"Oliven tr\u00e6 holder kors med hjerte (6,5 CM \/ 2,5&#8221;) #CR176"},"content":{"rendered":"","protected":false},"excerpt":{"rendered":"<p>Dette smukt h\u00e5ndsk\u00e5rne kors i oliventr\u00e6 har et fint udsk\u00e5ret hjerte i midten, der symboliserer k\u00e6rlighed og tro. Korset er fremstillet af autentisk oliventr\u00e6 fra Betlehem og er designet til at blive holdt i h\u00e5nden, hvilket giver tr\u00f8st under b\u00f8n, meditation eller \u00f8jeblikke med refleksion. Det er ogs\u00e5 en meningsfuld gave til dine k\u00e6re.  <\/p>\n<p>Denne vare indeholder et \u00e6gthedscertifikat, der bekr\u00e6fter de materialer og teknikker, der er brugt til at fremstille dette produkt.<\/p>\n<p>St\u00f8rrelse: 6,5 cm (2,5&#8243;)<\/p>\n","protected":false},"featured_media":56092,"template":"","meta":[],"product_brand":[],"product_cat":[740,739],"product_tag":[741,4109,4108,4192,760,761,758,4107],"class_list":{"0":"post-56088","1":"product","2":"type-product","3":"status-publish","4":"has-post-thumbnail","6":"product_cat-kunsthandvaerk","7":"product_cat-kors-og-krucifikser","8":"product_tag-betlehem","9":"product_tag-comfort-cross-da","10":"product_tag-holder-kors","11":"product_tag-holder-kors-med-hjerte-da","12":"product_tag-kors","13":"product_tag-krucifiks","14":"product_tag-kunsthandvaerk","15":"product_tag-oliventrae-da","17":"first","18":"instock","19":"shipping-taxable","20":"purchasable","21":"product-type-simple"},"yoast_head":"<!-- This site is optimized with the Yoast SEO plugin v24.8.1 - https:\/\/yoast.com\/wordpress\/plugins\/seo\/ -->\n<title>Oliven tr\u00e6 holder kors med hjerte (6,5 CM \/ 2,5&#039;&#039;) #CR176 - Holy Land Olive Wood - Bethlehem Olive Wood Factory<\/title>\n<meta name=\"description\" content=\"H\u00e5ndsk\u00e5ret holdekors af oliventr\u00e6 med &#039;hjerte&#039;-design. Fremstillet i Betlehem, perfekt til b\u00f8n eller som en meningsfuld gave. (6,5 cm \/ 2,5&quot;)\" \/>\n<meta name=\"robots\" content=\"index, follow, max-snippet:-1, max-image-preview:large, max-video-preview:-1\" \/>\n<link rel=\"canonical\" href=\"https:\/\/old.holyland-olivewood.com\/da\/vare\/oliven-trae-holder-kors-med-hjerte-65-cm-25-cr176\/\" \/>\n<meta property=\"og:locale\" content=\"da_DK\" \/>\n<meta property=\"og:type\" content=\"article\" \/>\n<meta property=\"og:title\" content=\"Oliven tr\u00e6 holder kors med hjerte (6,5 CM \/ 2,5&#039;&#039;) #CR176 - Holy Land Olive Wood - Bethlehem Olive Wood Factory\" \/>\n<meta property=\"og:description\" content=\"H\u00e5ndsk\u00e5ret holdekors af oliventr\u00e6 med &#039;hjerte&#039;-design. Fremstillet i Betlehem, perfekt til b\u00f8n eller som en meningsfuld gave. (6,5 cm \/ 2,5&quot;)\" \/>\n<meta property=\"og:url\" content=\"https:\/\/old.holyland-olivewood.com\/da\/vare\/oliven-trae-holder-kors-med-hjerte-65-cm-25-cr176\/\" \/>\n<meta property=\"og:site_name\" content=\"Holy Land Olive Wood - Bethlehem Olive Wood Factory\" \/>\n<meta property=\"article:publisher\" content=\"https:\/\/www.facebook.com\/holylandolivewood.bethlehem\/\" \/>\n<meta property=\"og:image\" content=\"https:\/\/old.holyland-olivewood.com\/wp-content\/uploads\/2024\/10\/olive-wood-comfort-holding-cross-bethlehem-cr176-1.jpg\" \/>\n\t<meta property=\"og:image:width\" content=\"1550\" \/>\n\t<meta property=\"og:image:height\" content=\"1200\" \/>\n\t<meta property=\"og:image:type\" content=\"image\/jpeg\" \/>\n<meta name=\"twitter:card\" content=\"summary_large_image\" \/>\n<script type=\"application\/ld+json\" class=\"yoast-schema-graph\">{\"@context\":\"https:\/\/schema.org\",\"@graph\":[{\"@type\":\"WebPage\",\"@id\":\"https:\/\/old.holyland-olivewood.com\/da\/vare\/oliven-trae-holder-kors-med-hjerte-65-cm-25-cr176\/\",\"url\":\"https:\/\/old.holyland-olivewood.com\/da\/vare\/oliven-trae-holder-kors-med-hjerte-65-cm-25-cr176\/\",\"name\":\"Oliven tr\u00e6 holder kors med hjerte (6,5 CM \/ 2,5'') #CR176 - Holy Land Olive Wood - Bethlehem Olive Wood Factory\",\"isPartOf\":{\"@id\":\"https:\/\/old.holyland-olivewood.com\/da\/#website\"},\"primaryImageOfPage\":{\"@id\":\"https:\/\/old.holyland-olivewood.com\/da\/vare\/oliven-trae-holder-kors-med-hjerte-65-cm-25-cr176\/#primaryimage\"},\"image\":{\"@id\":\"https:\/\/old.holyland-olivewood.com\/da\/vare\/oliven-trae-holder-kors-med-hjerte-65-cm-25-cr176\/#primaryimage\"},\"thumbnailUrl\":\"https:\/\/old.holyland-olivewood.com\/wp-content\/uploads\/2024\/10\/olive-wood-comfort-holding-cross-bethlehem-cr176-1.jpg\",\"datePublished\":\"2024-10-18T13:54:31+00:00\",\"description\":\"H\u00e5ndsk\u00e5ret holdekors af oliventr\u00e6 med 'hjerte'-design. Fremstillet i Betlehem, perfekt til b\u00f8n eller som en meningsfuld gave. (6,5 cm \/ 2,5\\\")\",\"breadcrumb\":{\"@id\":\"https:\/\/old.holyland-olivewood.com\/da\/vare\/oliven-trae-holder-kors-med-hjerte-65-cm-25-cr176\/#breadcrumb\"},\"inLanguage\":\"da-DK\",\"potentialAction\":[{\"@type\":\"ReadAction\",\"target\":[\"https:\/\/old.holyland-olivewood.com\/da\/vare\/oliven-trae-holder-kors-med-hjerte-65-cm-25-cr176\/\"]}]},{\"@type\":\"ImageObject\",\"inLanguage\":\"da-DK\",\"@id\":\"https:\/\/old.holyland-olivewood.com\/da\/vare\/oliven-trae-holder-kors-med-hjerte-65-cm-25-cr176\/#primaryimage\",\"url\":\"https:\/\/old.holyland-olivewood.com\/wp-content\/uploads\/2024\/10\/olive-wood-comfort-holding-cross-bethlehem-cr176-1.jpg\",\"contentUrl\":\"https:\/\/old.holyland-olivewood.com\/wp-content\/uploads\/2024\/10\/olive-wood-comfort-holding-cross-bethlehem-cr176-1.jpg\",\"width\":1550,\"height\":1200},{\"@type\":\"BreadcrumbList\",\"@id\":\"https:\/\/old.holyland-olivewood.com\/da\/vare\/oliven-trae-holder-kors-med-hjerte-65-cm-25-cr176\/#breadcrumb\",\"itemListElement\":[{\"@type\":\"ListItem\",\"position\":1,\"name\":\"Home\",\"item\":\"https:\/\/old.holyland-olivewood.com\/da\/\"},{\"@type\":\"ListItem\",\"position\":2,\"name\":\"Shop\",\"item\":\"https:\/\/old.holyland-olivewood.com\/da\/shop\/\"},{\"@type\":\"ListItem\",\"position\":3,\"name\":\"Oliven tr\u00e6 holder kors med hjerte (6,5 CM \/ 2,5&#8221;) #CR176\"}]},{\"@type\":\"WebSite\",\"@id\":\"https:\/\/old.holyland-olivewood.com\/da\/#website\",\"url\":\"https:\/\/old.holyland-olivewood.com\/da\/\",\"name\":\"Holy Land Olive Wood - Bethlehem Olive Wood Factory\",\"description\":\"Holy Land Olivewood Bethlehem\",\"publisher\":{\"@id\":\"https:\/\/old.holyland-olivewood.com\/da\/#organization\"},\"potentialAction\":[{\"@type\":\"SearchAction\",\"target\":{\"@type\":\"EntryPoint\",\"urlTemplate\":\"https:\/\/old.holyland-olivewood.com\/da\/?s={search_term_string}\"},\"query-input\":{\"@type\":\"PropertyValueSpecification\",\"valueRequired\":true,\"valueName\":\"search_term_string\"}}],\"inLanguage\":\"da-DK\"},{\"@type\":\"Organization\",\"@id\":\"https:\/\/old.holyland-olivewood.com\/da\/#organization\",\"name\":\"Holy Land Olivewood\",\"url\":\"https:\/\/old.holyland-olivewood.com\/da\/\",\"logo\":{\"@type\":\"ImageObject\",\"inLanguage\":\"da-DK\",\"@id\":\"https:\/\/old.holyland-olivewood.com\/da\/#\/schema\/logo\/image\/\",\"url\":\"\",\"contentUrl\":\"\",\"caption\":\"Holy Land Olivewood\"},\"image\":{\"@id\":\"https:\/\/old.holyland-olivewood.com\/da\/#\/schema\/logo\/image\/\"},\"sameAs\":[\"https:\/\/www.facebook.com\/holylandolivewood.bethlehem\/\",\"http:\/\/instagram.com\/holy.land.olive.wood\"]}]}<\/script>\n<!-- \/ Yoast SEO plugin. -->","yoast_head_json":{"title":"Oliven tr\u00e6 holder kors med hjerte (6,5 CM \/ 2,5'') #CR176 - Holy Land Olive Wood - Bethlehem Olive Wood Factory","description":"H\u00e5ndsk\u00e5ret holdekors af oliventr\u00e6 med 'hjerte'-design. Fremstillet i Betlehem, perfekt til b\u00f8n eller som en meningsfuld gave. (6,5 cm \/ 2,5\")","robots":{"index":"index","follow":"follow","max-snippet":"max-snippet:-1","max-image-preview":"max-image-preview:large","max-video-preview":"max-video-preview:-1"},"canonical":"https:\/\/old.holyland-olivewood.com\/da\/vare\/oliven-trae-holder-kors-med-hjerte-65-cm-25-cr176\/","og_locale":"da_DK","og_type":"article","og_title":"Oliven tr\u00e6 holder kors med hjerte (6,5 CM \/ 2,5'') #CR176 - Holy Land Olive Wood - Bethlehem Olive Wood Factory","og_description":"H\u00e5ndsk\u00e5ret holdekors af oliventr\u00e6 med 'hjerte'-design. Fremstillet i Betlehem, perfekt til b\u00f8n eller som en meningsfuld gave. (6,5 cm \/ 2,5\")","og_url":"https:\/\/old.holyland-olivewood.com\/da\/vare\/oliven-trae-holder-kors-med-hjerte-65-cm-25-cr176\/","og_site_name":"Holy Land Olive Wood - Bethlehem Olive Wood Factory","article_publisher":"https:\/\/www.facebook.com\/holylandolivewood.bethlehem\/","og_image":[{"width":1550,"height":1200,"url":"https:\/\/old.holyland-olivewood.com\/wp-content\/uploads\/2024\/10\/olive-wood-comfort-holding-cross-bethlehem-cr176-1.jpg","type":"image\/jpeg"}],"twitter_card":"summary_large_image","schema":{"@context":"https:\/\/schema.org","@graph":[{"@type":"WebPage","@id":"https:\/\/old.holyland-olivewood.com\/da\/vare\/oliven-trae-holder-kors-med-hjerte-65-cm-25-cr176\/","url":"https:\/\/old.holyland-olivewood.com\/da\/vare\/oliven-trae-holder-kors-med-hjerte-65-cm-25-cr176\/","name":"Oliven tr\u00e6 holder kors med hjerte (6,5 CM \/ 2,5'') #CR176 - Holy Land Olive Wood - Bethlehem Olive Wood Factory","isPartOf":{"@id":"https:\/\/old.holyland-olivewood.com\/da\/#website"},"primaryImageOfPage":{"@id":"https:\/\/old.holyland-olivewood.com\/da\/vare\/oliven-trae-holder-kors-med-hjerte-65-cm-25-cr176\/#primaryimage"},"image":{"@id":"https:\/\/old.holyland-olivewood.com\/da\/vare\/oliven-trae-holder-kors-med-hjerte-65-cm-25-cr176\/#primaryimage"},"thumbnailUrl":"https:\/\/old.holyland-olivewood.com\/wp-content\/uploads\/2024\/10\/olive-wood-comfort-holding-cross-bethlehem-cr176-1.jpg","datePublished":"2024-10-18T13:54:31+00:00","description":"H\u00e5ndsk\u00e5ret holdekors af oliventr\u00e6 med 'hjerte'-design. Fremstillet i Betlehem, perfekt til b\u00f8n eller som en meningsfuld gave. (6,5 cm \/ 2,5\")","breadcrumb":{"@id":"https:\/\/old.holyland-olivewood.com\/da\/vare\/oliven-trae-holder-kors-med-hjerte-65-cm-25-cr176\/#breadcrumb"},"inLanguage":"da-DK","potentialAction":[{"@type":"ReadAction","target":["https:\/\/old.holyland-olivewood.com\/da\/vare\/oliven-trae-holder-kors-med-hjerte-65-cm-25-cr176\/"]}]},{"@type":"ImageObject","inLanguage":"da-DK","@id":"https:\/\/old.holyland-olivewood.com\/da\/vare\/oliven-trae-holder-kors-med-hjerte-65-cm-25-cr176\/#primaryimage","url":"https:\/\/old.holyland-olivewood.com\/wp-content\/uploads\/2024\/10\/olive-wood-comfort-holding-cross-bethlehem-cr176-1.jpg","contentUrl":"https:\/\/old.holyland-olivewood.com\/wp-content\/uploads\/2024\/10\/olive-wood-comfort-holding-cross-bethlehem-cr176-1.jpg","width":1550,"height":1200},{"@type":"BreadcrumbList","@id":"https:\/\/old.holyland-olivewood.com\/da\/vare\/oliven-trae-holder-kors-med-hjerte-65-cm-25-cr176\/#breadcrumb","itemListElement":[{"@type":"ListItem","position":1,"name":"Home","item":"https:\/\/old.holyland-olivewood.com\/da\/"},{"@type":"ListItem","position":2,"name":"Shop","item":"https:\/\/old.holyland-olivewood.com\/da\/shop\/"},{"@type":"ListItem","position":3,"name":"Oliven tr\u00e6 holder kors med hjerte (6,5 CM \/ 2,5&#8221;) #CR176"}]},{"@type":"WebSite","@id":"https:\/\/old.holyland-olivewood.com\/da\/#website","url":"https:\/\/old.holyland-olivewood.com\/da\/","name":"Holy Land Olive Wood - Bethlehem Olive Wood Factory","description":"Holy Land Olivewood Bethlehem","publisher":{"@id":"https:\/\/old.holyland-olivewood.com\/da\/#organization"},"potentialAction":[{"@type":"SearchAction","target":{"@type":"EntryPoint","urlTemplate":"https:\/\/old.holyland-olivewood.com\/da\/?s={search_term_string}"},"query-input":{"@type":"PropertyValueSpecification","valueRequired":true,"valueName":"search_term_string"}}],"inLanguage":"da-DK"},{"@type":"Organization","@id":"https:\/\/old.holyland-olivewood.com\/da\/#organization","name":"Holy Land Olivewood","url":"https:\/\/old.holyland-olivewood.com\/da\/","logo":{"@type":"ImageObject","inLanguage":"da-DK","@id":"https:\/\/old.holyland-olivewood.com\/da\/#\/schema\/logo\/image\/","url":"","contentUrl":"","caption":"Holy Land Olivewood"},"image":{"@id":"https:\/\/old.holyland-olivewood.com\/da\/#\/schema\/logo\/image\/"},"sameAs":["https:\/\/www.facebook.com\/holylandolivewood.bethlehem\/","http:\/\/instagram.com\/holy.land.olive.wood"]}]}},"_links":{"self":[{"href":"https:\/\/old.holyland-olivewood.com\/da\/wp-json\/wp\/v2\/product\/56088","targetHints":{"allow":["GET"]}}],"collection":[{"href":"https:\/\/old.holyland-olivewood.com\/da\/wp-json\/wp\/v2\/product"}],"about":[{"href":"https:\/\/old.holyland-olivewood.com\/da\/wp-json\/wp\/v2\/types\/product"}],"wp:featuredmedia":[{"embeddable":true,"href":"https:\/\/old.holyland-olivewood.com\/da\/wp-json\/wp\/v2\/media\/56092"}],"wp:attachment":[{"href":"https:\/\/old.holyland-olivewood.com\/da\/wp-json\/wp\/v2\/media?parent=56088"}],"wp:term":[{"taxonomy":"product_brand","embeddable":true,"href":"https:\/\/old.holyland-olivewood.com\/da\/wp-json\/wp\/v2\/product_brand?post=56088"},{"taxonomy":"product_cat","embeddable":true,"href":"https:\/\/old.holyland-olivewood.com\/da\/wp-json\/wp\/v2\/product_cat?post=56088"},{"taxonomy":"product_tag","embeddable":true,"href":"https:\/\/old.holyland-olivewood.com\/da\/wp-json\/wp\/v2\/product_tag?post=56088"}],"curies":[{"name":"wp","href":"https:\/\/api.w.org\/{rel}","templated":true}]}}